{"id":18385,"date":"2023-08-22T00:00:00","date_gmt":"2023-08-22T00:00:00","guid":{"rendered":"https:\/\/www.espamob.com\/?page_id=18385"},"modified":"2024-02-01T09:38:54","modified_gmt":"2024-02-01T09:38:54","slug":"stage-erasmus-mecanicien","status":"publish","type":"page","link":"https:\/\/espamob.com\/fr\/secteur-stage-entreprise-erasmusplus\/agriculture-horticulture\/stage-erasmus-mecanicien\/","title":{"rendered":"Stage Erasmus : M\u00e9canicien"},"content":{"rendered":"<div class=\"wpb-content-wrapper\"><p>[vc_row css=\u00a0\u00bb.vc_custom_1705948376313{margin-top: -20px !important;margin-bottom: 40px !important;background-image: url(https:\/\/espamob.com\/wp-content\/uploads\/2024\/01\/Mecanico-de-equipos-de-parques-y-jardines.webp?id=22905) !important;}\u00a0\u00bb conditional_render=\u00a0\u00bb%5B%7B%22value_role%22%3A%22administrator%22%7D%5D\u00a0\u00bb][vc_column css=\u00a0\u00bb.vc_custom_1687965657482{padding-top: 30px !important;}\u00a0\u00bb conditional_render=\u00a0\u00bb%5B%7B%22value_role%22%3A%22administrator%22%7D%5D\u00a0\u00bb][vc_empty_space height=\u00a0\u00bb170&Prime;][vc_custom_heading text=\u00a0\u00bbStage Erasmus : M\u00e9canicien Agricole\u00a0\u00bb font_container=\u00a0\u00bbtag:h1|font_size:27|text_align:center|color:%23ffffff\u00a0\u00bb use_theme_fonts=\u00a0\u00bbyes\u00a0\u00bb css=\u00a0\u00bb.vc_custom_1706780223875{margin-bottom: 15px !important;background-color: rgba(136,136,136,0.29) !important;*background-color: rgb(136,136,136) !important;}\u00a0\u00bb animation_type=\u00a0\u00bbzoomIn\u00a0\u00bb][vc_empty_space height=\u00a0\u00bb40&Prime;][\/vc_column][\/vc_row][vc_row wrap_container=\u00a0\u00bbyes\u00a0\u00bb text_align=\u00a0\u00bbjustify\u00a0\u00bb][vc_column text_align=\u00a0\u00bbjustify\u00a0\u00bb][vc_column_text]<\/p>\n<nav aria-label=\"breadcrumb\">\n<ol class=\"breadcrumb\">\n<li class=\"breadcrumb-item\"><a href=\"https:\/\/espamob.com\/\">Home<\/a><\/li>\n<li class=\"breadcrumb-item\"><a href=\"https:\/\/espamob.com\/fr\/secteur-stage-entreprise-erasmusplus\/\">Secteurs de stages<\/a><\/li>\n<li class=\"breadcrumb-item\"><a href=\"https:\/\/espamob.com\/fr\/secteur-stage-entreprise-erasmusplus\/agriculture-horticulture\/\">Agriculture horticulture<\/a><\/li>\n<li class=\"breadcrumb-item active\" aria-current=\"page\">Stage Erasmus : M\u00e9canicien<\/li>\n<\/ol>\n<\/nav>\n<p>[\/vc_column_text][vc_custom_heading text=\u00a0\u00bbLe choix de l&rsquo;\u00e9vasion et de la formation avec un stage Erasmus M\u00e9canicien\u00a0\u00bb use_theme_fonts=\u00a0\u00bbyes\u00a0\u00bb css=\u00a0\u00bb.vc_custom_1687363443929{margin-top: 20px !important;}\u00a0\u00bb][vc_separator][vc_row_inner][vc_column_inner width=\u00a0\u00bb7\/12&Prime;][vc_column_text]<\/p>\n<p>Dans le milieu comp\u00e9titif du secteur agricole, il est essentiel de disposer des meilleures comp\u00e9tences pour r\u00e9ussir sa carri\u00e8re. Pour acqu\u00e9rir ces comp\u00e9tences et se d\u00e9marquer des autres candidats, participer \u00e0 un programme de stage Erasmus en tant que m\u00e9canicien offre une opportunit\u00e9 unique de d\u00e9velopper son expertise tout en vivant une exp\u00e9rience culturelle inoubliable.<\/p>\n<h2>Qu&rsquo;est-ce qu&rsquo;un stage Erasmus M\u00e9canicien ?<\/h2>\n<p>La m\u00e9canique agricole est un secteur qui requiert de nombreuses comp\u00e9tences techniques et pratiques. Un stage Erasmus M\u00e9canicien consiste en un programme d&rsquo;\u00e9change europ\u00e9en o\u00f9 les \u00e9tudiants en m\u00e9canique ont la possibilit\u00e9 de suivre une formation professionnelle dans un autre pays membre de l&rsquo;Union europ\u00e9enne. Ce type de stage permet de d\u00e9velopper ses connaissances dans le domaine de la m\u00e9canique tout en d\u00e9couvrant une nouvelle culture et en apprenant une nouvelle langue.<\/p>\n<h2>Les avantages d&rsquo;un stage Erasmus dans le secteur agricole<\/h2>\n<h3>Acqu\u00e9rir une exp\u00e9rience internationale<\/h3>\n<p>L&rsquo;un des principaux atouts du stage Erasmus M\u00e9canicien est la possibilit\u00e9 d&rsquo;acqu\u00e9rir une exp\u00e9rience professionnelle \u00e0 l&rsquo;international. En effet, travailler dans un environnement multiculturel et d\u00e9couvrir de nouvelles m\u00e9thodes de travail peut \u00eatre tr\u00e8s enrichissant pour un jeune professionnel. De plus, cette exp\u00e9rience sera un v\u00e9ritable atout sur le CV lors de la recherche d&rsquo;un emploi dans le secteur agricole.<\/p>\n<h3>Am\u00e9liorer ses comp\u00e9tences linguistiques<\/h3>\n<p>La ma\u00eetrise d&rsquo;une ou plusieurs langues \u00e9trang\u00e8res est de plus en plus importante dans le monde professionnel actuel. Gr\u00e2ce au stage Erasmus M\u00e9canicien, les \u00e9tudiants ont l&rsquo;occasion de pratiquer quotidiennement une nouvelle langue et ainsi d&rsquo;am\u00e9liorer significativement leur niveau.<\/p>\n<h3>D\u00e9velopper son r\u00e9seau professionnel<\/h3>\n<p>Le stage Erasmus permet \u00e9galement de se cr\u00e9er un r\u00e9seau professionnel \u00e0 l&rsquo;\u00e9chelle internationale. En effet, les contacts nou\u00e9s lors de cette exp\u00e9rience peuvent s&rsquo;av\u00e9rer pr\u00e9cieux pour la recherche de futurs stages ou d&#8217;emplois dans le secteur agricole.<\/p>\n<h3>B\u00e9n\u00e9ficier d&rsquo;un soutien financier<\/h3>\n<p>Les stages Erasmus sont financ\u00e9s par des programmes tels que <strong>Erasmus+<\/strong> et <strong>Espamob&rsquo;<\/strong>. Ces derniers offrent aux \u00e9tudiants qui participent \u00e0 un stage de mobilit\u00e9 europ\u00e9enne une bourse pour couvrir les frais de d\u00e9placement, de logement et autres d\u00e9penses li\u00e9es \u00e0 la vie quotidienne dans le pays h\u00f4te.<\/p>\n<p>[\/vc_column_text][\/vc_column_inner][vc_column_inner width=\u00a0\u00bb1\/12&Prime;][\/vc_column_inner][vc_column_inner width=\u00a0\u00bb4\/12&Prime;][vc_single_image image=\u00a0\u00bb18243&Prime; img_size=\u00a0\u00bb400*400&Prime; alignment=\u00a0\u00bbright\u00a0\u00bb style=\u00a0\u00bbvc_box_rounded\u00a0\u00bb][vc_btn title=\u00a0\u00bbJe veux en savoir plus\u00a0\u00bb style=\u00a0\u00bbcustom\u00a0\u00bb custom_background=\u00a0\u00bb#e20000&Prime; custom_text=\u00a0\u00bb#ffffff\u00a0\u00bb align=\u00a0\u00bbcenter\u00a0\u00bb link=\u00a0\u00bburl:https%3A%2F%2Fespamob.com%2Ffr%2Fcontact%2F|title:FR%20Secteurs|target:_blank\u00a0\u00bb][\/vc_column_inner][\/vc_row_inner][vc_custom_heading text=\u00a0\u00bbComment trouver un stage Erasmus M\u00e9canicien ?\u00a0\u00bb font_container=\u00a0\u00bbtag:h3|text_align:left\u00a0\u00bb use_theme_fonts=\u00a0\u00bbyes\u00a0\u00bb css=\u00a0\u00bb.vc_custom_1689259044425{margin-top: 20px !important;}\u00a0\u00bb][vc_separator][vc_row_inner][vc_column_inner width=\u00a0\u00bb7\/12&Prime;][vc_column_text]<\/p>\n<p>Trouver un stage Erasmus n&rsquo;est pas toujours facile, mais il existe plusieurs ressources pour faciliter cette d\u00e9marche :<\/p>\n<ol>\n<li><strong>Le bureau des relations internationales de votre \u00e9cole<\/strong> : ce service est sp\u00e9cialement d\u00e9di\u00e9 \u00e0 aider les \u00e9tudiants \u00e0 trouver un stage \u00e0 l&rsquo;\u00e9tranger et peut vous mettre en relation avec des entreprises partenaires.<\/li>\n<li><strong>Les sites web sp\u00e9cialis\u00e9s<\/strong> : il existe de nombreux sites qui recensent les offres de stages Erasmus et autres programmes de mobilit\u00e9 europ\u00e9enne.<\/li>\n<li><strong>Les r\u00e9seaux sociaux professionnels<\/strong> : pensez \u00e0 utiliser des plateformes comme LinkedIn pour rechercher des entreprises dans le secteur agricole qui proposent des stages \u00e0 l&rsquo;\u00e9tranger.<\/li>\n<li><strong>Le bouche-\u00e0-oreille<\/strong> : n&rsquo;h\u00e9sitez pas \u00e0 discuter avec des camarades de classe, des enseignants ou d&rsquo;anciens \u00e9l\u00e8ves ayant d\u00e9j\u00e0 effectu\u00e9 un stage Erasmus pour obtenir des conseils et des contacts utiles.<\/li>\n<\/ol>\n<h2>Se pr\u00e9parer au stage Erasmus M\u00e9canicien<\/h2>\n<p>Une fois le stage trouv\u00e9, il est essentiel de bien se pr\u00e9parer pour en tirer le meilleur parti :<\/p>\n<ul>\n<li><strong>Renseignez-vous sur l&rsquo;entreprise et le pays h\u00f4te<\/strong> : il est important de conna\u00eetre l&rsquo;environnement professionnel dans lequel vous allez \u00e9voluer ainsi que la culture du pays o\u00f9 vous vous rendez.<\/li>\n<li><strong>Am\u00e9liorez vos comp\u00e9tences linguistiques<\/strong> : si vous ne ma\u00eetrisez pas encore parfaitement la langue du pays h\u00f4te, prenez quelques cours avant de partir afin de faciliter votre int\u00e9gration sur place.<\/li>\n<li><strong>Pr\u00e9parez vos documents administratifs<\/strong> : assurez-vous d&rsquo;avoir tous les documents requis pour voyager et travailler \u00e0 l&rsquo;\u00e9tranger (carte d&rsquo;identit\u00e9, passeport, visa, attestation d&rsquo;assurance maladie, etc.).<\/li>\n<li><strong>Organisez votre logement et votre vie quotidienne<\/strong> : recherchez un logement adapt\u00e9 \u00e0 vos besoins et \u00e0 votre budget, et informez-vous sur les transports en commun, les commerces et autres services utiles dans la ville o\u00f9 vous allez s\u00e9journer.<\/li>\n<\/ul>\n<p>En somme, un stage Erasmus M\u00e9canicien constitue une opportunit\u00e9 unique de d\u00e9velopper ses comp\u00e9tences professionnelles tout en vivant une exp\u00e9rience enrichissante sur le plan personnel. En \u00e9tant bien pr\u00e9par\u00e9 et motiv\u00e9, ce type de stage peut ouvrir de nombreuses portes dans le secteur agricole et contribuer grandement au succ\u00e8s de sa carri\u00e8re future.<\/p>\n<p>[\/vc_column_text][\/vc_column_inner][vc_column_inner width=\u00a0\u00bb1\/12&Prime;][\/vc_column_inner][vc_column_inner width=\u00a0\u00bb4\/12&Prime;][vc_raw_html]JTNDZGl2JTIwc3R5bGUlM0QlMjJwYWRkaW5nJTNBJTIwMzBweCUzQmJhY2tncm91bmQtY29sb3IlM0ElMjAlMjNGNEY0RjQlM0IlMjIlM0UlMEElMjAlMjAlMjAlMjAlM0NoNCUzRUQlQzMlQTljb3V2cmV6JTIwdG91cyUyMGxlcyUyMHNlY3RldXJzJTIwZGUlMjBzdGFnZXMlM0MlMkZoNCUzRSUwQSUyMCUyMCUyMCUyMCUzQ3AlM0VFc3BhbW9iJTIwZXN0JTIwc3AlQzMlQTljaWFsaXN0ZSUyMGRhbnMlMjBsJUUyJTgwJTk5YWNjb21wYWduZW1lbnQlMjBkZSUyMGdyb3VwZSUyMGRhbnMlMjBsZXVyJTIwbW9iaWxpdCVDMyVBOSUyMEVyYXNtdXMlMjAlMkIuJTIwRCVDMyVBOWNvdXZyZXolMjBlbiUyMHF1ZWxxdWVzJTIwY2xpcyUyMHRvdXMlMjBsZXMlMjBzZWN0ZXVycyUyMGRlJTIwc3RhZ2UlMjBFcmFzbXVzJTIwZW4lMjBFc3BhZ25lLiUzQyUyRnAlM0UlMEElMjAlMjAlMjAlMjAlM0NhJTIwY2xhc3MlM0QlMjJ2Y19nZW5lcmFsJTIwdmNfYnRuMyUyMHZjX2J0bjMtc2l6ZS1tZCUyMHZjX2J0bjMtc2hhcGUtZGVmYXVsdCUyMHZjX2J0bjMtc3R5bGUtY3VzdG9tJTIwd3BiX2N1c3RvbV82Njg3YjI2ZjM5NDg4ZGRiYjg1ZGRiM2MxY2U4ZTExMSUyMGJ0biUyMiUyMHN0eWxlJTNEJTIyYmFja2dyb3VuZC1jb2xvciUzQSUyM2UyMDAwMCUzQiUyMGNvbG9yJTNBJTIzZmZmZmZmJTNCJTIwYmFja2dyb3VuZC1jb2xvciUzQSUyM2UyMDAwMCUzQiUyMGNvbG9yJTNBJTIzZmZmZmZmJTNCJTIyJTIwaHJlZiUzRCUyMmh0dHBzJTNBJTJGJTJGd3d3LmVzcGFtb2IuY29tJTJGZnIlMkZzZWN0ZXVyLXN0YWdlLWVudHJlcHJpc2UtZXJhc211c3BsdXMlMkYlMjIlMjB0aXRsZSUzRCUyMkZSJTIwU2VjdGV1cnMlMjIlMjB0YXJnZXQlM0QlMjJfYmxhbmslMjIlM0VKZSUyMGQlQzMlQTljb3V2cmUlMjBsZXMlMjBzZWN0ZXVycyUzQyUyRmElM0UlMEElM0MlMkZkaXYlM0U=[\/vc_raw_html][vc_custom_heading text=\u00a0\u00bbD\u00e9couvrez le retour d&rsquo;exp\u00e9rience Erasmus + de participants :\u00a0\u00bb font_container=\u00a0\u00bbtag:h3|text_align:left\u00a0\u00bb use_theme_fonts=\u00a0\u00bbyes\u00a0\u00bb css=\u00a0\u00bb.vc_custom_1693216908231{margin-top: 20px !important;}\u00a0\u00bb][vc_separator][vc_video link=\u00a0\u00bbhttps:\/\/www.youtube.com\/watch?v=eyqF3jOE09A\u00a0\u00bb align=\u00a0\u00bbcenter\u00a0\u00bb][\/vc_column_inner][\/vc_row_inner][\/vc_column][\/vc_row][vc_row full_width=\u00a0\u00bbstretch_row\u00a0\u00bb wrap_container=\u00a0\u00bbyes\u00a0\u00bb is_section=\u00a0\u00bbyes\u00a0\u00bb css=\u00a0\u00bb.vc_custom_1688548809334{margin-top: 20px !important;border-top-width: 0px !important;background-color: #f8f392 !important;}\u00a0\u00bb conditional_render=\u00a0\u00bb%5B%7B%22value_role%22%3A%22administrator%22%7D%5D\u00a0\u00bb][vc_column][vc_row_inner css=\u00a0\u00bb.vc_custom_1688548648248{background-color: #f8f392 !important;}\u00a0\u00bb][vc_column_inner][vc_custom_heading text=\u00a0\u00bbFaire une demande de devis gratuit\u00a0\u00bb font_container=\u00a0\u00bbtag:h2|text_align:center\u00a0\u00bb use_theme_fonts=\u00a0\u00bbyes\u00a0\u00bb][vc_column_text]<\/p>\n<p style=\"text-align: justify;\">Vous avez une id\u00e9e de  projet Erasmus +  en Espagne et vous cherchez un partenaire de confiance pour vous accompagner ? <strong>Espamob\u2019<\/strong> est l\u00e0 pour vous aider ! Nous vous proposons un devis gratuit et sans engagement pour vous aider \u00e0 g\u00e9rer votre projet de mobilit\u00e9. Gr\u00e2ce \u00e0 notre expertise  et \u00e0 notre r\u00e9seau d\u2019entreprises partenaires, nous sommes en mesure de vous offrir un accompagnement personnalis\u00e9 pour r\u00e9pondre \u00e0 vos besoins sp\u00e9cifiques. Contactez-nous d\u00e8s maintenant pour discuter de votre projet et obtenir votre devis gratuit.<\/p>\n<p>[\/vc_column_text]<div id=\"modal-trg-txt-wrap-3158\" class=\"ult-modal-input-wrapper ult-adjust-bottom-margin    \" data-keypress-control=\"keypress-control-enable\" data-overlay-control=\"overlay-control-enable\"><style>\n\t\t\t\t\t.btn-modal.btn-id-69e77b73351326-25438381:hover {\n\t\t\t\t\t\tbackground-color: #e20000 !important;\n\t\t\t\t\t}\n\t\t\t\t\t<\/style><button  data-ultimate-target='#modal-trg-txt-wrap-3158 .btn-modal'  data-responsive-json-new='{\"font-size\":\"\",\"line-height\":\"\"}'  style=\"background:#888888;border-color:#888888;color:#ffffff; \" data-class-id=\"content-69e77b73351326-25438381\" class=\"btn-modal ult-responsive btn-primary btn-modal-md overlay-show ult-align-center btn-id-69e77b73351326-25438381\" data-overlay-class=\"overlay-cornerbottomleft\">DEMANDE DEVIS GRATUIT<\/button><\/div>\n<div class=\"ult-overlay content-69e77b73351326-25438381 \" data-class=\"content-69e77b73351326-25438381\" id=\"button-click-overlay\" style=\"background:rgba(51,51,51,0.8); display:none;\">\n\t<div class=\"ult_modal ult-fade ult-medium\">\n\t\t<div id=\"ult-modal-wrap-7015\" class=\"ult_modal-content ult-hide\" style=\"border-style:solid;border-width:2px;border-radius:0px;border-color:#333333;\">\n\t\t\t<div class=\"ult_modal-header\" style=\"color:#333333;border-color:#333333;\">\n\t\t\t\t<h3  data-ultimate-target='#ult-modal-wrap-7015 .ult_modal-title'  data-responsive-json-new='{\"font-size\":\"\",\"line-height\":\"\"}'  class=\"ult_modal-title ult-responsive\">Demande devis gratuit<\/h3>\n\t\t\t<\/div>\n\t\t\t<div  data-ultimate-target='#ult-modal-wrap-7015 .ult_modal-body'  data-responsive-json-new='{\"font-size\":\"\",\"line-height\":\"\"}'  class=\"ult_modal-body ult-responsive ult-html\" style=\"\">\n\t\t\t<\/p>\n<p>[caldera_form id=\u00a0\u00bbCF614462cc44616&Prime;]<\/p>\n<p>\n\t\t\t<\/div>\n\t<\/div>\n\t<\/div>\n\t<div class=\"ult-overlay-close top-right\" style=\"width:80px;height:80px; \"><div class=\"ult-overlay-close-inside\">Close<\/div><\/div>\n<\/div>[\/vc_column_inner][\/vc_row_inner][\/vc_column][\/vc_row][vc_row wrap_container=\u00a0\u00bbyes\u00a0\u00bb css=\u00a0\u00bb.vc_custom_1689256499740{margin-top: 15px !important;}\u00a0\u00bb conditional_render=\u00a0\u00bb%5B%7B%22value_role%22%3A%22administrator%22%7D%5D\u00a0\u00bb][vc_column][vc_custom_heading text=\u00a0\u00bbQuestions fr\u00e9quentes\u00a0\u00bb font_container=\u00a0\u00bbtag:h2|text_align:center|color:%23000000&Prime; use_theme_fonts=\u00a0\u00bbyes\u00a0\u00bb][vc_separator][vc_row_inner][vc_column_inner width=\u00a0\u00bb7\/12&Prime;][vc_column_text]<\/p>\n<h3>Quels sont les avantages de choisir Espamob pour r\u00e9aliser un stage Erasmus en Espagne en tant que m\u00e9canicien ?<\/h3>\n<p>En choisissant Espamob pour r\u00e9aliser votre stage Erasmus en tant que m\u00e9canicien en Espagne, vous b\u00e9n\u00e9ficierez d&rsquo;un accompagnement complet dans toutes les \u00e9tapes de votre projet. L&rsquo;agence se chargera de trouver des entreprises partenaires dans le domaine de la m\u00e9canique, qui vous offriront une exp\u00e9rience professionnelle enrichissante. De plus, Espamob vous aidera \u00e0 trouver un logement adapt\u00e9 \u00e0 vos besoins et se chargera de votre accueil \u00e0 l&rsquo;a\u00e9roport. Enfin, l&rsquo;agence vous accompagnera dans la recherche de financement pour votre projet.<\/p>\n<h3>Comment Espamob m&rsquo;aidera-t-il \u00e0 trouver une entreprise partenaire pour mon stage Erasmus en tant que m\u00e9canicien ?<\/h3>\n<p>Espamob dispose d&rsquo;un r\u00e9seau de partenaires dans le domaine de la m\u00e9canique en Espagne. L&rsquo;agence se chargera de contacter ces entreprises et de pr\u00e9senter votre projet. Elle s&rsquo;assurera de trouver une entreprise qui correspond \u00e0 vos attentes et qui pourra vous offrir une exp\u00e9rience professionnelle enrichissante. Espamob vous mettra ensuite en relation avec cette entreprise et vous accompagnera tout au long de votre stage.<\/p>\n<h3>Quels sont les crit\u00e8res de s\u00e9lection pour les logements propos\u00e9s par Espamob lors d&rsquo;un stage Erasmus en Espagne en tant que m\u00e9canicien ?<\/h3>\n<p>Les logements propos\u00e9s par Espamob lors d&rsquo;un stage Erasmus en Espagne en tant que m\u00e9canicien sont s\u00e9lectionn\u00e9s en fonction de plusieurs crit\u00e8res. L&rsquo;agence veille \u00e0 ce que les logements soient situ\u00e9s \u00e0 proximit\u00e9 de l&rsquo;entreprise partenaire et des universit\u00e9s, pour faciliter vos d\u00e9placements. De plus, Espamob s&rsquo;assure que les logements soient confortables, s\u00e9curis\u00e9s et adapt\u00e9s \u00e0 vos besoins. L&rsquo;agence prend \u00e9galement en compte vos pr\u00e9f\u00e9rences et vos contraintes (budget, nombre de personnes, etc.) lors de la recherche de logements.<\/p>\n<p>[\/vc_column_text][\/vc_column_inner][vc_column_inner width=\u00a0\u00bb1\/12&Prime;][\/vc_column_inner][vc_column_inner width=\u00a0\u00bb4\/12&Prime;][vc_single_image image=\u00a0\u00bb15074&Prime; img_size=\u00a0\u00bbfull\u00a0\u00bb][vc_column_text]<strong>Renseignez-vous sur les diff\u00e9rentes destinations Erasmus + en Espagne :<\/strong><\/p>\n<ul>\n<li><a href=\"https:\/\/espamob.com\/fr\/secteur-stage-entreprise-erasmusplus\/agriculture-horticulture\/stage-erasmus-production-animale\">Stage Erasmus Production animale<\/a><\/li>\n<li><a href=\"https:\/\/espamob.com\/fr\/secteur-stage-entreprise-erasmusplus\/agriculture-horticulture\/stage-erasmus-production-vegetale\">Stage Erasmus Production v\u00e9g\u00e9tale<\/a><\/li>\n<li><a href=\"https:\/\/espamob.com\/fr\/secteur-stage-entreprise-erasmusplus\/agriculture-horticulture\/stage-erasmus-maraichage\">Stage Erasmus Mara\u00eechage<\/a><\/li>\n<li><a href=\"https:\/\/espamob.com\/fr\/secteur-stage-entreprise-erasmusplus\/agriculture-horticulture\/stage-erasmus-fleuriste\">Stage Erasmus Fleuriste<\/a><\/li>\n<li><a href=\"https:\/\/espamob.com\/fr\/secteur-stage-entreprise-erasmusplus\/agriculture-horticulture\/stage-erasmus-paysagiste\">Stage Erasmus Paysagiste<\/a><\/li>\n<li><a href=\"https:\/\/espamob.com\/fr\/secteur-stage-entreprise-erasmusplus\/agriculture-horticulture\/stage-erasmus-palefrenier\">Stage Erasmus Palefrenier<\/a><\/li>\n<li><a href=\"https:\/\/espamob.com\/fr\/secteur-stage-entreprise-erasmusplus\/agriculture-horticulture\/stage-erasmus-marechal-ferrant\">Stage Erasmus Mar\u00e9chal Ferrant<\/a><\/li>\n<\/ul>\n<p>[\/vc_column_text][\/vc_column_inner][\/vc_row_inner][\/vc_column][\/vc_row]<\/p>\n<\/div>","protected":false},"excerpt":{"rendered":"<p>[vc_row css=\u00a0\u00bb.vc_custom_1705948376313{margin-top: -20px !important;margin-bottom: 40px !important;background-image: url(https:\/\/espamob.com\/wp-content\/uploads\/2024\/01\/Mecanico-de-equipos-de-parques-y-jardines.webp?id=22905) !important;}\u00a0\u00bb conditional_render=\u00a0\u00bb%5B%7B%22value_role%22%3A%22administrator%22%7D%5D\u00a0\u00bb][vc_column css=\u00a0\u00bb.vc_custom_1687965657482{padding-top: 30px !important;}\u00a0\u00bb conditional_render=\u00a0\u00bb%5B%7B%22value_role%22%3A%22administrator%22%7D%5D\u00a0\u00bb][vc_empty_space height=\u00a0\u00bb170&Prime;][vc_custom_heading text=\u00a0\u00bbStage Erasmus : M\u00e9canicien Agricole\u00a0\u00bb font_container=\u00a0\u00bbtag:h1|font_size:27|text_align:center|color:%23ffffff\u00a0\u00bb use_theme_fonts=\u00a0\u00bbyes\u00a0\u00bb css=\u00a0\u00bb.vc_custom_1706780223875{margin-bottom: 15px !important;background-color: rgba(136,136,136,0.29) !important;*background-color: rgb(136,136,136) !important;}\u00a0\u00bb animation_type=\u00a0\u00bbzoomIn\u00a0\u00bb][vc_empty_space height=\u00a0\u00bb40&Prime;][\/vc_column][\/vc_row][vc_row wrap_container=\u00a0\u00bbyes\u00a0\u00bb text_align=\u00a0\u00bbjustify\u00a0\u00bb][vc_column text_align=\u00a0\u00bbjustify\u00a0\u00bb][vc_column_text] Home Secteurs de stages Agriculture horticulture Stage Erasmus : M\u00e9canicien [\/vc_column_text][vc_custom_heading text=\u00a0\u00bbLe choix de l&rsquo;\u00e9vasion et de la formation avec un stage<\/p>\n","protected":false},"author":2,"featured_media":0,"parent":11926,"menu_order":0,"comment_status":"closed","ping_status":"closed","template":"","meta":{"footnotes":""},"class_list":["post-18385","page","type-page","status-publish","hentry"],"_links":{"self":[{"href":"https:\/\/espamob.com\/fr\/wp-json\/wp\/v2\/pages\/18385","targetHints":{"allow":["GET"]}}],"collection":[{"href":"https:\/\/espamob.com\/fr\/wp-json\/wp\/v2\/pages"}],"about":[{"href":"https:\/\/espamob.com\/fr\/wp-json\/wp\/v2\/types\/page"}],"author":[{"embeddable":true,"href":"https:\/\/espamob.com\/fr\/wp-json\/wp\/v2\/users\/2"}],"replies":[{"embeddable":true,"href":"https:\/\/espamob.com\/fr\/wp-json\/wp\/v2\/comments?post=18385"}],"version-history":[{"count":0,"href":"https:\/\/espamob.com\/fr\/wp-json\/wp\/v2\/pages\/18385\/revisions"}],"up":[{"embeddable":true,"href":"https:\/\/espamob.com\/fr\/wp-json\/wp\/v2\/pages\/11926"}],"wp:attachment":[{"href":"https:\/\/espamob.com\/fr\/wp-json\/wp\/v2\/media?parent=18385"}],"curies":[{"name":"wp","href":"https:\/\/api.w.org\/{rel}","templated":true}]}}