{"id":18384,"date":"2023-08-22T00:00:00","date_gmt":"2023-08-22T00:00:00","guid":{"rendered":"https:\/\/www.espamob.com\/?page_id=18384"},"modified":"2024-11-15T10:07:11","modified_gmt":"2024-11-15T10:07:11","slug":"stage-erasmus-paysagiste","status":"publish","type":"page","link":"https:\/\/espamob.com\/fr\/secteur-stage-entreprise-erasmusplus\/agriculture-horticulture\/stage-erasmus-paysagiste\/","title":{"rendered":"Stage Erasmus : Paysagiste"},"content":{"rendered":"<div class=\"wpb-content-wrapper\"><p>[vc_row css=\u00a0\u00bb.vc_custom_1705948353362{margin-top: -20px !important;margin-bottom: 40px !important;background-image: url(https:\/\/espamob.com\/wp-content\/uploads\/2024\/01\/Paisajista.webp?id=22910) !important;}\u00a0\u00bb conditional_render=\u00a0\u00bb%5B%7B%22value_role%22%3A%22administrator%22%7D%5D\u00a0\u00bb][vc_column css=\u00a0\u00bb.vc_custom_1687965657482{padding-top: 30px !important;}\u00a0\u00bb conditional_render=\u00a0\u00bb%5B%7B%22value_role%22%3A%22administrator%22%7D%5D\u00a0\u00bb][vc_empty_space height=\u00a0\u00bb170&Prime;][vc_custom_heading text=\u00a0\u00bbStage Erasmus : Paysagiste\u00a0\u00bb font_container=\u00a0\u00bbtag:h1|font_size:27|text_align:center|color:%23ffffff\u00a0\u00bb use_theme_fonts=\u00a0\u00bbyes\u00a0\u00bb css=\u00a0\u00bb.vc_custom_1705948037397{margin-bottom: 15px !important;background-color: rgba(136,136,136,0.29) !important;*background-color: rgb(136,136,136) !important;}\u00a0\u00bb animation_type=\u00a0\u00bbzoomIn\u00a0\u00bb][vc_empty_space height=\u00a0\u00bb40&Prime;][\/vc_column][\/vc_row][vc_row wrap_container=\u00a0\u00bbyes\u00a0\u00bb text_align=\u00a0\u00bbjustify\u00a0\u00bb][vc_column text_align=\u00a0\u00bbjustify\u00a0\u00bb][vc_column_text]<\/p>\n<nav aria-label=\"breadcrumb\">\n<ol class=\"breadcrumb\">\n<li class=\"breadcrumb-item\"><a href=\"https:\/\/espamob.com\/\">Home<\/a><\/li>\n<li class=\"breadcrumb-item\"><a href=\"https:\/\/espamob.com\/fr\/secteur-stage-entreprise-erasmusplus\/\">Secteurs de stages<\/a><\/li>\n<li class=\"breadcrumb-item\"><a href=\"https:\/\/espamob.com\/fr\/secteur-stage-entreprise-erasmusplus\/agriculture-horticulture\/\">Agriculture horticulture<\/a><\/li>\n<li class=\"breadcrumb-item active\" aria-current=\"page\">Stage Erasmus : Paysagiste<\/li>\n<\/ol>\n<\/nav>\n<p>[\/vc_column_text][vc_custom_heading text=\u00a0\u00bbStage Erasmus Paysagiste : une exp\u00e9rience enrichissante pour votre carri\u00e8re\u00a0\u00bb use_theme_fonts=\u00a0\u00bbyes\u00a0\u00bb css=\u00a0\u00bb.vc_custom_1687363443929{margin-top: 20px !important;}\u00a0\u00bb][vc_separator][vc_row_inner][vc_column_inner width=\u00a0\u00bb7\/12&Prime;][vc_column_text]<\/p>\n<p>Vous souhaitez effectuer un <strong>stage Erasmus dans le domaine du paysagisme<\/strong> et ainsi booster vos comp\u00e9tences en am\u00e9nagements paysagers ? D\u00e9couvrez comment participer \u00e0 ce programme europ\u00e9en, les avantages offerts par cette exp\u00e9rience unique et comment r\u00e9ussir votre s\u00e9jour \u00e0 l&rsquo;\u00e9tranger.<\/p>\n<h2>Programme Erasmus+ : une opportunit\u00e9 de stage \u00e0 saisir<\/h2>\n<p>Le programme <strong>Erasmus+<\/strong> est une initiative europ\u00e9enne qui vise \u00e0 promouvoir la mobilit\u00e9 des \u00e9tudiants, des enseignants et des professionnels en Europe. Il offre notamment la possibilit\u00e9 de r\u00e9aliser un stage \u00e0 l&rsquo;\u00e9tranger dans le cadre de ses \u00e9tudes ou de sa formation professionnelle.<\/p>\n<p>Pour les \u00e9tudiants en paysagisme, cela repr\u00e9sente une chance unique d&rsquo;acqu\u00e9rir de nouvelles comp\u00e9tences, de d\u00e9couvrir de nouvelles approches en mati\u00e8re d&rsquo;am\u00e9nagements paysagers et de s&rsquo;ouvrir \u00e0 de nouvelles cultures et m\u00e9thodes de travail. De plus, cette exp\u00e9rience internationale peut \u00eatre un v\u00e9ritable atout pour votre CV et ainsi faciliter votre insertion professionnelle.<\/p>\n<h3>Comment postuler \u00e0 un stage Erasmus paysagiste ?<\/h3>\n<p>Pour pouvoir b\u00e9n\u00e9ficier d&rsquo;un stage Erasmus, vous devez \u00eatre \u00e9tudiant dans un \u00e9tablissement d&rsquo;enseignement sup\u00e9rieur partenaire du programme Erasmus+. Renseignez-vous aupr\u00e8s de votre \u00e9tablissement pour conna\u00eetre leurs partenariats et les modalit\u00e9s de candidature. G\u00e9n\u00e9ralement, il vous sera demand\u00e9 de fournir un dossier de candidature comprenant un CV, une lettre de motivation et parfois des recommandations.<\/p>\n<p>Le choix du pays et de l&rsquo;entreprise d&rsquo;accueil se fait en fonction de vos centres d&rsquo;int\u00e9r\u00eat et de vos objectifs professionnels. N&rsquo;h\u00e9sitez pas \u00e0 vous renseigner sur les entreprises sp\u00e9cialis\u00e9es dans le paysagisme dans les pays qui vous int\u00e9ressent et \u00e0 consulter les offres de stage disponibles sur la plateforme europ\u00e9enne Erasmus Intern Traineeship Portal.<\/p>\n<h2>Les avantages d&rsquo;un stage Erasmus paysagiste<\/h2>\n<p>Participer \u00e0 un stage Erasmus dans le cadre de votre formation en paysagisme pr\u00e9sente plusieurs avantages :<\/p>\n<ul>\n<li><strong>D\u00e9velopper vos comp\u00e9tences professionnelles<\/strong> : vous serez confront\u00e9 \u00e0 de nouvelles techniques, approches et outils propres au pays o\u00f9 vous effectuerez votre stage. Cela vous permettra d&rsquo;\u00e9largir votre palette de comp\u00e9tences et d&rsquo;accro\u00eetre votre employabilit\u00e9.<\/li>\n<li><strong>Apprendre une langue \u00e9trang\u00e8re<\/strong> : la pratique quotidienne d&rsquo;une langue \u00e9trang\u00e8re est l&rsquo;un des meilleurs moyens de progresser rapidement. Votre stage Erasmus sera donc l&rsquo;occasion de perfectionner vos comp\u00e9tences linguistiques.<\/li>\n<li><strong>D\u00e9couvrir de nouvelles cultures<\/strong> : vivre \u00e0 l&rsquo;\u00e9tranger pendant quelques mois vous permettra de d\u00e9couvrir la culture, les traditions et le mode de vie d&rsquo;un autre pays, ce qui peut \u00eatre tr\u00e8s enrichissant d&rsquo;un point de vue personnel comme professionnel.<\/li>\n<li><strong>Construire un r\u00e9seau international<\/strong> : lors de votre stage, vous rencontrerez des personnes venues de diff\u00e9rents horizons, avec qui vous pourrez \u00e9changer et nouer des contacts professionnels. Ce r\u00e9seau pourra s&rsquo;av\u00e9rer pr\u00e9cieux dans votre future carri\u00e8re.<\/li>\n<\/ul>\n<h3>Financements et aides \u00e0 la mobilit\u00e9<\/h3>\n<p>Dans le cadre du programme Erasmus+, une bourse de mobilit\u00e9 peut \u00eatre accord\u00e9e pour aider \u00e0 financer votre stage \u00e0 l&rsquo;\u00e9tranger. Le montant de cette bourse varie en fonction du pays d&rsquo;accueil et de la dur\u00e9e du stage. Renseignez-vous aupr\u00e8s de votre \u00e9tablissement pour conna\u00eetre les conditions d&rsquo;attribution et les d\u00e9marches \u00e0 effectuer. Il existe \u00e9galement d&rsquo;autres aides financi\u00e8res au niveau national, r\u00e9gional ou local, n&rsquo;h\u00e9sitez pas \u00e0 vous renseigner et \u00e0 d\u00e9poser un dossier de candidature.<\/p>\n<p>[\/vc_column_text][\/vc_column_inner][vc_column_inner width=\u00a0\u00bb1\/12&Prime;][\/vc_column_inner][vc_column_inner width=\u00a0\u00bb4\/12&Prime;][vc_single_image image=\u00a0\u00bb18268&Prime; img_size=\u00a0\u00bb400*400&Prime; alignment=\u00a0\u00bbright\u00a0\u00bb style=\u00a0\u00bbvc_box_rounded\u00a0\u00bb][vc_btn title=\u00a0\u00bbJe veux en savoir plus\u00a0\u00bb style=\u00a0\u00bbcustom\u00a0\u00bb custom_background=\u00a0\u00bb#e20000&Prime; custom_text=\u00a0\u00bb#ffffff\u00a0\u00bb align=\u00a0\u00bbcenter\u00a0\u00bb link=\u00a0\u00bburl:https%3A%2F%2Fespamob.com%2Ffr%2Fcontact%2F|title:FR%20Secteurs|target:_blank\u00a0\u00bb][vc_empty_space height=\u00a0\u00bb50px\u00a0\u00bb][vc_empty_space height=\u00a0\u00bb50px\u00a0\u00bb][vc_empty_space height=\u00a0\u00bb50px\u00a0\u00bb][vc_empty_space height=\u00a0\u00bb50px\u00a0\u00bb][vc_custom_heading text=\u00a0\u00bbD\u00e9couvrez l&rsquo;exp\u00e9rience d&rsquo;Alexis en stage dans une jardinerie:\u00a0\u00bb font_container=\u00a0\u00bbtag:p|font_size:25|text_align:left|color:%23383838|line_height:1&Prime; use_theme_fonts=\u00a0\u00bbyes\u00a0\u00bb][vc_video link=\u00a0\u00bbhttps:\/\/youtu.be\/jXc1gFQTl58?si=VCgSHdFjO2mYrKTp\u00a0\u00bb][\/vc_column_inner][\/vc_row_inner][vc_custom_heading text=\u00a0\u00bbR\u00e9ussir son stage Erasmus paysagiste : nos conseils\u00a0\u00bb font_container=\u00a0\u00bbtag:h3|text_align:left\u00a0\u00bb use_theme_fonts=\u00a0\u00bbyes\u00a0\u00bb css=\u00a0\u00bb.vc_custom_1689259044425{margin-top: 20px !important;}\u00a0\u00bb][vc_separator][vc_row_inner][vc_column_inner width=\u00a0\u00bb7\/12&Prime;][vc_column_text]<\/p>\n<p>Pour tirer le meilleur profit de votre exp\u00e9rience Erasmus dans le domaine du paysagisme, voici quelques conseils pour bien pr\u00e9parer votre s\u00e9jour :<\/p>\n<ol>\n<li><strong>Faites preuve de curiosit\u00e9 et d&rsquo;ouverture d&rsquo;esprit<\/strong> : profitez de cette exp\u00e9rience pour d\u00e9couvrir de nouvelles techniques, approches et outils en mati\u00e8re d&rsquo;am\u00e9nagements paysagers. Soyez pr\u00eat \u00e0 apprendre et \u00e0 sortir de votre zone de confort.<\/li>\n<li><strong>Pr\u00e9parez-vous \u00e0 vivre dans un environnement multiculturel<\/strong> : renseignez-vous sur la culture et les traditions du pays o\u00f9 vous effectuerez votre stage afin de vous familiariser avec votre nouvel environnement et de faciliter votre int\u00e9gration.<\/li>\n<li><strong>Participez activement \u00e0 la vie de l&rsquo;entreprise d&rsquo;accueil<\/strong> : montrez-vous volontaire et prenez des initiatives pour \u00eatre pleinement int\u00e9gr\u00e9 au sein de l&rsquo;\u00e9quipe.<\/li>\n<li><strong>Maintenez le contact avec votre \u00e9tablissement d&rsquo;origine<\/strong> : communiquez r\u00e9guli\u00e8rement avec votre tuteur, vos enseignants et vos camarades de classe afin de rester inform\u00e9 des actualit\u00e9s de votre formation et de partager votre exp\u00e9rience \u00e0 l&rsquo;\u00e9tranger.<\/li>\n<li><strong>Gardez une trace de votre exp\u00e9rience<\/strong> : que ce soit sous forme de journal de bord, de blog ou de portfolio, documentez votre stage Erasmus pour garder un souvenir de cette exp\u00e9rience et pouvoir en tirer un bilan constructif.<\/li>\n<\/ol>\n<p>En somme, effectuer un <strong>stage Erasmus en paysagisme<\/strong> est une occasion unique de booster sa carri\u00e8re, d&rsquo;apprendre de nouvelles techniques et approches en am\u00e9nagements paysagers, et de se construire un r\u00e9seau professionnel international. Alors n&rsquo;h\u00e9sitez plus \u00e0 vous lancer dans cette aventure enrichissante !<\/p>\n<p>[\/vc_column_text][\/vc_column_inner][vc_column_inner width=\u00a0\u00bb1\/12&Prime;][\/vc_column_inner][vc_column_inner width=\u00a0\u00bb4\/12&Prime;][vc_raw_html]JTNDZGl2JTIwc3R5bGUlM0QlMjJwYWRkaW5nJTNBJTIwMzBweCUzQmJhY2tncm91bmQtY29sb3IlM0ElMjAlMjNGNEY0RjQlM0IlMjIlM0UlMEElMjAlMjAlMjAlMjAlM0NoNCUzRUQlQzMlQTljb3V2cmV6JTIwdG91cyUyMGxlcyUyMHNlY3RldXJzJTIwZGUlMjBzdGFnZXMlM0MlMkZoNCUzRSUwQSUyMCUyMCUyMCUyMCUzQ3AlM0VFc3BhbW9iJTIwZXN0JTIwc3AlQzMlQTljaWFsaXN0ZSUyMGRhbnMlMjBsJUUyJTgwJTk5YWNjb21wYWduZW1lbnQlMjBkZSUyMGdyb3VwZSUyMGRhbnMlMjBsZXVyJTIwbW9iaWxpdCVDMyVBOSUyMEVyYXNtdXMlMjAlMkIuJTIwRCVDMyVBOWNvdXZyZXolMjBlbiUyMHF1ZWxxdWVzJTIwY2xpcyUyMHRvdXMlMjBsZXMlMjBzZWN0ZXVycyUyMGRlJTIwc3RhZ2UlMjBFcmFzbXVzJTIwZW4lMjBFc3BhZ25lLiUzQyUyRnAlM0UlMEElMjAlMjAlMjAlMjAlM0NhJTIwY2xhc3MlM0QlMjJ2Y19nZW5lcmFsJTIwdmNfYnRuMyUyMHZjX2J0bjMtc2l6ZS1tZCUyMHZjX2J0bjMtc2hhcGUtZGVmYXVsdCUyMHZjX2J0bjMtc3R5bGUtY3VzdG9tJTIwd3BiX2N1c3RvbV82Njg3YjI2ZjM5NDg4ZGRiYjg1ZGRiM2MxY2U4ZTExMSUyMGJ0biUyMiUyMHN0eWxlJTNEJTIyYmFja2dyb3VuZC1jb2xvciUzQSUyM2UyMDAwMCUzQiUyMGNvbG9yJTNBJTIzZmZmZmZmJTNCJTIwYmFja2dyb3VuZC1jb2xvciUzQSUyM2UyMDAwMCUzQiUyMGNvbG9yJTNBJTIzZmZmZmZmJTNCJTIyJTIwaHJlZiUzRCUyMmh0dHBzJTNBJTJGJTJGd3d3LmVzcGFtb2IuY29tJTJGZnIlMkZzZWN0ZXVyLXN0YWdlLWVudHJlcHJpc2UtZXJhc211c3BsdXMlMkYlMjIlMjB0aXRsZSUzRCUyMkZSJTIwU2VjdGV1cnMlMjIlMjB0YXJnZXQlM0QlMjJfYmxhbmslMjIlM0VKZSUyMGQlQzMlQTljb3V2cmUlMjBsZXMlMjBzZWN0ZXVycyUzQyUyRmElM0UlMEElM0MlMkZkaXYlM0U=[\/vc_raw_html][vc_custom_heading text=\u00a0\u00bbD\u00e9couvrez le retour d&rsquo;exp\u00e9rience Erasmus + de participants :\u00a0\u00bb font_container=\u00a0\u00bbtag:h3|text_align:left\u00a0\u00bb use_theme_fonts=\u00a0\u00bbyes\u00a0\u00bb css=\u00a0\u00bb.vc_custom_1693216908231{margin-top: 20px !important;}\u00a0\u00bb][vc_separator][vc_video link=\u00a0\u00bbhttps:\/\/www.youtube.com\/watch?v=ShAaZKOxjpM\u00a0\u00bb align=\u00a0\u00bbcenter\u00a0\u00bb][\/vc_column_inner][vc_column_inner][\/vc_column_inner][\/vc_row_inner][\/vc_column][\/vc_row][vc_row full_width=\u00a0\u00bbstretch_row\u00a0\u00bb wrap_container=\u00a0\u00bbyes\u00a0\u00bb is_section=\u00a0\u00bbyes\u00a0\u00bb css=\u00a0\u00bb.vc_custom_1688548809334{margin-top: 20px !important;border-top-width: 0px !important;background-color: #f8f392 !important;}\u00a0\u00bb conditional_render=\u00a0\u00bb%5B%7B%22value_role%22%3A%22administrator%22%7D%5D\u00a0\u00bb][vc_column][vc_row_inner css=\u00a0\u00bb.vc_custom_1688548648248{background-color: #f8f392 !important;}\u00a0\u00bb][vc_column_inner][vc_custom_heading text=\u00a0\u00bbFaire une demande de devis gratuit\u00a0\u00bb font_container=\u00a0\u00bbtag:h2|text_align:center\u00a0\u00bb use_theme_fonts=\u00a0\u00bbyes\u00a0\u00bb][vc_column_text]<\/p>\n<p style=\"text-align: justify;\">Vous avez une id\u00e9e de projet Erasmus + en Espagne et vous cherchez un partenaire de confiance pour vous accompagner ? <strong>Espamob\u2019<\/strong> est l\u00e0 pour vous aider ! Nous vous proposons un devis gratuit et sans engagement pour vous aider \u00e0 g\u00e9rer votre projet de mobilit\u00e9. Gr\u00e2ce \u00e0 notre expertise et \u00e0 notre r\u00e9seau d\u2019entreprises partenaires, nous sommes en mesure de vous offrir un accompagnement personnalis\u00e9 pour r\u00e9pondre \u00e0 vos besoins sp\u00e9cifiques. Contactez-nous d\u00e8s maintenant pour discuter de votre projet et obtenir votre devis gratuit.<\/p>\n<p>[\/vc_column_text]<div id=\"modal-trg-txt-wrap-3578\" class=\"ult-modal-input-wrapper ult-adjust-bottom-margin    \" data-keypress-control=\"keypress-control-enable\" data-overlay-control=\"overlay-control-enable\"><style>\n\t\t\t\t\t.btn-modal.btn-id-69e77b74e89408-61279713:hover {\n\t\t\t\t\t\tbackground-color: #e20000 !important;\n\t\t\t\t\t}\n\t\t\t\t\t<\/style><button  data-ultimate-target='#modal-trg-txt-wrap-3578 .btn-modal'  data-responsive-json-new='{\"font-size\":\"\",\"line-height\":\"\"}'  style=\"background:#888888;border-color:#888888;color:#ffffff; \" data-class-id=\"content-69e77b74e89408-61279713\" class=\"btn-modal ult-responsive btn-primary btn-modal-md overlay-show ult-align-center btn-id-69e77b74e89408-61279713\" data-overlay-class=\"overlay-cornerbottomleft\">DEMANDE DEVIS GRATUIT<\/button><\/div>\n<div class=\"ult-overlay content-69e77b74e89408-61279713 \" data-class=\"content-69e77b74e89408-61279713\" id=\"button-click-overlay\" style=\"background:rgba(51,51,51,0.8); display:none;\">\n\t<div class=\"ult_modal ult-fade ult-medium\">\n\t\t<div id=\"ult-modal-wrap-2218\" class=\"ult_modal-content ult-hide\" style=\"border-style:solid;border-width:2px;border-radius:0px;border-color:#333333;\">\n\t\t\t<div class=\"ult_modal-header\" style=\"color:#333333;border-color:#333333;\">\n\t\t\t\t<h3  data-ultimate-target='#ult-modal-wrap-2218 .ult_modal-title'  data-responsive-json-new='{\"font-size\":\"\",\"line-height\":\"\"}'  class=\"ult_modal-title ult-responsive\">Demande devis gratuit<\/h3>\n\t\t\t<\/div>\n\t\t\t<div  data-ultimate-target='#ult-modal-wrap-2218 .ult_modal-body'  data-responsive-json-new='{\"font-size\":\"\",\"line-height\":\"\"}'  class=\"ult_modal-body ult-responsive ult-html\" style=\"\">\n\t\t\t<\/p>\n<p>[caldera_form id=\u00a0\u00bbCF614462cc44616&Prime;]<\/p>\n<p>\n\t\t\t<\/div>\n\t<\/div>\n\t<\/div>\n\t<div class=\"ult-overlay-close top-right\" style=\"width:80px;height:80px; \"><div class=\"ult-overlay-close-inside\">Close<\/div><\/div>\n<\/div>[\/vc_column_inner][\/vc_row_inner][\/vc_column][\/vc_row][vc_row wrap_container=\u00a0\u00bbyes\u00a0\u00bb css=\u00a0\u00bb.vc_custom_1689256499740{margin-top: 15px !important;}\u00a0\u00bb conditional_render=\u00a0\u00bb%5B%7B%22value_role%22%3A%22administrator%22%7D%5D\u00a0\u00bb][vc_column][vc_custom_heading text=\u00a0\u00bbQuestions fr\u00e9quentes\u00a0\u00bb font_container=\u00a0\u00bbtag:h2|text_align:center|color:%23000000&Prime; use_theme_fonts=\u00a0\u00bbyes\u00a0\u00bb][vc_separator][vc_row_inner][vc_column_inner width=\u00a0\u00bb7\/12&Prime;][vc_column_text]<\/p>\n<h3>Quels sont les avantages de choisir Espamob pour r\u00e9aliser un stage Erasmus en Espagne en tant que paysagiste ?<\/h3>\n<p>En choisissant Espamob pour r\u00e9aliser votre stage Erasmus en Espagne en tant que paysagiste, vous b\u00e9n\u00e9ficierez d&rsquo;un accompagnement complet dans la cr\u00e9ation de votre projet, la recherche de financement, l&rsquo;accueil dans les universit\u00e9s et les entreprises partenaires pour votre stage. De plus, Espamob se charge de trouver les logements sur place et de r\u00e9cup\u00e9rer les groupes \u00e0 l&rsquo;a\u00e9roport, pour vous offrir une exp\u00e9rience simplifi\u00e9e et agr\u00e9able.<\/p>\n<h3>Comment Espamob peut-il m&rsquo;aider dans la recherche de financement pour mon stage Erasmus en tant que paysagiste ?<\/h3>\n<p>Espamob dispose d&rsquo;une expertise dans la recherche de financement pour les projets de mobilit\u00e9 Erasmus +. L&rsquo;agence vous guidera dans les d\u00e9marches et vous fournira les informations n\u00e9cessaires pour obtenir des financements aupr\u00e8s des organismes comp\u00e9tents. Espamob pourra \u00e9galement vous orienter vers des partenaires financiers potentiels et vous aider \u00e0 r\u00e9diger votre dossier de demande de financement.<\/p>\n<h3>Quels types d&rsquo;entreprises partenaires peut-on trouver gr\u00e2ce \u00e0 Espamob pour un stage Erasmus en tant que paysagiste en Espagne ?<\/h3>\n<p>Espamob dispose d&rsquo;un r\u00e9seau d&rsquo;entreprises partenaires vari\u00e9es en Espagne, pouvant accueillir des stagiaires paysagistes. Vous pourrez ainsi \u00eatre int\u00e9gr\u00e9 dans des entreprises sp\u00e9cialis\u00e9es dans l&rsquo;am\u00e9nagement paysager, la conception de jardins, l&rsquo;entretien des espaces verts, etc. Ces entreprises offrent des opportunit\u00e9s d&rsquo;apprentissage et de mise en pratique de vos comp\u00e9tences en tant que paysagiste, dans un environnement professionnel stimulant.<\/p>\n<p>[\/vc_column_text][\/vc_column_inner][vc_column_inner width=\u00a0\u00bb1\/12&Prime;][\/vc_column_inner][vc_column_inner width=\u00a0\u00bb4\/12&Prime;][vc_single_image image=\u00a0\u00bb15074&Prime; img_size=\u00a0\u00bbfull\u00a0\u00bb][vc_column_text]<strong>Renseignez-vous sur les diff\u00e9rentes destinations Erasmus + en Espagne :<\/strong><\/p>\n<ul>\n<li><a href=\"https:\/\/espamob.com\/fr\/secteur-stage-entreprise-erasmusplus\/agriculture-horticulture\/stage-erasmus-production-animale\">Stage Erasmus Production animale<\/a><\/li>\n<li><a href=\"https:\/\/espamob.com\/fr\/secteur-stage-entreprise-erasmusplus\/agriculture-horticulture\/stage-erasmus-production-vegetale\">Stage Erasmus Production v\u00e9g\u00e9tale<\/a><\/li>\n<li><a href=\"https:\/\/espamob.com\/fr\/secteur-stage-entreprise-erasmusplus\/agriculture-horticulture\/stage-erasmus-maraichage\">Stage Erasmus Mara\u00eechage<\/a><\/li>\n<li><a href=\"https:\/\/espamob.com\/fr\/secteur-stage-entreprise-erasmusplus\/agriculture-horticulture\/stage-erasmus-fleuriste\">Stage Erasmus Fleuriste<\/a><\/li>\n<li><a href=\"https:\/\/espamob.com\/fr\/secteur-stage-entreprise-erasmusplus\/agriculture-horticulture\/stage-erasmus-mecanicien\">Stage Erasmus M\u00e9canicien<\/a><\/li>\n<li><a href=\"https:\/\/espamob.com\/fr\/secteur-stage-entreprise-erasmusplus\/agriculture-horticulture\/stage-erasmus-palefrenier\">Stage Erasmus Palefrenier<\/a><\/li>\n<li><a href=\"https:\/\/espamob.com\/fr\/secteur-stage-entreprise-erasmusplus\/agriculture-horticulture\/stage-erasmus-marechal-ferrant\">Stage Erasmus Mar\u00e9chal Ferrant<\/a><\/li>\n<\/ul>\n<p>[\/vc_column_text][\/vc_column_inner][\/vc_row_inner][\/vc_column][\/vc_row]<\/p>\n<\/div>","protected":false},"excerpt":{"rendered":"<p>[vc_row css=\u00a0\u00bb.vc_custom_1705948353362{margin-top: -20px !important;margin-bottom: 40px !important;background-image: url(https:\/\/espamob.com\/wp-content\/uploads\/2024\/01\/Paisajista.webp?id=22910) !important;}\u00a0\u00bb conditional_render=\u00a0\u00bb%5B%7B%22value_role%22%3A%22administrator%22%7D%5D\u00a0\u00bb][vc_column css=\u00a0\u00bb.vc_custom_1687965657482{padding-top: 30px !important;}\u00a0\u00bb conditional_render=\u00a0\u00bb%5B%7B%22value_role%22%3A%22administrator%22%7D%5D\u00a0\u00bb][vc_empty_space height=\u00a0\u00bb170&Prime;][vc_custom_heading text=\u00a0\u00bbStage Erasmus : Paysagiste\u00a0\u00bb font_container=\u00a0\u00bbtag:h1|font_size:27|text_align:center|color:%23ffffff\u00a0\u00bb use_theme_fonts=\u00a0\u00bbyes\u00a0\u00bb css=\u00a0\u00bb.vc_custom_1705948037397{margin-bottom: 15px !important;background-color: rgba(136,136,136,0.29) !important;*background-color: rgb(136,136,136) !important;}\u00a0\u00bb animation_type=\u00a0\u00bbzoomIn\u00a0\u00bb][vc_empty_space height=\u00a0\u00bb40&Prime;][\/vc_column][\/vc_row][vc_row wrap_container=\u00a0\u00bbyes\u00a0\u00bb text_align=\u00a0\u00bbjustify\u00a0\u00bb][vc_column text_align=\u00a0\u00bbjustify\u00a0\u00bb][vc_column_text] Home Secteurs de stages Agriculture horticulture Stage Erasmus : Paysagiste [\/vc_column_text][vc_custom_heading text=\u00a0\u00bbStage Erasmus Paysagiste : une exp\u00e9rience enrichissante pour votre carri\u00e8re\u00a0\u00bb use_theme_fonts=\u00a0\u00bbyes\u00a0\u00bb css=\u00a0\u00bb.vc_custom_1687363443929{margin-top:<\/p>\n","protected":false},"author":2,"featured_media":0,"parent":11926,"menu_order":0,"comment_status":"closed","ping_status":"closed","template":"","meta":{"footnotes":""},"class_list":["post-18384","page","type-page","status-publish","hentry"],"_links":{"self":[{"href":"https:\/\/espamob.com\/fr\/wp-json\/wp\/v2\/pages\/18384","targetHints":{"allow":["GET"]}}],"collection":[{"href":"https:\/\/espamob.com\/fr\/wp-json\/wp\/v2\/pages"}],"about":[{"href":"https:\/\/espamob.com\/fr\/wp-json\/wp\/v2\/types\/page"}],"author":[{"embeddable":true,"href":"https:\/\/espamob.com\/fr\/wp-json\/wp\/v2\/users\/2"}],"replies":[{"embeddable":true,"href":"https:\/\/espamob.com\/fr\/wp-json\/wp\/v2\/comments?post=18384"}],"version-history":[{"count":0,"href":"https:\/\/espamob.com\/fr\/wp-json\/wp\/v2\/pages\/18384\/revisions"}],"up":[{"embeddable":true,"href":"https:\/\/espamob.com\/fr\/wp-json\/wp\/v2\/pages\/11926"}],"wp:attachment":[{"href":"https:\/\/espamob.com\/fr\/wp-json\/wp\/v2\/media?parent=18384"}],"curies":[{"name":"wp","href":"https:\/\/api.w.org\/{rel}","templated":true}]}}