{"id":18382,"date":"2023-08-22T00:00:00","date_gmt":"2023-08-22T00:00:00","guid":{"rendered":"https:\/\/www.espamob.com\/?page_id=18382"},"modified":"2024-01-22T18:36:56","modified_gmt":"2024-01-22T18:36:56","slug":"stage-erasmus-maraichage","status":"publish","type":"page","link":"https:\/\/espamob.com\/fr\/secteur-stage-entreprise-erasmusplus\/agriculture-horticulture\/stage-erasmus-maraichage\/","title":{"rendered":"Stage Erasmus : Mara\u00eechage"},"content":{"rendered":"<div class=\"wpb-content-wrapper\"><p>[vc_row css=\u00a0\u00bb.vc_custom_1705948309161{margin-top: -20px !important;margin-bottom: 40px !important;background-image: url(https:\/\/espamob.com\/wp-content\/uploads\/2024\/01\/Jardineria.webp?id=22920) !important;}\u00a0\u00bb conditional_render=\u00a0\u00bb%5B%7B%22value_role%22%3A%22administrator%22%7D%5D\u00a0\u00bb][vc_column css=\u00a0\u00bb.vc_custom_1687965657482{padding-top: 30px !important;}\u00a0\u00bb conditional_render=\u00a0\u00bb%5B%7B%22value_role%22%3A%22administrator%22%7D%5D\u00a0\u00bb][vc_empty_space height=\u00a0\u00bb170&Prime;][vc_custom_heading text=\u00a0\u00bbStage Erasmus : Mara\u00eechage\u00a0\u00bb font_container=\u00a0\u00bbtag:h1|font_size:27|text_align:center|color:%23ffffff\u00a0\u00bb use_theme_fonts=\u00a0\u00bbyes\u00a0\u00bb css=\u00a0\u00bb.vc_custom_1705948017246{margin-bottom: 15px !important;background-color: rgba(136,136,136,0.29) !important;*background-color: rgb(136,136,136) !important;}\u00a0\u00bb animation_type=\u00a0\u00bbzoomIn\u00a0\u00bb][vc_empty_space height=\u00a0\u00bb40&Prime;][\/vc_column][\/vc_row][vc_row wrap_container=\u00a0\u00bbyes\u00a0\u00bb text_align=\u00a0\u00bbjustify\u00a0\u00bb][vc_column text_align=\u00a0\u00bbjustify\u00a0\u00bb][vc_column_text]<\/p>\n<nav aria-label=\"breadcrumb\">\n<ol class=\"breadcrumb\">\n<li class=\"breadcrumb-item\"><a href=\"https:\/\/espamob.com\/\">Home<\/a><\/li>\n<li class=\"breadcrumb-item\"><a href=\"https:\/\/espamob.com\/fr\/secteur-stage-entreprise-erasmusplus\/\">Secteurs de stages<\/a><\/li>\n<li class=\"breadcrumb-item\"><a href=\"https:\/\/espamob.com\/fr\/secteur-stage-entreprise-erasmusplus\/agriculture-horticulture\/\">Agriculture horticulture<\/a><\/li>\n<li class=\"breadcrumb-item active\" aria-current=\"page\">Stage Erasmus : Mara\u00eechage<\/li>\n<\/ol>\n<\/nav>\n<p>[\/vc_column_text][vc_custom_heading text=\u00a0\u00bbStage Erasmus Mara\u00eechage&nbsp;: une opportunit\u00e9 pour les \u00e9tudiants en agriculture\u00a0\u00bb use_theme_fonts=\u00a0\u00bbyes\u00a0\u00bb css=\u00a0\u00bb.vc_custom_1687363443929{margin-top: 20px !important;}\u00a0\u00bb][vc_separator][vc_row_inner][vc_column_inner width=\u00a0\u00bb7\/12&Prime;][vc_column_text]<\/p>\n<p>Le <strong>stage Erasmus Mara\u00eechage<\/strong> est un programme d&rsquo;\u00e9changes qui permet aux \u00e9tudiants de se former dans le domaine de l&rsquo;agriculture, plus sp\u00e9cifiquement dans la production de fruits et l\u00e9gumes. Ce stage offre une exp\u00e9rience professionnelle unique et enrichissante, favorisant le d\u00e9veloppement des comp\u00e9tences techniques et interculturelles. Dans cet article, nous allons explorer les diff\u00e9rentes facettes du stage Erasmus Mara\u00eechage et mettre en avant les atouts qu&rsquo;il pr\u00e9sente pour les \u00e9tudiants.<\/p>\n<h2>Qu&rsquo;est-ce que le stage Erasmus Mara\u00eechage&nbsp;?<\/h2>\n<p>Il s&rsquo;agit d&rsquo;un stage professionnel effectu\u00e9 \u00e0 l&rsquo;\u00e9tranger, au sein d&rsquo;une entreprise ou d&rsquo;une exploitation agricole sp\u00e9cialis\u00e9e dans la culture mara\u00eech\u00e8re. Les \u00e9tudiants ont ainsi l&rsquo;opportunit\u00e9 d&rsquo;apprendre les techniques et pratiques sp\u00e9cifiques \u00e0 ce secteur, tout en d\u00e9couvrant un nouveau pays et une nouvelle culture. Le stage Erasmus Mara\u00eechage s&rsquo;int\u00e8gre g\u00e9n\u00e9ralement dans le cadre d&rsquo;un cursus scolaire li\u00e9 \u00e0 l&rsquo;agriculture, \u00e0 l&rsquo;am\u00e9nagement du territoire ou encore \u00e0 l&rsquo;\u00e9levage \u00e9quin.<\/p>\n<h3>Pourquoi choisir un stage Erasmus dans le mara\u00eechage&nbsp;?<\/h3>\n<p>Les raisons sont multiples et peuvent varier selon les objectifs professionnels et personnels de chaque \u00e9tudiant. Voici quelques-uns des avantages de participer \u00e0 un stage Erasmus Mara\u00eechage&nbsp;:<\/p>\n<ul>\n<li><strong>D\u00e9velopper des comp\u00e9tences techniques<\/strong> : le mara\u00eechage est un secteur qui demande des connaissances pointues et une ma\u00eetrise de techniques sp\u00e9cifiques. Le stage Erasmus permet aux \u00e9tudiants d&rsquo;acqu\u00e9rir ces comp\u00e9tences, en les mettant en pratique dans un environnement professionnel.<\/li>\n<li><strong>Vivre une exp\u00e9rience internationale<\/strong> : effectuer un stage \u00e0 l&rsquo;\u00e9tranger est une opportunit\u00e9 unique de vivre une exp\u00e9rience interculturelle, d&rsquo;apprendre ou de perfectionner une langue \u00e9trang\u00e8re et de d\u00e9couvrir de nouvelles pratiques agricoles.<\/li>\n<li><strong>Se cr\u00e9er un r\u00e9seau professionnel<\/strong> : \u00eatre en contact avec des professionnels du secteur permet de nouer des liens et d&rsquo;\u00e9toffer son carnet d&rsquo;adresses, ce qui peut s&rsquo;av\u00e9rer pr\u00e9cieux pour la recherche d&rsquo;un emploi futur.<\/li>\n<li><strong>Valoriser son CV<\/strong> : un stage Erasmus Mara\u00eechage prouve aux recruteurs que vous \u00eates capable de vous adapter \u00e0 un nouvel environnement et que vous poss\u00e9dez des comp\u00e9tences techniques sp\u00e9cifiques.<\/li>\n<\/ul>\n<h2>Comment trouver un stage Erasmus Mara\u00eechage&nbsp;?<\/h2>\n<p>Pour acc\u00e9der \u00e0 un stage Erasmus Mara\u00eechage, il convient tout d&rsquo;abord de se renseigner aupr\u00e8s de son \u00e9tablissement scolaire, qui pourra vous orienter vers des offres de stage et des organismes partenaires. Voici quelques conseils pour mettre toutes les chances de votre c\u00f4t\u00e9&nbsp;:<\/p>\n<h3>Chercher des offres de stage<\/h3>\n<p>Consultez r\u00e9guli\u00e8rement les sites internet et les r\u00e9seaux sociaux des \u00e9coles, universit\u00e9s et organismes agricoles proposant des stages Erasmus Mara\u00eechage. N&rsquo;h\u00e9sitez pas \u00e0 vous inscrire \u00e0 des newsletters ou \u00e0 mettre en place des alertes pour \u00eatre inform\u00e9(e) des nouvelles offres.<\/p>\n<h3>Mobiliser son r\u00e9seau<\/h3>\n<p>Parlez de votre projet de stage Erasmus Mara\u00eechage autour de vous : famille, amis, enseignants, anciens \u00e9l\u00e8ves&#8230; Ils peuvent avoir connaissance d&rsquo;offres de stage ou vous mettre en relation avec des professionnels du secteur.<\/p>\n<h3>R\u00e9diger un CV et une lettre de motivation adapt\u00e9s<\/h3>\n<p>Pour postuler \u00e0 un stage Erasmus Mara\u00eechage, il est essentiel de soigner la r\u00e9daction de son CV et de sa lettre de motivation. Mettez en avant vos comp\u00e9tences techniques et linguistiques, ainsi que les exp\u00e9riences professionnelles ou associatives qui vous ont permis de d\u00e9velopper des aptitudes utiles dans le cadre d&rsquo;un stage mara\u00eecher.<\/p>\n<p>[\/vc_column_text][\/vc_column_inner][vc_column_inner width=\u00a0\u00bb1\/12&Prime;][\/vc_column_inner][vc_column_inner width=\u00a0\u00bb4\/12&Prime;][vc_single_image image=\u00a0\u00bb18228&Prime; img_size=\u00a0\u00bb400*400&Prime; alignment=\u00a0\u00bbright\u00a0\u00bb style=\u00a0\u00bbvc_box_rounded\u00a0\u00bb][vc_btn title=\u00a0\u00bbJe veux en savoir plus\u00a0\u00bb style=\u00a0\u00bbcustom\u00a0\u00bb custom_background=\u00a0\u00bb#e20000&Prime; custom_text=\u00a0\u00bb#ffffff\u00a0\u00bb align=\u00a0\u00bbcenter\u00a0\u00bb link=\u00a0\u00bburl:https%3A%2F%2Fespamob.com%2Ffr%2Fcontact%2F|title:FR%20Secteurs|target:_blank\u00a0\u00bb][\/vc_column_inner][\/vc_row_inner][vc_custom_heading text=\u00a0\u00bbSe pr\u00e9parer au stage Erasmus Mara\u00eechage\u00a0\u00bb font_container=\u00a0\u00bbtag:h3|text_align:left\u00a0\u00bb use_theme_fonts=\u00a0\u00bbyes\u00a0\u00bb css=\u00a0\u00bb.vc_custom_1689259044425{margin-top: 20px !important;}\u00a0\u00bb][vc_separator][vc_row_inner][vc_column_inner width=\u00a0\u00bb7\/12&Prime;][vc_column_text]<\/p>\n<p>Une fois votre stage trouv\u00e9, il est temps de vous pr\u00e9parer \u00e0 vivre cette exp\u00e9rience unique. Voici quelques conseils pour bien aborder votre stage Erasmus Mara\u00eechage&nbsp;:<\/p>\n<h3>S&rsquo;informer sur les conditions de travail et le pays d&rsquo;accueil<\/h3>\n<p>Renseignez-vous sur les horaires de travail, les t\u00e2ches qui vous seront confi\u00e9es et les conditions de logement. Il est \u00e9galement important de se familiariser avec la culture et les coutumes du pays d&rsquo;accueil, ainsi que d&rsquo;apprendre quelques mots de la langue locale.<\/p>\n<h3>Effectuer les d\u00e9marches administratives n\u00e9cessaires<\/h3>\n<p>V\u00e9rifiez les formalit\u00e9s \u00e0 accomplir pour obtenir un visa, une assurance sant\u00e9 et un permis de travail si n\u00e9cessaire. Pensez \u00e9galement \u00e0 vous inscrire aupr\u00e8s du consulat fran\u00e7ais dans le pays d&rsquo;accueil.<\/p>\n<h3>Pr\u00e9parer son d\u00e9part<\/h3>\n<p>Faites une liste des affaires \u00e0 emporter, en tenant compte des conditions climatiques et des exigences de votre stage. Pr\u00e9voyez un budget pour couvrir vos frais sur place (logement, nourriture, transports&#8230;) et pr\u00e9parez-vous \u00e0 vivre loin de votre famille et de vos amis pendant plusieurs mois.<\/p>\n<p>En somme, le stage Erasmus Mara\u00eechage est une occasion unique de d\u00e9velopper des comp\u00e9tences professionnelles et interculturelles dans le secteur de l&rsquo;agriculture. Il permet aux \u00e9tudiants de s&rsquo;immerger dans un nouvel environnement et de se former aux techniques sp\u00e9cifiques du mara\u00eechage. Alors n&rsquo;h\u00e9sitez plus, lancez-vous dans cette aventure enrichissante et formatrice&nbsp;!<\/p>\n<p>[\/vc_column_text][\/vc_column_inner][vc_column_inner width=\u00a0\u00bb1\/12&Prime;][\/vc_column_inner][vc_column_inner width=\u00a0\u00bb4\/12&Prime;][vc_raw_html]JTNDZGl2JTIwc3R5bGUlM0QlMjJwYWRkaW5nJTNBJTIwMzBweCUzQmJhY2tncm91bmQtY29sb3IlM0ElMjAlMjNGNEY0RjQlM0IlMjIlM0UlMEElMjAlMjAlMjAlMjAlM0NoNCUzRUQlQzMlQTljb3V2cmV6JTIwdG91cyUyMGxlcyUyMHNlY3RldXJzJTIwZGUlMjBzdGFnZXMlM0MlMkZoNCUzRSUwQSUyMCUyMCUyMCUyMCUzQ3AlM0VFc3BhbW9iJTIwZXN0JTIwc3AlQzMlQTljaWFsaXN0ZSUyMGRhbnMlMjBsJUUyJTgwJTk5YWNjb21wYWduZW1lbnQlMjBkZSUyMGdyb3VwZSUyMGRhbnMlMjBsZXVyJTIwbW9iaWxpdCVDMyVBOSUyMEVyYXNtdXMlMjAlMkIuJTIwRCVDMyVBOWNvdXZyZXolMjBlbiUyMHF1ZWxxdWVzJTIwY2xpcyUyMHRvdXMlMjBsZXMlMjBzZWN0ZXVycyUyMGRlJTIwc3RhZ2UlMjBFcmFzbXVzJTIwZW4lMjBFc3BhZ25lLiUzQyUyRnAlM0UlMEElMjAlMjAlMjAlMjAlM0NhJTIwY2xhc3MlM0QlMjJ2Y19nZW5lcmFsJTIwdmNfYnRuMyUyMHZjX2J0bjMtc2l6ZS1tZCUyMHZjX2J0bjMtc2hhcGUtZGVmYXVsdCUyMHZjX2J0bjMtc3R5bGUtY3VzdG9tJTIwd3BiX2N1c3RvbV82Njg3YjI2ZjM5NDg4ZGRiYjg1ZGRiM2MxY2U4ZTExMSUyMGJ0biUyMiUyMHN0eWxlJTNEJTIyYmFja2dyb3VuZC1jb2xvciUzQSUyM2UyMDAwMCUzQiUyMGNvbG9yJTNBJTIzZmZmZmZmJTNCJTIwYmFja2dyb3VuZC1jb2xvciUzQSUyM2UyMDAwMCUzQiUyMGNvbG9yJTNBJTIzZmZmZmZmJTNCJTIyJTIwaHJlZiUzRCUyMmh0dHBzJTNBJTJGJTJGd3d3LmVzcGFtb2IuY29tJTJGZnIlMkZjb250YWN0JTJGJTIyJTIwdGl0bGUlM0QlMjJGUiUyMFNlY3RldXJzJTIyJTIwdGFyZ2V0JTNEJTIyX2JsYW5rJTIyJTNFSmUlMjBkJUMzJUE5Y291dnJlJTIwbGVzJTIwc2VjdGV1cnMlM0MlMkZhJTNFJTBBJTNDJTJGZGl2JTNF[\/vc_raw_html][\/vc_column_inner][\/vc_row_inner][\/vc_column][\/vc_row][vc_row full_width=\u00a0\u00bbstretch_row\u00a0\u00bb wrap_container=\u00a0\u00bbyes\u00a0\u00bb is_section=\u00a0\u00bbyes\u00a0\u00bb css=\u00a0\u00bb.vc_custom_1688548809334{margin-top: 20px !important;border-top-width: 0px !important;background-color: #f8f392 !important;}\u00a0\u00bb conditional_render=\u00a0\u00bb%5B%7B%22value_role%22%3A%22administrator%22%7D%5D\u00a0\u00bb][vc_column][vc_row_inner css=\u00a0\u00bb.vc_custom_1688548648248{background-color: #f8f392 !important;}\u00a0\u00bb][vc_column_inner][vc_custom_heading text=\u00a0\u00bbFaire une demande de devis gratuit\u00a0\u00bb font_container=\u00a0\u00bbtag:h2|text_align:center\u00a0\u00bb use_theme_fonts=\u00a0\u00bbyes\u00a0\u00bb][vc_column_text]<\/p>\n<p style=\"text-align: justify;\">Vous avez une id\u00e9e de  projet Erasmus +  en Espagne et vous cherchez un partenaire de confiance pour vous accompagner ? <strong>Espamob\u2019<\/strong> est l\u00e0 pour vous aider ! Nous vous proposons un devis gratuit et sans engagement pour vous aider \u00e0 g\u00e9rer votre projet de mobilit\u00e9. Gr\u00e2ce \u00e0 notre expertise  et \u00e0 notre r\u00e9seau d\u2019entreprises partenaires, nous sommes en mesure de vous offrir un accompagnement personnalis\u00e9 pour r\u00e9pondre \u00e0 vos besoins sp\u00e9cifiques. Contactez-nous d\u00e8s maintenant pour discuter de votre projet et obtenir votre devis gratuit.<\/p>\n<p>[\/vc_column_text]<div id=\"modal-trg-txt-wrap-5175\" class=\"ult-modal-input-wrapper ult-adjust-bottom-margin    \" data-keypress-control=\"keypress-control-enable\" data-overlay-control=\"overlay-control-enable\"><style>\n\t\t\t\t\t.btn-modal.btn-id-69e77b987e0839-29958384:hover {\n\t\t\t\t\t\tbackground-color: #e20000 !important;\n\t\t\t\t\t}\n\t\t\t\t\t<\/style><button  data-ultimate-target='#modal-trg-txt-wrap-5175 .btn-modal'  data-responsive-json-new='{\"font-size\":\"\",\"line-height\":\"\"}'  style=\"background:#888888;border-color:#888888;color:#ffffff; \" data-class-id=\"content-69e77b987e0839-29958384\" class=\"btn-modal ult-responsive btn-primary btn-modal-md overlay-show ult-align-center btn-id-69e77b987e0839-29958384\" data-overlay-class=\"overlay-cornerbottomleft\">DEMANDE DEVIS GRATUIT<\/button><\/div>\n<div class=\"ult-overlay content-69e77b987e0839-29958384 \" data-class=\"content-69e77b987e0839-29958384\" id=\"button-click-overlay\" style=\"background:rgba(51,51,51,0.8); display:none;\">\n\t<div class=\"ult_modal ult-fade ult-medium\">\n\t\t<div id=\"ult-modal-wrap-1556\" class=\"ult_modal-content ult-hide\" style=\"border-style:solid;border-width:2px;border-radius:0px;border-color:#333333;\">\n\t\t\t<div class=\"ult_modal-header\" style=\"color:#333333;border-color:#333333;\">\n\t\t\t\t<h3  data-ultimate-target='#ult-modal-wrap-1556 .ult_modal-title'  data-responsive-json-new='{\"font-size\":\"\",\"line-height\":\"\"}'  class=\"ult_modal-title ult-responsive\">Demande devis gratuit<\/h3>\n\t\t\t<\/div>\n\t\t\t<div  data-ultimate-target='#ult-modal-wrap-1556 .ult_modal-body'  data-responsive-json-new='{\"font-size\":\"\",\"line-height\":\"\"}'  class=\"ult_modal-body ult-responsive ult-html\" style=\"\">\n\t\t\t<\/p>\n<p>[caldera_form id=\u00a0\u00bbCF614462cc44616&Prime;]<\/p>\n<p>\n\t\t\t<\/div>\n\t<\/div>\n\t<\/div>\n\t<div class=\"ult-overlay-close top-right\" style=\"width:80px;height:80px; \"><div class=\"ult-overlay-close-inside\">Close<\/div><\/div>\n<\/div>[\/vc_column_inner][\/vc_row_inner][\/vc_column][\/vc_row][vc_row wrap_container=\u00a0\u00bbyes\u00a0\u00bb css=\u00a0\u00bb.vc_custom_1689256499740{margin-top: 15px !important;}\u00a0\u00bb conditional_render=\u00a0\u00bb%5B%7B%22value_role%22%3A%22administrator%22%7D%5D\u00a0\u00bb][vc_column][vc_custom_heading text=\u00a0\u00bbQuestions fr\u00e9quentes\u00a0\u00bb font_container=\u00a0\u00bbtag:h2|text_align:center|color:%23000000&Prime; use_theme_fonts=\u00a0\u00bbyes\u00a0\u00bb][vc_separator][vc_row_inner][vc_column_inner width=\u00a0\u00bb7\/12&Prime;][vc_column_text]<\/p>\n<h3>Quels sont les services propos\u00e9s par Espamob pour les stages Erasmus en Mara\u00eechage ?<\/h3>\n<p>Espamob propose une gestion compl\u00e8te des projets de mobilit\u00e9 Erasmus en Mara\u00eechage. Cela inclut l&rsquo;accompagnement dans la cr\u00e9ation du projet, la recherche de financement, l&rsquo;accueil dans les universit\u00e9s et les entreprises partenaires pour les stages, la recherche de logements sur place et le transfert depuis l&rsquo;a\u00e9roport.<\/p>\n<h3>Comment Espamob aide-t-il \u00e0 trouver un financement pour les stages Erasmus en Mara\u00eechage ?<\/h3>\n<p>Espamob met \u00e0 disposition des groupes des informations et des conseils pour les aider \u00e0 trouver un financement pour leur stage Erasmus en Mara\u00eechage. L&rsquo;agence peut \u00e9galement les orienter vers des organismes ou des programmes de financement adapt\u00e9s \u00e0 leur projet.<\/p>\n<h3>Comment se d\u00e9roule l&rsquo;accueil dans les universit\u00e9s et les entreprises partenaires pour les stages Erasmus en Mara\u00eechage ?<\/h3>\n<p>Espamob s&rsquo;occupe de l&rsquo;organisation de l&rsquo;accueil dans les universit\u00e9s et les entreprises partenaires pour les stages Erasmus en Mara\u00eechage. L&rsquo;agence facilite les d\u00e9marches administratives, assure la coordination avec les \u00e9tablissements d&rsquo;accueil et veille au bon d\u00e9roulement du s\u00e9jour des groupes.<\/p>\n<p>[\/vc_column_text][\/vc_column_inner][vc_column_inner width=\u00a0\u00bb1\/12&Prime;][\/vc_column_inner][vc_column_inner width=\u00a0\u00bb4\/12&Prime;][vc_single_image image=\u00a0\u00bb15074&Prime; img_size=\u00a0\u00bbfull\u00a0\u00bb][vc_column_text]<strong>Renseignez-vous sur les diff\u00e9rentes destinations Erasmus + en Espagne :<\/strong><\/p>\n<ul>\n<li><a href=\"https:\/\/espamob.com\/fr\/secteur-stage-entreprise-erasmusplus\/agriculture-horticulture\/stage-erasmus-production-animale\">Stage Erasmus Production animale<\/a><\/li>\n<li><a href=\"https:\/\/espamob.com\/fr\/secteur-stage-entreprise-erasmusplus\/agriculture-horticulture\/stage-erasmus-production-vegetale\">Stage Erasmus Production v\u00e9g\u00e9tale<\/a><\/li>\n<li><a href=\"https:\/\/espamob.com\/fr\/secteur-stage-entreprise-erasmusplus\/agriculture-horticulture\/stage-erasmus-fleuriste\">Stage Erasmus Fleuriste<\/a><\/li>\n<li><a href=\"https:\/\/espamob.com\/fr\/secteur-stage-entreprise-erasmusplus\/agriculture-horticulture\/stage-erasmus-paysagiste\">Stage Erasmus Paysagiste<\/a><\/li>\n<li><a href=\"https:\/\/espamob.com\/fr\/secteur-stage-entreprise-erasmusplus\/agriculture-horticulture\/stage-erasmus-mecanicien\">Stage Erasmus M\u00e9canicien<\/a><\/li>\n<li><a href=\"https:\/\/espamob.com\/fr\/secteur-stage-entreprise-erasmusplus\/agriculture-horticulture\/stage-erasmus-palefrenier\">Stage Erasmus Palefrenier<\/a><\/li>\n<li><a href=\"https:\/\/espamob.com\/fr\/secteur-stage-entreprise-erasmusplus\/agriculture-horticulture\/stage-erasmus-marechal-ferrant\">Stage Erasmus Mar\u00e9chal Ferrant<\/a><\/li>\n<\/ul>\n<p>[\/vc_column_text][\/vc_column_inner][\/vc_row_inner][\/vc_column][\/vc_row]<\/p>\n<\/div>","protected":false},"excerpt":{"rendered":"<p>[vc_row css=\u00a0\u00bb.vc_custom_1705948309161{margin-top: -20px !important;margin-bottom: 40px !important;background-image: url(https:\/\/espamob.com\/wp-content\/uploads\/2024\/01\/Jardineria.webp?id=22920) !important;}\u00a0\u00bb conditional_render=\u00a0\u00bb%5B%7B%22value_role%22%3A%22administrator%22%7D%5D\u00a0\u00bb][vc_column css=\u00a0\u00bb.vc_custom_1687965657482{padding-top: 30px !important;}\u00a0\u00bb conditional_render=\u00a0\u00bb%5B%7B%22value_role%22%3A%22administrator%22%7D%5D\u00a0\u00bb][vc_empty_space height=\u00a0\u00bb170&Prime;][vc_custom_heading text=\u00a0\u00bbStage Erasmus : Mara\u00eechage\u00a0\u00bb font_container=\u00a0\u00bbtag:h1|font_size:27|text_align:center|color:%23ffffff\u00a0\u00bb use_theme_fonts=\u00a0\u00bbyes\u00a0\u00bb css=\u00a0\u00bb.vc_custom_1705948017246{margin-bottom: 15px !important;background-color: rgba(136,136,136,0.29) !important;*background-color: rgb(136,136,136) !important;}\u00a0\u00bb animation_type=\u00a0\u00bbzoomIn\u00a0\u00bb][vc_empty_space height=\u00a0\u00bb40&Prime;][\/vc_column][\/vc_row][vc_row wrap_container=\u00a0\u00bbyes\u00a0\u00bb text_align=\u00a0\u00bbjustify\u00a0\u00bb][vc_column text_align=\u00a0\u00bbjustify\u00a0\u00bb][vc_column_text] Home Secteurs de stages Agriculture horticulture Stage Erasmus : Mara\u00eechage [\/vc_column_text][vc_custom_heading text=\u00a0\u00bbStage Erasmus Mara\u00eechage&nbsp;: une opportunit\u00e9 pour les \u00e9tudiants en agriculture\u00a0\u00bb use_theme_fonts=\u00a0\u00bbyes\u00a0\u00bb css=\u00a0\u00bb.vc_custom_1687363443929{margin-top:<\/p>\n","protected":false},"author":2,"featured_media":0,"parent":11926,"menu_order":0,"comment_status":"closed","ping_status":"closed","template":"","meta":{"footnotes":""},"class_list":["post-18382","page","type-page","status-publish","hentry"],"_links":{"self":[{"href":"https:\/\/espamob.com\/fr\/wp-json\/wp\/v2\/pages\/18382","targetHints":{"allow":["GET"]}}],"collection":[{"href":"https:\/\/espamob.com\/fr\/wp-json\/wp\/v2\/pages"}],"about":[{"href":"https:\/\/espamob.com\/fr\/wp-json\/wp\/v2\/types\/page"}],"author":[{"embeddable":true,"href":"https:\/\/espamob.com\/fr\/wp-json\/wp\/v2\/users\/2"}],"replies":[{"embeddable":true,"href":"https:\/\/espamob.com\/fr\/wp-json\/wp\/v2\/comments?post=18382"}],"version-history":[{"count":0,"href":"https:\/\/espamob.com\/fr\/wp-json\/wp\/v2\/pages\/18382\/revisions"}],"up":[{"embeddable":true,"href":"https:\/\/espamob.com\/fr\/wp-json\/wp\/v2\/pages\/11926"}],"wp:attachment":[{"href":"https:\/\/espamob.com\/fr\/wp-json\/wp\/v2\/media?parent=18382"}],"curies":[{"name":"wp","href":"https:\/\/api.w.org\/{rel}","templated":true}]}}