{"id":18380,"date":"2023-08-22T00:00:00","date_gmt":"2023-08-22T00:00:00","guid":{"rendered":"https:\/\/www.espamob.com\/?page_id=18380"},"modified":"2024-01-22T18:36:47","modified_gmt":"2024-01-22T18:36:47","slug":"stage-erasmus-production-animale","status":"publish","type":"page","link":"https:\/\/espamob.com\/fr\/secteur-stage-entreprise-erasmusplus\/agriculture-horticulture\/stage-erasmus-production-animale\/","title":{"rendered":"Stage Erasmus : Production animale"},"content":{"rendered":"<div class=\"wpb-content-wrapper\"><p>[vc_row css=\u00a0\u00bb.vc_custom_1705948526936{margin-top: -20px !important;margin-bottom: 40px !important;background-image: url(https:\/\/espamob.com\/wp-content\/uploads\/2024\/01\/Produccion-animal.webp?id=22930) !important;}\u00a0\u00bb conditional_render=\u00a0\u00bb%5B%7B%22value_role%22%3A%22administrator%22%7D%5D\u00a0\u00bb][vc_column css=\u00a0\u00bb.vc_custom_1687965657482{padding-top: 30px !important;}\u00a0\u00bb conditional_render=\u00a0\u00bb%5B%7B%22value_role%22%3A%22administrator%22%7D%5D\u00a0\u00bb][vc_empty_space height=\u00a0\u00bb170&Prime;][vc_custom_heading text=\u00a0\u00bbStage Erasmus : Production animale\u00a0\u00bb font_container=\u00a0\u00bbtag:h1|font_size:27|text_align:center|color:%23ffffff\u00a0\u00bb use_theme_fonts=\u00a0\u00bbyes\u00a0\u00bb css=\u00a0\u00bb.vc_custom_1705948506180{margin-bottom: 15px !important;background-color: rgba(136,136,136,0.29) !important;*background-color: rgb(136,136,136) !important;}\u00a0\u00bb animation_type=\u00a0\u00bbzoomIn\u00a0\u00bb][vc_empty_space height=\u00a0\u00bb40&Prime;][\/vc_column][\/vc_row][vc_row wrap_container=\u00a0\u00bbyes\u00a0\u00bb text_align=\u00a0\u00bbjustify\u00a0\u00bb][vc_column text_align=\u00a0\u00bbjustify\u00a0\u00bb][vc_column_text]<\/p>\n<nav aria-label=\"breadcrumb\">\n<ol class=\"breadcrumb\">\n<li class=\"breadcrumb-item\"><a href=\"https:\/\/espamob.com\/\">Home<\/a><\/li>\n<li class=\"breadcrumb-item\"><a href=\"https:\/\/espamob.com\/fr\/secteur-stage-entreprise-erasmusplus\/\">Secteurs de stages<\/a><\/li>\n<li class=\"breadcrumb-item\"><a href=\"https:\/\/espamob.com\/fr\/secteur-stage-entreprise-erasmusplus\/agriculture-horticulture\/\">Agriculture horticulture<\/a><\/li>\n<li class=\"breadcrumb-item active\" aria-current=\"page\">Stage Erasmus : Production animale<\/li>\n<\/ol>\n<\/nav>\n<p>[\/vc_column_text][vc_custom_heading text=\u00a0\u00bbParticipez \u00e0 une exp\u00e9rience enrichissante avec un stage Erasmus en production animale\u00a0\u00bb use_theme_fonts=\u00a0\u00bbyes\u00a0\u00bb css=\u00a0\u00bb.vc_custom_1687363443929{margin-top: 20px !important;}\u00a0\u00bb][vc_separator][vc_row_inner][vc_column_inner width=\u00a0\u00bb7\/12&Prime;][vc_column_text]<\/p>\n<p>Le programme Erasmus+ offre de nombreuses opportunit\u00e9s pour les \u00e9tudiants dans divers domaines, notamment l&rsquo;agriculture et la production animale. Un <strong>stage Erasmus en production animale<\/strong> vous permettra de d\u00e9velopper vos comp\u00e9tences professionnelles tout en d\u00e9couvrant une nouvelle culture et des pratiques agricoles diff\u00e9rentes. Dans cet article, nous aborderons les principales raisons pour lesquelles vous devriez envisager un stage Erasmus en production animale et les diff\u00e9rentes options disponibles.<\/p>\n<h2>Les avantages d&rsquo;un stage Erasmus en production animale<\/h2>\n<p>Effectuer un stage Erasmus en production animale pr\u00e9sente plusieurs avantages :<\/p>\n<ul>\n<li><strong>Acquisition d&rsquo;une exp\u00e9rience professionnelle internationale&nbsp;:<\/strong> Travailler dans un autre pays vous permet de d\u00e9couvrir de nouvelles m\u00e9thodes de travail et de gestion de la production animale. Cela peut \u00eatre tr\u00e8s b\u00e9n\u00e9fique pour votre carri\u00e8re future.<\/li>\n<li><strong>D\u00e9veloppement de comp\u00e9tences linguistiques&nbsp;:<\/strong> Un stage \u00e0 l&rsquo;\u00e9tranger est \u00e9galement l&rsquo;occasion d&rsquo;am\u00e9liorer vos comp\u00e9tences linguistiques et d&rsquo;apprendre une nouvelle langue, ce qui est un atout non n\u00e9gligeable sur le march\u00e9 du travail actuel.<\/li>\n<li><strong>R\u00e9seau professionnel \u00e9largi&nbsp;:<\/strong> Lors de votre stage, vous rencontrerez de nombreux professionnels du secteur de la production animale et pourrez ainsi cr\u00e9er des liens qui pourront s&rsquo;av\u00e9rer pr\u00e9cieux pour votre futur professionnel.<\/li>\n<li><strong>D\u00e9couverte d&rsquo;une nouvelle culture&nbsp;:<\/strong> Enfin, un stage Erasmus vous offre la possibilit\u00e9 de d\u00e9couvrir une nouvelle culture et d&rsquo;enrichir votre exp\u00e9rience personnelle.<\/li>\n<\/ul>\n<h2>Les diff\u00e9rents secteurs de la production animale<\/h2>\n<p>La production animale englobe plusieurs secteurs dans lesquels vous pourriez effectuer votre stage Erasmus. Voici quelques exemples :<\/p>\n<h3>Elevage et production laiti\u00e8re<\/h3>\n<p>Dans ce secteur, vous pourrez travailler sur des exploitations d\u00e9di\u00e9es \u00e0 l&rsquo;\u00e9levage de vaches laiti\u00e8res, de ch\u00e8vres ou de brebis. Vos missions pourront inclure la gestion quotidienne des animaux, la traite, l&rsquo;alimentation, le suivi de la reproduction et la maintenance des installations.<\/p>\n<h3>Elevage porcin<\/h3>\n<p>Un stage en \u00e9levage porcin vous permettra de travailler avec des \u00e9leveurs sp\u00e9cialis\u00e9s dans la production de porcs pour la viande. Vous serez amen\u00e9 \u00e0 vous occuper de la reproduction, de la maternit\u00e9, de l&rsquo;engraissement, ainsi que de la gestion sanitaire des animaux.<\/p>\n<h3>Elevage avicole<\/h3>\n<p>Ce secteur comprend l&rsquo;\u00e9levage de volailles, telles que les poulets, dindes, canards et autres oiseaux destin\u00e9s \u00e0 la consommation humaine. Les missions lors d&rsquo;un stage en \u00e9levage avicole sont similaires \u00e0 celles des autres types d&rsquo;\u00e9levage, avec un accent particulier sur la pr\u00e9vention et le contr\u00f4le des maladies aviaires.<\/p>\n<h3>Aquaculture<\/h3>\n<p>L&rsquo;aquaculture concerne la production de poissons, crustac\u00e9s et mollusques dans des environnements contr\u00f4l\u00e9s. Un stage dans ce domaine vous donnera l&rsquo;occasion de travailler sur des fermes piscicoles, des \u00e9closeries ou des sites d&rsquo;\u00e9levage en mer. Vous participerez \u00e0 la gestion quotidienne des animaux, au suivi de leur croissance et \u00e0 la pr\u00e9vention des maladies.<\/p>\n<h3>Elevage \u00e9quin<\/h3>\n<p>Si vous \u00eates passionn\u00e9 par les chevaux, un stage en \u00e9levage \u00e9quin pourrait \u00eatre une excellente option pour vous. Vous apprendrez \u00e0 g\u00e9rer tous les aspects de la vie d&rsquo;un cheval, depuis sa naissance jusqu&rsquo;\u00e0 son entra\u00eenement et sa carri\u00e8re sportive. Les domaines d&rsquo;intervention peuvent inclure la reproduction, le d\u00e9bourrage, l&rsquo;entra\u00eenement et la participation \u00e0 des comp\u00e9titions \u00e9questres.<\/p>\n<p>[\/vc_column_text][\/vc_column_inner][vc_column_inner width=\u00a0\u00bb1\/12&Prime;][\/vc_column_inner][vc_column_inner width=\u00a0\u00bb4\/12&Prime;][vc_single_image image=\u00a0\u00bb18293&Prime; img_size=\u00a0\u00bb400*400&Prime; alignment=\u00a0\u00bbright\u00a0\u00bb style=\u00a0\u00bbvc_box_rounded\u00a0\u00bb][vc_btn title=\u00a0\u00bbJe veux en savoir plus\u00a0\u00bb style=\u00a0\u00bbcustom\u00a0\u00bb custom_background=\u00a0\u00bb#e20000&Prime; custom_text=\u00a0\u00bb#ffffff\u00a0\u00bb align=\u00a0\u00bbcenter\u00a0\u00bb link=\u00a0\u00bburl:https%3A%2F%2Fespamob.com%2Ffr%2Fcontact%2F|title:FR%20Secteurs|target:_blank\u00a0\u00bb][\/vc_column_inner][\/vc_row_inner][vc_custom_heading text=\u00a0\u00bbTrouver le bon stage Erasmus en production animale\u00a0\u00bb font_container=\u00a0\u00bbtag:h3|text_align:left\u00a0\u00bb use_theme_fonts=\u00a0\u00bbyes\u00a0\u00bb css=\u00a0\u00bb.vc_custom_1689259044425{margin-top: 20px !important;}\u00a0\u00bb][vc_separator][vc_row_inner][vc_column_inner width=\u00a0\u00bb7\/12&Prime;][vc_column_text]<\/p>\n<p>Il existe plusieurs ressources pour trouver un stage Erasmus en production animale :<\/p>\n<ol>\n<li><strong>Le bureau Erasmus+ de votre \u00e9tablissement&nbsp;:<\/strong> Renseignez-vous aupr\u00e8s du bureau Erasmus+ de votre universit\u00e9 ou \u00e9cole pour conna\u00eetre les opportunit\u00e9s de stage disponibles. Ils pourront \u00e9galement vous accompagner tout au long du processus de candidature.<\/li>\n<li><strong>Les partenaires acad\u00e9miques&nbsp;:<\/strong> Votre \u00e9tablissement peut avoir des partenariats sp\u00e9cifiques avec des institutions \u00e9trang\u00e8res sp\u00e9cialis\u00e9es dans la production animale. N&rsquo;h\u00e9sitez pas \u00e0 vous renseigner sur ces possibilit\u00e9s de stage.<\/li>\n<li><strong>Les plateformes en ligne&nbsp;:<\/strong> Plusieurs sites web proposent des offres de stage dans le domaine de la production animale. Vous pouvez \u00e9galement utiliser les r\u00e9seaux sociaux professionnels pour identifier des opportunit\u00e9s et entrer en contact avec des entreprises \u00e0 l&rsquo;\u00e9tranger.<\/li>\n<\/ol>\n<h2>Se pr\u00e9parer pour un stage Erasmus en production animale<\/h2>\n<p>Avant de partir en stage Erasmus, il est essentiel de bien se pr\u00e9parer :<\/p>\n<ul>\n<li><strong>Renseignez-vous sur le pays et la culture&nbsp;:<\/strong> Lisez des articles, regardez des vid\u00e9os et parlez avec des personnes qui ont d\u00e9j\u00e0 v\u00e9cu dans le pays o\u00f9 vous effectuerez votre stage. Cela vous aidera \u00e0 mieux comprendre la culture locale et \u00e0 \u00e9viter d&rsquo;\u00e9ventuels malentendus.<\/li>\n<li><strong>Am\u00e9liorez vos comp\u00e9tences linguistiques&nbsp;:<\/strong> Si vous ne ma\u00eetrisez pas encore la langue du pays o\u00f9 vous allez, suivez des cours intensifs ou utilisez des applications d&rsquo;apprentissage en ligne pour am\u00e9liorer votre niveau.<\/li>\n<li><strong>Pr\u00e9parez vos documents administratifs&nbsp;:<\/strong> Assurez-vous d&rsquo;avoir tous les documents n\u00e9cessaires pour votre mobilit\u00e9, tels que passeport, visa, assurance sant\u00e9 et convention de stage.<\/li>\n<li><strong>Organisez votre logement&nbsp;:<\/strong> Recherchez un h\u00e9bergement adapt\u00e9 \u00e0 vos besoins et \u00e0 votre budget avant votre d\u00e9part. Les r\u00e9sidences universitaires peuvent \u00eatre une option int\u00e9ressante, mais n&rsquo;h\u00e9sitez pas \u00e0 explorer d&rsquo;autres possibilit\u00e9s.<\/li>\n<\/ul>\n<p>En somme, un stage Erasmus en production animale est une exp\u00e9rience aussi enrichissante sur le plan professionnel que personnel. Alors n&rsquo;h\u00e9sitez plus, et lancez-vous dans cette aventure unique qui vous permettra de d\u00e9velopper vos comp\u00e9tences et d&rsquo;\u00e9largir votre horizon.<\/p>\n<p>[\/vc_column_text][\/vc_column_inner][vc_column_inner width=\u00a0\u00bb1\/12&Prime;][\/vc_column_inner][vc_column_inner width=\u00a0\u00bb4\/12&Prime;][vc_raw_html]JTNDZGl2JTIwc3R5bGUlM0QlMjJwYWRkaW5nJTNBJTIwMzBweCUzQmJhY2tncm91bmQtY29sb3IlM0ElMjAlMjNGNEY0RjQlM0IlMjIlM0UlMEElMjAlMjAlMjAlMjAlM0NoNCUzRUQlQzMlQTljb3V2cmV6JTIwdG91cyUyMGxlcyUyMHNlY3RldXJzJTIwZGUlMjBzdGFnZXMlM0MlMkZoNCUzRSUwQSUyMCUyMCUyMCUyMCUzQ3AlM0VFc3BhbW9iJTIwZXN0JTIwc3AlQzMlQTljaWFsaXN0ZSUyMGRhbnMlMjBsJUUyJTgwJTk5YWNjb21wYWduZW1lbnQlMjBkZSUyMGdyb3VwZSUyMGRhbnMlMjBsZXVyJTIwbW9iaWxpdCVDMyVBOSUyMEVyYXNtdXMlMjAlMkIuJTIwRCVDMyVBOWNvdXZyZXolMjBlbiUyMHF1ZWxxdWVzJTIwY2xpcyUyMHRvdXMlMjBsZXMlMjBzZWN0ZXVycyUyMGRlJTIwc3RhZ2UlMjBFcmFzbXVzJTIwZW4lMjBFc3BhZ25lLiUzQyUyRnAlM0UlMEElMjAlMjAlMjAlMjAlM0NhJTIwY2xhc3MlM0QlMjJ2Y19nZW5lcmFsJTIwdmNfYnRuMyUyMHZjX2J0bjMtc2l6ZS1tZCUyMHZjX2J0bjMtc2hhcGUtZGVmYXVsdCUyMHZjX2J0bjMtc3R5bGUtY3VzdG9tJTIwd3BiX2N1c3RvbV82Njg3YjI2ZjM5NDg4ZGRiYjg1ZGRiM2MxY2U4ZTExMSUyMGJ0biUyMiUyMHN0eWxlJTNEJTIyYmFja2dyb3VuZC1jb2xvciUzQSUyM2UyMDAwMCUzQiUyMGNvbG9yJTNBJTIzZmZmZmZmJTNCJTIwYmFja2dyb3VuZC1jb2xvciUzQSUyM2UyMDAwMCUzQiUyMGNvbG9yJTNBJTIzZmZmZmZmJTNCJTIyJTIwaHJlZiUzRCUyMmh0dHBzJTNBJTJGJTJGd3d3LmVzcGFtb2IuY29tJTJGZnIlMkZjb250YWN0JTJGJTIyJTIwdGl0bGUlM0QlMjJGUiUyMFNlY3RldXJzJTIyJTIwdGFyZ2V0JTNEJTIyX2JsYW5rJTIyJTNFSmUlMjBkJUMzJUE5Y291dnJlJTIwbGVzJTIwc2VjdGV1cnMlM0MlMkZhJTNFJTBBJTNDJTJGZGl2JTNF[\/vc_raw_html][\/vc_column_inner][\/vc_row_inner][\/vc_column][\/vc_row][vc_row full_width=\u00a0\u00bbstretch_row\u00a0\u00bb wrap_container=\u00a0\u00bbyes\u00a0\u00bb is_section=\u00a0\u00bbyes\u00a0\u00bb css=\u00a0\u00bb.vc_custom_1688548809334{margin-top: 20px !important;border-top-width: 0px !important;background-color: #f8f392 !important;}\u00a0\u00bb conditional_render=\u00a0\u00bb%5B%7B%22value_role%22%3A%22administrator%22%7D%5D\u00a0\u00bb][vc_column][vc_row_inner css=\u00a0\u00bb.vc_custom_1688548648248{background-color: #f8f392 !important;}\u00a0\u00bb][vc_column_inner][vc_custom_heading text=\u00a0\u00bbFaire une demande de devis gratuit\u00a0\u00bb font_container=\u00a0\u00bbtag:h2|text_align:center\u00a0\u00bb use_theme_fonts=\u00a0\u00bbyes\u00a0\u00bb][vc_column_text]<\/p>\n<p style=\"text-align: justify;\">Vous avez une id\u00e9e de  projet Erasmus +  en Espagne et vous cherchez un partenaire de confiance pour vous accompagner ? <strong>Espamob\u2019<\/strong> est l\u00e0 pour vous aider ! Nous vous proposons un devis gratuit et sans engagement pour vous aider \u00e0 g\u00e9rer votre projet de mobilit\u00e9. Gr\u00e2ce \u00e0 notre expertise  et \u00e0 notre r\u00e9seau d\u2019entreprises partenaires, nous sommes en mesure de vous offrir un accompagnement personnalis\u00e9 pour r\u00e9pondre \u00e0 vos besoins sp\u00e9cifiques. Contactez-nous d\u00e8s maintenant pour discuter de votre projet et obtenir votre devis gratuit.<\/p>\n<p>[\/vc_column_text]<div id=\"modal-trg-txt-wrap-2556\" class=\"ult-modal-input-wrapper ult-adjust-bottom-margin    \" data-keypress-control=\"keypress-control-enable\" data-overlay-control=\"overlay-control-enable\"><style>\n\t\t\t\t\t.btn-modal.btn-id-69e77baf7e0391-96212655:hover {\n\t\t\t\t\t\tbackground-color: #e20000 !important;\n\t\t\t\t\t}\n\t\t\t\t\t<\/style><button  data-ultimate-target='#modal-trg-txt-wrap-2556 .btn-modal'  data-responsive-json-new='{\"font-size\":\"\",\"line-height\":\"\"}'  style=\"background:#888888;border-color:#888888;color:#ffffff; \" data-class-id=\"content-69e77baf7e0391-96212655\" class=\"btn-modal ult-responsive btn-primary btn-modal-md overlay-show ult-align-center btn-id-69e77baf7e0391-96212655\" data-overlay-class=\"overlay-cornerbottomleft\">DEMANDE DEVIS GRATUIT<\/button><\/div>\n<div class=\"ult-overlay content-69e77baf7e0391-96212655 \" data-class=\"content-69e77baf7e0391-96212655\" id=\"button-click-overlay\" style=\"background:rgba(51,51,51,0.8); display:none;\">\n\t<div class=\"ult_modal ult-fade ult-medium\">\n\t\t<div id=\"ult-modal-wrap-4811\" class=\"ult_modal-content ult-hide\" style=\"border-style:solid;border-width:2px;border-radius:0px;border-color:#333333;\">\n\t\t\t<div class=\"ult_modal-header\" style=\"color:#333333;border-color:#333333;\">\n\t\t\t\t<h3  data-ultimate-target='#ult-modal-wrap-4811 .ult_modal-title'  data-responsive-json-new='{\"font-size\":\"\",\"line-height\":\"\"}'  class=\"ult_modal-title ult-responsive\">Demande devis gratuit<\/h3>\n\t\t\t<\/div>\n\t\t\t<div  data-ultimate-target='#ult-modal-wrap-4811 .ult_modal-body'  data-responsive-json-new='{\"font-size\":\"\",\"line-height\":\"\"}'  class=\"ult_modal-body ult-responsive ult-html\" style=\"\">\n\t\t\t<\/p>\n<p>[caldera_form id=\u00a0\u00bbCF614462cc44616&Prime;]<\/p>\n<p>\n\t\t\t<\/div>\n\t<\/div>\n\t<\/div>\n\t<div class=\"ult-overlay-close top-right\" style=\"width:80px;height:80px; \"><div class=\"ult-overlay-close-inside\">Close<\/div><\/div>\n<\/div>[\/vc_column_inner][\/vc_row_inner][\/vc_column][\/vc_row][vc_row wrap_container=\u00a0\u00bbyes\u00a0\u00bb css=\u00a0\u00bb.vc_custom_1689256499740{margin-top: 15px !important;}\u00a0\u00bb conditional_render=\u00a0\u00bb%5B%7B%22value_role%22%3A%22administrator%22%7D%5D\u00a0\u00bb][vc_column][vc_custom_heading text=\u00a0\u00bbQuestions fr\u00e9quentes\u00a0\u00bb font_container=\u00a0\u00bbtag:h2|text_align:center|color:%23000000&Prime; use_theme_fonts=\u00a0\u00bbyes\u00a0\u00bb][vc_separator][vc_row_inner][vc_column_inner width=\u00a0\u00bb7\/12&Prime;][vc_column_text]<\/p>\n<h3>Quel est l&rsquo;int\u00e9r\u00eat de choisir Espamob pour r\u00e9aliser un stage Erasmus dans le domaine de la production animale ?<\/h3>\n<p>L&rsquo;int\u00e9r\u00eat de choisir Espamob pour r\u00e9aliser un stage Erasmus dans le domaine de la production animale est que nous avons une expertise sp\u00e9cifique dans ce secteur. Nous avons des partenariats solides avec des universit\u00e9s et des entreprises sp\u00e9cialis\u00e9es dans la production animale en Espagne, ce qui nous permet de vous offrir des opportunit\u00e9s de stage de qualit\u00e9 et adapt\u00e9es \u00e0 vos besoins. De plus, notre \u00e9quipe vous accompagnera tout au long du processus, de la cr\u00e9ation du projet \u00e0 l&rsquo;accueil sur place, pour vous garantir une exp\u00e9rience enrichissante et r\u00e9ussie.<\/p>\n<h3>Comment Espamob aide-t-il les groupes \u00e0 trouver un financement pour leur stage Erasmus en production animale ?<\/h3>\n<p>Espamob comprend que le financement peut \u00eatre un obstacle pour certains groupes souhaitant r\u00e9aliser un stage Erasmus en production animale. C&rsquo;est pourquoi nous vous accompagnons dans la recherche de financements. Nous vous fournirons des informations sur les diff\u00e9rentes possibilit\u00e9s de financement disponibles, telles que les bourses Erasmus+ ou d&rsquo;autres programmes de financement sp\u00e9cifiques au domaine de la production animale. De plus, nous vous aiderons \u00e0 pr\u00e9parer vos demandes de financement en vous fournissant des conseils et des ressources pour maximiser vos chances de succ\u00e8s.<\/p>\n<h3>Comment Espamob facilite-t-il l&rsquo;accueil des groupes en Espagne pour leur stage Erasmus en production animale ?<\/h3>\n<p>Espamob facilite l&rsquo;accueil des groupes en Espagne en prenant en charge l&rsquo;organisation logistique. Nous nous occupons de trouver des logements adapt\u00e9s \u00e0 vos besoins et \u00e0 votre budget, que ce soit en r\u00e9sidence universitaire, en famille d&rsquo;accueil ou en appartement partag\u00e9. De plus, nous assurons le transfert depuis l&rsquo;a\u00e9roport jusqu&rsquo;\u00e0 votre lieu de s\u00e9jour. Pendant votre stage, nous restons \u00e0 votre disposition pour toute assistance ou soutien dont vous pourriez avoir besoin. Notre objectif est de vous permettre de vous concentrer sur votre exp\u00e9rience de stage en production animale, tout en vous assurant un accueil confortable et s\u00e9curis\u00e9 en Espagne.<\/p>\n<p>[\/vc_column_text][\/vc_column_inner][vc_column_inner width=\u00a0\u00bb1\/12&Prime;][\/vc_column_inner][vc_column_inner width=\u00a0\u00bb4\/12&Prime;][vc_single_image image=\u00a0\u00bb15074&Prime; img_size=\u00a0\u00bbfull\u00a0\u00bb][vc_column_text]<strong>Renseignez-vous sur les diff\u00e9rentes destinations Erasmus + en Espagne :<\/strong><\/p>\n<ul>\n<li><a href=\"https:\/\/espamob.com\/fr\/secteur-stage-entreprise-erasmusplus\/agriculture-horticulture\/stage-erasmus-production-vegetale\">Stage Erasmus Production v\u00e9g\u00e9tale<\/a><\/li>\n<li><a href=\"https:\/\/espamob.com\/fr\/secteur-stage-entreprise-erasmusplus\/agriculture-horticulture\/stage-erasmus-maraichage\">Stage Erasmus Mara\u00eechage<\/a><\/li>\n<li><a href=\"https:\/\/espamob.com\/fr\/secteur-stage-entreprise-erasmusplus\/agriculture-horticulture\/stage-erasmus-fleuriste\">Stage Erasmus Fleuriste<\/a><\/li>\n<li><a href=\"https:\/\/espamob.com\/fr\/secteur-stage-entreprise-erasmusplus\/agriculture-horticulture\/stage-erasmus-paysagiste\">Stage Erasmus Paysagiste<\/a><\/li>\n<li><a href=\"https:\/\/espamob.com\/fr\/secteur-stage-entreprise-erasmusplus\/agriculture-horticulture\/stage-erasmus-mecanicien\">Stage Erasmus M\u00e9canicien<\/a><\/li>\n<li><a href=\"https:\/\/espamob.com\/fr\/secteur-stage-entreprise-erasmusplus\/agriculture-horticulture\/stage-erasmus-palefrenier\">Stage Erasmus Palefrenier<\/a><\/li>\n<li><a href=\"https:\/\/espamob.com\/fr\/secteur-stage-entreprise-erasmusplus\/agriculture-horticulture\/stage-erasmus-marechal-ferrant\">Stage Erasmus Mar\u00e9chal Ferrant<\/a><\/li>\n<\/ul>\n<p>[\/vc_column_text][\/vc_column_inner][\/vc_row_inner][\/vc_column][\/vc_row]<\/p>\n<\/div>","protected":false},"excerpt":{"rendered":"<p>[vc_row css=\u00a0\u00bb.vc_custom_1705948526936{margin-top: -20px !important;margin-bottom: 40px !important;background-image: url(https:\/\/espamob.com\/wp-content\/uploads\/2024\/01\/Produccion-animal.webp?id=22930) !important;}\u00a0\u00bb conditional_render=\u00a0\u00bb%5B%7B%22value_role%22%3A%22administrator%22%7D%5D\u00a0\u00bb][vc_column css=\u00a0\u00bb.vc_custom_1687965657482{padding-top: 30px !important;}\u00a0\u00bb conditional_render=\u00a0\u00bb%5B%7B%22value_role%22%3A%22administrator%22%7D%5D\u00a0\u00bb][vc_empty_space height=\u00a0\u00bb170&Prime;][vc_custom_heading text=\u00a0\u00bbStage Erasmus : Production animale\u00a0\u00bb font_container=\u00a0\u00bbtag:h1|font_size:27|text_align:center|color:%23ffffff\u00a0\u00bb use_theme_fonts=\u00a0\u00bbyes\u00a0\u00bb css=\u00a0\u00bb.vc_custom_1705948506180{margin-bottom: 15px !important;background-color: rgba(136,136,136,0.29) !important;*background-color: rgb(136,136,136) !important;}\u00a0\u00bb animation_type=\u00a0\u00bbzoomIn\u00a0\u00bb][vc_empty_space height=\u00a0\u00bb40&Prime;][\/vc_column][\/vc_row][vc_row wrap_container=\u00a0\u00bbyes\u00a0\u00bb text_align=\u00a0\u00bbjustify\u00a0\u00bb][vc_column text_align=\u00a0\u00bbjustify\u00a0\u00bb][vc_column_text] Home Secteurs de stages Agriculture horticulture Stage Erasmus : Production animale [\/vc_column_text][vc_custom_heading text=\u00a0\u00bbParticipez \u00e0 une exp\u00e9rience enrichissante avec un stage Erasmus en<\/p>\n","protected":false},"author":2,"featured_media":0,"parent":11926,"menu_order":0,"comment_status":"closed","ping_status":"closed","template":"","meta":{"footnotes":""},"class_list":["post-18380","page","type-page","status-publish","hentry"],"_links":{"self":[{"href":"https:\/\/espamob.com\/fr\/wp-json\/wp\/v2\/pages\/18380","targetHints":{"allow":["GET"]}}],"collection":[{"href":"https:\/\/espamob.com\/fr\/wp-json\/wp\/v2\/pages"}],"about":[{"href":"https:\/\/espamob.com\/fr\/wp-json\/wp\/v2\/types\/page"}],"author":[{"embeddable":true,"href":"https:\/\/espamob.com\/fr\/wp-json\/wp\/v2\/users\/2"}],"replies":[{"embeddable":true,"href":"https:\/\/espamob.com\/fr\/wp-json\/wp\/v2\/comments?post=18380"}],"version-history":[{"count":0,"href":"https:\/\/espamob.com\/fr\/wp-json\/wp\/v2\/pages\/18380\/revisions"}],"up":[{"embeddable":true,"href":"https:\/\/espamob.com\/fr\/wp-json\/wp\/v2\/pages\/11926"}],"wp:attachment":[{"href":"https:\/\/espamob.com\/fr\/wp-json\/wp\/v2\/media?parent=18380"}],"curies":[{"name":"wp","href":"https:\/\/api.w.org\/{rel}","templated":true}]}}