{"id":18379,"date":"2023-08-18T00:00:00","date_gmt":"2023-08-18T00:00:00","guid":{"rendered":"https:\/\/www.espamob.com\/?page_id=18379"},"modified":"2024-07-01T10:17:23","modified_gmt":"2024-07-01T10:17:23","slug":"stage-erasmus-petite-enfance","status":"publish","type":"page","link":"https:\/\/espamob.com\/fr\/secteur-stage-entreprise-erasmusplus\/service-personne\/stage-erasmus-petite-enfance\/","title":{"rendered":"Stage Erasmus : Petite enfance"},"content":{"rendered":"<div class=\"wpb-content-wrapper\"><p>[vc_row css=\u00a0\u00bb.vc_custom_1705342961713{margin-top: -20px !important;margin-bottom: 40px !important;background-image: url(https:\/\/espamob.com\/wp-content\/uploads\/2024\/01\/Primera-infancia.webp?id=22746) !important;}\u00a0\u00bb conditional_render=\u00a0\u00bb%5B%7B%22value_role%22%3A%22administrator%22%7D%5D\u00a0\u00bb][vc_column css=\u00a0\u00bb.vc_custom_1687965657482{padding-top: 30px !important;}\u00a0\u00bb conditional_render=\u00a0\u00bb%5B%7B%22value_role%22%3A%22administrator%22%7D%5D\u00a0\u00bb][vc_empty_space height=\u00a0\u00bb170&Prime;][vc_custom_heading text=\u00a0\u00bbStage Erasmus : Petite enfance\u00a0\u00bb font_container=\u00a0\u00bbtag:h1|font_size:27|text_align:center|color:%23ffffff\u00a0\u00bb use_theme_fonts=\u00a0\u00bbyes\u00a0\u00bb css=\u00a0\u00bb.vc_custom_1705342824741{margin-bottom: 15px !important;background-color: rgba(136,136,136,0.29) !important;*background-color: rgb(136,136,136) !important;}\u00a0\u00bb animation_type=\u00a0\u00bbzoomIn\u00a0\u00bb][vc_empty_space height=\u00a0\u00bb40&Prime;][\/vc_column][\/vc_row][vc_row wrap_container=\u00a0\u00bbyes\u00a0\u00bb text_align=\u00a0\u00bbjustify\u00a0\u00bb][vc_column text_align=\u00a0\u00bbjustify\u00a0\u00bb][vc_column_text]<\/p>\n<nav aria-label=\"breadcrumb\">\n<ol class=\"breadcrumb\">\n<li class=\"breadcrumb-item\"><a href=\"https:\/\/espamob.com\/\">Home<\/a><\/li>\n<li class=\"breadcrumb-item\"><a href=\"https:\/\/espamob.com\/fr\/secteur-stage-entreprise-erasmusplus\/\">Secteurs de stages<\/a><\/li>\n<li class=\"breadcrumb-item\"><a href=\"https:\/\/espamob.com\/fr\/secteur-stage-entreprise-erasmusplus\/service-personne\/\">Service \u00e0 la personne<\/a><\/li>\n<li class=\"breadcrumb-item active\" aria-current=\"page\">Stage Erasmus : Petite enfance<\/li>\n<\/ol>\n<\/nav>\n<p>[\/vc_column_text][vc_custom_heading text=\u00a0\u00bbStage Erasmus Petite Enfance : \u00e9change et Apprentissage pour les Futurs Professionnels\u00a0\u00bb use_theme_fonts=\u00a0\u00bbyes\u00a0\u00bb css=\u00a0\u00bb.vc_custom_1718178079182{margin-top: 20px !important;}\u00a0\u00bb][vc_separator][vc_row_inner][vc_column_inner width=\u00a0\u00bb7\/12&Prime;][vc_column_text]<span style=\"font-weight: 400;\">Le secteur de la petite enfance est en perp\u00e9tuelle transformation, exigeant des professionnels une adaptation constante aux nouvelles m\u00e9thodes p\u00e9dagogiques et aux besoins toujours changeants des enfants. Un stage Erasmus en Petite Enfance repr\u00e9sente une opportunit\u00e9 inestimable pour d\u00e9velopper ses comp\u00e9tences et acqu\u00e9rir une exp\u00e9rience internationale.<\/span><\/p>\n<h2><span style=\"font-weight: 400;\">Qu\u2019est-ce que le stage Erasmus en petite enfance ?<\/span><\/h2>\n<p><span style=\"font-weight: 400;\">Le stage Erasmus en petite enfance est une opportunit\u00e9 offerte par le programme Erasmus+ de l&rsquo;Union europ\u00e9enne, visant \u00e0 enrichir les comp\u00e9tences des professionnels et des \u00e9tudiants dans le domaine de l&rsquo;\u00e9ducation et des soins aux jeunes enfants. Ce stage permet aux participants de vivre une exp\u00e9rience de travail \u00e0 l&rsquo;\u00e9tranger, au sein d&rsquo;institutions sp\u00e9cialis\u00e9es dans la petite enfance telles que les cr\u00e8ches, les jardins d&rsquo;enfants, et autres structures \u00e9ducatives.<\/span><\/p>\n<h3>Les objectifs du stage Erasmus petite enfance<\/h3>\n<p><span style=\"font-weight: 400;\">Les pr<\/span><span style=\"font-weight: 400;\">incipaux objectifs de ce stage Erasmus sont :<\/span><\/p>\n<ul>\n<li style=\"font-weight: 400;\" aria-level=\"1\"><span style=\"font-weight: 400;\">promouvoir l&rsquo;\u00e9change de bonnes pratiques,<\/span><span style=\"font-weight: 400;\"> entre professionnels de la petite enfance<\/span><\/li>\n<li style=\"font-weight: 400;\" aria-level=\"1\"><span style=\"font-weight: 400;\">renforcer la coop\u00e9ration transnationale dans le domaine de l&rsquo;\u00e9ducation pr\u00e9coce.\u00a0<\/span><\/li>\n<li style=\"font-weight: 400;\" aria-level=\"1\"><span style=\"font-weight: 400;\">d\u00e9couvrir de nouvelles approches p\u00e9dagogiques, et se familiariser avec de nouvelles m\u00e9thodes<\/span><\/li>\n<li style=\"font-weight: 400;\" aria-level=\"1\"><span style=\"font-weight: 400;\">s&rsquo;immerger dans des environnements \u00e9ducatifs diversifi\u00e9s.\u00a0<\/span><\/li>\n<\/ul>\n<h3>Financement du stage Erasmus petite enfance<\/h3>\n<p><span style=\"font-weight: 400;\">Le budget pour un stage Erasmus en petite enfance est financ\u00e9 par le programme Erasmus+. La bourse attribu\u00e9e aux \u00e9tablissements peut varier en fonction de plusieurs facteurs, tels que le pays d&rsquo;origine, le pays de destination et la dur\u00e9e de la mobilit\u00e9. En compl\u00e9ment de la bourse Eramus+ , les \u00e9tablissements peuvent \u00e9galement solliciter des financements suppl\u00e9mentaires aupr\u00e8s de diverses organisations ou autorit\u00e9s locales. Ce sont les \u00e9tablissements eux-m\u00eames qui soumettent les demandes de bourses pour leurs projets afin de couvrir les frais associ\u00e9s.<\/span>[\/vc_column_text][\/vc_column_inner][vc_column_inner width=\u00a0\u00bb1\/12&Prime;][\/vc_column_inner][vc_column_inner width=\u00a0\u00bb4\/12&Prime;][vc_single_image image=\u00a0\u00bb18278&Prime; img_size=\u00a0\u00bb400*400&Prime; alignment=\u00a0\u00bbright\u00a0\u00bb style=\u00a0\u00bbvc_box_rounded\u00a0\u00bb][vc_btn title=\u00a0\u00bbJe veux en savoir plus\u00a0\u00bb style=\u00a0\u00bbcustom\u00a0\u00bb custom_background=\u00a0\u00bb#e20000&Prime; custom_text=\u00a0\u00bb#ffffff\u00a0\u00bb align=\u00a0\u00bbcenter\u00a0\u00bb link=\u00a0\u00bburl:https%3A%2F%2Fespamob.com%2Ffr%2Fcontact%2F|title:FR%20Secteurs|target:_blank\u00a0\u00bb][vc_video link=\u00a0\u00bbhttps:\/\/www.youtube.com\/watch?v=zXcmpSY-iHo\u00a0\u00bb align=\u00a0\u00bbcenter\u00a0\u00bb][\/vc_column_inner][\/vc_row_inner][vc_custom_heading text=\u00a0\u00bbRetour d\u2019exp\u00e9rience &#8211; stage Erasmus en Petite Enfance\u00a0\u00bb font_container=\u00a0\u00bbtag:h3|text_align:left\u00a0\u00bb use_theme_fonts=\u00a0\u00bbyes\u00a0\u00bb css=\u00a0\u00bb.vc_custom_1718178171711{margin-top: 20px !important;}\u00a0\u00bb][vc_separator][vc_row_inner][vc_column_inner width=\u00a0\u00bb7\/12&Prime;][vc_column_text]<span style=\"font-weight: 400;\">Pour illustrer les opportunit\u00e9s offertes par un stage Erasmus+ en Espagne, nous vous pr\u00e9sentons le t\u00e9moignage de 3 apprenties fran\u00e7aises sp\u00e9cialis\u00e9 en petite enfance :<\/span><\/p>\n<h3>Profil des \u00e9tudiantes<\/h3>\n<p><span style=\"font-weight: 400;\">Nous retrouvons Oc\u00e9ane, Louise et Ma\u00eblysse toutes trois apprenties en Bac pro SAPAT. Dynamiques et passionn\u00e9es par le travail avec les enfants, elles ont effectu\u00e9 un stage dans une \u00e9cole maternelle. Voici un aper\u00e7u de leur exp\u00e9rience\u00a0<\/span><\/p>\n<h3>Destination du stage<\/h3>\n<p><span style=\"font-weight: 400;\">C\u2019est \u00e0 Barcelone que l\u2019\u00e9quipe d\u2019Espamob a plac\u00e9 ces apprenties dans une \u00e9cole maternelle pour une dur\u00e9e de deux semaines. Cette \u00e9cole s&rsquo;est montr\u00e9e pr\u00eate \u00e0 les accueillir pour, avec pour objectif de leur enseigner les pratiques p\u00e9dagogiques de l\u2019Espagne.<\/span><\/p>\n<h3>Missions donn\u00e9es durant le stage :<\/h3>\n<ul>\n<li style=\"font-weight: 400;\" aria-level=\"1\"><span style=\"font-weight: 400;\">Aider les enseignants dans la pr\u00e9paration et l&rsquo;organisation des activit\u00e9s p\u00e9dagogiques.<\/span><\/li>\n<li style=\"font-weight: 400;\" aria-level=\"1\"><span style=\"font-weight: 400;\">Veiller au bien-\u00eatre des enfants.<\/span><\/li>\n<li style=\"font-weight: 400;\" aria-level=\"1\"><span style=\"font-weight: 400;\">Participer aux jeux et aux activit\u00e9s ludiques avec les enfants.<\/span><\/li>\n<li style=\"font-weight: 400;\" aria-level=\"1\"><span style=\"font-weight: 400;\">Assister les enfants dans les routines d&rsquo;hygi\u00e8ne (lavage des mains, brossage des dents, etc.).<\/span><\/li>\n<li style=\"font-weight: 400;\" aria-level=\"1\"><span style=\"font-weight: 400;\">Participer \u00e0 l&rsquo;habillage et au d\u00e9shabillage des enfants si n\u00e9cessaire.<\/span><\/li>\n<\/ul>\n<h2><span style=\"font-weight: 400;\">Les avantages du stage Erasmus en petite enfance<\/span><\/h2>\n<p><span style=\"font-weight: 400;\">En optant pour un stage en Espagne dans le cadre du programme Erasmus +, vous b\u00e9n\u00e9ficierez de nombreux avantages :<\/span><\/p>\n<ul>\n<li><b>Apprentissage de la langue et de la culture : <\/b><span style=\"font-weight: 400;\">les \u00e9tudiants\/apprentis ont l&rsquo;opportunit\u00e9 de pratiquer une nouvelle langue et d&rsquo;approfondir leur compr\u00e9hension de la culture d&rsquo;un autre environnement et pays.<\/span><\/li>\n<li aria-level=\"1\"><b>Immersion totale: <\/b><span style=\"font-weight: 400;\">les \u00e9tudiants\/apprentis b\u00e9n\u00e9ficient d&rsquo;une mise en pratique totalement diff\u00e9rente \u00e0 l&rsquo;\u00e9tranger, o\u00f9 le mode de vie et le d\u00e9roulement de la journ\u00e9e type varient rarement selon les pays. En Espagne, ils r\u00e9pondront <\/span><span style=\"font-weight: 400;\">aux besoins des enfants d&rsquo;une mani\u00e8re distincte de celle pratiqu\u00e9e en France.<\/span><\/li>\n<li aria-level=\"1\"><b>Une exp\u00e9rience \u00e0 l&rsquo;\u00e9tranger unique: <\/b><span style=\"font-weight: 400;\">permet de renforcer sa capacit\u00e9 d\u2019adaptation et de sortir de sa zone de confort, ces exp\u00e9riences favorisent la prise de maturit\u00e9 et renforcent la confiance en soi<\/span><b>.<\/b><\/li>\n<\/ul>\n<p>[\/vc_column_text][\/vc_column_inner][vc_column_inner width=\u00a0\u00bb1\/12&Prime;][\/vc_column_inner][vc_column_inner width=\u00a0\u00bb4\/12&Prime;][vc_raw_html]JTNDZGl2JTIwc3R5bGUlM0QlMjJwYWRkaW5nJTNBJTIwMzBweCUzQmJhY2tncm91bmQtY29sb3IlM0ElMjAlMjNGNEY0RjQlM0IlMjIlM0UlMEElMjAlMjAlMjAlMjAlM0NoNCUzRUQlQzMlQTljb3V2cmV6JTIwdG91cyUyMGxlcyUyMHNlY3RldXJzJTIwZGUlMjBzdGFnZXMlM0MlMkZoNCUzRSUwQSUyMCUyMCUyMCUyMCUzQ3AlM0VFc3BhbW9iJTIwZXN0JTIwc3AlQzMlQTljaWFsaXN0ZSUyMGRhbnMlMjBsJUUyJTgwJTk5YWNjb21wYWduZW1lbnQlMjBkZSUyMGdyb3VwZSUyMGRhbnMlMjBsZXVyJTIwbW9iaWxpdCVDMyVBOSUyMEVyYXNtdXMlMjAlMkIuJTIwRCVDMyVBOWNvdXZyZXolMjBlbiUyMHF1ZWxxdWVzJTIwY2xpcyUyMHRvdXMlMjBsZXMlMjBzZWN0ZXVycyUyMGRlJTIwc3RhZ2UlMjBFcmFzbXVzJTIwZW4lMjBFc3BhZ25lLiUzQyUyRnAlM0UlMEElMjAlMjAlMjAlMjAlM0NhJTIwY2xhc3MlM0QlMjJ2Y19nZW5lcmFsJTIwdmNfYnRuMyUyMHZjX2J0bjMtc2l6ZS1tZCUyMHZjX2J0bjMtc2hhcGUtZGVmYXVsdCUyMHZjX2J0bjMtc3R5bGUtY3VzdG9tJTIwd3BiX2N1c3RvbV82Njg3YjI2ZjM5NDg4ZGRiYjg1ZGRiM2MxY2U4ZTExMSUyMGJ0biUyMiUyMHN0eWxlJTNEJTIyYmFja2dyb3VuZC1jb2xvciUzQSUyM2UyMDAwMCUzQiUyMGNvbG9yJTNBJTIzZmZmZmZmJTNCJTIwYmFja2dyb3VuZC1jb2xvciUzQSUyM2UyMDAwMCUzQiUyMGNvbG9yJTNBJTIzZmZmZmZmJTNCJTIyJTIwaHJlZiUzRCUyMmh0dHBzJTNBJTJGJTJGd3d3LmVzcGFtb2IuY29tJTJGZnIlMkZzZWN0ZXVyLXN0YWdlLWVudHJlcHJpc2UtZXJhc211c3BsdXMlMkYlMjIlMjB0aXRsZSUzRCUyMkZSJTIwU2VjdGV1cnMlMjIlMjB0YXJnZXQlM0QlMjJfYmxhbmslMjIlM0VKZSUyMGQlQzMlQTljb3V2cmUlMjBsZXMlMjBzZWN0ZXVycyUzQyUyRmElM0UlMEElM0MlMkZkaXYlM0U=[\/vc_raw_html][vc_custom_heading text=\u00a0\u00bbD\u00e9couvrez le retour d&rsquo;exp\u00e9rience Erasmus + de participants :\u00a0\u00bb font_container=\u00a0\u00bbtag:h3|text_align:left\u00a0\u00bb use_theme_fonts=\u00a0\u00bbyes\u00a0\u00bb css=\u00a0\u00bb.vc_custom_1693216908231{margin-top: 20px !important;}\u00a0\u00bb][vc_separator][vc_video link=\u00a0\u00bbhttps:\/\/www.youtube.com\/watch?v=u39dLh9GgdA\u00a0\u00bb align=\u00a0\u00bbcenter\u00a0\u00bb][\/vc_column_inner][\/vc_row_inner][\/vc_column][\/vc_row][vc_row][vc_column][vc_column_text]<\/p>\n<p>[\/vc_column_text][\/vc_column][\/vc_row][vc_row full_width=\u00a0\u00bbstretch_row\u00a0\u00bb wrap_container=\u00a0\u00bbyes\u00a0\u00bb is_section=\u00a0\u00bbyes\u00a0\u00bb css=\u00a0\u00bb.vc_custom_1688548809334{margin-top: 20px !important;border-top-width: 0px !important;background-color: #f8f392 !important;}\u00a0\u00bb conditional_render=\u00a0\u00bb%5B%7B%22value_role%22%3A%22administrator%22%7D%5D\u00a0\u00bb][vc_column][vc_row_inner css=\u00a0\u00bb.vc_custom_1688548648248{background-color: #f8f392 !important;}\u00a0\u00bb][vc_column_inner][vc_custom_heading text=\u00a0\u00bbFaire une demande de devis gratuit\u00a0\u00bb font_container=\u00a0\u00bbtag:h2|text_align:center\u00a0\u00bb use_theme_fonts=\u00a0\u00bbyes\u00a0\u00bb][vc_column_text]<\/p>\n<p style=\"text-align: justify;\">Vous avez une id\u00e9e de  projet Erasmus +  en Espagne et vous cherchez un partenaire de confiance pour vous accompagner ? <strong>Espamob\u2019<\/strong> est l\u00e0 pour vous aider ! Nous vous proposons un devis gratuit et sans engagement pour vous aider \u00e0 g\u00e9rer votre projet de mobilit\u00e9. Gr\u00e2ce \u00e0 notre expertise  et \u00e0 notre r\u00e9seau d\u2019entreprises partenaires, nous sommes en mesure de vous offrir un accompagnement personnalis\u00e9 pour r\u00e9pondre \u00e0 vos besoins sp\u00e9cifiques. Contactez-nous d\u00e8s maintenant pour discuter de votre projet et obtenir votre devis gratuit.<\/p>\n<p>[\/vc_column_text]<div id=\"modal-trg-txt-wrap-8283\" class=\"ult-modal-input-wrapper ult-adjust-bottom-margin    \" data-keypress-control=\"keypress-control-enable\" data-overlay-control=\"overlay-control-enable\"><style>\n\t\t\t\t\t.btn-modal.btn-id-69e764d145b9a0-97644463:hover {\n\t\t\t\t\t\tbackground-color: #e20000 !important;\n\t\t\t\t\t}\n\t\t\t\t\t<\/style><button  data-ultimate-target='#modal-trg-txt-wrap-8283 .btn-modal'  data-responsive-json-new='{\"font-size\":\"\",\"line-height\":\"\"}'  style=\"background:#888888;border-color:#888888;color:#ffffff; \" data-class-id=\"content-69e764d145b9a0-97644463\" class=\"btn-modal ult-responsive btn-primary btn-modal-md overlay-show ult-align-center btn-id-69e764d145b9a0-97644463\" data-overlay-class=\"overlay-cornerbottomleft\">DEMANDE DEVIS GRATUIT<\/button><\/div>\n<div class=\"ult-overlay content-69e764d145b9a0-97644463 \" data-class=\"content-69e764d145b9a0-97644463\" id=\"button-click-overlay\" style=\"background:rgba(51,51,51,0.8); display:none;\">\n\t<div class=\"ult_modal ult-fade ult-medium\">\n\t\t<div id=\"ult-modal-wrap-1491\" class=\"ult_modal-content ult-hide\" style=\"border-style:solid;border-width:2px;border-radius:0px;border-color:#333333;\">\n\t\t\t<div class=\"ult_modal-header\" style=\"color:#333333;border-color:#333333;\">\n\t\t\t\t<h3  data-ultimate-target='#ult-modal-wrap-1491 .ult_modal-title'  data-responsive-json-new='{\"font-size\":\"\",\"line-height\":\"\"}'  class=\"ult_modal-title ult-responsive\">Demande devis gratuit<\/h3>\n\t\t\t<\/div>\n\t\t\t<div  data-ultimate-target='#ult-modal-wrap-1491 .ult_modal-body'  data-responsive-json-new='{\"font-size\":\"\",\"line-height\":\"\"}'  class=\"ult_modal-body ult-responsive ult-html\" style=\"\">\n\t\t\t<\/p>\n<p>[caldera_form id=\u00a0\u00bbCF614462cc44616&Prime;]<\/p>\n<p>\n\t\t\t<\/div>\n\t<\/div>\n\t<\/div>\n\t<div class=\"ult-overlay-close top-right\" style=\"width:80px;height:80px; \"><div class=\"ult-overlay-close-inside\">Close<\/div><\/div>\n<\/div>[\/vc_column_inner][\/vc_row_inner][\/vc_column][\/vc_row][vc_row wrap_container=\u00a0\u00bbyes\u00a0\u00bb css=\u00a0\u00bb.vc_custom_1689256499740{margin-top: 15px !important;}\u00a0\u00bb conditional_render=\u00a0\u00bb%5B%7B%22value_role%22%3A%22administrator%22%7D%5D\u00a0\u00bb][vc_column][vc_custom_heading text=\u00a0\u00bbQuestions fr\u00e9quentes\u00a0\u00bb font_container=\u00a0\u00bbtag:h2|text_align:center|color:%23000000&Prime; use_theme_fonts=\u00a0\u00bbyes\u00a0\u00bb][vc_separator][vc_row_inner][vc_column_inner width=\u00a0\u00bb7\/12&Prime;][vc_column_text]<\/p>\n<h3>Quels sont les avantages de choisir Espamob pour r\u00e9aliser un stage Erasmus en Petite enfance ?<\/h3>\n<p>En choisissant Espamob pour r\u00e9aliser un stage Erasmus en Petite enfance, vous b\u00e9n\u00e9ficiez de l&rsquo;expertise d&rsquo;une agence sp\u00e9cialis\u00e9e dans l&rsquo;accompagnement de groupes dans ce domaine. Espamob vous aide \u00e0 cr\u00e9er votre projet sur mesure, \u00e0 trouver des financements adapt\u00e9s et \u00e0 vous accueillir dans des universit\u00e9s et des entreprises partenaires de qualit\u00e9. De plus, Espamob s&rsquo;occupe de la recherche de logements sur place et de la prise en charge \u00e0 l&rsquo;a\u00e9roport, pour vous offrir une exp\u00e9rience sans soucis.<\/p>\n<h3>Comment Espamob vous aide-t-il \u00e0 trouver des financements pour votre stage Erasmus en Petite enfance ?<\/h3>\n<p>Espamob dispose d&rsquo;une \u00e9quipe exp\u00e9riment\u00e9e dans la recherche de financements pour les stages Erasmus en Petite enfance. L&rsquo;agence vous accompagne dans la r\u00e9daction de votre dossier de demande de financement et vous guide dans les diff\u00e9rentes sources de financement possibles, telles que les bourses Erasmus, les subventions de l&rsquo;Union europ\u00e9enne ou les partenariats avec des entreprises. Espamob met tout en \u0153uvre pour vous aider \u00e0 obtenir les ressources financi\u00e8res n\u00e9cessaires pour r\u00e9aliser votre stage.<\/p>\n<h3>Quelles sont les garanties offertes par Espamob pour votre stage Erasmus en Petite enfance ?<\/h3>\n<p>Espamob vous offre plusieurs garanties pour assurer le bon d\u00e9roulement de votre stage Erasmus en Petite enfance. L&rsquo;agence s&rsquo;engage \u00e0 vous accompagner de A \u00e0 Z, en prenant en charge tous les aspects logistiques de votre mobilit\u00e9. Espamob s\u00e9lectionne des partenaires de confiance, tels que des universit\u00e9s et des entreprises sp\u00e9cialis\u00e9es en Petite enfance, pour vous garantir un environnement professionnel de qualit\u00e9. De plus, l&rsquo;agence assure \u00e9galement le suivi de votre stage et reste disponible pour r\u00e9pondre \u00e0 vos besoins et vous apporter un soutien tout au long de votre exp\u00e9rience.<\/p>\n<p>[\/vc_column_text][\/vc_column_inner][vc_column_inner width=\u00a0\u00bb1\/12&Prime;][\/vc_column_inner][vc_column_inner width=\u00a0\u00bb4\/12&Prime;][vc_single_image image=\u00a0\u00bb15074&Prime; img_size=\u00a0\u00bbfull\u00a0\u00bb][vc_column_text]<strong>Renseignez-vous sur les diff\u00e9rentes destinations Erasmus + en Espagne :<\/strong><\/p>\n<ul>\n<li><a href=\"https:\/\/espamob.com\/fr\/secteur-stage-entreprise-erasmusplus\/service-personne\/stage-erasmus-auxiliaire-de-vie\">Stage Erasmus Auxiliaire de vie<\/a><\/li>\n<li><a href=\"https:\/\/espamob.com\/fr\/secteur-stage-entreprise-erasmusplus\/service-personne\/stage-erasmus-assistance-aux-personnes-agees\">Stage Erasmus Assistance aux personnes \u00e2g\u00e9es<\/a><\/li>\n<li><a href=\"https:\/\/espamob.com\/fr\/secteur-stage-entreprise-erasmusplus\/service-personne\/stage-erasmus-assistance-maternelle\">Stage Erasmus Assistance maternelle<\/a><\/li>\n<\/ul>\n<p>[\/vc_column_text][\/vc_column_inner][\/vc_row_inner][\/vc_column][\/vc_row]<\/p>\n<\/div>","protected":false},"excerpt":{"rendered":"<p>[vc_row css=\u00a0\u00bb.vc_custom_1705342961713{margin-top: -20px !important;margin-bottom: 40px !important;background-image: url(https:\/\/espamob.com\/wp-content\/uploads\/2024\/01\/Primera-infancia.webp?id=22746) !important;}\u00a0\u00bb conditional_render=\u00a0\u00bb%5B%7B%22value_role%22%3A%22administrator%22%7D%5D\u00a0\u00bb][vc_column css=\u00a0\u00bb.vc_custom_1687965657482{padding-top: 30px !important;}\u00a0\u00bb conditional_render=\u00a0\u00bb%5B%7B%22value_role%22%3A%22administrator%22%7D%5D\u00a0\u00bb][vc_empty_space height=\u00a0\u00bb170&Prime;][vc_custom_heading text=\u00a0\u00bbStage Erasmus : Petite enfance\u00a0\u00bb font_container=\u00a0\u00bbtag:h1|font_size:27|text_align:center|color:%23ffffff\u00a0\u00bb use_theme_fonts=\u00a0\u00bbyes\u00a0\u00bb css=\u00a0\u00bb.vc_custom_1705342824741{margin-bottom: 15px !important;background-color: rgba(136,136,136,0.29) !important;*background-color: rgb(136,136,136) !important;}\u00a0\u00bb animation_type=\u00a0\u00bbzoomIn\u00a0\u00bb][vc_empty_space height=\u00a0\u00bb40&Prime;][\/vc_column][\/vc_row][vc_row wrap_container=\u00a0\u00bbyes\u00a0\u00bb text_align=\u00a0\u00bbjustify\u00a0\u00bb][vc_column text_align=\u00a0\u00bbjustify\u00a0\u00bb][vc_column_text] Home Secteurs de stages Service \u00e0 la personne Stage Erasmus : Petite enfance [\/vc_column_text][vc_custom_heading text=\u00a0\u00bbStage Erasmus Petite Enfance : \u00e9change et Apprentissage<\/p>\n","protected":false},"author":2,"featured_media":0,"parent":12126,"menu_order":0,"comment_status":"closed","ping_status":"closed","template":"","meta":{"footnotes":""},"class_list":["post-18379","page","type-page","status-publish","hentry"],"_links":{"self":[{"href":"https:\/\/espamob.com\/fr\/wp-json\/wp\/v2\/pages\/18379","targetHints":{"allow":["GET"]}}],"collection":[{"href":"https:\/\/espamob.com\/fr\/wp-json\/wp\/v2\/pages"}],"about":[{"href":"https:\/\/espamob.com\/fr\/wp-json\/wp\/v2\/types\/page"}],"author":[{"embeddable":true,"href":"https:\/\/espamob.com\/fr\/wp-json\/wp\/v2\/users\/2"}],"replies":[{"embeddable":true,"href":"https:\/\/espamob.com\/fr\/wp-json\/wp\/v2\/comments?post=18379"}],"version-history":[{"count":0,"href":"https:\/\/espamob.com\/fr\/wp-json\/wp\/v2\/pages\/18379\/revisions"}],"up":[{"embeddable":true,"href":"https:\/\/espamob.com\/fr\/wp-json\/wp\/v2\/pages\/12126"}],"wp:attachment":[{"href":"https:\/\/espamob.com\/fr\/wp-json\/wp\/v2\/media?parent=18379"}],"curies":[{"name":"wp","href":"https:\/\/api.w.org\/{rel}","templated":true}]}}