{"id":18375,"date":"2023-08-14T00:00:00","date_gmt":"2023-08-14T00:00:00","guid":{"rendered":"https:\/\/www.espamob.com\/?page_id=18375"},"modified":"2024-02-12T14:58:06","modified_gmt":"2024-02-12T14:58:06","slug":"stage-erasmus-plomberie","status":"publish","type":"page","link":"https:\/\/espamob.com\/fr\/secteur-stage-entreprise-erasmusplus\/btp\/stage-erasmus-plomberie\/","title":{"rendered":"Stage Erasmus : Plomberie"},"content":{"rendered":"<div class=\"wpb-content-wrapper\"><p>[vc_row css=\u00a0\u00bb.vc_custom_1705069641058{margin-top: -20px !important;margin-bottom: 40px !important;background-image: url(https:\/\/espamob.com\/wp-content\/uploads\/2024\/01\/Fontaneria.webp?id=22567) !important;}\u00a0\u00bb conditional_render=\u00a0\u00bb%5B%7B%22value_role%22%3A%22administrator%22%7D%5D\u00a0\u00bb][vc_column css=\u00a0\u00bb.vc_custom_1687965657482{padding-top: 30px !important;}\u00a0\u00bb conditional_render=\u00a0\u00bb%5B%7B%22value_role%22%3A%22administrator%22%7D%5D\u00a0\u00bb][vc_empty_space height=\u00a0\u00bb170&Prime;][vc_custom_heading text=\u00a0\u00bbStage Erasmus : Plomberie\u00a0\u00bb font_container=\u00a0\u00bbtag:h1|font_size:27|text_align:center|color:%23ffffff\u00a0\u00bb use_theme_fonts=\u00a0\u00bbyes\u00a0\u00bb css=\u00a0\u00bb.vc_custom_1705069601349{margin-bottom: 15px !important;background-color: rgba(136,136,136,0.29) !important;*background-color: rgb(136,136,136) !important;}\u00a0\u00bb animation_type=\u00a0\u00bbzoomIn\u00a0\u00bb][vc_empty_space height=\u00a0\u00bb40&Prime;][\/vc_column][\/vc_row][vc_row wrap_container=\u00a0\u00bbyes\u00a0\u00bb text_align=\u00a0\u00bbjustify\u00a0\u00bb][vc_column text_align=\u00a0\u00bbjustify\u00a0\u00bb][vc_column_text]<\/p>\n<nav aria-label=\"breadcrumb\">\n<ol class=\"breadcrumb\">\n<li class=\"breadcrumb-item\"><a href=\"https:\/\/espamob.com\/\">Home<\/a><\/li>\n<li class=\"breadcrumb-item\"><a href=\"https:\/\/espamob.com\/fr\/secteur-stage-entreprise-erasmusplus\/\">Secteurs de stages<\/a><\/li>\n<li class=\"breadcrumb-item\"><a href=\"https:\/\/espamob.com\/fr\/secteur-stage-entreprise-erasmusplus\/btp\/\">BTP<\/a><\/li>\n<li class=\"breadcrumb-item active\" aria-current=\"page\">Stage Erasmus : Plomberie<\/li>\n<\/ol>\n<\/nav>\n<p>[\/vc_column_text][vc_custom_heading text=\u00a0\u00bbStage Erasmus Plomberie : une exp\u00e9rience enrichissante\u00a0\u00bb use_theme_fonts=\u00a0\u00bbyes\u00a0\u00bb css=\u00a0\u00bb.vc_custom_1687363443929{margin-top: 20px !important;}\u00a0\u00bb][vc_separator][vc_row_inner][vc_column_inner width=\u00a0\u00bb7\/12&Prime;][vc_column_text]<\/p>\n<p>Le <strong>stage Erasmus Plomberie<\/strong> offre une opportunit\u00e9 unique aux \u00e9tudiants et professionnels du secteur de la plomberie. Ce programme permet d&rsquo;acqu\u00e9rir de nouvelles comp\u00e9tences et de d\u00e9couvrir d&rsquo;autres fa\u00e7ons de travailler en plongeant au c\u0153ur des m\u00e9tiers du b\u00e2timent \u00e0 l&rsquo;\u00e9tranger. Dans cet article, d\u00e9couvrez les avantages de cette exp\u00e9rience in\u00e9dite et apprenez comment optimiser votre stage pour en tirer le maximum de b\u00e9n\u00e9fices.<\/p>\n<h2> Un apprentissage de qualit\u00e9 et diversifi\u00e9<\/h2>\n<p>Le stage Erasmus Plomberie offre une formation de qualit\u00e9 \u00e0 ses participants, leur permettant d&rsquo;acqu\u00e9rir des comp\u00e9tences sp\u00e9cifiques dans plusieurs domaines de la plomberie. Parmi ces domaines, on retrouve notamment :<\/p>\n<ul>\n<li><strong>L&rsquo;installation sanitaire :<\/strong> Pose et entretien des tuyauteries, raccordements et \u00e9quipements sanitaires (lavabos, douches, toilettes, etc.)<\/li>\n<li><strong>Le chauffage :<\/strong> Installation, r\u00e9glage et maintenance des syst\u00e8mes de chauffage central et d&rsquo;appareils de climatisation<\/li>\n<li><strong>La zinguerie :<\/strong> Travail du zinc et autres m\u00e9taux pour la r\u00e9alisation de goutti\u00e8res, ch\u00e9neaux et \u00e9l\u00e9ments de couverture<\/li>\n<li><strong>La gestion de l&rsquo;eau :<\/strong> Conception, installation et entretien des syst\u00e8mes d&rsquo;approvisionnement, de traitement et d&rsquo;\u00e9vacuation de l&rsquo;eau<\/li>\n<\/ul>\n<p>Ainsi, les stagiaires ont l&rsquo;opportunit\u00e9 d&rsquo;apprendre aupr\u00e8s de professionnels exp\u00e9riment\u00e9s et de mettre en pratique leurs connaissances dans un environnement de travail concret.<\/p>\n<h2> Une exp\u00e9rience internationale valorisante<\/h2>\n<p>Le programme Erasmus permet aux participants d&rsquo;effectuer leur stage au sein d&rsquo;une entreprise situ\u00e9e dans l&rsquo;un des pays membres de l&rsquo;Union europ\u00e9enne. Cette exp\u00e9rience internationale offre de nombreux avantages :<\/p>\n<h3> La d\u00e9couverte de nouvelles m\u00e9thodes de travail<\/h3>\n<p>Un stage \u00e0 l&rsquo;\u00e9tranger est une occasion unique de d\u00e9couvrir comment la plomberie est pratiqu\u00e9e dans d&rsquo;autres pays et de s&rsquo;ouvrir \u00e0 de nouvelles techniques de travail. Les stagiaires peuvent ainsi apprendre de nouvelles m\u00e9thodes et outils qu&rsquo;ils pourront ensuite r\u00e9utiliser dans leur carri\u00e8re professionnelle.<\/p>\n<h3> L&rsquo;am\u00e9lioration des comp\u00e9tences linguistiques<\/h3>\n<p>Travailler dans un pays \u00e9tranger implique g\u00e9n\u00e9ralement de se familiariser avec une langue diff\u00e9rente de sa langue maternelle. Le stage Erasmus Plomberie est donc une excellente opportunit\u00e9 d&rsquo;am\u00e9liorer ses comp\u00e9tences linguistiques, un atout ind\u00e9niable sur le march\u00e9 du travail.<\/p>\n<h3> Le d\u00e9veloppement d&rsquo;un r\u00e9seau professionnel international<\/h3>\n<p>En effectuant un stage \u00e0 l&rsquo;\u00e9tranger, les stagiaires ont l&rsquo;occasion de rencontrer des professionnels du secteur de la plomberie venant de diff\u00e9rents horizons. Cela permet de cr\u00e9er des liens et de d\u00e9velopper un r\u00e9seau professionnel qui pourra \u00eatre utile tout au long de leur carri\u00e8re.<\/p>\n<p>[\/vc_column_text][\/vc_column_inner][vc_column_inner width=\u00a0\u00bb1\/12&Prime;][\/vc_column_inner][vc_column_inner width=\u00a0\u00bb4\/12&Prime;][vc_single_image image=\u00a0\u00bb18283&Prime; img_size=\u00a0\u00bb400*400&Prime; alignment=\u00a0\u00bbright\u00a0\u00bb style=\u00a0\u00bbvc_box_rounded\u00a0\u00bb][vc_btn title=\u00a0\u00bbJe veux en savoir plus\u00a0\u00bb style=\u00a0\u00bbcustom\u00a0\u00bb custom_background=\u00a0\u00bb#e20000&Prime; custom_text=\u00a0\u00bb#ffffff\u00a0\u00bb align=\u00a0\u00bbcenter\u00a0\u00bb link=\u00a0\u00bburl:https%3A%2F%2Fespamob.com%2Ffr%2Fcontact%2F|title:FR%20Secteurs|target:_blank\u00a0\u00bb][\/vc_column_inner][\/vc_row_inner][vc_custom_heading text=\u00a0\u00bbComment r\u00e9ussir son stage Erasmus Plomberie ?\u00a0\u00bb font_container=\u00a0\u00bbtag:h3|text_align:left\u00a0\u00bb use_theme_fonts=\u00a0\u00bbyes\u00a0\u00bb css=\u00a0\u00bb.vc_custom_1689259044425{margin-top: 20px !important;}\u00a0\u00bb][vc_separator][vc_row_inner][vc_column_inner width=\u00a0\u00bb7\/12&Prime;][vc_column_text]Pour tirer le meilleur parti de cette exp\u00e9rience, soyez proactifs et bien pr\u00e9par\u00e9. Voici quelques conseils utiles :<\/p>\n<ul>\n<li><strong>Se renseigner sur l\u2019entreprise d\u2019accueil :<\/strong> Informez-vous sur leurs activit\u00e9s principales et leurs projets.<\/li>\n<li><strong>Pr\u00e9parer son d\u00e9part :<\/strong>\u00a0Assurez-vous d\u2019avoir tous les documents n\u00e9cessaires (passeport, visa, contrat de stage, etc.) et prenez connaissance des formalit\u00e9s \u00e0 accomplir avant votre arriv\u00e9e dans le pays d\u2019accueil.<\/li>\n<li><strong>S\u2019adapter \u00e0 la culture locale :<\/strong>\u00a0Chaque pays a sa propre culture et ses sp\u00e9cificit\u00e9s. Renseignez-vous sur les coutumes locales et soyez ouvert d\u2019esprit pour d\u00e9couvrir de nouvelles fa\u00e7ons de vivre et de travailler.<\/li>\n<li><strong>Se montrer curieux et motiv\u00e9 :<\/strong>\u00a0N\u2019h\u00e9sitez pas \u00e0 poser des questions afin de montrer de l&rsquo;int\u00e9r\u00eat pour votre m\u00e9tier.<\/li>\n<\/ul>\n<p>En r\u00e9sum\u00e9, le stage Erasmus Plomberie offre une opportunit\u00e9 exceptionnelle aux \u00e9tudiants et aux professionnels de ce domaine. Il leur permet d&rsquo;acqu\u00e9rir de nouvelles comp\u00e9tences, de d\u00e9couvrir diff\u00e9rentes approches de travail et de d\u00e9velopper un r\u00e9seau professionnel \u00e0 l&rsquo;\u00e9chelle internationale. Pour tirer le meilleur parti de cette exp\u00e9rience enrichissante, une pr\u00e9paration minutieuse et une attitude curieuse et motiv\u00e9e tout au long du stage sont essentielles.<\/p>\n<p><strong><u>Retour sur l\u2019exp\u00e9rience d\u2019Edouard et Wiktor\u00a0:<\/u><\/strong><br \/>\nCes \u00e9tudiants ont pass\u00e9 deux semaines en stage Erasmus+ dans une entreprise de plomberie \u00e0 Barcelone, o\u00f9 ils ont r\u00e9alis\u00e9 diverses t\u00e2ches telles que l&rsquo;installation d&rsquo;un bac \u00e0 douche, d&rsquo;une climatisation, d&rsquo;un ballon d&rsquo;eau chaude et la mise en place d&rsquo;arriv\u00e9es d&rsquo;eau. Cette exp\u00e9rience leur a permis de d\u00e9couvrir de nouveaux proc\u00e9d\u00e9s et d&rsquo;apprendre une nouvelle langue, tout en sortant de leur zone de confort. En r\u00e9sum\u00e9, ce stage a \u00e9t\u00e9 tr\u00e8s enrichissant pour ces jeunes.[\/vc_column_text][\/vc_column_inner][vc_column_inner width=\u00a0\u00bb1\/12&Prime;][\/vc_column_inner][vc_column_inner width=\u00a0\u00bb4\/12&Prime;][vc_raw_html]JTNDZGl2JTIwc3R5bGUlM0QlMjJwYWRkaW5nJTNBJTIwMzBweCUzQmJhY2tncm91bmQtY29sb3IlM0ElMjAlMjNGNEY0RjQlM0IlMjIlM0UlMEElMjAlMjAlMjAlMjAlM0NoNCUzRUQlQzMlQTljb3V2cmV6JTIwdG91cyUyMGxlcyUyMHNlY3RldXJzJTIwZGUlMjBzdGFnZXMlM0MlMkZoNCUzRSUwQSUyMCUyMCUyMCUyMCUzQ3AlM0VFc3BhbW9iJTIwZXN0JTIwc3AlQzMlQTljaWFsaXN0ZSUyMGRhbnMlMjBsJUUyJTgwJTk5YWNjb21wYWduZW1lbnQlMjBkZSUyMGdyb3VwZSUyMGRhbnMlMjBsZXVyJTIwbW9iaWxpdCVDMyVBOSUyMEVyYXNtdXMlMjAlMkIuJTIwRCVDMyVBOWNvdXZyZXolMjBlbiUyMHF1ZWxxdWVzJTIwY2xpcyUyMHRvdXMlMjBsZXMlMjBzZWN0ZXVycyUyMGRlJTIwc3RhZ2UlMjBFcmFzbXVzJTIwZW4lMjBFc3BhZ25lLiUzQyUyRnAlM0UlMEElMjAlMjAlMjAlMjAlM0NhJTIwY2xhc3MlM0QlMjJ2Y19nZW5lcmFsJTIwdmNfYnRuMyUyMHZjX2J0bjMtc2l6ZS1tZCUyMHZjX2J0bjMtc2hhcGUtZGVmYXVsdCUyMHZjX2J0bjMtc3R5bGUtY3VzdG9tJTIwd3BiX2N1c3RvbV82Njg3YjI2ZjM5NDg4ZGRiYjg1ZGRiM2MxY2U4ZTExMSUyMGJ0biUyMiUyMHN0eWxlJTNEJTIyYmFja2dyb3VuZC1jb2xvciUzQSUyM2UyMDAwMCUzQiUyMGNvbG9yJTNBJTIzZmZmZmZmJTNCJTIwYmFja2dyb3VuZC1jb2xvciUzQSUyM2UyMDAwMCUzQiUyMGNvbG9yJTNBJTIzZmZmZmZmJTNCJTIyJTIwaHJlZiUzRCUyMmh0dHBzJTNBJTJGJTJGd3d3LmVzcGFtb2IuY29tJTJGZnIlMkZjb250YWN0JTJGJTIyJTIwdGl0bGUlM0QlMjJGUiUyMFNlY3RldXJzJTIyJTIwdGFyZ2V0JTNEJTIyX2JsYW5rJTIyJTNFSmUlMjBkJUMzJUE5Y291dnJlJTIwbGVzJTIwc2VjdGV1cnMlM0MlMkZhJTNFJTBBJTNDJTJGZGl2JTNF[\/vc_raw_html][vc_custom_heading text=\u00a0\u00bbExp\u00e9rience Erasmus+ :\u00a0\u00bb font_container=\u00a0\u00bbtag:h3|text_align:left\u00a0\u00bb use_theme_fonts=\u00a0\u00bbyes\u00a0\u00bb][vc_video link=\u00a0\u00bbhttps:\/\/www.youtube.com\/watch?v=Xp8mBRc69BU\u00a0\u00bb][\/vc_column_inner][\/vc_row_inner][\/vc_column][\/vc_row][vc_row full_width=\u00a0\u00bbstretch_row\u00a0\u00bb wrap_container=\u00a0\u00bbyes\u00a0\u00bb is_section=\u00a0\u00bbyes\u00a0\u00bb css=\u00a0\u00bb.vc_custom_1688548809334{margin-top: 20px !important;border-top-width: 0px !important;background-color: #f8f392 !important;}\u00a0\u00bb conditional_render=\u00a0\u00bb%5B%7B%22value_role%22%3A%22administrator%22%7D%5D\u00a0\u00bb][vc_column][vc_row_inner css=\u00a0\u00bb.vc_custom_1688548648248{background-color: #f8f392 !important;}\u00a0\u00bb][vc_column_inner][vc_custom_heading text=\u00a0\u00bbFaire une demande de devis gratuit\u00a0\u00bb font_container=\u00a0\u00bbtag:h2|text_align:center\u00a0\u00bb use_theme_fonts=\u00a0\u00bbyes\u00a0\u00bb][vc_column_text]<\/p>\n<p style=\"text-align: justify;\">Vous avez une id\u00e9e de  projet Erasmus +  en Espagne et vous cherchez un partenaire de confiance pour vous accompagner ? <strong>Espamob\u2019<\/strong> est l\u00e0 pour vous aider ! Nous vous proposons un devis gratuit et sans engagement pour vous aider \u00e0 g\u00e9rer votre projet de mobilit\u00e9. Gr\u00e2ce \u00e0 notre expertise  et \u00e0 notre r\u00e9seau d\u2019entreprises partenaires, nous sommes en mesure de vous offrir un accompagnement personnalis\u00e9 pour r\u00e9pondre \u00e0 vos besoins sp\u00e9cifiques. Contactez-nous d\u00e8s maintenant pour discuter de votre projet et obtenir votre devis gratuit.<\/p>\n<p>[\/vc_column_text]<div id=\"modal-trg-txt-wrap-9123\" class=\"ult-modal-input-wrapper ult-adjust-bottom-margin    \" data-keypress-control=\"keypress-control-enable\" data-overlay-control=\"overlay-control-enable\"><style>\n\t\t\t\t\t.btn-modal.btn-id-69f2c8f158da79-74589900:hover {\n\t\t\t\t\t\tbackground-color: #e20000 !important;\n\t\t\t\t\t}\n\t\t\t\t\t<\/style><button  data-ultimate-target='#modal-trg-txt-wrap-9123 .btn-modal'  data-responsive-json-new='{\"font-size\":\"\",\"line-height\":\"\"}'  style=\"background:#888888;border-color:#888888;color:#ffffff; \" data-class-id=\"content-69f2c8f158da79-74589900\" class=\"btn-modal ult-responsive btn-primary btn-modal-md overlay-show ult-align-center btn-id-69f2c8f158da79-74589900\" data-overlay-class=\"overlay-cornerbottomleft\">DEMANDE DEVIS GRATUIT<\/button><\/div>\n<div class=\"ult-overlay content-69f2c8f158da79-74589900 \" data-class=\"content-69f2c8f158da79-74589900\" id=\"button-click-overlay\" style=\"background:rgba(51,51,51,0.8); display:none;\">\n\t<div class=\"ult_modal ult-fade ult-medium\">\n\t\t<div id=\"ult-modal-wrap-4594\" class=\"ult_modal-content ult-hide\" style=\"border-style:solid;border-width:2px;border-radius:0px;border-color:#333333;\">\n\t\t\t<div class=\"ult_modal-header\" style=\"color:#333333;border-color:#333333;\">\n\t\t\t\t<h3  data-ultimate-target='#ult-modal-wrap-4594 .ult_modal-title'  data-responsive-json-new='{\"font-size\":\"\",\"line-height\":\"\"}'  class=\"ult_modal-title ult-responsive\">Demande devis gratuit<\/h3>\n\t\t\t<\/div>\n\t\t\t<div  data-ultimate-target='#ult-modal-wrap-4594 .ult_modal-body'  data-responsive-json-new='{\"font-size\":\"\",\"line-height\":\"\"}'  class=\"ult_modal-body ult-responsive ult-html\" style=\"\">\n\t\t\t<\/p>\n<p>[caldera_form id=\u00a0\u00bbCF614462cc44616&Prime;]<\/p>\n<p>\n\t\t\t<\/div>\n\t<\/div>\n\t<\/div>\n\t<div class=\"ult-overlay-close top-right\" style=\"width:80px;height:80px; \"><div class=\"ult-overlay-close-inside\">Close<\/div><\/div>\n<\/div>[\/vc_column_inner][\/vc_row_inner][\/vc_column][\/vc_row][vc_row wrap_container=\u00a0\u00bbyes\u00a0\u00bb css=\u00a0\u00bb.vc_custom_1689256499740{margin-top: 15px !important;}\u00a0\u00bb conditional_render=\u00a0\u00bb%5B%7B%22value_role%22%3A%22administrator%22%7D%5D\u00a0\u00bb][vc_column][vc_custom_heading text=\u00a0\u00bbQuestions fr\u00e9quentes\u00a0\u00bb font_container=\u00a0\u00bbtag:h2|text_align:center|color:%23000000&Prime; use_theme_fonts=\u00a0\u00bbyes\u00a0\u00bb][vc_separator][vc_row_inner][vc_column_inner width=\u00a0\u00bb7\/12&Prime;][vc_column_text]<\/p>\n<h3>Quels sont les avantages de choisir Espamob pour r\u00e9aliser un stage Erasmus en plomberie en Espagne ?<\/h3>\n<p>En choisissant Espamob pour r\u00e9aliser un stage Erasmus en plomberie en Espagne, vous b\u00e9n\u00e9ficiez de nombreux avantages :<\/p>\n<ul>\n<li>Accompagnement complet du projet de A \u00e0 Z<\/li>\n<li>Aide dans la recherche de financement<\/li>\n<li>Accueil personnalis\u00e9 dans les universit\u00e9s et les entreprises partenaires<\/li>\n<li>Logements sur place trouv\u00e9s et r\u00e9serv\u00e9s par Espamob<\/li>\n<li>Service de r\u00e9cup\u00e9ration des groupes \u00e0 l&rsquo;a\u00e9roport<\/li>\n<\/ul>\n<h3>Comment Espamob peut-il m&rsquo;aider \u00e0 trouver un stage en plomberie en Espagne dans le cadre d&rsquo;un programme Erasmus ?<\/h3>\n<p>Espamob dispose d&rsquo;un r\u00e9seau de partenaires universitaires et d&rsquo;entreprises en Espagne, ce qui lui permet de vous aider \u00e0 trouver un stage en plomberie correspondant \u00e0 vos attentes dans le cadre d&rsquo;un programme Erasmus. L&rsquo;agence mettra tout en \u0153uvre pour vous proposer des opportunit\u00e9s de stage en ad\u00e9quation avec votre profil et vos objectifs.<\/p>\n<h3>Quels types de logements propose Espamob pour les participants \u00e0 un stage Erasmus en plomberie en Espagne ?<\/h3>\n<p>Espamob propose diff\u00e9rents types de logements adapt\u00e9s aux participants \u00e0 un stage Erasmus en plomberie en Espagne. Vous pourrez b\u00e9n\u00e9ficier de logements en r\u00e9sidence universitaire, en appartement partag\u00e9 ou en famille d&rsquo;accueil, en fonction de vos pr\u00e9f\u00e9rences et de votre budget. L&rsquo;agence se charge de trouver et de r\u00e9server le logement qui correspondra le mieux \u00e0 vos besoins.<\/p>\n<p>[\/vc_column_text][\/vc_column_inner][vc_column_inner width=\u00a0\u00bb1\/12&Prime;][\/vc_column_inner][vc_column_inner width=\u00a0\u00bb4\/12&Prime;][vc_single_image image=\u00a0\u00bb15074&Prime; img_size=\u00a0\u00bbfull\u00a0\u00bb][vc_column_text]<strong>Renseignez-vous sur les diff\u00e9rentes destinations Erasmus + en Espagne :<\/strong><\/p>\n<ul>\n<li><a href=\"https:\/\/espamob.com\/fr\/secteur-stage-entreprise-erasmusplus\/btp\/stage-erasmus-carrelage\">Stage Erasmus Carrelage<\/a><\/li>\n<li><a href=\"https:\/\/espamob.com\/fr\/secteur-stage-entreprise-erasmusplus\/btp\/stage-erasmus-maconnerie\">Stage Erasmus Ma\u00e7onnerie<\/a><\/li>\n<li><a href=\"https:\/\/espamob.com\/fr\/secteur-stage-entreprise-erasmusplus\/btp\/stage-erasmus-electricite\">Stage Erasmus Electricit\u00e9<\/a><\/li>\n<li><a href=\"https:\/\/espamob.com\/fr\/secteur-stage-entreprise-erasmusplus\/btp\/stage-erasmus-peintre-en-batiment\">Stage Erasmus Peintre en b\u00e2timent<\/a><\/li>\n<li><a href=\"https:\/\/espamob.com\/fr\/secteur-stage-entreprise-erasmusplus\/btp\/stage-erasmus-menuiserie\">Stage Erasmus Menuiserie<\/a><\/li>\n<li><a href=\"https:\/\/espamob.com\/fr\/secteur-stage-entreprise-erasmusplus\/btp\/stage-erasmus-ebenisterie\">Stage Erasmus Eb\u00e9nisterie<\/a><\/li>\n<\/ul>\n<p>[\/vc_column_text][\/vc_column_inner][\/vc_row_inner][\/vc_column][\/vc_row]<\/p>\n<\/div>","protected":false},"excerpt":{"rendered":"<p>[vc_row css=\u00a0\u00bb.vc_custom_1705069641058{margin-top: -20px !important;margin-bottom: 40px !important;background-image: url(https:\/\/espamob.com\/wp-content\/uploads\/2024\/01\/Fontaneria.webp?id=22567) !important;}\u00a0\u00bb conditional_render=\u00a0\u00bb%5B%7B%22value_role%22%3A%22administrator%22%7D%5D\u00a0\u00bb][vc_column css=\u00a0\u00bb.vc_custom_1687965657482{padding-top: 30px !important;}\u00a0\u00bb conditional_render=\u00a0\u00bb%5B%7B%22value_role%22%3A%22administrator%22%7D%5D\u00a0\u00bb][vc_empty_space height=\u00a0\u00bb170&Prime;][vc_custom_heading text=\u00a0\u00bbStage Erasmus : Plomberie\u00a0\u00bb font_container=\u00a0\u00bbtag:h1|font_size:27|text_align:center|color:%23ffffff\u00a0\u00bb use_theme_fonts=\u00a0\u00bbyes\u00a0\u00bb css=\u00a0\u00bb.vc_custom_1705069601349{margin-bottom: 15px !important;background-color: rgba(136,136,136,0.29) !important;*background-color: rgb(136,136,136) !important;}\u00a0\u00bb animation_type=\u00a0\u00bbzoomIn\u00a0\u00bb][vc_empty_space height=\u00a0\u00bb40&Prime;][\/vc_column][\/vc_row][vc_row wrap_container=\u00a0\u00bbyes\u00a0\u00bb text_align=\u00a0\u00bbjustify\u00a0\u00bb][vc_column text_align=\u00a0\u00bbjustify\u00a0\u00bb][vc_column_text] Home Secteurs de stages BTP Stage Erasmus : Plomberie [\/vc_column_text][vc_custom_heading text=\u00a0\u00bbStage Erasmus Plomberie : une exp\u00e9rience enrichissante\u00a0\u00bb use_theme_fonts=\u00a0\u00bbyes\u00a0\u00bb css=\u00a0\u00bb.vc_custom_1687363443929{margin-top: 20px !important;}\u00a0\u00bb][vc_separator][vc_row_inner][vc_column_inner width=\u00a0\u00bb7\/12&Prime;][vc_column_text] Le<\/p>\n","protected":false},"author":2,"featured_media":0,"parent":12020,"menu_order":0,"comment_status":"closed","ping_status":"closed","template":"","meta":{"footnotes":""},"class_list":["post-18375","page","type-page","status-publish","hentry"],"_links":{"self":[{"href":"https:\/\/espamob.com\/fr\/wp-json\/wp\/v2\/pages\/18375","targetHints":{"allow":["GET"]}}],"collection":[{"href":"https:\/\/espamob.com\/fr\/wp-json\/wp\/v2\/pages"}],"about":[{"href":"https:\/\/espamob.com\/fr\/wp-json\/wp\/v2\/types\/page"}],"author":[{"embeddable":true,"href":"https:\/\/espamob.com\/fr\/wp-json\/wp\/v2\/users\/2"}],"replies":[{"embeddable":true,"href":"https:\/\/espamob.com\/fr\/wp-json\/wp\/v2\/comments?post=18375"}],"version-history":[{"count":0,"href":"https:\/\/espamob.com\/fr\/wp-json\/wp\/v2\/pages\/18375\/revisions"}],"up":[{"embeddable":true,"href":"https:\/\/espamob.com\/fr\/wp-json\/wp\/v2\/pages\/12020"}],"wp:attachment":[{"href":"https:\/\/espamob.com\/fr\/wp-json\/wp\/v2\/media?parent=18375"}],"curies":[{"name":"wp","href":"https:\/\/api.w.org\/{rel}","templated":true}]}}