{"id":18373,"date":"2023-08-14T00:00:00","date_gmt":"2023-08-14T00:00:00","guid":{"rendered":"https:\/\/www.espamob.com\/?page_id=18373"},"modified":"2025-11-03T15:07:11","modified_gmt":"2025-11-03T15:07:11","slug":"stage-erasmus-menuiserie","status":"publish","type":"page","link":"https:\/\/espamob.com\/fr\/secteur-stage-entreprise-erasmusplus\/btp\/stage-erasmus-menuiserie\/","title":{"rendered":"Stage Erasmus : Menuiserie"},"content":{"rendered":"<div class=\"wpb-content-wrapper\"><p>[vc_row css=\u00a0\u00bb.vc_custom_1704997815191{margin-top: -20px !important;margin-bottom: 40px !important;background-image: url(https:\/\/espamob.com\/wp-content\/uploads\/2024\/01\/Carpinteria.webp?id=22474) !important;}\u00a0\u00bb conditional_render=\u00a0\u00bb%5B%7B%22value_role%22%3A%22administrator%22%7D%5D\u00a0\u00bb][vc_column css=\u00a0\u00bb.vc_custom_1687965657482{padding-top: 30px !important;}\u00a0\u00bb conditional_render=\u00a0\u00bb%5B%7B%22value_role%22%3A%22administrator%22%7D%5D\u00a0\u00bb][vc_empty_space height=\u00a0\u00bb170&Prime;][vc_custom_heading text=\u00a0\u00bbStage Erasmus : Menuiserie\u00a0\u00bb font_container=\u00a0\u00bbtag:h1|font_size:27|text_align:center|color:%23ffffff\u00a0\u00bb use_theme_fonts=\u00a0\u00bbyes\u00a0\u00bb css=\u00a0\u00bb.vc_custom_1704997418837{margin-bottom: 15px !important;background-color: rgba(136,136,136,0.29) !important;*background-color: rgb(136,136,136) !important;}\u00a0\u00bb animation_type=\u00a0\u00bbzoomIn\u00a0\u00bb][vc_empty_space height=\u00a0\u00bb40&Prime;][\/vc_column][\/vc_row][vc_row wrap_container=\u00a0\u00bbyes\u00a0\u00bb text_align=\u00a0\u00bbjustify\u00a0\u00bb][vc_column text_align=\u00a0\u00bbjustify\u00a0\u00bb][vc_column_text]<\/p>\n<nav aria-label=\"breadcrumb\">\n<ol class=\"breadcrumb\">\n<li class=\"breadcrumb-item\"><a href=\"https:\/\/espamob.com\/\">Home<\/a><\/li>\n<li class=\"breadcrumb-item\"><a href=\"https:\/\/espamob.com\/fr\/secteur-stage-entreprise-erasmusplus\/\">Secteurs de stages<\/a><\/li>\n<li class=\"breadcrumb-item\"><a href=\"https:\/\/espamob.com\/fr\/secteur-stage-entreprise-erasmusplus\/btp\/\">BTP<\/a><\/li>\n<li class=\"breadcrumb-item active\" aria-current=\"page\">Stage Erasmus : Menuiserie<\/li>\n<\/ol>\n<\/nav>\n<p>[\/vc_column_text][vc_custom_heading text=\u00a0\u00bbBoostez votre carri\u00e8re avec un stage Erasmus en menuiserie\u00a0\u00bb use_theme_fonts=\u00a0\u00bbyes\u00a0\u00bb css=\u00a0\u00bb.vc_custom_1687363443929{margin-top: 20px !important;}\u00a0\u00bb][vc_separator][vc_row_inner][vc_column_inner width=\u00a0\u00bb7\/12&Prime;][vc_column_text]Vous souhaitez d\u00e9velopper vos comp\u00e9tences techniques et linguistiques dans le secteur de la menuiserie ? Un stage Erasmus est une excellente opportunit\u00e9 pour acqu\u00e9rir de l&rsquo;exp\u00e9rience professionnelle \u00e0 l&rsquo;\u00e9tranger tout en d\u00e9couvrant une nouvelle culture. Dans cet article, nous vous pr\u00e9sentons les avantages d&rsquo;un stage Erasmus en menuiserie et comment y acc\u00e9der.<\/p>\n<h2>Les atouts d&rsquo;un stage Erasmus en menuiserie<\/h2>\n<p>Le programme Erasmus offre de nombreux avantages aux \u00e9tudiants souhaitant effectuer un stage dans leur domaine d&rsquo;\u00e9tudes au sein d&rsquo;une entreprise europ\u00e9enne. Voici quelques-uns des principaux atouts :<\/p>\n<ul>\n<li><strong>D\u00e9velopper ses comp\u00e9tences professionnelles :<\/strong> en travaillant dans un environnement international, vous apprendrez de nouvelles techniques et m\u00e9thodes de travail adapt\u00e9es au contexte local. Ainsi, vous enrichirez votre curriculum vitae et am\u00e9liorerez vos perspectives d&#8217;emploi futur.<\/li>\n<li><strong>Am\u00e9liorer ses comp\u00e9tences linguistiques :<\/strong> un stage \u00e0 l&rsquo;\u00e9tranger est une excellente occasion pour pratiquer et perfectionner une langue \u00e9trang\u00e8re. Cette comp\u00e9tence est tr\u00e8s recherch\u00e9e par les employeurs, surtout dans les m\u00e9tiers du b\u00e2timent o\u00f9 la communication est essentielle pour mener \u00e0 bien les projets.<\/li>\n<li><strong>D\u00e9couvrir une nouvelle culture :<\/strong> vivre et travailler dans un autre pays vous permettra de vous immerger pleinement dans sa culture et ses traditions. Cela favorisera votre ouverture d&rsquo;esprit et votre adaptabilit\u00e9, des qualit\u00e9s tr\u00e8s appr\u00e9ci\u00e9es sur le march\u00e9 du travail.<\/li>\n<li><strong>B\u00e9n\u00e9ficier d&rsquo;une bourse de mobilit\u00e9 :<\/strong> le programme Erasmus vous attribuera une aide financi\u00e8re pour couvrir les frais li\u00e9s \u00e0 votre s\u00e9jour (logement, transport, etc.). Cette bourse est un atout consid\u00e9rable pour profiter pleinement de cette exp\u00e9rience sans vous soucier de votre budget.<\/li>\n<\/ul>\n<h2>Les \u00e9tapes pour acc\u00e9der \u00e0 un stage Erasmus en menuiserie<\/h2>\n<p>Pour participer \u00e0 un stage Erasmus dans le secteur de la menuiserie, il est important de suivre certaines \u00e9tapes cl\u00e9s :<\/p>\n<ol>\n<li><strong>Informer l&rsquo;\u00e9tablissement scolaire :<\/strong> parlez de votre projet de stage \u00e0 l&rsquo;\u00e9tranger \u00e0 votre \u00e9cole ou votre universit\u00e9. Ils pourront vous aider \u00e0 trouver des opportunit\u00e9s et \u00e0 pr\u00e9parer votre candidature.<\/li>\n<li><strong>Rechercher des offres de stage :<\/strong> consultez les plateformes sp\u00e9cialis\u00e9es dans les stages \u00e0 l&rsquo;\u00e9tranger, ainsi que les entreprises du secteur de la menuiserie ayant des filiales \u00e0 l&rsquo;\u00e9tranger. N&rsquo;h\u00e9sitez pas \u00e0 postuler m\u00eame si aucune offre sp\u00e9cifique n&rsquo;est propos\u00e9e, car certaines entreprises sont susceptibles d&rsquo;accueillir des stagiaires sur demande.<\/li>\n<li><strong>Postuler aux offres :<\/strong> pr\u00e9parez un CV et une lettre de motivation en ad\u00e9quation avec les attentes des employeurs internationaux. Soulignez vos comp\u00e9tences techniques et linguistiques, ainsi que votre volont\u00e9 d&rsquo;apprendre et de vous adapter \u00e0 un nouvel environnement.<\/li>\n<li><strong>Obtenir l&rsquo;accord du programme Erasmus :<\/strong> une fois que vous avez trouv\u00e9 un stage, contactez le responsable Erasmus de votre \u00e9tablissement pour qu&rsquo;il valide votre candidature. Vous devrez remplir des documents administratifs n\u00e9cessaires pour obtenir la bourse de mobilit\u00e9 et b\u00e9n\u00e9ficier des avantages du programme.<\/li>\n<\/ol>\n<p>[\/vc_column_text][\/vc_column_inner][vc_column_inner width=\u00a0\u00bb1\/12&Prime;][\/vc_column_inner][vc_column_inner width=\u00a0\u00bb4\/12&Prime;][vc_single_image image=\u00a0\u00bb18253&Prime; img_size=\u00a0\u00bb400*400&Prime; alignment=\u00a0\u00bbright\u00a0\u00bb style=\u00a0\u00bbvc_box_rounded\u00a0\u00bb][vc_btn title=\u00a0\u00bbJe veux en savoir plus\u00a0\u00bb style=\u00a0\u00bbcustom\u00a0\u00bb custom_background=\u00a0\u00bb#e20000&Prime; custom_text=\u00a0\u00bb#ffffff\u00a0\u00bb align=\u00a0\u00bbcenter\u00a0\u00bb link=\u00a0\u00bburl:https%3A%2F%2Fespamob.com%2Ffr%2Fcontact%2F|title:FR%20Secteurs|target:_blank\u00a0\u00bb][vc_video link=\u00a0\u00bbhttps:\/\/youtube.com\/shorts\/sJcgebQJ1vQ?si=wjvnBi_3VB5W65wc\u00a0\u00bb el_aspect=\u00a0\u00bb916&Prime; align=\u00a0\u00bbcenter\u00a0\u00bb][\/vc_column_inner][\/vc_row_inner][vc_custom_heading text=\u00a0\u00bbExemple de parcours de stage en menuiserie avec Erasmus\u00a0\u00bb font_container=\u00a0\u00bbtag:h3|text_align:left\u00a0\u00bb use_theme_fonts=\u00a0\u00bbyes\u00a0\u00bb css=\u00a0\u00bb.vc_custom_1689259044425{margin-top: 20px !important;}\u00a0\u00bb][vc_separator][vc_row_inner][vc_column_inner width=\u00a0\u00bb7\/12&Prime;][vc_column_text]<span lang=\"FR\">Pour illustrer les possibilit\u00e9s offertes par un stage Erasmus Plus en Espagne, voici<\/span><span lang=\"FR\">\u00a0un retour d\u2019exp\u00e9rience concret de la part d\u2019\u00e9tudiants sp\u00e9cialis\u00e9s en menuiserie\u00a0:<\/span><\/p>\n<p>&nbsp;<\/p>\n<h3>Profil de l&rsquo;\u00e9tudiant<\/h3>\n<p>Mathis et Arthur, \u00e2g\u00e9s de 21 ans, \u00e9voluent tous deux en derni\u00e8re ann\u00e9e de bac professionnel en tant que techniciens menuisiers-agenceurs en France. Anim\u00e9s par la curiosit\u00e9, ils souhaitent approfondir leurs connaissances et d\u00e9couvrir divers savoir-faire \u00e0 l&rsquo;\u00e9chelle internationale, au-del\u00e0 des fronti\u00e8res fran\u00e7aises.<\/p>\n<p>Ces jeunes professionnels nous partagent leur aventure et leurs exp\u00e9riences.<\/p>\n<p>&nbsp;<\/p>\n<h3>Destination du stage<\/h3>\n<p>C&rsquo;est \u00e0 Barcelone que l&rsquo;\u00e9quipe d&rsquo;Espamob a identifi\u00e9 une entreprise sp\u00e9cialis\u00e9e dans le domaine, il s\u2019agit d\u2019une r\u00e9f\u00e9rence en ce qui concerne la fabrication de mobilier en bois massif sur mesure. Cette entreprise s&rsquo;est montr\u00e9e pr\u00eate \u00e0 accueillir ces deux jeunes pour une p\u00e9riode de deux semaines, avec pour objectif de les former de la meilleure mani\u00e8re possible.<\/p>\n<p>&nbsp;<\/p>\n<h3>Missions durant le stage<\/h3>\n<ul>\n<li>R\u00e9alisation de plans et croquis pour les projets de r\u00e9novation.<\/li>\n<li>Fabrication et pose de mobilier sur mesure (cuisine, dressing, etc.).<\/li>\n<li>Fabrication de garde-corps<\/li>\n<li>Collage de miroir<\/li>\n<li>Assurer les finitions (d\u00e9coupe, pon\u00e7age, vernissage&#8230;)<\/li>\n<li>Installation du mobilier chez les particuliers<\/li>\n<li>Op\u00e9ration de d\u00e9bit<\/li>\n<li>Assistance aux r\u00e9unions de chantier et communication avec les clients.<\/li>\n<\/ul>\n<p>&nbsp;<\/p>\n<h3><\/h3>\n<h3>R\u00e9sultats du stage<\/h3>\n<p>L&rsquo;exp\u00e9rience a permis \u00e0 Arthur et Mathis de s&rsquo;immerger dans le savoir-faire espagnol, d\u00e9couvrant de nouvelles techniques et m\u00e9thodes, une source d&rsquo;enrichissement pour la suite de leur parcours professionnel. Ce stage \u00e0 l&rsquo;\u00e9tranger a \u00e9galement contribu\u00e9 \u00e0 renforcer et am\u00e9liorer leurs comp\u00e9tences linguistiques. Malgr\u00e9 la barri\u00e8re de la langue, ils ont rapidement r\u00e9ussi \u00e0 cr\u00e9er des liens avec leur \u00e9quipe. R\u00e9sultat, ils ont d\u00e9velopp\u00e9 de nouvelles comp\u00e9tences, tant sur le plan professionnel que personnel.[\/vc_column_text][\/vc_column_inner][vc_column_inner width=\u00a0\u00bb1\/12&Prime;][\/vc_column_inner][vc_column_inner width=\u00a0\u00bb4\/12&Prime;][vc_column_text]<\/p>\n<div style=\"padding: 30px; background-color: #f4f4f4;\">\n<h4>D\u00e9couvrez tous les secteurs de stages<\/h4>\n<p>Espamob est sp\u00e9cialiste dans l\u2019accompagnement de groupe dans leur mobilit\u00e9 Erasmus +. D\u00e9couvrez en quelques clis tous les secteurs de stage Erasmus en Espagne.<\/p>\n<p><a class=\"vc_general vc_btn3 vc_btn3-size-md vc_btn3-shape-default vc_btn3-style-custom wpb_custom_6687b26f39488ddbb85ddb3c1ce8e111 btn\" style=\"background-color: #e20000; color: #ffffff;\" title=\"FR Secteurs\" href=\"https:\/\/espamob.com\/fr\/contact\/\" target=\"_blank\" rel=\"noopener\">Je d\u00e9couvre les secteurs<\/a><\/div>\n<p>[\/vc_column_text][vc_custom_heading text=\u00a0\u00bbD\u00e9couvrez le retour d&rsquo;exp\u00e9rience Erasmus +\u00a0\u00bb font_container=\u00a0\u00bbtag:h4|text_align:left\u00a0\u00bb use_theme_fonts=\u00a0\u00bbyes\u00a0\u00bb css=\u00a0\u00bb.vc_custom_1706810054417{margin-top: 20px !important;}\u00a0\u00bb][vc_separator][vc_column_text]<\/p>\n<blockquote class=\"instagram-media\" style=\"background: #FFF; border: 0; border-radius: 3px; box-shadow: 0 0 1px 0 rgba(0,0,0,0.5),0 1px 10px 0 rgba(0,0,0,0.15); margin: 1px; max-width: 540px; min-width: 326px; padding: 0; width: calc(100% - 2px);\" data-instgrm-permalink=\"https:\/\/www.instagram.com\/reel\/C2fitmUMexf\/?utm_source=ig_embed&amp;utm_campaign=loading\" data-instgrm-version=\"14\">\n<div style=\"padding: 16px;\">\n<p>&nbsp;<\/p>\n<div style=\"display: flex; flex-direction: row; align-items: center;\">\n<div style=\"background-color: #f4f4f4; border-radius: 50%; flex-grow: 0; height: 40px; margin-right: 14px; width: 40px;\"><\/div>\n<div style=\"display: flex; flex-direction: column; flex-grow: 1; justify-content: center;\">\n<div style=\"background-color: #f4f4f4; border-radius: 4px; flex-grow: 0; height: 14px; margin-bottom: 6px; width: 100px;\"><\/div>\n<div style=\"background-color: #f4f4f4; border-radius: 4px; flex-grow: 0; height: 14px; width: 60px;\"><\/div>\n<\/div>\n<\/div>\n<div style=\"padding: 19% 0;\"><\/div>\n<div style=\"display: block; height: 50px; margin: 0 auto 12px; width: 50px;\"><\/div>\n<div style=\"padding-top: 8px;\">\n<div style=\"color: #3897f0; font-family: Arial,sans-serif; font-size: 14px; font-style: normal; font-weight: 550; line-height: 18px;\">Ver esta publicaci\u00f3n en Instagram<\/div>\n<\/div>\n<div style=\"padding: 12.5% 0;\"><\/div>\n<div style=\"display: flex; flex-direction: row; margin-bottom: 14px; align-items: center;\">\n<div>\n<div style=\"background-color: #f4f4f4; border-radius: 50%; height: 12.5px; width: 12.5px; transform: translateX(0px) translateY(7px);\"><\/div>\n<div style=\"background-color: #f4f4f4; height: 12.5px; transform: rotate(-45deg) translateX(3px) translateY(1px); width: 12.5px; flex-grow: 0; margin-right: 14px; margin-left: 2px;\"><\/div>\n<div style=\"background-color: #f4f4f4; border-radius: 50%; height: 12.5px; width: 12.5px; transform: translateX(9px) translateY(-18px);\"><\/div>\n<\/div>\n<div style=\"margin-left: 8px;\">\n<div style=\"background-color: #f4f4f4; border-radius: 50%; flex-grow: 0; height: 20px; width: 20px;\"><\/div>\n<div style=\"width: 0; height: 0; border-top: 2px solid transparent; border-left: 6px solid #f4f4f4; border-bottom: 2px solid transparent; transform: translateX(16px) translateY(-4px) rotate(30deg);\"><\/div>\n<\/div>\n<div style=\"margin-left: auto;\">\n<div style=\"width: 0px; border-top: 8px solid #F4F4F4; border-right: 8px solid transparent; transform: translateY(16px);\"><\/div>\n<div style=\"background-color: #f4f4f4; flex-grow: 0; height: 12px; width: 16px; transform: translateY(-4px);\"><\/div>\n<div style=\"width: 0; height: 0; border-top: 8px solid #F4F4F4; border-left: 8px solid transparent; transform: translateY(-4px) translateX(8px);\"><\/div>\n<\/div>\n<\/div>\n<div style=\"display: flex; flex-direction: column; flex-grow: 1; justify-content: center; margin-bottom: 24px;\">\n<div style=\"background-color: #f4f4f4; border-radius: 4px; flex-grow: 0; height: 14px; margin-bottom: 6px; width: 224px;\"><\/div>\n<div style=\"background-color: #f4f4f4; border-radius: 4px; flex-grow: 0; height: 14px; width: 144px;\"><\/div>\n<\/div>\n<p>&nbsp;<\/p>\n<p style=\"color: #c9c8cd; font-family: Arial,sans-serif; font-size: 14px; line-height: 17px; margin-bottom: 0; margin-top: 8px; overflow: hidden; padding: 8px 0 7px; text-align: center; text-overflow: ellipsis; white-space: nowrap;\"><a style=\"color: #c9c8cd; font-family: Arial,sans-serif; font-size: 14px; font-style: normal; font-weight: normal; line-height: 17px; text-decoration: none;\" href=\"https:\/\/www.instagram.com\/reel\/C2fitmUMexf\/?utm_source=ig_embed&amp;utm_campaign=loading\" target=\"_blank\" rel=\"noopener\">Una publicaci\u00f3n compartida de ESPAMOB&rsquo; &#8211; ERASMUS+ (@espamobspain)<\/a><\/p>\n<\/div>\n<\/blockquote>\n<p><script async src=\"\/\/www.instagram.com\/embed.js\"><\/script>[\/vc_column_text][\/vc_column_inner][\/vc_row_inner][\/vc_column][\/vc_row][vc_row full_width=\u00a0\u00bbstretch_row\u00a0\u00bb wrap_container=\u00a0\u00bbyes\u00a0\u00bb is_section=\u00a0\u00bbyes\u00a0\u00bb css=\u00a0\u00bb.vc_custom_1688548809334{margin-top: 20px !important;border-top-width: 0px !important;background-color: #f8f392 !important;}\u00a0\u00bb conditional_render=\u00a0\u00bb%5B%7B%22value_role%22%3A%22administrator%22%7D%5D\u00a0\u00bb][vc_column][vc_row_inner css=\u00a0\u00bb.vc_custom_1688548648248{background-color: #f8f392 !important;}\u00a0\u00bb][vc_column_inner][vc_custom_heading text=\u00a0\u00bbFaire une demande de devis gratuit\u00a0\u00bb font_container=\u00a0\u00bbtag:h2|text_align:center\u00a0\u00bb use_theme_fonts=\u00a0\u00bbyes\u00a0\u00bb][vc_column_text]<\/p>\n<p style=\"text-align: justify;\">Vous avez une id\u00e9e de projet Erasmus + en Espagne et vous cherchez un partenaire de confiance pour vous accompagner ? <strong>Espamob\u2019<\/strong> est l\u00e0 pour vous aider ! Nous vous proposons un devis gratuit et sans engagement pour vous aider \u00e0 g\u00e9rer votre projet de mobilit\u00e9. Gr\u00e2ce \u00e0 notre expertise et \u00e0 notre r\u00e9seau d\u2019entreprises partenaires, nous sommes en mesure de vous offrir un accompagnement personnalis\u00e9 pour r\u00e9pondre \u00e0 vos besoins sp\u00e9cifiques. Contactez-nous d\u00e8s maintenant pour discuter de votre projet et obtenir votre devis gratuit.<\/p>\n<p>[\/vc_column_text]<div id=\"modal-trg-txt-wrap-4710\" class=\"ult-modal-input-wrapper ult-adjust-bottom-margin    \" data-keypress-control=\"keypress-control-enable\" data-overlay-control=\"overlay-control-enable\"><style>\n\t\t\t\t\t.btn-modal.btn-id-69e764dd013ab9-97088738:hover {\n\t\t\t\t\t\tbackground-color: #e20000 !important;\n\t\t\t\t\t}\n\t\t\t\t\t<\/style><button  data-ultimate-target='#modal-trg-txt-wrap-4710 .btn-modal'  data-responsive-json-new='{\"font-size\":\"\",\"line-height\":\"\"}'  style=\"background:#888888;border-color:#888888;color:#ffffff; \" data-class-id=\"content-69e764dd013ab9-97088738\" class=\"btn-modal ult-responsive btn-primary btn-modal-md overlay-show ult-align-center btn-id-69e764dd013ab9-97088738\" data-overlay-class=\"overlay-cornerbottomleft\">DEMANDE DEVIS GRATUIT<\/button><\/div>\n<div class=\"ult-overlay content-69e764dd013ab9-97088738 \" data-class=\"content-69e764dd013ab9-97088738\" id=\"button-click-overlay\" style=\"background:rgba(51,51,51,0.8); display:none;\">\n\t<div class=\"ult_modal ult-fade ult-medium\">\n\t\t<div id=\"ult-modal-wrap-5608\" class=\"ult_modal-content ult-hide\" style=\"border-style:solid;border-width:2px;border-radius:0px;border-color:#333333;\">\n\t\t\t<div class=\"ult_modal-header\" style=\"color:#333333;border-color:#333333;\">\n\t\t\t\t<h3  data-ultimate-target='#ult-modal-wrap-5608 .ult_modal-title'  data-responsive-json-new='{\"font-size\":\"\",\"line-height\":\"\"}'  class=\"ult_modal-title ult-responsive\">Demande devis gratuit<\/h3>\n\t\t\t<\/div>\n\t\t\t<div  data-ultimate-target='#ult-modal-wrap-5608 .ult_modal-body'  data-responsive-json-new='{\"font-size\":\"\",\"line-height\":\"\"}'  class=\"ult_modal-body ult-responsive ult-html\" style=\"\">\n\t\t\t<\/p>\n<p>[caldera_form id=\u00a0\u00bbCF614462cc44616&Prime;]<\/p>\n<p>\n\t\t\t<\/div>\n\t<\/div>\n\t<\/div>\n\t<div class=\"ult-overlay-close top-right\" style=\"width:80px;height:80px; \"><div class=\"ult-overlay-close-inside\">Close<\/div><\/div>\n<\/div>[\/vc_column_inner][\/vc_row_inner][\/vc_column][\/vc_row][vc_row wrap_container=\u00a0\u00bbyes\u00a0\u00bb css=\u00a0\u00bb.vc_custom_1689256499740{margin-top: 15px !important;}\u00a0\u00bb conditional_render=\u00a0\u00bb%5B%7B%22value_role%22%3A%22administrator%22%7D%5D\u00a0\u00bb][vc_column][vc_custom_heading text=\u00a0\u00bbQuestions fr\u00e9quentes\u00a0\u00bb font_container=\u00a0\u00bbtag:h2|text_align:center|color:%23000000&Prime; use_theme_fonts=\u00a0\u00bbyes\u00a0\u00bb][vc_separator][vc_row_inner][vc_column_inner width=\u00a0\u00bb7\/12&Prime;][vc_column_text]<\/p>\n<h3>Qu&rsquo;est-ce qu&rsquo;Espamob propose comme accompagnement pour un groupe souhaitant r\u00e9aliser un stage Erasmus en Espagne dans le domaine de la menuiserie ?<\/h3>\n<p>Espamob propose un accompagnement complet pour les groupes souhaitant r\u00e9aliser un stage Erasmus en Espagne dans le domaine de la menuiserie. L&rsquo;agence g\u00e8re le projet de A \u00e0 Z, en aidant \u00e0 la cr\u00e9ation du projet, \u00e0 la recherche de financement, \u00e0 l&rsquo;accueil dans les universit\u00e9s et les entreprises partenaires pour les stages, ainsi qu&rsquo;\u00e0 la recherche de logements sur place et \u00e0 la r\u00e9cup\u00e9ration des groupes \u00e0 l&rsquo;a\u00e9roport.<\/p>\n<h3>Quels sont les avantages de choisir Espamob pour un stage Erasmus en menuiserie en Espagne ?<\/h3>\n<p>Choisir Espamob pour un stage Erasmus en menuiserie en Espagne pr\u00e9sente plusieurs avantages. Tout d&rsquo;abord, l&rsquo;agence offre un accompagnement complet, ce qui permet aux groupes de se concentrer sur leur projet et de b\u00e9n\u00e9ficier d&rsquo;un soutien tout au long du processus. De plus, Espamob dispose d&rsquo;un r\u00e9seau \u00e9tendu d&rsquo;universit\u00e9s et d&rsquo;entreprises partenaires en Espagne, ce qui garantit des opportunit\u00e9s de stage de qualit\u00e9 dans le domaine de la menuiserie. Enfin, l&rsquo;agence s&rsquo;occupe \u00e9galement de l&rsquo;organisation pratique du s\u00e9jour, en trouvant des logements adapt\u00e9s et en assurant le transfert depuis l&rsquo;a\u00e9roport.<\/p>\n<h3>Comment Espamob aide-t-il les groupes \u00e0 financer leur stage Erasmus en menuiserie en Espagne ?<\/h3>\n<p>Espamob aide les groupes \u00e0 financer leur stage Erasmus en menuiserie en Espagne en les accompagnant dans la recherche de financement. L&rsquo;agence fournit des conseils et des ressources pour identifier les diff\u00e9rentes sources de financement disponibles, telles que les bourses Erasmus+, les subventions nationales ou r\u00e9gionales, les partenariats avec des entreprises, etc. Espamob peut \u00e9galement aider \u00e0 la r\u00e9daction des dossiers de demande de financement et \u00e0 la pr\u00e9paration des entretiens si n\u00e9cessaire.<\/p>\n<p>[\/vc_column_text][\/vc_column_inner][vc_column_inner width=\u00a0\u00bb1\/12&Prime;][\/vc_column_inner][vc_column_inner width=\u00a0\u00bb4\/12&Prime;][vc_single_image image=\u00a0\u00bb15074&Prime; img_size=\u00a0\u00bbfull\u00a0\u00bb][vc_column_text]<strong>Renseignez-vous sur les diff\u00e9rentes destinations Erasmus + en Espagne :<\/strong><\/p>\n<ul>\n<li><a href=\"https:\/\/espamob.com\/fr\/secteur-stage-entreprise-erasmusplus\/btp\/stage-erasmus-carrelage\">Stage Erasmus Carrelage<\/a><\/li>\n<li><a href=\"https:\/\/espamob.com\/fr\/secteur-stage-entreprise-erasmusplus\/btp\/stage-erasmus-maconnerie\">Stage Erasmus Ma\u00e7onnerie<\/a><\/li>\n<li><a href=\"https:\/\/espamob.com\/fr\/secteur-stage-entreprise-erasmusplus\/btp\/stage-erasmus-electricite\">Stage Erasmus Electricit\u00e9<\/a><\/li>\n<li><a href=\"https:\/\/espamob.com\/fr\/secteur-stage-entreprise-erasmusplus\/btp\/stage-erasmus-peintre-en-batiment\">Stage Erasmus Peintre en b\u00e2timent<\/a><\/li>\n<li><a href=\"https:\/\/espamob.com\/fr\/secteur-stage-entreprise-erasmusplus\/btp\/stage-erasmus-ebenisterie\">Stage Erasmus Eb\u00e9nisterie<\/a><\/li>\n<li><a href=\"https:\/\/espamob.com\/fr\/secteur-stage-entreprise-erasmusplus\/btp\/stage-erasmus-plomberie\">Stage Erasmus Plomberie<\/a><\/li>\n<\/ul>\n<p>[\/vc_column_text][\/vc_column_inner][\/vc_row_inner][\/vc_column][\/vc_row]<\/p>\n<\/div>","protected":false},"excerpt":{"rendered":"<p>[vc_row css=\u00a0\u00bb.vc_custom_1704997815191{margin-top: -20px !important;margin-bottom: 40px !important;background-image: url(https:\/\/espamob.com\/wp-content\/uploads\/2024\/01\/Carpinteria.webp?id=22474) !important;}\u00a0\u00bb conditional_render=\u00a0\u00bb%5B%7B%22value_role%22%3A%22administrator%22%7D%5D\u00a0\u00bb][vc_column css=\u00a0\u00bb.vc_custom_1687965657482{padding-top: 30px !important;}\u00a0\u00bb conditional_render=\u00a0\u00bb%5B%7B%22value_role%22%3A%22administrator%22%7D%5D\u00a0\u00bb][vc_empty_space height=\u00a0\u00bb170&Prime;][vc_custom_heading text=\u00a0\u00bbStage Erasmus : Menuiserie\u00a0\u00bb font_container=\u00a0\u00bbtag:h1|font_size:27|text_align:center|color:%23ffffff\u00a0\u00bb use_theme_fonts=\u00a0\u00bbyes\u00a0\u00bb css=\u00a0\u00bb.vc_custom_1704997418837{margin-bottom: 15px !important;background-color: rgba(136,136,136,0.29) !important;*background-color: rgb(136,136,136) !important;}\u00a0\u00bb animation_type=\u00a0\u00bbzoomIn\u00a0\u00bb][vc_empty_space height=\u00a0\u00bb40&Prime;][\/vc_column][\/vc_row][vc_row wrap_container=\u00a0\u00bbyes\u00a0\u00bb text_align=\u00a0\u00bbjustify\u00a0\u00bb][vc_column text_align=\u00a0\u00bbjustify\u00a0\u00bb][vc_column_text] Home Secteurs de stages BTP Stage Erasmus : Menuiserie [\/vc_column_text][vc_custom_heading text=\u00a0\u00bbBoostez votre carri\u00e8re avec un stage Erasmus en menuiserie\u00a0\u00bb use_theme_fonts=\u00a0\u00bbyes\u00a0\u00bb css=\u00a0\u00bb.vc_custom_1687363443929{margin-top: 20px !important;}\u00a0\u00bb][vc_separator][vc_row_inner][vc_column_inner<\/p>\n","protected":false},"author":2,"featured_media":0,"parent":12020,"menu_order":0,"comment_status":"closed","ping_status":"closed","template":"","meta":{"footnotes":""},"class_list":["post-18373","page","type-page","status-publish","hentry"],"_links":{"self":[{"href":"https:\/\/espamob.com\/fr\/wp-json\/wp\/v2\/pages\/18373","targetHints":{"allow":["GET"]}}],"collection":[{"href":"https:\/\/espamob.com\/fr\/wp-json\/wp\/v2\/pages"}],"about":[{"href":"https:\/\/espamob.com\/fr\/wp-json\/wp\/v2\/types\/page"}],"author":[{"embeddable":true,"href":"https:\/\/espamob.com\/fr\/wp-json\/wp\/v2\/users\/2"}],"replies":[{"embeddable":true,"href":"https:\/\/espamob.com\/fr\/wp-json\/wp\/v2\/comments?post=18373"}],"version-history":[{"count":0,"href":"https:\/\/espamob.com\/fr\/wp-json\/wp\/v2\/pages\/18373\/revisions"}],"up":[{"embeddable":true,"href":"https:\/\/espamob.com\/fr\/wp-json\/wp\/v2\/pages\/12020"}],"wp:attachment":[{"href":"https:\/\/espamob.com\/fr\/wp-json\/wp\/v2\/media?parent=18373"}],"curies":[{"name":"wp","href":"https:\/\/api.w.org\/{rel}","templated":true}]}}