{"id":18370,"date":"2023-08-14T00:00:00","date_gmt":"2023-08-14T00:00:00","guid":{"rendered":"https:\/\/www.espamob.com\/?page_id=18370"},"modified":"2024-01-11T18:32:13","modified_gmt":"2024-01-11T18:32:13","slug":"stage-erasmus-maconnerie","status":"publish","type":"page","link":"https:\/\/espamob.com\/fr\/secteur-stage-entreprise-erasmusplus\/btp\/stage-erasmus-maconnerie\/","title":{"rendered":"Stage Erasmus : Ma\u00e7onnerie"},"content":{"rendered":"<div class=\"wpb-content-wrapper\"><p>[vc_row css=\u00a0\u00bb.vc_custom_1704997686865{margin-top: -20px !important;margin-bottom: 40px !important;background-image: url(https:\/\/espamob.com\/wp-content\/uploads\/2024\/01\/Mamposteria.webp?id=22456) !important;}\u00a0\u00bb conditional_render=\u00a0\u00bb%5B%7B%22value_role%22%3A%22administrator%22%7D%5D\u00a0\u00bb][vc_column css=\u00a0\u00bb.vc_custom_1687965657482{padding-top: 30px !important;}\u00a0\u00bb conditional_render=\u00a0\u00bb%5B%7B%22value_role%22%3A%22administrator%22%7D%5D\u00a0\u00bb][vc_empty_space height=\u00a0\u00bb170&Prime;][vc_custom_heading text=\u00a0\u00bbStage Erasmus : Ma\u00e7onnerie\u00a0\u00bb font_container=\u00a0\u00bbtag:h1|font_size:27|text_align:center|color:%23ffffff\u00a0\u00bb use_theme_fonts=\u00a0\u00bbyes\u00a0\u00bb css=\u00a0\u00bb.vc_custom_1704997379086{margin-bottom: 15px !important;background-color: rgba(136,136,136,0.29) !important;*background-color: rgb(136,136,136) !important;}\u00a0\u00bb animation_type=\u00a0\u00bbzoomIn\u00a0\u00bb][vc_empty_space height=\u00a0\u00bb40&Prime;][\/vc_column][\/vc_row][vc_row wrap_container=\u00a0\u00bbyes\u00a0\u00bb text_align=\u00a0\u00bbjustify\u00a0\u00bb][vc_column text_align=\u00a0\u00bbjustify\u00a0\u00bb][vc_column_text]<\/p>\n<nav aria-label=\"breadcrumb\">\n<ol class=\"breadcrumb\">\n<li class=\"breadcrumb-item\"><a href=\"https:\/\/espamob.com\/\">Home<\/a><\/li>\n<li class=\"breadcrumb-item\"><a href=\"https:\/\/espamob.com\/fr\/secteur-stage-entreprise-erasmusplus\/\">Secteurs de stages<\/a><\/li>\n<li class=\"breadcrumb-item\"><a href=\"https:\/\/espamob.com\/fr\/secteur-stage-entreprise-erasmusplus\/btp\/\">BTP<\/a><\/li>\n<li class=\"breadcrumb-item active\" aria-current=\"page\">Stage Erasmus : Ma\u00e7onnerie<\/li>\n<\/ol>\n<\/nav>\n<p>[\/vc_column_text][vc_custom_heading text=\u00a0\u00bbStage Erasmus Ma\u00e7onnerie : une exp\u00e9rience professionnelle enrichissante\u00a0\u00bb use_theme_fonts=\u00a0\u00bbyes\u00a0\u00bb css=\u00a0\u00bb.vc_custom_1687363443929{margin-top: 20px !important;}\u00a0\u00bb][vc_separator][vc_row_inner][vc_column_inner width=\u00a0\u00bb7\/12&Prime;][vc_column_text]<\/p>\n<p>Vous \u00eates \u00e9tudiant en ma\u00e7onnerie et cherchez \u00e0 vivre une exp\u00e9rience internationale ? Le stage Erasmus Ma\u00e7onnerie est la solution id\u00e9ale pour vous ! Dans cet article, nous allons d\u00e9couvrir ensemble les opportunit\u00e9s offertes par un tel stage, ainsi que les m\u00e9tiers du b\u00e2timent li\u00e9s \u00e0 la ma\u00e7onnerie.<\/p>\n<h2>Le programme Erasmus+ : des opportunit\u00e9s pour les jeunes professionnels du b\u00e2timent<\/h2>\n<p>Le programme Erasmus+ est un dispositif europ\u00e9en permettant aux \u00e9tudiants et aux jeunes professionnels d&rsquo;effectuer un s\u00e9jour \u00e0 l&rsquo;\u00e9tranger dans le cadre de leur formation. Il offre notamment la possibilit\u00e9 de r\u00e9aliser un stage au sein d&rsquo;une entreprise situ\u00e9e dans un autre pays europ\u00e9en, ce qui constitue une r\u00e9elle plus-value sur le march\u00e9 du travail.<\/p>\n<p>Pour les m\u00e9tiers du b\u00e2timent tels que la ma\u00e7onnerie, cela peut repr\u00e9senter une occasion unique d&rsquo;apprendre de nouvelles techniques et d&rsquo;approfondir ses comp\u00e9tences tout en d\u00e9couvrant une nouvelle culture. <strong>Le stage Erasmus Ma\u00e7onnerie est donc une opportunit\u00e9 \u00e0 saisir pour booster sa carri\u00e8re dans le secteur du b\u00e2timent<\/strong>.<\/p>\n<h3>Les avantages d&rsquo;un stage en ma\u00e7onnerie \u00e0 l&rsquo;\u00e9tranger<\/h3>\n<p>Effectuer un stage Erasmus en ma\u00e7onnerie pr\u00e9sente plusieurs avantages :<\/p>\n<ul>\n<li><strong>D\u00e9couvrir de nouvelles m\u00e9thodes de travail<\/strong> : chaque pays poss\u00e8de ses propres sp\u00e9cificit\u00e9s en mati\u00e8re de construction. Un stage \u00e0 l&rsquo;\u00e9tranger peut vous permettre de vous familiariser avec de nouvelles techniques et mat\u00e9riaux.<\/li>\n<li><strong>Am\u00e9liorer ses comp\u00e9tences linguistiques<\/strong> : la pratique d&rsquo;une langue \u00e9trang\u00e8re est un atout majeur pour les ma\u00e7ons en qu\u00eate d&rsquo;opportunit\u00e9s professionnelles internationales. Le stage Erasmus vous met en immersion totale et favorise ainsi votre progression linguistique.<\/li>\n<li><strong>\u00c9largir son r\u00e9seau professionnel<\/strong> : partir \u00e0 l&rsquo;\u00e9tranger, c&rsquo;est aussi l&rsquo;occasion de rencontrer des professionnels du secteur du b\u00e2timent et d&rsquo;\u00e9changer avec eux sur vos exp\u00e9riences respectives. Un r\u00e9seau solide peut s&rsquo;av\u00e9rer tr\u00e8s utile dans la recherche d&rsquo;un emploi futur.<\/li>\n<\/ul>\n<p>[\/vc_column_text][\/vc_column_inner][vc_column_inner width=\u00a0\u00bb1\/12&Prime;][\/vc_column_inner][vc_column_inner width=\u00a0\u00bb4\/12&Prime;][vc_single_image image=\u00a0\u00bb18223&Prime; img_size=\u00a0\u00bb400*400&Prime; alignment=\u00a0\u00bbright\u00a0\u00bb style=\u00a0\u00bbvc_box_rounded\u00a0\u00bb][vc_btn title=\u00a0\u00bbJe veux en savoir plus\u00a0\u00bb style=\u00a0\u00bbcustom\u00a0\u00bb custom_background=\u00a0\u00bb#e20000&Prime; custom_text=\u00a0\u00bb#ffffff\u00a0\u00bb align=\u00a0\u00bbcenter\u00a0\u00bb link=\u00a0\u00bburl:https%3A%2F%2Fespamob.com%2Ffr%2Fcontact%2F|title:FR%20Secteurs|target:_blank\u00a0\u00bb][\/vc_column_inner][\/vc_row_inner][vc_custom_heading text=\u00a0\u00bbLes m\u00e9tiers de la ma\u00e7onnerie : un secteur diversifi\u00e9\u00a0\u00bb font_container=\u00a0\u00bbtag:h3|text_align:left\u00a0\u00bb use_theme_fonts=\u00a0\u00bbyes\u00a0\u00bb css=\u00a0\u00bb.vc_custom_1689259044425{margin-top: 20px !important;}\u00a0\u00bb][vc_separator][vc_row_inner][vc_column_inner width=\u00a0\u00bb7\/12&Prime;][vc_column_text]<\/p>\n<p>La ma\u00e7onnerie regroupe diff\u00e9rents m\u00e9tiers li\u00e9s \u00e0 la construction, \u00e0 la r\u00e9novation ou \u00e0 la restauration de b\u00e2timents. Parmi ces m\u00e9tiers, on retrouve notamment :<\/p>\n<ul>\n<li>Le ma\u00e7on traditionnel : ce professionnel r\u00e9alise des travaux de gros \u0153uvre tels que la construction de murs porteurs, de cloisons ou de planchers. Il travaille g\u00e9n\u00e9ralement avec des mat\u00e9riaux tels que le b\u00e9ton, la brique ou la pierre.<\/li>\n<li>Le ma\u00e7on VRD (Voiries et R\u00e9seaux Divers) : sp\u00e9cialis\u00e9 dans les am\u00e9nagements urbains, il intervient sur la construction de routes, de trottoirs ou de canalisations, par exemple.<\/li>\n<li>Le tailleur de pierre : ce m\u00e9tier d&rsquo;art consiste \u00e0 travailler la pierre pour la transformer en \u00e9l\u00e9ments architecturaux ou d\u00e9coratifs. Le tailleur de pierre intervient notamment sur les chantiers de restauration de monuments historiques.<\/li>\n<li>Le constructeur en b\u00e9ton arm\u00e9 : il r\u00e9alise des structures en b\u00e9ton arm\u00e9, comme les poutres, les dalles ou les colonnes, en respectant des plans pr\u00e9cis et en utilisant du mat\u00e9riel sp\u00e9cifique.<\/li>\n<\/ul>\n<h2>Les comp\u00e9tences requises pour travailler dans le secteur de la ma\u00e7onnerie<\/h2>\n<p>Pour exercer un m\u00e9tier dans le domaine de la ma\u00e7onnerie, il est n\u00e9cessaire de poss\u00e9der certaines comp\u00e9tences :<\/p>\n<ul>\n<li><strong>La rigueur<\/strong> : la qualit\u00e9 et la solidit\u00e9 des ouvrages r\u00e9alis\u00e9s d\u00e9pendent du respect des r\u00e8gles de l&rsquo;art et des normes en vigueur.<\/li>\n<li><strong>L&rsquo;esprit d&rsquo;\u00e9quipe<\/strong> : les ma\u00e7ons travaillent g\u00e9n\u00e9ralement au sein d&rsquo;une \u00e9quipe sur un chantier, il est donc essentiel de savoir collaborer avec ses coll\u00e8gues pour mener \u00e0 bien les diff\u00e9rents projets.<\/li>\n<li><strong>La polyvalence<\/strong> : chaque chantier est diff\u00e9rent et n\u00e9cessite parfois de s&rsquo;adapter \u00e0 de nouvelles techniques ou mat\u00e9riaux. De plus, les m\u00e9tiers de la ma\u00e7onnerie peuvent exiger des comp\u00e9tences en mati\u00e8re de lecture de plans, de calculs ou de dessin technique.<\/li>\n<li><strong>La r\u00e9sistance physique<\/strong> : les ma\u00e7ons sont amen\u00e9s \u00e0 manipuler des charges lourdes et \u00e0 travailler en hauteur ou dans des positions inconfortables. Une bonne condition physique est donc requise pour exercer ces m\u00e9tiers.<\/li>\n<\/ul>\n<h2>Faire le choix d&rsquo;un stage Erasmus Ma\u00e7onnerie pour se d\u00e9marquer sur le march\u00e9 du travail<\/h2>\n<p>En r\u00e9sum\u00e9, r\u00e9aliser un stage Erasmus Ma\u00e7onnerie offre de nombreux avantages aux \u00e9tudiants et jeunes professionnels souhaitant d\u00e9velopper leurs comp\u00e9tences et acqu\u00e9rir une exp\u00e9rience valorisante \u00e0 l&rsquo;international. <strong>Ce type de stage permet non seulement d&rsquo;am\u00e9liorer ses connaissances techniques et linguistiques, mais aussi de se constituer un r\u00e9seau professionnel solide et diversifi\u00e9<\/strong>. Alors, n&rsquo;h\u00e9sitez plus et saisissez cette opportunit\u00e9 pour vous d\u00e9marquer sur le march\u00e9 du travail dans le secteur du b\u00e2timent !<\/p>\n<p>[\/vc_column_text][\/vc_column_inner][vc_column_inner width=\u00a0\u00bb1\/12&Prime;][\/vc_column_inner][vc_column_inner width=\u00a0\u00bb4\/12&Prime;][vc_raw_html]JTNDZGl2JTIwc3R5bGUlM0QlMjJwYWRkaW5nJTNBJTIwMzBweCUzQmJhY2tncm91bmQtY29sb3IlM0ElMjAlMjNGNEY0RjQlM0IlMjIlM0UlMEElMjAlMjAlMjAlMjAlM0NoNCUzRUQlQzMlQTljb3V2cmV6JTIwdG91cyUyMGxlcyUyMHNlY3RldXJzJTIwZGUlMjBzdGFnZXMlM0MlMkZoNCUzRSUwQSUyMCUyMCUyMCUyMCUzQ3AlM0VFc3BhbW9iJTIwZXN0JTIwc3AlQzMlQTljaWFsaXN0ZSUyMGRhbnMlMjBsJUUyJTgwJTk5YWNjb21wYWduZW1lbnQlMjBkZSUyMGdyb3VwZSUyMGRhbnMlMjBsZXVyJTIwbW9iaWxpdCVDMyVBOSUyMEVyYXNtdXMlMjAlMkIuJTIwRCVDMyVBOWNvdXZyZXolMjBlbiUyMHF1ZWxxdWVzJTIwY2xpcyUyMHRvdXMlMjBsZXMlMjBzZWN0ZXVycyUyMGRlJTIwc3RhZ2UlMjBFcmFzbXVzJTIwZW4lMjBFc3BhZ25lLiUzQyUyRnAlM0UlMEElMjAlMjAlMjAlMjAlM0NhJTIwY2xhc3MlM0QlMjJ2Y19nZW5lcmFsJTIwdmNfYnRuMyUyMHZjX2J0bjMtc2l6ZS1tZCUyMHZjX2J0bjMtc2hhcGUtZGVmYXVsdCUyMHZjX2J0bjMtc3R5bGUtY3VzdG9tJTIwd3BiX2N1c3RvbV82Njg3YjI2ZjM5NDg4ZGRiYjg1ZGRiM2MxY2U4ZTExMSUyMGJ0biUyMiUyMHN0eWxlJTNEJTIyYmFja2dyb3VuZC1jb2xvciUzQSUyM2UyMDAwMCUzQiUyMGNvbG9yJTNBJTIzZmZmZmZmJTNCJTIwYmFja2dyb3VuZC1jb2xvciUzQSUyM2UyMDAwMCUzQiUyMGNvbG9yJTNBJTIzZmZmZmZmJTNCJTIyJTIwaHJlZiUzRCUyMmh0dHBzJTNBJTJGJTJGd3d3LmVzcGFtb2IuY29tJTJGZnIlMkZjb250YWN0JTJGJTIyJTIwdGl0bGUlM0QlMjJGUiUyMFNlY3RldXJzJTIyJTIwdGFyZ2V0JTNEJTIyX2JsYW5rJTIyJTNFSmUlMjBkJUMzJUE5Y291dnJlJTIwbGVzJTIwc2VjdGV1cnMlM0MlMkZhJTNFJTBBJTNDJTJGZGl2JTNF[\/vc_raw_html][\/vc_column_inner][\/vc_row_inner][\/vc_column][\/vc_row][vc_row full_width=\u00a0\u00bbstretch_row\u00a0\u00bb wrap_container=\u00a0\u00bbyes\u00a0\u00bb is_section=\u00a0\u00bbyes\u00a0\u00bb css=\u00a0\u00bb.vc_custom_1688548809334{margin-top: 20px !important;border-top-width: 0px !important;background-color: #f8f392 !important;}\u00a0\u00bb conditional_render=\u00a0\u00bb%5B%7B%22value_role%22%3A%22administrator%22%7D%5D\u00a0\u00bb][vc_column][vc_row_inner css=\u00a0\u00bb.vc_custom_1688548648248{background-color: #f8f392 !important;}\u00a0\u00bb][vc_column_inner][vc_custom_heading text=\u00a0\u00bbFaire une demande de devis gratuit\u00a0\u00bb font_container=\u00a0\u00bbtag:h2|text_align:center\u00a0\u00bb use_theme_fonts=\u00a0\u00bbyes\u00a0\u00bb][vc_column_text]<\/p>\n<p style=\"text-align: justify;\">Vous avez une id\u00e9e de  projet Erasmus +  en Espagne et vous cherchez un partenaire de confiance pour vous accompagner ? <strong>Espamob\u2019<\/strong> est l\u00e0 pour vous aider ! Nous vous proposons un devis gratuit et sans engagement pour vous aider \u00e0 g\u00e9rer votre projet de mobilit\u00e9. Gr\u00e2ce \u00e0 notre expertise  et \u00e0 notre r\u00e9seau d\u2019entreprises partenaires, nous sommes en mesure de vous offrir un accompagnement personnalis\u00e9 pour r\u00e9pondre \u00e0 vos besoins sp\u00e9cifiques. Contactez-nous d\u00e8s maintenant pour discuter de votre projet et obtenir votre devis gratuit.<\/p>\n<p>[\/vc_column_text]<div id=\"modal-trg-txt-wrap-5715\" class=\"ult-modal-input-wrapper ult-adjust-bottom-margin    \" data-keypress-control=\"keypress-control-enable\" data-overlay-control=\"overlay-control-enable\"><style>\n\t\t\t\t\t.btn-modal.btn-id-69e768e2a99204-78951178:hover {\n\t\t\t\t\t\tbackground-color: #e20000 !important;\n\t\t\t\t\t}\n\t\t\t\t\t<\/style><button  data-ultimate-target='#modal-trg-txt-wrap-5715 .btn-modal'  data-responsive-json-new='{\"font-size\":\"\",\"line-height\":\"\"}'  style=\"background:#888888;border-color:#888888;color:#ffffff; \" data-class-id=\"content-69e768e2a99204-78951178\" class=\"btn-modal ult-responsive btn-primary btn-modal-md overlay-show ult-align-center btn-id-69e768e2a99204-78951178\" data-overlay-class=\"overlay-cornerbottomleft\">DEMANDE DEVIS GRATUIT<\/button><\/div>\n<div class=\"ult-overlay content-69e768e2a99204-78951178 \" data-class=\"content-69e768e2a99204-78951178\" id=\"button-click-overlay\" style=\"background:rgba(51,51,51,0.8); display:none;\">\n\t<div class=\"ult_modal ult-fade ult-medium\">\n\t\t<div id=\"ult-modal-wrap-6587\" class=\"ult_modal-content ult-hide\" style=\"border-style:solid;border-width:2px;border-radius:0px;border-color:#333333;\">\n\t\t\t<div class=\"ult_modal-header\" style=\"color:#333333;border-color:#333333;\">\n\t\t\t\t<h3  data-ultimate-target='#ult-modal-wrap-6587 .ult_modal-title'  data-responsive-json-new='{\"font-size\":\"\",\"line-height\":\"\"}'  class=\"ult_modal-title ult-responsive\">Demande devis gratuit<\/h3>\n\t\t\t<\/div>\n\t\t\t<div  data-ultimate-target='#ult-modal-wrap-6587 .ult_modal-body'  data-responsive-json-new='{\"font-size\":\"\",\"line-height\":\"\"}'  class=\"ult_modal-body ult-responsive ult-html\" style=\"\">\n\t\t\t<\/p>\n<p>[caldera_form id=\u00a0\u00bbCF614462cc44616&Prime;]<\/p>\n<p>\n\t\t\t<\/div>\n\t<\/div>\n\t<\/div>\n\t<div class=\"ult-overlay-close top-right\" style=\"width:80px;height:80px; \"><div class=\"ult-overlay-close-inside\">Close<\/div><\/div>\n<\/div>[\/vc_column_inner][\/vc_row_inner][\/vc_column][\/vc_row][vc_row wrap_container=\u00a0\u00bbyes\u00a0\u00bb css=\u00a0\u00bb.vc_custom_1689256499740{margin-top: 15px !important;}\u00a0\u00bb conditional_render=\u00a0\u00bb%5B%7B%22value_role%22%3A%22administrator%22%7D%5D\u00a0\u00bb][vc_column][vc_custom_heading text=\u00a0\u00bbQuestions fr\u00e9quentes\u00a0\u00bb font_container=\u00a0\u00bbtag:h2|text_align:center|color:%23000000&Prime; use_theme_fonts=\u00a0\u00bbyes\u00a0\u00bb][vc_separator][vc_row_inner][vc_column_inner width=\u00a0\u00bb7\/12&Prime;][vc_column_text]<\/p>\n<h3>Quels sont les avantages de choisir Espamob pour r\u00e9aliser un stage Erasmus dans le domaine de la ma\u00e7onnerie ?<\/h3>\n<p>Les avantages de choisir Espamob pour r\u00e9aliser un stage Erasmus dans le domaine de la ma\u00e7onnerie sont nombreux. En tant qu&rsquo;agence sp\u00e9cialis\u00e9e, Espamob dispose d&rsquo;un r\u00e9seau de partenaires solides dans le secteur de la construction en Espagne, ce qui facilite la recherche de stages de qualit\u00e9. De plus, Espamob accompagne les groupes dans toutes les \u00e9tapes du projet, de la cr\u00e9ation \u00e0 la r\u00e9alisation, ce qui permet une exp\u00e9rience de stage Erasmus fluide et bien organis\u00e9e.<\/p>\n<h3>Comment Espamob aide-t-elle les groupes \u00e0 trouver un financement pour leur stage Erasmus en ma\u00e7onnerie ?<\/h3>\n<p>Espamob propose un service d&rsquo;accompagnement dans la recherche de financement pour les stages Erasmus en ma\u00e7onnerie. L&rsquo;agence fournit des conseils et des ressources pour aider les groupes \u00e0 identifier les diff\u00e9rentes possibilit\u00e9s de financement, que ce soit \u00e0 travers des bourses Erasmus, des subventions nationales ou r\u00e9gionales, ou encore des partenariats avec des entreprises. Espamob guide \u00e9galement les groupes dans la r\u00e9daction des dossiers de demande de financement et les aide \u00e0 maximiser leurs chances de succ\u00e8s.<\/p>\n<h3>Comment est organis\u00e9 l&rsquo;accueil des groupes de stagiaires en ma\u00e7onnerie par Espamob ?<\/h3>\n<p>Espamob s&rsquo;occupe de l&rsquo;accueil des groupes de stagiaires en ma\u00e7onnerie d\u00e8s leur arriv\u00e9e en Espagne. L&rsquo;agence prend en charge la r\u00e9servation des logements adapt\u00e9s aux besoins du groupe, que ce soit en r\u00e9sidence \u00e9tudiante, en appartement partag\u00e9 ou en famille d&rsquo;accueil. De plus, Espamob assure le transport depuis l&rsquo;a\u00e9roport jusqu&rsquo;au lieu d&rsquo;h\u00e9bergement. Pendant toute la dur\u00e9e du stage, l&rsquo;agence reste disponible pour r\u00e9pondre aux questions et apporter un soutien logistique aux stagiaires.<\/p>\n<p>[\/vc_column_text][\/vc_column_inner][vc_column_inner width=\u00a0\u00bb1\/12&Prime;][\/vc_column_inner][vc_column_inner width=\u00a0\u00bb4\/12&Prime;][vc_single_image image=\u00a0\u00bb15074&Prime; img_size=\u00a0\u00bbfull\u00a0\u00bb][vc_column_text]<strong>Renseignez-vous sur les diff\u00e9rentes destinations Erasmus + en Espagne :<\/strong><\/p>\n<ul>\n<li><a href=\"https:\/\/espamob.com\/fr\/secteur-stage-entreprise-erasmusplus\/btp\/stage-erasmus-carrelage\">Stage Erasmus Carrelage<\/a><\/li>\n<li><a href=\"https:\/\/espamob.com\/fr\/secteur-stage-entreprise-erasmusplus\/btp\/stage-erasmus-electricite\">Stage Erasmus Electricit\u00e9<\/a><\/li>\n<li><a href=\"https:\/\/espamob.com\/fr\/secteur-stage-entreprise-erasmusplus\/btp\/stage-erasmus-peintre-en-batiment\">Stage Erasmus Peintre en b\u00e2timent<\/a><\/li>\n<li><a href=\"https:\/\/espamob.com\/fr\/secteur-stage-entreprise-erasmusplus\/btp\/stage-erasmus-menuiserie\">Stage Erasmus Menuiserie<\/a><\/li>\n<li><a href=\"https:\/\/espamob.com\/fr\/secteur-stage-entreprise-erasmusplus\/btp\/stage-erasmus-ebenisterie\">Stage Erasmus Eb\u00e9nisterie<\/a><\/li>\n<li><a href=\"https:\/\/espamob.com\/fr\/secteur-stage-entreprise-erasmusplus\/btp\/stage-erasmus-plomberie\">Stage Erasmus Plomberie<\/a><\/li>\n<\/ul>\n<p>[\/vc_column_text][\/vc_column_inner][\/vc_row_inner][\/vc_column][\/vc_row]<\/p>\n<\/div>","protected":false},"excerpt":{"rendered":"<p>[vc_row css=\u00a0\u00bb.vc_custom_1704997686865{margin-top: -20px !important;margin-bottom: 40px !important;background-image: url(https:\/\/espamob.com\/wp-content\/uploads\/2024\/01\/Mamposteria.webp?id=22456) !important;}\u00a0\u00bb conditional_render=\u00a0\u00bb%5B%7B%22value_role%22%3A%22administrator%22%7D%5D\u00a0\u00bb][vc_column css=\u00a0\u00bb.vc_custom_1687965657482{padding-top: 30px !important;}\u00a0\u00bb conditional_render=\u00a0\u00bb%5B%7B%22value_role%22%3A%22administrator%22%7D%5D\u00a0\u00bb][vc_empty_space height=\u00a0\u00bb170&Prime;][vc_custom_heading text=\u00a0\u00bbStage Erasmus : Ma\u00e7onnerie\u00a0\u00bb font_container=\u00a0\u00bbtag:h1|font_size:27|text_align:center|color:%23ffffff\u00a0\u00bb use_theme_fonts=\u00a0\u00bbyes\u00a0\u00bb css=\u00a0\u00bb.vc_custom_1704997379086{margin-bottom: 15px !important;background-color: rgba(136,136,136,0.29) !important;*background-color: rgb(136,136,136) !important;}\u00a0\u00bb animation_type=\u00a0\u00bbzoomIn\u00a0\u00bb][vc_empty_space height=\u00a0\u00bb40&Prime;][\/vc_column][\/vc_row][vc_row wrap_container=\u00a0\u00bbyes\u00a0\u00bb text_align=\u00a0\u00bbjustify\u00a0\u00bb][vc_column text_align=\u00a0\u00bbjustify\u00a0\u00bb][vc_column_text] Home Secteurs de stages BTP Stage Erasmus : Ma\u00e7onnerie [\/vc_column_text][vc_custom_heading text=\u00a0\u00bbStage Erasmus Ma\u00e7onnerie : une exp\u00e9rience professionnelle enrichissante\u00a0\u00bb use_theme_fonts=\u00a0\u00bbyes\u00a0\u00bb css=\u00a0\u00bb.vc_custom_1687363443929{margin-top: 20px !important;}\u00a0\u00bb][vc_separator][vc_row_inner][vc_column_inner width=\u00a0\u00bb7\/12&Prime;][vc_column_text]<\/p>\n","protected":false},"author":2,"featured_media":0,"parent":12020,"menu_order":0,"comment_status":"closed","ping_status":"closed","template":"","meta":{"footnotes":""},"class_list":["post-18370","page","type-page","status-publish","hentry"],"_links":{"self":[{"href":"https:\/\/espamob.com\/fr\/wp-json\/wp\/v2\/pages\/18370","targetHints":{"allow":["GET"]}}],"collection":[{"href":"https:\/\/espamob.com\/fr\/wp-json\/wp\/v2\/pages"}],"about":[{"href":"https:\/\/espamob.com\/fr\/wp-json\/wp\/v2\/types\/page"}],"author":[{"embeddable":true,"href":"https:\/\/espamob.com\/fr\/wp-json\/wp\/v2\/users\/2"}],"replies":[{"embeddable":true,"href":"https:\/\/espamob.com\/fr\/wp-json\/wp\/v2\/comments?post=18370"}],"version-history":[{"count":0,"href":"https:\/\/espamob.com\/fr\/wp-json\/wp\/v2\/pages\/18370\/revisions"}],"up":[{"embeddable":true,"href":"https:\/\/espamob.com\/fr\/wp-json\/wp\/v2\/pages\/12020"}],"wp:attachment":[{"href":"https:\/\/espamob.com\/fr\/wp-json\/wp\/v2\/media?parent=18370"}],"curies":[{"name":"wp","href":"https:\/\/api.w.org\/{rel}","templated":true}]}}