{"id":18368,"date":"2023-08-08T00:00:00","date_gmt":"2023-08-08T00:00:00","guid":{"rendered":"https:\/\/www.espamob.com\/?page_id=18368"},"modified":"2024-07-21T16:01:42","modified_gmt":"2024-07-21T16:01:42","slug":"stage-erasmus-communication","status":"publish","type":"page","link":"https:\/\/espamob.com\/fr\/secteur-stage-entreprise-erasmusplus\/tertiaire\/stage-erasmus-communication\/","title":{"rendered":"Stage Erasmus : Communication"},"content":{"rendered":"<div class=\"wpb-content-wrapper\"><p>[vc_row css=\u00a0\u00bb.vc_custom_1703789335720{margin-top: -20px !important;margin-bottom: 40px !important;background-image: url(https:\/\/espamob.com\/wp-content\/uploads\/2023\/12\/Comunicacion.webp?id=22193) !important;}\u00a0\u00bb conditional_render=\u00a0\u00bb%5B%7B%22value_role%22%3A%22administrator%22%7D%5D\u00a0\u00bb][vc_column css=\u00a0\u00bb.vc_custom_1687965657482{padding-top: 30px !important;}\u00a0\u00bb conditional_render=\u00a0\u00bb%5B%7B%22value_role%22%3A%22administrator%22%7D%5D\u00a0\u00bb][vc_empty_space height=\u00a0\u00bb170&Prime;][vc_custom_heading text=\u00a0\u00bbStage Erasmus : Communication\u00a0\u00bb font_container=\u00a0\u00bbtag:h1|font_size:27|text_align:center|color:%23ffffff\u00a0\u00bb use_theme_fonts=\u00a0\u00bbyes\u00a0\u00bb css=\u00a0\u00bb.vc_custom_1703789063245{margin-bottom: 15px !important;background-color: rgba(136,136,136,0.29) !important;*background-color: rgb(136,136,136) !important;}\u00a0\u00bb animation_type=\u00a0\u00bbzoomIn\u00a0\u00bb][vc_empty_space height=\u00a0\u00bb40&Prime;][\/vc_column][\/vc_row][vc_row wrap_container=\u00a0\u00bbyes\u00a0\u00bb text_align=\u00a0\u00bbjustify\u00a0\u00bb][vc_column text_align=\u00a0\u00bbjustify\u00a0\u00bb][vc_column_text]<\/p>\n<nav aria-label=\"breadcrumb\">\n<ol class=\"breadcrumb\">\n<li class=\"breadcrumb-item\"><a href=\"https:\/\/espamob.com\/\">Home<\/a><\/li>\n<li class=\"breadcrumb-item\"><a href=\"https:\/\/espamob.com\/fr\/secteur-stage-entreprise-erasmusplus\/\">Secteurs de stages<\/a><\/li>\n<li class=\"breadcrumb-item\"><a href=\"https:\/\/espamob.com\/fr\/secteur-stage-entreprise-erasmusplus\/tertiaire\/\">Tertiaire<\/a><\/li>\n<li class=\"breadcrumb-item active\" aria-current=\"page\">Stage Erasmus : Communication<\/li>\n<\/ol>\n<\/nav>\n<p>[\/vc_column_text][vc_custom_heading text=\u00a0\u00bbStage Erasmus en communication : une exp\u00e9rience unique \u00e0 ne pas manquer\u00a0\u00bb use_theme_fonts=\u00a0\u00bbyes\u00a0\u00bb css=\u00a0\u00bb.vc_custom_1687363443929{margin-top: 20px !important;}\u00a0\u00bb][vc_separator][vc_row_inner][vc_column_inner width=\u00a0\u00bb7\/12&Prime;][vc_column_text]<\/p>\n<p>Le programme <strong>Erasmus<\/strong> est une opportunit\u00e9 exceptionnelle pour les \u00e9tudiants d\u00e9sireux d&rsquo;enrichir leurs comp\u00e9tences et de vivre une exp\u00e9rience inoubliable \u00e0 l&rsquo;\u00e9tranger. Si vous \u00eates passionn\u00e9 par la communication, il existe de nombreuses offres de stage qui vous permettront de d\u00e9velopper vos connaissances dans ce domaine tout en profitant des avantages du programme Erasmus. Dans cet article, nous vous donnerons des conseils pour trouver le stage Erasmus en communication id\u00e9al et vous pr\u00e9senterons les principales t\u00e2ches que vous serez amen\u00e9 \u00e0 r\u00e9aliser durant cette aventure.<\/p>\n<h2>Comment trouver un stage Erasmus en communication ?<\/h2>\n<p>Trouver un stage Erasmus en communication n&rsquo;est pas toujours facile, mais avec de la pers\u00e9v\u00e9rance et en suivant nos conseils, vous augmenterez vos chances de d\u00e9nicher l&rsquo;opportunit\u00e9 parfaite pour votre projet professionnel.<\/p>\n<h3>Utilisez les ressources de votre \u00e9tablissement<\/h3>\n<p>Pour commencer, n&rsquo;h\u00e9sitez pas \u00e0 consulter les offres de stage propos\u00e9es par votre \u00e9tablissement. Les universit\u00e9s et les \u00e9coles partenaires du programme Erasmus disposent souvent d&rsquo;un service d\u00e9di\u00e9 aux stages \u00e0 l&rsquo;\u00e9tranger, qui pourra vous informer sur les possibilit\u00e9s existantes et vous fournir une liste d&rsquo;entreprises partenaires. Si cela n&rsquo;est pas suffisant, pensez \u00e9galement \u00e0 consulter les plateformes en ligne sp\u00e9cialis\u00e9es dans les offres de stage Erasmus, telles que <strong>ErasmusIntern.org<\/strong>.<\/p>\n<h3>Exploitez les r\u00e9seaux sociaux et les sites d&#8217;emploi<\/h3>\n<p>Les r\u00e9seaux sociaux professionnels, tels que LinkedIn, sont \u00e9galement une excellente source pour rechercher des offres de stage \u00e0 l&rsquo;\u00e9tranger. N&rsquo;h\u00e9sitez pas \u00e0 vous abonner aux pages des entreprises qui vous int\u00e9ressent et \u00e0 rejoindre des groupes d\u00e9di\u00e9s aux stages Erasmus pour \u00eatre inform\u00e9 des derni\u00e8res opportunit\u00e9s disponibles. Enfin, pensez \u00e0 consulter r\u00e9guli\u00e8rement les sites d&#8217;emploi g\u00e9n\u00e9ralistes et sp\u00e9cialis\u00e9s dans la communication, tels que <strong>APEC<\/strong> ou <strong>Indeed<\/strong>, pour ne manquer aucune annonce.<\/p>\n<p>[\/vc_column_text][\/vc_column_inner][vc_column_inner width=\u00a0\u00bb1\/12&Prime;][\/vc_column_inner][vc_column_inner width=\u00a0\u00bb4\/12&Prime;][vc_single_image image=\u00a0\u00bb18178&Prime; img_size=\u00a0\u00bb400*400&Prime; alignment=\u00a0\u00bbright\u00a0\u00bb style=\u00a0\u00bbvc_box_rounded\u00a0\u00bb][vc_btn title=\u00a0\u00bbJe veux en savoir plus\u00a0\u00bb style=\u00a0\u00bbcustom\u00a0\u00bb custom_background=\u00a0\u00bb#e20000&Prime; custom_text=\u00a0\u00bb#ffffff\u00a0\u00bb align=\u00a0\u00bbcenter\u00a0\u00bb link=\u00a0\u00bburl:https%3A%2F%2Fespamob.com%2Ffr%2Fcontact%2F|title:FR%20Secteurs|target:_blank\u00a0\u00bb][vc_video link=\u00a0\u00bbhttps:\/\/www.youtube.com\/watch?v=iAeYxCy66dQ\u00a0\u00bb align=\u00a0\u00bbcenter\u00a0\u00bb][\/vc_column_inner][\/vc_row_inner][vc_custom_heading text=\u00a0\u00bbQuelles comp\u00e9tences d\u00e9velopperez-vous lors de votre stage Erasmus en communication ?\u00a0\u00bb font_container=\u00a0\u00bbtag:h3|text_align:left\u00a0\u00bb use_theme_fonts=\u00a0\u00bbyes\u00a0\u00bb css=\u00a0\u00bb.vc_custom_1689259044425{margin-top: 20px !important;}\u00a0\u00bb][vc_separator][vc_row_inner][vc_column_inner width=\u00a0\u00bb7\/12&Prime;][vc_column_text]<\/p>\n<p>Un stage Erasmus en communication est l&rsquo;occasion id\u00e9ale pour d\u00e9velopper vos comp\u00e9tences professionnelles et acqu\u00e9rir de nouvelles connaissances. Voici quelques-unes des principales comp\u00e9tences que vous pourrez mettre en pratique et am\u00e9liorer durant cette exp\u00e9rience :<\/p>\n<ul>\n<li><strong>R\u00e9daction de contenus<\/strong> : r\u00e9diger des articles, des communiqu\u00e9s de presse, des newsletters ou des posts pour les r\u00e9seaux sociaux fait partie des t\u00e2ches quotidiennes d&rsquo;un stagiaire en communication.<\/li>\n<li><strong>Gestion de projet<\/strong> : organiser et planifier des \u00e9v\u00e9nements, coordonner des campagnes de communication ou g\u00e9rer des projets web sont autant de responsabilit\u00e9s qui vous permettront de d\u00e9velopper vos capacit\u00e9s organisationnelles et manag\u00e9riales.<\/li>\n<li><strong>Relations publiques<\/strong> : \u00e9tablir et entretenir des relations avec les m\u00e9dias, les partenaires ou les clients est essentiel pour assurer la visibilit\u00e9 et le succ\u00e8s d&rsquo;une entreprise. Un stage Erasmus en communication vous donnera l&rsquo;opportunit\u00e9 de travailler sur ces aspects.<\/li>\n<\/ul>\n<h2>Quels avantages tirerez-vous de votre stage Erasmus en communication ?<\/h2>\n<p>Effectuer un stage Erasmus en communication pr\u00e9sente de nombreux avantages qui vous seront b\u00e9n\u00e9fiques tant sur le plan professionnel que personnel :<\/p>\n<ol>\n<li><strong>D\u00e9couverte d&rsquo;une nouvelle culture<\/strong> : vivre et travailler \u00e0 l&rsquo;\u00e9tranger vous permettra de vous immerger dans une nouvelle culture et d&rsquo;\u00e9largir vos horizons.<\/li>\n<li><strong>Am\u00e9lioration de votre niveau de langue<\/strong> : \u00eatre confront\u00e9 quotidiennement \u00e0 une langue \u00e9trang\u00e8re vous permettra de progresser rapidement et d&rsquo;acqu\u00e9rir de solides comp\u00e9tences linguistiques.<\/li>\n<li><strong>Renforcement de votre r\u00e9seau professionnel<\/strong> : travailler dans un contexte international vous offrira l&rsquo;occasion de cr\u00e9er des contacts pr\u00e9cieux pour votre future carri\u00e8re.<\/li>\n<li><strong>Faire la diff\u00e9rence sur votre CV<\/strong> : une exp\u00e9rience Erasmus prouve aux recruteurs que vous \u00eates capable de vous adapter, que vous avez une ouverture d&rsquo;esprit et une certaine autonomie, des qualit\u00e9s recherch\u00e9es par les employeurs.<\/li>\n<\/ol>\n<p>Ainsi, un stage Erasmus en communication est une opportunit\u00e9 unique de d\u00e9velopper vos comp\u00e9tences tout en vivant une exp\u00e9rience enrichissante \u00e0 l&rsquo;\u00e9tranger. N&rsquo;h\u00e9sitez pas \u00e0 suivre nos conseils pour trouver le stage id\u00e9al et pr\u00e9parez-vous \u00e0 vivre une aventure inoubliable !<\/p>\n<p>[\/vc_column_text][\/vc_column_inner][vc_column_inner width=\u00a0\u00bb1\/12&Prime;][\/vc_column_inner][vc_column_inner width=\u00a0\u00bb4\/12&Prime;][vc_raw_html]JTNDZGl2JTIwc3R5bGUlM0QlMjJwYWRkaW5nJTNBJTIwMzBweCUzQmJhY2tncm91bmQtY29sb3IlM0ElMjAlMjNGNEY0RjQlM0IlMjIlM0UlMEElMjAlMjAlMjAlMjAlM0NoNCUzRUQlQzMlQTljb3V2cmV6JTIwdG91cyUyMGxlcyUyMHNlY3RldXJzJTIwZGUlMjBzdGFnZXMlM0MlMkZoNCUzRSUwQSUyMCUyMCUyMCUyMCUzQ3AlM0VFc3BhbW9iJTIwZXN0JTIwc3AlQzMlQTljaWFsaXN0ZSUyMGRhbnMlMjBsJUUyJTgwJTk5YWNjb21wYWduZW1lbnQlMjBkZSUyMGdyb3VwZSUyMGRhbnMlMjBsZXVyJTIwbW9iaWxpdCVDMyVBOSUyMEVyYXNtdXMlMjAlMkIuJTIwRCVDMyVBOWNvdXZyZXolMjBlbiUyMHF1ZWxxdWVzJTIwY2xpcyUyMHRvdXMlMjBsZXMlMjBzZWN0ZXVycyUyMGRlJTIwc3RhZ2UlMjBFcmFzbXVzJTIwZW4lMjBFc3BhZ25lLiUzQyUyRnAlM0UlMEElMjAlMjAlMjAlMjAlM0NhJTIwY2xhc3MlM0QlMjJ2Y19nZW5lcmFsJTIwdmNfYnRuMyUyMHZjX2J0bjMtc2l6ZS1tZCUyMHZjX2J0bjMtc2hhcGUtZGVmYXVsdCUyMHZjX2J0bjMtc3R5bGUtY3VzdG9tJTIwd3BiX2N1c3RvbV82Njg3YjI2ZjM5NDg4ZGRiYjg1ZGRiM2MxY2U4ZTExMSUyMGJ0biUyMiUyMHN0eWxlJTNEJTIyYmFja2dyb3VuZC1jb2xvciUzQSUyM2UyMDAwMCUzQiUyMGNvbG9yJTNBJTIzZmZmZmZmJTNCJTIwYmFja2dyb3VuZC1jb2xvciUzQSUyM2UyMDAwMCUzQiUyMGNvbG9yJTNBJTIzZmZmZmZmJTNCJTIyJTIwaHJlZiUzRCUyMmh0dHBzJTNBJTJGJTJGd3d3LmVzcGFtb2IuY29tJTJGZnIlMkZjb250YWN0JTJGJTIyJTIwdGl0bGUlM0QlMjJGUiUyMFNlY3RldXJzJTIyJTIwdGFyZ2V0JTNEJTIyX2JsYW5rJTIyJTNFSmUlMjBkJUMzJUE5Y291dnJlJTIwbGVzJTIwc2VjdGV1cnMlM0MlMkZhJTNFJTBBJTNDJTJGZGl2JTNF[\/vc_raw_html][vc_custom_heading text=\u00a0\u00bbD\u00e9couvrez le retour d&rsquo;exp\u00e9riences d&rsquo;\u00e9tudiants :\u00a0\u00bb font_container=\u00a0\u00bbtag:h3|text_align:left\u00a0\u00bb use_theme_fonts=\u00a0\u00bbyes\u00a0\u00bb css=\u00a0\u00bb.vc_custom_1693216908231{margin-top: 20px !important;}\u00a0\u00bb][vc_separator][vc_video link=\u00a0\u00bbhttps:\/\/youtu.be\/ljvPjftunnk?si=HPoMLNi2Gn8X8D0y\u00a0\u00bb align=\u00a0\u00bbcenter\u00a0\u00bb][\/vc_column_inner][\/vc_row_inner][\/vc_column][\/vc_row][vc_row full_width=\u00a0\u00bbstretch_row\u00a0\u00bb wrap_container=\u00a0\u00bbyes\u00a0\u00bb is_section=\u00a0\u00bbyes\u00a0\u00bb css=\u00a0\u00bb.vc_custom_1688548809334{margin-top: 20px !important;border-top-width: 0px !important;background-color: #f8f392 !important;}\u00a0\u00bb conditional_render=\u00a0\u00bb%5B%7B%22value_role%22%3A%22administrator%22%7D%5D\u00a0\u00bb][vc_column][vc_row_inner css=\u00a0\u00bb.vc_custom_1688548648248{background-color: #f8f392 !important;}\u00a0\u00bb][vc_column_inner][vc_custom_heading text=\u00a0\u00bbFaire une demande de devis gratuit\u00a0\u00bb font_container=\u00a0\u00bbtag:h2|text_align:center\u00a0\u00bb use_theme_fonts=\u00a0\u00bbyes\u00a0\u00bb][vc_column_text]<\/p>\n<p style=\"text-align: justify;\">Vous avez une id\u00e9e de  projet Erasmus +  en Espagne et vous cherchez un partenaire de confiance pour vous accompagner ? <strong>Espamob\u2019<\/strong> est l\u00e0 pour vous aider ! Nous vous proposons un devis gratuit et sans engagement pour vous aider \u00e0 g\u00e9rer votre projet de mobilit\u00e9. Gr\u00e2ce \u00e0 notre expertise  et \u00e0 notre r\u00e9seau d\u2019entreprises partenaires, nous sommes en mesure de vous offrir un accompagnement personnalis\u00e9 pour r\u00e9pondre \u00e0 vos besoins sp\u00e9cifiques. Contactez-nous d\u00e8s maintenant pour discuter de votre projet et obtenir votre devis gratuit.<\/p>\n<p>[\/vc_column_text]<div id=\"modal-trg-txt-wrap-5499\" class=\"ult-modal-input-wrapper ult-adjust-bottom-margin    \" data-keypress-control=\"keypress-control-enable\" data-overlay-control=\"overlay-control-enable\"><style>\n\t\t\t\t\t.btn-modal.btn-id-69e818fd4cdfa4-45177020:hover {\n\t\t\t\t\t\tbackground-color: #e20000 !important;\n\t\t\t\t\t}\n\t\t\t\t\t<\/style><button  data-ultimate-target='#modal-trg-txt-wrap-5499 .btn-modal'  data-responsive-json-new='{\"font-size\":\"\",\"line-height\":\"\"}'  style=\"background:#888888;border-color:#888888;color:#ffffff; \" data-class-id=\"content-69e818fd4cdfa4-45177020\" class=\"btn-modal ult-responsive btn-primary btn-modal-md overlay-show ult-align-center btn-id-69e818fd4cdfa4-45177020\" data-overlay-class=\"overlay-cornerbottomleft\">DEMANDE DEVIS GRATUIT<\/button><\/div>\n<div class=\"ult-overlay content-69e818fd4cdfa4-45177020 \" data-class=\"content-69e818fd4cdfa4-45177020\" id=\"button-click-overlay\" style=\"background:rgba(51,51,51,0.8); display:none;\">\n\t<div class=\"ult_modal ult-fade ult-medium\">\n\t\t<div id=\"ult-modal-wrap-3432\" class=\"ult_modal-content ult-hide\" style=\"border-style:solid;border-width:2px;border-radius:0px;border-color:#333333;\">\n\t\t\t<div class=\"ult_modal-header\" style=\"color:#333333;border-color:#333333;\">\n\t\t\t\t<h3  data-ultimate-target='#ult-modal-wrap-3432 .ult_modal-title'  data-responsive-json-new='{\"font-size\":\"\",\"line-height\":\"\"}'  class=\"ult_modal-title ult-responsive\">Demande devis gratuit<\/h3>\n\t\t\t<\/div>\n\t\t\t<div  data-ultimate-target='#ult-modal-wrap-3432 .ult_modal-body'  data-responsive-json-new='{\"font-size\":\"\",\"line-height\":\"\"}'  class=\"ult_modal-body ult-responsive ult-html\" style=\"\">\n\t\t\t<\/p>\n<p>[caldera_form id=\u00a0\u00bbCF614462cc44616&Prime;]<\/p>\n<p>\n\t\t\t<\/div>\n\t<\/div>\n\t<\/div>\n\t<div class=\"ult-overlay-close top-right\" style=\"width:80px;height:80px; \"><div class=\"ult-overlay-close-inside\">Close<\/div><\/div>\n<\/div>[\/vc_column_inner][\/vc_row_inner][\/vc_column][\/vc_row][vc_row wrap_container=\u00a0\u00bbyes\u00a0\u00bb css=\u00a0\u00bb.vc_custom_1689256499740{margin-top: 15px !important;}\u00a0\u00bb conditional_render=\u00a0\u00bb%5B%7B%22value_role%22%3A%22administrator%22%7D%5D\u00a0\u00bb][vc_column][vc_custom_heading text=\u00a0\u00bbQuestions fr\u00e9quentes\u00a0\u00bb font_container=\u00a0\u00bbtag:h2|text_align:center|color:%23000000&Prime; use_theme_fonts=\u00a0\u00bbyes\u00a0\u00bb][vc_separator][vc_row_inner][vc_column_inner width=\u00a0\u00bb7\/12&Prime;][vc_column_text]<\/p>\n<h3>Qu&rsquo;est-ce qu&rsquo;Espamob propose comme accompagnement pour les groupes souhaitant r\u00e9aliser un stage Erasmus en Espagne ?<\/h3>\n<p>Espamob propose un accompagnement complet pour les groupes souhaitant r\u00e9aliser un stage Erasmus en Espagne. L&rsquo;agence g\u00e8re les projets de A \u00e0 Z, en aidant les groupes dans la cr\u00e9ation de leur projet, la recherche de financement, l&rsquo;accueil dans les universit\u00e9s et les entreprises partenaires pour les stages. Espamob s&rsquo;occupe \u00e9galement de trouver les logements sur place et de r\u00e9cup\u00e9rer les groupes \u00e0 l&rsquo;a\u00e9roport.<\/p>\n<h3>Comment Espamob aide-t-il les groupes \u00e0 trouver un financement pour leur stage Erasmus ?<\/h3>\n<p>Espamob offre une aide pr\u00e9cieuse aux groupes dans la recherche de financement pour leur stage Erasmus. L&rsquo;agence propose des conseils et des ressources pour trouver des bourses et des subventions disponibles pour les projets de mobilit\u00e9 internationale. Espamob accompagne les groupes dans la r\u00e9daction des dossiers de demande de financement et les guide dans les d\u00e9marches administratives n\u00e9cessaires.<\/p>\n<h3>Quels sont les avantages de choisir Espamob pour organiser un stage Erasmus en Espagne ?<\/h3>\n<p>Choisir Espamob pour organiser un stage Erasmus en Espagne pr\u00e9sente de nombreux avantages. L&rsquo;agence offre un accompagnement complet et personnalis\u00e9, en prenant en charge tous les aspects logistiques du projet. Espamob dispose d&rsquo;un r\u00e9seau d&rsquo;universit\u00e9s et d&rsquo;entreprises partenaires fiables, garantissant ainsi des stages de qualit\u00e9. De plus, l&rsquo;agence facilite l&rsquo;int\u00e9gration des groupes dans leur nouvel environnement en s&rsquo;occupant de trouver les logements sur place et en assurant leur accueil \u00e0 l&rsquo;a\u00e9roport.<\/p>\n<p>[\/vc_column_text][\/vc_column_inner][vc_column_inner width=\u00a0\u00bb1\/12&Prime;][\/vc_column_inner][vc_column_inner width=\u00a0\u00bb4\/12&Prime;][vc_single_image image=\u00a0\u00bb15074&Prime; img_size=\u00a0\u00bbfull\u00a0\u00bb][vc_column_text]<strong>Renseignez-vous sur les diff\u00e9rentes destinations Erasmus + en Espagne :<\/strong><\/p>\n<ul>\n<li><a href=\"https:\/\/espamob.com\/fr\/secteur-stage-entreprise-erasmusplus\/tertiaire\/stage-erasmus-vente\">Stage Erasmus Vente<\/a><\/li>\n<li><a href=\"https:\/\/espamob.com\/fr\/secteur-stage-entreprise-erasmusplus\/tertiaire\/stage-erasmus-commerce\">Stage Erasmus Commerce<\/a><\/li>\n<li><a href=\"https:\/\/espamob.com\/fr\/secteur-stage-entreprise-erasmusplus\/tertiaire\/stage-erasmus-accueil\">Stage Erasmus Accueil<\/a><\/li>\n<li><a href=\"https:\/\/espamob.com\/fr\/secteur-stage-entreprise-erasmusplus\/tertiaire\/stage-erasmus-gestion-administration\">Stage Erasmus Gestion administration<\/a><\/li>\n<li><a href=\"https:\/\/espamob.com\/fr\/secteur-stage-entreprise-erasmusplus\/tertiaire\/stage-erasmus-marketing\">Stage Erasmus Marketing<\/a><\/li>\n<\/ul>\n<p>[\/vc_column_text][\/vc_column_inner][\/vc_row_inner][\/vc_column][\/vc_row]<\/p>\n<\/div>","protected":false},"excerpt":{"rendered":"<p>[vc_row css=\u00a0\u00bb.vc_custom_1703789335720{margin-top: -20px !important;margin-bottom: 40px !important;background-image: url(https:\/\/espamob.com\/wp-content\/uploads\/2023\/12\/Comunicacion.webp?id=22193) !important;}\u00a0\u00bb conditional_render=\u00a0\u00bb%5B%7B%22value_role%22%3A%22administrator%22%7D%5D\u00a0\u00bb][vc_column css=\u00a0\u00bb.vc_custom_1687965657482{padding-top: 30px !important;}\u00a0\u00bb conditional_render=\u00a0\u00bb%5B%7B%22value_role%22%3A%22administrator%22%7D%5D\u00a0\u00bb][vc_empty_space height=\u00a0\u00bb170&Prime;][vc_custom_heading text=\u00a0\u00bbStage Erasmus : Communication\u00a0\u00bb font_container=\u00a0\u00bbtag:h1|font_size:27|text_align:center|color:%23ffffff\u00a0\u00bb use_theme_fonts=\u00a0\u00bbyes\u00a0\u00bb css=\u00a0\u00bb.vc_custom_1703789063245{margin-bottom: 15px !important;background-color: rgba(136,136,136,0.29) !important;*background-color: rgb(136,136,136) !important;}\u00a0\u00bb animation_type=\u00a0\u00bbzoomIn\u00a0\u00bb][vc_empty_space height=\u00a0\u00bb40&Prime;][\/vc_column][\/vc_row][vc_row wrap_container=\u00a0\u00bbyes\u00a0\u00bb text_align=\u00a0\u00bbjustify\u00a0\u00bb][vc_column text_align=\u00a0\u00bbjustify\u00a0\u00bb][vc_column_text] Home Secteurs de stages Tertiaire Stage Erasmus : Communication [\/vc_column_text][vc_custom_heading text=\u00a0\u00bbStage Erasmus en communication : une exp\u00e9rience unique \u00e0 ne pas manquer\u00a0\u00bb use_theme_fonts=\u00a0\u00bbyes\u00a0\u00bb<\/p>\n","protected":false},"author":2,"featured_media":0,"parent":11869,"menu_order":0,"comment_status":"closed","ping_status":"closed","template":"","meta":{"footnotes":""},"class_list":["post-18368","page","type-page","status-publish","hentry"],"_links":{"self":[{"href":"https:\/\/espamob.com\/fr\/wp-json\/wp\/v2\/pages\/18368","targetHints":{"allow":["GET"]}}],"collection":[{"href":"https:\/\/espamob.com\/fr\/wp-json\/wp\/v2\/pages"}],"about":[{"href":"https:\/\/espamob.com\/fr\/wp-json\/wp\/v2\/types\/page"}],"author":[{"embeddable":true,"href":"https:\/\/espamob.com\/fr\/wp-json\/wp\/v2\/users\/2"}],"replies":[{"embeddable":true,"href":"https:\/\/espamob.com\/fr\/wp-json\/wp\/v2\/comments?post=18368"}],"version-history":[{"count":0,"href":"https:\/\/espamob.com\/fr\/wp-json\/wp\/v2\/pages\/18368\/revisions"}],"up":[{"embeddable":true,"href":"https:\/\/espamob.com\/fr\/wp-json\/wp\/v2\/pages\/11869"}],"wp:attachment":[{"href":"https:\/\/espamob.com\/fr\/wp-json\/wp\/v2\/media?parent=18368"}],"curies":[{"name":"wp","href":"https:\/\/api.w.org\/{rel}","templated":true}]}}