{"id":18367,"date":"2023-08-08T00:00:00","date_gmt":"2023-08-08T00:00:00","guid":{"rendered":"https:\/\/www.espamob.com\/?page_id=18367"},"modified":"2024-01-11T13:11:13","modified_gmt":"2024-01-11T13:11:13","slug":"stage-erasmus-marketing","status":"publish","type":"page","link":"https:\/\/espamob.com\/fr\/secteur-stage-entreprise-erasmusplus\/tertiaire\/stage-erasmus-marketing\/","title":{"rendered":"Stage Erasmus : Marketing"},"content":{"rendered":"<div class=\"wpb-content-wrapper\"><p>[vc_row css=\u00a0\u00bb.vc_custom_1703789314099{margin-top: -20px !important;margin-bottom: 40px !important;background-image: url(https:\/\/espamob.com\/wp-content\/uploads\/2023\/12\/Marketing.webp?id=22198) !important;}\u00a0\u00bb conditional_render=\u00a0\u00bb%5B%7B%22value_role%22%3A%22administrator%22%7D%5D\u00a0\u00bb][vc_column css=\u00a0\u00bb.vc_custom_1687965657482{padding-top: 30px !important;}\u00a0\u00bb conditional_render=\u00a0\u00bb%5B%7B%22value_role%22%3A%22administrator%22%7D%5D\u00a0\u00bb][vc_empty_space height=\u00a0\u00bb170&Prime;][vc_custom_heading text=\u00a0\u00bbStage Erasmus: Marketing\u00a0\u00bb font_container=\u00a0\u00bbtag:h1|font_size:27|text_align:center|color:%23ffffff\u00a0\u00bb use_theme_fonts=\u00a0\u00bbyes\u00a0\u00bb css=\u00a0\u00bb.vc_custom_1704818795770{margin-bottom: 15px !important;background-color: rgba(136,136,136,0.29) !important;*background-color: rgb(136,136,136) !important;}\u00a0\u00bb animation_type=\u00a0\u00bbzoomIn\u00a0\u00bb][vc_empty_space height=\u00a0\u00bb40&Prime;][\/vc_column][\/vc_row][vc_row wrap_container=\u00a0\u00bbyes\u00a0\u00bb text_align=\u00a0\u00bbjustify\u00a0\u00bb][vc_column text_align=\u00a0\u00bbjustify\u00a0\u00bb][vc_column_text]<\/p>\n<nav aria-label=\"breadcrumb\">\n<ol class=\"breadcrumb\">\n<li class=\"breadcrumb-item\"><a href=\"https:\/\/espamob.com\/\">Home<\/a><\/li>\n<li class=\"breadcrumb-item\"><a href=\"https:\/\/espamob.com\/fr\/secteur-stage-entreprise-erasmusplus\/\">Secteurs de stages<\/a><\/li>\n<li class=\"breadcrumb-item\"><a href=\"https:\/\/espamob.com\/fr\/secteur-stage-entreprise-erasmusplus\/tertiaire\/\">Tertiaire<\/a><\/li>\n<li class=\"breadcrumb-item active\" aria-current=\"page\">Stage Erasmus : Marketing<\/li>\n<\/ol>\n<\/nav>\n<p>[\/vc_column_text][vc_custom_heading text=\u00a0\u00bbLe stage Erasmus Marketing : une exp\u00e9rience formatrice et enrichissante\u00a0\u00bb use_theme_fonts=\u00a0\u00bbyes\u00a0\u00bb css=\u00a0\u00bb.vc_custom_1704818873136{margin-top: 20px !important;}\u00a0\u00bb][vc_separator][vc_row_inner][vc_column_inner width=\u00a0\u00bb7\/12&Prime;][vc_column_text]<span style=\"font-weight: 400;\">Dans le cadre de leurs \u00e9tudes, de nombreux \u00e9tudiants ont l\u2019opportunit\u00e9 de r\u00e9aliser un\u00a0<\/span><b>stage \u00e0 l\u2019\u00e9tranger<\/b><span style=\"font-weight: 400;\">\u00a0gr\u00e2ce au programme Erasmus. Parmi les domaines d\u2019activit\u00e9 possibles, le\u00a0<\/span><b>marketing<\/b><span style=\"font-weight: 400;\">\u00a0est particuli\u00e8rement pris\u00e9 par les jeunes talents d\u00e9sireux de d\u00e9velopper leurs comp\u00e9tences professionnelles tout en vivant une exp\u00e9rience internationale unique. Dans cet article, d\u00e9couvrez les sp\u00e9cificit\u00e9s du stage Erasmus Marketing et les avantages qu\u2019il peut vous offrir.<\/span><\/p>\n<h2>Qu\u2019est-ce que le stage Erasmus Marketing ?<\/h2>\n<p><span style=\"font-weight: 400;\">Le\u00a0<\/span><b>stage Erasmus Marketing<\/b><span style=\"font-weight: 400;\">\u00a0est une p\u00e9riode de formation professionnelle effectu\u00e9e \u00e0 l\u2019\u00e9tranger dans le domaine du marketing. Elle permet aux \u00e9tudiants inscrits dans des cursus tels que les formations en communication, management ou encore commerce international, de se familiariser avec les pratiques marketing d\u2019une entreprise \u00e9trang\u00e8re.<\/span><\/p>\n<h3>Les objectifs du stage<\/h3>\n<p><span style=\"font-weight: 400;\">Ce type de stage a pour but de :<\/span><\/p>\n<ul>\n<li style=\"font-weight: 400;\" aria-level=\"1\"><b>D\u00e9velopper<\/b><span style=\"font-weight: 400;\">\u00a0les comp\u00e9tences techniques et relationnelles li\u00e9es au marketing;<\/span><\/li>\n<li style=\"font-weight: 400;\" aria-level=\"1\"><b>Acqu\u00e9rir<\/b><span style=\"font-weight: 400;\">\u00a0une exp\u00e9rience professionnelle internationale;<\/span><\/li>\n<li style=\"font-weight: 400;\" aria-level=\"1\"><b>Am\u00e9liorer<\/b><span style=\"font-weight: 400;\">\u00a0la ma\u00eetrise des langues \u00e9trang\u00e8res;<\/span><\/li>\n<li style=\"font-weight: 400;\" aria-level=\"1\"><b>Favoriser<\/b><span style=\"font-weight: 400;\">\u00a0l\u2019ouverture culturelle et la compr\u00e9hension des diff\u00e9rences interculturelles.<\/span><\/li>\n<\/ul>\n<h3>La dur\u00e9e du stage<\/h3>\n<p><span style=\"font-weight: 400;\">G\u00e9n\u00e9ralement, la\u00a0<\/span><b>dur\u00e9e du stage Erasmus Marketing<\/b><span style=\"font-weight: 400;\">\u00a0varie de quelques semaines \u00e0<\/span> <span style=\"font-weight: 400;\">plusieurs mois. La p\u00e9riode minimale est g\u00e9n\u00e9ralement fix\u00e9e \u00e0 deux mois, mais celle-ci peut \u00eatre allong\u00e9e en fonction des besoins de l\u2019entreprise et des objectifs p\u00e9dagogiques d\u00e9finis par l\u2019\u00e9tablissement d\u2019enseignement.<\/span><\/p>\n<h2>Trouver un stage Erasmus Marketing<\/h2>\n<p><span style=\"font-weight: 400;\">Pour d\u00e9crocher un stage dans le domaine du marketing \u00e0 l\u2019\u00e9tranger, il convient de suivre certaines \u00e9tapes :<\/span><\/p>\n<ol>\n<li style=\"font-weight: 400;\" aria-level=\"1\"><b>Choisir<\/b><span style=\"font-weight: 400;\">\u00a0la destination : prenez en compte vos pr\u00e9f\u00e9rences culturelles, linguistiques et la r\u00e9putation du pays en mati\u00e8re d\u2019opportunit\u00e9s professionnelles;<\/span><\/li>\n<li style=\"font-weight: 400;\" aria-level=\"1\"><b>Rechercher<\/b><span style=\"font-weight: 400;\">\u00a0des offres de stage : utilisez les plateformes sp\u00e9cialis\u00e9es, les r\u00e9seaux sociaux professionnels ou contactez directement les entreprises susceptibles de vous int\u00e9resser;<\/span><\/li>\n<li style=\"font-weight: 400;\" aria-level=\"1\"><b>Postuler<\/b><span style=\"font-weight: 400;\">\u00a0aux offres s\u00e9lectionn\u00e9es en adaptant votre CV et lettre de motivation aux sp\u00e9cificit\u00e9s du pays et de l\u2019entreprise;<\/span><\/li>\n<li style=\"font-weight: 400;\" aria-level=\"1\"><b>Pr\u00e9parer<\/b><span style=\"font-weight: 400;\"> les entretiens \u00e9ventuels et assurez-vous d\u2019avoir tous les documents n\u00e9cessaires pour votre candidature (CV, lettre de motivation, portfolio, etc.);<\/span><\/li>\n<li style=\"font-weight: 400;\" aria-level=\"1\"><b>Obtenir<\/b><span>\u00a0l\u2019accord de votre \u00e9tablissement d\u2019enseignement et v\u00e9rifier les conditions de financement du stage (bourses Erasmus, aides locales, etc.).<\/span><\/li>\n<\/ol>\n<p>[\/vc_column_text][\/vc_column_inner][vc_column_inner width=\u00a0\u00bb1\/12&Prime;][\/vc_column_inner][vc_column_inner width=\u00a0\u00bb4\/12&Prime;][vc_single_image image=\u00a0\u00bb18238&Prime; img_size=\u00a0\u00bb400*400&Prime; alignment=\u00a0\u00bbright\u00a0\u00bb style=\u00a0\u00bbvc_box_rounded\u00a0\u00bb label=\u00a0\u00bb\u00a0\u00bb][vc_btn title=\u00a0\u00bbEn savoir plus\u00a0\u00bb style=\u00a0\u00bbcustom\u00a0\u00bb custom_background=\u00a0\u00bb#e20000&Prime; custom_text=\u00a0\u00bb#ffffff\u00a0\u00bb align=\u00a0\u00bbcenter\u00a0\u00bb link=\u00a0\u00bburl:https%3A%2F%2Fespamob.com%2Ffr%2Fcontact%2F|title:Contact|target:_blank\u00a0\u00bb][\/vc_column_inner][\/vc_row_inner][vc_custom_heading text=\u00a0\u00bbLes avantages du stage Erasmus Marketing\u00a0\u00bb font_container=\u00a0\u00bbtag:h3|text_align:left\u00a0\u00bb use_theme_fonts=\u00a0\u00bbyes\u00a0\u00bb css=\u00a0\u00bb.vc_custom_1704818959384{margin-top: 20px !important;}\u00a0\u00bb][vc_separator][vc_row_inner][vc_column_inner width=\u00a0\u00bb7\/12&Prime;][vc_column_text]<span style=\"font-weight: 400;\">Effectuer un stage \u00e0 l\u2019\u00e9tranger dans le domaine du marketing pr\u00e9sente de nombreux avantages :<\/span><\/p>\n<h3>Une exp\u00e9rience professionnelle valorisante<\/h3>\n<p><span style=\"font-weight: 400;\">Un stage Erasmus Marketing vous permet d\u2019acqu\u00e9rir des comp\u00e9tences indispensables pour votre future carri\u00e8re, telles que la gestion de projets, l\u2019\u00e9laboration de strat\u00e9gies marketing ou encore l\u2019analyse des donn\u00e9es. En outre, travailler au sein d\u2019une entreprise \u00e9trang\u00e8re est une excellente mani\u00e8re de montrer votre adaptabilit\u00e9 et votre ouverture d\u2019esprit \u00e0 de futurs employeurs.<\/span><\/p>\n<h3>Un perfectionnement linguistique<\/h3>\n<p><span style=\"font-weight: 400;\">Le stage Erasmus Marketing offre \u00e9galement l\u2019opportunit\u00e9 d\u2019am\u00e9liorer vos comp\u00e9tences linguistiques. En effet, vous serez amen\u00e9 \u00e0 pratiquer quotidiennement la langue du pays d\u2019accueil, tant \u00e0 l\u2019oral qu\u2019\u00e0 l\u2019\u00e9crit. Cette immersion linguistique sera un atout pr\u00e9cieux pour votre CV et facilitera vos \u00e9changes avec des partenaires internationaux dans le cadre professionnel.<\/span><\/p>\n<h3>Un enrichissement culturel<\/h3>\n<p><span style=\"font-weight: 400;\">Au-del\u00e0 des aspects professionnels et linguistiques, le stage Erasmus Marketing vous permettra de d\u00e9couvrir une nouvelle culture et de nouer des amiti\u00e9s avec des personnes issues d\u2019horizons divers. Ces rencontres seront l\u2019occasion d\u2019\u00e9changer sur les pratiques marketing sp\u00e9cifiques \u00e0 chaque pays et d\u2019affiner votre compr\u00e9hension des enjeux interculturels.<\/span><\/p>\n<h2>Des conseils pour r\u00e9ussir votre stage Erasmus Marketing<\/h2>\n<p><span style=\"font-weight: 400;\">Pour tirer pleinement profit de votre stage Erasmus Marketing, suivez ces quelques recommandations :<\/span><\/p>\n<ul>\n<li style=\"font-weight: 400;\" aria-level=\"1\"><b>Adaptez-vous<\/b><span style=\"font-weight: 400;\">\u00a0rapidement \u00e0 l\u2019environnement professionnel et culturel du pays d\u2019accueil;<\/span><\/li>\n<li style=\"font-weight: 400;\" aria-level=\"1\"><b>Communiquez<\/b><span style=\"font-weight: 400;\">\u00a0clairement et efficacement avec vos coll\u00e8gues et sup\u00e9rieurs;<\/span><\/li>\n<li style=\"font-weight: 400;\" aria-level=\"1\"><b>Montrez<\/b><span style=\"font-weight: 400;\">\u00a0de la curiosit\u00e9 et de la proactivit\u00e9 dans votre travail;<\/span><\/li>\n<li style=\"font-weight: 400;\" aria-level=\"1\"><b>Partagez<\/b><span style=\"font-weight: 400;\">\u00a0vos exp\u00e9riences et connaissances avec les autres membres de l\u2019\u00e9quipe;<\/span><\/li>\n<li style=\"font-weight: 400;\" aria-level=\"1\"><b>Profitez<\/b><span style=\"font-weight: 400;\">\u00a0des opportunit\u00e9s offertes par le stage pour d\u00e9velopper votre r\u00e9seau professionnel.<\/span><\/li>\n<\/ul>\n<p><span style=\"font-weight: 400;\">En somme, le stage Erasmus Marketing est une exp\u00e9rience unique qui vous permettra de d\u00e9velopper vos comp\u00e9tences professionnelles, linguistiques et interculturelles tout en vivant une aventure humaine enrichissante. N\u2019h\u00e9sitez pas \u00e0 vous lancer dans cette exp\u00e9rience si vous souhaitez donner un coup d\u2019acc\u00e9l\u00e9rateur \u00e0 votre carri\u00e8re !<\/span>[\/vc_column_text][\/vc_column_inner][vc_column_inner width=\u00a0\u00bb1\/12&Prime;][\/vc_column_inner][vc_column_inner width=\u00a0\u00bb4\/12&Prime;][vc_raw_html]JTNDZGl2JTIwc3R5bGUlM0QlMjJwYWRkaW5nJTNBJTIwMzBweCUzQmJhY2tncm91bmQtY29sb3IlM0ElMjAlMjNGNEY0RjQlM0IlMjIlM0UlMEElMjAlMjAlMjAlMjAlM0NoNCUzRUQlQzMlQTljb3V2cmV6JTIwdG91cyUyMGxlcyUyMHNlY3RldXJzJTIwZGUlMjBzdGFnZXMlM0MlMkZoNCUzRSUwQSUyMCUyMCUyMCUyMCUzQ3AlM0VFc3BhbW9iJTIwZXN0JTIwc3AlQzMlQTljaWFsaXN0ZSUyMGRhbnMlMjBsJUUyJTgwJTk5YWNjb21wYWduZW1lbnQlMjBkZSUyMGdyb3VwZSUyMGRhbnMlMjBsZXVyJTIwbW9iaWxpdCVDMyVBOSUyMEVyYXNtdXMlMjAlMkIuJTIwRCVDMyVBOWNvdXZyZXolMjBlbiUyMHF1ZWxxdWVzJTIwY2xpcyUyMHRvdXMlMjBsZXMlMjBzZWN0ZXVycyUyMGRlJTIwc3RhZ2UlMjBFcmFzbXVzJTIwZW4lMjBFc3BhZ25lLiUzQyUyRnAlM0UlMEElMjAlMjAlMjAlMjAlM0NhJTIwY2xhc3MlM0QlMjJ2Y19nZW5lcmFsJTIwdmNfYnRuMyUyMHZjX2J0bjMtc2l6ZS1tZCUyMHZjX2J0bjMtc2hhcGUtZGVmYXVsdCUyMHZjX2J0bjMtc3R5bGUtY3VzdG9tJTIwd3BiX2N1c3RvbV82Njg3YjI2ZjM5NDg4ZGRiYjg1ZGRiM2MxY2U4ZTExMSUyMGJ0biUyMiUyMHN0eWxlJTNEJTIyYmFja2dyb3VuZC1jb2xvciUzQSUyM2UyMDAwMCUzQiUyMGNvbG9yJTNBJTIzZmZmZmZmJTNCJTIwYmFja2dyb3VuZC1jb2xvciUzQSUyM2UyMDAwMCUzQiUyMGNvbG9yJTNBJTIzZmZmZmZmJTNCJTIyJTIwaHJlZiUzRCUyMmh0dHBzJTNBJTJGJTJGd3d3LmVzcGFtb2IuY29tJTJGZnIlMkZzZWN0ZXVyLXN0YWdlLWVudHJlcHJpc2UtZXJhc211c3BsdXMlMkYlMjIlMjB0aXRsZSUzRCUyMkZSJTIwU2VjdGV1cnMlMjIlMjB0YXJnZXQlM0QlMjJfYmxhbmslMjIlM0VKZSUyMGQlQzMlQTljb3V2cmUlMjBsZXMlMjBzZWN0ZXVycyUzQyUyRmElM0UlMEElM0MlMkZkaXYlM0U=[\/vc_raw_html][\/vc_column_inner][\/vc_row_inner][\/vc_column][\/vc_row][vc_row full_width=\u00a0\u00bbstretch_row\u00a0\u00bb wrap_container=\u00a0\u00bbyes\u00a0\u00bb is_section=\u00a0\u00bbyes\u00a0\u00bb css=\u00a0\u00bb.vc_custom_1704811022563{padding-top: 15px !important;padding-bottom: 15px !important;background-color: #f8f392 !important;}\u00a0\u00bb conditional_render=\u00a0\u00bb%5B%7B%22value_role%22%3A%22administrator%22%7D%5D\u00a0\u00bb][vc_column][vc_row_inner css=\u00a0\u00bb.vc_custom_1688548648248{background-color: #f8f392 !important;}\u00a0\u00bb][vc_column_inner][vc_custom_heading text=\u00a0\u00bbFaire une demande de devis gratuit\u00a0\u00bb font_container=\u00a0\u00bbtag:h2|text_align:center\u00a0\u00bb use_theme_fonts=\u00a0\u00bbyes\u00a0\u00bb][vc_column_text]<\/p>\n<p style=\"text-align: justify;\">Vous avez une id\u00e9e de projet Erasmus + en Espagne et vous cherchez un partenaire de confiance pour vous accompagner ? <strong>Espamob\u2019<\/strong> est l\u00e0 pour vous aider ! Nous vous proposons un devis gratuit et sans engagement pour vous aider \u00e0 g\u00e9rer votre projet de mobilit\u00e9. Gr\u00e2ce \u00e0 notre expertise et \u00e0 notre r\u00e9seau d\u2019entreprises partenaires, nous sommes en mesure de vous offrir un accompagnement personnalis\u00e9 pour r\u00e9pondre \u00e0 vos besoins sp\u00e9cifiques. Contactez-nous d\u00e8s maintenant pour discuter de votre projet et obtenir votre devis gratuit.<\/p>\n<p>[\/vc_column_text]<div id=\"modal-trg-txt-wrap-5321\" class=\"ult-modal-input-wrapper ult-adjust-bottom-margin    \" data-keypress-control=\"keypress-control-enable\" data-overlay-control=\"overlay-control-enable\"><style>\n\t\t\t\t\t.btn-modal.btn-id-69e81807c9c533-71367505:hover {\n\t\t\t\t\t\tbackground-color: #e20000 !important;\n\t\t\t\t\t}\n\t\t\t\t\t<\/style><button  data-ultimate-target='#modal-trg-txt-wrap-5321 .btn-modal'  data-responsive-json-new='{\"font-size\":\"\",\"line-height\":\"\"}'  style=\"background:#888888;border-color:#888888;color:#ffffff; \" data-class-id=\"content-69e81807c9c533-71367505\" class=\"btn-modal ult-responsive btn-primary btn-modal-md overlay-show ult-align-center btn-id-69e81807c9c533-71367505\" data-overlay-class=\"overlay-cornerbottomleft\">DEMANDE DE DEVIS GRATUIT<\/button><\/div>\n<div class=\"ult-overlay content-69e81807c9c533-71367505 \" data-class=\"content-69e81807c9c533-71367505\" id=\"button-click-overlay\" style=\"background:rgba(51,51,51,0.8); display:none;\">\n\t<div class=\"ult_modal ult-fade ult-medium\">\n\t\t<div id=\"ult-modal-wrap-152\" class=\"ult_modal-content ult-hide\" style=\"border-style:solid;border-width:2px;border-radius:0px;border-color:#333333;\">\n\t\t\t<div class=\"ult_modal-header\" style=\"color:#333333;border-color:#333333;\">\n\t\t\t\t<h3  data-ultimate-target='#ult-modal-wrap-152 .ult_modal-title'  data-responsive-json-new='{\"font-size\":\"\",\"line-height\":\"\"}'  class=\"ult_modal-title ult-responsive\">Demande de devis gratuit<\/h3>\n\t\t\t<\/div>\n\t\t\t<div  data-ultimate-target='#ult-modal-wrap-152 .ult_modal-body'  data-responsive-json-new='{\"font-size\":\"\",\"line-height\":\"\"}'  class=\"ult_modal-body ult-responsive ult-html\" style=\"\">\n\t\t\t[caldera_form id=\u00a0\u00bbCF614462cc44616&Prime;]\n\t\t\t<\/div>\n\t<\/div>\n\t<\/div>\n\t<div class=\"ult-overlay-close top-right\" style=\"width:80px;height:80px; \"><div class=\"ult-overlay-close-inside\">Close<\/div><\/div>\n<\/div>[\/vc_column_inner][\/vc_row_inner][\/vc_column][\/vc_row][vc_row wrap_container=\u00a0\u00bbyes\u00a0\u00bb css=\u00a0\u00bb.vc_custom_1689256499740{margin-top: 15px !important;}\u00a0\u00bb conditional_render=\u00a0\u00bb%5B%7B%22value_role%22%3A%22administrator%22%7D%5D\u00a0\u00bb][vc_column][vc_custom_heading text=\u00a0\u00bbQuestions fr\u00e9quentes\u00a0\u00bb font_container=\u00a0\u00bbtag:h2|text_align:center|color:%23000000&Prime; use_theme_fonts=\u00a0\u00bbyes\u00a0\u00bb][vc_separator][vc_row_inner][vc_column_inner width=\u00a0\u00bb7\/12&Prime;][vc_column_text]<\/p>\n<h3><b>Quels sont les avantages de choisir Espamob pour r\u00e9aliser un stage Erasmus en marketing ?<\/b><\/h3>\n<p><span style=\"font-weight: 400;\">En choisissant Espamob pour votre stage Erasmus en marketing, vous b\u00e9n\u00e9ficiez de l\u2019expertise d\u2019une agence sp\u00e9cialis\u00e9e dans l\u2019accompagnement de groupes en mobilit\u00e9. Nous vous aidons \u00e0 cr\u00e9er votre projet et \u00e0 le financer, et nous vous offrons un accompagnement complet tout au long de votre s\u00e9jour en Espagne. De plus, nous avons des partenariats avec des universit\u00e9s et des entreprises dans le domaine du marketing, ce qui vous permettra de vivre une exp\u00e9rience professionnelle enrichissante.<\/span><\/p>\n<h3><b>Comment Espamob trouve-t-il les logements pour les groupes en stage Erasmus en marketing ?<\/b><\/h3>\n<p><span style=\"font-weight: 400;\">Espamob se charge de trouver les logements pour les groupes en stage Erasmus en marketing. Nous avons un r\u00e9seau de partenaires locaux qui nous permet de proposer une s\u00e9lection de logements adapt\u00e9s \u00e0 vos besoins et \u00e0 votre budget. Que vous souhaitiez un h\u00e9bergement en r\u00e9sidence universitaire, en appartement partag\u00e9 ou en famille d\u2019accueil, nous nous occupons de trouver la meilleure solution pour vous.<\/span><\/p>\n<h3><b>Est-ce que Espamob propose un service de transfert depuis l\u2019a\u00e9roport jusqu\u2019au logement pour les groupes en stage Erasmus en marketing ?<\/b><\/h3>\n<p><span style=\"font-weight: 400;\">Oui, Espamob propose un service de transfert depuis l\u2019a\u00e9roport jusqu\u2019au logement pour les groupes en stage Erasmus en marketing. Nous organisons votre accueil \u00e0 l\u2019a\u00e9roport et nous vous accompagnons jusqu\u2019\u00e0 votre logement. Ainsi, vous n\u2019aurez pas \u00e0 vous soucier de l\u2019arriv\u00e9e et vous pourrez commencer votre s\u00e9jour en toute s\u00e9r\u00e9nit\u00e9.<\/span>[\/vc_column_text][\/vc_column_inner][vc_column_inner width=\u00a0\u00bb1\/12&Prime;][\/vc_column_inner][vc_column_inner width=\u00a0\u00bb4\/12&Prime;][vc_single_image image=\u00a0\u00bb15074&Prime; img_size=\u00a0\u00bbfull\u00a0\u00bb][vc_column_text]<strong>Renseignez-vous sur les diff\u00e9rentes destinations Erasmus + en Espagne :<\/strong><\/p>\n<ul>\n<li><a href=\"https:\/\/espamob.com\/fr\/secteur-stage-entreprise-erasmusplus\/tertiaire\/stage-erasmus-vente\">Stage Erasmus Vente<\/a><\/li>\n<li><a href=\"https:\/\/espamob.com\/fr\/secteur-stage-entreprise-erasmusplus\/tertiaire\/stage-erasmus-commerce\">Stage Erasmus Commerce<\/a><\/li>\n<li><a href=\"https:\/\/espamob.com\/fr\/secteur-stage-entreprise-erasmusplus\/tertiaire\/stage-erasmus-accueil\">Stage Erasmus Accueil<\/a><\/li>\n<li><a href=\"https:\/\/espamob.com\/fr\/secteur-stage-entreprise-erasmusplus\/tertiaire\/stage-erasmus-gestion-administration\">Stage Erasmus Gestion administration<\/a><\/li>\n<li><a href=\"https:\/\/espamob.com\/fr\/secteur-stage-entreprise-erasmusplus\/tertiaire\/stage-erasmus-communication\">Stage Erasmus Communication<\/a><\/li>\n<\/ul>\n<p>[\/vc_column_text][\/vc_column_inner][\/vc_row_inner][\/vc_column][\/vc_row]<\/p>\n<\/div>","protected":false},"excerpt":{"rendered":"<p>[vc_row css=\u00a0\u00bb.vc_custom_1703789314099{margin-top: -20px !important;margin-bottom: 40px !important;background-image: url(https:\/\/espamob.com\/wp-content\/uploads\/2023\/12\/Marketing.webp?id=22198) !important;}\u00a0\u00bb conditional_render=\u00a0\u00bb%5B%7B%22value_role%22%3A%22administrator%22%7D%5D\u00a0\u00bb][vc_column css=\u00a0\u00bb.vc_custom_1687965657482{padding-top: 30px !important;}\u00a0\u00bb conditional_render=\u00a0\u00bb%5B%7B%22value_role%22%3A%22administrator%22%7D%5D\u00a0\u00bb][vc_empty_space height=\u00a0\u00bb170&Prime;][vc_custom_heading text=\u00a0\u00bbStage Erasmus: Marketing\u00a0\u00bb font_container=\u00a0\u00bbtag:h1|font_size:27|text_align:center|color:%23ffffff\u00a0\u00bb use_theme_fonts=\u00a0\u00bbyes\u00a0\u00bb css=\u00a0\u00bb.vc_custom_1704818795770{margin-bottom: 15px !important;background-color: rgba(136,136,136,0.29) !important;*background-color: rgb(136,136,136) !important;}\u00a0\u00bb animation_type=\u00a0\u00bbzoomIn\u00a0\u00bb][vc_empty_space height=\u00a0\u00bb40&Prime;][\/vc_column][\/vc_row][vc_row wrap_container=\u00a0\u00bbyes\u00a0\u00bb text_align=\u00a0\u00bbjustify\u00a0\u00bb][vc_column text_align=\u00a0\u00bbjustify\u00a0\u00bb][vc_column_text] Home Secteurs de stages Tertiaire Stage Erasmus : Marketing [\/vc_column_text][vc_custom_heading text=\u00a0\u00bbLe stage Erasmus Marketing : une exp\u00e9rience formatrice et enrichissante\u00a0\u00bb use_theme_fonts=\u00a0\u00bbyes\u00a0\u00bb css=\u00a0\u00bb.vc_custom_1704818873136{margin-top: 20px !important;}\u00a0\u00bb][vc_separator][vc_row_inner][vc_column_inner<\/p>\n","protected":false},"author":2,"featured_media":0,"parent":11869,"menu_order":0,"comment_status":"closed","ping_status":"closed","template":"","meta":{"footnotes":""},"class_list":["post-18367","page","type-page","status-publish","hentry"],"_links":{"self":[{"href":"https:\/\/espamob.com\/fr\/wp-json\/wp\/v2\/pages\/18367","targetHints":{"allow":["GET"]}}],"collection":[{"href":"https:\/\/espamob.com\/fr\/wp-json\/wp\/v2\/pages"}],"about":[{"href":"https:\/\/espamob.com\/fr\/wp-json\/wp\/v2\/types\/page"}],"author":[{"embeddable":true,"href":"https:\/\/espamob.com\/fr\/wp-json\/wp\/v2\/users\/2"}],"replies":[{"embeddable":true,"href":"https:\/\/espamob.com\/fr\/wp-json\/wp\/v2\/comments?post=18367"}],"version-history":[{"count":0,"href":"https:\/\/espamob.com\/fr\/wp-json\/wp\/v2\/pages\/18367\/revisions"}],"up":[{"embeddable":true,"href":"https:\/\/espamob.com\/fr\/wp-json\/wp\/v2\/pages\/11869"}],"wp:attachment":[{"href":"https:\/\/espamob.com\/fr\/wp-json\/wp\/v2\/media?parent=18367"}],"curies":[{"name":"wp","href":"https:\/\/api.w.org\/{rel}","templated":true}]}}