{"id":18366,"date":"2023-08-08T00:00:00","date_gmt":"2023-08-08T00:00:00","guid":{"rendered":"https:\/\/www.espamob.com\/?page_id=18366"},"modified":"2023-12-28T18:56:01","modified_gmt":"2023-12-28T18:56:01","slug":"stage-erasmus-gestion-administration","status":"publish","type":"page","link":"https:\/\/espamob.com\/fr\/secteur-stage-entreprise-erasmusplus\/tertiaire\/stage-erasmus-gestion-administration\/","title":{"rendered":"Stage Erasmus : Gestion administration"},"content":{"rendered":"<div class=\"wpb-content-wrapper\"><p>[vc_row css=\u00a0\u00bb.vc_custom_1703789293459{margin-top: -20px !important;margin-bottom: 40px !important;background-image: url(https:\/\/espamob.com\/wp-content\/uploads\/2023\/12\/Gestion-administrativa.webp?id=22173) !important;}\u00a0\u00bb conditional_render=\u00a0\u00bb%5B%7B%22value_role%22%3A%22administrator%22%7D%5D\u00a0\u00bb][vc_column css=\u00a0\u00bb.vc_custom_1687965657482{padding-top: 30px !important;}\u00a0\u00bb conditional_render=\u00a0\u00bb%5B%7B%22value_role%22%3A%22administrator%22%7D%5D\u00a0\u00bb][vc_empty_space height=\u00a0\u00bb170&Prime;][vc_custom_heading text=\u00a0\u00bbStage Erasmus : Gestion administration\u00a0\u00bb font_container=\u00a0\u00bbtag:h1|font_size:27|text_align:center|color:%23ffffff\u00a0\u00bb use_theme_fonts=\u00a0\u00bbyes\u00a0\u00bb css=\u00a0\u00bb.vc_custom_1703789029102{margin-bottom: 15px !important;background-color: rgba(136,136,136,0.29) !important;*background-color: rgb(136,136,136) !important;}\u00a0\u00bb animation_type=\u00a0\u00bbzoomIn\u00a0\u00bb][vc_empty_space height=\u00a0\u00bb40&Prime;][\/vc_column][\/vc_row][vc_row wrap_container=\u00a0\u00bbyes\u00a0\u00bb text_align=\u00a0\u00bbjustify\u00a0\u00bb][vc_column text_align=\u00a0\u00bbjustify\u00a0\u00bb][vc_column_text]<\/p>\n<nav aria-label=\"breadcrumb\">\n<ol class=\"breadcrumb\">\n<li class=\"breadcrumb-item\"><a href=\"https:\/\/espamob.com\/\">Home<\/a><\/li>\n<li class=\"breadcrumb-item\"><a href=\"https:\/\/espamob.com\/fr\/secteur-stage-entreprise-erasmusplus\/\">Secteurs de stages<\/a><\/li>\n<li class=\"breadcrumb-item\"><a href=\"https:\/\/espamob.com\/fr\/secteur-stage-entreprise-erasmusplus\/tertiaire\/\">Tertiaire<\/a><\/li>\n<li class=\"breadcrumb-item active\" aria-current=\"page\">Stage Erasmus : Gestion administration<\/li>\n<\/ol>\n<\/nav>\n<p>[\/vc_column_text][vc_custom_heading text=\u00a0\u00bbLe stage Erasmus en gestion administration : une opportunit\u00e9 \u00e0 saisir\u00a0\u00bb use_theme_fonts=\u00a0\u00bbyes\u00a0\u00bb css=\u00a0\u00bb.vc_custom_1687363443929{margin-top: 20px !important;}\u00a0\u00bb][vc_separator][vc_row_inner][vc_column_inner width=\u00a0\u00bb7\/12&Prime;][vc_column_text]<\/p>\n<p>Le programme Erasmus+ constitue aujourd&rsquo;hui une v\u00e9ritable aubaine pour les jeunes \u00e9tudiants d\u00e9sireux d&rsquo;acqu\u00e9rir de nouvelles comp\u00e9tences et une exp\u00e9rience internationale. Parmi les domaines qui b\u00e9n\u00e9ficient de cette opportunit\u00e9, la gestion administration figure en bonne place. Voyager, d\u00e9couvrir d&rsquo;autres cultures et apprendre sur le terrain sont autant d&rsquo;avantages offerts par un <strong>stage Erasmus Gestion administration<\/strong>.<\/p>\n<h2>Qu&rsquo;est-ce qu&rsquo;un stage Erasmus en gestion administration ?<\/h2>\n<p>Un stage Erasmus en gestion administration est une exp\u00e9rience professionnelle r\u00e9alis\u00e9e dans le cadre du programme europ\u00e9en Erasmus+. Il permet aux \u00e9tudiants en gestion-administration d&rsquo;effectuer un stage \u00e0 l&rsquo;\u00e9tranger dans une entreprise ou une organisation. Les stagiaires ont ainsi l&rsquo;occasion d&rsquo;am\u00e9liorer leurs comp\u00e9tences professionnelles et linguistiques tout en d\u00e9couvrant une nouvelle culture.<\/p>\n<h3>Pourquoi choisir un stage Erasmus en gestion administration ?<\/h3>\n<ul>\n<li><strong>D\u00e9velopper ses comp\u00e9tences :<\/strong> Un stage Erasmus en gestion administration offre aux \u00e9tudiants la possibilit\u00e9 de d\u00e9velopper leurs comp\u00e9tences techniques et relationnelles dans un contexte international.<\/li>\n<li><strong>Am\u00e9liorer son employabilit\u00e9 :<\/strong> La r\u00e9alisation d&rsquo;un stage \u00e0 l&rsquo;\u00e9tranger est valorisante sur un CV et peut faciliter l&rsquo;acc\u00e8s au march\u00e9 du travail.<\/li>\n<li><strong>Vivre une exp\u00e9rience unique :<\/strong> Vivre \u00e0 l&rsquo;\u00e9tranger, s&rsquo;immerger dans une nouvelle culture et travailler avec des coll\u00e8gues issus de diff\u00e9rents pays permet d&rsquo;enrichir son parcours personnel et professionnel.<\/li>\n<li><strong>Apprendre une nouvelle langue :<\/strong> Un s\u00e9jour \u00e0 l&rsquo;\u00e9tranger est l&rsquo;occasion de pratiquer et de progresser dans une langue \u00e9trang\u00e8re, ce qui repr\u00e9sente un atout ind\u00e9niable sur le march\u00e9 du travail.<\/li>\n<\/ul>\n<h2>Comment d\u00e9crocher un stage Erasmus en gestion administration ?<\/h2>\n<h3>Se renseigner aupr\u00e8s de son \u00e9tablissement<\/h3>\n<p>La premi\u00e8re \u00e9tape pour trouver un stage Erasmus en gestion administration consiste \u00e0 se renseigner aupr\u00e8s de son \u00e9tablissement scolaire ou universitaire. En effet, les \u00e9coles et universit\u00e9s sont en relation avec des entreprises et organisations partenaires dans diff\u00e9rents pays. Il est donc possible qu&rsquo;ils puissent proposer des offres de stage adapt\u00e9es aux besoins et comp\u00e9tences des \u00e9tudiants.<\/p>\n<h3>Faire ses recherches en ligne<\/h3>\n<p>De nombreuses plateformes en ligne permettent de consulter des annonces de stage \u00e0 l&rsquo;\u00e9tranger. Les principaux sites \u00e0 consulter sont :<\/p>\n<ul>\n<li>Le portail europ\u00e9en de la mobilit\u00e9 en entreprise (EURES) : il s&rsquo;agit d&rsquo;un r\u00e9seau regroupant des organisations et institutions europ\u00e9ennes qui \u0153uvrent pour faciliter la mobilit\u00e9 professionnelle en Europe.<\/li>\n<li>Les sites sp\u00e9cialis\u00e9s dans les stages \u00e0 l&rsquo;\u00e9tranger tels que Internshipmapper ou Stages-Emplois.com.<\/li>\n<li>Les r\u00e9seaux sociaux professionnels tels que LinkedIn ou Viadeo, qui permettent de suivre les actualit\u00e9s des entreprises et de consulter des offres de stage.<\/li>\n<\/ul>\n<h3>Se constituer un r\u00e9seau<\/h3>\n<p>Il est important de se constituer un r\u00e9seau professionnel pour faciliter ses recherches de stage. Participer \u00e0 des forums, des salons ou des \u00e9v\u00e9nements d\u00e9di\u00e9s \u00e0 l&#8217;emploi et aux stages peut aider \u00e0 \u00e9tablir des contacts avec des entreprises et organisations susceptibles d&rsquo;accueillir des stagiaires.<\/p>\n<p>[\/vc_column_text][\/vc_column_inner][vc_column_inner width=\u00a0\u00bb1\/12&Prime;][\/vc_column_inner][vc_column_inner width=\u00a0\u00bb4\/12&Prime;][vc_single_image image=\u00a0\u00bb18203&Prime; img_size=\u00a0\u00bb400*400&Prime; alignment=\u00a0\u00bbright\u00a0\u00bb style=\u00a0\u00bbvc_box_rounded\u00a0\u00bb][vc_btn title=\u00a0\u00bbJe veux en savoir plus\u00a0\u00bb style=\u00a0\u00bbcustom\u00a0\u00bb custom_background=\u00a0\u00bb#e20000&Prime; custom_text=\u00a0\u00bb#ffffff\u00a0\u00bb align=\u00a0\u00bbcenter\u00a0\u00bb link=\u00a0\u00bburl:https%3A%2F%2Fespamob.com%2Ffr%2Fcontact%2F|title:FR%20Secteurs|target:_blank\u00a0\u00bb][\/vc_column_inner][\/vc_row_inner][vc_custom_heading text=\u00a0\u00bbLes d\u00e9marches administratives pour partir en stage Erasmus Gestion administration\u00a0\u00bb font_container=\u00a0\u00bbtag:h3|text_align:left\u00a0\u00bb use_theme_fonts=\u00a0\u00bbyes\u00a0\u00bb css=\u00a0\u00bb.vc_custom_1689259044425{margin-top: 20px !important;}\u00a0\u00bb][vc_separator][vc_row_inner][vc_column_inner width=\u00a0\u00bb7\/12&Prime;][vc_column_text]<\/p>\n<h3>S&rsquo;informer sur les conditions d&rsquo;\u00e9ligibilit\u00e9<\/h3>\n<p>Pour b\u00e9n\u00e9ficier d&rsquo;un stage Erasmus en gestion administration, il faut \u00eatre inscrit dans un \u00e9tablissement d&rsquo;enseignement sup\u00e9rieur participant au programme Erasmus+ et \u00e9tudier dans le domaine de la gestion-administration. De plus, il est n\u00e9cessaire de v\u00e9rifier les conditions d&rsquo;\u00e9ligibilit\u00e9 sp\u00e9cifiques \u00e0 chaque pays concernant notamment la dur\u00e9e du stage, l&rsquo;\u00e2ge minimum requis ou encore la n\u00e9cessit\u00e9 de poss\u00e9der un visa ou un permis de travail.<\/p>\n<h3>R\u00e9aliser les formalit\u00e9s administratives<\/h3>\n<p>Une fois le stage trouv\u00e9, il convient de r\u00e9aliser les formalit\u00e9s administratives n\u00e9cessaires. Cela comprend :<\/p>\n<ol>\n<li>La signature d&rsquo;une convention de stage entre le stagiaire, l&rsquo;\u00e9tablissement d&rsquo;envoi et l&rsquo;entreprise d&rsquo;accueil.<\/li>\n<li>Le d\u00e9p\u00f4t d&rsquo;un dossier de candidature aupr\u00e8s de son \u00e9tablissement d&rsquo;origine pour obtenir une bourse Erasmus+.<\/li>\n<li>La souscription d&rsquo;une assurance responsabilit\u00e9 civile, maladie et rapatriement pour la dur\u00e9e du stage.<\/li>\n<\/ol>\n<p>En somme, effectuer un stage Erasmus Gestion administration offre une exp\u00e9rience enrichissante tant sur le plan professionnel que personnel. Il permet aux stagiaires de d\u00e9velopper leurs comp\u00e9tences et leur employabilit\u00e9 tout en vivant une aventure unique \u00e0 l&rsquo;\u00e9tranger. Alors, n&rsquo;h\u00e9sitez plus et saisissez cette opportunit\u00e9 !<\/p>\n<p>[\/vc_column_text][\/vc_column_inner][vc_column_inner width=\u00a0\u00bb1\/12&Prime;][\/vc_column_inner][vc_column_inner width=\u00a0\u00bb4\/12&Prime;][vc_raw_html]JTNDZGl2JTIwc3R5bGUlM0QlMjJwYWRkaW5nJTNBJTIwMzBweCUzQmJhY2tncm91bmQtY29sb3IlM0ElMjAlMjNGNEY0RjQlM0IlMjIlM0UlMEElMjAlMjAlMjAlMjAlM0NoNCUzRUQlQzMlQTljb3V2cmV6JTIwdG91cyUyMGxlcyUyMHNlY3RldXJzJTIwZGUlMjBzdGFnZXMlM0MlMkZoNCUzRSUwQSUyMCUyMCUyMCUyMCUzQ3AlM0VFc3BhbW9iJTIwZXN0JTIwc3AlQzMlQTljaWFsaXN0ZSUyMGRhbnMlMjBsJUUyJTgwJTk5YWNjb21wYWduZW1lbnQlMjBkZSUyMGdyb3VwZSUyMGRhbnMlMjBsZXVyJTIwbW9iaWxpdCVDMyVBOSUyMEVyYXNtdXMlMjAlMkIuJTIwRCVDMyVBOWNvdXZyZXolMjBlbiUyMHF1ZWxxdWVzJTIwY2xpcyUyMHRvdXMlMjBsZXMlMjBzZWN0ZXVycyUyMGRlJTIwc3RhZ2UlMjBFcmFzbXVzJTIwZW4lMjBFc3BhZ25lLiUzQyUyRnAlM0UlMEElMjAlMjAlMjAlMjAlM0NhJTIwY2xhc3MlM0QlMjJ2Y19nZW5lcmFsJTIwdmNfYnRuMyUyMHZjX2J0bjMtc2l6ZS1tZCUyMHZjX2J0bjMtc2hhcGUtZGVmYXVsdCUyMHZjX2J0bjMtc3R5bGUtY3VzdG9tJTIwd3BiX2N1c3RvbV82Njg3YjI2ZjM5NDg4ZGRiYjg1ZGRiM2MxY2U4ZTExMSUyMGJ0biUyMiUyMHN0eWxlJTNEJTIyYmFja2dyb3VuZC1jb2xvciUzQSUyM2UyMDAwMCUzQiUyMGNvbG9yJTNBJTIzZmZmZmZmJTNCJTIwYmFja2dyb3VuZC1jb2xvciUzQSUyM2UyMDAwMCUzQiUyMGNvbG9yJTNBJTIzZmZmZmZmJTNCJTIyJTIwaHJlZiUzRCUyMmh0dHBzJTNBJTJGJTJGd3d3LmVzcGFtb2IuY29tJTJGZnIlMkZzZWN0ZXVyLXN0YWdlLWVudHJlcHJpc2UtZXJhc211c3BsdXMlMkYlMjIlMjB0aXRsZSUzRCUyMkZSJTIwU2VjdGV1cnMlMjIlMjB0YXJnZXQlM0QlMjJfYmxhbmslMjIlM0VKZSUyMGQlQzMlQTljb3V2cmUlMjBsZXMlMjBzZWN0ZXVycyUzQyUyRmElM0UlMEElM0MlMkZkaXYlM0U=[\/vc_raw_html][vc_custom_heading text=\u00a0\u00bbD\u00e9couvrez le retour d&rsquo;exp\u00e9rience Erasmus + de participants :\u00a0\u00bb font_container=\u00a0\u00bbtag:h3|text_align:left\u00a0\u00bb use_theme_fonts=\u00a0\u00bbyes\u00a0\u00bb css=\u00a0\u00bb.vc_custom_1693216908231{margin-top: 20px !important;}\u00a0\u00bb][vc_separator][vc_video link=\u00a0\u00bbhttps:\/\/youtu.be\/iAeYxCy66dQ\u00a0\u00bb align=\u00a0\u00bbcenter\u00a0\u00bb][\/vc_column_inner][\/vc_row_inner][\/vc_column][\/vc_row][vc_row full_width=\u00a0\u00bbstretch_row\u00a0\u00bb wrap_container=\u00a0\u00bbyes\u00a0\u00bb is_section=\u00a0\u00bbyes\u00a0\u00bb css=\u00a0\u00bb.vc_custom_1688548809334{margin-top: 20px !important;border-top-width: 0px !important;background-color: #f8f392 !important;}\u00a0\u00bb conditional_render=\u00a0\u00bb%5B%7B%22value_role%22%3A%22administrator%22%7D%5D\u00a0\u00bb][vc_column][vc_row_inner css=\u00a0\u00bb.vc_custom_1688548648248{background-color: #f8f392 !important;}\u00a0\u00bb][vc_column_inner][vc_custom_heading text=\u00a0\u00bbFaire une demande de devis gratuit\u00a0\u00bb font_container=\u00a0\u00bbtag:h2|text_align:center\u00a0\u00bb use_theme_fonts=\u00a0\u00bbyes\u00a0\u00bb][vc_column_text]<\/p>\n<p style=\"text-align: justify;\">Vous avez une id\u00e9e de  projet Erasmus +  en Espagne et vous cherchez un partenaire de confiance pour vous accompagner ? <strong>Espamob\u2019<\/strong> est l\u00e0 pour vous aider ! Nous vous proposons un devis gratuit et sans engagement pour vous aider \u00e0 g\u00e9rer votre projet de mobilit\u00e9. Gr\u00e2ce \u00e0 notre expertise  et \u00e0 notre r\u00e9seau d\u2019entreprises partenaires, nous sommes en mesure de vous offrir un accompagnement personnalis\u00e9 pour r\u00e9pondre \u00e0 vos besoins sp\u00e9cifiques. Contactez-nous d\u00e8s maintenant pour discuter de votre projet et obtenir votre devis gratuit.<\/p>\n<p>[\/vc_column_text]<div id=\"modal-trg-txt-wrap-8952\" class=\"ult-modal-input-wrapper ult-adjust-bottom-margin    \" data-keypress-control=\"keypress-control-enable\" data-overlay-control=\"overlay-control-enable\"><style>\n\t\t\t\t\t.btn-modal.btn-id-69e817e2b0a577-47302744:hover {\n\t\t\t\t\t\tbackground-color: #e20000 !important;\n\t\t\t\t\t}\n\t\t\t\t\t<\/style><button  data-ultimate-target='#modal-trg-txt-wrap-8952 .btn-modal'  data-responsive-json-new='{\"font-size\":\"\",\"line-height\":\"\"}'  style=\"background:#888888;border-color:#888888;color:#ffffff; \" data-class-id=\"content-69e817e2b0a577-47302744\" class=\"btn-modal ult-responsive btn-primary btn-modal-md overlay-show ult-align-center btn-id-69e817e2b0a577-47302744\" data-overlay-class=\"overlay-cornerbottomleft\">DEMANDE DEVIS GRATUIT<\/button><\/div>\n<div class=\"ult-overlay content-69e817e2b0a577-47302744 \" data-class=\"content-69e817e2b0a577-47302744\" id=\"button-click-overlay\" style=\"background:rgba(51,51,51,0.8); display:none;\">\n\t<div class=\"ult_modal ult-fade ult-medium\">\n\t\t<div id=\"ult-modal-wrap-6585\" class=\"ult_modal-content ult-hide\" style=\"border-style:solid;border-width:2px;border-radius:0px;border-color:#333333;\">\n\t\t\t<div class=\"ult_modal-header\" style=\"color:#333333;border-color:#333333;\">\n\t\t\t\t<h3  data-ultimate-target='#ult-modal-wrap-6585 .ult_modal-title'  data-responsive-json-new='{\"font-size\":\"\",\"line-height\":\"\"}'  class=\"ult_modal-title ult-responsive\">Demande devis gratuit<\/h3>\n\t\t\t<\/div>\n\t\t\t<div  data-ultimate-target='#ult-modal-wrap-6585 .ult_modal-body'  data-responsive-json-new='{\"font-size\":\"\",\"line-height\":\"\"}'  class=\"ult_modal-body ult-responsive ult-html\" style=\"\">\n\t\t\t<\/p>\n<p>[caldera_form id=\u00a0\u00bbCF614462cc44616&Prime;]<\/p>\n<p>\n\t\t\t<\/div>\n\t<\/div>\n\t<\/div>\n\t<div class=\"ult-overlay-close top-right\" style=\"width:80px;height:80px; \"><div class=\"ult-overlay-close-inside\">Close<\/div><\/div>\n<\/div>[\/vc_column_inner][\/vc_row_inner][\/vc_column][\/vc_row][vc_row wrap_container=\u00a0\u00bbyes\u00a0\u00bb css=\u00a0\u00bb.vc_custom_1689256499740{margin-top: 15px !important;}\u00a0\u00bb conditional_render=\u00a0\u00bb%5B%7B%22value_role%22%3A%22administrator%22%7D%5D\u00a0\u00bb][vc_column][vc_custom_heading text=\u00a0\u00bbQuestions fr\u00e9quentes\u00a0\u00bb font_container=\u00a0\u00bbtag:h2|text_align:center|color:%23000000&Prime; use_theme_fonts=\u00a0\u00bbyes\u00a0\u00bb][vc_separator][vc_row_inner][vc_column_inner width=\u00a0\u00bb7\/12&Prime;][vc_column_text]<\/p>\n<h3>Quels sont les services propos\u00e9s par Espamob pour la r\u00e9alisation d&rsquo;un stage Erasmus en Espagne ?<\/h3>\n<p>Espamob propose une gestion compl\u00e8te du projet de mobilit\u00e9 Erasmus + en Espagne. Cela inclut l&rsquo;accompagnement dans la cr\u00e9ation du projet, la recherche de financement, l&rsquo;accueil dans les universit\u00e9s et les entreprises partenaires pour les stages, la recherche de logements sur place et la prise en charge des transferts depuis l&rsquo;a\u00e9roport.<\/p>\n<h3>Comment Espamob peut-il aider \u00e0 la recherche de financement pour un stage Erasmus en Espagne ?<\/h3>\n<p>Espamob dispose d&rsquo;une expertise dans la recherche de financement pour les projets de mobilit\u00e9. L&rsquo;agence peut aider les groupes \u00e0 identifier les diff\u00e9rentes sources de financement disponibles, les aider \u00e0 r\u00e9diger leur demande de subvention et les accompagner dans les d\u00e9marches administratives n\u00e9cessaires pour obtenir le financement.<\/p>\n<h3>Quels sont les avantages de faire appel \u00e0 Espamob pour la gestion administrative d&rsquo;un stage Erasmus en Espagne ?<\/h3>\n<p>Faire appel \u00e0 Espamob pour la gestion administrative d&rsquo;un stage Erasmus en Espagne pr\u00e9sente plusieurs avantages. L&rsquo;agence dispose d&rsquo;une connaissance approfondie du programme Erasmus + et des proc\u00e9dures administratives li\u00e9es \u00e0 la mobilit\u00e9. Cela permet aux groupes de gagner du temps et de b\u00e9n\u00e9ficier d&rsquo;un accompagnement personnalis\u00e9 tout au long du processus. De plus, Espamob a d\u00e9j\u00e0 \u00e9tabli des partenariats avec des universit\u00e9s et des entreprises en Espagne, ce qui facilite l&rsquo;organisation des stages et garantit une exp\u00e9rience de qualit\u00e9 pour les participants.<\/p>\n<p>[\/vc_column_text][\/vc_column_inner][vc_column_inner width=\u00a0\u00bb1\/12&Prime;][\/vc_column_inner][vc_column_inner width=\u00a0\u00bb4\/12&Prime;][vc_single_image image=\u00a0\u00bb15074&Prime; img_size=\u00a0\u00bbfull\u00a0\u00bb][vc_column_text]<strong>Renseignez-vous sur les diff\u00e9rentes destinations Erasmus + en Espagne :<\/strong><\/p>\n<ul>\n<li><a href=\"https:\/\/espamob.com\/fr\/secteur-stage-entreprise-erasmusplus\/tertiaire\/stage-erasmus-vente\">Stage Erasmus Vente<\/a><\/li>\n<li><a href=\"https:\/\/espamob.com\/fr\/secteur-stage-entreprise-erasmusplus\/tertiaire\/stage-erasmus-commerce\">Stage Erasmus Commerce<\/a><\/li>\n<li><a href=\"https:\/\/espamob.com\/fr\/secteur-stage-entreprise-erasmusplus\/tertiaire\/stage-erasmus-accueil\">Stage Erasmus Accueil<\/a><\/li>\n<li><a href=\"https:\/\/espamob.com\/fr\/secteur-stage-entreprise-erasmusplus\/tertiaire\/stage-erasmus-marketing\">Stage Erasmus Marketing<\/a><\/li>\n<li><a href=\"https:\/\/espamob.com\/fr\/secteur-stage-entreprise-erasmusplus\/tertiaire\/stage-erasmus-communication\">Stage Erasmus Communication<\/a><\/li>\n<\/ul>\n<p>[\/vc_column_text][\/vc_column_inner][\/vc_row_inner][\/vc_column][\/vc_row]<\/p>\n<\/div>","protected":false},"excerpt":{"rendered":"<p>[vc_row css=\u00a0\u00bb.vc_custom_1703789293459{margin-top: -20px !important;margin-bottom: 40px !important;background-image: url(https:\/\/espamob.com\/wp-content\/uploads\/2023\/12\/Gestion-administrativa.webp?id=22173) !important;}\u00a0\u00bb conditional_render=\u00a0\u00bb%5B%7B%22value_role%22%3A%22administrator%22%7D%5D\u00a0\u00bb][vc_column css=\u00a0\u00bb.vc_custom_1687965657482{padding-top: 30px !important;}\u00a0\u00bb conditional_render=\u00a0\u00bb%5B%7B%22value_role%22%3A%22administrator%22%7D%5D\u00a0\u00bb][vc_empty_space height=\u00a0\u00bb170&Prime;][vc_custom_heading text=\u00a0\u00bbStage Erasmus : Gestion administration\u00a0\u00bb font_container=\u00a0\u00bbtag:h1|font_size:27|text_align:center|color:%23ffffff\u00a0\u00bb use_theme_fonts=\u00a0\u00bbyes\u00a0\u00bb css=\u00a0\u00bb.vc_custom_1703789029102{margin-bottom: 15px !important;background-color: rgba(136,136,136,0.29) !important;*background-color: rgb(136,136,136) !important;}\u00a0\u00bb animation_type=\u00a0\u00bbzoomIn\u00a0\u00bb][vc_empty_space height=\u00a0\u00bb40&Prime;][\/vc_column][\/vc_row][vc_row wrap_container=\u00a0\u00bbyes\u00a0\u00bb text_align=\u00a0\u00bbjustify\u00a0\u00bb][vc_column text_align=\u00a0\u00bbjustify\u00a0\u00bb][vc_column_text] Home Secteurs de stages Tertiaire Stage Erasmus : Gestion administration [\/vc_column_text][vc_custom_heading text=\u00a0\u00bbLe stage Erasmus en gestion administration : une opportunit\u00e9 \u00e0 saisir\u00a0\u00bb<\/p>\n","protected":false},"author":2,"featured_media":0,"parent":11869,"menu_order":0,"comment_status":"closed","ping_status":"closed","template":"","meta":{"footnotes":""},"class_list":["post-18366","page","type-page","status-publish","hentry"],"_links":{"self":[{"href":"https:\/\/espamob.com\/fr\/wp-json\/wp\/v2\/pages\/18366","targetHints":{"allow":["GET"]}}],"collection":[{"href":"https:\/\/espamob.com\/fr\/wp-json\/wp\/v2\/pages"}],"about":[{"href":"https:\/\/espamob.com\/fr\/wp-json\/wp\/v2\/types\/page"}],"author":[{"embeddable":true,"href":"https:\/\/espamob.com\/fr\/wp-json\/wp\/v2\/users\/2"}],"replies":[{"embeddable":true,"href":"https:\/\/espamob.com\/fr\/wp-json\/wp\/v2\/comments?post=18366"}],"version-history":[{"count":0,"href":"https:\/\/espamob.com\/fr\/wp-json\/wp\/v2\/pages\/18366\/revisions"}],"up":[{"embeddable":true,"href":"https:\/\/espamob.com\/fr\/wp-json\/wp\/v2\/pages\/11869"}],"wp:attachment":[{"href":"https:\/\/espamob.com\/fr\/wp-json\/wp\/v2\/media?parent=18366"}],"curies":[{"name":"wp","href":"https:\/\/api.w.org\/{rel}","templated":true}]}}