{"id":18365,"date":"2023-08-08T00:00:00","date_gmt":"2023-08-08T00:00:00","guid":{"rendered":"https:\/\/www.espamob.com\/?page_id=18365"},"modified":"2025-11-03T15:32:59","modified_gmt":"2025-11-03T15:32:59","slug":"stage-erasmus-accueil","status":"publish","type":"page","link":"https:\/\/espamob.com\/fr\/secteur-stage-entreprise-erasmusplus\/tertiaire\/stage-erasmus-accueil\/","title":{"rendered":"Stage Erasmus : Accueil"},"content":{"rendered":"<div class=\"wpb-content-wrapper\"><p>[vc_row css=\u00a0\u00bb.vc_custom_1703789267760{margin-top: -20px !important;margin-bottom: 40px !important;background-image: url(https:\/\/espamob.com\/wp-content\/uploads\/2023\/12\/Recepcion.webp?id=22178) !important;}\u00a0\u00bb conditional_render=\u00a0\u00bb%5B%7B%22value_role%22%3A%22administrator%22%7D%5D\u00a0\u00bb][vc_column css=\u00a0\u00bb.vc_custom_1687965657482{padding-top: 30px !important;}\u00a0\u00bb conditional_render=\u00a0\u00bb%5B%7B%22value_role%22%3A%22administrator%22%7D%5D\u00a0\u00bb][vc_empty_space height=\u00a0\u00bb170&Prime;][vc_custom_heading text=\u00a0\u00bbStage Erasmus : Accueil\u00a0\u00bb font_container=\u00a0\u00bbtag:h1|font_size:27|text_align:center|color:%23ffffff\u00a0\u00bb use_theme_fonts=\u00a0\u00bbyes\u00a0\u00bb css=\u00a0\u00bb.vc_custom_1703789015374{margin-bottom: 15px !important;background-color: rgba(136,136,136,0.29) !important;*background-color: rgb(136,136,136) !important;}\u00a0\u00bb animation_type=\u00a0\u00bbzoomIn\u00a0\u00bb][vc_empty_space height=\u00a0\u00bb40&Prime;][\/vc_column][\/vc_row][vc_row wrap_container=\u00a0\u00bbyes\u00a0\u00bb text_align=\u00a0\u00bbjustify\u00a0\u00bb][vc_column text_align=\u00a0\u00bbjustify\u00a0\u00bb][vc_column_text]<\/p>\n<nav aria-label=\"breadcrumb\">\n<ol class=\"breadcrumb\">\n<li class=\"breadcrumb-item\"><a href=\"https:\/\/espamob.com\/\">Home<\/a><\/li>\n<li class=\"breadcrumb-item\"><a href=\"https:\/\/espamob.com\/fr\/secteur-stage-entreprise-erasmusplus\/\">Secteurs de stages<\/a><\/li>\n<li class=\"breadcrumb-item\"><a href=\"https:\/\/espamob.com\/fr\/secteur-stage-entreprise-erasmusplus\/tertiaire\/\">Tertiaire<\/a><\/li>\n<li class=\"breadcrumb-item active\" aria-current=\"page\">Stage Erasmus : Accueil<\/li>\n<\/ol>\n<\/nav>\n<p>[\/vc_column_text][vc_custom_heading text=\u00a0\u00bbStage Erasmus Accueil&nbsp;: le guide ultime pour une exp\u00e9rience exceptionnelle\u00a0\u00bb use_theme_fonts=\u00a0\u00bbyes\u00a0\u00bb css=\u00a0\u00bb.vc_custom_1687363443929{margin-top: 20px !important;}\u00a0\u00bb][vc_separator][vc_row_inner][vc_column_inner width=\u00a0\u00bb7\/12&Prime;][vc_column_text]<\/p>\n<p>Le <strong>Stage Erasmus Accueil<\/strong> est un excellent moyen pour les \u00e9tudiants d&rsquo;\u00e9largir leurs horizons, d&rsquo;am\u00e9liorer leurs comp\u00e9tences linguistiques et de d\u00e9couvrir de nouvelles cultures. Ce programme offre des possibilit\u00e9s incroyables pour ceux qui souhaitent effectuer un stage \u00e0 l&rsquo;\u00e9tranger. Dans cet article, nous allons explorer les diff\u00e9rentes facettes du Stage Erasmus Accueil, y compris le processus de candidature, les avantages offerts et les astuces pour en tirer le meilleur parti.<\/p>\n<h2>Comprendre le fonctionnement du Stage Erasmus Accueil<\/h2>\n<p>Avant de plonger dans les d\u00e9tails sp\u00e9cifiques du programme, il est essentiel de comprendre ce qu&rsquo;est exactement le Stage Erasmus Accueil. Il s&rsquo;agit d&rsquo;un <strong>programme europ\u00e9en<\/strong> qui vise \u00e0 faciliter la mobilit\u00e9 des \u00e9tudiants au sein de l&rsquo;Union Europ\u00e9enne (UE) et de l&rsquo;Espace \u00e9conomique europ\u00e9en (EEE) en leur offrant la possibilit\u00e9 de r\u00e9aliser un stage dans une entreprise ou une organisation situ\u00e9e dans un autre pays.<\/p>\n<h3>Les objectifs du Stage Erasmus Accueil<\/h3>\n<p>Le programme a plusieurs objectifs principaux :<\/p>\n<ul>\n<li><strong>Favoriser la mobilit\u00e9<\/strong>&nbsp;: Le Stage Erasmus Accueil encourage les \u00e9tudiants \u00e0 voyager et \u00e0 travailler dans d&rsquo;autres pays, ce qui leur permet de d\u00e9couvrir de nouvelles cultures et fa\u00e7ons de vivre.<\/li>\n<li><strong>Am\u00e9liorer les comp\u00e9tences linguistiques<\/strong>&nbsp;: Les \u00e9tudiants ont l&rsquo;occasion d&rsquo;am\u00e9liorer leurs comp\u00e9tences linguistiques en travaillant dans un environnement o\u00f9 une autre langue est parl\u00e9e.<\/li>\n<li><strong>Permettre le d\u00e9veloppement professionnel<\/strong>&nbsp;: Le programme offre aux \u00e9tudiants la possibilit\u00e9 d&rsquo;acqu\u00e9rir de nouvelles comp\u00e9tences et de se familiariser avec un nouveau secteur, ce qui peut les aider \u00e0 progresser dans leur carri\u00e8re future.<\/li>\n<\/ul>\n<h2>Le processus de candidature pour le Stage Erasmus Accueil<\/h2>\n<p>Pour postuler au Stage Erasmus Accueil, vous devez \u00eatre inscrit dans un \u00e9tablissement d&rsquo;enseignement sup\u00e9rieur participant au programme. Voici les \u00e9tapes \u00e0 suivre pour soumettre votre candidature :<\/p>\n<ol>\n<li><strong>Recherchez un stage<\/strong>&nbsp;: Vous devrez d&rsquo;abord trouver une entreprise ou une organisation situ\u00e9e dans l&rsquo;un des pays participants au programme qui propose des stages. Il existe un grand nombre de portails et de plateformes en ligne qui peuvent faciliter cette recherche.<\/li>\n<li><strong>Contactez votre \u00e9tablissement d&rsquo;origine<\/strong>&nbsp;: Une fois que vous avez trouv\u00e9 un stage, parlez-en \u00e0 votre \u00e9tablissement d&rsquo;origine et obtenez leur accord pour participer au programme. Ils pourront vous fournir plus d&rsquo;informations sur le processus de candidature et les documents requis.<\/li>\n<li><strong>Pr\u00e9parez votre dossier de candidature<\/strong>&nbsp;: Votre dossier doit g\u00e9n\u00e9ralement inclure une lettre de motivation, un CV et une copie de votre carte d&rsquo;\u00e9tudiant. Assurez-vous de fournir tous les documents demand\u00e9s et de respecter les d\u00e9lais fix\u00e9s par votre \u00e9tablissement.<\/li>\n<li><strong>Envoyez votre candidature<\/strong>&nbsp;: Une fois que vous avez rassembl\u00e9 tous les documents requis, soumettez votre dossier de candidature \u00e0 votre \u00e9tablissement d&rsquo;origine. Ils examineront votre demande et la transmettront \u00e0 l&rsquo;\u00e9tablissement d&rsquo;accueil si elle est accept\u00e9e.<\/li>\n<\/ol>\n<p>[\/vc_column_text][\/vc_column_inner][vc_column_inner width=\u00a0\u00bb1\/12&Prime;][\/vc_column_inner][vc_column_inner width=\u00a0\u00bb4\/12&Prime;][vc_single_image image=\u00a0\u00bb18093&Prime; img_size=\u00a0\u00bb400*400&Prime; alignment=\u00a0\u00bbright\u00a0\u00bb style=\u00a0\u00bbvc_box_rounded\u00a0\u00bb][vc_btn title=\u00a0\u00bbJe veux en savoir plus\u00a0\u00bb style=\u00a0\u00bbcustom\u00a0\u00bb custom_background=\u00a0\u00bb#e20000&Prime; custom_text=\u00a0\u00bb#ffffff\u00a0\u00bb align=\u00a0\u00bbcenter\u00a0\u00bb link=\u00a0\u00bburl:https%3A%2F%2Fespamob.com%2Ffr%2Fcontact%2F|title:FR%20Secteurs|target:_blank\u00a0\u00bb][vc_video link=\u00a0\u00bbhttps:\/\/youtu.be\/asrbpf8IHe0&Prime; align=\u00a0\u00bbcenter\u00a0\u00bb][\/vc_column_inner][\/vc_row_inner][vc_custom_heading text=\u00a0\u00bbLes avantages du Stage Erasmus Accueil\u00a0\u00bb font_container=\u00a0\u00bbtag:h3|text_align:left\u00a0\u00bb use_theme_fonts=\u00a0\u00bbyes\u00a0\u00bb css=\u00a0\u00bb.vc_custom_1689259044425{margin-top: 20px !important;}\u00a0\u00bb][vc_separator][vc_row_inner][vc_column_inner width=\u00a0\u00bb7\/12&Prime;][vc_column_text]<\/p>\n<p>Participer au Stage Erasmus Accueil peut offrir un certain nombre d&rsquo;avantages pour les \u00e9tudiants :<\/p>\n<ul>\n<li><strong>D\u00e9couverte de nouvelles cultures<\/strong>&nbsp;: En effectuant un stage \u00e0 l&rsquo;\u00e9tranger, vous aurez l&rsquo;occasion de d\u00e9couvrir de nouvelles cultures et traditions, ce qui peut \u00eatre une exp\u00e9rience tr\u00e8s enrichissante sur le plan personnel.<\/li>\n<li><strong>Am\u00e9lioration des comp\u00e9tences linguistiques<\/strong>&nbsp;: Travailler dans un pays o\u00f9 la langue locale est diff\u00e9rente de la v\u00f4tre vous permettra d&rsquo;am\u00e9liorer vos comp\u00e9tences linguistiques. Vous constaterez probablement une am\u00e9lioration significative de votre niveau de ma\u00eetrise apr\u00e8s avoir pass\u00e9 du temps \u00e0 communiquer quotidiennement dans cette nouvelle langue.<\/li>\n<li><strong>Renforcement du r\u00e9seau professionnel<\/strong>&nbsp;: Le Stage Erasmus Accueil vous donne l&rsquo;occasion de rencontrer de nouvelles personnes et de nouer des relations professionnelles avec des individus travaillant dans votre secteur d&rsquo;int\u00e9r\u00eat.<\/li>\n<li><strong>Acquisition de nouvelles comp\u00e9tences<\/strong>&nbsp;: Un stage \u00e0 l&rsquo;\u00e9tranger peut \u00e9galement vous aider \u00e0 d\u00e9velopper de nouvelles comp\u00e9tences et connaissances sp\u00e9cifiques \u00e0 votre domaine d&rsquo;\u00e9tudes, ce qui peut \u00eatre b\u00e9n\u00e9fique pour votre carri\u00e8re future.<\/li>\n<\/ul>\n<h2>Conseils pour r\u00e9ussir son Stage Erasmus Accueil<\/h2>\n<p>Afin de tirer le meilleur parti de votre exp\u00e9rience de Stage Erasmus Accueil, voici quelques conseils utiles :<\/p>\n<ul>\n<li><strong>Pr\u00e9parez-vous \u00e0 l&rsquo;avance<\/strong>&nbsp;: Il est crucial de planifier et de s&rsquo;organiser bien avant le d\u00e9but de votre stage. Cela inclut la recherche d&rsquo;un logement, la pr\u00e9paration des documents n\u00e9cessaires et l&rsquo;\u00e9tablissement d&rsquo;un budget r\u00e9aliste pour couvrir vos d\u00e9penses pendant la dur\u00e9e du stage.<\/li>\n<li><strong>Adaptez-vous \u00e0 la culture locale<\/strong>&nbsp;: Essayez de vous immerger autant que possible dans la culture de votre pays d&rsquo;accueil en participant \u00e0 des \u00e9v\u00e9nements locaux, en go\u00fbtant \u00e0 la cuisine locale et en apprenant les coutumes et traditions. Cela vous aidera \u00e0 mieux comprendre et appr\u00e9cier votre exp\u00e9rience \u00e0 l&rsquo;\u00e9tranger.<\/li>\n<li><strong>Ne n\u00e9gligez pas votre travail<\/strong>&nbsp;: Bien qu&rsquo;il puisse \u00eatre tentant de passer tout votre temps libre \u00e0 explorer votre nouvel environnement, il est important de rester concentr\u00e9 sur votre stage et de donner le meilleur de vous-m\u00eame. Vous tirerez davantage profit de cette exp\u00e9rience si vous \u00eates pleinement investi dans votre travail.<\/li>\n<li><strong>R\u00e9seautez avec d&rsquo;autres \u00e9tudiants<\/strong>&nbsp;: Profitez de cette occasion pour \u00e9largir votre r\u00e9seau professionnel en rencontrant d&rsquo;autres \u00e9tudiants internationaux et en partageant vos exp\u00e9riences. Cela peut \u00e9galement vous aider \u00e0 cr\u00e9er des liens d&rsquo;amiti\u00e9 qui dureront bien apr\u00e8s la fin de votre stage.<\/li>\n<\/ul>\n<p>En somme, le Stage Erasmus Accueil est une opportunit\u00e9 fantastique pour les \u00e9tudiants qui souhaitent \u00e9largir leurs horizons et acqu\u00e9rir de nouvelles comp\u00e9tences tout en d\u00e9couvrant de nouvelles cultures. En suivant les conseils mentionn\u00e9s ci-dessus, vous \u00eates s\u00fbr de vivre une exp\u00e9rience enrichissante et inoubliable lors de votre s\u00e9jour \u00e0 l&rsquo;\u00e9tranger.<\/p>\n<p>[\/vc_column_text][\/vc_column_inner][vc_column_inner width=\u00a0\u00bb1\/12&Prime;][\/vc_column_inner][vc_column_inner width=\u00a0\u00bb4\/12&Prime;][vc_raw_html]JTNDZGl2JTIwc3R5bGUlM0QlMjJwYWRkaW5nJTNBJTIwMzBweCUzQmJhY2tncm91bmQtY29sb3IlM0ElMjAlMjNGNEY0RjQlM0IlMjIlM0UlMEElMjAlMjAlMjAlMjAlM0NoNCUzRUQlQzMlQTljb3V2cmV6JTIwdG91cyUyMGxlcyUyMHNlY3RldXJzJTIwZGUlMjBzdGFnZXMlM0MlMkZoNCUzRSUwQSUyMCUyMCUyMCUyMCUzQ3AlM0VFc3BhbW9iJTIwZXN0JTIwc3AlQzMlQTljaWFsaXN0ZSUyMGRhbnMlMjBsJUUyJTgwJTk5YWNjb21wYWduZW1lbnQlMjBkZSUyMGdyb3VwZSUyMGRhbnMlMjBsZXVyJTIwbW9iaWxpdCVDMyVBOSUyMEVyYXNtdXMlMjAlMkIuJTIwRCVDMyVBOWNvdXZyZXolMjBlbiUyMHF1ZWxxdWVzJTIwY2xpcyUyMHRvdXMlMjBsZXMlMjBzZWN0ZXVycyUyMGRlJTIwc3RhZ2UlMjBFcmFzbXVzJTIwZW4lMjBFc3BhZ25lLiUzQyUyRnAlM0UlMEElMjAlMjAlMjAlMjAlM0NhJTIwY2xhc3MlM0QlMjJ2Y19nZW5lcmFsJTIwdmNfYnRuMyUyMHZjX2J0bjMtc2l6ZS1tZCUyMHZjX2J0bjMtc2hhcGUtZGVmYXVsdCUyMHZjX2J0bjMtc3R5bGUtY3VzdG9tJTIwd3BiX2N1c3RvbV82Njg3YjI2ZjM5NDg4ZGRiYjg1ZGRiM2MxY2U4ZTExMSUyMGJ0biUyMiUyMHN0eWxlJTNEJTIyYmFja2dyb3VuZC1jb2xvciUzQSUyM2UyMDAwMCUzQiUyMGNvbG9yJTNBJTIzZmZmZmZmJTNCJTIwYmFja2dyb3VuZC1jb2xvciUzQSUyM2UyMDAwMCUzQiUyMGNvbG9yJTNBJTIzZmZmZmZmJTNCJTIyJTIwaHJlZiUzRCUyMmh0dHBzJTNBJTJGJTJGd3d3LmVzcGFtb2IuY29tJTJGZnIlMkZzZWN0ZXVyLXN0YWdlLWVudHJlcHJpc2UtZXJhc211c3BsdXMlMkYlMjIlMjB0aXRsZSUzRCUyMkZSJTIwU2VjdGV1cnMlMjIlMjB0YXJnZXQlM0QlMjJfYmxhbmslMjIlM0VKZSUyMGQlQzMlQTljb3V2cmUlMjBsZXMlMjBzZWN0ZXVycyUzQyUyRmElM0UlMEElM0MlMkZkaXYlM0U=[\/vc_raw_html][vc_custom_heading text=\u00a0\u00bbD\u00e9couvrez le retour d&rsquo;exp\u00e9rience Erasmus + de participants :\u00a0\u00bb font_container=\u00a0\u00bbtag:h3|text_align:left\u00a0\u00bb use_theme_fonts=\u00a0\u00bbyes\u00a0\u00bb css=\u00a0\u00bb.vc_custom_1693216908231{margin-top: 20px !important;}\u00a0\u00bb][vc_separator][vc_video link=\u00a0\u00bbhttps:\/\/www.youtube.com\/watch?v=pnfhdKsvhkM\u00a0\u00bb align=\u00a0\u00bbcenter\u00a0\u00bb][\/vc_column_inner][\/vc_row_inner][\/vc_column][\/vc_row][vc_row][vc_column][vc_column_text]<\/p>\n<p>[\/vc_column_text][\/vc_column][\/vc_row][vc_row full_width=\u00a0\u00bbstretch_row\u00a0\u00bb wrap_container=\u00a0\u00bbyes\u00a0\u00bb is_section=\u00a0\u00bbyes\u00a0\u00bb css=\u00a0\u00bb.vc_custom_1688548809334{margin-top: 20px !important;border-top-width: 0px !important;background-color: #f8f392 !important;}\u00a0\u00bb conditional_render=\u00a0\u00bb%5B%7B%22value_role%22%3A%22administrator%22%7D%5D\u00a0\u00bb][vc_column][vc_row_inner css=\u00a0\u00bb.vc_custom_1688548648248{background-color: #f8f392 !important;}\u00a0\u00bb][vc_column_inner][vc_custom_heading text=\u00a0\u00bbFaire une demande de devis gratuit\u00a0\u00bb font_container=\u00a0\u00bbtag:h2|text_align:center\u00a0\u00bb use_theme_fonts=\u00a0\u00bbyes\u00a0\u00bb][vc_column_text]<\/p>\n<p style=\"text-align: justify;\">Vous avez une id\u00e9e de  projet Erasmus +  en Espagne et vous cherchez un partenaire de confiance pour vous accompagner ? <strong>Espamob\u2019<\/strong> est l\u00e0 pour vous aider ! Nous vous proposons un devis gratuit et sans engagement pour vous aider \u00e0 g\u00e9rer votre projet de mobilit\u00e9. Gr\u00e2ce \u00e0 notre expertise  et \u00e0 notre r\u00e9seau d\u2019entreprises partenaires, nous sommes en mesure de vous offrir un accompagnement personnalis\u00e9 pour r\u00e9pondre \u00e0 vos besoins sp\u00e9cifiques. Contactez-nous d\u00e8s maintenant pour discuter de votre projet et obtenir votre devis gratuit.<\/p>\n<p>[\/vc_column_text]<div id=\"modal-trg-txt-wrap-3308\" class=\"ult-modal-input-wrapper ult-adjust-bottom-margin    \" data-keypress-control=\"keypress-control-enable\" data-overlay-control=\"overlay-control-enable\"><style>\n\t\t\t\t\t.btn-modal.btn-id-69e81912198712-11409388:hover {\n\t\t\t\t\t\tbackground-color: #e20000 !important;\n\t\t\t\t\t}\n\t\t\t\t\t<\/style><button  data-ultimate-target='#modal-trg-txt-wrap-3308 .btn-modal'  data-responsive-json-new='{\"font-size\":\"\",\"line-height\":\"\"}'  style=\"background:#888888;border-color:#888888;color:#ffffff; \" data-class-id=\"content-69e81912198712-11409388\" class=\"btn-modal ult-responsive btn-primary btn-modal-md overlay-show ult-align-center btn-id-69e81912198712-11409388\" data-overlay-class=\"overlay-cornerbottomleft\">DEMANDE DEVIS GRATUIT<\/button><\/div>\n<div class=\"ult-overlay content-69e81912198712-11409388 \" data-class=\"content-69e81912198712-11409388\" id=\"button-click-overlay\" style=\"background:rgba(51,51,51,0.8); display:none;\">\n\t<div class=\"ult_modal ult-fade ult-medium\">\n\t\t<div id=\"ult-modal-wrap-2056\" class=\"ult_modal-content ult-hide\" style=\"border-style:solid;border-width:2px;border-radius:0px;border-color:#333333;\">\n\t\t\t<div class=\"ult_modal-header\" style=\"color:#333333;border-color:#333333;\">\n\t\t\t\t<h3  data-ultimate-target='#ult-modal-wrap-2056 .ult_modal-title'  data-responsive-json-new='{\"font-size\":\"\",\"line-height\":\"\"}'  class=\"ult_modal-title ult-responsive\">Demande devis gratuit<\/h3>\n\t\t\t<\/div>\n\t\t\t<div  data-ultimate-target='#ult-modal-wrap-2056 .ult_modal-body'  data-responsive-json-new='{\"font-size\":\"\",\"line-height\":\"\"}'  class=\"ult_modal-body ult-responsive ult-html\" style=\"\">\n\t\t\t<\/p>\n<p>[caldera_form id=\u00a0\u00bbCF614462cc44616&Prime;]<\/p>\n<p>\n\t\t\t<\/div>\n\t<\/div>\n\t<\/div>\n\t<div class=\"ult-overlay-close top-right\" style=\"width:80px;height:80px; \"><div class=\"ult-overlay-close-inside\">Close<\/div><\/div>\n<\/div>[\/vc_column_inner][\/vc_row_inner][\/vc_column][\/vc_row][vc_row wrap_container=\u00a0\u00bbyes\u00a0\u00bb css=\u00a0\u00bb.vc_custom_1689256499740{margin-top: 15px !important;}\u00a0\u00bb conditional_render=\u00a0\u00bb%5B%7B%22value_role%22%3A%22administrator%22%7D%5D\u00a0\u00bb][vc_column][vc_custom_heading text=\u00a0\u00bbQuestions fr\u00e9quentes\u00a0\u00bb font_container=\u00a0\u00bbtag:h2|text_align:center|color:%23000000&Prime; use_theme_fonts=\u00a0\u00bbyes\u00a0\u00bb][vc_separator][vc_row_inner][vc_column_inner width=\u00a0\u00bb7\/12&Prime;][vc_column_text]<\/p>\n<h3>Quels services propose Espamob pour les groupes souhaitant r\u00e9aliser un stage Erasmus en Espagne ?<\/h3>\n<p>Espamob propose une gamme compl\u00e8te de services pour accompagner les groupes dans leur projet de stage Erasmus en Espagne. Cela inclut la cr\u00e9ation du projet, la recherche de financement, l&rsquo;accueil dans les universit\u00e9s et les entreprises partenaires, la recherche de logements sur place et la prise en charge des transferts depuis l&rsquo;a\u00e9roport.<\/p>\n<h3>Comment Espamob aide-t-il les groupes \u00e0 trouver des financements pour leur stage Erasmus en Espagne ?<\/h3>\n<p>Espamob dispose d&rsquo;une expertise dans la recherche de financements pour les projets de mobilit\u00e9 Erasmus. L&rsquo;agence guide les groupes dans les d\u00e9marches administratives, les aide \u00e0 r\u00e9diger leur demande de financement et les oriente vers les sources de financement les plus appropri\u00e9es, telles que les bourses Erasmus+ ou d&rsquo;autres programmes de soutien aux mobilit\u00e9s internationales.<\/p>\n<h3>Quels sont les avantages de choisir Espamob pour l&rsquo;accueil dans les universit\u00e9s et les entreprises partenaires en Espagne ?<\/h3>\n<p>Espamob poss\u00e8de un r\u00e9seau de partenaires solide en Espagne, comprenant des universit\u00e9s et des entreprises pr\u00eates \u00e0 accueillir des stagiaires Erasmus. L&rsquo;agence s&rsquo;assure que les groupes sont plac\u00e9s dans des environnements adapt\u00e9s \u00e0 leur domaine d&rsquo;\u00e9tudes ou \u00e0 leur projet professionnel. Cela permet aux participants de b\u00e9n\u00e9ficier d&rsquo;une exp\u00e9rience enrichissante et de mettre en pratique leurs comp\u00e9tences dans un contexte international.<\/p>\n<p>[\/vc_column_text][\/vc_column_inner][vc_column_inner width=\u00a0\u00bb1\/12&Prime;][\/vc_column_inner][vc_column_inner width=\u00a0\u00bb4\/12&Prime;][vc_single_image image=\u00a0\u00bb15074&Prime; img_size=\u00a0\u00bbfull\u00a0\u00bb][vc_column_text]<strong>Renseignez-vous sur les diff\u00e9rentes destinations Erasmus + en Espagne :<\/strong><\/p>\n<ul>\n<li><a href=\"https:\/\/espamob.com\/fr\/secteur-stage-entreprise-erasmusplus\/tertiaire\/stage-erasmus-vente\">Stage Erasmus Vente<\/a><\/li>\n<li><a href=\"https:\/\/espamob.com\/fr\/secteur-stage-entreprise-erasmusplus\/tertiaire\/stage-erasmus-commerce\">Stage Erasmus Commerce<\/a><\/li>\n<li><a href=\"https:\/\/espamob.com\/fr\/secteur-stage-entreprise-erasmusplus\/tertiaire\/stage-erasmus-gestion-administration\">Stage Erasmus Gestion administration<\/a><\/li>\n<li><a href=\"https:\/\/espamob.com\/fr\/secteur-stage-entreprise-erasmusplus\/tertiaire\/stage-erasmus-marketing\">Stage Erasmus Marketing<\/a><\/li>\n<li><a href=\"https:\/\/espamob.com\/fr\/secteur-stage-entreprise-erasmusplus\/tertiaire\/stage-erasmus-communication\">Stage Erasmus Communication<\/a><\/li>\n<\/ul>\n<p>[\/vc_column_text][\/vc_column_inner][\/vc_row_inner][\/vc_column][\/vc_row]<\/p>\n<\/div>","protected":false},"excerpt":{"rendered":"<p>[vc_row css=\u00a0\u00bb.vc_custom_1703789267760{margin-top: -20px !important;margin-bottom: 40px !important;background-image: url(https:\/\/espamob.com\/wp-content\/uploads\/2023\/12\/Recepcion.webp?id=22178) !important;}\u00a0\u00bb conditional_render=\u00a0\u00bb%5B%7B%22value_role%22%3A%22administrator%22%7D%5D\u00a0\u00bb][vc_column css=\u00a0\u00bb.vc_custom_1687965657482{padding-top: 30px !important;}\u00a0\u00bb conditional_render=\u00a0\u00bb%5B%7B%22value_role%22%3A%22administrator%22%7D%5D\u00a0\u00bb][vc_empty_space height=\u00a0\u00bb170&Prime;][vc_custom_heading text=\u00a0\u00bbStage Erasmus : Accueil\u00a0\u00bb font_container=\u00a0\u00bbtag:h1|font_size:27|text_align:center|color:%23ffffff\u00a0\u00bb use_theme_fonts=\u00a0\u00bbyes\u00a0\u00bb css=\u00a0\u00bb.vc_custom_1703789015374{margin-bottom: 15px !important;background-color: rgba(136,136,136,0.29) !important;*background-color: rgb(136,136,136) !important;}\u00a0\u00bb animation_type=\u00a0\u00bbzoomIn\u00a0\u00bb][vc_empty_space height=\u00a0\u00bb40&Prime;][\/vc_column][\/vc_row][vc_row wrap_container=\u00a0\u00bbyes\u00a0\u00bb text_align=\u00a0\u00bbjustify\u00a0\u00bb][vc_column text_align=\u00a0\u00bbjustify\u00a0\u00bb][vc_column_text] Home Secteurs de stages Tertiaire Stage Erasmus : Accueil [\/vc_column_text][vc_custom_heading text=\u00a0\u00bbStage Erasmus Accueil&nbsp;: le guide ultime pour une exp\u00e9rience exceptionnelle\u00a0\u00bb use_theme_fonts=\u00a0\u00bbyes\u00a0\u00bb css=\u00a0\u00bb.vc_custom_1687363443929{margin-top: 20px<\/p>\n","protected":false},"author":2,"featured_media":0,"parent":11869,"menu_order":0,"comment_status":"closed","ping_status":"closed","template":"","meta":{"footnotes":""},"class_list":["post-18365","page","type-page","status-publish","hentry"],"_links":{"self":[{"href":"https:\/\/espamob.com\/fr\/wp-json\/wp\/v2\/pages\/18365","targetHints":{"allow":["GET"]}}],"collection":[{"href":"https:\/\/espamob.com\/fr\/wp-json\/wp\/v2\/pages"}],"about":[{"href":"https:\/\/espamob.com\/fr\/wp-json\/wp\/v2\/types\/page"}],"author":[{"embeddable":true,"href":"https:\/\/espamob.com\/fr\/wp-json\/wp\/v2\/users\/2"}],"replies":[{"embeddable":true,"href":"https:\/\/espamob.com\/fr\/wp-json\/wp\/v2\/comments?post=18365"}],"version-history":[{"count":0,"href":"https:\/\/espamob.com\/fr\/wp-json\/wp\/v2\/pages\/18365\/revisions"}],"up":[{"embeddable":true,"href":"https:\/\/espamob.com\/fr\/wp-json\/wp\/v2\/pages\/11869"}],"wp:attachment":[{"href":"https:\/\/espamob.com\/fr\/wp-json\/wp\/v2\/media?parent=18365"}],"curies":[{"name":"wp","href":"https:\/\/api.w.org\/{rel}","templated":true}]}}