{"id":18356,"date":"2023-08-04T00:00:00","date_gmt":"2023-08-04T00:00:00","guid":{"rendered":"https:\/\/www.espamob.com\/secteur-stage-entreprise-erasmusplus\/metiers-bouche\/stage-erasmus-sommelier\/"},"modified":"2023-12-24T10:24:00","modified_gmt":"2023-12-24T10:24:00","slug":"stage-erasmus-sommelier","status":"publish","type":"page","link":"https:\/\/espamob.com\/fr\/secteur-stage-entreprise-erasmusplus\/metiers-bouche\/stage-erasmus-sommelier\/","title":{"rendered":"Stage Erasmus : Sommelier"},"content":{"rendered":"<div class=\"wpb-content-wrapper\"><p>[vc_row css=\u00a0\u00bb.vc_custom_1703413435645{margin-top: -20px !important;margin-bottom: 40px !important;background-image: url(https:\/\/espamob.com\/wp-content\/uploads\/2023\/12\/Camarero-de-vinos-Bodeguero.webp?id=22086) !important;}\u00a0\u00bb conditional_render=\u00a0\u00bb%5B%7B%22value_role%22%3A%22administrator%22%7D%5D\u00a0\u00bb][vc_column css=\u00a0\u00bb.vc_custom_1687965657482{padding-top: 30px !important;}\u00a0\u00bb conditional_render=\u00a0\u00bb%5B%7B%22value_role%22%3A%22administrator%22%7D%5D\u00a0\u00bb][vc_empty_space height=\u00a0\u00bb170&Prime;][vc_custom_heading text=\u00a0\u00bbStage Erasmus : Sommelier\u00a0\u00bb font_container=\u00a0\u00bbtag:h1|font_size:27|text_align:center|color:%23ffffff\u00a0\u00bb use_theme_fonts=\u00a0\u00bbyes\u00a0\u00bb css=\u00a0\u00bb.vc_custom_1702413342185{margin-bottom: 15px !important;background-color: rgba(136,136,136,0.29) !important;*background-color: rgb(136,136,136) !important;}\u00a0\u00bb animation_type=\u00a0\u00bbzoomIn\u00a0\u00bb][vc_empty_space height=\u00a0\u00bb40&Prime;][\/vc_column][\/vc_row][vc_row wrap_container=\u00a0\u00bbyes\u00a0\u00bb text_align=\u00a0\u00bbjustify\u00a0\u00bb][vc_column text_align=\u00a0\u00bbjustify\u00a0\u00bb][vc_column_text]<\/p>\n<nav aria-label=\"breadcrumb\">\n<ol class=\"breadcrumb\">\n<li class=\"breadcrumb-item\"><a href=\"https:\/\/espamob.com\/\">Home<\/a><\/li>\n<li class=\"breadcrumb-item\"><a href=\"https:\/\/espamob.com\/fr\/secteur-stage-entreprise-erasmusplus\/\">Secteurs de stages<\/a><\/li>\n<li class=\"breadcrumb-item\"><a href=\"https:\/\/espamob.com\/fr\/secteur-stage-entreprise-erasmusplus\/metiers-bouche\/\">M\u00e9tiers de la bouche<\/a><\/li>\n<li class=\"breadcrumb-item active\" aria-current=\"page\">Stage Erasmus : Sommelier<\/li>\n<\/ol>\n<\/nav>\n<p>[\/vc_column_text][vc_custom_heading text=\u00a0\u00bbLe stage Erasmus Sommelier : une exp\u00e9rience unique pour les futurs professionnels du vin\u00a0\u00bb use_theme_fonts=\u00a0\u00bbyes\u00a0\u00bb css=\u00a0\u00bb.vc_custom_1687363443929{margin-top: 20px !important;}\u00a0\u00bb][vc_separator][vc_row_inner][vc_column_inner width=\u00a0\u00bb7\/12&Prime;][vc_column_text]<\/p>\n<p>Le <strong>stage Erasmus Sommelier<\/strong> fait partie des opportunit\u00e9s propos\u00e9es par le programme Erasmus+ pour permettre aux \u00e9tudiants et jeunes professionnels d&rsquo;acqu\u00e9rir une exp\u00e9rience internationale dans le domaine de la sommellerie. Cette formation offre non seulement l&rsquo;occasion d&rsquo;apprendre et de se perfectionner aupr\u00e8s de professionnels reconnus, mais \u00e9galement de d\u00e9couvrir de nouvelles cultures et de nouer des contacts pr\u00e9cieux pour son futur parcours professionnel.<\/p>\n<h2>L&rsquo;essence du stage Erasmus Sommelier<\/h2>\n<p>Le stage Erasmus Sommelier s&rsquo;adresse ainsi aux personnes suivant une <strong>formation en sommellerie, \u0153nologie ou restauration<\/strong>, souhaitant \u00e9toffer leurs comp\u00e9tences et acqu\u00e9rir une exp\u00e9rience professionnelle \u00e0 l&rsquo;\u00e9tranger. Gr\u00e2ce au programme Erasmus+, les participants b\u00e9n\u00e9ficient d&rsquo;une bourse qui leur permet de financer leur s\u00e9jour et de profiter pleinement de leur immersion dans un autre pays europ\u00e9en.<\/p>\n<h3>Les objectifs du stage<\/h3>\n<p>Le but principal du stage Erasmus Sommelier est de permettre aux stagiaires de d\u00e9velopper et approfondir leurs connaissances dans le domaine de la sommellerie, tout en d\u00e9couvrant les sp\u00e9cificit\u00e9s viticoles et culturelles du pays d&rsquo;accueil. Au-del\u00e0 des comp\u00e9tences techniques li\u00e9es \u00e0 la d\u00e9gustation, la s\u00e9lection et le service des vins, les participants seront amen\u00e9s \u00e0 \u00e9voluer dans un environnement multiculturel et \u00e0 travailler avec des coll\u00e8gues de nationalit\u00e9s diverses.<\/p>\n<h3>Les avantages pour les stagiaires<\/h3>\n<p>Outre l&rsquo;acquisition de comp\u00e9tences professionnelles en sommellerie, le stage Erasmus Sommelier offre plusieurs avantages aux participants :<\/p>\n<ul>\n<li><strong>D\u00e9couverte d&rsquo;une nouvelle culture<\/strong> : vivre et travailler dans un autre pays permet de s&rsquo;ouvrir \u00e0 de nouvelles traditions, coutumes et mentalit\u00e9s. C&rsquo;est une exp\u00e9rience enrichissante sur le plan personnel et professionnel.<\/li>\n<li><strong>Am\u00e9lioration des comp\u00e9tences linguistiques<\/strong> : la pratique quotidienne d&rsquo;une langue \u00e9trang\u00e8re durant le stage est essentielle pour d\u00e9velopper sa ma\u00eetrise orale et \u00e9crite, ainsi que sa compr\u00e9hension interculturelle.<\/li>\n<li><strong>Renforcement du r\u00e9seau professionnel<\/strong> : en travaillant avec des coll\u00e8gues et partenaires internationaux, les stagiaires ont l&rsquo;occasion de tisser des liens et de se cr\u00e9er un pr\u00e9cieux carnet d&rsquo;adresses pour leur future carri\u00e8re.<\/li>\n<\/ul>\n<h2>Trouver le stage Erasmus Sommelier adapt\u00e9 \u00e0 ses besoins<\/h2>\n<p>Pour profiter pleinement de cette opportunit\u00e9 unique, il convient de bien choisir son stage Erasmus Sommelier en fonction de ses attentes et objectifs professionnels. Voici quelques conseils pour trouver le stage qui vous conviendra le mieux :<\/p>\n<h3>Se renseigner sur les possibilit\u00e9s offertes par son \u00e9tablissement<\/h3>\n<p>La premi\u00e8re \u00e9tape consiste \u00e0 consulter votre \u00e9tablissement de formation (\u00e9cole de sommellerie, universit\u00e9, etc.) pour conna\u00eetre les partenariats et sp\u00e9cialisations propos\u00e9s dans le cadre du programme Erasmus+. Certains \u00e9tablissements sont en effet plus ax\u00e9s sur la formation de sommeliers \u0153uvrant dans le secteur de la restauration, tandis que d&rsquo;autres se concentrent davantage sur le commerce ou la production viticole.<\/p>\n<h3>Rechercher des stages parmi les entreprises partenaires<\/h3>\n<p>Le programme Erasmus+ collabore avec une multitude <strong>d&rsquo;entreprises partenaires<\/strong>, allant des grands noms du vin aux petites exploitations familiales. N&rsquo;h\u00e9sitez pas \u00e0 effectuer des recherches sur leurs sites internet ou sur les r\u00e9seaux sociaux pour rep\u00e9rer celles qui correspondent le mieux \u00e0 vos aspirations professionnelles et personnelles.<\/p>\n<h3>Prendre contact avec des anciens participants<\/h3>\n<p>Pour obtenir un retour d&rsquo;exp\u00e9rience concret et des conseils avis\u00e9s, rien de tel que de discuter avec des personnes ayant d\u00e9j\u00e0 suivi un stage Erasmus Sommelier. Ils pourront vous fournir des indications pr\u00e9cieuses sur la qualit\u00e9 de l&rsquo;accueil, les conditions de travail, les opportunit\u00e9s d&rsquo;apprentissage et les d\u00e9fis rencontr\u00e9s durant leur s\u00e9jour.<\/p>\n<p>[\/vc_column_text][\/vc_column_inner][vc_column_inner width=\u00a0\u00bb1\/12&Prime;][\/vc_column_inner][vc_column_inner width=\u00a0\u00bb4\/12&Prime;][vc_single_image image=\u00a0\u00bb18323&Prime; img_size=\u00a0\u00bb400*400&Prime; alignment=\u00a0\u00bbright\u00a0\u00bb style=\u00a0\u00bbvc_box_rounded\u00a0\u00bb][vc_btn title=\u00a0\u00bbJe veux en savoir plus\u00a0\u00bb style=\u00a0\u00bbcustom\u00a0\u00bb custom_background=\u00a0\u00bb#e20000&Prime; custom_text=\u00a0\u00bb#ffffff\u00a0\u00bb align=\u00a0\u00bbcenter\u00a0\u00bb link=\u00a0\u00bburl:https%3A%2F%2Fespamob.com%2Ffr%2Fcontact%2F|title:FR%20Secteurs|target:_blank\u00a0\u00bb][\/vc_column_inner][\/vc_row_inner][vc_custom_heading text=\u00a0\u00bbPr\u00e9parer son d\u00e9part pour le stage Erasmus Sommelier\u00a0\u00bb font_container=\u00a0\u00bbtag:h3|text_align:left\u00a0\u00bb use_theme_fonts=\u00a0\u00bbyes\u00a0\u00bb css=\u00a0\u00bb.vc_custom_1689259044425{margin-top: 20px !important;}\u00a0\u00bb][vc_separator][vc_row_inner][vc_column_inner width=\u00a0\u00bb7\/12&Prime;][vc_column_text]<\/p>\n<p>Une fois que vous aurez choisi votre destination et obtenu confirmation de votre affectation, il est important de bien pr\u00e9parer votre s\u00e9jour pour profiter pleinement de cette exp\u00e9rience. Voici quelques \u00e9tapes cl\u00e9s \u00e0 ne pas n\u00e9gliger :<\/p>\n<ol>\n<li><strong>Rassembler les documents n\u00e9cessaires<\/strong> : pensez \u00e0 demander un passeport ou une carte d&rsquo;identit\u00e9 en cours de validit\u00e9, ainsi qu&rsquo;\u00e0 effectuer les d\u00e9marches administratives li\u00e9es au programme Erasmus+ (contrat de stage, convention de bourse, etc.).<\/li>\n<li><strong>S&rsquo;organiser pour le logement et les transports<\/strong> : renseignez-vous sur les possibilit\u00e9s de logement dans la ville de votre stage et faites vos r\u00e9servations \u00e0 l&rsquo;avance. Pensez \u00e9galement \u00e0 v\u00e9rifier les modalit\u00e9s de transport pour vous rendre sur place et circuler durant votre s\u00e9jour.<\/li>\n<li><strong>Se familiariser avec la langue et la culture du pays d&rsquo;accueil<\/strong> : pour faciliter votre int\u00e9gration, il est conseill\u00e9 de s&rsquo;initier aux bases de la langue locale et de se renseigner sur les sp\u00e9cificit\u00e9s culturelles (codes sociaux, traditions culinaires, etc.).<\/li>\n<li><strong>Anticiper les aspects financiers<\/strong> : bien que la bourse Erasmus+ couvre une partie des frais li\u00e9s \u00e0 votre stage, n&rsquo;oubliez pas de pr\u00e9voir un budget pour couvrir vos d\u00e9penses personnelles (nourriture, loisirs, etc.). Il est \u00e9galement judicieux de souscrire \u00e0 une assurance sant\u00e9 adapt\u00e9e \u00e0 votre situation.<\/li>\n<\/ol>\n<p>En somme, le stage Erasmus Sommelier repr\u00e9sente une formidable occasion de d\u00e9velopper ses comp\u00e9tences professionnelles tout en vivant une exp\u00e9rience enrichissante sur le plan personnel. Avec une bonne pr\u00e9paration et un choix adapt\u00e9 \u00e0 vos aspirations, cette aventure internationale sera sans aucun doute b\u00e9n\u00e9fique pour votre carri\u00e8re future.<\/p>\n<p>[\/vc_column_text][\/vc_column_inner][vc_column_inner width=\u00a0\u00bb1\/12&Prime;][\/vc_column_inner][vc_column_inner width=\u00a0\u00bb4\/12&Prime;][vc_raw_html]JTNDZGl2JTIwc3R5bGUlM0QlMjJwYWRkaW5nJTNBJTIwMzBweCUzQmJhY2tncm91bmQtY29sb3IlM0ElMjAlMjNGNEY0RjQlM0IlMjIlM0UlMEElMjAlMjAlMjAlMjAlM0NoNCUzRUQlQzMlQTljb3V2cmV6JTIwdG91cyUyMGxlcyUyMHNlY3RldXJzJTIwZGUlMjBzdGFnZXMlM0MlMkZoNCUzRSUwQSUyMCUyMCUyMCUyMCUzQ3AlM0VFc3BhbW9iJTIwZXN0JTIwc3AlQzMlQTljaWFsaXN0ZSUyMGRhbnMlMjBsJUUyJTgwJTk5YWNjb21wYWduZW1lbnQlMjBkZSUyMGdyb3VwZSUyMGRhbnMlMjBsZXVyJTIwbW9iaWxpdCVDMyVBOSUyMEVyYXNtdXMlMjAlMkIuJTIwRCVDMyVBOWNvdXZyZXolMjBlbiUyMHF1ZWxxdWVzJTIwY2xpcyUyMHRvdXMlMjBsZXMlMjBzZWN0ZXVycyUyMGRlJTIwc3RhZ2UlMjBFcmFzbXVzJTIwZW4lMjBFc3BhZ25lLiUzQyUyRnAlM0UlMEElMjAlMjAlMjAlMjAlM0NhJTIwY2xhc3MlM0QlMjJ2Y19nZW5lcmFsJTIwdmNfYnRuMyUyMHZjX2J0bjMtc2l6ZS1tZCUyMHZjX2J0bjMtc2hhcGUtZGVmYXVsdCUyMHZjX2J0bjMtc3R5bGUtY3VzdG9tJTIwd3BiX2N1c3RvbV82Njg3YjI2ZjM5NDg4ZGRiYjg1ZGRiM2MxY2U4ZTExMSUyMGJ0biUyMiUyMHN0eWxlJTNEJTIyYmFja2dyb3VuZC1jb2xvciUzQSUyM2UyMDAwMCUzQiUyMGNvbG9yJTNBJTIzZmZmZmZmJTNCJTIwYmFja2dyb3VuZC1jb2xvciUzQSUyM2UyMDAwMCUzQiUyMGNvbG9yJTNBJTIzZmZmZmZmJTNCJTIyJTIwaHJlZiUzRCUyMmh0dHBzJTNBJTJGJTJGd3d3LmVzcGFtb2IuY29tJTJGZnIlMkZzZWN0ZXVyLXN0YWdlLWVudHJlcHJpc2UtZXJhc211c3BsdXMlMkYlMjIlMjB0aXRsZSUzRCUyMkZSJTIwU2VjdGV1cnMlMjIlMjB0YXJnZXQlM0QlMjJfYmxhbmslMjIlM0VKZSUyMGQlQzMlQTljb3V2cmUlMjBsZXMlMjBzZWN0ZXVycyUzQyUyRmElM0UlMEElM0MlMkZkaXYlM0U=[\/vc_raw_html][vc_custom_heading text=\u00a0\u00bbD\u00e9couvrez le retour d&rsquo;exp\u00e9rience Erasmus + de participants :\u00a0\u00bb font_container=\u00a0\u00bbtag:h3|text_align:left\u00a0\u00bb use_theme_fonts=\u00a0\u00bbyes\u00a0\u00bb css=\u00a0\u00bb.vc_custom_1693216908231{margin-top: 20px !important;}\u00a0\u00bb][vc_separator][vc_video link=\u00a0\u00bbhttps:\/\/youtu.be\/UaZKB-VQQOw\u00a0\u00bb align=\u00a0\u00bbcenter\u00a0\u00bb][\/vc_column_inner][\/vc_row_inner][\/vc_column][\/vc_row][vc_row][vc_column][vc_column_text]<\/p>\n<p>[\/vc_column_text][\/vc_column][\/vc_row][vc_row full_width=\u00a0\u00bbstretch_row\u00a0\u00bb wrap_container=\u00a0\u00bbyes\u00a0\u00bb is_section=\u00a0\u00bbyes\u00a0\u00bb css=\u00a0\u00bb.vc_custom_1688548809334{margin-top: 20px !important;border-top-width: 0px !important;background-color: #f8f392 !important;}\u00a0\u00bb conditional_render=\u00a0\u00bb%5B%7B%22value_role%22%3A%22administrator%22%7D%5D\u00a0\u00bb][vc_column][vc_row_inner css=\u00a0\u00bb.vc_custom_1688548648248{background-color: #f8f392 !important;}\u00a0\u00bb][vc_column_inner][vc_custom_heading text=\u00a0\u00bbFaire une demande de devis gratuit\u00a0\u00bb font_container=\u00a0\u00bbtag:h2|text_align:center\u00a0\u00bb use_theme_fonts=\u00a0\u00bbyes\u00a0\u00bb][vc_column_text]<\/p>\n<p style=\"text-align: justify;\">Vous avez une id\u00e9e de  projet Erasmus +  en Espagne et vous cherchez un partenaire de confiance pour vous accompagner ? <strong>Espamob\u2019<\/strong> est l\u00e0 pour vous aider ! Nous vous proposons un devis gratuit et sans engagement pour vous aider \u00e0 g\u00e9rer votre projet de mobilit\u00e9. Gr\u00e2ce \u00e0 notre expertise  et \u00e0 notre r\u00e9seau d\u2019entreprises partenaires, nous sommes en mesure de vous offrir un accompagnement personnalis\u00e9 pour r\u00e9pondre \u00e0 vos besoins sp\u00e9cifiques. Contactez-nous d\u00e8s maintenant pour discuter de votre projet et obtenir votre devis gratuit.<\/p>\n<p>[\/vc_column_text]<div id=\"modal-trg-txt-wrap-3686\" class=\"ult-modal-input-wrapper ult-adjust-bottom-margin    \" data-keypress-control=\"keypress-control-enable\" data-overlay-control=\"overlay-control-enable\"><style>\n\t\t\t\t\t.btn-modal.btn-id-69e756b7534350-27811904:hover {\n\t\t\t\t\t\tbackground-color: #e20000 !important;\n\t\t\t\t\t}\n\t\t\t\t\t<\/style><button  data-ultimate-target='#modal-trg-txt-wrap-3686 .btn-modal'  data-responsive-json-new='{\"font-size\":\"\",\"line-height\":\"\"}'  style=\"background:#888888;border-color:#888888;color:#ffffff; \" data-class-id=\"content-69e756b7534350-27811904\" class=\"btn-modal ult-responsive btn-primary btn-modal-md overlay-show ult-align-center btn-id-69e756b7534350-27811904\" data-overlay-class=\"overlay-cornerbottomleft\">DEMANDE DEVIS GRATUIT<\/button><\/div>\n<div class=\"ult-overlay content-69e756b7534350-27811904 \" data-class=\"content-69e756b7534350-27811904\" id=\"button-click-overlay\" style=\"background:rgba(51,51,51,0.8); display:none;\">\n\t<div class=\"ult_modal ult-fade ult-medium\">\n\t\t<div id=\"ult-modal-wrap-6783\" class=\"ult_modal-content ult-hide\" style=\"border-style:solid;border-width:2px;border-radius:0px;border-color:#333333;\">\n\t\t\t<div class=\"ult_modal-header\" style=\"color:#333333;border-color:#333333;\">\n\t\t\t\t<h3  data-ultimate-target='#ult-modal-wrap-6783 .ult_modal-title'  data-responsive-json-new='{\"font-size\":\"\",\"line-height\":\"\"}'  class=\"ult_modal-title ult-responsive\">Demande devis gratuit<\/h3>\n\t\t\t<\/div>\n\t\t\t<div  data-ultimate-target='#ult-modal-wrap-6783 .ult_modal-body'  data-responsive-json-new='{\"font-size\":\"\",\"line-height\":\"\"}'  class=\"ult_modal-body ult-responsive ult-html\" style=\"\">\n\t\t\t<\/p>\n<p>[caldera_form id=\u00a0\u00bbCF614462cc44616&Prime;]<\/p>\n<p>\n\t\t\t<\/div>\n\t<\/div>\n\t<\/div>\n\t<div class=\"ult-overlay-close top-right\" style=\"width:80px;height:80px; \"><div class=\"ult-overlay-close-inside\">Close<\/div><\/div>\n<\/div>[\/vc_column_inner][\/vc_row_inner][\/vc_column][\/vc_row][vc_row wrap_container=\u00a0\u00bbyes\u00a0\u00bb css=\u00a0\u00bb.vc_custom_1689256499740{margin-top: 15px !important;}\u00a0\u00bb conditional_render=\u00a0\u00bb%5B%7B%22value_role%22%3A%22administrator%22%7D%5D\u00a0\u00bb][vc_column][vc_custom_heading text=\u00a0\u00bbQuestions fr\u00e9quentes\u00a0\u00bb font_container=\u00a0\u00bbtag:h2|text_align:center|color:%23000000&Prime; use_theme_fonts=\u00a0\u00bbyes\u00a0\u00bb][vc_separator][vc_row_inner][vc_column_inner width=\u00a0\u00bb7\/12&Prime;][vc_column_text]<\/p>\n<h3>Quels sont les avantages de faire un stage Erasmus Sommelier avec Espamob ?<\/h3>\n<p>Faire un stage Erasmus Sommelier avec Espamob pr\u00e9sente de nombreux avantages. Tout d&rsquo;abord, Espamob est sp\u00e9cialis\u00e9 dans l&rsquo;accompagnement de groupes souhaitant r\u00e9aliser une mobilit\u00e9 Erasmus en Espagne, ce qui signifie qu&rsquo;ils ont une grande expertise dans ce domaine. De plus, Espamob s&rsquo;occupe de toutes les \u00e9tapes du projet, de la cr\u00e9ation \u00e0 la recherche de financement en passant par l&rsquo;accueil dans les universit\u00e9s et les entreprises partenaires. En choisissant Espamob, vous b\u00e9n\u00e9ficiez \u00e9galement d&rsquo;un service de recherche de logements sur place et de transferts depuis l&rsquo;a\u00e9roport, ce qui facilite grandement votre s\u00e9jour.<\/p>\n<h3>Comment Espamob aide-t-il \u00e0 trouver un stage Erasmus Sommelier en Espagne ?<\/h3>\n<p>Espamob met tout en \u0153uvre pour vous aider \u00e0 trouver un stage Erasmus Sommelier en Espagne. Ils disposent d&rsquo;un large r\u00e9seau de partenaires, notamment des universit\u00e9s et des entreprises sp\u00e9cialis\u00e9es dans le domaine de la sommellerie. Gr\u00e2ce \u00e0 leur expertise et \u00e0 leur connaissance du march\u00e9, ils sont en mesure de vous orienter vers les meilleures opportunit\u00e9s de stage. De plus, Espamob vous accompagne dans toutes les d\u00e9marches administratives li\u00e9es \u00e0 la recherche de stage, ce qui vous permet de vous concentrer sur votre projet professionnel.<\/p>\n<h3>Quel est le r\u00f4le d&rsquo;Espamob pendant un stage Erasmus Sommelier en Espagne ?<\/h3>\n<p>Pendant votre stage Erasmus Sommelier en Espagne, Espamob joue un r\u00f4le cl\u00e9 dans votre accompagnement. Ils restent en contact r\u00e9gulier avec vous tout au long de votre s\u00e9jour, afin de s&rsquo;assurer que tout se d\u00e9roule bien. Espamob est \u00e9galement disponible pour r\u00e9pondre \u00e0 toutes vos questions et vous aider en cas de besoin. Ils veillent \u00e0 ce que vous soyez bien accueilli dans l&rsquo;universit\u00e9 ou l&rsquo;entreprise partenaire, et s&rsquo;assurent que vous disposez d&rsquo;un logement confortable sur place. En somme, Espamob est l\u00e0 pour vous soutenir et vous guider tout au long de votre exp\u00e9rience Erasmus Sommelier en Espagne.<\/p>\n<p>[\/vc_column_text][\/vc_column_inner][vc_column_inner width=\u00a0\u00bb1\/12&Prime;][\/vc_column_inner][vc_column_inner width=\u00a0\u00bb4\/12&Prime;][vc_single_image image=\u00a0\u00bb15074&Prime; img_size=\u00a0\u00bbfull\u00a0\u00bb][vc_column_text]<strong>Renseignez-vous sur les diff\u00e9rentes destinations Erasmus + en Espagne :<\/strong><\/p>\n<ul>\n<li><a href=\"https:\/\/espamob.com\/fr\/secteur-stage-entreprise-erasmusplus\/metiers-bouche\/stage-erasmus-boucherie\">Stage Erasmus Boucherie<\/a><\/li>\n<li><a href=\"https:\/\/espamob.com\/fr\/secteur-stage-entreprise-erasmusplus\/metiers-bouche\/stage-erasmus-charcuterie\">Stage Erasmus Charcuterie<\/a><\/li>\n<li><a href=\"https:\/\/espamob.com\/fr\/secteur-stage-entreprise-erasmusplus\/metiers-bouche\/stage-erasmus-poissonnerie\">Stage Erasmus Poissonnerie<\/a><\/li>\n<li><a href=\"https:\/\/espamob.com\/fr\/secteur-stage-entreprise-erasmusplus\/metiers-bouche\/stage-erasmus-boulangerie\">Stage Erasmus Boulangerie<\/a><\/li>\n<li><a href=\"https:\/\/espamob.com\/fr\/secteur-stage-entreprise-erasmusplus\/metiers-bouche\/stage-erasmus-patisserie\">Stage Erasmus P\u00e2tisserie<\/a><\/li>\n<li><a href=\"https:\/\/espamob.com\/fr\/secteur-stage-entreprise-erasmusplus\/metiers-bouche\/stage-erasmus-chocolaterie\">Stage Erasmus Chocolaterie<\/a><\/li>\n<li><a href=\"https:\/\/espamob.com\/fr\/secteur-stage-entreprise-erasmusplus\/metiers-bouche\/stage-erasmus-glacier\">Stage Erasmus Glacier<\/a><\/li>\n<li><a href=\"https:\/\/espamob.com\/fr\/secteur-stage-entreprise-erasmusplus\/metiers-bouche\/stage-erasmus-cuisine\">Stage Erasmus Cuisine<\/a><\/li>\n<\/ul>\n<p>[\/vc_column_text][\/vc_column_inner][\/vc_row_inner][\/vc_column][\/vc_row]<\/p>\n<\/div>","protected":false},"excerpt":{"rendered":"<p>[vc_row css=\u00a0\u00bb.vc_custom_1703413435645{margin-top: -20px !important;margin-bottom: 40px !important;background-image: url(https:\/\/espamob.com\/wp-content\/uploads\/2023\/12\/Camarero-de-vinos-Bodeguero.webp?id=22086) !important;}\u00a0\u00bb conditional_render=\u00a0\u00bb%5B%7B%22value_role%22%3A%22administrator%22%7D%5D\u00a0\u00bb][vc_column css=\u00a0\u00bb.vc_custom_1687965657482{padding-top: 30px !important;}\u00a0\u00bb conditional_render=\u00a0\u00bb%5B%7B%22value_role%22%3A%22administrator%22%7D%5D\u00a0\u00bb][vc_empty_space height=\u00a0\u00bb170&Prime;][vc_custom_heading text=\u00a0\u00bbStage Erasmus : Sommelier\u00a0\u00bb font_container=\u00a0\u00bbtag:h1|font_size:27|text_align:center|color:%23ffffff\u00a0\u00bb use_theme_fonts=\u00a0\u00bbyes\u00a0\u00bb css=\u00a0\u00bb.vc_custom_1702413342185{margin-bottom: 15px !important;background-color: rgba(136,136,136,0.29) !important;*background-color: rgb(136,136,136) !important;}\u00a0\u00bb animation_type=\u00a0\u00bbzoomIn\u00a0\u00bb][vc_empty_space height=\u00a0\u00bb40&Prime;][\/vc_column][\/vc_row][vc_row wrap_container=\u00a0\u00bbyes\u00a0\u00bb text_align=\u00a0\u00bbjustify\u00a0\u00bb][vc_column text_align=\u00a0\u00bbjustify\u00a0\u00bb][vc_column_text] Home Secteurs de stages M\u00e9tiers de la bouche Stage Erasmus : Sommelier [\/vc_column_text][vc_custom_heading text=\u00a0\u00bbLe stage Erasmus Sommelier : une exp\u00e9rience unique pour les<\/p>\n","protected":false},"author":2,"featured_media":0,"parent":11790,"menu_order":0,"comment_status":"closed","ping_status":"closed","template":"","meta":{"footnotes":""},"class_list":["post-18356","page","type-page","status-publish","hentry"],"_links":{"self":[{"href":"https:\/\/espamob.com\/fr\/wp-json\/wp\/v2\/pages\/18356","targetHints":{"allow":["GET"]}}],"collection":[{"href":"https:\/\/espamob.com\/fr\/wp-json\/wp\/v2\/pages"}],"about":[{"href":"https:\/\/espamob.com\/fr\/wp-json\/wp\/v2\/types\/page"}],"author":[{"embeddable":true,"href":"https:\/\/espamob.com\/fr\/wp-json\/wp\/v2\/users\/2"}],"replies":[{"embeddable":true,"href":"https:\/\/espamob.com\/fr\/wp-json\/wp\/v2\/comments?post=18356"}],"version-history":[{"count":0,"href":"https:\/\/espamob.com\/fr\/wp-json\/wp\/v2\/pages\/18356\/revisions"}],"up":[{"embeddable":true,"href":"https:\/\/espamob.com\/fr\/wp-json\/wp\/v2\/pages\/11790"}],"wp:attachment":[{"href":"https:\/\/espamob.com\/fr\/wp-json\/wp\/v2\/media?parent=18356"}],"curies":[{"name":"wp","href":"https:\/\/api.w.org\/{rel}","templated":true}]}}