{"id":18355,"date":"2023-08-04T00:00:00","date_gmt":"2023-08-04T00:00:00","guid":{"rendered":"https:\/\/www.espamob.com\/secteur-stage-entreprise-erasmusplus\/metiers-bouche\/stage-erasmus-charcuterie\/"},"modified":"2023-12-20T16:31:38","modified_gmt":"2023-12-20T16:31:38","slug":"stage-erasmus-charcuterie","status":"publish","type":"page","link":"https:\/\/espamob.com\/fr\/secteur-stage-entreprise-erasmusplus\/metiers-bouche\/stage-erasmus-charcuterie\/","title":{"rendered":"Stage Erasmus : Charcuterie"},"content":{"rendered":"<div class=\"wpb-content-wrapper\"><p>[vc_row css=\u00a0\u00bb.vc_custom_1703089805367{margin-top: -20px !important;margin-bottom: 40px !important;background-image: url(https:\/\/espamob.com\/wp-content\/uploads\/2023\/12\/Carniceria.webp?id=22075) !important;}\u00a0\u00bb conditional_render=\u00a0\u00bb%5B%7B%22value_role%22%3A%22administrator%22%7D%5D\u00a0\u00bb][vc_column css=\u00a0\u00bb.vc_custom_1687965657482{padding-top: 30px !important;}\u00a0\u00bb conditional_render=\u00a0\u00bb%5B%7B%22value_role%22%3A%22administrator%22%7D%5D\u00a0\u00bb][vc_empty_space height=\u00a0\u00bb170&Prime;][vc_custom_heading text=\u00a0\u00bbStage Erasmus : Charcuterie\u00a0\u00bb font_container=\u00a0\u00bbtag:h1|font_size:27|text_align:center|color:%23ffffff\u00a0\u00bb use_theme_fonts=\u00a0\u00bbyes\u00a0\u00bb css=\u00a0\u00bb.vc_custom_1702543171856{margin-bottom: 15px !important;background-color: rgba(136,136,136,0.29) !important;*background-color: rgb(136,136,136) !important;}\u00a0\u00bb animation_type=\u00a0\u00bbzoomIn\u00a0\u00bb][vc_empty_space height=\u00a0\u00bb40&Prime;][\/vc_column][\/vc_row][vc_row wrap_container=\u00a0\u00bbyes\u00a0\u00bb text_align=\u00a0\u00bbjustify\u00a0\u00bb][vc_column text_align=\u00a0\u00bbjustify\u00a0\u00bb][vc_column_text]<\/p>\n<nav aria-label=\"breadcrumb\">\n<ol class=\"breadcrumb\">\n<li class=\"breadcrumb-item\"><a href=\"https:\/\/espamob.com\/fr\">Home<\/a><\/li>\n<li class=\"breadcrumb-item\"><a href=\"https:\/\/espamob.com\/fr\/secteur-stage-entreprise-erasmusplus\">Secteurs de stages<\/a><\/li>\n<li class=\"breadcrumb-item active\" aria-current=\"page\"><a href=\"https:\/\/espamob.com\/fr\/secteur-stage-entreprise-erasmusplus\/metiers-bouche\">M\u00e9tiers de la bouche<\/a><\/li>\n<li class=\"breadcrumb-item active\" aria-current=\"page\">Stage Erasmus: Charcuterie<\/li>\n<\/ol>\n<\/nav>\n<p>[\/vc_column_text][vc_custom_heading text=\u00a0\u00bbStage Erasmus Charcuterie : une exp\u00e9rience inoubliable pour les \u00e9tudiants\u00a0\u00bb use_theme_fonts=\u00a0\u00bbyes\u00a0\u00bb css=\u00a0\u00bb.vc_custom_1702543282880{margin-top: 20px !important;}\u00a0\u00bb][vc_separator][vc_row_inner][vc_column_inner width=\u00a0\u00bb7\/12&Prime;][vc_column_text]Le\u00a0<strong>stage Erasmus Charcuterie<\/strong>\u00a0est une opportunit\u00e9 unique pour les \u00e9tudiants en boucherie, charcuterie ou traiteur de vivre une exp\u00e9rience internationale enrichissante. Ce programme permet aux jeunes professionnels d\u2019acqu\u00e9rir de nouvelles comp\u00e9tences et de d\u00e9velopper leur r\u00e9seau professionnel tout en d\u00e9couvrant une nouvelle culture.<\/p>\n<h2>Qu\u2019est-ce que le stage Erasmus Charcuterie ?<\/h2>\n<p>Le stage Erasmus Charcuterie est un programme d\u2019\u00e9change europ\u00e9en qui offre aux \u00e9tudiants et jeunes professionnels du secteur de la\u00a0<strong>boucherie-charcuterie-traiteur<\/strong>\u00a0la chance de suivre un stage \u00e0 l\u2019\u00e9tranger. Il s\u2019agit d\u2019une occasion exceptionnelle de se former aupr\u00e8s de professionnels exp\u00e9riment\u00e9s dans diff\u00e9rents pays membres de l\u2019Union Europ\u00e9enne.<\/p>\n<h3>Les objectifs du stage Erasmus Charcuterie<\/h3>\n<p>Ce programme vise plusieurs objectifs :<\/p>\n<ul>\n<li>Permettre aux \u00e9tudiants de se familiariser avec diff\u00e9rentes techniques et savoir-faire en mati\u00e8re de boucherie, charcuterie et traiteur.<\/li>\n<\/ul>\n<ul>\n<li>Renforcer les comp\u00e9tences linguistiques et interculturelles des participants.<\/li>\n<li>D\u00e9velopper un r\u00e9seau professionnel international qui pourra \u00eatre utile tout au long de la carri\u00e8re des \u00e9tudiants.<\/li>\n<\/ul>\n<ul>\n<li>Promouvoir la mobilit\u00e9 des apprentis et des professionnels dans le secteur de la boucherie-charcuterie-traiteur.<\/li>\n<\/ul>\n<h2>Les conditions pour participer<\/h2>\n<p>Pour prendre part au stage Erasmus Charcuterie, il faut remplir certaines conditions :<\/p>\n<ol>\n<li>\u00catre \u00e9tudiant ou apprenti dans le secteur de la boucherie, charcuterie ou traiteur.<\/li>\n<\/ol>\n<ol>\n<li>Avoir entre 18 et 30 ans.<\/li>\n<li>\u00catre \u00e9l\u00e8ve d\u2019un \u00e9tablissement scolaire ou d\u2019une entreprise qui participe au programme Erasmus+.<\/li>\n<li>Avoir un niveau suffisant en langue du pays d\u2019accueil (le plus souvent, l\u2019anglais).<\/li>\n<\/ol>\n<h3>Dur\u00e9e et organisation du stage<\/h3>\n<p>La dur\u00e9e du stage varie en fonction des besoins et des disponibilit\u00e9s de chaque participant, mais elle doit \u00eatre comprise entre\u00a02 semaines et 12 mois. Pendant cette p\u00e9riode, les stagiaires travailleront au sein d\u2019une entreprise sp\u00e9cialis\u00e9e dans la boucherie, charcuterie ou traiteur, o\u00f9 ils pourront mettre en pratique leurs connaissances et d\u00e9velopper de nouvelles comp\u00e9tences.<\/p>\n<h2>Financement et soutien aux participants<\/h2>\n<p>Le programme Erasmus+ offre un soutien financier aux participants afin de couvrir une partie des frais li\u00e9s au s\u00e9jour. Ce financement inclut :<\/p>\n<ul>\n<li>Une contribution aux frais de voyage et de s\u00e9jour \u00e0 l\u2019\u00e9tranger.<\/li>\n<li>Une allocation mensuelle pour aider \u00e0 couvrir les d\u00e9penses courantes (logement, nourriture\u2026).<\/li>\n<\/ul>\n<p>En outre, les stagiaires b\u00e9n\u00e9ficient \u00e9galement d\u2019un accompagnement pour leur projet professionnel. Ils sont encadr\u00e9s par un tuteur dans l\u2019entreprise d\u2019accueil et b\u00e9n\u00e9ficient du soutien de leur \u00e9tablissement d\u2019origine tout au long du stage.[\/vc_column_text][\/vc_column_inner][vc_column_inner width=\u00a0\u00bb1\/12&Prime;][\/vc_column_inner][vc_column_inner width=\u00a0\u00bb4\/12&Prime;][vc_single_image image=\u00a0\u00bb18163&Prime; img_size=\u00a0\u00bb400*400&Prime; alignment=\u00a0\u00bbright\u00a0\u00bb style=\u00a0\u00bbvc_box_rounded\u00a0\u00bb][vc_btn title=\u00a0\u00bbJe veux en savoir plus\u00a0\u00bb style=\u00a0\u00bbcustom\u00a0\u00bb custom_background=\u00a0\u00bb#e20000&Prime; custom_text=\u00a0\u00bb#ffffff\u00a0\u00bb align=\u00a0\u00bbcenter\u00a0\u00bb link=\u00a0\u00bburl:https%3A%2F%2Fespamob.com%2Ffr%2Fcontact|title:Contacte|target:_blank\u00a0\u00bb][\/vc_column_inner][\/vc_row_inner][vc_custom_heading text=\u00a0\u00bbLes avantages du stage Erasmus Charcuterie\u00a0\u00bb font_container=\u00a0\u00bbtag:h3|text_align:left\u00a0\u00bb use_theme_fonts=\u00a0\u00bbyes\u00a0\u00bb css=\u00a0\u00bb.vc_custom_1702543513449{margin-top: 20px !important;}\u00a0\u00bb][vc_separator][vc_row_inner][vc_column_inner width=\u00a0\u00bb7\/12&Prime;][vc_column_text]Participer \u00e0 ce programme offre de nombreux avantages, tant sur le plan professionnel que personnel :<\/p>\n<ul>\n<li><strong>Acqu\u00e9rir une exp\u00e9rience professionnelle internationale<\/strong>valoris\u00e9e sur le march\u00e9 du travail.<\/li>\n<li><strong>D\u00e9velopper des comp\u00e9tences techniques et linguistiques<\/strong>, essentielles pour r\u00e9ussir dans le secteur de la boucherie-charcuterie-traiteur.<\/li>\n<li><strong>D\u00e9couvrir une nouvelle culture<\/strong>\u00a0et s\u2019ouvrir \u00e0 de nouvelles perspectives.<\/li>\n<li><strong>Construire un r\u00e9seau professionnel<\/strong>qui sera utile tout au long de la carri\u00e8re.<\/li>\n<\/ul>\n<h2>T\u00e9moignages d\u2019anciens participants<\/h2>\n<p>Nombreux sont les \u00e9tudiants qui ont v\u00e9cu cette exp\u00e9rience unique et en ressortent grandis. Voici quelques t\u00e9moignages d\u2019anciens participants :<\/p>\n<blockquote>\n<p>\u00ab\u00a0Le stage Erasmus Charcuterie m\u2019a permis de d\u00e9couvrir de nouvelles techniques de travail et d\u2019am\u00e9liorer mes comp\u00e9tences dans mon m\u00e9tier. J\u2019ai \u00e9galement pu me perfectionner en anglais et faire des rencontres inoubliables !\u00a0 \u00bb \u2013 Pierre, 23 ans, France<\/p>\n<p>\u00ab\u00a0Mon stage en Italie a \u00e9t\u00e9 une exp\u00e9rience incroyable ! J\u2019ai appris beaucoup de choses sur la charcuterie italienne et je suis rentr\u00e9e avec de nombreuses id\u00e9es pour d\u00e9velopper mon activit\u00e9 future. Je recommande ce programme \u00e0 tous les \u00e9tudiants dans le secteur !\u00a0 \u00bb \u2013 Marta, 25 ans, Espagne<\/p>\n<\/blockquote>\n<p>En somme, le stage Erasmus Charcuterie est une opportunit\u00e9 \u00e0 ne pas manquer pour les \u00e9tudiants en boucherie, charcuterie ou traiteur souhaitant enrichir leur parcours professionnel et vivre une exp\u00e9rience internationale unique.[\/vc_column_text][\/vc_column_inner][vc_column_inner width=\u00a0\u00bb1\/12&Prime;][\/vc_column_inner][vc_column_inner width=\u00a0\u00bb4\/12&Prime;][vc_raw_html]JTNDZGl2JTIwc3R5bGUlM0QlMjJwYWRkaW5nJTNBJTIwMzBweCUzQmJhY2tncm91bmQtY29sb3IlM0ElMjAlMjNGNEY0RjQlM0IlMjIlM0UlMEElMjAlMjAlMjAlMjAlM0NoNCUzRUQlQzMlQTljb3V2cmV6JTIwdG91cyUyMGxlcyUyMHNlY3RldXJzJTIwZGUlMjBzdGFnZXMlM0MlMkZoNCUzRSUwQSUyMCUyMCUyMCUyMCUzQ3AlM0VFc3BhbW9iJTIwZXN0JTIwc3AlQzMlQTljaWFsaXN0ZSUyMGRhbnMlMjBsJUUyJTgwJTk5YWNjb21wYWduZW1lbnQlMjBkZSUyMGdyb3VwZSUyMGRhbnMlMjBsZXVyJTIwbW9iaWxpdCVDMyVBOSUyMEVyYXNtdXMlMjAlMkIuJTIwRCVDMyVBOWNvdXZyZXolMjBlbiUyMHF1ZWxxdWVzJTIwY2xpcyUyMHRvdXMlMjBsZXMlMjBzZWN0ZXVycyUyMGRlJTIwc3RhZ2UlMjBFcmFzbXVzJTIwZW4lMjBFc3BhZ25lLiUzQyUyRnAlM0UlMEElMjAlMjAlMjAlMjAlM0NhJTIwY2xhc3MlM0QlMjJ2Y19nZW5lcmFsJTIwdmNfYnRuMyUyMHZjX2J0bjMtc2l6ZS1tZCUyMHZjX2J0bjMtc2hhcGUtZGVmYXVsdCUyMHZjX2J0bjMtc3R5bGUtY3VzdG9tJTIwd3BiX2N1c3RvbV82Njg3YjI2ZjM5NDg4ZGRiYjg1ZGRiM2MxY2U4ZTExMSUyMGJ0biUyMiUyMHN0eWxlJTNEJTIyYmFja2dyb3VuZC1jb2xvciUzQSUyM2UyMDAwMCUzQiUyMGNvbG9yJTNBJTIzZmZmZmZmJTNCJTIwYmFja2dyb3VuZC1jb2xvciUzQSUyM2UyMDAwMCUzQiUyMGNvbG9yJTNBJTIzZmZmZmZmJTNCJTIyJTIwaHJlZiUzRCUyMmh0dHBzJTNBJTJGJTJGd3d3LmVzcGFtb2IuY29tJTJGZnIlMkZzZWN0ZXVyLXN0YWdlLWVudHJlcHJpc2UtZXJhc211c3BsdXMlMkYlMjIlMjB0aXRsZSUzRCUyMlNlY3RldXJzJTIwZGUlMjBzdGFnZXMlMjIlMjB0YXJnZXQlM0QlMjJfYmxhbmslMjIlM0VKZSUyMGQlQzMlQTljb3V2cmUlMjBsZXMlMjBzZWN0ZXVycyUzQyUyRmElM0UlMEElM0MlMkZkaXYlM0U=[\/vc_raw_html][\/vc_column_inner][\/vc_row_inner][\/vc_column][\/vc_row][vc_row full_width=\u00a0\u00bbstretch_row\u00a0\u00bb wrap_container=\u00a0\u00bbyes\u00a0\u00bb is_section=\u00a0\u00bbyes\u00a0\u00bb css=\u00a0\u00bb.vc_custom_1702481180122{padding-top: 15px !important;padding-bottom: 15px !important;background-color: #f8f392 !important;}\u00a0\u00bb conditional_render=\u00a0\u00bb%5B%7B%22value_role%22%3A%22administrator%22%7D%5D\u00a0\u00bb][vc_column][vc_row_inner css=\u00a0\u00bb.vc_custom_1688548648248{background-color: #f8f392 !important;}\u00a0\u00bb][vc_column_inner][vc_custom_heading text=\u00a0\u00bbFaire une demande de devis gratuit\u00a0\u00bb font_container=\u00a0\u00bbtag:h2|text_align:center\u00a0\u00bb use_theme_fonts=\u00a0\u00bbyes\u00a0\u00bb][vc_column_text]<\/p>\n<p style=\"text-align: justify;\">Vous avez une id\u00e9e de projet Erasmus + en Espagne et vous cherchez un partenaire de confiance pour vous accompagner ?\u00a0<strong>Espamob\u2019<\/strong>\u00a0est l\u00e0 pour vous aider ! Nous vous proposons un devis gratuit et sans engagement pour vous aider \u00e0 g\u00e9rer votre projet de mobilit\u00e9. Gr\u00e2ce \u00e0 notre expertise et \u00e0 notre r\u00e9seau d\u2019entreprises partenaires, nous sommes en mesure de vous offrir un accompagnement personnalis\u00e9 pour r\u00e9pondre \u00e0 vos besoins sp\u00e9cifiques. Contactez-nous d\u00e8s maintenant pour discuter de votre projet et obtenir votre devis gratuit.<\/p>\n<p>[\/vc_column_text]<div id=\"modal-trg-txt-wrap-7670\" class=\"ult-modal-input-wrapper ult-adjust-bottom-margin    \" data-keypress-control=\"keypress-control-enable\" data-overlay-control=\"overlay-control-enable\"><style>\n\t\t\t\t\t.btn-modal.btn-id-69e7a9e8888ac8-32537394:hover {\n\t\t\t\t\t\tbackground-color: #e20000 !important;\n\t\t\t\t\t}\n\t\t\t\t\t<\/style><button  data-ultimate-target='#modal-trg-txt-wrap-7670 .btn-modal'  data-responsive-json-new='{\"font-size\":\"\",\"line-height\":\"\"}'  style=\"background:#888888;border-color:#888888;color:#ffffff; \" data-class-id=\"content-69e7a9e8888ac8-32537394\" class=\"btn-modal ult-responsive btn-primary btn-modal-md overlay-show ult-align-center btn-id-69e7a9e8888ac8-32537394\" data-overlay-class=\"overlay-cornerbottomleft\">DEMANDE DEVIS GRATUIT<\/button><\/div>\n<div class=\"ult-overlay content-69e7a9e8888ac8-32537394 \" data-class=\"content-69e7a9e8888ac8-32537394\" id=\"button-click-overlay\" style=\"background:rgba(51,51,51,0.8); display:none;\">\n\t<div class=\"ult_modal ult-fade ult-medium\">\n\t\t<div id=\"ult-modal-wrap-7182\" class=\"ult_modal-content ult-hide\" style=\"border-style:solid;border-width:2px;border-radius:0px;border-color:#333333;\">\n\t\t\t<div class=\"ult_modal-header\" style=\"color:#333333;border-color:#333333;\">\n\t\t\t\t<h3  data-ultimate-target='#ult-modal-wrap-7182 .ult_modal-title'  data-responsive-json-new='{\"font-size\":\"\",\"line-height\":\"\"}'  class=\"ult_modal-title ult-responsive\">DEMANDE DEVIS GRATUIT<\/h3>\n\t\t\t<\/div>\n\t\t\t<div  data-ultimate-target='#ult-modal-wrap-7182 .ult_modal-body'  data-responsive-json-new='{\"font-size\":\"\",\"line-height\":\"\"}'  class=\"ult_modal-body ult-responsive ult-html\" style=\"\">\n\t\t\t[caldera_form id=\u00a0\u00bbCF614462cc44616&Prime;]\n\t\t\t<\/div>\n\t<\/div>\n\t<\/div>\n\t<div class=\"ult-overlay-close top-right\" style=\"width:80px;height:80px; \"><div class=\"ult-overlay-close-inside\">Close<\/div><\/div>\n<\/div>[\/vc_column_inner][\/vc_row_inner][\/vc_column][\/vc_row][vc_row wrap_container=\u00a0\u00bbyes\u00a0\u00bb css=\u00a0\u00bb.vc_custom_1689256499740{margin-top: 15px !important;}\u00a0\u00bb conditional_render=\u00a0\u00bb%5B%7B%22value_role%22%3A%22administrator%22%7D%5D\u00a0\u00bb][vc_column][vc_custom_heading text=\u00a0\u00bbQuestions fr\u00e9quentes\u00a0\u00bb font_container=\u00a0\u00bbtag:h2|text_align:center|color:%23000000&Prime; use_theme_fonts=\u00a0\u00bbyes\u00a0\u00bb][vc_separator][vc_row_inner][vc_column_inner width=\u00a0\u00bb7\/12&Prime;][vc_column_text]<\/p>\n<h3>Quels sont les services propos\u00e9s par Espamob pour les stages Erasmus en Espagne dans le domaine de la charcuterie ?<\/h3>\n<p>Espamob propose une gamme de services compl\u00e8te pour les stages Erasmus dans le domaine de la charcuterie en Espagne. Cela inclut l\u2019accompagnement dans la cr\u00e9ation du projet, la recherche de financement, l\u2019accueil dans les universit\u00e9s et les entreprises partenaires sp\u00e9cialis\u00e9es dans la charcuterie, ainsi que la recherche et la r\u00e9servation de logements adapt\u00e9s.<\/p>\n<h3>Comment Espamob peut-il aider \u00e0 financer un stage Erasmus dans le domaine de la charcuterie en Espagne ?<\/h3>\n<p>Espamob dispose d\u2019une expertise dans la recherche de financements pour les stages Erasmus. L\u2019agence peut vous guider dans les d\u00e9marches pour obtenir des bourses ou des subventions pour financer votre projet de stage dans le domaine de la charcuterie en Espagne. Elle peut \u00e9galement vous aider \u00e0 pr\u00e9parer un budget d\u00e9taill\u00e9 et \u00e0 trouver des partenaires financiers potentiels.<\/p>\n<h3>Est-ce que Espamob s\u2019occupe de l\u2019accueil \u00e0 l\u2019a\u00e9roport pour les stages Erasmus en Espagne dans le domaine de la charcuterie ?<\/h3>\n<p>Oui, Espamob assure \u00e9galement l\u2019accueil des groupes \u00e0 l\u2019a\u00e9roport lors de leur arriv\u00e9e en Espagne pour leur stage Erasmus dans le domaine de la charcuterie. L\u2019agence se charge de r\u00e9cup\u00e9rer les participants \u00e0 leur arriv\u00e9e et de les conduire jusqu\u2019\u00e0 leur logement. Cela permet aux stagiaires de b\u00e9n\u00e9ficier d\u2019un accueil chaleureux et de commencer leur exp\u00e9rience en toute s\u00e9r\u00e9nit\u00e9.[\/vc_column_text][\/vc_column_inner][vc_column_inner width=\u00a0\u00bb1\/12&Prime;][\/vc_column_inner][vc_column_inner width=\u00a0\u00bb4\/12&Prime;][vc_single_image image=\u00a0\u00bb15074&Prime; img_size=\u00a0\u00bbfull\u00a0\u00bb][vc_column_text]<strong>Renseignez-vous sur les diff\u00e9rentes destinations Erasmus + en Espagne :<\/strong><\/p>\n<ul>\n<li><a href=\"https:\/\/espamob.com\/fr\/secteur-stage-entreprise-erasmusplus\/metiers-bouche\/stage-erasmus-boucherie\">Stage Erasmus Boucherie<\/a><\/li>\n<li><a href=\"https:\/\/espamob.com\/fr\/secteur-stage-entreprise-erasmusplus\/metiers-bouche\/stage-erasmus-sommelier\">Stage Erasmus Sommelier<\/a><\/li>\n<li><a href=\"https:\/\/espamob.com\/fr\/secteur-stage-entreprise-erasmusplus\/metiers-bouche\/stage-erasmus-poissonnerie\">Stage Erasmus Poissonnerie<\/a><\/li>\n<li><a href=\"https:\/\/espamob.com\/fr\/secteur-stage-entreprise-erasmusplus\/metiers-bouche\/stage-erasmus-boulangerie\">Stage Erasmus Boulangerie<\/a><\/li>\n<li><a href=\"https:\/\/espamob.com\/fr\/secteur-stage-entreprise-erasmusplus\/metiers-bouche\/stage-erasmus-patisserie\">Stage Erasmus P\u00e2tisserie<\/a><\/li>\n<li><a href=\"https:\/\/espamob.com\/fr\/secteur-stage-entreprise-erasmusplus\/metiers-bouche\/stage-erasmus-chocolaterie\">Stage Erasmus Chocolaterie<\/a><\/li>\n<li><a href=\"https:\/\/espamob.com\/fr\/secteur-stage-entreprise-erasmusplus\/metiers-bouche\/stage-erasmus-glacier\">Stage Erasmus Glacier<\/a><\/li>\n<li><a href=\"https:\/\/espamob.com\/fr\/secteur-stage-entreprise-erasmusplus\/metiers-bouche\/stage-erasmus-cuisine\">Stage Erasmus Cuisine<\/a><\/li>\n<\/ul>\n<p>[\/vc_column_text][\/vc_column_inner][\/vc_row_inner][\/vc_column][\/vc_row]<\/p>\n<\/div>","protected":false},"excerpt":{"rendered":"<p>[vc_row css=\u00a0\u00bb.vc_custom_1703089805367{margin-top: -20px !important;margin-bottom: 40px !important;background-image: url(https:\/\/espamob.com\/wp-content\/uploads\/2023\/12\/Carniceria.webp?id=22075) !important;}\u00a0\u00bb conditional_render=\u00a0\u00bb%5B%7B%22value_role%22%3A%22administrator%22%7D%5D\u00a0\u00bb][vc_column css=\u00a0\u00bb.vc_custom_1687965657482{padding-top: 30px !important;}\u00a0\u00bb conditional_render=\u00a0\u00bb%5B%7B%22value_role%22%3A%22administrator%22%7D%5D\u00a0\u00bb][vc_empty_space height=\u00a0\u00bb170&Prime;][vc_custom_heading text=\u00a0\u00bbStage Erasmus : Charcuterie\u00a0\u00bb font_container=\u00a0\u00bbtag:h1|font_size:27|text_align:center|color:%23ffffff\u00a0\u00bb use_theme_fonts=\u00a0\u00bbyes\u00a0\u00bb css=\u00a0\u00bb.vc_custom_1702543171856{margin-bottom: 15px !important;background-color: rgba(136,136,136,0.29) !important;*background-color: rgb(136,136,136) !important;}\u00a0\u00bb animation_type=\u00a0\u00bbzoomIn\u00a0\u00bb][vc_empty_space height=\u00a0\u00bb40&Prime;][\/vc_column][\/vc_row][vc_row wrap_container=\u00a0\u00bbyes\u00a0\u00bb text_align=\u00a0\u00bbjustify\u00a0\u00bb][vc_column text_align=\u00a0\u00bbjustify\u00a0\u00bb][vc_column_text] Home Secteurs de stages M\u00e9tiers de la bouche Stage Erasmus: Charcuterie [\/vc_column_text][vc_custom_heading text=\u00a0\u00bbStage Erasmus Charcuterie : une exp\u00e9rience inoubliable pour les \u00e9tudiants\u00a0\u00bb use_theme_fonts=\u00a0\u00bbyes\u00a0\u00bb<\/p>\n","protected":false},"author":2,"featured_media":0,"parent":11790,"menu_order":0,"comment_status":"closed","ping_status":"closed","template":"","meta":{"footnotes":""},"class_list":["post-18355","page","type-page","status-publish","hentry"],"_links":{"self":[{"href":"https:\/\/espamob.com\/fr\/wp-json\/wp\/v2\/pages\/18355","targetHints":{"allow":["GET"]}}],"collection":[{"href":"https:\/\/espamob.com\/fr\/wp-json\/wp\/v2\/pages"}],"about":[{"href":"https:\/\/espamob.com\/fr\/wp-json\/wp\/v2\/types\/page"}],"author":[{"embeddable":true,"href":"https:\/\/espamob.com\/fr\/wp-json\/wp\/v2\/users\/2"}],"replies":[{"embeddable":true,"href":"https:\/\/espamob.com\/fr\/wp-json\/wp\/v2\/comments?post=18355"}],"version-history":[{"count":0,"href":"https:\/\/espamob.com\/fr\/wp-json\/wp\/v2\/pages\/18355\/revisions"}],"up":[{"embeddable":true,"href":"https:\/\/espamob.com\/fr\/wp-json\/wp\/v2\/pages\/11790"}],"wp:attachment":[{"href":"https:\/\/espamob.com\/fr\/wp-json\/wp\/v2\/media?parent=18355"}],"curies":[{"name":"wp","href":"https:\/\/api.w.org\/{rel}","templated":true}]}}