{"id":17603,"date":"2023-07-13T14:41:12","date_gmt":"2023-07-13T14:41:12","guid":{"rendered":"https:\/\/www.espamob.com\/?page_id=17603"},"modified":"2023-12-24T10:26:32","modified_gmt":"2023-12-24T10:26:32","slug":"stage-erasmus-poissonnerie","status":"publish","type":"page","link":"https:\/\/espamob.com\/fr\/secteur-stage-entreprise-erasmusplus\/metiers-bouche\/stage-erasmus-poissonnerie\/","title":{"rendered":"Stage Erasmus &#8211; Poissonnerie"},"content":{"rendered":"<div class=\"wpb-content-wrapper\"><p>[vc_row css=\u00a0\u00bb.vc_custom_1703413554203{margin-top: -20px !important;margin-bottom: 40px !important;background-image: url(https:\/\/espamob.com\/wp-content\/uploads\/2023\/12\/Pescaderia.webp?id=22100) !important;}\u00a0\u00bb conditional_render=\u00a0\u00bb%5B%7B%22value_role%22%3A%22administrator%22%7D%5D\u00a0\u00bb][vc_column css=\u00a0\u00bb.vc_custom_1687965657482{padding-top: 30px !important;}\u00a0\u00bb conditional_render=\u00a0\u00bb%5B%7B%22value_role%22%3A%22administrator%22%7D%5D\u00a0\u00bb][vc_empty_space height=\u00a0\u00bb170&Prime;][vc_custom_heading text=\u00a0\u00bbStage Erasmus &#8211; Poissonnerie\u00a0\u00bb font_container=\u00a0\u00bbtag:h1|font_size:27|text_align:center|color:%23ffffff\u00a0\u00bb use_theme_fonts=\u00a0\u00bbyes\u00a0\u00bb css=\u00a0\u00bb.vc_custom_1702413358739{margin-bottom: 15px !important;background-color: rgba(136,136,136,0.29) !important;*background-color: rgb(136,136,136) !important;}\u00a0\u00bb animation_type=\u00a0\u00bbzoomIn\u00a0\u00bb][vc_empty_space height=\u00a0\u00bb40&Prime;][\/vc_column][\/vc_row][vc_row wrap_container=\u00a0\u00bbyes\u00a0\u00bb text_align=\u00a0\u00bbjustify\u00a0\u00bb][vc_column text_align=\u00a0\u00bbjustify\u00a0\u00bb][vc_column_text]<\/p>\n<nav aria-label=\"breadcrumb\">\n<ol class=\"breadcrumb\">\n<li class=\"breadcrumb-item\"><a href=\"https:\/\/espamob.com\/\">Home<\/a><\/li>\n<li class=\"breadcrumb-item\"><a href=\"https:\/\/espamob.com\/fr\/secteur-stage-entreprise-erasmusplus\/\">Secteurs de stages<\/a><\/li>\n<li class=\"breadcrumb-item\"><a href=\"https:\/\/espamob.com\/fr\/secteur-stage-entreprise-erasmusplus\/metiers-bouche\/\">M\u00e9tiers de la bouche<\/a><\/li>\n<li class=\"breadcrumb-item active\" aria-current=\"page\">Stage Erasmus : Poissonnerie<\/li>\n<\/ol>\n<\/nav>\n<p>[\/vc_column_text][vc_custom_heading text=\u00a0\u00bbLe stage Erasmus en poissonnerie : une exp\u00e9rience unique pour les futurs professionnels\u00a0\u00bb use_theme_fonts=\u00a0\u00bbyes\u00a0\u00bb css=\u00a0\u00bb.vc_custom_1687363443929{margin-top: 20px !important;}\u00a0\u00bb][vc_separator][vc_row_inner][vc_column_inner width=\u00a0\u00bb7\/12&Prime;][vc_column_text]<\/p>\n<p>Dans le cadre d&rsquo;une formation professionnelle ou d&rsquo;\u00e9tudes sup\u00e9rieures, <strong>effectuer un stage \u00e0 l&rsquo;\u00e9tranger<\/strong> est une opportunit\u00e9 enrichissante qui permet de d\u00e9velopper de nouvelles comp\u00e9tences et d&rsquo;acqu\u00e9rir une exp\u00e9rience significative. Le programme europ\u00e9en Erasmus+ offre ainsi la possibilit\u00e9 aux \u00e9tudiants et apprentis de r\u00e9aliser un stage professionnel dans divers secteurs d&rsquo;activit\u00e9 tout en b\u00e9n\u00e9ficiant d&rsquo;un soutien financier. Parmi les multiples options disponibles se trouve la possibilit\u00e9 d&rsquo;effectuer un <em>stage Erasmus en poissonnerie<\/em>, un choix original qui pr\u00e9sente de nombreux avantages pour les futurs professionnels du secteur.<\/p>\n<h2>Les m\u00e9tiers de la poissonnerie : un secteur riche en opportunit\u00e9s<\/h2>\n<p>Le monde de la poissonnerie regroupe une grande vari\u00e9t\u00e9 de m\u00e9tiers allant du simple employ\u00e9 de rayon aux postes \u00e0 responsabilit\u00e9 tels que celui de chef de rayon ou encore de responsable approvisionnement. La fili\u00e8re offre ainsi un large \u00e9ventail d&rsquo;opportunit\u00e9s professionnelles avec des perspectives d&rsquo;\u00e9volution int\u00e9ressantes. Le secteur de la poissonnerie englobe \u00e9galement les activit\u00e9s li\u00e9es \u00e0 la transformation et la distribution des produits de la mer.<\/p>\n<h3>Quelques m\u00e9tiers cl\u00e9s du secteur<\/h3>\n<ul>\n<li><strong>Poissonnier :<\/strong> il s&rsquo;occupe principalement de la pr\u00e9paration et de la vente des poissons, crustac\u00e9s et autres produits de la mer. Il peut travailler en boutique, sur les march\u00e9s ou dans la grande distribution.<\/li>\n<li><strong>\u00c9cailler :<\/strong> sp\u00e9cialiste des coquillages et crustac\u00e9s, il proc\u00e8de \u00e0 l&rsquo;ouverture des hu\u00eetres et pr\u00e9pare les plateaux de fruits de mer pour la vente ou la consommation sur place.<\/li>\n<li><strong>Traiteur en produits de la mer :<\/strong> il propose une gamme vari\u00e9e de plats cuisin\u00e9s \u00e0 base de poissons et fruits de mer, souvent \u00e9labor\u00e9s avec des recettes locales et traditionnelles. Il peut exercer son activit\u00e9 en boutique, au sein d&rsquo;un restaurant ou en tant que traiteur \u00e9v\u00e9nementiel.<\/li>\n<\/ul>\n<p>[\/vc_column_text][\/vc_column_inner][vc_column_inner width=\u00a0\u00bb1\/12&Prime;][\/vc_column_inner][vc_column_inner width=\u00a0\u00bb4\/12&Prime;][vc_single_image image=\u00a0\u00bb18288&Prime; img_size=\u00a0\u00bb400*400&Prime; alignment=\u00a0\u00bbright\u00a0\u00bb style=\u00a0\u00bbvc_box_rounded\u00a0\u00bb][vc_btn title=\u00a0\u00bbJe veux en savoir plus\u00a0\u00bb style=\u00a0\u00bbcustom\u00a0\u00bb custom_background=\u00a0\u00bb#e20000&Prime; custom_text=\u00a0\u00bb#ffffff\u00a0\u00bb align=\u00a0\u00bbcenter\u00a0\u00bb link=\u00a0\u00bburl:https%3A%2F%2Fespamob.com%2Ffr%2Fcontact%2F|title:FR%20Secteurs|target:_blank\u00a0\u00bb][\/vc_column_inner][\/vc_row_inner][vc_custom_heading text=\u00a0\u00bbPourquoi choisir un stage Erasmus en poissonnerie ?\u00a0\u00bb font_container=\u00a0\u00bbtag:h3|text_align:left\u00a0\u00bb use_theme_fonts=\u00a0\u00bbyes\u00a0\u00bb css=\u00a0\u00bb.vc_custom_1689259044425{margin-top: 20px !important;}\u00a0\u00bb][vc_separator][vc_row_inner][vc_column_inner width=\u00a0\u00bb7\/12&Prime;][vc_column_text]<\/p>\n<p>Effectuer un stage Erasmus en poissonnerie pr\u00e9sente plusieurs avantages pour les \u00e9tudiants souhaitant se former aux m\u00e9tiers de ce secteur d&rsquo;activit\u00e9. En effet, ce type de stage permet de :<\/p>\n<ol>\n<li><strong>D\u00e9couvrir de nouvelles techniques :<\/strong> chaque pays a ses propres m\u00e9thodes et savoir-faire en mati\u00e8re de pr\u00e9paration et de vente des produits de la mer. Un stage \u00e0 l&rsquo;\u00e9tranger offre donc l&rsquo;opportunit\u00e9 de s&rsquo;enrichir professionnellement et d&rsquo;apprendre de nouvelles techniques de travail.<\/li>\n<li><strong>\u00c9largir ses comp\u00e9tences linguistiques :<\/strong> ma\u00eetriser une ou plusieurs langues \u00e9trang\u00e8res est un atout incontestable dans le monde professionnel. Un stage Erasmus+ contribue ainsi \u00e0 am\u00e9liorer ses connaissances en langue tout en d\u00e9veloppant ses comp\u00e9tences interculturelles.<\/li>\n<li><strong>Valoriser son CV :<\/strong> mentionner une exp\u00e9rience de stage \u00e0 l&rsquo;\u00e9tranger dans le domaine de la poissonnerie est un avantage certain pour les futurs chercheurs d&#8217;emploi. En effet, cela d\u00e9montre une capacit\u00e9 d&rsquo;adaptation et une ouverture d&rsquo;esprit qui sont appr\u00e9ci\u00e9es par les recruteurs.<\/li>\n<\/ol>\n<h2>Les programmes Erasmus+ li\u00e9s \u00e0 la mobilit\u00e9 professionnelle<\/h2>\n<p>Le programme europ\u00e9en Erasmus+ finance des projets de mobilit\u00e9 pour les \u00e9tudiants, apprentis et jeunes travailleurs souhaitant acqu\u00e9rir une exp\u00e9rience professionnelle \u00e0 l&rsquo;\u00e9tranger. Il existe plusieurs dispositifs permettant de r\u00e9aliser un stage en poissonnerie :<\/p>\n<ul>\n<li><strong>Erasmus+ \u00e9tudes :<\/strong> destin\u00e9 aux \u00e9tudiants inscrits dans un \u00e9tablissement d&rsquo;enseignement sup\u00e9rieur, ce programme permet de r\u00e9aliser un stage professionnel entre deux et douze mois.<\/li>\n<li><strong>Erasmus+ alternance :<\/strong> il offre la possibilit\u00e9 aux apprentis d&rsquo;effectuer une partie de leur formation en entreprise \u00e0 l&rsquo;\u00e9tranger pour une dur\u00e9e allant de deux semaines \u00e0 six mois.<\/li>\n<li><strong>ErasmusPro :<\/strong> ce dispositif vise sp\u00e9cifiquement les jeunes en formation professionnelle initiale (CAP, Bac pro&#8230;). Il propose des stages longue dur\u00e9e, de trois \u00e0 six mois.<\/li>\n<\/ul>\n<h3>Comment trouver un stage Erasmus en poissonnerie ?<\/h3>\n<p>Pour rechercher un stage Erasmus en poissonnerie, il est conseill\u00e9 de se rapprocher de son \u00e9tablissement d&rsquo;enseignement qui pourra vous informer sur les partenariats existants et les d\u00e9marches \u00e0 suivre. Les r\u00e9seaux professionnels et les plateformes en ligne sp\u00e9cialis\u00e9es dans la recherche de stages \u00e0 l&rsquo;\u00e9tranger peuvent \u00e9galement \u00eatre d&rsquo;excellents outils pour trouver des offres correspondant \u00e0 vos attentes.<\/p>\n<p>En somme, effectuer un <strong>stage Erasmus en poissonnerie<\/strong> repr\u00e9sente une occasion unique pour les futurs professionnels du secteur de se former aux m\u00e9tiers, de d\u00e9couvrir de nouvelles techniques de travail et d&rsquo;accro\u00eetre leurs comp\u00e9tences linguistiques tout en vivant une exp\u00e9rience inoubliable \u00e0 l&rsquo;\u00e9tranger.<\/p>\n<p>[\/vc_column_text][\/vc_column_inner][vc_column_inner width=\u00a0\u00bb1\/12&Prime;][\/vc_column_inner][vc_column_inner width=\u00a0\u00bb4\/12&Prime;][vc_raw_html]JTNDZGl2JTIwc3R5bGUlM0QlMjJwYWRkaW5nJTNBJTIwMzBweCUzQmJhY2tncm91bmQtY29sb3IlM0ElMjAlMjNGNEY0RjQlM0IlMjIlM0UlMEElMjAlMjAlMjAlMjAlM0NoNCUzRUQlQzMlQTljb3V2cmV6JTIwdG91cyUyMGxlcyUyMHNlY3RldXJzJTIwZGUlMjBzdGFnZXMlM0MlMkZoNCUzRSUwQSUyMCUyMCUyMCUyMCUzQ3AlM0VFc3BhbW9iJTIwZXN0JTIwc3AlQzMlQTljaWFsaXN0ZSUyMGRhbnMlMjBsJUUyJTgwJTk5YWNjb21wYWduZW1lbnQlMjBkZSUyMGdyb3VwZSUyMGRhbnMlMjBsZXVyJTIwbW9iaWxpdCVDMyVBOSUyMEVyYXNtdXMlMjAlMkIuJTIwRCVDMyVBOWNvdXZyZXolMjBlbiUyMHF1ZWxxdWVzJTIwY2xpcyUyMHRvdXMlMjBsZXMlMjBzZWN0ZXVycyUyMGRlJTIwc3RhZ2UlMjBFcmFzbXVzJTIwZW4lMjBFc3BhZ25lLiUzQyUyRnAlM0UlMEElMjAlMjAlMjAlMjAlM0NhJTIwY2xhc3MlM0QlMjJ2Y19nZW5lcmFsJTIwdmNfYnRuMyUyMHZjX2J0bjMtc2l6ZS1tZCUyMHZjX2J0bjMtc2hhcGUtZGVmYXVsdCUyMHZjX2J0bjMtc3R5bGUtY3VzdG9tJTIwd3BiX2N1c3RvbV82Njg3YjI2ZjM5NDg4ZGRiYjg1ZGRiM2MxY2U4ZTExMSUyMGJ0biUyMiUyMHN0eWxlJTNEJTIyYmFja2dyb3VuZC1jb2xvciUzQSUyM2UyMDAwMCUzQiUyMGNvbG9yJTNBJTIzZmZmZmZmJTNCJTIwYmFja2dyb3VuZC1jb2xvciUzQSUyM2UyMDAwMCUzQiUyMGNvbG9yJTNBJTIzZmZmZmZmJTNCJTIyJTIwaHJlZiUzRCUyMmh0dHBzJTNBJTJGJTJGd3d3LmVzcGFtb2IuY29tJTJGZnIlMkZjb250YWN0JTJGJTIyJTIwdGl0bGUlM0QlMjJGUiUyMFNlY3RldXJzJTIyJTIwdGFyZ2V0JTNEJTIyX2JsYW5rJTIyJTNFSmUlMjBkJUMzJUE5Y291dnJlJTIwbGVzJTIwc2VjdGV1cnMlM0MlMkZhJTNFJTBBJTNDJTJGZGl2JTNF[\/vc_raw_html][vc_custom_heading text=\u00a0\u00bbD\u00e9couvrez le retour d&rsquo;exp\u00e9rience Erasmus + de participants :\u00a0\u00bb font_container=\u00a0\u00bbtag:h3|text_align:left\u00a0\u00bb use_theme_fonts=\u00a0\u00bbyes\u00a0\u00bb css=\u00a0\u00bb.vc_custom_1694615757638{margin-top: 20px !important;}\u00a0\u00bb][vc_separator][vc_video link=\u00a0\u00bbhttps:\/\/www.youtube.com\/watch?v=qdSTZpUC0ks&#038;t=12s&#038;ab_channel=Espamob%27-EuropeanMobilityProgram\u00a0\u00bb align=\u00a0\u00bbcenter\u00a0\u00bb][\/vc_column_inner][\/vc_row_inner][\/vc_column][\/vc_row][vc_row full_width=\u00a0\u00bbstretch_row\u00a0\u00bb wrap_container=\u00a0\u00bbyes\u00a0\u00bb is_section=\u00a0\u00bbyes\u00a0\u00bb css=\u00a0\u00bb.vc_custom_1688548809334{margin-top: 20px !important;border-top-width: 0px !important;background-color: #f8f392 !important;}\u00a0\u00bb conditional_render=\u00a0\u00bb%5B%7B%22value_role%22%3A%22administrator%22%7D%5D\u00a0\u00bb][vc_column][vc_row_inner css=\u00a0\u00bb.vc_custom_1688548648248{background-color: #f8f392 !important;}\u00a0\u00bb][vc_column_inner][vc_custom_heading text=\u00a0\u00bbFaire une demande de devis gratuit\u00a0\u00bb font_container=\u00a0\u00bbtag:h2|text_align:center\u00a0\u00bb use_theme_fonts=\u00a0\u00bbyes\u00a0\u00bb][vc_column_text]<\/p>\n<p style=\"text-align: justify;\">Vous avez une id\u00e9e de  projet Erasmus +  en Espagne et vous cherchez un partenaire de confiance pour vous accompagner ? <strong>Espamob\u2019<\/strong> est l\u00e0 pour vous aider ! Nous vous proposons un devis gratuit et sans engagement pour vous aider \u00e0 g\u00e9rer votre projet de mobilit\u00e9. Gr\u00e2ce \u00e0 notre expertise  et \u00e0 notre r\u00e9seau d\u2019entreprises partenaires, nous sommes en mesure de vous offrir un accompagnement personnalis\u00e9 pour r\u00e9pondre \u00e0 vos besoins sp\u00e9cifiques. Contactez-nous d\u00e8s maintenant pour discuter de votre projet et obtenir votre devis gratuit.<\/p>\n<p>[\/vc_column_text]<div id=\"modal-trg-txt-wrap-3093\" class=\"ult-modal-input-wrapper ult-adjust-bottom-margin    \" data-keypress-control=\"keypress-control-enable\" data-overlay-control=\"overlay-control-enable\"><style>\n\t\t\t\t\t.btn-modal.btn-id-6a01e17a203c87-51772755:hover {\n\t\t\t\t\t\tbackground-color: #e20000 !important;\n\t\t\t\t\t}\n\t\t\t\t\t<\/style><button  data-ultimate-target='#modal-trg-txt-wrap-3093 .btn-modal'  data-responsive-json-new='{\"font-size\":\"\",\"line-height\":\"\"}'  style=\"background:#888888;border-color:#888888;color:#ffffff; \" data-class-id=\"content-6a01e17a203c87-51772755\" class=\"btn-modal ult-responsive btn-primary btn-modal-md overlay-show ult-align-center btn-id-6a01e17a203c87-51772755\" data-overlay-class=\"overlay-cornerbottomleft\">DEMANDE DEVIS GRATUIT<\/button><\/div>\n<div class=\"ult-overlay content-6a01e17a203c87-51772755 \" data-class=\"content-6a01e17a203c87-51772755\" id=\"button-click-overlay\" style=\"background:rgba(51,51,51,0.8); display:none;\">\n\t<div class=\"ult_modal ult-fade ult-medium\">\n\t\t<div id=\"ult-modal-wrap-6827\" class=\"ult_modal-content ult-hide\" style=\"border-style:solid;border-width:2px;border-radius:0px;border-color:#333333;\">\n\t\t\t<div class=\"ult_modal-header\" style=\"color:#333333;border-color:#333333;\">\n\t\t\t\t<h3  data-ultimate-target='#ult-modal-wrap-6827 .ult_modal-title'  data-responsive-json-new='{\"font-size\":\"\",\"line-height\":\"\"}'  class=\"ult_modal-title ult-responsive\">Demande devis gratuit<\/h3>\n\t\t\t<\/div>\n\t\t\t<div  data-ultimate-target='#ult-modal-wrap-6827 .ult_modal-body'  data-responsive-json-new='{\"font-size\":\"\",\"line-height\":\"\"}'  class=\"ult_modal-body ult-responsive ult-html\" style=\"\">\n\t\t\t<\/p>\n<p>[caldera_form id=\u00a0\u00bbCF614462cc44616&Prime;]<\/p>\n<p>\n\t\t\t<\/div>\n\t<\/div>\n\t<\/div>\n\t<div class=\"ult-overlay-close top-right\" style=\"width:80px;height:80px; \"><div class=\"ult-overlay-close-inside\">Close<\/div><\/div>\n<\/div>[\/vc_column_inner][\/vc_row_inner][\/vc_column][\/vc_row][vc_row wrap_container=\u00a0\u00bbyes\u00a0\u00bb css=\u00a0\u00bb.vc_custom_1689256499740{margin-top: 15px !important;}\u00a0\u00bb conditional_render=\u00a0\u00bb%5B%7B%22value_role%22%3A%22administrator%22%7D%5D\u00a0\u00bb][vc_column][vc_custom_heading text=\u00a0\u00bbQuestions fr\u00e9quentes\u00a0\u00bb font_container=\u00a0\u00bbtag:h2|text_align:center|color:%23000000&Prime; use_theme_fonts=\u00a0\u00bbyes\u00a0\u00bb][vc_separator][vc_row_inner][vc_column_inner width=\u00a0\u00bb7\/12&Prime;][vc_column_text]<\/p>\n<h3>Quels sont les services propos\u00e9s par Espamob pour les stages Erasmus en Espagne ?<\/h3>\n<p>Espamob propose une gestion compl\u00e8te des projets de mobilit\u00e9 Erasmus en Espagne. Cela inclut l&rsquo;accompagnement dans la cr\u00e9ation du projet, la recherche de financement, l&rsquo;accueil dans les universit\u00e9s et les entreprises partenaires pour les stages, la recherche de logements sur place et la prise en charge des transferts depuis l&rsquo;a\u00e9roport.<\/p>\n<h3>Comment Espamob peut-il aider les groupes souhaitant r\u00e9aliser un stage Erasmus en Espagne dans le domaine de la poissonnerie ?<\/h3>\n<p>Espamob dispose d&rsquo;un r\u00e9seau de partenaires en Espagne, y compris dans le domaine de la poissonnerie. L&rsquo;agence peut donc faciliter la recherche de stages dans ce domaine sp\u00e9cifique et accompagner les groupes dans leur accueil dans les entreprises partenaires sp\u00e9cialis\u00e9es en poissonnerie.<\/p>\n<h3>Quels sont les avantages de passer par Espamob pour organiser un stage Erasmus en Espagne dans le domaine de la poissonnerie ?<\/h3>\n<p>En passant par Espamob, les groupes b\u00e9n\u00e9ficient d&rsquo;une expertise dans l&rsquo;organisation de stages Erasmus en Espagne. L&rsquo;agence s&rsquo;occupe de toutes les d\u00e9marches administratives, de la recherche de financement et de la logistique sur place, ce qui permet aux participants de se concentrer pleinement sur leur exp\u00e9rience en poissonnerie. De plus, le r\u00e9seau de partenaires d&rsquo;Espamob facilite la recherche de stages dans ce domaine sp\u00e9cifique, offrant ainsi des opportunit\u00e9s uniques aux participants.<\/p>\n<p>[\/vc_column_text][\/vc_column_inner][vc_column_inner width=\u00a0\u00bb1\/12&Prime;][\/vc_column_inner][vc_column_inner width=\u00a0\u00bb4\/12&Prime;][vc_single_image image=\u00a0\u00bb15074&Prime; img_size=\u00a0\u00bbfull\u00a0\u00bb][vc_column_text]<strong>Renseignez-vous sur les diff\u00e9rentes destinations Erasmus + en Espagne :<\/strong><\/p>\n<ul>\n<li><a href=\"https:\/\/espamob.com\/fr\/secteur-stage-entreprise-erasmusplus\/metiers-bouche\/stage-erasmus-boucherie\">Stage Erasmus Boucherie<\/a><\/li>\n<li><a href=\"https:\/\/espamob.com\/fr\/secteur-stage-entreprise-erasmusplus\/metiers-bouche\/stage-erasmus-charcuterie\">Stage Erasmus Charcuterie<\/a><\/li>\n<li><a href=\"https:\/\/espamob.com\/fr\/secteur-stage-entreprise-erasmusplus\/metiers-bouche\/stage-erasmus-sommelier\">Stage Erasmus Sommelier<\/a><\/li>\n<li><a href=\"https:\/\/espamob.com\/fr\/secteur-stage-entreprise-erasmusplus\/metiers-bouche\/stage-erasmus-boulangerie\">Stage Erasmus Boulangerie<\/a><\/li>\n<li><a href=\"https:\/\/espamob.com\/fr\/secteur-stage-entreprise-erasmusplus\/metiers-bouche\/stage-erasmus-patisserie\">Stage Erasmus P\u00e2tisserie<\/a><\/li>\n<li><a href=\"https:\/\/espamob.com\/fr\/secteur-stage-entreprise-erasmusplus\/metiers-bouche\/stage-erasmus-chocolaterie\">Stage Erasmus Chocolaterie<\/a><\/li>\n<li><a href=\"https:\/\/espamob.com\/fr\/secteur-stage-entreprise-erasmusplus\/metiers-bouche\/stage-erasmus-glacier\">Stage Erasmus Glacier<\/a><\/li>\n<li><a href=\"https:\/\/espamob.com\/fr\/secteur-stage-entreprise-erasmusplus\/metiers-bouche\/stage-erasmus-cuisine\">Stage Erasmus Cuisine<\/a><\/li>\n<\/ul>\n<p>[\/vc_column_text][\/vc_column_inner][\/vc_row_inner][\/vc_column][\/vc_row]<\/p>\n<\/div>","protected":false},"excerpt":{"rendered":"<p>[vc_row css=\u00a0\u00bb.vc_custom_1703413554203{margin-top: -20px !important;margin-bottom: 40px !important;background-image: url(https:\/\/espamob.com\/wp-content\/uploads\/2023\/12\/Pescaderia.webp?id=22100) !important;}\u00a0\u00bb conditional_render=\u00a0\u00bb%5B%7B%22value_role%22%3A%22administrator%22%7D%5D\u00a0\u00bb][vc_column css=\u00a0\u00bb.vc_custom_1687965657482{padding-top: 30px !important;}\u00a0\u00bb conditional_render=\u00a0\u00bb%5B%7B%22value_role%22%3A%22administrator%22%7D%5D\u00a0\u00bb][vc_empty_space height=\u00a0\u00bb170&Prime;][vc_custom_heading text=\u00a0\u00bbStage Erasmus &#8211; Poissonnerie\u00a0\u00bb font_container=\u00a0\u00bbtag:h1|font_size:27|text_align:center|color:%23ffffff\u00a0\u00bb use_theme_fonts=\u00a0\u00bbyes\u00a0\u00bb css=\u00a0\u00bb.vc_custom_1702413358739{margin-bottom: 15px !important;background-color: rgba(136,136,136,0.29) !important;*background-color: rgb(136,136,136) !important;}\u00a0\u00bb animation_type=\u00a0\u00bbzoomIn\u00a0\u00bb][vc_empty_space height=\u00a0\u00bb40&Prime;][\/vc_column][\/vc_row][vc_row wrap_container=\u00a0\u00bbyes\u00a0\u00bb text_align=\u00a0\u00bbjustify\u00a0\u00bb][vc_column text_align=\u00a0\u00bbjustify\u00a0\u00bb][vc_column_text] Home Secteurs de stages M\u00e9tiers de la bouche Stage Erasmus : Poissonnerie [\/vc_column_text][vc_custom_heading text=\u00a0\u00bbLe stage Erasmus en poissonnerie : une exp\u00e9rience unique pour<\/p>\n","protected":false},"author":2,"featured_media":0,"parent":11790,"menu_order":0,"comment_status":"closed","ping_status":"closed","template":"","meta":{"footnotes":""},"class_list":["post-17603","page","type-page","status-publish","hentry"],"_links":{"self":[{"href":"https:\/\/espamob.com\/fr\/wp-json\/wp\/v2\/pages\/17603","targetHints":{"allow":["GET"]}}],"collection":[{"href":"https:\/\/espamob.com\/fr\/wp-json\/wp\/v2\/pages"}],"about":[{"href":"https:\/\/espamob.com\/fr\/wp-json\/wp\/v2\/types\/page"}],"author":[{"embeddable":true,"href":"https:\/\/espamob.com\/fr\/wp-json\/wp\/v2\/users\/2"}],"replies":[{"embeddable":true,"href":"https:\/\/espamob.com\/fr\/wp-json\/wp\/v2\/comments?post=17603"}],"version-history":[{"count":0,"href":"https:\/\/espamob.com\/fr\/wp-json\/wp\/v2\/pages\/17603\/revisions"}],"up":[{"embeddable":true,"href":"https:\/\/espamob.com\/fr\/wp-json\/wp\/v2\/pages\/11790"}],"wp:attachment":[{"href":"https:\/\/espamob.com\/fr\/wp-json\/wp\/v2\/media?parent=17603"}],"curies":[{"name":"wp","href":"https:\/\/api.w.org\/{rel}","templated":true}]}}