{"id":16029,"date":"2023-05-15T15:50:31","date_gmt":"2023-05-15T15:50:31","guid":{"rendered":"https:\/\/www.espamob.com\/?page_id=16029"},"modified":"2026-04-02T10:56:25","modified_gmt":"2026-04-02T10:56:25","slug":"stage-erasmus-plus-etudiants-et-apprentis","status":"publish","type":"page","link":"https:\/\/espamob.com\/fr\/stage-erasmus-plus-etudiants-et-apprentis\/","title":{"rendered":"1 &#8211; Stage Erasmus Plus : \u00e9tudiants et apprentis"},"content":{"rendered":"<div class=\"wpb-content-wrapper\"><p>[vc_row css=\u00a0\u00bb.vc_custom_1686146977995{margin-top: -20px !important;background-image: url(https:\/\/espamob.com\/wp-content\/uploads\/2023\/06\/Mobilite-des-etudiants-1240_300.webp?id=16469) !important;background-position: 0 0 !important;background-repeat: no-repeat !important;}\u00a0\u00bb conditional_render=\u00a0\u00bb%5B%7B%22value_role%22%3A%22administrator%22%7D%5D\u00a0\u00bb][vc_column][vc_empty_space height=\u00a0\u00bb220&Prime;][vc_custom_heading text=\u00a0\u00bbStage Erasmus Plus : \u00e9tudiant et apprentis\u00a0\u00bb font_container=\u00a0\u00bbtag:h1|font_size:27|text_align:center|color:%23ffffff\u00a0\u00bb use_theme_fonts=\u00a0\u00bbyes\u00a0\u00bb css=\u00a0\u00bb.vc_custom_1687363792364{margin-bottom: 15px !important;background-color: rgba(136,136,136,0.3) !important;*background-color: rgb(136,136,136) !important;}\u00a0\u00bb][vc_empty_space height=\u00a0\u00bb20&Prime;][\/vc_column][\/vc_row][vc_row wrap_container=\u00a0\u00bbyes\u00a0\u00bb text_align=\u00a0\u00bbjustify\u00a0\u00bb][vc_column text_align=\u00a0\u00bbjustify\u00a0\u00bb][vc_empty_space height=\u00a0\u00bb50&Prime;][vc_custom_heading text=\u00a0\u00bbStage d&rsquo;apprentis et d&rsquo;\u00e9tudiants : R\u00e9alisez votre projet Erasmus Plus avec Espamob !\u00a0\u00bb use_theme_fonts=\u00a0\u00bbyes\u00a0\u00bb css=\u00a0\u00bb.vc_custom_1687363443929{margin-top: 20px !important;}\u00a0\u00bb][vc_separator][vc_row_inner][vc_column_inner width=\u00a0\u00bb7\/12&Prime;][vc_column_text]<\/p>\n<p style=\"text-align: justify;\"><span style=\"font-weight: 400;\">Vous avez obtenu une bourse et vous souhaitez mettre en place une stage\u00a0 Erasmus Plus pour un groupe d&rsquo;apprentis ou d&rsquo;\u00e9tudiants ? Effectuer un stage Erasmus Plus \u00e0 l&rsquo;\u00e9tranger est une opportunit\u00e9 incroyable pour enrichir ses exp\u00e9riences et d\u00e9couvrir de nouveaux pays. Chez Espamob, nous sommes l\u00e0 pour vous accompagner \u00e0 chaque \u00e9tape de votre parcours.<\/span><\/p>\n<p style=\"text-align: justify;\"><span style=\"font-weight: 400;\">De la d\u00e9finition et la faisabilit\u00e9 du projet au suivi de la mobilit\u00e9 sur place, notre \u00e9quipe se charge de l&rsquo;organisation compl\u00e8te de votre programme. <\/span><\/p>\n<p style=\"text-align: justify;\"><span style=\"font-weight: 400;\">Pour la bonne r\u00e9alisation de votre projet, Espamob s&rsquo;occupe : <\/span><\/p>\n<ol>\n<li style=\"text-align: justify;\"><span style=\"font-weight: 400;\">Du placement en entreprise<\/span><\/li>\n<li style=\"text-align: justify;\"><span style=\"font-weight: 400;\">Du calcul des financements et des assurances (assurance Erasmus + et assurance de l&rsquo;\u00e9tablissement)<\/span><\/li>\n<li style=\"text-align: justify;\"><span style=\"font-weight: 400;\">De la gestion logistique incluant l&rsquo;h\u00e9bergement et le transport sur place<\/span><\/li>\n<li style=\"text-align: justify;\"><span style=\"font-weight: 400;\">de toutes les d\u00e9marches administratives n\u00e9cessaires en Espagne<\/span><\/li>\n<\/ol>\n<p><span style=\"font-weight: 400;\">Notre objectif est de vous offrir une exp\u00e9rience sur mesure, en privil\u00e9giant un r\u00e9seau d&rsquo;entreprises s\u00e9lectionn\u00e9es avec soin.<\/span>[\/vc_column_text][\/vc_column_inner][vc_column_inner width=\u00a0\u00bb1\/12&Prime;][\/vc_column_inner][vc_column_inner width=\u00a0\u00bb4\/12&Prime;][vc_single_image image=\u00a0\u00bb17121&Prime; img_size=\u00a0\u00bb400*200&Prime; alignment=\u00a0\u00bbright\u00a0\u00bb style=\u00a0\u00bbvc_box_rounded\u00a0\u00bb][vc_btn title=\u00a0\u00bbJe veux en savoir plus\u00a0\u00bb style=\u00a0\u00bbcustom\u00a0\u00bb custom_background=\u00a0\u00bb#e20000&Prime; custom_text=\u00a0\u00bb#ffffff\u00a0\u00bb align=\u00a0\u00bbcenter\u00a0\u00bb link=\u00a0\u00bburl:https%3A%2F%2Fespamob.com%2Ffr%2Fcontact%2F|title:FR%20Secteurs|target:_blank\u00a0\u00bb][\/vc_column_inner][\/vc_row_inner][vc_custom_heading text=\u00a0\u00bbErasmus Plus \u00e9tudiants et apprentis\u00a0\u00bb font_container=\u00a0\u00bbtag:h3|text_align:left\u00a0\u00bb use_theme_fonts=\u00a0\u00bbyes\u00a0\u00bb css=\u00a0\u00bb.vc_custom_1689256726185{margin-top: 20px !important;}\u00a0\u00bb][vc_row_inner][vc_column_inner width=\u00a0\u00bb4\/12&Prime;][vc_single_image image=\u00a0\u00bb17127&Prime; img_size=\u00a0\u00bb400*200&Prime; style=\u00a0\u00bbvc_box_rounded\u00a0\u00bb][vc_btn title=\u00a0\u00bbD\u00e9couvrez nos services\u00a0\u00bb style=\u00a0\u00bbcustom\u00a0\u00bb custom_background=\u00a0\u00bb#e20000&Prime; custom_text=\u00a0\u00bb#ffffff\u00a0\u00bb align=\u00a0\u00bbcenter\u00a0\u00bb link=\u00a0\u00bburl:https%3A%2F%2Fespamob.com%2Ffr%2Fetapes-mobilite-erasmusplus%2F|title:FR%20Secteurs|target:_blank\u00a0\u00bb][\/vc_column_inner][vc_column_inner width=\u00a0\u00bb1\/12&Prime;][\/vc_column_inner][vc_column_inner width=\u00a0\u00bb7\/12&Prime;][vc_column_text]<span style=\"font-weight: 400;\">Chez <strong>Espamob<\/strong>, nous sommes l\u00e0 pour vous guider dans le cadre de votre projet Erasmus Plus afin de proposer une exp\u00e9rience enrichissante aux \u00e9tudiants ou apprentis de votre \u00e9tablissement. <\/span><\/p>\n<p><span style=\"font-weight: 400;\">Nous comprenons les d\u00e9fis et les questions auxquels vous \u00eates confront\u00e9s, et nous sommes l\u00e0 pour vous aider \u00e0 y r\u00e9pondre. Gr\u00e2ce \u00e0 notre expertise et \u00e0 notre engagement, nous sommes en mesure de cr\u00e9er un programme sur mesure qui r\u00e9pondra \u00e0 vos besoins sp\u00e9cifiques.<\/span><\/p>\n<p><span style=\"font-weight: 400;\">Notre objectif est de vous offrir un accompagnement complet et personnalis\u00e9 tout au long de votre stage Erasmus Plus. <\/span><\/p>\n<p><span style=\"font-weight: 400;\">Nous travaillons en \u00e9troite collaboration avec vous pour identifier vos objectifs et vos pr\u00e9f\u00e9rences, et nous mettons tout en \u0153uvre pour vous proposer les meilleures options de stage en entreprise. <\/span><\/p>\n<p><span style=\"font-weight: 400;\">Que ce soit pour am\u00e9liorer les comp\u00e9tences professionnelles de vos \u00e9tudiants et apprentis ou pour explorer de nouveaux domaines ou d\u00e9couvrir de nouvelles cultures, notre agence est l\u00e0 pour vous aider \u00e0 r\u00e9aliser votre mobilit\u00e9.<\/span><\/p>\n<p><span style=\"font-weight: 400;\">Avec Espamob, vous b\u00e9n\u00e9ficierez d&rsquo;un soutien constant, que ce soit pour la recherche de stage, l&rsquo;organisation logistique, l&rsquo;h\u00e9bergement ou tout autre aspect de votre mobilit\u00e9. Nous serons pr\u00e9sents \u00e0 chaque \u00e9tape du processus, en veillant \u00e0 ce que vous vous sentiez soutenu et en vous offrant des conseils et des ressources pr\u00e9cieuses.<\/span><\/p>\n<p><span style=\"font-weight: 400;\">Faites confiance \u00e0 notre \u00e9quipe de professionnels pour mettre en place votre mobilit\u00e9 de stage Erasmus Plus et vivez une exp\u00e9rience enrichissante et m\u00e9morable. Contactez-nous d\u00e8s aujourd&rsquo;hui et laissez-nous vous accompagner dans cette aventure passionnante !<\/span>[\/vc_column_text][\/vc_column_inner][\/vc_row_inner][vc_empty_space][vc_custom_heading text=\u00a0\u00bb9 questions essentielles pour pour pr\u00e9parer votre mobilit\u00e9\u00a0\u00bb font_container=\u00a0\u00bbtag:h3|text_align:left\u00a0\u00bb use_theme_fonts=\u00a0\u00bbyes\u00a0\u00bb css=\u00a0\u00bb.vc_custom_1685455064853{margin-top: 20px !important;}\u00a0\u00bb][vc_row_inner][vc_column_inner width=\u00a0\u00bb7\/12&Prime;][vc_column_text]<span style=\"font-weight: 400;\">Dans le cadre de notre accompagnement pour votre projet de mobilit\u00e9, nous comprenons l&rsquo;importance de vous aider \u00e0 bien pr\u00e9parer votre exp\u00e9rience. <\/span><\/p>\n<p><span style=\"font-weight: 400;\">Voici une liste de questions essentielles \u00e0 prendre en compte avant de r\u00e9aliser un programme <a href=\"https:\/\/info.erasmusplus.fr\/19-erasmus.html\" target=\"_blank\" rel=\"noopener\">Erasmus +<\/a> :<\/span><\/p>\n<ol style=\"text-align: justify;\">\n<li><span style=\"font-weight: 400;\">Quelle est la formation, le secteur des \u00e9tudiants et apprentis ?<\/span><\/li>\n<li><span style=\"font-weight: 400;\">Quel est leur \u00e2ge ?<\/span><\/li>\n<li><span style=\"font-weight: 400;\">\u00c0 quelle p\u00e9riode souhaitez-vous r\u00e9aliser le stage Erasmus Plus ?<\/span><\/li>\n<li><span style=\"font-weight: 400;\">Quelle est la dur\u00e9e pr\u00e9vue pour votre projet ?<\/span><\/li>\n<li><span style=\"font-weight: 400;\">Combien d&rsquo;accompagnateurs seront pr\u00e9sents pour encadrer le groupe ?<\/span><\/li>\n<li><span style=\"font-weight: 400;\">Souhaitez-vous b\u00e9n\u00e9ficier d&rsquo;un service de transfert aller-retour \u00e0 l&rsquo;a\u00e9roport ?<\/span><\/li>\n<li style=\"font-weight: 400;\" aria-level=\"1\"><span style=\"font-weight: 400;\">Avez-vous besoin d&rsquo;une prise en charge des transports publics ?\u00a0<\/span><\/li>\n<li><span style=\"font-weight: 400;\">Souhaitez-vous participer \u00e0 des activit\u00e9s\u00a0 culturelles sp\u00e9cifiques ?<\/span><\/li>\n<li><span style=\"font-weight: 400;\">Quel type d&rsquo;h\u00e9bergement pr\u00e9f\u00e9rez-vous ?<\/span><\/li>\n<\/ol>\n<p><strong>Espamob&rsquo;<\/strong> vous invite aussi \u00e0 d\u00e9couvrir en d\u00e9tail les <a href=\"https:\/\/espamob.com\/fr\/etapes-mobilite-erasmusplus\/\">\u00c9tapes d&rsquo;une mobilit\u00e9 Erasmus Plus.\u00a0<\/a>[\/vc_column_text][\/vc_column_inner][vc_column_inner width=\u00a0\u00bb1\/12&Prime;][\/vc_column_inner][vc_column_inner width=\u00a0\u00bb4\/12&Prime;][vc_images_carousel images=\u00a0\u00bb7658,7614,7602,7598,7610,7618,7670,12266,12074,11991&Prime; img_size=\u00a0\u00bb400*400&Prime; onclick=\u00a0\u00bbcustom_link\u00a0\u00bb custom_links_target=\u00a0\u00bb_blank\u00a0\u00bb speed=\u00a0\u00bb1000&Prime; slides_per_view=\u00a0\u00bb2&Prime; autoplay=\u00a0\u00bbyes\u00a0\u00bb wrap=\u00a0\u00bbyes\u00a0\u00bb custom_links=\u00a0\u00bb#E-8_aHR0cHMlM0ElMkYlMkZ3d3cuZXNwYW1vYi5jb20lMkZmciUyRnNlY3RldXItc3RhZ2UtZW50cmVwcmlzZS1lcmFzbXVzcGx1cyUyRg==\u00a0\u00bb][vc_btn title=\u00a0\u00bbD\u00e9couvrez nos secteurs de stage !\u00a0\u00bb style=\u00a0\u00bbcustom\u00a0\u00bb custom_background=\u00a0\u00bb#e20000&Prime; custom_text=\u00a0\u00bb#ffffff\u00a0\u00bb align=\u00a0\u00bbcenter\u00a0\u00bb link=\u00a0\u00bburl:https%3A%2F%2Fespamob.com%2Ffr%2Fsecteur-stage-entreprise-erasmusplus%2F|title:FR%20Secteurs|target:_blank\u00a0\u00bb][\/vc_column_inner][\/vc_row_inner][\/vc_column][\/vc_row][vc_row full_width=\u00a0\u00bbstretch_row\u00a0\u00bb wrap_container=\u00a0\u00bbyes\u00a0\u00bb section_skin=\u00a0\u00bbprimary\u00a0\u00bb css=\u00a0\u00bb.vc_custom_1775126226825{background-color: #041941 !important;}\u00a0\u00bb conditional_render=\u00a0\u00bb%5B%7B%22value_role%22%3A%22administrator%22%7D%5D\u00a0\u00bb][vc_column text_align=\u00a0\u00bbcenter\u00a0\u00bb][vc_row_inner css=\u00a0\u00bb.vc_custom_1775126253286{background-color: #041941 !important;}\u00a0\u00bb][vc_column_inner][vc_empty_space][vc_custom_heading text=\u00a0\u00bbFaire une demande de devis gratuit\u00a0\u00bb font_container=\u00a0\u00bbtag:h2|text_align:center|color:%23ffffff\u00a0\u00bb use_theme_fonts=\u00a0\u00bbyes\u00a0\u00bb][vc_column_text]<\/p>\n<div style=\"text-align: center !important; max-width: 800px; margin: 0 auto; padding: 20px;\">\n<p style=\"color: #ffffff !important; font-size: 18px !important; line-height: 1.6 !important; text-align: center !important; margin-bottom: 25px !important;\">Vous avez une id\u00e9e de projet <strong>Erasmus +<\/strong> en Espagne et vous cherchez un partenaire de confiance pour vous accompagner ?<\/p>\n<p style=\"color: #ffffff !important; font-size: 16px !important; line-height: 1.8 !important; text-align: center !important; font-weight: 300 !important; margin-bottom: 25px !important;\"><strong>Espamob\u2019<\/strong> est l\u00e0 pour vous aider ! Nous vous proposons un devis gratuit et sans engagement pour vous aider \u00e0 g\u00e9rer votre projet de mobilit\u00e9. Gr\u00e2ce \u00e0 notre expertise et \u00e0 notre r\u00e9seau d\u2019entreprises partenaires, nous sommes en mesure de vous offrir un accompagnement personnalis\u00e9 pour r\u00e9pondre \u00e0 vos besoins .<\/p>\n<p style=\"color: #ffffff !important; font-size: 16px !important; line-height: 1.8 !important; text-align: center !important; font-weight: 300 !important;\">Contactez-nous d\u00e8s maintenant pour discuter de votre projet et obtenir votre devis gratuit.<\/p>\n<\/div>\n<p>[\/vc_column_text][vc_btn title=\u00a0\u00bbDEMANDE DE DEVIS\u00a0\u00bb style=\u00a0\u00bbcustom\u00a0\u00bb custom_background=\u00a0\u00bb#e20000&Prime; custom_text=\u00a0\u00bb#ffe033&Prime; size=\u00a0\u00bbxl\u00a0\u00bb align=\u00a0\u00bbcenter\u00a0\u00bb link=\u00a0\u00bburl:https%3A%2F%2Fespamob.com%2Ffr%2Fdemande-de-devis%2F\u00a0\u00bb css=\u00a0\u00bb.vc_custom_1772715991411{margin-top: -5px !important;}\u00a0\u00bb][vc_empty_space][\/vc_column_inner][\/vc_row_inner][\/vc_column][\/vc_row][vc_row full_width=\u00a0\u00bbstretch_row\u00a0\u00bb wrap_container=\u00a0\u00bbyes\u00a0\u00bb is_section=\u00a0\u00bbyes\u00a0\u00bb css=\u00a0\u00bb.vc_custom_1688548008128{margin-top: 0px !important;}\u00a0\u00bb conditional_render=\u00a0\u00bb%5B%7B%22value_role%22%3A%22administrator%22%7D%5D\u00a0\u00bb][vc_column][vc_row_inner][vc_column_inner width=\u00a0\u00bb1\/2&Prime;][vc_column_text]<a href=\"https:\/\/espamob.com\/fr\/erasmus-plus-cest-quoi\/#1623062319727-78868d96-caba\">PROGRAMME ERASMUS+ KA2<\/a>[\/vc_column_text][vc_custom_heading text=\u00a0\u00bbMOBILIT\u00c9 DES ENSEIGNANTS\u00a0\u00bb font_container=\u00a0\u00bbtag:h2|text_align:center\u00a0\u00bb use_theme_fonts=\u00a0\u00bbyes\u00a0\u00bb][vc_column_text]<\/p>\n<p style=\"text-align: justify;\">Vous \u00eates\u00a0<strong>personnel de l\u2019enseignement<\/strong>\u00a0et\u00a0 souhaitez acqu\u00e9rir de nouvelles comp\u00e9tences et connaissances ? Les mobilit\u00e9s Erasmus plus sont faites pour vous ! Avec\u00a0<strong>espamob\u2019<\/strong>, organisez votre s\u00e9jour en Espagne et b\u00e9n\u00e9ficiez d\u2019une exp\u00e9rience unique d\u2019apprentissage de m\u00e9thodes et d\u2019outils innovants. Rejoignez d\u00e8s maintenant la communaut\u00e9 des enseignants qui ont choisi Erasmus Plus pour leur d\u00e9veloppement professionnel.<\/p>\n<p>[\/vc_column_text][vc_btn title=\u00a0\u00bbEN SAVOIR PLUS\u00a0\u00bb style=\u00a0\u00bbcustom\u00a0\u00bb custom_background=\u00a0\u00bb#e20000&Prime; custom_text=\u00a0\u00bb#ffffff\u00a0\u00bb align=\u00a0\u00bbcenter\u00a0\u00bb link=\u00a0\u00bburl:https%3A%2F%2Fespamob.com%2Ffr%2Fles-mobilites-des-enseignants-erasmusplus%2F|title:FR%20%E2%80%93%20Contact\u00a0\u00bb][\/vc_column_inner][vc_column_inner width=\u00a0\u00bb1\/2&Prime;][vc_single_image image=\u00a0\u00bb15339&Prime; img_size=\u00a0\u00bbfull\u00a0\u00bb style=\u00a0\u00bbvc_box_rounded\u00a0\u00bb animation_type=\u00a0\u00bbzoomIn\u00a0\u00bb][\/vc_column_inner][\/vc_row_inner][\/vc_column][\/vc_row][vc_row wrap_container=\u00a0\u00bbyes\u00a0\u00bb][vc_column][vc_empty_space height=\u00a0\u00bb60&Prime;][vc_custom_heading text=\u00a0\u00bbQuestions fr\u00e9quentes\u00a0\u00bb font_container=\u00a0\u00bbtag:h2|text_align:center|color:%23000000&Prime; use_theme_fonts=\u00a0\u00bbyes\u00a0\u00bb][vc_separator][vc_row_inner][vc_column_inner width=\u00a0\u00bb2\/3&Prime;][vc_custom_heading text=\u00a0\u00bbQu&rsquo;est-ce que le programme Erasmus + et comment soutient-il les stages dans les pays europ\u00e9ens?\u00a0\u00bb font_container=\u00a0\u00bbtag:h3|text_align:left\u00a0\u00bb use_theme_fonts=\u00a0\u00bbyes\u00a0\u00bb][vc_column_text]<\/p>\n<p style=\"text-align: justify;\">Le programme Erasmus+ est une initiative de l&rsquo;Union Europ\u00e9enne qui soutient l&rsquo;\u00e9ducation, la formation, la jeunesse et le sport en Europe.<\/p>\n<p style=\"text-align: justify;\">Il offre des opportunit\u00e9s aux \u00e9tudiants, stagiaires, personnel d&rsquo;\u00e9ducation et d&rsquo;autres personnes pour acqu\u00e9rir une exp\u00e9rience \u00e0 l&rsquo;\u00e9tranger, notamment par le biais de stages dans divers pays d&rsquo;Europe.<\/p>\n<p>Erasmus+ en France soutient une vari\u00e9t\u00e9 de projets dans divers secteurs. Ces projets comprennent des \u00e9changes de jeunes, des partenariats strat\u00e9giques entre organisations, des stages pour les \u00e9tudiants et les jeunes travailleurs, et bien plus encore.[\/vc_column_text][vc_custom_heading text=\u00a0\u00bbQuels crit\u00e8res doivent \u00eatre remplis par les \u00e9tudiants souhaitant participer \u00e0 une mobilit\u00e9 Erasmus+ ?\u00a0\u00bb font_container=\u00a0\u00bbtag:h3|text_align:left\u00a0\u00bb use_theme_fonts=\u00a0\u00bbyes\u00a0\u00bb][vc_column_text]<\/p>\n<p style=\"text-align: justify;\"><span style=\"font-weight: 400;\">Pour pouvoir effectuer un stage \u00e0 l&rsquo;\u00e9tranger avec Erasmus+, il est n\u00e9cessaire d&rsquo;\u00eatre inscrit dans un \u00e9tablissement d&rsquo;enseignement et de poursuivre des \u00e9tudes conduisant \u00e0 l&rsquo;obtention d&rsquo;un dipl\u00f4me reconnu de l&rsquo;enseignement.<\/span><\/p>\n<p>[\/vc_column_text][vc_custom_heading text=\u00a0\u00bbComment planifier une stage Erasmus plus pour des \u00e9tudiants\/apprentis avec Espamob ?\u00a0\u00bb font_container=\u00a0\u00bbtag:h3|text_align:left\u00a0\u00bb use_theme_fonts=\u00a0\u00bbyes\u00a0\u00bb css=\u00a0\u00bb.vc_custom_1687945033270{margin-top: -20px !important;}\u00a0\u00bb][vc_column_text]<\/p>\n<p style=\"text-align: justify;\"><span style=\"font-weight: 400;\">Pour mettre en place une mobilit\u00e9 Erasmus+ pour des groupes d&rsquo;\u00e9tudiants ou d&rsquo;apprentis avec Espamob, il vous suffit de nous contacter afin d&rsquo;obtenir un devis personnalis\u00e9 qui r\u00e9pondra \u00e0 vos besoins sp\u00e9cifiques.<\/span><\/p>\n<p>Ensemble nous d\u00e9terminerons la dur\u00e9e, les dates, le financement et les contours du projet. Nous vous aiderons \u00e9galement \u00e0 d\u00e9finir le montant de la bourse Erasmus + par \u00e9tudiant, qui d\u00e9pend de plusieurs facteurs ( la dur\u00e9e du stage, le co\u00fbt de la vie dans le pays d&rsquo;accueil, et les frais de voyage).[\/vc_column_text][vc_custom_heading text=\u00a0\u00bbQuels sont les avantages d&rsquo;opter pour une mobilit\u00e9 Erasmus+ en Espagne avec Espamob ?\u00a0\u00bb font_container=\u00a0\u00bbtag:h3|text_align:left\u00a0\u00bb use_theme_fonts=\u00a0\u00bbyes\u00a0\u00bb css=\u00a0\u00bb.vc_custom_1685457020885{margin-top: -10px !important;}\u00a0\u00bb][vc_column_text]<\/p>\n<p style=\"text-align: justify;\"><span style=\"font-weight: 400;\">Choisir de participer \u00e0 une mobilit\u00e9 Erasmus+ en Espagne offre une exp\u00e9rience \u00e0 l&rsquo;\u00e9tranger enrichissante, propice au d\u00e9veloppement des comp\u00e9tences professionnelles et personnelles des participants. <\/span><\/p>\n<p>Le programme Erasmus+ favorise l&#8217;emploi en fournissant une exp\u00e9rience professionnelle pr\u00e9cieuse dans un contexte europ\u00e9en. Les stages permettent aux participants d&rsquo;acqu\u00e9rir des comp\u00e9tences sp\u00e9cifiques, d&rsquo;am\u00e9liorer leur langue \u00e9trang\u00e8re et de comprendre la culture du pays h\u00f4te. Toutes ces comp\u00e9tences sont tr\u00e8s valoris\u00e9es par les employeurs.<\/p>\n<p style=\"text-align: justify;\"><span style=\"font-weight: 400;\">De plus, l&rsquo;Espagne est un choix privil\u00e9gi\u00e9 parmi les pays europ\u00e9ens pour ceux qui aspirent \u00e0 une mobilit\u00e9 professionnelle internationale, en raison de la qualit\u00e9 de vie qu&rsquo;elle offre et de l&rsquo;excellence de ses entreprises<\/span><\/p>\n<p>[\/vc_column_text][\/vc_column_inner][vc_column_inner width=\u00a0\u00bb1\/3&Prime;][vc_single_image image=\u00a0\u00bb27520&Prime; img_size=\u00a0\u00bbfull\u00a0\u00bb][\/vc_column_inner][\/vc_row_inner][\/vc_column][\/vc_row][vc_row full_width=\u00a0\u00bbstretch_row\u00a0\u00bb wrap_container=\u00a0\u00bbyes\u00a0\u00bb css=\u00a0\u00bb.vc_custom_1688548457446{margin-bottom: -11px !important;background-color: #f4f4f4 !important;}\u00a0\u00bb conditional_render=\u00a0\u00bb%5B%7B%22value_role%22%3A%22administrator%22%7D%5D\u00a0\u00bb][vc_column][vc_empty_space height=\u00a0\u00bb50&Prime;][vc_custom_heading text=\u00a0\u00bbRetour d\u2019exp\u00e9rience\u00a0\u00bb font_container=\u00a0\u00bbtag:h2|text_align:center\u00a0\u00bb use_theme_fonts=\u00a0\u00bbyes\u00a0\u00bb][vc_separator color=\u00a0\u00bbwhite\u00a0\u00bb css=\u00a0\u00bb.vc_custom_1659374596508{margin-top: -10px !important;}\u00a0\u00bb][vc_empty_space height=\u00a0\u00bb60&Prime;]<div class=\"mgl_tubelab mgl_tubelab_container mgl_tubelab_template_default\" data-mgl-tubelab-parameters=\"type=playlist&value=PLLGrER9ieWtBvtd3jbaFSHCKHYMIeoItQ&user=&channel_id=&count=4&cols=4&mode=lightbox&template=default&display=title&pagination=true&size=medium&video_id=&playlists=all&mini=0\">\n\t<div class=\"mgl_tubelab mgl_tubelab_content mgl_tubelab_content-cols4\">\n\t<\/div>\n\t\t\t<div class=\"mgl_tubelab_pagination\">\n\t\t\t<div class=\"mgl_tubelab_pagination_item mgl_tubelab_pagination_item_prev\">\n\t\t\t\t<a href=\"#\" class=\"mgl_tubelab_pagination_prev\">Previous page<\/a>\n\t\t\t<\/div>\n\t\t\t<div class=\"mgl_tubelab_pagination_item mgl_tubelab_pagination_item_next\">\n\t\t\t\t<a href=\"#\" class=\"mgl_tubelab_pagination_next\">Next page<\/a>\n\t\t\t<\/div>\n\t\t<\/div>\n\t<\/div>[vc_empty_space][\/vc_column][\/vc_row]<\/p>\n<\/div>","protected":false},"excerpt":{"rendered":"<p>[vc_row css=\u00a0\u00bb.vc_custom_1686146977995{margin-top: -20px !important;background-image: url(https:\/\/espamob.com\/wp-content\/uploads\/2023\/06\/Mobilite-des-etudiants-1240_300.webp?id=16469) !important;background-position: 0 0 !important;background-repeat: no-repeat !important;}\u00a0\u00bb conditional_render=\u00a0\u00bb%5B%7B%22value_role%22%3A%22administrator%22%7D%5D\u00a0\u00bb][vc_column][vc_empty_space height=\u00a0\u00bb220&Prime;][vc_custom_heading text=\u00a0\u00bbStage Erasmus Plus : \u00e9tudiant et apprentis\u00a0\u00bb font_container=\u00a0\u00bbtag:h1|font_size:27|text_align:center|color:%23ffffff\u00a0\u00bb use_theme_fonts=\u00a0\u00bbyes\u00a0\u00bb css=\u00a0\u00bb.vc_custom_1687363792364{margin-bottom: 15px !important;background-color: rgba(136,136,136,0.3) !important;*background-color: rgb(136,136,136) !important;}\u00a0\u00bb][vc_empty_space height=\u00a0\u00bb20&Prime;][\/vc_column][\/vc_row][vc_row wrap_container=\u00a0\u00bbyes\u00a0\u00bb text_align=\u00a0\u00bbjustify\u00a0\u00bb][vc_column text_align=\u00a0\u00bbjustify\u00a0\u00bb][vc_empty_space height=\u00a0\u00bb50&Prime;][vc_custom_heading text=\u00a0\u00bbStage d&rsquo;apprentis et d&rsquo;\u00e9tudiants : R\u00e9alisez votre projet Erasmus Plus avec Espamob !\u00a0\u00bb use_theme_fonts=\u00a0\u00bbyes\u00a0\u00bb css=\u00a0\u00bb.vc_custom_1687363443929{margin-top: 20px !important;}\u00a0\u00bb][vc_separator][vc_row_inner][vc_column_inner width=\u00a0\u00bb7\/12&Prime;][vc_column_text] Vous avez obtenu<\/p>\n","protected":false},"author":2,"featured_media":16438,"parent":0,"menu_order":0,"comment_status":"closed","ping_status":"closed","template":"","meta":{"footnotes":""},"class_list":["post-16029","page","type-page","status-publish","has-post-thumbnail","hentry"],"_links":{"self":[{"href":"https:\/\/espamob.com\/fr\/wp-json\/wp\/v2\/pages\/16029","targetHints":{"allow":["GET"]}}],"collection":[{"href":"https:\/\/espamob.com\/fr\/wp-json\/wp\/v2\/pages"}],"about":[{"href":"https:\/\/espamob.com\/fr\/wp-json\/wp\/v2\/types\/page"}],"author":[{"embeddable":true,"href":"https:\/\/espamob.com\/fr\/wp-json\/wp\/v2\/users\/2"}],"replies":[{"embeddable":true,"href":"https:\/\/espamob.com\/fr\/wp-json\/wp\/v2\/comments?post=16029"}],"version-history":[{"count":0,"href":"https:\/\/espamob.com\/fr\/wp-json\/wp\/v2\/pages\/16029\/revisions"}],"wp:featuredmedia":[{"embeddable":true,"href":"https:\/\/espamob.com\/fr\/wp-json\/wp\/v2\/media\/16438"}],"wp:attachment":[{"href":"https:\/\/espamob.com\/fr\/wp-json\/wp\/v2\/media?parent=16029"}],"curies":[{"name":"wp","href":"https:\/\/api.w.org\/{rel}","templated":true}]}}