{"id":15609,"date":"2023-05-08T14:02:31","date_gmt":"2023-05-08T14:02:31","guid":{"rendered":"https:\/\/www.espamob.com\/?page_id=15609"},"modified":"2026-04-02T10:54:55","modified_gmt":"2026-04-02T10:54:55","slug":"les-mobilites-des-enseignants-erasmusplus","status":"publish","type":"page","link":"https:\/\/espamob.com\/fr\/les-mobilites-des-enseignants-erasmusplus\/","title":{"rendered":"1 &#8211; FR Mobilit\u00e9 Enseignants Erasmus plus"},"content":{"rendered":"<div class=\"wpb-content-wrapper\"><p>[vc_row css=\u00a0\u00bb.vc_custom_1687858861410{margin-top: -20px !important;background-image: url(https:\/\/espamob.com\/wp-content\/uploads\/2023\/05\/Mobilite-des-enseignants-300-px-1.png?id=16280) !important;background-position: center !important;background-repeat: no-repeat !important;background-size: cover !important;}\u00a0\u00bb conditional_render=\u00a0\u00bb%5B%7B%22value_role%22%3A%22administrator%22%7D%5D\u00a0\u00bb][vc_column][vc_empty_space height=\u00a0\u00bb240&Prime;][vc_custom_heading text=\u00a0\u00bbLes mobilit\u00e9s du personnel enseignant de la formation professionnels avec Erasmus Plus\u00a0\u00bb font_container=\u00a0\u00bbtag:h1|font_size:27|text_align:center|color:%23ffffff\u00a0\u00bb use_theme_fonts=\u00a0\u00bbyes\u00a0\u00bb css=\u00a0\u00bb.vc_custom_1686149727401{margin-bottom: 15px !important;background-color: rgba(136,136,136,0.29) !important;*background-color: rgb(136,136,136) !important;}\u00a0\u00bb][vc_empty_space height=\u00a0\u00bb60&Prime;][\/vc_column][\/vc_row][vc_row wrap_container=\u00a0\u00bbyes\u00a0\u00bb text_align=\u00a0\u00bbjustify\u00a0\u00bb][vc_column text_align=\u00a0\u00bbjustify\u00a0\u00bb][vc_empty_space height=\u00a0\u00bb50&Prime;][vc_custom_heading text=\u00a0\u00bbMobilit\u00e9s des Enseignants avec Erasmus Plus\u00a0\u00bb use_theme_fonts=\u00a0\u00bbyes\u00a0\u00bb css=\u00a0\u00bb.vc_custom_1687865552636{margin-top: 20px !important;}\u00a0\u00bb][vc_custom_heading text=\u00a0\u00bbQu&rsquo;est-ce que sont les mobilit\u00e9s Erasmus+ pour enseignants ?\u00a0\u00bb font_container=\u00a0\u00bbtag:h3|text_align:justify\u00a0\u00bb use_theme_fonts=\u00a0\u00bbyes\u00a0\u00bb css=\u00a0\u00bb.vc_custom_1687865313318{margin-top: 20px !important;}\u00a0\u00bb][vc_row_inner][vc_column_inner width=\u00a0\u00bb7\/12&Prime;][vc_column_text]<\/p>\n<p style=\"text-align: justify;\">Les mobilit\u00e9s Erasmus+ \u00e0 destination des personnels de l&rsquo;enseignement permettent d&rsquo;organiser des s\u00e9jours dans un pays membre du programme, dont l&rsquo;objectif est le partage de comp\u00e9tences et connaissances, de m\u00e9thodes et\/ou d&rsquo;outils.<\/p>\n<p style=\"text-align: justify;\"><strong>Les mobilit\u00e9s des enseignants et Erasmus Plus<\/strong> vont de paire dans le cadre du projet Europ\u00e9en de l&rsquo;\u00e9ducation. Erasmus Plus offre aux enseignants ou aux personnes travaillant dans le secteur de l&rsquo;\u00e9ducation la possibilit\u00e9 de partir en Europe afin de vivre une nouvelle exp\u00e9rience. <strong>L&rsquo;objectif de ce programme<\/strong> est d&rsquo;encourager les \u00e9tablissements scolaires \u00e0 s&rsquo;engager dans des \u00e9changes transfrontaliers et \u00e0 r\u00e9aliser des projets de mobilit\u00e9.<\/p>\n<p style=\"text-align: justify;\">Gr\u00e2ce \u00e0 cette aide europ\u00e9enne, les enseignants et le personnel \u00e9ducatif peuvent b\u00e9n\u00e9ficier de diff\u00e9rentes opportunit\u00e9s de mobilit\u00e9 telles que des formations, des \u00e9changes de bonnes pratiques, des stages professionnels, ou encore des missions d&rsquo;enseignement \u00e0 l&rsquo;\u00e9tranger.<\/p>\n<p style=\"text-align: justify;\">Cette exp\u00e9rience\u00a0 permet de s&rsquo;adapter \u00e0 de nouveaux modes d&rsquo;enseignement, de r\u00e9aliser une formation, de d\u00e9couvrir de nouvelles m\u00e9thodes de travail ou d&rsquo;am\u00e9liorer ses comp\u00e9tences linguistiques.<\/p>\n<p>[\/vc_column_text][\/vc_column_inner][vc_column_inner width=\u00a0\u00bb1\/12&Prime;][\/vc_column_inner][vc_column_inner width=\u00a0\u00bb4\/12&Prime;][vc_single_image image=\u00a0\u00bb16410&Prime; img_size=\u00a0\u00bb400*200&Prime; alignment=\u00a0\u00bbright\u00a0\u00bb style=\u00a0\u00bbvc_box_rounded\u00a0\u00bb][\/vc_column_inner][\/vc_row_inner][vc_custom_heading text=\u00a0\u00bbQui peut b\u00e9n\u00e9ficier d&rsquo;Erasmus Plus Enseignant ?\u00a0\u00bb font_container=\u00a0\u00bbtag:h3|text_align:right\u00a0\u00bb use_theme_fonts=\u00a0\u00bbyes\u00a0\u00bb css=\u00a0\u00bb.vc_custom_1687859100121{margin-top: 20px !important;}\u00a0\u00bb][vc_row_inner][vc_column_inner width=\u00a0\u00bb4\/12&Prime;][vc_single_image image=\u00a0\u00bb16420&Prime; img_size=\u00a0\u00bb400*200&Prime; style=\u00a0\u00bbvc_box_rounded\u00a0\u00bb][\/vc_column_inner][vc_column_inner width=\u00a0\u00bb1\/12&Prime;][\/vc_column_inner][vc_column_inner width=\u00a0\u00bb7\/12&Prime;][vc_column_text]<\/p>\n<p style=\"text-align: justify;\">Les programmes de mobilit\u00e9s des enseignants Erasmus Plus sont \u00e0 destination de tous les personnels de l&rsquo;enseignement. Voici la liste des m\u00e9tiers \u00e9ligibles \u00e0 la subvention mobilit\u00e9 Erasmus Plus :<\/p>\n<ol>\n<li>Les professeurs de l\u2019enseignement primaire, secondaire et sup\u00e9rieur<\/li>\n<li>Les chefs d\u2019\u00e9tablissement<\/li>\n<li>Les directeurs d\u2019\u00e9cole ou les CPE<\/li>\n<li>Les inspecteurs<\/li>\n<li>Les formateurs du secteur professionnel<\/li>\n<\/ol>\n<p>La seule condition est que le s\u00e9jour doit avoir un objectif d&rsquo;apprentissage, de partage de connaissance ou de formation.<\/p>\n<p>[\/vc_column_text][\/vc_column_inner][\/vc_row_inner][vc_custom_heading text=\u00a0\u00bbPourquoi vous faire accompagner par Espamob ?\u00a0\u00bb font_container=\u00a0\u00bbtag:h3|text_align:justify\u00a0\u00bb use_theme_fonts=\u00a0\u00bbyes\u00a0\u00bb css=\u00a0\u00bb.vc_custom_1687866215145{margin-top: 20px !important;}\u00a0\u00bb][vc_row_inner][vc_column_inner width=\u00a0\u00bb7\/12&Prime;][vc_column_text]<\/p>\n<p style=\"text-align: center;\"><strong>Vous \u00eates personnel de l&rsquo;enseignement et souhaitez acqu\u00e9rir de nouvelles comp\u00e9tences et connaissances ?<\/strong><\/p>\n<p style=\"text-align: justify;\">Les mobilit\u00e9s Erasmus plus sont faites pour vous ! Avec <strong>espamob&rsquo;<\/strong>, organisez votre s\u00e9jour en Espagne et b\u00e9n\u00e9ficiez d&rsquo;une exp\u00e9rience unique d&rsquo;apprentissage de m\u00e9thodes et d&rsquo;outils innovants. Rejoignez d\u00e8s maintenant la communaut\u00e9 des enseignants qui ont choisi Erasmus Plus pour leur d\u00e9veloppement professionnel.<\/p>\n<p style=\"text-align: justify;\">Offrez-vous la possibilit\u00e9 de vous former en tant que personnel de l&rsquo;enseignement en <strong>Espagne<\/strong> ! Avec <strong>espamob&rsquo;<\/strong>, profitez d&rsquo;une p\u00e9riode d&rsquo;observation ou participez \u00e0 un cours structur\u00e9\u00a0 dans le domaine de l&rsquo;\u00e9ducation. B\u00e9n\u00e9ficiez ainsi d&rsquo;une exp\u00e9rience pratique et enrichissante pour votre d\u00e9veloppement professionnel. Inscrivez-vous d\u00e8s maintenant pour d\u00e9couvrir nos offres de mobilit\u00e9 Erasmus plus.<\/p>\n<p>[\/vc_column_text][\/vc_column_inner][vc_column_inner width=\u00a0\u00bb1\/12&Prime;][\/vc_column_inner][vc_column_inner width=\u00a0\u00bb4\/12&Prime;][vc_single_image image=\u00a0\u00bb17095&Prime; img_size=\u00a0\u00bb400*200&Prime; alignment=\u00a0\u00bbright\u00a0\u00bb style=\u00a0\u00bbvc_box_rounded\u00a0\u00bb][vc_btn title=\u00a0\u00bbJe contacte Espamob\u00a0\u00bb style=\u00a0\u00bbcustom\u00a0\u00bb custom_background=\u00a0\u00bb#e20000&Prime; custom_text=\u00a0\u00bb#ffffff\u00a0\u00bb align=\u00a0\u00bbcenter\u00a0\u00bb link=\u00a0\u00bburl:https%3A%2F%2Fespamob.com%2Ffr%2Fcontact%2F|target:_blank\u00a0\u00bb][\/vc_column_inner][\/vc_row_inner][vc_empty_space][\/vc_column][\/vc_row][vc_row full_width=\u00a0\u00bbstretch_row\u00a0\u00bb wrap_container=\u00a0\u00bbyes\u00a0\u00bb section_skin=\u00a0\u00bbprimary\u00a0\u00bb css=\u00a0\u00bb.vc_custom_1775126226825{background-color: #041941 !important;}\u00a0\u00bb conditional_render=\u00a0\u00bb%5B%7B%22value_role%22%3A%22administrator%22%7D%5D\u00a0\u00bb][vc_column text_align=\u00a0\u00bbcenter\u00a0\u00bb][vc_row_inner css=\u00a0\u00bb.vc_custom_1775126253286{background-color: #041941 !important;}\u00a0\u00bb][vc_column_inner][vc_empty_space height=\u00a0\u00bb35px\u00a0\u00bb][vc_custom_heading text=\u00a0\u00bbFaire une demande de devis gratuit\u00a0\u00bb font_container=\u00a0\u00bbtag:h2|text_align:center|color:%23ffffff\u00a0\u00bb use_theme_fonts=\u00a0\u00bbyes\u00a0\u00bb][vc_column_text]<\/p>\n<div style=\"text-align: center !important; max-width: 800px; margin: 0 auto; padding: 20px;\">\n<p style=\"color: #ffffff !important; font-size: 18px !important; line-height: 1.6 !important; text-align: center !important; margin-bottom: 25px !important;\">Vous avez une id\u00e9e de projet <strong>Erasmus +<\/strong> en Espagne et vous cherchez un partenaire de confiance pour vous accompagner ?<\/p>\n<p style=\"color: #ffffff !important; font-size: 16px !important; line-height: 1.8 !important; text-align: center !important; font-weight: 300 !important; margin-bottom: 25px !important;\"><strong>Espamob\u2019<\/strong> est l\u00e0 pour vous aider ! Nous vous proposons un devis gratuit et sans engagement pour vous aider \u00e0 g\u00e9rer votre projet de mobilit\u00e9. Gr\u00e2ce \u00e0 notre expertise et \u00e0 notre r\u00e9seau d\u2019entreprises partenaires, nous sommes en mesure de vous offrir un accompagnement personnalis\u00e9 pour r\u00e9pondre \u00e0 vos besoins .<\/p>\n<p style=\"color: #ffffff !important; font-size: 16px !important; line-height: 1.8 !important; text-align: center !important; font-weight: 300 !important;\">Contactez-nous d\u00e8s maintenant pour discuter de votre projet et obtenir votre devis gratuit.<\/p>\n<\/div>\n<p>[\/vc_column_text][vc_btn title=\u00a0\u00bbDEMANDE DE DEVIS\u00a0\u00bb style=\u00a0\u00bbcustom\u00a0\u00bb custom_background=\u00a0\u00bb#e20000&Prime; custom_text=\u00a0\u00bb#ffe033&Prime; size=\u00a0\u00bbxl\u00a0\u00bb align=\u00a0\u00bbcenter\u00a0\u00bb link=\u00a0\u00bburl:https%3A%2F%2Fespamob.com%2Ffr%2Fdemande-de-devis%2F\u00a0\u00bb css=\u00a0\u00bb.vc_custom_1772715991411{margin-top: -5px !important;}\u00a0\u00bb][vc_empty_space height=\u00a0\u00bb35px\u00a0\u00bb][\/vc_column_inner][\/vc_row_inner][\/vc_column][\/vc_row][vc_row][vc_column width=\u00a0\u00bb7\/12&Prime;][vc_custom_heading text=\u00a0\u00bbD\u00e9couvrez nos solutions de mobilit\u00e9 pour enseignants\u00a0\u00bb font_container=\u00a0\u00bbtag:h3|text_align:justify\u00a0\u00bb use_theme_fonts=\u00a0\u00bbyes\u00a0\u00bb css=\u00a0\u00bb.vc_custom_1683982152649{margin-top: 20px !important;}\u00a0\u00bb][vc_column_text]<\/p>\n<p style=\"text-align: justify;\">Chez <strong>Espamob<\/strong>&lsquo;, nous sommes l\u00e0 pour vous accompagner dans l&rsquo;organisation de vos projets de mobilit\u00e9 professionnelle en Espagne de A \u00e0 Z. Nous vous permettons de vous concentrer sur votre d\u00e9veloppement professionnel et personnel. Gr\u00e2ce au programme Erasmus Plus, diff\u00e9rentes options s&rsquo;offrent \u00e0 vous :<\/p>\n<ol style=\"text-align: justify;\">\n<li>Les mobilit\u00e9s de <strong>Job Shadowing<\/strong> en entreprise pour\u00a0 acqu\u00e9rir de nouvelles comp\u00e9tences pratiques.<\/li>\n<li><a href=\"https:\/\/espamob.com\/fr\/secteur-stage-entreprise-erasmusplus\/\"><strong>Les stages en entreprise<\/strong><\/a> pour d\u00e9velopper vos comp\u00e9tences professionnelles.<\/li>\n<li><strong>Les rencontres avec des professionnels<\/strong> pour \u00e9changer avec des experts de votre secteur.<\/li>\n<li><strong>Les cours de langues<\/strong> pour am\u00e9liorer votre niveau linguistique et faciliter votre communication.<\/li>\n<li><strong>Les cours de formations<\/strong> divers pour vous former et vous sp\u00e9cialiser dans un domaine particulier.<\/li>\n<\/ol>\n<p style=\"text-align: justify;\">Nous nous engageons \u00e0 vous offrir une exp\u00e9rience de mobilit\u00e9 professionnelle en Espagne sur mesure, adapt\u00e9e \u00e0 vos\u00a0 aspirations.\u00a0 N&rsquo;h\u00e9sitez plus et <a href=\"https:\/\/espamob.com\/fr\/contact\/\">contactez-nous<\/a> pour concr\u00e9tiser votre projet avec succ\u00e8s !<\/p>\n<p>[\/vc_column_text][\/vc_column][vc_column width=\u00a0\u00bb1\/12&Prime;][\/vc_column][vc_column width=\u00a0\u00bb4\/12&Prime;][vc_empty_space][vc_images_carousel images=\u00a0\u00bb7658,7602,7598,7618,7670,11991,17121,17095&Prime; img_size=\u00a0\u00bb400*400&Prime; onclick=\u00a0\u00bbcustom_link\u00a0\u00bb custom_links_target=\u00a0\u00bb_blank\u00a0\u00bb speed=\u00a0\u00bb1000&Prime; slides_per_view=\u00a0\u00bb2&Prime; autoplay=\u00a0\u00bbyes\u00a0\u00bb wrap=\u00a0\u00bbyes\u00a0\u00bb custom_links=\u00a0\u00bb#E-8_aHR0cHMlM0ElMkYlMkZ3d3cuZXNwYW1vYi5jb20lMkZmciUyRnNlY3RldXItc3RhZ2UtZW50cmVwcmlzZS1lcmFzbXVzcGx1cyUyRg==\u00a0\u00bb][vc_btn title=\u00a0\u00bbD\u00e9couvrez nos secteurs de stage !\u00a0\u00bb style=\u00a0\u00bbcustom\u00a0\u00bb custom_background=\u00a0\u00bb#e20000&Prime; custom_text=\u00a0\u00bb#ffffff\u00a0\u00bb align=\u00a0\u00bbcenter\u00a0\u00bb link=\u00a0\u00bburl:https%3A%2F%2Fespamob.com%2Ffr%2Fsecteur-stage-entreprise-erasmusplus%2F|title:FR%20Secteurs|target:_blank\u00a0\u00bb][\/vc_column][\/vc_row][vc_row full_width=\u00a0\u00bbstretch_row\u00a0\u00bb wrap_container=\u00a0\u00bbyes\u00a0\u00bb is_section=\u00a0\u00bbyes\u00a0\u00bb css=\u00a0\u00bb.vc_custom_1684857344078{margin-top: 20px !important;}\u00a0\u00bb][vc_column width=\u00a0\u00bb7\/12&Prime;][vc_column_text]<a href=\"https:\/\/espamob.com\/fr\/erasmus-plus-cest-quoi\/#1623062319727-78868d96-caba\">PROGRAMME ERASMUS+ KA1<\/a><\/p>\n<p>[\/vc_column_text][vc_custom_heading text=\u00a0\u00bbMOBILIT\u00c9 DES \u00c9TUDIANTS\u00a0\u00bb font_container=\u00a0\u00bbtag:h2|text_align:center\u00a0\u00bb use_theme_fonts=\u00a0\u00bbyes\u00a0\u00bb][vc_column_text]<\/p>\n<p style=\"text-align: justify;\"><span style=\"font-weight: 400;\">Offrez une exp\u00e9rience inoubliable \u00e0 un groupe de jeunes gr\u00e2ce \u00e0 votre bourse Erasmus+ en organisant une mobilit\u00e9 professionnelle \u00e0 l&rsquo;\u00e9tranger avec Espamob, votre partenaire de choix en Espagne. Nous sommes l\u00e0 pour vous aider \u00e0 planifier et \u00e0 r\u00e9aliser votre projet de mobilit\u00e9, offrant une expertise et des solutions personnalis\u00e9es pour garantir le succ\u00e8s de votre programme. <\/span><\/p>\n<p>[\/vc_column_text][vc_btn title=\u00a0\u00bbEN SAVOIR PLUS\u00a0\u00bb style=\u00a0\u00bbcustom\u00a0\u00bb custom_background=\u00a0\u00bb#e20000&Prime; custom_text=\u00a0\u00bb#ffffff\u00a0\u00bb align=\u00a0\u00bbcenter\u00a0\u00bb link=\u00a0\u00bburl:https%3A%2F%2Fespamob.com%2Ffr%2Fstage-erasmus-plus-etudiants-et-apprentis%2F|title:Stage%20Erasmus%20Plus\u00a0\u00bb][\/vc_column][vc_column width=\u00a0\u00bb5\/12&Prime;][vc_single_image image=\u00a0\u00bb15345&Prime; img_size=\u00a0\u00bbfull\u00a0\u00bb style=\u00a0\u00bbvc_box_rounded\u00a0\u00bb animation_type=\u00a0\u00bbzoomIn\u00a0\u00bb][\/vc_column][\/vc_row][vc_row wrap_container=\u00a0\u00bbyes\u00a0\u00bb][vc_column][vc_empty_space height=\u00a0\u00bb60&Prime;][vc_custom_heading text=\u00a0\u00bbQuestions fr\u00e9quentes sur les mobilit\u00e9s Erasmus + des enseignants\u00a0\u00bb font_container=\u00a0\u00bbtag:h2|text_align:center|color:%23000000&Prime; use_theme_fonts=\u00a0\u00bbyes\u00a0\u00bb][vc_separator][vc_row_inner][vc_column_inner width=\u00a0\u00bb2\/3&Prime;][vc_custom_heading text=\u00a0\u00bbPourquoi participer \u00e0 une mobilit\u00e9 Erasmus plus en tant qu&rsquo;enseignant ?\u00a0\u00bb font_container=\u00a0\u00bbtag:h3|text_align:justify\u00a0\u00bb use_theme_fonts=\u00a0\u00bbyes\u00a0\u00bb][vc_column_text]<\/p>\n<p style=\"text-align: justify;\"><a href=\"https:\/\/agence.erasmusplus.fr\/en\/fiches-pratiques\/mobilites-des-personnels-de-lenseignement-scolaire\/\" target=\"_blank\" rel=\"noopener\">Les mobilit\u00e9s Erasmus plus pour enseignant<\/a> offrent\u00a0 l&rsquo;opportunit\u00e9 de d\u00e9velopper leurs comp\u00e9tences professionnelles, d&rsquo;\u00e9changer afin d&rsquo;am\u00e9liorer toutes les comp\u00e9tences linguistiques et interculturelles.<\/p>\n<p style=\"text-align: justify;\">Les mobilit\u00e9s Erasmus+ pour les enseignants permettent :<\/p>\n<ol>\n<li>Aux personnels de l&rsquo;enseignement de r\u00e9aliser une mission d&rsquo;enseignement dans un \u00e9tablissement scolaire europ\u00e9en.<\/li>\n<li>Aux personnels de l&rsquo;enseignement de r\u00e9aliser une formation dans un \u00e9tablissement scolaire ou autre organisme de l&rsquo;enseignement.<\/li>\n<\/ol>\n<p>[\/vc_column_text][vc_custom_heading text=\u00a0\u00bbComment mettre en place une mobilit\u00e9 Erasmus plus pour des Enseignants ?\u00a0\u00bb font_container=\u00a0\u00bbtag:h3|text_align:justify\u00a0\u00bb use_theme_fonts=\u00a0\u00bbyes\u00a0\u00bb css=\u00a0\u00bb.vc_custom_1687874656462{margin-top: -20px !important;}\u00a0\u00bb][vc_column_text]<\/p>\n<p style=\"text-align: justify;\">Pour organiser une mobilit\u00e9 Erasmus plus avec Espamob, il vous suffit simplement de contacter notre agence pour que nous puissions vous proposer un devis gratuit personnalis\u00e9 en fonction de vos besoins et attentes. Notre organisme vous permettra de planifier les objectifs, la dur\u00e9e, le financement et la structure d&rsquo;accueil id\u00e9al pour votre projet.<\/p>\n<p>[\/vc_column_text][vc_custom_heading text=\u00a0\u00bbPourquoi faire une mobilit\u00e9 Erasmus plus en Espagne?\u00a0\u00bb font_container=\u00a0\u00bbtag:h3|text_align:justify\u00a0\u00bb use_theme_fonts=\u00a0\u00bbyes\u00a0\u00bb css=\u00a0\u00bb.vc_custom_1671216710379{margin-top: -10px !important;}\u00a0\u00bb][vc_column_text]<\/p>\n<p style=\"text-align: justify;\">L&rsquo;Espagne fait partie des 33 pays participant au programme Erasmus +.<\/p>\n<p style=\"text-align: justify;\">Participer \u00e0 une mobilit\u00e9 Erasmus en Espagne offrira une exp\u00e9rience \u00e0 l&rsquo;\u00e9tranger qui permettra d&rsquo;enrichir les comp\u00e9tences professionnelles et personnelles des participants. De plus, l&rsquo;Espagne est la destination privil\u00e9gi\u00e9e pour ceux qui cherchent \u00e0 effectuer une mobilit\u00e9 \u00e0 l&rsquo;\u00e9chelle internationale.<\/p>\n<p>[\/vc_column_text][vc_custom_heading text=\u00a0\u00bbQuelles sont les conditions pour participer aux mobilit\u00e9s des enseignants ?\u00a0\u00bb font_container=\u00a0\u00bbtag:h3|text_align:justify\u00a0\u00bb use_theme_fonts=\u00a0\u00bbyes\u00a0\u00bb css=\u00a0\u00bb.vc_custom_1687865528120{margin-top: -10px !important;}\u00a0\u00bb][vc_column_text]L&rsquo;unique condition pour pouvoir acc\u00e9der \u00e0 cette aide europ\u00e9enne de mobilit\u00e9 des enseignants est que le projet doit avoir une vis\u00e9e d&rsquo;apprentissage, de formation ou d&rsquo;\u00e9change de connaissance.<\/p>\n<p>De plus, les b\u00e9n\u00e9ficiaires doivent faire partie du personnel enseignant dans un \u00e9tablissement scolaire public ou priv\u00e9e (enseignants, personnels administratifs, personnels de direction).[\/vc_column_text][vc_custom_heading text=\u00a0\u00bbQuelle est la dur\u00e9e d&rsquo;\u00e9change d&rsquo;un s\u00e9jour Erasmus Plus enseignants ?\u00a0\u00bb font_container=\u00a0\u00bbtag:h3|text_align:justify\u00a0\u00bb use_theme_fonts=\u00a0\u00bbyes\u00a0\u00bb css=\u00a0\u00bb.vc_custom_1687863574898{margin-top: -10px !important;}\u00a0\u00bb][vc_column_text]<\/p>\n<p style=\"text-align: justify;\">La dur\u00e9e d&rsquo;une exp\u00e9rience Erasmus Plus d\u00e9pend du projet choisi. Il peut \u00eatre compris entre quelques jours jusqu&rsquo;\u00e0 plusieurs mois.<\/p>\n<p style=\"text-align: justify;\">Il n&rsquo;y a pas de dur\u00e9e obligatoire, n\u00e9anmoins en fonction du pays choisi, il peut \u00eatre pertinent de rester plusieurs semaines en cours d&rsquo;ann\u00e9e scolaire. Notre agence Espamob peut vous aider \u00e0 d\u00e9finir la bonne dur\u00e9e de votre s\u00e9jour mobilit\u00e9 Erasmus Plus.<\/p>\n<p>[\/vc_column_text][\/vc_column_inner][vc_column_inner width=\u00a0\u00bb1\/3&Prime;][vc_single_image image=\u00a0\u00bb27520&Prime; img_size=\u00a0\u00bbfull\u00a0\u00bb][\/vc_column_inner][\/vc_row_inner][\/vc_column][\/vc_row][vc_row full_width=\u00a0\u00bbstretch_row\u00a0\u00bb wrap_container=\u00a0\u00bbyes\u00a0\u00bb is_section=\u00a0\u00bbyes\u00a0\u00bb css=\u00a0\u00bb.vc_custom_1684857374728{margin-bottom: -10px !important;}\u00a0\u00bb][vc_column][vc_custom_heading text=\u00a0\u00bbRetour d\u2019exp\u00e9rience\u00a0\u00bb font_container=\u00a0\u00bbtag:h2|text_align:center\u00a0\u00bb use_theme_fonts=\u00a0\u00bbyes\u00a0\u00bb][vc_separator][vc_row_inner][vc_column_inner width=\u00a0\u00bb1\/2&Prime;][vc_video link=\u00a0\u00bbhttps:\/\/www.youtube.com\/watch?v=DIlpfH1Ljko&amp;ab_channel=Espamob%27-EuropeanMobilityProgram\u00a0\u00bb][\/vc_column_inner][vc_column_inner width=\u00a0\u00bb1\/2&Prime;][vc_custom_heading text=\u00a0\u00bbR\u00e9ferents Erasmus Plus\u00a0\u00bb font_container=\u00a0\u00bbtag:h3|text_align:center\u00a0\u00bb use_theme_fonts=\u00a0\u00bbyes\u00a0\u00bb][vc_column_text]<\/p>\n<p style=\"text-align: justify;\">D\u00e9couvrez l\u2019interview de St\u00e9phanie et Rachel, coordinatrices de mobilit\u00e9 Erasmus et enseignantes en France, partageant leur exp\u00e9rience \u00e0 Barcelone. Elles soulignent l\u2019int\u00e9gration r\u00e9ussie des jeunes dans les salons de coiffure et l\u2019accueil chaleureux r\u00e9serv\u00e9 aux stagiaires, mettant en avant l\u2019importance de cette exp\u00e9rience pour le d\u00e9veloppement professionnel des participants.<\/p>\n<p>[\/vc_column_text][vc_empty_space][vc_empty_space][vc_btn title=\u00a0\u00bbVOIR PLUS\u00a0\u00bb style=\u00a0\u00bbcustom\u00a0\u00bb custom_background=\u00a0\u00bb#e20000&Prime; custom_text=\u00a0\u00bb#ffffff\u00a0\u00bb align=\u00a0\u00bbcenter\u00a0\u00bb link=\u00a0\u00bburl:https%3A%2F%2Fwww.youtube.com%2Fplaylist%3Flist%3DPLLGrER9ieWtAMn4VOwp4N75vTDElX6s5M|title:FR%20%E2%80%93%20Contact|target:_blank\u00a0\u00bb css=\u00a0\u00bb.vc_custom_1684013497751{margin-top: -5px !important;}\u00a0\u00bb][\/vc_column_inner][\/vc_row_inner][vc_separator css=\u00a0\u00bb.vc_custom_1682525908504{margin-top: 30px !important;margin-bottom: 15px !important;}\u00a0\u00bb][vc_column_text]<\/p>\n<div align=\"center\"><video style=\"width: 100%; height: 300px;\" autoplay=\"autoplay\" loop=\"loop\" muted=\"\" controls=\"controls\" width=\"300\" height=\"150\"><br \/><source src=\"https:\/\/espamob.com\/wp-content\/uploads\/2016\/12\/entradilla_espamob.mp4\" type=\"video\/mp4\" \/><br \/><\/video><\/div>\n<p>&nbsp;<\/p>\n<p>[\/vc_column_text][\/vc_column][\/vc_row]<\/p>\n<\/div>","protected":false},"excerpt":{"rendered":"<p>[vc_row css=\u00a0\u00bb.vc_custom_1687858861410{margin-top: -20px !important;background-image: url(https:\/\/espamob.com\/wp-content\/uploads\/2023\/05\/Mobilite-des-enseignants-300-px-1.png?id=16280) !important;background-position: center !important;background-repeat: no-repeat !important;background-size: cover !important;}\u00a0\u00bb conditional_render=\u00a0\u00bb%5B%7B%22value_role%22%3A%22administrator%22%7D%5D\u00a0\u00bb][vc_column][vc_empty_space height=\u00a0\u00bb240&Prime;][vc_custom_heading text=\u00a0\u00bbLes mobilit\u00e9s du personnel enseignant de la formation professionnels avec Erasmus Plus\u00a0\u00bb font_container=\u00a0\u00bbtag:h1|font_size:27|text_align:center|color:%23ffffff\u00a0\u00bb use_theme_fonts=\u00a0\u00bbyes\u00a0\u00bb css=\u00a0\u00bb.vc_custom_1686149727401{margin-bottom: 15px !important;background-color: rgba(136,136,136,0.29) !important;*background-color: rgb(136,136,136) !important;}\u00a0\u00bb][vc_empty_space height=\u00a0\u00bb60&Prime;][\/vc_column][\/vc_row][vc_row wrap_container=\u00a0\u00bbyes\u00a0\u00bb text_align=\u00a0\u00bbjustify\u00a0\u00bb][vc_column text_align=\u00a0\u00bbjustify\u00a0\u00bb][vc_empty_space height=\u00a0\u00bb50&Prime;][vc_custom_heading text=\u00a0\u00bbMobilit\u00e9s des Enseignants avec Erasmus Plus\u00a0\u00bb use_theme_fonts=\u00a0\u00bbyes\u00a0\u00bb css=\u00a0\u00bb.vc_custom_1687865552636{margin-top: 20px !important;}\u00a0\u00bb][vc_custom_heading text=\u00a0\u00bbQu&rsquo;est-ce que sont les mobilit\u00e9s<\/p>\n","protected":false},"author":1,"featured_media":16310,"parent":0,"menu_order":0,"comment_status":"closed","ping_status":"closed","template":"","meta":{"footnotes":""},"class_list":["post-15609","page","type-page","status-publish","has-post-thumbnail","hentry"],"_links":{"self":[{"href":"https:\/\/espamob.com\/fr\/wp-json\/wp\/v2\/pages\/15609","targetHints":{"allow":["GET"]}}],"collection":[{"href":"https:\/\/espamob.com\/fr\/wp-json\/wp\/v2\/pages"}],"about":[{"href":"https:\/\/espamob.com\/fr\/wp-json\/wp\/v2\/types\/page"}],"author":[{"embeddable":true,"href":"https:\/\/espamob.com\/fr\/wp-json\/wp\/v2\/users\/1"}],"replies":[{"embeddable":true,"href":"https:\/\/espamob.com\/fr\/wp-json\/wp\/v2\/comments?post=15609"}],"version-history":[{"count":0,"href":"https:\/\/espamob.com\/fr\/wp-json\/wp\/v2\/pages\/15609\/revisions"}],"wp:featuredmedia":[{"embeddable":true,"href":"https:\/\/espamob.com\/fr\/wp-json\/wp\/v2\/media\/16310"}],"wp:attachment":[{"href":"https:\/\/espamob.com\/fr\/wp-json\/wp\/v2\/media?parent=15609"}],"curies":[{"name":"wp","href":"https:\/\/api.w.org\/{rel}","templated":true}]}}