{"id":14494,"date":"2022-07-25T18:13:45","date_gmt":"2022-07-25T18:13:45","guid":{"rendered":"https:\/\/www.espamob.com\/?page_id=14494"},"modified":"2026-04-02T11:33:25","modified_gmt":"2026-04-02T11:33:25","slug":"mobility-tool","status":"publish","type":"page","link":"https:\/\/espamob.com\/fr\/les-plateformes-erasmus\/mobility-tool\/","title":{"rendered":"FR &#8211; Mobility Tool"},"content":{"rendered":"<div class=\"wpb-content-wrapper\"><p>[vc_row full_width=\u00a0\u00bbstretch_row\u00a0\u00bb wrap_container=\u00a0\u00bbyes\u00a0\u00bb is_section=\u00a0\u00bbyes\u00a0\u00bb section_skin=\u00a0\u00bbparallax\u00a0\u00bb remove_margin_top=\u00a0\u00bbyes\u00a0\u00bb remove_margin_bottom=\u00a0\u00bbyes\u00a0\u00bb remove_padding_bottom=\u00a0\u00bbyes\u00a0\u00bb el_id=\u00a0\u00bbinformacion\u00a0\u00bb css=\u00a0\u00bb.vc_custom_1658424984078{margin-top: -20px !important;margin-bottom: -35px !important;background-color: #f4f4f4 !important;}\u00a0\u00bb][vc_column][vc_raw_html]JTNDbmF2JTIwYXJpYS1sYWJlbCUzRCUyMmJyZWFkY3J1bWIlMjIlM0UlMEElMjAlMjAlM0NvbCUyMGNsYXNzJTNEJTIyYnJlYWRjcnVtYiUyMiUzRSUwQSUyMCUyMCUyMCUyMCUzQ2xpJTIwY2xhc3MlM0QlMjJicmVhZGNydW1iLWl0ZW0lMjIlM0UlM0NhJTIwaHJlZiUzRCUyMmh0dHBzJTNBJTJGJTJGd3d3LmVzcGFtb2IuY29tJTJGJTIyJTNFSG9tZSUzQyUyRmElM0UlM0MlMkZsaSUzRSUwQSUyMCUyMCUyMCUyMCUzQ2xpJTIwY2xhc3MlM0QlMjJicmVhZGNydW1iLWl0ZW0lMjIlM0UlM0NhJTIwaHJlZiUzRCUyMmh0dHBzJTNBJTJGJTJGd3d3LmVzcGFtb2IuY29tJTJGZnIlMkZsZXMtcGxhdGVmb3JtZXMtZXJhc211cyUyRiUyMiUzRVBsYXRlZm9ybWUlMjBFcmFzbXVzJTIwUGx1cyUzQyUyRmElM0UlM0MlMkZsaSUzRSUwQSUyMCUyMCUyMCUyMCUzQ2xpJTIwY2xhc3MlM0QlMjJicmVhZGNydW1iLWl0ZW0lMjBhY3RpdmUlMjIlMjBhcmlhLWN1cnJlbnQlM0QlMjJwYWdlJTIyJTNFTW9iaWxpdHklMjBUb29sJTNDJTJGbGklM0UlMEElMjAlMjAlM0MlMkZvbCUzRSUwQSUzQyUyRm5hdiUzRQ==[\/vc_raw_html][vc_custom_heading text=\u00a0\u00bbLa plateforme Mobility Tool\u00a0\u00bb font_container=\u00a0\u00bbtag:h1|text_align:left\u00a0\u00bb use_theme_fonts=\u00a0\u00bbyes\u00a0\u00bb][vc_separator][vc_row_inner][vc_column_inner width=\u00a0\u00bb1\/2&Prime;][vc_column_text css=\u00a0\u00bb.vc_custom_1689228794653{margin-top: -10px !important;}\u00a0\u00bb]<a href=\"https:\/\/espamob.com\/fr\/erasmus-plus-cest-quoi\/\">Le programme Erasmus+<\/a> est une initiative phare de l&rsquo;Union europ\u00e9enne qui vise \u00e0 promouvoir la mobilit\u00e9 et la coop\u00e9ration dans les domaines de l&rsquo;\u00e9ducation, de la formation, de la jeunesse et du sport.<\/p>\n<p style=\"text-align: justify;\"><strong>Le Mobility Tool<\/strong> est une plateforme Erasmus qui a \u00e9t\u00e9 mise en place pour permettre le reporting et la gestion des diff\u00e9rents projets.<\/p>\n<p>[\/vc_column_text][vc_custom_heading text=\u00a0\u00bbMobility Tool : comment \u00e7a marche ?\u00a0\u00bb use_theme_fonts=\u00a0\u00bbyes\u00a0\u00bb][vc_separator][vc_column_text css=\u00a0\u00bb.vc_custom_1689229064939{margin-top: -10px !important;}\u00a0\u00bb]<strong>Le Mobility Tool<\/strong> va vous \u00eatre utile lorsque votre projet est confirm\u00e9 par Erasmus et la commission europ\u00e9enne pour son financement et lorsque votre contrat est \u00e9galement sign\u00e9.[\/vc_column_text][vc_column_text css=\u00a0\u00bb.vc_custom_1689235563264{margin-top: -10px !important;}\u00a0\u00bb]<\/p>\n<p style=\"text-align: justify;\"><span style=\"font-weight: 400;\">Il faut savoir que <a href=\"http:\/\/(https:\/\/webgate.ec.europa.eu\/cas\/login?loginRequestId=ECAS_LR-94324831-buQ9BHCq139Qi13HQsl8jfgAaGzYzrHqFgsGGqxoc8RTjFklHxVo7Qf4Oec4if2JOCV5jDrePpizgJB982wzZ20-yntOf97TTHqI3dC5ETtzwP-a71jrHUqmGzgTscgvzIiYzO13yD3sX2GxhvPs5oYA0ZweBCw3WezwZkG7zGzvFoWXBfdyPzpzpsD1Q8TvqszlIzGe\">Mobility Tool<\/a> <\/span><span style=\"font-weight: 400;\">joue un r\u00f4le tr\u00e8s important dans le cycle de vie d\u2019un projet de mobilit\u00e9 Erasmus. La d\u00e9mat\u00e9rialisation en ligne est d\u00e9di\u00e9e au reporting et \u00e0 la gestion de votre projet de mobilit\u00e9.\u00a0<\/span><\/p>\n<p style=\"text-align: justify;\"><span style=\"font-weight: 400;\">Il faut savoir que pour d\u00e9poser une demande de projet de mobilit\u00e9 Erasmus il y a diff\u00e9rentes \u00e9tapes \u00e0 savoir :<\/span><\/p>\n<ul style=\"text-align: justify;\">\n<li style=\"font-weight: 400;\" aria-level=\"1\"><span style=\"font-weight: 400;\">le d\u00e9p\u00f4t de candidature<\/span><\/li>\n<li style=\"font-weight: 400;\" aria-level=\"1\"><span style=\"font-weight: 400;\">le processus de s\u00e9lection, l&rsquo;\u00e9ligibilit\u00e9 et l\u2019\u00e9valuation, la d\u00e9cision<\/span><\/li>\n<li style=\"font-weight: 400;\" aria-level=\"1\"><span style=\"font-weight: 400;\">la contractualisation<\/span><\/li>\n<li style=\"font-weight: 400;\" aria-level=\"1\"><span style=\"font-weight: 400;\">le d\u00e9marrage des projets\u00a0<\/span><\/li>\n<li style=\"font-weight: 400;\" aria-level=\"1\"><span style=\"font-weight: 400;\">la mise en oeuvre et le suivi des projets<\/span><\/li>\n<li style=\"font-weight: 400;\" aria-level=\"1\"><span style=\"font-weight: 400;\">l\u2019\u00e9valuation finale\u00a0<\/span><\/li>\n<\/ul>\n<p style=\"text-align: justify;\"><span style=\"font-weight: 400;\">Sur la plateforme <a href=\"https:\/\/webgate.ec.europa.eu\/eac\/mobility\/systemLayers\/5_FE\/dist\/index.html\" target=\"_blank\" rel=\"noopener\">Mobility Tool<\/a>, vous verrez qu\u2019il y a d\u00e9j\u00e0 certaines informations renseign\u00e9es et d\u2019autres qui restent \u00e0 compl\u00e9ter. Lors de la finalisation de la s\u00e9lection, il vous est recommand\u00e9 de faire l&rsquo;enregistrement des participants en n\u2019oubliant pas le nom, le pr\u00e9nom, l\u2019email, le pays de destination et les dates de la mobilit\u00e9<\/span><\/p>\n<p>[\/vc_column_text][\/vc_column_inner][vc_column_inner width=\u00a0\u00bb1\/2&Prime;][vc_single_image image=\u00a0\u00bb14512&Prime; img_size=\u00a0\u00bb400&#215;400&Prime; alignment=\u00a0\u00bbcenter\u00a0\u00bb]<div id=\"modal-trg-txt-wrap-5533\" class=\"ult-modal-input-wrapper ult-adjust-bottom-margin    \" data-keypress-control=\"keypress-control-enable\" data-overlay-control=\"overlay-control-enable\"><style>\n\t\t\t\t\t.btn-modal.btn-id-69e750947eb594-66590279:hover {\n\t\t\t\t\t\tbackground-color: #e20000 !important;\n\t\t\t\t\t}\n\t\t\t\t\t<\/style><button  data-ultimate-target='#modal-trg-txt-wrap-5533 .btn-modal'  data-responsive-json-new='{\"font-size\":\"\",\"line-height\":\"\"}'  style=\"background:#888888;border-color:#888888;color:#ffffff; \" data-class-id=\"content-69e750947eb594-66590279\" class=\"btn-modal ult-responsive btn-primary btn-modal-md overlay-show ult-align-center btn-id-69e750947eb594-66590279\" data-overlay-class=\"overlay-cornerbottomleft\">DEMANDE DEVIS GRATUIT<\/button><\/div>\n<div class=\"ult-overlay content-69e750947eb594-66590279 \" data-class=\"content-69e750947eb594-66590279\" id=\"button-click-overlay\" style=\"background:rgba(51,51,51,0.8); display:none;\">\n\t<div class=\"ult_modal ult-fade ult-medium\">\n\t\t<div id=\"ult-modal-wrap-1155\" class=\"ult_modal-content ult-hide\" style=\"border-style:solid;border-width:2px;border-radius:0px;border-color:#333333;\">\n\t\t\t<div class=\"ult_modal-header\" style=\"color:#333333;border-color:#333333;\">\n\t\t\t\t<h3  data-ultimate-target='#ult-modal-wrap-1155 .ult_modal-title'  data-responsive-json-new='{\"font-size\":\"\",\"line-height\":\"\"}'  class=\"ult_modal-title ult-responsive\">Demande devis gratuit<\/h3>\n\t\t\t<\/div>\n\t\t\t<div  data-ultimate-target='#ult-modal-wrap-1155 .ult_modal-body'  data-responsive-json-new='{\"font-size\":\"\",\"line-height\":\"\"}'  class=\"ult_modal-body ult-responsive ult-html\" style=\"\">\n\t\t\t<\/p>\n<p>[caldera_form id=\u00a0\u00bbCF614462cc44616&Prime;]<\/p>\n<p>&nbsp;<\/p>\n<p>\n\t\t\t<\/div>\n\t<\/div>\n\t<\/div>\n\t<div class=\"ult-overlay-close top-right\" style=\"width:80px;height:80px; \"><div class=\"ult-overlay-close-inside\">Close<\/div><\/div>\n<\/div>[\/vc_column_inner][\/vc_row_inner][\/vc_column][\/vc_row][vc_row][vc_column][vc_empty_space][vc_custom_heading text=\u00a0\u00bbLes fonctionnalit\u00e9s cl\u00e9s du Mobility Tool\u00a0\u00bb use_theme_fonts=\u00a0\u00bbyes\u00a0\u00bb][vc_separator][vc_row_inner][vc_column_inner width=\u00a0\u00bb1\/2&Prime;]<div class=\"aio-icon-component    style_1\"><div id=\"Info-box-wrap-7034\" class=\"aio-icon-box default-icon\" style=\"\"  ><div class=\"aio-icon-default\"><div class=\"ult-just-icon-wrapper  \"><div class=\"align-icon\" style=\"text-align:center;\">\n<div class=\"aio-icon none \"  style=\"color:#e20000;font-size:44px;display:inline-block;\">\n\t<i class=\"Defaults-book\"><\/i>\n<\/div><\/div><\/div><\/div><div class=\"aio-icon-header\" ><h3 class=\"aio-icon-title ult-responsive\"  data-ultimate-target='#Info-box-wrap-7034 .aio-icon-title'  data-responsive-json-new='{\"font-size\":\"desktop:20px;\",\"line-height\":\"\"}'  style=\"\">Gestion des projets et des partenariats<\/h3><\/div> <!-- header --><div class=\"aio-icon-description ult-responsive\"  data-ultimate-target='#Info-box-wrap-7034 .aio-icon-description'  data-responsive-json-new='{\"font-size\":\"\",\"line-height\":\"\"}'  style=\"\">La plateforme Mobility Tool permet de g\u00e9rer les informations relatives aux projets et aux partenariats.<\/p>\n<p>Il est ainsi possible :<\/p>\n<ul>\n<li><strong>d&rsquo;ajouter, de modifier ou de supprimer<\/strong> des partenaires<\/li>\n<li><strong>de consulter les contrats<\/strong><\/li>\n<li><strong>d&rsquo;acc\u00e9der \u00e0 l&rsquo;historique de chaque projet<\/strong><\/li>\n<\/ul>\n<p><\/div> <!-- description --><\/div> <!-- aio-icon-box --><\/div> <!-- aio-icon-component -->[\/vc_column_inner][vc_column_inner width=\u00a0\u00bb1\/2&Prime;]<div class=\"aio-icon-component    style_1\"><div id=\"Info-box-wrap-7315\" class=\"aio-icon-box default-icon\" style=\"\"  ><div class=\"aio-icon-default\"><div class=\"ult-just-icon-wrapper  \"><div class=\"align-icon\" style=\"text-align:center;\">\n<div class=\"aio-icon none \"  style=\"color:#e20000;font-size:44px;display:inline-block;\">\n\t<i class=\"Defaults-user\"><\/i>\n<\/div><\/div><\/div><\/div><div class=\"aio-icon-header\" ><h3 class=\"aio-icon-title ult-responsive\"  data-ultimate-target='#Info-box-wrap-7315 .aio-icon-title'  data-responsive-json-new='{\"font-size\":\"desktop:20px;\",\"line-height\":\"\"}'  style=\"\">Suivi des participants<\/h3><\/div> <!-- header --><div class=\"aio-icon-description ult-responsive\"  data-ultimate-target='#Info-box-wrap-7315 .aio-icon-description'  data-responsive-json-new='{\"font-size\":\"\",\"line-height\":\"\"}'  style=\"\">L&rsquo;une des principales fonctionnalit\u00e9s du Mobility Tool concerne le suivi des participants aux projets de mobilit\u00e9.<\/p>\n<p>L&rsquo;outil permet en effet de :<\/p>\n<ul>\n<li><strong>Cr\u00e9er et g\u00e9rer des listes de participants<\/strong><\/li>\n<li><strong>Enregistrer des informations d\u00e9taill\u00e9es<\/strong> sur chaque participant (coordonn\u00e9es, parcours, comp\u00e9tences acquises, etc.)<\/li>\n<li><strong>Importer et exporter des donn\u00e9es<\/strong> sur les participants;<\/li>\n<li><strong>G\u00e9n\u00e9rer des statistiques et des indicateurs cl\u00e9s de performance<\/strong><\/li>\n<\/ul>\n<p><\/div> <!-- description --><\/div> <!-- aio-icon-box --><\/div> <!-- aio-icon-component -->[\/vc_column_inner][\/vc_row_inner][vc_row_inner][vc_column_inner width=\u00a0\u00bb1\/2&Prime;]<div class=\"aio-icon-component    style_1\"><div id=\"Info-box-wrap-1077\" class=\"aio-icon-box default-icon\" style=\"\"  ><div class=\"aio-icon-default\"><div class=\"ult-just-icon-wrapper  \"><div class=\"align-icon\" style=\"text-align:center;\">\n<div class=\"aio-icon none \"  style=\"color:#e20000;font-size:44px;display:inline-block;\">\n\t<i class=\"Defaults-money\"><\/i>\n<\/div><\/div><\/div><\/div><div class=\"aio-icon-header\" ><h3 class=\"aio-icon-title ult-responsive\"  data-ultimate-target='#Info-box-wrap-1077 .aio-icon-title'  data-responsive-json-new='{\"font-size\":\"desktop:20px;\",\"line-height\":\"\"}'  style=\"\">Gestion financi\u00e8re et budg\u00e9taire<\/h3><\/div> <!-- header --><div class=\"aio-icon-description ult-responsive\"  data-ultimate-target='#Info-box-wrap-1077 .aio-icon-description'  data-responsive-json-new='{\"font-size\":\"\",\"line-height\":\"\"}'  style=\"\">Le Mobility Tool facilite \u00e9galement la gestion financi\u00e8re et budg\u00e9taire des projets de mobilit\u00e9.<\/p>\n<p>Gr\u00e2ce \u00e0 cette plateforme, il est possible de :<\/p>\n<ul>\n<li><strong>Consulter les budgets<\/strong> initiaux et actualis\u00e9s des projets<\/li>\n<li><strong>Suivre les d\u00e9penses<\/strong> r\u00e9alis\u00e9es par rapport aux pr\u00e9visions<\/li>\n<li><strong>V\u00e9rifier la conformit\u00e9 des d\u00e9penses<\/strong> avec les r\u00e8gles du programme Erasmus+<\/li>\n<li><strong>Produire des rapports financiers<\/strong> automatiquement.<\/li>\n<\/ul>\n<p><\/div> <!-- description --><\/div> <!-- aio-icon-box --><\/div> <!-- aio-icon-component -->[\/vc_column_inner][vc_column_inner width=\u00a0\u00bb1\/2&Prime;]<div class=\"aio-icon-component    style_1\"><div id=\"Info-box-wrap-9317\" class=\"aio-icon-box default-icon\" style=\"\"  ><div class=\"aio-icon-default\"><div class=\"ult-just-icon-wrapper  \"><div class=\"align-icon\" style=\"text-align:center;\">\n<div class=\"aio-icon none \"  style=\"color:#e20000;font-size:44px;display:inline-block;\">\n\t<i class=\"Defaults-bar-chart bar-chart-o\"><\/i>\n<\/div><\/div><\/div><\/div><div class=\"aio-icon-header\" ><h3 class=\"aio-icon-title ult-responsive\"  data-ultimate-target='#Info-box-wrap-9317 .aio-icon-title'  data-responsive-json-new='{\"font-size\":\"desktop:20px;\",\"line-height\":\"\"}'  style=\"\">Rapports et communication<\/h3><\/div> <!-- header --><div class=\"aio-icon-description ult-responsive\"  data-ultimate-target='#Info-box-wrap-9317 .aio-icon-description'  data-responsive-json-new='{\"font-size\":\"\",\"line-height\":\"\"}'  style=\"\">La plateforme Erasmus Plus : Mobility Tool offre des fonctionnalit\u00e9s avanc\u00e9es de production de rapports et de communication.<\/p>\n<p>Ainsi, les b\u00e9n\u00e9ficiaires et les partenaires des projets peuvent :<\/p>\n<ul>\n<li><strong>\u00c9laborer des rapports<\/strong> interm\u00e9diaires et finaux;<\/li>\n<li><strong>Communiquer avec les agences nationales<\/strong> et les autres parties prenantes;<\/li>\n<li><strong>Exporter des donn\u00e9es<\/strong> au format CSV ou Excel pour faciliter leur analyse;<\/li>\n<li><strong>G\u00e9rer les documents li\u00e9s aux projets<\/strong> (contrats, conventions de subvention, etc.).<\/li>\n<\/ul>\n<p><\/div> <!-- description --><\/div> <!-- aio-icon-box --><\/div> <!-- aio-icon-component -->[\/vc_column_inner][\/vc_row_inner][\/vc_column][\/vc_row][vc_row full_width=\u00a0\u00bbstretch_row\u00a0\u00bb wrap_container=\u00a0\u00bbyes\u00a0\u00bb section_skin=\u00a0\u00bbprimary\u00a0\u00bb css=\u00a0\u00bb.vc_custom_1775126226825{background-color: #041941 !important;}\u00a0\u00bb conditional_render=\u00a0\u00bb%5B%7B%22value_role%22%3A%22administrator%22%7D%5D\u00a0\u00bb][vc_column text_align=\u00a0\u00bbcenter\u00a0\u00bb][vc_row_inner css=\u00a0\u00bb.vc_custom_1775126253286{background-color: #041941 !important;}\u00a0\u00bb][vc_column_inner][vc_empty_space height=\u00a0\u00bb40px\u00a0\u00bb][vc_custom_heading text=\u00a0\u00bbVous avez des questions sur les plateformes Erasmus Plus ?\u00a0\u00bb font_container=\u00a0\u00bbtag:h2|text_align:center|color:%23ffffff\u00a0\u00bb use_theme_fonts=\u00a0\u00bbyes\u00a0\u00bb][vc_column_text]<\/p>\n<div style=\"text-align: center !important; max-width: 800px; margin: 0 auto; padding: 20px;\">\n<p style=\"color: #ffffff !important; font-size: 18px !important; line-height: 1.6 !important; text-align: center !important; margin-bottom: 25px !important;\">Nos experts chez Espamob sont pr\u00eats \u00e0 vous aider ! Que vous ayez besoin d\u2019aide pour naviguer dans Mobility Tool+, pour partager des exp\u00e9riences sur EPALE, ou pour comprendre comment utiliser au mieux Penelope, eTwinning et Europass, nous sommes l\u00e0 pour vous.<\/p>\n<p style=\"color: #ffffff !important; font-size: 16px !important; line-height: 1.8 !important; text-align: center !important; font-weight: 300 !important; margin-bottom: 25px !important;\">N\u2019attendez plus, contactez un expert Espamob d\u00e8s maintenant et faites le premier pas vers une exp\u00e9rience Erasmus + r\u00e9ussie !<\/p>\n<\/div>\n<p>[\/vc_column_text][vc_btn title=\u00a0\u00bbCONTACTER ESPAMOB\u00a0\u00bb style=\u00a0\u00bbcustom\u00a0\u00bb custom_background=\u00a0\u00bb#e20000&Prime; custom_text=\u00a0\u00bb#ffe033&Prime; size=\u00a0\u00bbxl\u00a0\u00bb align=\u00a0\u00bbcenter\u00a0\u00bb link=\u00a0\u00bburl:https%3A%2F%2Fespamob.com%2Ffr%2Fdemande-de-devis%2F\u00a0\u00bb css=\u00a0\u00bb.vc_custom_1775129569590{margin-top: -5px !important;}\u00a0\u00bb][vc_empty_space height=\u00a0\u00bb30px\u00a0\u00bb][\/vc_column_inner][\/vc_row_inner][\/vc_column][\/vc_row][vc_row][vc_column][vc_custom_heading text=\u00a0\u00bbQuestions fr\u00e9quentes sur la plateforme Penelope\u00a0\u00bb font_container=\u00a0\u00bbtag:h2|text_align:center\u00a0\u00bb use_theme_fonts=\u00a0\u00bbyes\u00a0\u00bb][vc_separator][vc_row_inner][vc_column_inner width=\u00a0\u00bb2\/3&Prime;][vc_custom_heading text=\u00a0\u00bbA quoi sert Mobility Tool ?\u00a0\u00bb font_container=\u00a0\u00bbtag:h3|text_align:left\u00a0\u00bb use_theme_fonts=\u00a0\u00bbyes\u00a0\u00bb][vc_column_text css=\u00a0\u00bb.vc_custom_1689230365881{margin-top: -10px !important;}\u00a0\u00bb]<\/p>\n<p style=\"text-align: justify;\">Mobility Tool+ est une plateforme en ligne cr\u00e9\u00e9e par la Commission europ\u00e9enne pour aider les organisations \u00e0 g\u00e9rer leurs projets Erasmus +.<\/p>\n<p style=\"text-align: justify;\">Que vous soyez en train de mettre en \u0153uvre un projet de mobilit\u00e9 pour l&rsquo;\u00e9ducation des adultes, pour les jeunes, pour l&rsquo;enseignement scolaire ou pour l&rsquo;enseignement sup\u00e9rieur, Mobility Tool+ peut vous aider \u00e0 organiser et \u00e0 g\u00e9rer votre projet de mani\u00e8re efficace.<\/p>\n<p>[\/vc_column_text][vc_custom_heading text=\u00a0\u00bbComment acc\u00e9der \u00e0 Mobility Tool ?\u00a0\u00bb font_container=\u00a0\u00bbtag:h3|text_align:left\u00a0\u00bb use_theme_fonts=\u00a0\u00bbyes\u00a0\u00bb][vc_column_text css=\u00a0\u00bb.vc_custom_1689231269916{margin-top: -10px !important;}\u00a0\u00bb]Pour acc\u00e9der \u00e0 la plateforme Mobility Tool, il est n\u00e9cessaire d&rsquo;\u00eatre un b\u00e9n\u00e9ficiaire ou un partenaire d&rsquo;un projet financ\u00e9 par le programme Erasmus+. Les coordonnateurs de projet re\u00e7oivent g\u00e9n\u00e9ralement les identifiants de connexion lors de la signature du contrat.<\/p>\n<p>Une fois connect\u00e9, l&rsquo;utilisateur peut naviguer dans les diff\u00e9rentes sections de l&rsquo;outil gr\u00e2ce \u00e0 une interface intuitive et conviviale. Des guides d&rsquo;utilisation et des tutoriels sont \u00e9galement disponibles en ligne pour aider les utilisateurs \u00e0 tirer pleinement parti de toutes les fonctionnalit\u00e9s offertes par le Mobility Tool.[\/vc_column_text][vc_custom_heading text=\u00a0\u00bbComment Espamob peut vous aider avec Mobility Tool+ ?\u00a0\u00bb font_container=\u00a0\u00bbtag:h3|text_align:left\u00a0\u00bb use_theme_fonts=\u00a0\u00bbyes\u00a0\u00bb][vc_column_text css=\u00a0\u00bb.vc_custom_1689230417538{margin-top: -10px !important;}\u00a0\u00bb]<\/p>\n<p style=\"text-align: justify;\">Chez Espamob, nous avons une grande exp\u00e9rience dans l&rsquo;utilisation de Mobility Tool+ pour g\u00e9rer les projets Erasmus +. Nous pouvons vous aider \u00e0 comprendre comment utiliser au mieux la plateforme, depuis le suivi des projets et la gestion des participants jusqu&rsquo;\u00e0 la cr\u00e9ation de rapports.<\/p>\n<p style=\"text-align: justify;\">Notre \u00e9quipe d&rsquo;experts est toujours pr\u00eate \u00e0 r\u00e9pondre \u00e0 vos questions et \u00e0 vous aider \u00e0 naviguer dans Mobility Tool+.<\/p>\n<p>[\/vc_column_text][vc_custom_heading text=\u00a0\u00bbExiste-t-il d\u2019autres plateformes Erasmus ?\u00a0\u00bb font_container=\u00a0\u00bbtag:h3|text_align:left\u00a0\u00bb use_theme_fonts=\u00a0\u00bbyes\u00a0\u00bb][vc_column_text css=\u00a0\u00bb.vc_custom_1689230603086{margin-top: -10px !important;}\u00a0\u00bb]En plus de Mobility Tool+, plusieurs autres outils peuvent faciliter la gestion des projets Erasmus +, notamment :<\/p>\n<ul>\n<li><a href=\"https:\/\/espamob.com\/fr\/les-plateformes-erasmus\/penelope\/\"><strong>Penelope<\/strong><\/a> : pour la pr\u00e9paration et la mise en \u0153uvre des projets, notamment en mati\u00e8re de gestion financi\u00e8re et de rapport.<\/li>\n<li><a href=\"https:\/\/espamob.com\/fr\/les-plateformes-erasmus\/epale\/\"><strong>EPALE<\/strong><\/a> : une communaut\u00e9 en ligne pour le partage de contenus et de pratiques li\u00e9s \u00e0 l&rsquo;\u00e9ducation des adultes.<\/li>\n<li><a href=\"https:\/\/espamob.com\/fr\/les-plateformes-erasmus\/europass\/\"><strong>Europass<\/strong><\/a> : un ensemble de documents pour pr\u00e9senter vos comp\u00e9tences et qualifications de mani\u00e8re claire et facilement compr\u00e9hensible en Europe.<\/li>\n<li><a href=\"https:\/\/espamob.com\/fr\/les-plateformes-erasmus\/etwinning\/\"><strong>eTwinning<\/strong><\/a> : une plateforme pour le personnel enseignant permettant de communiquer, de collaborer, de d\u00e9velopper des projets et de partager des id\u00e9es.<\/li>\n<\/ul>\n<p>[\/vc_column_text][vc_btn title=\u00a0\u00bbNous contacter\u00a0\u00bb style=\u00a0\u00bbcustom\u00a0\u00bb custom_background=\u00a0\u00bb#e20000&Prime; custom_text=\u00a0\u00bb#ffffff\u00a0\u00bb align=\u00a0\u00bbcenter\u00a0\u00bb link=\u00a0\u00bburl:https%3A%2F%2Fespamob.com%2Ffr%2Fcontact%2F|title:FR%20%E2%80%93%20Contact|rel:nofollow\u00a0\u00bb][\/vc_column_inner][vc_column_inner width=\u00a0\u00bb1\/3&Prime;][vc_single_image image=\u00a0\u00bb27520&Prime; img_size=\u00a0\u00bb300&#215;300&Prime; alignment=\u00a0\u00bbcenter\u00a0\u00bb][\/vc_column_inner][\/vc_row_inner][\/vc_column][\/vc_row]<\/p>\n<\/div>","protected":false},"excerpt":{"rendered":"<p>[vc_row full_width=\u00a0\u00bbstretch_row\u00a0\u00bb wrap_container=\u00a0\u00bbyes\u00a0\u00bb is_section=\u00a0\u00bbyes\u00a0\u00bb section_skin=\u00a0\u00bbparallax\u00a0\u00bb remove_margin_top=\u00a0\u00bbyes\u00a0\u00bb remove_margin_bottom=\u00a0\u00bbyes\u00a0\u00bb remove_padding_bottom=\u00a0\u00bbyes\u00a0\u00bb el_id=\u00a0\u00bbinformacion\u00a0\u00bb css=\u00a0\u00bb.vc_custom_1658424984078{margin-top: -20px !important;margin-bottom: -35px !important;background-color: #f4f4f4 !important;}\u00a0\u00bb][vc_column][vc_raw_html]JTNDbmF2JTIwYXJpYS1sYWJlbCUzRCUyMmJyZWFkY3J1bWIlMjIlM0UlMEElMjAlMjAlM0NvbCUyMGNsYXNzJTNEJTIyYnJlYWRjcnVtYiUyMiUzRSUwQSUyMCUyMCUyMCUyMCUzQ2xpJTIwY2xhc3MlM0QlMjJicmVhZGNydW1iLWl0ZW0lMjIlM0UlM0NhJTIwaHJlZiUzRCUyMmh0dHBzJTNBJTJGJTJGd3d3LmVzcGFtb2IuY29tJTJGJTIyJTNFSG9tZSUzQyUyRmElM0UlM0MlMkZsaSUzRSUwQSUyMCUyMCUyMCUyMCUzQ2xpJTIwY2xhc3MlM0QlMjJicmVhZGNydW1iLWl0ZW0lMjIlM0UlM0NhJTIwaHJlZiUzRCUyMmh0dHBzJTNBJTJGJTJGd3d3LmVzcGFtb2IuY29tJTJGZnIlMkZsZXMtcGxhdGVmb3JtZXMtZXJhc211cyUyRiUyMiUzRVBsYXRlZm9ybWUlMjBFcmFzbXVzJTIwUGx1cyUzQyUyRmElM0UlM0MlMkZsaSUzRSUwQSUyMCUyMCUyMCUyMCUzQ2xpJTIwY2xhc3MlM0QlMjJicmVhZGNydW1iLWl0ZW0lMjBhY3RpdmUlMjIlMjBhcmlhLWN1cnJlbnQlM0QlMjJwYWdlJTIyJTNFTW9iaWxpdHklMjBUb29sJTNDJTJGbGklM0UlMEElMjAlMjAlM0MlMkZvbCUzRSUwQSUzQyUyRm5hdiUzRQ==[\/vc_raw_html][vc_custom_heading text=\u00a0\u00bbLa plateforme Mobility Tool\u00a0\u00bb font_container=\u00a0\u00bbtag:h1|text_align:left\u00a0\u00bb use_theme_fonts=\u00a0\u00bbyes\u00a0\u00bb][vc_separator][vc_row_inner][vc_column_inner width=\u00a0\u00bb1\/2&Prime;][vc_column_text css=\u00a0\u00bb.vc_custom_1689228794653{margin-top: -10px !important;}\u00a0\u00bb]Le programme Erasmus+ est une initiative phare de l&rsquo;Union europ\u00e9enne qui vise \u00e0 promouvoir la mobilit\u00e9 et la coop\u00e9ration dans les domaines de l&rsquo;\u00e9ducation, de la formation, de la jeunesse<\/p>\n","protected":false},"author":1,"featured_media":9786,"parent":9340,"menu_order":0,"comment_status":"closed","ping_status":"closed","template":"","meta":{"footnotes":""},"class_list":["post-14494","page","type-page","status-publish","has-post-thumbnail","hentry"],"_links":{"self":[{"href":"https:\/\/espamob.com\/fr\/wp-json\/wp\/v2\/pages\/14494","targetHints":{"allow":["GET"]}}],"collection":[{"href":"https:\/\/espamob.com\/fr\/wp-json\/wp\/v2\/pages"}],"about":[{"href":"https:\/\/espamob.com\/fr\/wp-json\/wp\/v2\/types\/page"}],"author":[{"embeddable":true,"href":"https:\/\/espamob.com\/fr\/wp-json\/wp\/v2\/users\/1"}],"replies":[{"embeddable":true,"href":"https:\/\/espamob.com\/fr\/wp-json\/wp\/v2\/comments?post=14494"}],"version-history":[{"count":0,"href":"https:\/\/espamob.com\/fr\/wp-json\/wp\/v2\/pages\/14494\/revisions"}],"up":[{"embeddable":true,"href":"https:\/\/espamob.com\/fr\/wp-json\/wp\/v2\/pages\/9340"}],"wp:featuredmedia":[{"embeddable":true,"href":"https:\/\/espamob.com\/fr\/wp-json\/wp\/v2\/media\/9786"}],"wp:attachment":[{"href":"https:\/\/espamob.com\/fr\/wp-json\/wp\/v2\/media?parent=14494"}],"curies":[{"name":"wp","href":"https:\/\/api.w.org\/{rel}","templated":true}]}}