{"id":14493,"date":"2022-07-25T18:13:44","date_gmt":"2022-07-25T18:13:44","guid":{"rendered":"https:\/\/www.espamob.com\/?page_id=14493"},"modified":"2026-04-02T11:25:41","modified_gmt":"2026-04-02T11:25:41","slug":"etwinning","status":"publish","type":"page","link":"https:\/\/espamob.com\/fr\/les-plateformes-erasmus\/etwinning\/","title":{"rendered":"FR &#8211; ETWINNING"},"content":{"rendered":"<div class=\"wpb-content-wrapper\"><p>[vc_row full_width=\u00a0\u00bbstretch_row\u00a0\u00bb wrap_container=\u00a0\u00bbyes\u00a0\u00bb is_section=\u00a0\u00bbyes\u00a0\u00bb section_skin=\u00a0\u00bbparallax\u00a0\u00bb remove_margin_top=\u00a0\u00bbyes\u00a0\u00bb remove_margin_bottom=\u00a0\u00bbyes\u00a0\u00bb remove_padding_bottom=\u00a0\u00bbyes\u00a0\u00bb el_id=\u00a0\u00bbinformacion\u00a0\u00bb css=\u00a0\u00bb.vc_custom_1658424984078{margin-top: -20px !important;margin-bottom: -35px !important;background-color: #f4f4f4 !important;}\u00a0\u00bb][vc_column][vc_raw_html]JTNDbmF2JTIwYXJpYS1sYWJlbCUzRCUyMmJyZWFkY3J1bWIlMjIlM0UlMEElMjAlMjAlM0NvbCUyMGNsYXNzJTNEJTIyYnJlYWRjcnVtYiUyMiUzRSUwQSUyMCUyMCUyMCUyMCUzQ2xpJTIwY2xhc3MlM0QlMjJicmVhZGNydW1iLWl0ZW0lMjIlM0UlM0NhJTIwaHJlZiUzRCUyMmh0dHBzJTNBJTJGJTJGd3d3LmVzcGFtb2IuY29tJTJGJTIyJTNFSG9tZSUzQyUyRmElM0UlM0MlMkZsaSUzRSUwQSUyMCUyMCUyMCUyMCUzQ2xpJTIwY2xhc3MlM0QlMjJicmVhZGNydW1iLWl0ZW0lMjIlM0UlM0NhJTIwaHJlZiUzRCUyMmh0dHBzJTNBJTJGJTJGd3d3LmVzcGFtb2IuY29tJTJGZnIlMkZsZXMtcGxhdGVmb3JtZXMtZXJhc211cyUyRiUyMiUzRVBsYXRlZm9ybWUlMjBFcmFzbXVzJTIwUGx1cyUzQyUyRmElM0UlM0MlMkZsaSUzRSUwQSUyMCUyMCUyMCUyMCUzQ2xpJTIwY2xhc3MlM0QlMjJicmVhZGNydW1iLWl0ZW0lMjBhY3RpdmUlMjIlMjBhcmlhLWN1cnJlbnQlM0QlMjJwYWdlJTIyJTNFRXR3aW5uaW5nJTNDJTJGbGklM0UlMEElMjAlMjAlM0MlMkZvbCUzRSUwQSUzQyUyRm5hdiUzRQ==[\/vc_raw_html][vc_custom_heading text=\u00a0\u00bbLa plateforme eTwinning\u00a0\u00bb font_container=\u00a0\u00bbtag:h1|text_align:left\u00a0\u00bb use_theme_fonts=\u00a0\u00bbyes\u00a0\u00bb][vc_separator][vc_row_inner][vc_column_inner width=\u00a0\u00bb1\/2&Prime;][vc_column_text css=\u00a0\u00bb.vc_custom_1689233460854{margin-top: -10px !important;}\u00a0\u00bb]<\/p>\n<p style=\"text-align: justify;\"><span style=\"font-weight: 400;\">La plateforme <a href=\"https:\/\/www.etwinning.net\/fr\/pub\/about.htm\" target=\"_blank\" rel=\"noopener\">eTwinning<\/a> <\/span><span style=\"font-weight: 400;\">est une plateforme qui est cofinanc\u00e9e par <a href=\"https:\/\/espamob.com\/fr\/erasmus-plus-cest-quoi\/\">Erasmus Plus<\/a> et qui repr\u00e9sente la communaut\u00e9 pour les \u00e9tablissements d\u2019Europe. <\/span><\/p>\n<p style=\"text-align: justify;\"><span style=\"font-weight: 400;\">Son but est de mettre en lien diff\u00e9rents \u00e9tablissements scolaires pour la cr\u00e9ation d\u2019\u00e9changes de mobilit\u00e9 partout en Europe. Elle va se d\u00e9dier aux professionnels des \u00e9tablissements, comme par exemple les \u00e9ducateurs, les enseignants, les directeurs, pour permettre la cr\u00e9ation de partenariats et de cr\u00e9er de nouveaux projets Erasmus.<\/span><\/p>\n<p>[\/vc_column_text][vc_custom_heading text=\u00a0\u00bbeTwinning c\u2019est quoi ?\u00a0\u00bb use_theme_fonts=\u00a0\u00bbyes\u00a0\u00bb][vc_separator][vc_column_text css=\u00a0\u00bb.vc_custom_1689233545989{margin-top: -10px !important;}\u00a0\u00bb]<\/p>\n<p style=\"text-align: justify;\"><span style=\"font-weight: 400;\">L&rsquo;atout majeur de la plateforme Etwinning, est la collaboration entre les diff\u00e9rents participants comme les enseignants, les \u00e9l\u00e8ves, les parents et encore bien d\u2019autres. <\/span><\/p>\n<p style=\"text-align: justify;\"><span style=\"font-weight: 400;\">Cela permet de cr\u00e9er des liens, car les enseignants travaillent ensemble et vont organiser des activit\u00e9s pour leurs \u00e9l\u00e8ves. Ils vont avoir un r\u00f4le important pour prendre les d\u00e9cisions en respectant et en d\u00e9veloppant de nouvelles comp\u00e9tences. <\/span><\/p>\n<p style=\"text-align: justify;\"><span style=\"font-weight: 400;\">Pour mettre en place un projet eTwinning, cela implique la contribution de chaque membre de l\u2019\u00e9quipe<\/span><\/p>\n<p>[\/vc_column_text][\/vc_column_inner][vc_column_inner width=\u00a0\u00bb1\/2&Prime;][vc_single_image image=\u00a0\u00bb14538&Prime; img_size=\u00a0\u00bb300&#215;100&Prime; alignment=\u00a0\u00bbcenter\u00a0\u00bb]<div id=\"modal-trg-txt-wrap-7858\" class=\"ult-modal-input-wrapper ult-adjust-bottom-margin    \" data-keypress-control=\"keypress-control-enable\" data-overlay-control=\"overlay-control-enable\"><style>\n\t\t\t\t\t.btn-modal.btn-id-69e750aede3b00-44913156:hover {\n\t\t\t\t\t\tbackground-color: #e20000 !important;\n\t\t\t\t\t}\n\t\t\t\t\t<\/style><button  data-ultimate-target='#modal-trg-txt-wrap-7858 .btn-modal'  data-responsive-json-new='{\"font-size\":\"\",\"line-height\":\"\"}'  style=\"background:#888888;border-color:#888888;color:#ffffff; \" data-class-id=\"content-69e750aede3b00-44913156\" class=\"btn-modal ult-responsive btn-primary btn-modal-md overlay-show ult-align-center btn-id-69e750aede3b00-44913156\" data-overlay-class=\"overlay-cornerbottomleft\">DEMANDE DEVIS GRATUIT<\/button><\/div>\n<div class=\"ult-overlay content-69e750aede3b00-44913156 \" data-class=\"content-69e750aede3b00-44913156\" id=\"button-click-overlay\" style=\"background:rgba(51,51,51,0.8); display:none;\">\n\t<div class=\"ult_modal ult-fade ult-medium\">\n\t\t<div id=\"ult-modal-wrap-675\" class=\"ult_modal-content ult-hide\" style=\"border-style:solid;border-width:2px;border-radius:0px;border-color:#333333;\">\n\t\t\t<div class=\"ult_modal-header\" style=\"color:#333333;border-color:#333333;\">\n\t\t\t\t<h3  data-ultimate-target='#ult-modal-wrap-675 .ult_modal-title'  data-responsive-json-new='{\"font-size\":\"\",\"line-height\":\"\"}'  class=\"ult_modal-title ult-responsive\">Demande devis gratuit<\/h3>\n\t\t\t<\/div>\n\t\t\t<div  data-ultimate-target='#ult-modal-wrap-675 .ult_modal-body'  data-responsive-json-new='{\"font-size\":\"\",\"line-height\":\"\"}'  class=\"ult_modal-body ult-responsive ult-html\" style=\"\">\n\t\t\t<\/p>\n<p>[caldera_form id=\u00a0\u00bbCF614462cc44616&Prime;]<\/p>\n<p>&nbsp;<\/p>\n<p>\n\t\t\t<\/div>\n\t<\/div>\n\t<\/div>\n\t<div class=\"ult-overlay-close top-right\" style=\"width:80px;height:80px; \"><div class=\"ult-overlay-close-inside\">Close<\/div><\/div>\n<\/div>[\/vc_column_inner][\/vc_row_inner][\/vc_column][\/vc_row][vc_row][vc_column width=\u00a0\u00bb1\/2&Prime;][vc_empty_space][vc_single_image image=\u00a0\u00bb17555&Prime; img_size=\u00a0\u00bb400&#215;400&Prime; alignment=\u00a0\u00bbcenter\u00a0\u00bb style=\u00a0\u00bbvc_box_rounded\u00a0\u00bb]<div id=\"modal-trg-txt-wrap-6379\" class=\"ult-modal-input-wrapper ult-adjust-bottom-margin    \" data-keypress-control=\"keypress-control-enable\" data-overlay-control=\"overlay-control-enable\"><style>\n\t\t\t\t\t.btn-modal.btn-id-69e750aede4bd2-71179421:hover {\n\t\t\t\t\t\tbackground-color: #e20000 !important;\n\t\t\t\t\t}\n\t\t\t\t\t<\/style><button  data-ultimate-target='#modal-trg-txt-wrap-6379 .btn-modal'  data-responsive-json-new='{\"font-size\":\"\",\"line-height\":\"\"}'  style=\"background:#888888;border-color:#888888;color:#ffffff; \" data-class-id=\"content-69e750aede4bd2-71179421\" class=\"btn-modal ult-responsive btn-primary btn-modal-md overlay-show ult-align-center btn-id-69e750aede4bd2-71179421\" data-overlay-class=\"overlay-cornerbottomleft\">DEMANDE DEVIS GRATUIT<\/button><\/div>\n<div class=\"ult-overlay content-69e750aede4bd2-71179421 \" data-class=\"content-69e750aede4bd2-71179421\" id=\"button-click-overlay\" style=\"background:rgba(51,51,51,0.8); display:none;\">\n\t<div class=\"ult_modal ult-fade ult-medium\">\n\t\t<div id=\"ult-modal-wrap-5100\" class=\"ult_modal-content ult-hide\" style=\"border-style:solid;border-width:2px;border-radius:0px;border-color:#333333;\">\n\t\t\t<div class=\"ult_modal-header\" style=\"color:#333333;border-color:#333333;\">\n\t\t\t\t<h3  data-ultimate-target='#ult-modal-wrap-5100 .ult_modal-title'  data-responsive-json-new='{\"font-size\":\"\",\"line-height\":\"\"}'  class=\"ult_modal-title ult-responsive\">Demande devis gratuit<\/h3>\n\t\t\t<\/div>\n\t\t\t<div  data-ultimate-target='#ult-modal-wrap-5100 .ult_modal-body'  data-responsive-json-new='{\"font-size\":\"\",\"line-height\":\"\"}'  class=\"ult_modal-body ult-responsive ult-html\" style=\"\">\n\t\t\t<\/p>\n<p>[caldera_form id=\u00a0\u00bbCF614462cc44616&Prime;]<\/p>\n<p>\n\t\t\t<\/div>\n\t<\/div>\n\t<\/div>\n\t<div class=\"ult-overlay-close top-right\" style=\"width:80px;height:80px; \"><div class=\"ult-overlay-close-inside\">Close<\/div><\/div>\n<\/div>[\/vc_column][vc_column width=\u00a0\u00bb1\/2&Prime;][vc_empty_space][vc_custom_heading text=\u00a0\u00bbComment eTwinning fonctionne ?\u00a0\u00bb use_theme_fonts=\u00a0\u00bbyes\u00a0\u00bb][vc_separator][vc_column_text css=\u00a0\u00bb.vc_custom_1689234218446{margin-top: -10px !important;}\u00a0\u00bb]<\/p>\n<p style=\"text-align: justify;\"><span style=\"font-weight: 400;\">Tout d\u2019abord, vous devez vous connecter sur la plateforme eTwinning, l\u00e0 o\u00f9 vous pourrez rencontrer des enseignants dans les \u201cgroupes\u201d, mais \u00e9galement rechercher des partenaires de projet pour des projets eTwinning \u00e0 distance ainsi que des projets de mobilit\u00e9s dans le cadre d\u2019Erasmus plus. <\/span><\/p>\n<p style=\"text-align: justify;\"><span style=\"font-weight: 400;\">De nombreux conseils sont disponibles directement sur la plateforme pour vous aider dans vos recherches. Vous pourrez aussi par la suite vous inscrire \u00e0 des formations dans la langue de votre choix et \u00eatre tenu au courant de l\u2019actualit\u00e9 par rapport aux projets de mobilit\u00e9s.\u00a0<\/span><\/p>\n<p>[\/vc_column_text][vc_custom_heading text=\u00a0\u00bbLes ressources pour accompagner les projets eTwinning\u00a0\u00bb use_theme_fonts=\u00a0\u00bbyes\u00a0\u00bb][vc_separator][vc_column_text css=\u00a0\u00bb.vc_custom_1689234025443{margin-top: -10px !important;}\u00a0\u00bb]Afin de soutenir les enseignants dans la mise en \u0153uvre et le suivi de leurs projets eTwinning, la plateforme met \u00e0 leur disposition un large \u00e9ventail d&rsquo;outils et de ressources :<\/p>\n<ul>\n<li><strong>Le portail eTwinning :<\/strong>\u00a0Site web central o\u00f9 les participants peuvent s&rsquo;inscrire, rechercher des partenaires, cr\u00e9er des projets et acc\u00e9der \u00e0 toutes les informations et ressources n\u00e9cessaires.<\/li>\n<li><strong>Le bureau d&rsquo;assistance :<\/strong>\u00a0Une \u00e9quipe d&rsquo;experts est disponible pour aider les enseignants \u00e0 naviguer sur la plateforme et \u00e0 r\u00e9soudre les probl\u00e8mes techniques qu&rsquo;ils pourraient rencontrer.<\/li>\n<li><strong>Les Ambassadeurs eTwinning :<\/strong>\u00a0Des enseignants exp\u00e9riment\u00e9s dans l&rsquo;utilisation de la plateforme, qui peuvent fournir des conseils et un soutien aux nouveaux participants.<\/li>\n<li><strong>Le Centre de ressources p\u00e9dagogiques :<\/strong>\u00a0Un espace en ligne regroupant une multitude de documents et d&rsquo;outils pour faciliter le travail collaboratif et accompagner les projets eTwinning.<\/li>\n<\/ul>\n<p>[\/vc_column_text][\/vc_column][\/vc_row][vc_row][vc_column width=\u00a0\u00bb1\/2&Prime;][vc_custom_heading text=\u00a0\u00bbLes avantages d&rsquo;utiliser eTwinning dans l&rsquo;\u00e9ducation\u00a0\u00bb use_theme_fonts=\u00a0\u00bbyes\u00a0\u00bb][vc_separator][vc_column_text css=\u00a0\u00bb.vc_custom_1689233870790{margin-top: -10px !important;}\u00a0\u00bb]La plateforme eTwinning offre de nombreux avantages aux \u00e9quipes \u00e9ducatives qui souhaitent s&rsquo;engager dans des projets internationaux. Voici quelques-uns des principaux atouts :<\/p>\n<ul>\n<li><strong>D\u00e9velopper les comp\u00e9tences num\u00e9riques :<\/strong>\u00a0En travaillant sur la plateforme, les enseignants et les \u00e9l\u00e8ves d\u00e9veloppent leurs comp\u00e9tences en mati\u00e8re d&rsquo;utilisation des technologies de l&rsquo;information et de la communication (TIC), essentielles dans notre soci\u00e9t\u00e9 moderne.<\/li>\n<li><strong>Am\u00e9liorer les comp\u00e9tences linguistiques :<\/strong>\u00a0Les projets eTwinning encouragent souvent la communication entre des \u00e9l\u00e8ves parlant diff\u00e9rentes langues, ce qui permet de pratiquer et d&rsquo;am\u00e9liorer leurs comp\u00e9tences linguistiques.<\/li>\n<li><strong>Renforcer la citoyennet\u00e9 europ\u00e9enne :<\/strong>\u00a0La collaboration avec des \u00e9coles partenaires d&rsquo;autres pays favorise la compr\u00e9hension et le respect des cultures et des valeurs europ\u00e9ennes, tout en renfor\u00e7ant le sentiment d&rsquo;appartenance \u00e0 une communaut\u00e9 \u00e9ducative europ\u00e9enne.<\/li>\n<li><strong>Partager les bonnes pratiques :<\/strong>\u00a0eTwinning offre un cadre id\u00e9al pour partager et diffuser des m\u00e9thodes p\u00e9dagogiques innovantes, ainsi que pour apprendre de l&rsquo;exp\u00e9rience d&rsquo;autres enseignants et \u00e9tablissements.<\/li>\n<\/ul>\n<p>[\/vc_column_text][vc_custom_heading text=\u00a0\u00bbeTwinning et la mobilit\u00e9 des enseignants\u00a0\u00bb use_theme_fonts=\u00a0\u00bbyes\u00a0\u00bb][vc_separator][vc_column_text css=\u00a0\u00bb.vc_custom_1689233938822{margin-top: -10px !important;}\u00a0\u00bb]En compl\u00e9ment des projets de collaboration en ligne, eTwinning encourage \u00e9galement <a href=\"https:\/\/espamob.com\/fr\/les-mobilites-des-enseignants-erasmusplus\/\">la mobilit\u00e9 des enseignants<\/a> au sein de l&rsquo;Europe.<\/p>\n<p>La plateforme propose diff\u00e9rents types de formations professionnelles, telles que des s\u00e9minaires internationaux ou des ateliers de d\u00e9veloppement professionnel, qui permettent aux enseignants de se rencontrer, d&rsquo;\u00e9changer et de renforcer leurs comp\u00e9tences.[\/vc_column_text][\/vc_column][vc_column width=\u00a0\u00bb1\/2&Prime;][vc_empty_space][vc_single_image image=\u00a0\u00bb17562&Prime; img_size=\u00a0\u00bb400&#215;400&Prime; alignment=\u00a0\u00bbcenter\u00a0\u00bb style=\u00a0\u00bbvc_box_rounded\u00a0\u00bb]<div id=\"modal-trg-txt-wrap-5349\" class=\"ult-modal-input-wrapper ult-adjust-bottom-margin    \" data-keypress-control=\"keypress-control-enable\" data-overlay-control=\"overlay-control-enable\"><style>\n\t\t\t\t\t.btn-modal.btn-id-69e750aede5739-52590874:hover {\n\t\t\t\t\t\tbackground-color: #e20000 !important;\n\t\t\t\t\t}\n\t\t\t\t\t<\/style><button  data-ultimate-target='#modal-trg-txt-wrap-5349 .btn-modal'  data-responsive-json-new='{\"font-size\":\"\",\"line-height\":\"\"}'  style=\"background:#888888;border-color:#888888;color:#ffffff; \" data-class-id=\"content-69e750aede5739-52590874\" class=\"btn-modal ult-responsive btn-primary btn-modal-md overlay-show ult-align-center btn-id-69e750aede5739-52590874\" data-overlay-class=\"overlay-cornerbottomleft\">DEMANDE DEVIS GRATUIT<\/button><\/div>\n<div class=\"ult-overlay content-69e750aede5739-52590874 \" data-class=\"content-69e750aede5739-52590874\" id=\"button-click-overlay\" style=\"background:rgba(51,51,51,0.8); display:none;\">\n\t<div class=\"ult_modal ult-fade ult-medium\">\n\t\t<div id=\"ult-modal-wrap-3893\" class=\"ult_modal-content ult-hide\" style=\"border-style:solid;border-width:2px;border-radius:0px;border-color:#333333;\">\n\t\t\t<div class=\"ult_modal-header\" style=\"color:#333333;border-color:#333333;\">\n\t\t\t\t<h3  data-ultimate-target='#ult-modal-wrap-3893 .ult_modal-title'  data-responsive-json-new='{\"font-size\":\"\",\"line-height\":\"\"}'  class=\"ult_modal-title ult-responsive\">Demande devis gratuit<\/h3>\n\t\t\t<\/div>\n\t\t\t<div  data-ultimate-target='#ult-modal-wrap-3893 .ult_modal-body'  data-responsive-json-new='{\"font-size\":\"\",\"line-height\":\"\"}'  class=\"ult_modal-body ult-responsive ult-html\" style=\"\">\n\t\t\t<\/p>\n<p>[caldera_form id=\u00a0\u00bbCF614462cc44616&Prime;]<\/p>\n<p>\n\t\t\t<\/div>\n\t<\/div>\n\t<\/div>\n\t<div class=\"ult-overlay-close top-right\" style=\"width:80px;height:80px; \"><div class=\"ult-overlay-close-inside\">Close<\/div><\/div>\n<\/div>[\/vc_column][\/vc_row][vc_row][vc_column][vc_custom_heading text=\u00a0\u00bbQuestions fr\u00e9quentes sur la plateforme eTwinning\u00a0\u00bb font_container=\u00a0\u00bbtag:h2|text_align:center\u00a0\u00bb use_theme_fonts=\u00a0\u00bbyes\u00a0\u00bb][vc_separator][vc_row_inner][vc_column_inner width=\u00a0\u00bb2\/3&Prime;][vc_custom_heading text=\u00a0\u00bbA quoi sert eTwinning?\u00a0\u00bb font_container=\u00a0\u00bbtag:h3|text_align:left\u00a0\u00bb use_theme_fonts=\u00a0\u00bbyes\u00a0\u00bb][vc_column_text css=\u00a0\u00bb.vc_custom_1689234418312{margin-top: -10px !important;}\u00a0\u00bb]eTwinning est une plateforme destin\u00e9e au personnel enseignant travaillant dans un \u00e9tablissement scolaire participant \u00e0 un des pays eTwinning.<\/p>\n<p>Elle offre la possibilit\u00e9 de communiquer, de collaborer, de d\u00e9velopper des projets et de partager des id\u00e9es, formant ainsi la plus grande communaut\u00e9 \u00e9ducative en Europe.[\/vc_column_text][vc_custom_heading text=\u00a0\u00bbA qui s\u2019adresse la plateforme eTwinning?\u00a0\u00bb font_container=\u00a0\u00bbtag:h3|text_align:left\u00a0\u00bb use_theme_fonts=\u00a0\u00bbyes\u00a0\u00bb][vc_column_text css=\u00a0\u00bb.vc_custom_1689234439827{margin-top: -10px !important;}\u00a0\u00bb]<\/p>\n<p style=\"text-align: justify;\">eTwinning est ouvert \u00e0 tous les \u00e9tablissements scolaires (pr\u00e9scolaire, primaire, secondaire et professionnel) situ\u00e9s dans l&rsquo;un des pays eTwinning. Cela comprend les enseignants, les directeurs, les biblioth\u00e9caires, etc.<\/p>\n<p>[\/vc_column_text][vc_custom_heading text=\u00a0\u00bbQuels autres outils Erasmus Plus peuvent m&rsquo;aider dans mon projet de mobilit\u00e9 ?\u00a0\u00bb font_container=\u00a0\u00bbtag:h3|text_align:left\u00a0\u00bb use_theme_fonts=\u00a0\u00bbyes\u00a0\u00bb][vc_column_text css=\u00a0\u00bb.vc_custom_1689234628633{margin-top: -10px !important;}\u00a0\u00bb]Le programme Erasmus Plus propose une vari\u00e9t\u00e9 d&rsquo;outils pour soutenir la mise en \u0153uvre et la gestion de votre projet.<\/p>\n<p>Par exemple, <a href=\"https:\/\/espamob.com\/fr\/les-plateformes-erasmus\/penelope\/\">Penelope<\/a> vous aide \u00e0 pr\u00e9parer et \u00e0 mettre en \u0153uvre votre projet, en particulier pour la gestion financi\u00e8re et la r\u00e9daction de rapports.<\/p>\n<p><a href=\"https:\/\/espamob.com\/fr\/les-plateformes-erasmus\/epale\/\">EPALE<\/a> est une plateforme en ligne pour l&rsquo;\u00e9ducation des adultes en Europe, qui favorise la collaboration et le partage d&rsquo;id\u00e9es et de bonnes pratiques.<\/p>\n<p><a href=\"https:\/\/espamob.com\/fr\/les-plateformes-erasmus\/mobility-tool\/\">Mobility Tool+<\/a> est un outil de gestion en ligne qui facilite le suivi des projets Erasmus +.<\/p>\n<p>Enfin, <a href=\"https:\/\/espamob.com\/fr\/les-plateformes-erasmus\/europass\/\">Europass<\/a> est un ensemble de documents qui vous permet de pr\u00e9senter vos comp\u00e9tences et qualifications de mani\u00e8re claire et facilement compr\u00e9hensible en Europe.<\/p>\n<p>Chacun de ces outils a sa propre valeur et peut grandement contribuer au succ\u00e8s de votre projet Erasmus +.[\/vc_column_text][vc_btn title=\u00a0\u00bbNous contacter\u00a0\u00bb style=\u00a0\u00bbcustom\u00a0\u00bb custom_background=\u00a0\u00bb#e20000&Prime; custom_text=\u00a0\u00bb#ffffff\u00a0\u00bb align=\u00a0\u00bbcenter\u00a0\u00bb link=\u00a0\u00bburl:https%3A%2F%2Fespamob.com%2Ffr%2Fcontact%2F|title:FR%20%E2%80%93%20Contact|rel:nofollow\u00a0\u00bb][\/vc_column_inner][vc_column_inner width=\u00a0\u00bb1\/3&Prime;][vc_single_image image=\u00a0\u00bb27520&Prime; img_size=\u00a0\u00bb300&#215;300&Prime; alignment=\u00a0\u00bbcenter\u00a0\u00bb label=\u00a0\u00bb\u00a0\u00bb][\/vc_column_inner][\/vc_row_inner][\/vc_column][\/vc_row]<\/p>\n<\/div>","protected":false},"excerpt":{"rendered":"<p>[vc_row full_width=\u00a0\u00bbstretch_row\u00a0\u00bb wrap_container=\u00a0\u00bbyes\u00a0\u00bb is_section=\u00a0\u00bbyes\u00a0\u00bb section_skin=\u00a0\u00bbparallax\u00a0\u00bb remove_margin_top=\u00a0\u00bbyes\u00a0\u00bb remove_margin_bottom=\u00a0\u00bbyes\u00a0\u00bb remove_padding_bottom=\u00a0\u00bbyes\u00a0\u00bb el_id=\u00a0\u00bbinformacion\u00a0\u00bb css=\u00a0\u00bb.vc_custom_1658424984078{margin-top: -20px !important;margin-bottom: -35px !important;background-color: #f4f4f4 !important;}\u00a0\u00bb][vc_column][vc_raw_html]JTNDbmF2JTIwYXJpYS1sYWJlbCUzRCUyMmJyZWFkY3J1bWIlMjIlM0UlMEElMjAlMjAlM0NvbCUyMGNsYXNzJTNEJTIyYnJlYWRjcnVtYiUyMiUzRSUwQSUyMCUyMCUyMCUyMCUzQ2xpJTIwY2xhc3MlM0QlMjJicmVhZGNydW1iLWl0ZW0lMjIlM0UlM0NhJTIwaHJlZiUzRCUyMmh0dHBzJTNBJTJGJTJGd3d3LmVzcGFtb2IuY29tJTJGJTIyJTNFSG9tZSUzQyUyRmElM0UlM0MlMkZsaSUzRSUwQSUyMCUyMCUyMCUyMCUzQ2xpJTIwY2xhc3MlM0QlMjJicmVhZGNydW1iLWl0ZW0lMjIlM0UlM0NhJTIwaHJlZiUzRCUyMmh0dHBzJTNBJTJGJTJGd3d3LmVzcGFtb2IuY29tJTJGZnIlMkZsZXMtcGxhdGVmb3JtZXMtZXJhc211cyUyRiUyMiUzRVBsYXRlZm9ybWUlMjBFcmFzbXVzJTIwUGx1cyUzQyUyRmElM0UlM0MlMkZsaSUzRSUwQSUyMCUyMCUyMCUyMCUzQ2xpJTIwY2xhc3MlM0QlMjJicmVhZGNydW1iLWl0ZW0lMjBhY3RpdmUlMjIlMjBhcmlhLWN1cnJlbnQlM0QlMjJwYWdlJTIyJTNFRXR3aW5uaW5nJTNDJTJGbGklM0UlMEElMjAlMjAlM0MlMkZvbCUzRSUwQSUzQyUyRm5hdiUzRQ==[\/vc_raw_html][vc_custom_heading text=\u00a0\u00bbLa plateforme eTwinning\u00a0\u00bb font_container=\u00a0\u00bbtag:h1|text_align:left\u00a0\u00bb use_theme_fonts=\u00a0\u00bbyes\u00a0\u00bb][vc_separator][vc_row_inner][vc_column_inner width=\u00a0\u00bb1\/2&Prime;][vc_column_text css=\u00a0\u00bb.vc_custom_1689233460854{margin-top: -10px !important;}\u00a0\u00bb] La plateforme eTwinning est une plateforme qui est cofinanc\u00e9e par Erasmus Plus et qui repr\u00e9sente la communaut\u00e9 pour les \u00e9tablissements d\u2019Europe. Son but est de mettre en lien diff\u00e9rents \u00e9tablissements<\/p>\n","protected":false},"author":1,"featured_media":14538,"parent":9340,"menu_order":0,"comment_status":"closed","ping_status":"closed","template":"","meta":{"footnotes":""},"class_list":["post-14493","page","type-page","status-publish","has-post-thumbnail","hentry"],"_links":{"self":[{"href":"https:\/\/espamob.com\/fr\/wp-json\/wp\/v2\/pages\/14493","targetHints":{"allow":["GET"]}}],"collection":[{"href":"https:\/\/espamob.com\/fr\/wp-json\/wp\/v2\/pages"}],"about":[{"href":"https:\/\/espamob.com\/fr\/wp-json\/wp\/v2\/types\/page"}],"author":[{"embeddable":true,"href":"https:\/\/espamob.com\/fr\/wp-json\/wp\/v2\/users\/1"}],"replies":[{"embeddable":true,"href":"https:\/\/espamob.com\/fr\/wp-json\/wp\/v2\/comments?post=14493"}],"version-history":[{"count":0,"href":"https:\/\/espamob.com\/fr\/wp-json\/wp\/v2\/pages\/14493\/revisions"}],"up":[{"embeddable":true,"href":"https:\/\/espamob.com\/fr\/wp-json\/wp\/v2\/pages\/9340"}],"wp:featuredmedia":[{"embeddable":true,"href":"https:\/\/espamob.com\/fr\/wp-json\/wp\/v2\/media\/14538"}],"wp:attachment":[{"href":"https:\/\/espamob.com\/fr\/wp-json\/wp\/v2\/media?parent=14493"}],"curies":[{"name":"wp","href":"https:\/\/api.w.org\/{rel}","templated":true}]}}