{"id":14492,"date":"2022-07-25T18:13:43","date_gmt":"2022-07-25T18:13:43","guid":{"rendered":"https:\/\/www.espamob.com\/?page_id=14492"},"modified":"2026-04-02T11:28:48","modified_gmt":"2026-04-02T11:28:48","slug":"epale","status":"publish","type":"page","link":"https:\/\/espamob.com\/fr\/les-plateformes-erasmus\/epale\/","title":{"rendered":"FR &#8211; EPALE"},"content":{"rendered":"<div class=\"wpb-content-wrapper\"><p>[vc_row full_width=\u00a0\u00bbstretch_row\u00a0\u00bb wrap_container=\u00a0\u00bbyes\u00a0\u00bb is_section=\u00a0\u00bbyes\u00a0\u00bb section_skin=\u00a0\u00bbparallax\u00a0\u00bb remove_margin_top=\u00a0\u00bbyes\u00a0\u00bb remove_margin_bottom=\u00a0\u00bbyes\u00a0\u00bb remove_padding_bottom=\u00a0\u00bbyes\u00a0\u00bb el_id=\u00a0\u00bbinformacion\u00a0\u00bb css=\u00a0\u00bb.vc_custom_1689243794552{margin-top: -20px !important;background-color: #f4f4f4 !important;}\u00a0\u00bb conditional_render=\u00a0\u00bb%5B%7B%22value_role%22%3A%22administrator%22%7D%5D\u00a0\u00bb][vc_column][vc_raw_html]JTNDbmF2JTIwYXJpYS1sYWJlbCUzRCUyMmJyZWFkY3J1bWIlMjIlM0UlMEElMjAlMjAlM0NvbCUyMGNsYXNzJTNEJTIyYnJlYWRjcnVtYiUyMiUzRSUwQSUyMCUyMCUyMCUyMCUzQ2xpJTIwY2xhc3MlM0QlMjJicmVhZGNydW1iLWl0ZW0lMjIlM0UlM0NhJTIwaHJlZiUzRCUyMmh0dHBzJTNBJTJGJTJGd3d3LmVzcGFtb2IuY29tJTJGJTIyJTNFSG9tZSUzQyUyRmElM0UlM0MlMkZsaSUzRSUwQSUyMCUyMCUyMCUyMCUzQ2xpJTIwY2xhc3MlM0QlMjJicmVhZGNydW1iLWl0ZW0lMjIlM0UlM0NhJTIwaHJlZiUzRCUyMmh0dHBzJTNBJTJGJTJGd3d3LmVzcGFtb2IuY29tJTJGZnIlMkZsZXMtcGxhdGVmb3JtZXMtZXJhc211cyUyRiUyMiUzRVBsYXRlZm9ybWUlMjBFcmFzbXVzJTIwUGx1cyUzQyUyRmElM0UlM0MlMkZsaSUzRSUwQSUyMCUyMCUyMCUyMCUzQ2xpJTIwY2xhc3MlM0QlMjJicmVhZGNydW1iLWl0ZW0lMjBhY3RpdmUlMjIlMjBhcmlhLWN1cnJlbnQlM0QlMjJwYWdlJTIyJTNFRXBhbGUlM0MlMkZsaSUzRSUwQSUyMCUyMCUzQyUyRm9sJTNFJTBBJTNDJTJGbmF2JTNF[\/vc_raw_html][vc_custom_heading text=\u00a0\u00bbLa plateforme Epale\u00a0\u00bb font_container=\u00a0\u00bbtag:h1|text_align:left\u00a0\u00bb use_theme_fonts=\u00a0\u00bbyes\u00a0\u00bb][vc_separator][vc_row_inner][vc_column_inner width=\u00a0\u00bb1\/2&Prime;][vc_column_text css=\u00a0\u00bb.vc_custom_1689242632289{margin-top: -10px !important;}\u00a0\u00bb]<\/p>\n<p style=\"text-align: justify;\"><span style=\"font-weight: 400;\">Le monde de l&rsquo;\u00e9ducation et de la formation est en constante \u00e9volution. Aujourd&rsquo;hui, les adultes ont la possibilit\u00e9 d&rsquo;acc\u00e9der \u00e0 une vaste gamme de ressources pour am\u00e9liorer leurs comp\u00e9tences et d\u00e9velopper leur carri\u00e8re. La plateforme <a href=\"https:\/\/espamob.com\/fr\/erasmus-plus-cest-quoi\/\">Erasmus Plus<\/a> Epale (Electronic Platform for Adult Learning in Europe) est un outil pr\u00e9cieux qui facilite l&rsquo;acc\u00e8s \u00e0 ces ressources pour les \u00e9ducateurs et les apprenants.<\/span><\/p>\n<p style=\"text-align: justify;\"><span style=\"font-weight: 400;\">Il existe plus de 60 000 europ\u00e9ens aujourd\u2019hui inscrits sur cette plateforme, issus d\u2019environ trente pays diff\u00e9rents qui travaillent afin de favoriser l\u2019acc\u00e8s des adultes \u00e0 la formation.<\/span><\/p>\n<p>[\/vc_column_text][vc_custom_heading text=\u00a0\u00bbPr\u00e9sentation de la plateforme Epale\u00a0\u00bb use_theme_fonts=\u00a0\u00bbyes\u00a0\u00bb][vc_separator][vc_column_text css=\u00a0\u00bb.vc_custom_1689244779485{margin-top: -10px !important;}\u00a0\u00bb]Lanc\u00e9e en 2014 par la Commission europ\u00e9enne,\u00a0<strong><a href=\"https:\/\/epale.ec.europa.eu\/en\/organisations\/espamob-spain-0\" target=\"_blank\" rel=\"noopener\">Epale<\/a> est une initiative visant \u00e0 renforcer l&rsquo;\u00e9ducation des adultes en Europe<\/strong>. Elle met \u00e0 disposition des professionnels, enseignants et formateurs dans le domaine de l&rsquo;\u00e9ducation des adultes une plateforme collaborative o\u00f9 ils peuvent partager des id\u00e9es, des projets et des ressources.<\/p>\n<p>La plateforme offre \u00e9galement aux apprenants un acc\u00e8s facile \u00e0 des informations sur les opportunit\u00e9s de formation disponibles au sein de l&rsquo;Union europ\u00e9enne.[\/vc_column_text][\/vc_column_inner][vc_column_inner width=\u00a0\u00bb1\/2&Prime;][vc_single_image image=\u00a0\u00bb14530&Prime; img_size=\u00a0\u00bb300*80&Prime; alignment=\u00a0\u00bbcenter\u00a0\u00bb]<div id=\"modal-trg-txt-wrap-3514\" class=\"ult-modal-input-wrapper ult-adjust-bottom-margin    \" data-keypress-control=\"keypress-control-enable\" data-overlay-control=\"overlay-control-enable\"><style>\n\t\t\t\t\t.btn-modal.btn-id-69e750cd99c7b4-89186960:hover {\n\t\t\t\t\t\tbackground-color: #e20000 !important;\n\t\t\t\t\t}\n\t\t\t\t\t<\/style><button  data-ultimate-target='#modal-trg-txt-wrap-3514 .btn-modal'  data-responsive-json-new='{\"font-size\":\"\",\"line-height\":\"\"}'  style=\"background:#888888;border-color:#888888;color:#ffffff; \" data-class-id=\"content-69e750cd99c7b4-89186960\" class=\"btn-modal ult-responsive btn-primary btn-modal-md overlay-show ult-align-center btn-id-69e750cd99c7b4-89186960\" data-overlay-class=\"overlay-cornerbottomleft\">DEMANDE DEVIS GRATUIT<\/button><\/div>\n<div class=\"ult-overlay content-69e750cd99c7b4-89186960 \" data-class=\"content-69e750cd99c7b4-89186960\" id=\"button-click-overlay\" style=\"background:rgba(51,51,51,0.8); display:none;\">\n\t<div class=\"ult_modal ult-fade ult-medium\">\n\t\t<div id=\"ult-modal-wrap-2416\" class=\"ult_modal-content ult-hide\" style=\"border-style:solid;border-width:2px;border-radius:0px;border-color:#333333;\">\n\t\t\t<div class=\"ult_modal-header\" style=\"color:#333333;border-color:#333333;\">\n\t\t\t\t<h3  data-ultimate-target='#ult-modal-wrap-2416 .ult_modal-title'  data-responsive-json-new='{\"font-size\":\"\",\"line-height\":\"\"}'  class=\"ult_modal-title ult-responsive\">Demande devis gratuit<\/h3>\n\t\t\t<\/div>\n\t\t\t<div  data-ultimate-target='#ult-modal-wrap-2416 .ult_modal-body'  data-responsive-json-new='{\"font-size\":\"\",\"line-height\":\"\"}'  class=\"ult_modal-body ult-responsive ult-html\" style=\"\">\n\t\t\t<\/p>\n<p>[caldera_form id=\u00a0\u00bbCF614462cc44616&Prime;]<\/p>\n<p>\n\t\t\t<\/div>\n\t<\/div>\n\t<\/div>\n\t<div class=\"ult-overlay-close top-right\" style=\"width:80px;height:80px; \"><div class=\"ult-overlay-close-inside\">Close<\/div><\/div>\n<\/div>[\/vc_column_inner][\/vc_row_inner][\/vc_column][\/vc_row][vc_row][vc_column][vc_row_inner][vc_column_inner width=\u00a0\u00bb1\/2&Prime;][vc_empty_space][vc_single_image image=\u00a0\u00bb17577&Prime; img_size=\u00a0\u00bb400&#215;400&Prime; alignment=\u00a0\u00bbcenter\u00a0\u00bb style=\u00a0\u00bbvc_box_rounded\u00a0\u00bb]<div id=\"modal-trg-txt-wrap-7473\" class=\"ult-modal-input-wrapper ult-adjust-bottom-margin    \" data-keypress-control=\"keypress-control-enable\" data-overlay-control=\"overlay-control-enable\"><style>\n\t\t\t\t\t.btn-modal.btn-id-69e750cd99d662-26223241:hover {\n\t\t\t\t\t\tbackground-color: #e20000 !important;\n\t\t\t\t\t}\n\t\t\t\t\t<\/style><button  data-ultimate-target='#modal-trg-txt-wrap-7473 .btn-modal'  data-responsive-json-new='{\"font-size\":\"\",\"line-height\":\"\"}'  style=\"background:#888888;border-color:#888888;color:#ffffff; \" data-class-id=\"content-69e750cd99d662-26223241\" class=\"btn-modal ult-responsive btn-primary btn-modal-md overlay-show ult-align-center btn-id-69e750cd99d662-26223241\" data-overlay-class=\"overlay-cornerbottomleft\">DEMANDE DEVIS GRATUIT<\/button><\/div>\n<div class=\"ult-overlay content-69e750cd99d662-26223241 \" data-class=\"content-69e750cd99d662-26223241\" id=\"button-click-overlay\" style=\"background:rgba(51,51,51,0.8); display:none;\">\n\t<div class=\"ult_modal ult-fade ult-medium\">\n\t\t<div id=\"ult-modal-wrap-7669\" class=\"ult_modal-content ult-hide\" style=\"border-style:solid;border-width:2px;border-radius:0px;border-color:#333333;\">\n\t\t\t<div class=\"ult_modal-header\" style=\"color:#333333;border-color:#333333;\">\n\t\t\t\t<h3  data-ultimate-target='#ult-modal-wrap-7669 .ult_modal-title'  data-responsive-json-new='{\"font-size\":\"\",\"line-height\":\"\"}'  class=\"ult_modal-title ult-responsive\">Demande devis gratuit<\/h3>\n\t\t\t<\/div>\n\t\t\t<div  data-ultimate-target='#ult-modal-wrap-7669 .ult_modal-body'  data-responsive-json-new='{\"font-size\":\"\",\"line-height\":\"\"}'  class=\"ult_modal-body ult-responsive ult-html\" style=\"\">\n\t\t\t<\/p>\n<p>[caldera_form id=\u00a0\u00bbCF614462cc44616&Prime;]<\/p>\n<p>&nbsp;<\/p>\n<p>\n\t\t\t<\/div>\n\t<\/div>\n\t<\/div>\n\t<div class=\"ult-overlay-close top-right\" style=\"width:80px;height:80px; \"><div class=\"ult-overlay-close-inside\">Close<\/div><\/div>\n<\/div>[\/vc_column_inner][vc_column_inner width=\u00a0\u00bb1\/2&Prime;][vc_custom_heading text=\u00a0\u00bbQuels sont les objectifs d&rsquo;Epale ?\u00a0\u00bb use_theme_fonts=\u00a0\u00bbyes\u00a0\u00bb][vc_separator][vc_column_text css=\u00a0\u00bb.vc_custom_1689238276171{margin-top: -10px !important;}\u00a0\u00bb]<\/p>\n<p style=\"text-align: justify;\">Si vous rejoignez la communaut\u00e9 de la plateforme <a href=\"http:\/\/(https:\/\/agence.erasmusplus.fr\/programme-erasmus\/outils\/epale\/\">Epale\u00a0<\/a>vous pourrez y trouver de nombreux outils vous aidant dans votre projet de mobilit\u00e9.<\/p>\n<p style=\"text-align: justify;\">Il faut savoir que Epale s\u2019organise autour de cinq th\u00e9matiques \u00e0 savoir :<\/p>\n<ul>\n<li style=\"text-align: justify;\">les environnements d\u2019apprentissage<\/li>\n<li style=\"text-align: justify;\">les comp\u00e9tences de base<\/li>\n<li style=\"text-align: justify;\">le soutien aux apprenants<\/li>\n<li style=\"text-align: justify;\">les politiques et financements ainsi que la qualit\u00e9 de la formation.<\/li>\n<\/ul>\n<p>Il est vrai qu\u2019il existe de nombreuses publications qui sont mises r\u00e9guli\u00e8rement en ligne et qui vont offrir des points de vue compl\u00e9mentaires sur les adultes et l\u2019\u00e9ducation.[\/vc_column_text][vc_custom_heading text=\u00a0\u00bbFonctionnalit\u00e9s cl\u00e9s de la plateforme Epale\u00a0\u00bb use_theme_fonts=\u00a0\u00bbyes\u00a0\u00bb][vc_separator][vc_column_text css=\u00a0\u00bb.vc_custom_1689238256256{margin-top: -10px !important;}\u00a0\u00bb]La plateforme Epale offre une vari\u00e9t\u00e9 de fonctionnalit\u00e9s qui facilitent la collaboration entre les professionnels et aident les apprenants \u00e0 trouver des opportunit\u00e9s de formation adapt\u00e9es \u00e0 leurs besoins. Parmi les principales fonctionnalit\u00e9s, on retrouve :<\/p>\n<ul>\n<li><strong>Le Centre de ressources :<\/strong>\u00a0Regroupant une vaste s\u00e9lection de documents et d&rsquo;outils relatifs \u00e0 l&rsquo;\u00e9ducation des adultes, le Centre de ressources permet aux utilisateurs de rechercher et d&rsquo;acc\u00e9der facilement \u00e0 des informations pertinentes pour leur domaine. Les ressources sont class\u00e9es par sujet, pays et langue pour faciliter la recherche.<\/li>\n<li><strong>Les communaut\u00e9s de pratique :<\/strong>\u00a0Ces groupes th\u00e9matiques r\u00e9unissent des professionnels ayant des int\u00e9r\u00eats communs dans le domaine de l&rsquo;\u00e9ducation des adultes. Ils offrent un espace de discussion, de partage d&rsquo;exp\u00e9riences et d&rsquo;\u00e9laboration de projets collaboratifs.<\/li>\n<li><strong>Le calendrier des \u00e9v\u00e9nements :<\/strong>\u00a0Gr\u00e2ce \u00e0 cette fonctionnalit\u00e9, les utilisateurs peuvent consulter les \u00e9v\u00e9nements li\u00e9s \u00e0 l&rsquo;\u00e9ducation des adultes organis\u00e9s dans toute l&rsquo;Europe et soumettre leurs propres \u00e9v\u00e9nements pour une diffusion plus large.<\/li>\n<li><strong>L&rsquo;espace des projets :<\/strong>\u00a0Cet espace permet aux membres de partager des informations sur leurs projets en cours ou pass\u00e9s et de trouver des partenaires pour de futurs projets de collaboration.<\/li>\n<\/ul>\n<p>[\/vc_column_text][\/vc_column_inner][\/vc_row_inner][\/vc_column][\/vc_row][vc_row full_width=\u00a0\u00bbstretch_row\u00a0\u00bb wrap_container=\u00a0\u00bbyes\u00a0\u00bb section_skin=\u00a0\u00bbprimary\u00a0\u00bb css=\u00a0\u00bb.vc_custom_1775126226825{background-color: #041941 !important;}\u00a0\u00bb conditional_render=\u00a0\u00bb%5B%7B%22value_role%22%3A%22administrator%22%7D%5D\u00a0\u00bb][vc_column text_align=\u00a0\u00bbcenter\u00a0\u00bb][vc_row_inner css=\u00a0\u00bb.vc_custom_1775126253286{background-color: #041941 !important;}\u00a0\u00bb][vc_column_inner][vc_empty_space height=\u00a0\u00bb40px\u00a0\u00bb][vc_custom_heading text=\u00a0\u00bbFaire une demande de devis gratuit\u00a0\u00bb font_container=\u00a0\u00bbtag:h2|text_align:center|color:%23ffffff\u00a0\u00bb use_theme_fonts=\u00a0\u00bbyes\u00a0\u00bb][vc_column_text]<\/p>\n<div style=\"text-align: center !important; max-width: 800px; margin: 0 auto; padding: 20px;\">\n<p style=\"color: #ffffff !important; font-size: 18px !important; line-height: 1.6 !important; text-align: center !important; margin-bottom: 25px !important;\">Vous avez une id\u00e9e de projet <strong>Erasmus +<\/strong> en Espagne et vous cherchez un partenaire de confiance pour vous accompagner ?<\/p>\n<p style=\"color: #ffffff !important; font-size: 16px !important; line-height: 1.8 !important; text-align: center !important; font-weight: 300 !important; margin-bottom: 25px !important;\"><strong>Espamob\u2019<\/strong> est l\u00e0 pour vous aider ! Nous vous proposons un devis gratuit et sans engagement pour vous aider \u00e0 g\u00e9rer votre projet de mobilit\u00e9. Gr\u00e2ce \u00e0 notre expertise et \u00e0 notre r\u00e9seau d\u2019entreprises partenaires, nous sommes en mesure de vous offrir un accompagnement personnalis\u00e9 pour r\u00e9pondre \u00e0 vos besoins .<\/p>\n<p style=\"color: #ffffff !important; font-size: 16px !important; line-height: 1.8 !important; text-align: center !important; font-weight: 300 !important;\">Contactez-nous d\u00e8s maintenant pour discuter de votre projet et obtenir votre devis gratuit.<\/p>\n<\/div>\n<p>[\/vc_column_text][vc_btn title=\u00a0\u00bbCONTACTER ESPAMOB\u00a0\u00bb style=\u00a0\u00bbcustom\u00a0\u00bb custom_background=\u00a0\u00bb#e20000&Prime; custom_text=\u00a0\u00bb#ffe033&Prime; size=\u00a0\u00bbxl\u00a0\u00bb align=\u00a0\u00bbcenter\u00a0\u00bb link=\u00a0\u00bburl:https%3A%2F%2Fespamob.com%2Ffr%2Fdemande-de-devis%2F\u00a0\u00bb css=\u00a0\u00bb.vc_custom_1775129324549{margin-top: -5px !important;}\u00a0\u00bb][vc_empty_space height=\u00a0\u00bb35px\u00a0\u00bb][\/vc_column_inner][\/vc_row_inner][\/vc_column][\/vc_row][vc_row][vc_column][vc_custom_heading text=\u00a0\u00bbQuestions fr\u00e9quentes sur la plateforme Epale\u00a0\u00bb font_container=\u00a0\u00bbtag:h2|text_align:center\u00a0\u00bb use_theme_fonts=\u00a0\u00bbyes\u00a0\u00bb][vc_separator][vc_row_inner][vc_column_inner width=\u00a0\u00bb2\/3&Prime;][vc_custom_heading text=\u00a0\u00bbA qui s\u2019adresse la plateforme Epale?\u00a0\u00bb font_container=\u00a0\u00bbtag:h3|text_align:left\u00a0\u00bb use_theme_fonts=\u00a0\u00bbyes\u00a0\u00bb][vc_column_text css=\u00a0\u00bb.vc_custom_1689242905906{margin-top: -10px !important;}\u00a0\u00bb]<\/p>\n<p style=\"text-align: justify;\">EPALE est ouvert \u00e0 tous les professionnels de l&rsquo;\u00e9ducation des adultes en Europe, notamment les enseignants, les formateurs, les chercheurs, les universitaires, et les professionnels des politiques publiques.<\/p>\n<p>[\/vc_column_text][vc_custom_heading text=\u00a0\u00bbComment Epale peut-il am\u00e9liorer mon projet Erasmus + ?\u00a0\u00bb font_container=\u00a0\u00bbtag:h3|text_align:left\u00a0\u00bb use_theme_fonts=\u00a0\u00bbyes\u00a0\u00bb][vc_column_text css=\u00a0\u00bb.vc_custom_1689242963905{margin-top: -10px !important;}\u00a0\u00bb]<\/p>\n<p style=\"text-align: justify;\">Epale peut am\u00e9liorer votre projet Erasmus + en offrant une plateforme pour la collaboration et le partage d&rsquo;id\u00e9es et de bonnes pratiques.<\/p>\n<p style=\"text-align: justify;\">Vous pouvez utiliser Epale pour apprendre des autres professionnels de l&rsquo;\u00e9ducation des adultes en Europe, partager vos propres exp\u00e9riences, et contribuer \u00e0 la discussion sur l&rsquo;avenir de l&rsquo;\u00e9ducation des adultes.<\/p>\n<p>[\/vc_column_text][vc_custom_heading text=\u00a0\u00bbExiste-t-il d&rsquo;autres outils similaires \u00e0 EPALE pour soutenir mon projet Erasmus + ?\u00a0\u00bb font_container=\u00a0\u00bbtag:h3|text_align:left\u00a0\u00bb use_theme_fonts=\u00a0\u00bbyes\u00a0\u00bb][vc_column_text css=\u00a0\u00bb.vc_custom_1689243067607{margin-top: -10px !important;}\u00a0\u00bb]Oui, le programme Erasmus + propose plusieurs autres outils pour soutenir votre projet.<\/p>\n<p>Par exemple, <a href=\"https:\/\/espamob.com\/fr\/les-plateformes-erasmus\/etwinning\/\">eTwinning<\/a> offre une plateforme pour le personnel enseignant pour communiquer, collaborer, d\u00e9velopper des projets et partager des id\u00e9es.<\/p>\n<p><a href=\"https:\/\/espamob.com\/fr\/les-plateformes-erasmus\/penelope\/\">Penelope<\/a> peut aider \u00e0 la pr\u00e9paration et \u00e0 la mise en \u0153uvre des projets, en particulier pour la gestion financi\u00e8re et la r\u00e9daction de rapports.<\/p>\n<p><a href=\"https:\/\/espamob.com\/fr\/les-plateformes-erasmus\/mobility-tool\/\">Mobility Tool+<\/a> est un outil de gestion en ligne qui facilite le suivi des projets Erasmus +.<\/p>\n<p>Enfin, <a href=\"https:\/\/espamob.com\/fr\/les-plateformes-erasmus\/europass\/\">Europass<\/a> permet de pr\u00e9senter vos comp\u00e9tences et qualifications de mani\u00e8re claire et compr\u00e9hensible en Europe.[\/vc_column_text][vc_btn title=\u00a0\u00bbNous contacter\u00a0\u00bb style=\u00a0\u00bbcustom\u00a0\u00bb custom_background=\u00a0\u00bb#e20000&Prime; custom_text=\u00a0\u00bb#ffffff\u00a0\u00bb align=\u00a0\u00bbcenter\u00a0\u00bb link=\u00a0\u00bburl:https%3A%2F%2Fespamob.com%2Ffr%2Fcontact%2F|title:FR%20%E2%80%93%20Contact|rel:nofollow\u00a0\u00bb][\/vc_column_inner][vc_column_inner width=\u00a0\u00bb1\/3&Prime;][vc_single_image image=\u00a0\u00bb27520&Prime; img_size=\u00a0\u00bb300&#215;300&Prime; alignment=\u00a0\u00bbcenter\u00a0\u00bb label=\u00a0\u00bb\u00a0\u00bb][\/vc_column_inner][\/vc_row_inner][\/vc_column][\/vc_row]<\/p>\n<\/div>","protected":false},"excerpt":{"rendered":"<p>[vc_row full_width=\u00a0\u00bbstretch_row\u00a0\u00bb wrap_container=\u00a0\u00bbyes\u00a0\u00bb is_section=\u00a0\u00bbyes\u00a0\u00bb section_skin=\u00a0\u00bbparallax\u00a0\u00bb remove_margin_top=\u00a0\u00bbyes\u00a0\u00bb remove_margin_bottom=\u00a0\u00bbyes\u00a0\u00bb remove_padding_bottom=\u00a0\u00bbyes\u00a0\u00bb el_id=\u00a0\u00bbinformacion\u00a0\u00bb css=\u00a0\u00bb.vc_custom_1689243794552{margin-top: -20px !important;background-color: #f4f4f4 !important;}\u00a0\u00bb conditional_render=\u00a0\u00bb%5B%7B%22value_role%22%3A%22administrator%22%7D%5D\u00a0\u00bb][vc_column][vc_raw_html]JTNDbmF2JTIwYXJpYS1sYWJlbCUzRCUyMmJyZWFkY3J1bWIlMjIlM0UlMEElMjAlMjAlM0NvbCUyMGNsYXNzJTNEJTIyYnJlYWRjcnVtYiUyMiUzRSUwQSUyMCUyMCUyMCUyMCUzQ2xpJTIwY2xhc3MlM0QlMjJicmVhZGNydW1iLWl0ZW0lMjIlM0UlM0NhJTIwaHJlZiUzRCUyMmh0dHBzJTNBJTJGJTJGd3d3LmVzcGFtb2IuY29tJTJGJTIyJTNFSG9tZSUzQyUyRmElM0UlM0MlMkZsaSUzRSUwQSUyMCUyMCUyMCUyMCUzQ2xpJTIwY2xhc3MlM0QlMjJicmVhZGNydW1iLWl0ZW0lMjIlM0UlM0NhJTIwaHJlZiUzRCUyMmh0dHBzJTNBJTJGJTJGd3d3LmVzcGFtb2IuY29tJTJGZnIlMkZsZXMtcGxhdGVmb3JtZXMtZXJhc211cyUyRiUyMiUzRVBsYXRlZm9ybWUlMjBFcmFzbXVzJTIwUGx1cyUzQyUyRmElM0UlM0MlMkZsaSUzRSUwQSUyMCUyMCUyMCUyMCUzQ2xpJTIwY2xhc3MlM0QlMjJicmVhZGNydW1iLWl0ZW0lMjBhY3RpdmUlMjIlMjBhcmlhLWN1cnJlbnQlM0QlMjJwYWdlJTIyJTNFRXBhbGUlM0MlMkZsaSUzRSUwQSUyMCUyMCUzQyUyRm9sJTNFJTBBJTNDJTJGbmF2JTNF[\/vc_raw_html][vc_custom_heading text=\u00a0\u00bbLa plateforme Epale\u00a0\u00bb font_container=\u00a0\u00bbtag:h1|text_align:left\u00a0\u00bb use_theme_fonts=\u00a0\u00bbyes\u00a0\u00bb][vc_separator][vc_row_inner][vc_column_inner width=\u00a0\u00bb1\/2&Prime;][vc_column_text css=\u00a0\u00bb.vc_custom_1689242632289{margin-top: -10px !important;}\u00a0\u00bb] Le monde de l&rsquo;\u00e9ducation et de la formation est en constante \u00e9volution. Aujourd&rsquo;hui, les adultes ont la possibilit\u00e9 d&rsquo;acc\u00e9der \u00e0 une vaste gamme de ressources pour am\u00e9liorer leurs comp\u00e9tences et d\u00e9velopper<\/p>\n","protected":false},"author":1,"featured_media":17577,"parent":9340,"menu_order":0,"comment_status":"closed","ping_status":"closed","template":"","meta":{"footnotes":""},"class_list":["post-14492","page","type-page","status-publish","has-post-thumbnail","hentry"],"_links":{"self":[{"href":"https:\/\/espamob.com\/fr\/wp-json\/wp\/v2\/pages\/14492","targetHints":{"allow":["GET"]}}],"collection":[{"href":"https:\/\/espamob.com\/fr\/wp-json\/wp\/v2\/pages"}],"about":[{"href":"https:\/\/espamob.com\/fr\/wp-json\/wp\/v2\/types\/page"}],"author":[{"embeddable":true,"href":"https:\/\/espamob.com\/fr\/wp-json\/wp\/v2\/users\/1"}],"replies":[{"embeddable":true,"href":"https:\/\/espamob.com\/fr\/wp-json\/wp\/v2\/comments?post=14492"}],"version-history":[{"count":0,"href":"https:\/\/espamob.com\/fr\/wp-json\/wp\/v2\/pages\/14492\/revisions"}],"up":[{"embeddable":true,"href":"https:\/\/espamob.com\/fr\/wp-json\/wp\/v2\/pages\/9340"}],"wp:featuredmedia":[{"embeddable":true,"href":"https:\/\/espamob.com\/fr\/wp-json\/wp\/v2\/media\/17577"}],"wp:attachment":[{"href":"https:\/\/espamob.com\/fr\/wp-json\/wp\/v2\/media?parent=14492"}],"curies":[{"name":"wp","href":"https:\/\/api.w.org\/{rel}","templated":true}]}}