{"id":14491,"date":"2022-07-25T18:13:42","date_gmt":"2022-07-25T18:13:42","guid":{"rendered":"https:\/\/www.espamob.com\/?page_id=14491"},"modified":"2026-04-02T11:33:50","modified_gmt":"2026-04-02T11:33:50","slug":"europass","status":"publish","type":"page","link":"https:\/\/espamob.com\/fr\/les-plateformes-erasmus\/europass\/","title":{"rendered":"FR &#8211; EUROPASS"},"content":{"rendered":"<div class=\"wpb-content-wrapper\"><p>[vc_row full_width=\u00a0\u00bbstretch_row\u00a0\u00bb wrap_container=\u00a0\u00bbyes\u00a0\u00bb is_section=\u00a0\u00bbyes\u00a0\u00bb section_skin=\u00a0\u00bbparallax\u00a0\u00bb remove_margin_top=\u00a0\u00bbyes\u00a0\u00bb remove_margin_bottom=\u00a0\u00bbyes\u00a0\u00bb remove_padding_bottom=\u00a0\u00bbyes\u00a0\u00bb el_id=\u00a0\u00bbinformacion\u00a0\u00bb css=\u00a0\u00bb.vc_custom_1689245846465{margin-top: -20px !important;background-color: #f4f4f4 !important;}\u00a0\u00bb conditional_render=\u00a0\u00bb%5B%7B%22value_role%22%3A%22administrator%22%7D%5D\u00a0\u00bb][vc_column][vc_raw_html]JTNDbmF2JTIwYXJpYS1sYWJlbCUzRCUyMmJyZWFkY3J1bWIlMjIlM0UlMEElMjAlMjAlM0NvbCUyMGNsYXNzJTNEJTIyYnJlYWRjcnVtYiUyMiUzRSUwQSUyMCUyMCUyMCUyMCUzQ2xpJTIwY2xhc3MlM0QlMjJicmVhZGNydW1iLWl0ZW0lMjIlM0UlM0NhJTIwaHJlZiUzRCUyMmh0dHBzJTNBJTJGJTJGd3d3LmVzcGFtb2IuY29tJTJGJTIyJTNFSG9tZSUzQyUyRmElM0UlM0MlMkZsaSUzRSUwQSUyMCUyMCUyMCUyMCUzQ2xpJTIwY2xhc3MlM0QlMjJicmVhZGNydW1iLWl0ZW0lMjIlM0UlM0NhJTIwaHJlZiUzRCUyMmh0dHBzJTNBJTJGJTJGd3d3LmVzcGFtb2IuY29tJTJGZnIlMkZsZXMtcGxhdGVmb3JtZXMtZXJhc211cyUyRiUyMiUzRVBsYXRlZm9ybWUlMjBFcmFzbXVzJTIwUGx1cyUzQyUyRmElM0UlM0MlMkZsaSUzRSUwQSUyMCUyMCUyMCUyMCUzQ2xpJTIwY2xhc3MlM0QlMjJicmVhZGNydW1iLWl0ZW0lMjBhY3RpdmUlMjIlMjBhcmlhLWN1cnJlbnQlM0QlMjJwYWdlJTIyJTNFRXVyb3Bhc3MlM0MlMkZsaSUzRSUwQSUyMCUyMCUzQyUyRm9sJTNFJTBBJTNDJTJGbmF2JTNF[\/vc_raw_html][vc_custom_heading text=\u00a0\u00bbLa plateforme Europass\u00a0\u00bb font_container=\u00a0\u00bbtag:h1|text_align:left\u00a0\u00bb use_theme_fonts=\u00a0\u00bbyes\u00a0\u00bb][vc_separator][vc_row_inner][vc_column_inner width=\u00a0\u00bb1\/2&Prime;][vc_column_text css=\u00a0\u00bb.vc_custom_1689231622073{margin-top: -10px !important;}\u00a0\u00bb]Le programme Erasmus Plus est un dispositif europ\u00e9en permettant aux \u00e9tudiants, enseignants et professionnels de vivre une exp\u00e9rience unique \u00e0 l&rsquo;\u00e9tranger.<\/p>\n<p>Afin de faciliter les d\u00e9marches administratives, la <strong>plateforme <span style=\"font-weight: 400;\"> <a href=\"https:\/\/www.euroguidance-france.org\/espace-professionnel\/les-reseaux-a-connaitre\/europass-mode-demploi\/\" target=\"_blank\" rel=\"noopener\">Europass<\/a><\/span><\/strong>\u00a0propose des outils performants pour valoriser et g\u00e9rer ses comp\u00e9tences.<\/p>\n<p style=\"text-align: justify;\"><span style=\"font-weight: 400;\">Cette plateforme est une initiative de l\u2019Union europ\u00e9enne pour aider les citoyens \u00e0 pr\u00e9senter leurs qualifications et comp\u00e9tences de mani\u00e8re claire et surtout aupr\u00e8s des employeurs. Cela aide \u00e9galement \u00e0 la mobilit\u00e9 professionnelle et g\u00e9ographique. <\/span><\/p>\n<p>[\/vc_column_text][vc_custom_heading text=\u00a0\u00bbEuropass c\u2019est quoi ?\u00a0\u00bb use_theme_fonts=\u00a0\u00bbyes\u00a0\u00bb][vc_separator][vc_column_text css=\u00a0\u00bb.vc_custom_1689231642874{margin-top: -10px !important;}\u00a0\u00bb]<\/p>\n<p style=\"text-align: justify;\"><span style=\"font-weight: 400;\">La plateforme est gratuite et est fournie par la Commission europ\u00e9enne pour vous donner un acc\u00e8s direct \u00e0 diff\u00e9rentes opportunit\u00e9s professionnelles, et cela partout en Europe.<\/span><\/p>\n<p style=\"text-align: justify;\"><span style=\"font-weight: 400;\">Le document Europass contient diff\u00e9rentes parties \u00e0 savoir : les phases d\u2019apprentissage, les lieux professionnels int\u00e9gr\u00e9s, les qualifications et les nouvelles comp\u00e9tences d\u00e9velopp\u00e9es. <\/span><\/p>\n<p style=\"text-align: justify;\"><span style=\"font-weight: 400;\">La plateforme est aussi dot\u00e9e d\u2019un CV, des attestations de scolarit\u00e9, d\u2019un passeport linguistique avec les diff\u00e9rents niveaux de langue ainsi que des dipl\u00f4mes obtenus avec un document de mobilit\u00e9.<\/span><\/p>\n<p>[\/vc_column_text][\/vc_column_inner][vc_column_inner width=\u00a0\u00bb1\/2&Prime;][vc_single_image image=\u00a0\u00bb14551&Prime; img_size=\u00a0\u00bb350&#215;113&Prime; alignment=\u00a0\u00bbcenter\u00a0\u00bb]<div id=\"modal-trg-txt-wrap-3152\" class=\"ult-modal-input-wrapper ult-adjust-bottom-margin    \" data-keypress-control=\"keypress-control-enable\" data-overlay-control=\"overlay-control-enable\"><style>\n\t\t\t\t\t.btn-modal.btn-id-69e75096857fb9-03073537:hover {\n\t\t\t\t\t\tbackground-color: #e20000 !important;\n\t\t\t\t\t}\n\t\t\t\t\t<\/style><button  data-ultimate-target='#modal-trg-txt-wrap-3152 .btn-modal'  data-responsive-json-new='{\"font-size\":\"\",\"line-height\":\"\"}'  style=\"background:#888888;border-color:#888888;color:#ffffff; \" data-class-id=\"content-69e75096857fb9-03073537\" class=\"btn-modal ult-responsive btn-primary btn-modal-md overlay-show ult-align-center btn-id-69e75096857fb9-03073537\" data-overlay-class=\"overlay-cornerbottomleft\">DEMANDE DEVIS GRATUIT<\/button><\/div>\n<div class=\"ult-overlay content-69e75096857fb9-03073537 \" data-class=\"content-69e75096857fb9-03073537\" id=\"button-click-overlay\" style=\"background:rgba(51,51,51,0.8); display:none;\">\n\t<div class=\"ult_modal ult-fade ult-medium\">\n\t\t<div id=\"ult-modal-wrap-5679\" class=\"ult_modal-content ult-hide\" style=\"border-style:solid;border-width:2px;border-radius:0px;border-color:#333333;\">\n\t\t\t<div class=\"ult_modal-header\" style=\"color:#333333;border-color:#333333;\">\n\t\t\t\t<h3  data-ultimate-target='#ult-modal-wrap-5679 .ult_modal-title'  data-responsive-json-new='{\"font-size\":\"\",\"line-height\":\"\"}'  class=\"ult_modal-title ult-responsive\">Demande devis gratuit<\/h3>\n\t\t\t<\/div>\n\t\t\t<div  data-ultimate-target='#ult-modal-wrap-5679 .ult_modal-body'  data-responsive-json-new='{\"font-size\":\"\",\"line-height\":\"\"}'  class=\"ult_modal-body ult-responsive ult-html\" style=\"\">\n\t\t\t<\/p>\n<p>[caldera_form id=\u00a0\u00bbCF614462cc44616&Prime;]<\/p>\n<p>&nbsp;<\/p>\n<p>\n\t\t\t<\/div>\n\t<\/div>\n\t<\/div>\n\t<div class=\"ult-overlay-close top-right\" style=\"width:80px;height:80px; \"><div class=\"ult-overlay-close-inside\">Close<\/div><\/div>\n<\/div>[\/vc_column_inner][\/vc_row_inner][\/vc_column][\/vc_row][vc_row full_width=\u00a0\u00bbstretch_row\u00a0\u00bb wrap_container=\u00a0\u00bbyes\u00a0\u00bb is_section=\u00a0\u00bbyes\u00a0\u00bb section_skin=\u00a0\u00bbparallax\u00a0\u00bb remove_margin_top=\u00a0\u00bbyes\u00a0\u00bb remove_margin_bottom=\u00a0\u00bbyes\u00a0\u00bb remove_padding_bottom=\u00a0\u00bbyes\u00a0\u00bb css=\u00a0\u00bb.vc_custom_1689245846465{margin-top: -20px !important;background-color: #f4f4f4 !important;}\u00a0\u00bb conditional_render=\u00a0\u00bb%5B%7B%22value_role%22%3A%22administrator%22%7D%5D\u00a0\u00bb][vc_column][vc_custom_heading text=\u00a0\u00bbComment Europass fonctionne ?\u00a0\u00bb use_theme_fonts=\u00a0\u00bbyes\u00a0\u00bb][vc_separator][vc_column_text css=\u00a0\u00bb.vc_custom_1689231854253{margin-top: -10px !important;}\u00a0\u00bb]Europass est une plateforme compos\u00e9e de cinq documents destin\u00e9s \u00e0 pr\u00e9senter les comp\u00e9tences de mani\u00e8re claire et compr\u00e9hensible.<\/p>\n<p>Le curriculum vit\u00e6 Europass, principal document, est disponible en 28 langues. Les autres documents incluent le passeport de langues, l&rsquo;Europass mobilit\u00e9, le suppl\u00e9ment au dipl\u00f4me et le suppl\u00e9ment descriptif du certificat.<\/p>\n<p>Ces documents sont g\u00e9r\u00e9s par les agences du pays d&rsquo;accueil et du pays d&rsquo;origine de l&rsquo;\u00e9tudiant. Ils peuvent \u00eatre obtenus via le secr\u00e9tariat Erasmus Plus de l&rsquo;universit\u00e9 de l&rsquo;\u00e9tudiant, les organisateurs du projet de mobilit\u00e9 ou le service international de l&rsquo;entreprise.<\/p>\n<p>Europass, en apportant plus de transparence sur le projet de mobilit\u00e9, constitue un atout pour les participants au programme Erasmus Plus, offrant des perspectives d&rsquo;apprentissage et de travail \u00e0 l&rsquo;\u00e9tranger.[\/vc_column_text][\/vc_column][\/vc_row][vc_row conditional_render=\u00a0\u00bb%5B%7B%22value_role%22%3A%22administrator%22%7D%5D\u00a0\u00bb][vc_column][vc_row_inner][vc_column_inner][vc_custom_heading text=\u00a0\u00bbEuropass : un atout majeur pour pr\u00e9parer son projet\u00a0\u00bb use_theme_fonts=\u00a0\u00bbyes\u00a0\u00bb][vc_separator][vc_column_text]Avec la volont\u00e9 de renforcer la dimension europ\u00e9enne de l&rsquo;\u00e9ducation et de la formation, la plateforme Europass met \u00e0 disposition plusieurs fonctionnalit\u00e9s indispensables pour optimiser la pr\u00e9paration et la gestion de son s\u00e9jour Erasmus Plus.[\/vc_column_text][\/vc_column_inner][\/vc_row_inner][vc_row_inner][vc_column_inner width=\u00a0\u00bb1\/3&Prime;]<div class=\"aio-icon-component    style_1\"><div id=\"Info-box-wrap-6534\" class=\"aio-icon-box default-icon\" style=\"\"  ><div class=\"aio-icon-default\"><div class=\"ult-just-icon-wrapper  \"><div class=\"align-icon\" style=\"text-align:center;\">\n<div class=\"aio-icon none \"  style=\"color:#e20000;font-size:44px;display:inline-block;\">\n\t<i class=\"Defaults-file-o\"><\/i>\n<\/div><\/div><\/div><\/div><div class=\"aio-icon-header\" ><h3 class=\"aio-icon-title ult-responsive\"  data-ultimate-target='#Info-box-wrap-6534 .aio-icon-title'  data-responsive-json-new='{\"font-size\":\"desktop:20px;\",\"line-height\":\"\"}'  style=\"\">La cr\u00e9ation d'un CV et d'une lettre de motivation<\/h3><\/div> <!-- header --><div class=\"aio-icon-description ult-responsive\"  data-ultimate-target='#Info-box-wrap-6534 .aio-icon-description'  data-responsive-json-new='{\"font-size\":\"\",\"line-height\":\"\"}'  style=\"\">Pr\u00e9senter un\u00a0<strong>curriculum vitae et une lettre de motivation attrayants<\/strong>\u00a0est la premi\u00e8re \u00e9tape pour r\u00e9ussir son int\u00e9gration dans un \u00e9tablissement ou une entreprise \u00e0 l&rsquo;\u00e9tranger.<\/p>\n<p>La plateforme Europass propose des mod\u00e8les personnalisables <strong>en 28 langues<\/strong>, facilitant ainsi la mise en valeur de ses comp\u00e9tences et exp\u00e9riences.<\/div> <!-- description --><\/div> <!-- aio-icon-box --><\/div> <!-- aio-icon-component -->[\/vc_column_inner][vc_column_inner width=\u00a0\u00bb1\/3&Prime;]<div class=\"aio-icon-component    style_1\"><div id=\"Info-box-wrap-4601\" class=\"aio-icon-box default-icon\" style=\"\"  ><div class=\"aio-icon-default\"><div class=\"ult-just-icon-wrapper  \"><div class=\"align-icon\" style=\"text-align:center;\">\n<div class=\"aio-icon none \"  style=\"color:#e20000;font-size:44px;display:inline-block;\">\n\t<i class=\"Defaults-folder-open\"><\/i>\n<\/div><\/div><\/div><\/div><div class=\"aio-icon-header\" ><h3 class=\"aio-icon-title ult-responsive\"  data-ultimate-target='#Info-box-wrap-4601 .aio-icon-title'  data-responsive-json-new='{\"font-size\":\"desktop:20px;\",\"line-height\":\"\"}'  style=\"\">L'\u00e9laboration du dossier de candidature<\/h3><\/div> <!-- header --><div class=\"aio-icon-description ult-responsive\"  data-ultimate-target='#Info-box-wrap-4601 .aio-icon-description'  data-responsive-json-new='{\"font-size\":\"\",\"line-height\":\"\"}'  style=\"\">Pour candidater au programme Erasmus Plus, il est n\u00e9cessaire de fournir un certain nombre de documents tels que le formulaire de candidature, les relev\u00e9s de notes ou encore les attestations d&rsquo;engagement.<\/p>\n<p>Europass offre la possibilit\u00e9 de cr\u00e9er un\u00a0<strong>dossier complet et structur\u00e9<\/strong>\u00a0regroupant toutes ces pi\u00e8ces, simplifiant ainsi les d\u00e9marches aupr\u00e8s des organismes partenaires.<\/div> <!-- description --><\/div> <!-- aio-icon-box --><\/div> <!-- aio-icon-component -->[\/vc_column_inner][vc_column_inner width=\u00a0\u00bb1\/3&Prime;]<div class=\"aio-icon-component    style_1\"><div id=\"Info-box-wrap-4367\" class=\"aio-icon-box default-icon\" style=\"\"  ><div class=\"aio-icon-default\"><div class=\"ult-just-icon-wrapper  \"><div class=\"align-icon\" style=\"text-align:center;\">\n<div class=\"aio-icon none \"  style=\"color:#e20000;font-size:44px;display:inline-block;\">\n\t<i class=\"Defaults-check-square-o\"><\/i>\n<\/div><\/div><\/div><\/div><div class=\"aio-icon-header\" ><h3 class=\"aio-icon-title ult-responsive\"  data-ultimate-target='#Info-box-wrap-4367 .aio-icon-title'  data-responsive-json-new='{\"font-size\":\"desktop:20px;\",\"line-height\":\"\"}'  style=\"\">L'\u00e9valuation des comp\u00e9tences acquises<\/h3><\/div> <!-- header --><div class=\"aio-icon-description ult-responsive\"  data-ultimate-target='#Info-box-wrap-4367 .aio-icon-description'  data-responsive-json-new='{\"font-size\":\"\",\"line-height\":\"\"}'  style=\"\">Une fois le s\u00e9jour \u00e0 l&rsquo;\u00e9tranger entam\u00e9, Europass permet de g\u00e9rer efficacement son projet en offrant divers outils pour :<\/p>\n<ul>\n<li><strong>Planifier et suivre les objectifs fix\u00e9s,<\/strong><\/li>\n<li><strong>R\u00e9aliser un bilan de comp\u00e9tences,<\/strong><\/li>\n<li><strong>Valider les acquis de l&rsquo;exp\u00e9rience (VAE)<\/strong><\/li>\n<\/ul>\n<p><\/div> <!-- description --><\/div> <!-- aio-icon-box --><\/div> <!-- aio-icon-component -->[\/vc_column_inner][\/vc_row_inner][vc_row_inner][vc_column_inner][vc_custom_heading text=\u00a0\u00bbEuropass : des services adapt\u00e9s aux besoins des participants\u00a0\u00bb use_theme_fonts=\u00a0\u00bbyes\u00a0\u00bb][vc_separator][vc_column_text]Au-del\u00e0 des fonctionnalit\u00e9s mentionn\u00e9es pr\u00e9c\u00e9demment, la plateforme Europass s&rsquo;engage \u00e0 soutenir les participants Erasmus Plus tout au long de leur parcours.[\/vc_column_text][\/vc_column_inner][\/vc_row_inner][vc_row_inner][vc_column_inner width=\u00a0\u00bb1\/3&Prime;]<div class=\"aio-icon-component    style_1\"><div id=\"Info-box-wrap-7730\" class=\"aio-icon-box default-icon\" style=\"\"  ><div class=\"aio-icon-default\"><div class=\"ult-just-icon-wrapper  \"><div class=\"align-icon\" style=\"text-align:center;\">\n<div class=\"aio-icon none \"  style=\"color:#e20000;font-size:44px;display:inline-block;\">\n\t<i class=\"Defaults-bookmark\"><\/i>\n<\/div><\/div><\/div><\/div><div class=\"aio-icon-header\" ><h3 class=\"aio-icon-title ult-responsive\"  data-ultimate-target='#Info-box-wrap-7730 .aio-icon-title'  data-responsive-json-new='{\"font-size\":\"desktop:20px;\",\"line-height\":\"\"}'  style=\"\">Une assistance personnalis\u00e9e<\/h3><\/div> <!-- header --><div class=\"aio-icon-description ult-responsive\"  data-ultimate-target='#Info-box-wrap-7730 .aio-icon-description'  data-responsive-json-new='{\"font-size\":\"\",\"line-height\":\"\"}'  style=\"\">Afin d&rsquo;accompagner les utilisateurs dans la prise en main de ses outils et r\u00e9pondre \u00e0 toutes leurs interrogations, Europass dispose d&rsquo;un\u00a0<strong>service client disponible et r\u00e9actif<\/strong>.<\/p>\n<p>Les conseillers peuvent ainsi fournir des informations sur les d\u00e9marches \u00e0 suivre ou encore les financements disponibles.<\/div> <!-- description --><\/div> <!-- aio-icon-box --><\/div> <!-- aio-icon-component -->[\/vc_column_inner][vc_column_inner width=\u00a0\u00bb1\/3&Prime;]<div class=\"aio-icon-component    style_1\"><div id=\"Info-box-wrap-2473\" class=\"aio-icon-box default-icon\" style=\"\"  ><div class=\"aio-icon-default\"><div class=\"ult-just-icon-wrapper  \"><div class=\"align-icon\" style=\"text-align:center;\">\n<div class=\"aio-icon none \"  style=\"color:#e20000;font-size:44px;display:inline-block;\">\n\t<i class=\"Defaults-rss\"><\/i>\n<\/div><\/div><\/div><\/div><div class=\"aio-icon-header\" ><h3 class=\"aio-icon-title ult-responsive\"  data-ultimate-target='#Info-box-wrap-2473 .aio-icon-title'  data-responsive-json-new='{\"font-size\":\"desktop:20px;\",\"line-height\":\"\"}'  style=\"\">Des ressources p\u00e9dagogiques en ligne<\/h3><\/div> <!-- header --><div class=\"aio-icon-description ult-responsive\"  data-ultimate-target='#Info-box-wrap-2473 .aio-icon-description'  data-responsive-json-new='{\"font-size\":\"\",\"line-height\":\"\"}'  style=\"\">Europass propose un acc\u00e8s \u00e0 une biblioth\u00e8que num\u00e9rique comprenant :<\/p>\n<ul>\n<li><strong>Des fiches pratiques<\/strong> sur les proc\u00e9dures administratives,<\/li>\n<li><strong>Des guides<\/strong> pour valoriser ses comp\u00e9tences \u00e0 l&rsquo;\u00e9tranger,<\/li>\n<li><strong>Des t\u00e9moignages d&rsquo;anciens participants<\/strong> ayant r\u00e9ussi leur exp\u00e9rience.<\/li>\n<\/ul>\n<p><\/div> <!-- description --><\/div> <!-- aio-icon-box --><\/div> <!-- aio-icon-component -->[\/vc_column_inner][vc_column_inner width=\u00a0\u00bb1\/3&Prime;]<div class=\"aio-icon-component    style_1\"><div id=\"Info-box-wrap-6671\" class=\"aio-icon-box default-icon\" style=\"\"  ><div class=\"aio-icon-default\"><div class=\"ult-just-icon-wrapper  \"><div class=\"align-icon\" style=\"text-align:center;\">\n<div class=\"aio-icon none \"  style=\"color:#e20000;font-size:44px;display:inline-block;\">\n\t<i class=\"Defaults-user\"><\/i>\n<\/div><\/div><\/div><\/div><div class=\"aio-icon-header\" ><h3 class=\"aio-icon-title ult-responsive\"  data-ultimate-target='#Info-box-wrap-6671 .aio-icon-title'  data-responsive-json-new='{\"font-size\":\"desktop:20px;\",\"line-height\":\"\"}'  style=\"\">Un r\u00e9seau d'experts europ\u00e9ens<\/h3><\/div> <!-- header --><div class=\"aio-icon-description ult-responsive\"  data-ultimate-target='#Info-box-wrap-6671 .aio-icon-description'  data-responsive-json-new='{\"font-size\":\"\",\"line-height\":\"\"}'  style=\"\">En tant que plateforme europ\u00e9enne, Europass b\u00e9n\u00e9ficie d&rsquo;un large\u00a0<strong>r\u00e9seau d&rsquo;experts sp\u00e9cialis\u00e9s<\/strong>\u00a0dans le domaine de l&rsquo;\u00e9ducation et de la formation.<\/p>\n<p>Gr\u00e2ce \u00e0 cet atout, les participants Erasmus Plus peuvent profiter d&rsquo;un accompagnement m\u00e9thodologique et strat\u00e9gique afin d&rsquo;am\u00e9liorer leurs chances de succ\u00e8s.<\/div> <!-- description --><\/div> <!-- aio-icon-box --><\/div> <!-- aio-icon-component -->[\/vc_column_inner][\/vc_row_inner][\/vc_column][\/vc_row][vc_row full_width=\u00a0\u00bbstretch_row\u00a0\u00bb wrap_container=\u00a0\u00bbyes\u00a0\u00bb section_skin=\u00a0\u00bbprimary\u00a0\u00bb css=\u00a0\u00bb.vc_custom_1775126226825{background-color: #041941 !important;}\u00a0\u00bb conditional_render=\u00a0\u00bb%5B%7B%22value_role%22%3A%22administrator%22%7D%5D\u00a0\u00bb][vc_column text_align=\u00a0\u00bbcenter\u00a0\u00bb][vc_row_inner css=\u00a0\u00bb.vc_custom_1775126253286{background-color: #041941 !important;}\u00a0\u00bb][vc_column_inner][vc_empty_space height=\u00a0\u00bb40px\u00a0\u00bb][vc_custom_heading text=\u00a0\u00bbVous avez des questions sur les plateformes Erasmus Plus ?\u00a0\u00bb font_container=\u00a0\u00bbtag:h2|text_align:center|color:%23ffffff\u00a0\u00bb use_theme_fonts=\u00a0\u00bbyes\u00a0\u00bb][vc_column_text]<\/p>\n<div style=\"text-align: center !important; max-width: 800px; margin: 0 auto; padding: 20px;\">\n<p style=\"color: #ffffff !important; font-size: 18px !important; line-height: 1.6 !important; text-align: center !important; margin-bottom: 25px !important;\">Nos experts chez Espamob sont pr\u00eats \u00e0 vous aider ! Que vous ayez besoin d\u2019aide pour naviguer dans Mobility Tool+, pour partager des exp\u00e9riences sur EPALE, ou pour comprendre comment utiliser au mieux Penelope, eTwinning et Europass, nous sommes l\u00e0 pour vous.<\/p>\n<p style=\"color: #ffffff !important; font-size: 16px !important; line-height: 1.8 !important; text-align: center !important; font-weight: 300 !important; margin-bottom: 25px !important;\">N\u2019attendez plus, contactez un expert Espamob d\u00e8s maintenant et faites le premier pas vers une exp\u00e9rience Erasmus + r\u00e9ussie !<\/p>\n<\/div>\n<p>[\/vc_column_text][vc_btn title=\u00a0\u00bbCONTACTER ESPAMOB\u00a0\u00bb style=\u00a0\u00bbcustom\u00a0\u00bb custom_background=\u00a0\u00bb#e20000&Prime; custom_text=\u00a0\u00bb#ffe033&Prime; size=\u00a0\u00bbxl\u00a0\u00bb align=\u00a0\u00bbcenter\u00a0\u00bb link=\u00a0\u00bburl:https%3A%2F%2Fespamob.com%2Ffr%2Fdemande-de-devis%2F\u00a0\u00bb css=\u00a0\u00bb.vc_custom_1775129569590{margin-top: -5px !important;}\u00a0\u00bb][vc_empty_space height=\u00a0\u00bb30px\u00a0\u00bb][\/vc_column_inner][\/vc_row_inner][\/vc_column][\/vc_row][vc_row][vc_column][vc_custom_heading text=\u00a0\u00bbQuestions fr\u00e9quentes sur la plateforme Europass\u00a0\u00bb font_container=\u00a0\u00bbtag:h2|text_align:center\u00a0\u00bb use_theme_fonts=\u00a0\u00bbyes\u00a0\u00bb][vc_separator][vc_row_inner][vc_column_inner width=\u00a0\u00bb2\/3&Prime;][vc_custom_heading text=\u00a0\u00bbA quoi sert la plateforme Europass ?\u00a0\u00bb font_container=\u00a0\u00bbtag:h3|text_align:left\u00a0\u00bb use_theme_fonts=\u00a0\u00bbyes\u00a0\u00bb][vc_column_text css=\u00a0\u00bb.vc_custom_1689232861971{margin-top: -10px !important;}\u00a0\u00bb]Europass est un ensemble de cinq documents con\u00e7u pour aider les individus \u00e0 pr\u00e9senter leurs comp\u00e9tences et qualifications de mani\u00e8re claire et compr\u00e9hensible en Europe.<\/p>\n<p>Ces documents comprennent le curriculum vitae Europass, le passeport de langues Europass, l&rsquo;Europass mobilit\u00e9, le suppl\u00e9ment au dipl\u00f4me et le suppl\u00e9ment descriptif du certificat.[\/vc_column_text][vc_custom_heading text=\u00a0\u00bbA qui s\u2019adresse la plateforme Europass ?\u00a0\u00bb font_container=\u00a0\u00bbtag:h3|text_align:left\u00a0\u00bb use_theme_fonts=\u00a0\u00bbyes\u00a0\u00bb][vc_column_text css=\u00a0\u00bb.vc_custom_1689232883586{margin-top: -10px !important;}\u00a0\u00bb]<\/p>\n<p style=\"text-align: justify;\"><span style=\"font-weight: 400;\">Europass s\u2019adresse aux personnes d\u00e9sirant communiquer de mani\u00e8re efficace sur leurs qualifications et comp\u00e9tences en France et en Europe. Elle s\u2019adresse aussi aux employeurs.<\/span><\/p>\n<p>Vous pouvez obtenir un Europass en vous adressant au secr\u00e9tariat Erasmus Plus de votre universit\u00e9, aux organisateurs de votre projet de mobilit\u00e9, ou au service international de votre entreprise. Ils vous aideront \u00e0 obtenir et \u00e0 remplir les documents appropri\u00e9s.[\/vc_column_text][vc_custom_heading text=\u00a0\u00bbQuels autres outils Erasmus Plus peuvent m&rsquo;aider dans mon projet de mobilit\u00e9 ?\u00a0\u00bb font_container=\u00a0\u00bbtag:h3|text_align:left\u00a0\u00bb use_theme_fonts=\u00a0\u00bbyes\u00a0\u00bb][vc_column_text css=\u00a0\u00bb.vc_custom_1689232991537{margin-top: -10px !important;}\u00a0\u00bb]En plus d&rsquo;Europass, plusieurs autres outils Erasmus Plus peuvent aider \u00e0 g\u00e9rer votre projet de mobilit\u00e9.<\/p>\n<p>Par exemple, <a href=\"https:\/\/espamob.com\/fr\/les-plateformes-erasmus\/penelope\/\">Penelope<\/a> peut aider \u00e0 la pr\u00e9paration et \u00e0 la mise en \u0153uvre des projets, <a href=\"https:\/\/espamob.com\/fr\/les-plateformes-erasmus\/epale\/\">EPALE<\/a> est une communaut\u00e9 en ligne pour le partage de contenus et de pratiques li\u00e9s \u00e0 l&rsquo;\u00e9ducation des adultes, <a href=\"https:\/\/espamob.com\/fr\/les-plateformes-erasmus\/mobility-tool\/\">Mobility Tool+<\/a> peut aider \u00e0 g\u00e9rer et \u00e0 suivre les projets et <a href=\"https:\/\/espamob.com\/fr\/les-plateformes-erasmus\/etwinning\/\">eTwinning<\/a> offre une plateforme pour le personnel enseignant pour communiquer, collaborer, d\u00e9velopper des projets et partager des id\u00e9es.[\/vc_column_text][vc_btn title=\u00a0\u00bbNous contacter\u00a0\u00bb style=\u00a0\u00bbcustom\u00a0\u00bb custom_background=\u00a0\u00bb#e20000&Prime; custom_text=\u00a0\u00bb#ffffff\u00a0\u00bb align=\u00a0\u00bbcenter\u00a0\u00bb link=\u00a0\u00bburl:https%3A%2F%2Fespamob.com%2Ffr%2Fcontact%2F|title:FR%20%E2%80%93%20Contact|rel:nofollow\u00a0\u00bb][\/vc_column_inner][vc_column_inner width=\u00a0\u00bb1\/3&Prime;][vc_single_image image=\u00a0\u00bb27520&Prime; img_size=\u00a0\u00bb300&#215;300&Prime; alignment=\u00a0\u00bbcenter\u00a0\u00bb][\/vc_column_inner][\/vc_row_inner][\/vc_column][\/vc_row]<\/p>\n<\/div>","protected":false},"excerpt":{"rendered":"<p>[vc_row full_width=\u00a0\u00bbstretch_row\u00a0\u00bb wrap_container=\u00a0\u00bbyes\u00a0\u00bb is_section=\u00a0\u00bbyes\u00a0\u00bb section_skin=\u00a0\u00bbparallax\u00a0\u00bb remove_margin_top=\u00a0\u00bbyes\u00a0\u00bb remove_margin_bottom=\u00a0\u00bbyes\u00a0\u00bb remove_padding_bottom=\u00a0\u00bbyes\u00a0\u00bb el_id=\u00a0\u00bbinformacion\u00a0\u00bb css=\u00a0\u00bb.vc_custom_1689245846465{margin-top: -20px !important;background-color: #f4f4f4 !important;}\u00a0\u00bb conditional_render=\u00a0\u00bb%5B%7B%22value_role%22%3A%22administrator%22%7D%5D\u00a0\u00bb][vc_column][vc_raw_html]JTNDbmF2JTIwYXJpYS1sYWJlbCUzRCUyMmJyZWFkY3J1bWIlMjIlM0UlMEElMjAlMjAlM0NvbCUyMGNsYXNzJTNEJTIyYnJlYWRjcnVtYiUyMiUzRSUwQSUyMCUyMCUyMCUyMCUzQ2xpJTIwY2xhc3MlM0QlMjJicmVhZGNydW1iLWl0ZW0lMjIlM0UlM0NhJTIwaHJlZiUzRCUyMmh0dHBzJTNBJTJGJTJGd3d3LmVzcGFtb2IuY29tJTJGJTIyJTNFSG9tZSUzQyUyRmElM0UlM0MlMkZsaSUzRSUwQSUyMCUyMCUyMCUyMCUzQ2xpJTIwY2xhc3MlM0QlMjJicmVhZGNydW1iLWl0ZW0lMjIlM0UlM0NhJTIwaHJlZiUzRCUyMmh0dHBzJTNBJTJGJTJGd3d3LmVzcGFtb2IuY29tJTJGZnIlMkZsZXMtcGxhdGVmb3JtZXMtZXJhc211cyUyRiUyMiUzRVBsYXRlZm9ybWUlMjBFcmFzbXVzJTIwUGx1cyUzQyUyRmElM0UlM0MlMkZsaSUzRSUwQSUyMCUyMCUyMCUyMCUzQ2xpJTIwY2xhc3MlM0QlMjJicmVhZGNydW1iLWl0ZW0lMjBhY3RpdmUlMjIlMjBhcmlhLWN1cnJlbnQlM0QlMjJwYWdlJTIyJTNFRXVyb3Bhc3MlM0MlMkZsaSUzRSUwQSUyMCUyMCUzQyUyRm9sJTNFJTBBJTNDJTJGbmF2JTNF[\/vc_raw_html][vc_custom_heading text=\u00a0\u00bbLa plateforme Europass\u00a0\u00bb font_container=\u00a0\u00bbtag:h1|text_align:left\u00a0\u00bb use_theme_fonts=\u00a0\u00bbyes\u00a0\u00bb][vc_separator][vc_row_inner][vc_column_inner width=\u00a0\u00bb1\/2&Prime;][vc_column_text css=\u00a0\u00bb.vc_custom_1689231622073{margin-top: -10px !important;}\u00a0\u00bb]Le programme Erasmus Plus est un dispositif europ\u00e9en permettant aux \u00e9tudiants, enseignants et professionnels de vivre une exp\u00e9rience unique \u00e0 l&rsquo;\u00e9tranger. Afin de faciliter les d\u00e9marches administratives, la plateforme Europass\u00a0propose des outils<\/p>\n","protected":false},"author":1,"featured_media":14546,"parent":9340,"menu_order":0,"comment_status":"closed","ping_status":"closed","template":"","meta":{"footnotes":""},"class_list":["post-14491","page","type-page","status-publish","has-post-thumbnail","hentry"],"_links":{"self":[{"href":"https:\/\/espamob.com\/fr\/wp-json\/wp\/v2\/pages\/14491","targetHints":{"allow":["GET"]}}],"collection":[{"href":"https:\/\/espamob.com\/fr\/wp-json\/wp\/v2\/pages"}],"about":[{"href":"https:\/\/espamob.com\/fr\/wp-json\/wp\/v2\/types\/page"}],"author":[{"embeddable":true,"href":"https:\/\/espamob.com\/fr\/wp-json\/wp\/v2\/users\/1"}],"replies":[{"embeddable":true,"href":"https:\/\/espamob.com\/fr\/wp-json\/wp\/v2\/comments?post=14491"}],"version-history":[{"count":0,"href":"https:\/\/espamob.com\/fr\/wp-json\/wp\/v2\/pages\/14491\/revisions"}],"up":[{"embeddable":true,"href":"https:\/\/espamob.com\/fr\/wp-json\/wp\/v2\/pages\/9340"}],"wp:featuredmedia":[{"embeddable":true,"href":"https:\/\/espamob.com\/fr\/wp-json\/wp\/v2\/media\/14546"}],"wp:attachment":[{"href":"https:\/\/espamob.com\/fr\/wp-json\/wp\/v2\/media?parent=14491"}],"curies":[{"name":"wp","href":"https:\/\/api.w.org\/{rel}","templated":true}]}}