{"id":14453,"date":"2022-07-21T17:28:28","date_gmt":"2022-07-21T17:28:28","guid":{"rendered":"https:\/\/www.espamob.com\/?page_id=14453"},"modified":"2026-04-02T11:32:53","modified_gmt":"2026-04-02T11:32:53","slug":"penelope","status":"publish","type":"page","link":"https:\/\/espamob.com\/fr\/les-plateformes-erasmus\/penelope\/","title":{"rendered":"FR &#8211; PENELOPE"},"content":{"rendered":"<div class=\"wpb-content-wrapper\"><p>[vc_row full_width=\u00a0\u00bbstretch_row\u00a0\u00bb wrap_container=\u00a0\u00bbyes\u00a0\u00bb is_section=\u00a0\u00bbyes\u00a0\u00bb section_skin=\u00a0\u00bbparallax\u00a0\u00bb remove_margin_top=\u00a0\u00bbyes\u00a0\u00bb remove_margin_bottom=\u00a0\u00bbyes\u00a0\u00bb remove_padding_bottom=\u00a0\u00bbyes\u00a0\u00bb el_id=\u00a0\u00bbinformacion\u00a0\u00bb css=\u00a0\u00bb.vc_custom_1689245084937{margin-top: -20px !important;background-color: #f4f4f4 !important;}\u00a0\u00bb conditional_render=\u00a0\u00bb%5B%7B%22value_role%22%3A%22administrator%22%7D%5D\u00a0\u00bb][vc_column][vc_raw_html]JTNDbmF2JTIwYXJpYS1sYWJlbCUzRCUyMmJyZWFkY3J1bWIlMjIlM0UlMEElMjAlMjAlM0NvbCUyMGNsYXNzJTNEJTIyYnJlYWRjcnVtYiUyMiUzRSUwQSUyMCUyMCUyMCUyMCUzQ2xpJTIwY2xhc3MlM0QlMjJicmVhZGNydW1iLWl0ZW0lMjIlM0UlM0NhJTIwaHJlZiUzRCUyMmh0dHBzJTNBJTJGJTJGd3d3LmVzcGFtb2IuY29tJTJGJTIyJTNFSG9tZSUzQyUyRmElM0UlM0MlMkZsaSUzRSUwQSUyMCUyMCUyMCUyMCUzQ2xpJTIwY2xhc3MlM0QlMjJicmVhZGNydW1iLWl0ZW0lMjIlM0UlM0NhJTIwaHJlZiUzRCUyMmh0dHBzJTNBJTJGJTJGd3d3LmVzcGFtb2IuY29tJTJGZnIlMkZsZXMtcGxhdGVmb3JtZXMtZXJhc211cyUyRiUyMiUzRVBsYXRlZm9ybWUlMjBFcmFzbXVzJTIwUGx1cyUzQyUyRmElM0UlM0MlMkZsaSUzRSUwQSUyMCUyMCUyMCUyMCUzQ2xpJTIwY2xhc3MlM0QlMjJicmVhZGNydW1iLWl0ZW0lMjBhY3RpdmUlMjIlMjBhcmlhLWN1cnJlbnQlM0QlMjJwYWdlJTIyJTNFUGVuZWxvcGUlM0MlMkZsaSUzRSUwQSUyMCUyMCUzQyUyRm9sJTNFJTBBJTNDJTJGbmF2JTNF[\/vc_raw_html][vc_custom_heading text=\u00a0\u00bbLa plateforme Erasmus Penelope\u00a0\u00bb font_container=\u00a0\u00bbtag:h1|text_align:left\u00a0\u00bb use_theme_fonts=\u00a0\u00bbyes\u00a0\u00bb][vc_separator][vc_row_inner][vc_column_inner width=\u00a0\u00bb1\/2&Prime;][vc_column_text css=\u00a0\u00bb.vc_custom_1689227015862{margin-top: -10px !important;}\u00a0\u00bb]<\/p>\n<p style=\"text-align: justify;\">Aujourd\u2019hui, le dispositif <a href=\"https:\/\/espamob.com\/fr\/erasmus-plus-cest-quoi\/\">Erasmus Plus<\/a> a atteint un niveau haut de gamme d\u2019accompagnement \u00e0 la mobilit\u00e9. En effet, \u00e9tant pr\u00e9sent depuis 1987, il a connu de nombreux changements afin d\u2019\u00e9voluer au fil des ann\u00e9es.<\/p>\n<p style=\"text-align: justify;\">Dans le cadre des programmes de mobilit\u00e9 et de coop\u00e9ration internationale en mati\u00e8re d&rsquo;\u00e9ducation, la plateforme Penelope se r\u00e9v\u00e8le \u00eatre une ressource pr\u00e9cieuse pour les enseignants, les \u00e9tudiants, les organismes \u00e9ducatifs et les chercheurs.<\/p>\n<p>[\/vc_column_text][vc_custom_heading text=\u00a0\u00bbQu&rsquo;est-ce que Penelope Plus ?\u00a0\u00bb use_theme_fonts=\u00a0\u00bbyes\u00a0\u00bb][vc_separator][vc_column_text css=\u00a0\u00bb.vc_custom_1689227033128{margin-top: -10px !important;}\u00a0\u00bb]<\/p>\n<p style=\"text-align: justify;\">La plateforme Penelope Plus offre un accompagnement d\u00e9taill\u00e9 et personnalis\u00e9 dans l&rsquo;\u00e9laboration, la mise en \u0153uvre et le suivi des projets \u00e9ducatifs europ\u00e9ens.<\/p>\n<p style=\"text-align: justify;\">Il existe de nombreuses fa\u00e7ons d\u2019\u00eatre <a href=\"https:\/\/espamob.com\/fr\/les-financements-erasmus-plus\/\">financ\u00e9 par l\u2019Union Europ\u00e9enne<\/a>, \u00e0 partir du moment o\u00f9 les projets et les institutions participantes partagent les m\u00eames objectifs et valeurs de la charte Erasmus Plus. Cela est le cas pour un lyc\u00e9e par exemple qui souhaiterait mettre en place un projet de mobilit\u00e9 de stage Erasmus avec des \u00e9l\u00e8ves.<\/p>\n<p>[\/vc_column_text][\/vc_column_inner][vc_column_inner width=\u00a0\u00bb1\/2&Prime;][vc_empty_space][vc_single_image image=\u00a0\u00bb14478&Prime; img_size=\u00a0\u00bb400&#215;400&Prime; alignment=\u00a0\u00bbcenter\u00a0\u00bb]<div id=\"modal-trg-txt-wrap-1352\" class=\"ult-modal-input-wrapper ult-adjust-bottom-margin    \" data-keypress-control=\"keypress-control-enable\" data-overlay-control=\"overlay-control-enable\"><style>\n\t\t\t\t\t.btn-modal.btn-id-69e750d3c6e827-24343561:hover {\n\t\t\t\t\t\tbackground-color: #e20000 !important;\n\t\t\t\t\t}\n\t\t\t\t\t<\/style><button  data-ultimate-target='#modal-trg-txt-wrap-1352 .btn-modal'  data-responsive-json-new='{\"font-size\":\"\",\"line-height\":\"\"}'  style=\"background:#888888;border-color:#888888;color:#ffffff; \" data-class-id=\"content-69e750d3c6e827-24343561\" class=\"btn-modal ult-responsive btn-primary btn-modal-md overlay-show ult-align-center btn-id-69e750d3c6e827-24343561\" data-overlay-class=\"overlay-cornerbottomleft\">DEMANDE DEVIS GRATUIT<\/button><\/div>\n<div class=\"ult-overlay content-69e750d3c6e827-24343561 \" data-class=\"content-69e750d3c6e827-24343561\" id=\"button-click-overlay\" style=\"background:rgba(51,51,51,0.8); display:none;\">\n\t<div class=\"ult_modal ult-fade ult-medium\">\n\t\t<div id=\"ult-modal-wrap-7650\" class=\"ult_modal-content ult-hide\" style=\"border-style:solid;border-width:2px;border-radius:0px;border-color:#333333;\">\n\t\t\t<div class=\"ult_modal-header\" style=\"color:#333333;border-color:#333333;\">\n\t\t\t\t<h3  data-ultimate-target='#ult-modal-wrap-7650 .ult_modal-title'  data-responsive-json-new='{\"font-size\":\"\",\"line-height\":\"\"}'  class=\"ult_modal-title ult-responsive\">Demande devis gratuit<\/h3>\n\t\t\t<\/div>\n\t\t\t<div  data-ultimate-target='#ult-modal-wrap-7650 .ult_modal-body'  data-responsive-json-new='{\"font-size\":\"\",\"line-height\":\"\"}'  class=\"ult_modal-body ult-responsive ult-html\" style=\"\">\n\t\t\t<\/p>\n<p>[caldera_form id=\u00a0\u00bbCF614462cc44616&Prime;]<\/p>\n<p>&nbsp;<\/p>\n<p>\n\t\t\t<\/div>\n\t<\/div>\n\t<\/div>\n\t<div class=\"ult-overlay-close top-right\" style=\"width:80px;height:80px; \"><div class=\"ult-overlay-close-inside\">Close<\/div><\/div>\n<\/div>[\/vc_column_inner][\/vc_row_inner][\/vc_column][\/vc_row][vc_row][vc_column][vc_custom_heading text=\u00a0\u00bbComment Penelope fonctionne ?\u00a0\u00bb use_theme_fonts=\u00a0\u00bbyes\u00a0\u00bb][vc_separator][vc_column_text]<\/p>\n<p style=\"text-align: justify;\">La plateforme <a href=\"https:\/\/www.erasmusplus.fr\/penelope\/\" target=\"_blank\" rel=\"noopener\">Penelope<\/a> requiert diff\u00e9rentes modalit\u00e9s \u00e0 remplir lorsque l\u2019on d\u00e9pose une candidature et dispose \u00e9galement diff\u00e9rents types de subventions en fonction des projets de mobilit\u00e9s Erasmus Plus.<\/p>\n<p style=\"text-align: justify;\">Si vous \u00eates d\u00e9j\u00e0 b\u00e9n\u00e9ficiaire d\u2019une subvention, Penelope Plus vous suivra tout au long de votre projet \u00e0 travers les documents accessibles pour le bien de votre mobilit\u00e9 ainsi que les diff\u00e9rents conseils disponibles.<\/p>\n<p style=\"text-align: justify;\">La plateforme Penelope est d\u2019une grande aide pour les porteurs de projets qui souhaitent participer aux programmes de mobilit\u00e9 europ\u00e9ens et aux organismes.<\/p>\n<p style=\"text-align: justify;\">Erasmus Plus a \u00e9volu\u00e9 et a pris le virage du num\u00e9rique, afin de transf\u00e9rer certains de ses services par l\u2019interm\u00e9diaire de plateformes internet, comme Penelope par exemple. Elle est d\u00e9di\u00e9e aux institutions universitaires et \u00e9ducatives ainsi qu\u2019\u00e0 des centres de formation qui vont aussi accompagner les professionnels.<\/p>\n<p style=\"text-align: justify;\">Il est donc possible, si vous souhaitez proposer un projet p\u00e9dagogique et \u00e9ducatif <a href=\"https:\/\/espamob.com\/fr\/stage-erasmus-plus-etudiants-et-apprentis\/\">avec vos \u00e9l\u00e8ves<\/a>, de s\u2019inscrire en ligne avec votre login afin d\u2019acc\u00e9der directement \u00e0 la plateforme Penelope.<\/p>\n<p style=\"text-align: justify;\">Si votre projet remplit les nombreux crit\u00e8res importants, vous pourrez recevoir les subventions et m\u00eame un accompagnement logistique pour vous permettre de r\u00e9aliser du mieux possible votre mobilit\u00e9.<\/p>\n<p>[\/vc_column_text][\/vc_column][\/vc_row][vc_row][vc_column][vc_row_inner][vc_column_inner][vc_empty_space][vc_custom_heading text=\u00a0\u00bbLes fonctionnalit\u00e9s cl\u00e9s de la plateforme Penelope Plus\u00a0\u00bb use_theme_fonts=\u00a0\u00bbyes\u00a0\u00bb][vc_separator][vc_column_text]Cette plateforme en ligne est con\u00e7ue pour faciliter la gestion des projets soutenus par le programme Erasmus + et optimiser leur impact sur les publics cibles. Elle propose diverses fonctionnalit\u00e9s permettant :<\/p>\n<ul>\n<li><strong>De rechercher<\/strong>\u00a0des partenaires potentiels pour mener \u00e0 bien un projet \u00e9ducatif,<\/li>\n<li><strong>De cr\u00e9er et g\u00e9rer<\/strong>\u00a0un portefeuille de projets, qu&rsquo;il s&rsquo;agisse d&rsquo;actions cl\u00e9s, de partenariats strat\u00e9giques ou de mobilit\u00e9s individuelles,<\/li>\n<li><strong>D&rsquo;acc\u00e9der \u00e0 des ressources<\/strong>\u00a0m\u00e9thodologiques et documentaires pour assurer la qualit\u00e9 des projets,<\/li>\n<li><strong>De suivre l&rsquo;\u00e9tat d&rsquo;avancement<\/strong>\u00a0des projets en cours et les r\u00e9sultats obtenus,<\/li>\n<li><strong>De valoriser les bonnes pratiques<\/strong>\u00a0et les exp\u00e9riences r\u00e9ussies dans le domaine de l&rsquo;\u00e9ducation et de la formation en Europe.<\/li>\n<\/ul>\n<p>[\/vc_column_text][\/vc_column_inner][\/vc_row_inner][vc_row_inner][vc_column_inner width=\u00a0\u00bb1\/2&Prime;][vc_empty_space][vc_single_image image=\u00a0\u00bb17523&Prime; img_size=\u00a0\u00bblarge\u00a0\u00bb alignment=\u00a0\u00bbcenter\u00a0\u00bb style=\u00a0\u00bbvc_box_rounded\u00a0\u00bb]<div id=\"modal-trg-txt-wrap-1221\" class=\"ult-modal-input-wrapper ult-adjust-bottom-margin    \" data-keypress-control=\"keypress-control-enable\" data-overlay-control=\"overlay-control-enable\"><style>\n\t\t\t\t\t.btn-modal.btn-id-69e750d3c6f644-36028239:hover {\n\t\t\t\t\t\tbackground-color: #e20000 !important;\n\t\t\t\t\t}\n\t\t\t\t\t<\/style><button  data-ultimate-target='#modal-trg-txt-wrap-1221 .btn-modal'  data-responsive-json-new='{\"font-size\":\"\",\"line-height\":\"\"}'  style=\"background:#888888;border-color:#888888;color:#ffffff; \" data-class-id=\"content-69e750d3c6f644-36028239\" class=\"btn-modal ult-responsive btn-primary btn-modal-md overlay-show ult-align-center btn-id-69e750d3c6f644-36028239\" data-overlay-class=\"overlay-cornerbottomleft\">DEMANDE DEVIS GRATUIT<\/button><\/div>\n<div class=\"ult-overlay content-69e750d3c6f644-36028239 \" data-class=\"content-69e750d3c6f644-36028239\" id=\"button-click-overlay\" style=\"background:rgba(51,51,51,0.8); display:none;\">\n\t<div class=\"ult_modal ult-fade ult-medium\">\n\t\t<div id=\"ult-modal-wrap-4521\" class=\"ult_modal-content ult-hide\" style=\"border-style:solid;border-width:2px;border-radius:0px;border-color:#333333;\">\n\t\t\t<div class=\"ult_modal-header\" style=\"color:#333333;border-color:#333333;\">\n\t\t\t\t<h3  data-ultimate-target='#ult-modal-wrap-4521 .ult_modal-title'  data-responsive-json-new='{\"font-size\":\"\",\"line-height\":\"\"}'  class=\"ult_modal-title ult-responsive\">Demande devis gratuit<\/h3>\n\t\t\t<\/div>\n\t\t\t<div  data-ultimate-target='#ult-modal-wrap-4521 .ult_modal-body'  data-responsive-json-new='{\"font-size\":\"\",\"line-height\":\"\"}'  class=\"ult_modal-body ult-responsive ult-html\" style=\"\">\n\t\t\t<\/p>\n<p>[caldera_form id=\u00a0\u00bbCF614462cc44616&Prime;]<\/p>\n<p>&nbsp;<\/p>\n<p>\n\t\t\t<\/div>\n\t<\/div>\n\t<\/div>\n\t<div class=\"ult-overlay-close top-right\" style=\"width:80px;height:80px; \"><div class=\"ult-overlay-close-inside\">Close<\/div><\/div>\n<\/div>[\/vc_column_inner][vc_column_inner width=\u00a0\u00bb1\/2&Prime;][vc_custom_heading text=\u00a0\u00bbPenelope Plus : un espace d\u00e9di\u00e9 pour chaque utilisateur\u00a0\u00bb font_container=\u00a0\u00bbtag:h3|text_align:left\u00a0\u00bb use_theme_fonts=\u00a0\u00bbyes\u00a0\u00bb][vc_column_text css=\u00a0\u00bb.vc_custom_1689226563050{margin-top: -10px !important;}\u00a0\u00bb]Afin de r\u00e9pondre aux besoins sp\u00e9cifiques de chaque acteur du monde \u00e9ducatif, la plateforme Penelope propose un espace personnalis\u00e9 pour :<\/p>\n<ol>\n<li><strong>Les \u00e9tudiants<\/strong>, qui peuvent y consulter des informations sur les opportunit\u00e9s de mobilit\u00e9 (stages, s\u00e9jours linguistiques, volontariat, etc.) et b\u00e9n\u00e9ficier d&rsquo;un accompagnement dans leurs d\u00e9marches,<\/li>\n<li><strong>Les enseignants<\/strong>, qui disposent de ressources p\u00e9dagogiques adapt\u00e9es \u00e0 leur discipline et \u00e0 leur niveau d&rsquo;enseignement, ainsi que d&rsquo;outils pour organiser et suivre les mobilit\u00e9s de leurs \u00e9l\u00e8ves,<\/li>\n<li><strong>Les organismes \u00e9ducatifs<\/strong>, qui peuvent y trouver des conseils pour monter des projets europ\u00e9ens et acc\u00e9der \u00e0 des financements,<\/li>\n<li><strong>Les chercheurs<\/strong>, qui ont acc\u00e8s \u00e0 une base de donn\u00e9es sur les projets financ\u00e9s par Erasmus +, ainsi qu&rsquo;\u00e0 des publications scientifiques et des \u00e9tudes de cas.<\/li>\n<\/ol>\n<p>[\/vc_column_text][vc_custom_heading text=\u00a0\u00bbComment s&rsquo;inscrire et utiliser la plateforme Penelope ?\u00a0\u00bb font_container=\u00a0\u00bbtag:h3|text_align:left\u00a0\u00bb use_theme_fonts=\u00a0\u00bbyes\u00a0\u00bb][vc_column_text css=\u00a0\u00bb.vc_custom_1689226597546{margin-top: -10px !important;}\u00a0\u00bb]Pour acc\u00e9der \u00e0 la plateforme Erasmus Plus : Penelope, il suffit de se rendre sur le site web d\u00e9di\u00e9 et de cr\u00e9er un compte utilisateur. Une fois inscrit, on peut naviguer dans l&rsquo;espace en fonction de son profil (\u00e9tudiant, enseignant, organisme \u00e9ducatif, chercheur) et de ses besoins :<\/p>\n<ul>\n<li><strong>Consulter les offres de mobilit\u00e9<\/strong>\u00a0et les opportunit\u00e9s de partenariat,<\/li>\n<li><strong>Cr\u00e9er un projet<\/strong>\u00a0en renseignant les informations requises (objectifs, activit\u00e9s, partenaires, budget, etc.),<\/li>\n<li><strong>Acc\u00e9der aux ressources<\/strong>\u00a0documentaires et m\u00e9thodologiques fournies par la plateforme,<\/li>\n<li><strong>Suivre et mettre \u00e0 jour<\/strong>\u00a0ses projets en cours et consulter les r\u00e9sultats obtenus,<\/li>\n<li><strong>Participer \u00e0 des forums<\/strong>\u00a0d&rsquo;\u00e9changes et \u00e0 des groupes de travail th\u00e9matiques pour partager ses exp\u00e9riences et ses bonnes pratiques.<\/li>\n<\/ul>\n<p>[\/vc_column_text][\/vc_column_inner][\/vc_row_inner][\/vc_column][\/vc_row][vc_row full_width=\u00a0\u00bbstretch_row\u00a0\u00bb wrap_container=\u00a0\u00bbyes\u00a0\u00bb section_skin=\u00a0\u00bbprimary\u00a0\u00bb css=\u00a0\u00bb.vc_custom_1775126226825{background-color: #041941 !important;}\u00a0\u00bb conditional_render=\u00a0\u00bb%5B%7B%22value_role%22%3A%22administrator%22%7D%5D\u00a0\u00bb][vc_column text_align=\u00a0\u00bbcenter\u00a0\u00bb][vc_row_inner css=\u00a0\u00bb.vc_custom_1775126253286{background-color: #041941 !important;}\u00a0\u00bb][vc_column_inner][vc_empty_space height=\u00a0\u00bb40px\u00a0\u00bb][vc_custom_heading text=\u00a0\u00bbVous avez des questions sur les plateformes Erasmus Plus ?\u00a0\u00bb font_container=\u00a0\u00bbtag:h2|text_align:center|color:%23ffffff\u00a0\u00bb use_theme_fonts=\u00a0\u00bbyes\u00a0\u00bb][vc_column_text]<\/p>\n<div style=\"text-align: center !important; max-width: 800px; margin: 0 auto; padding: 20px;\">\n<p style=\"color: #ffffff !important; font-size: 18px !important; line-height: 1.6 !important; text-align: center !important; margin-bottom: 25px !important;\">Nos experts chez Espamob sont pr\u00eats \u00e0 vous aider ! Que vous ayez besoin d\u2019aide pour naviguer dans Mobility Tool+, pour partager des exp\u00e9riences sur EPALE, ou pour comprendre comment utiliser au mieux Penelope, eTwinning et Europass, nous sommes l\u00e0 pour vous.<\/p>\n<p style=\"color: #ffffff !important; font-size: 16px !important; line-height: 1.8 !important; text-align: center !important; font-weight: 300 !important; margin-bottom: 25px !important;\">N\u2019attendez plus, contactez un expert Espamob d\u00e8s maintenant et faites le premier pas vers une exp\u00e9rience Erasmus + r\u00e9ussie !<\/p>\n<\/div>\n<p>[\/vc_column_text][vc_btn title=\u00a0\u00bbCONTACTER ESPAMOB\u00a0\u00bb style=\u00a0\u00bbcustom\u00a0\u00bb custom_background=\u00a0\u00bb#e20000&Prime; custom_text=\u00a0\u00bb#ffe033&Prime; size=\u00a0\u00bbxl\u00a0\u00bb align=\u00a0\u00bbcenter\u00a0\u00bb link=\u00a0\u00bburl:https%3A%2F%2Fespamob.com%2Ffr%2Fdemande-de-devis%2F\u00a0\u00bb css=\u00a0\u00bb.vc_custom_1775129569590{margin-top: -5px !important;}\u00a0\u00bb][vc_empty_space height=\u00a0\u00bb30px\u00a0\u00bb][\/vc_column_inner][\/vc_row_inner][\/vc_column][\/vc_row][vc_row][vc_column][vc_custom_heading text=\u00a0\u00bbQuestions fr\u00e9quentes sur la plateforme Penelope\u00a0\u00bb font_container=\u00a0\u00bbtag:h2|text_align:center\u00a0\u00bb use_theme_fonts=\u00a0\u00bbyes\u00a0\u00bb][vc_separator][vc_row_inner][vc_column_inner width=\u00a0\u00bb2\/3&Prime;][vc_custom_heading text=\u00a0\u00bbQui peut utiliser Penelope Plus ?\u00a0\u00bb font_container=\u00a0\u00bbtag:h3|text_align:left\u00a0\u00bb use_theme_fonts=\u00a0\u00bbyes\u00a0\u00bb][vc_column_text css=\u00a0\u00bb.vc_custom_1689227402211{margin-top: -10px !important;}\u00a0\u00bb]Penelope Plus est destin\u00e9e aux organisations qui g\u00e8rent des projets Erasmus +. Que vous soyez une universit\u00e9, une entreprise ou une organisation de jeunesse, si vous \u00eates impliqu\u00e9 dans un projet Erasmus +, vous pouvez b\u00e9n\u00e9ficier des fonctionnalit\u00e9s de Penelope Plus.[\/vc_column_text][vc_custom_heading text=\u00a0\u00bbComment Penelope Plus aide-t-elle \u00e0 la gestion financi\u00e8re d&rsquo;un projet Erasmus + ?\u00a0\u00bb font_container=\u00a0\u00bbtag:h3|text_align:left\u00a0\u00bb use_theme_fonts=\u00a0\u00bbyes\u00a0\u00bb][vc_column_text css=\u00a0\u00bb.vc_custom_1689227450533{margin-top: -10px !important;}\u00a0\u00bb]Penelope Plus vous permet de suivre les d\u00e9penses de votre projet, de g\u00e9rer les transactions et de pr\u00e9parer des rapports financiers. Cela aide \u00e0 assurer une bonne gestion financi\u00e8re de votre projet Erasmus +.[\/vc_column_text][vc_custom_heading text=\u00a0\u00bbQuels autres outils sont disponibles pour aider \u00e0 la gestion d&rsquo;un projet Erasmus + en plus de Penelope Plus ?\u00a0\u00bb font_container=\u00a0\u00bbtag:h3|text_align:left\u00a0\u00bb use_theme_fonts=\u00a0\u00bbyes\u00a0\u00bb][vc_column_text css=\u00a0\u00bb.vc_custom_1689227797393{margin-top: -10px !important;}\u00a0\u00bb]En plus de Penelope Plus, plusieurs autres outils sont disponibles pour faciliter la gestion d&rsquo;un projet Erasmus +.<\/p>\n<ul>\n<li><a href=\"https:\/\/espamob.com\/fr\/les-plateformes-erasmus\/mobility-tool\/\"><strong>Mobility Tool+<\/strong><\/a> est une plateforme de la Commission europ\u00e9enne qui facilite la gestion des projets Erasmus +, notamment le suivi des participants et des mobilit\u00e9s, la cr\u00e9ation de rapports et la communication avec les Agences nationales.<\/li>\n<li><a href=\"https:\/\/espamob.com\/fr\/les-plateformes-erasmus\/epale\/\"><strong>EPALE<\/strong><\/a> (Plateforme \u00e9lectronique pour l&rsquo;\u00e9ducation des adultes en Europe) est une communaut\u00e9 en ligne qui permet aux professionnels de l&rsquo;\u00e9ducation des adultes de collaborer, de discuter et de partager des id\u00e9es et des bonnes pratiques.<\/li>\n<li><a href=\"https:\/\/espamob.com\/fr\/les-plateformes-erasmus\/europass\/\"><strong>Europass<\/strong><\/a> est un ensemble de documents pour pr\u00e9senter vos comp\u00e9tences et qualifications de mani\u00e8re claire et facilement compr\u00e9hensible en Europe. Il peut \u00eatre particuli\u00e8rement utile pour les participants aux projets Erasmus + pour documenter leur apprentissage et leurs comp\u00e9tences acquises.<\/li>\n<li><a href=\"https:\/\/espamob.com\/fr\/les-plateformes-erasmus\/etwinning\/\"><strong>eTwinning<\/strong><\/a> offre une plateforme pour le personnel enseignant (enseignants, directeurs, biblioth\u00e9caires, etc.) travaillant dans un \u00e9tablissement scolaire participant \u00e0 un des pays eTwinning. Il permet de communiquer, de collaborer, de d\u00e9velopper des projets, de partager des id\u00e9es.<\/li>\n<\/ul>\n<p>Chez Espamob, nous avons une grande exp\u00e9rience avec tous ces outils et nous sommes l\u00e0 pour vous aider \u00e0 les utiliser efficacement pour votre projet Erasmus +. N&rsquo;h\u00e9sitez pas \u00e0 nous contacter pour en savoir plus.[\/vc_column_text][vc_btn title=\u00a0\u00bbNous contacter\u00a0\u00bb style=\u00a0\u00bbcustom\u00a0\u00bb custom_background=\u00a0\u00bb#e20000&Prime; custom_text=\u00a0\u00bb#ffffff\u00a0\u00bb align=\u00a0\u00bbcenter\u00a0\u00bb link=\u00a0\u00bburl:https%3A%2F%2Fespamob.com%2Ffr%2Fcontact%2F|title:Nous%20contacter\u00a0\u00bb][\/vc_column_inner][vc_column_inner width=\u00a0\u00bb1\/3&Prime;][vc_single_image image=\u00a0\u00bb27520&Prime; img_size=\u00a0\u00bb300&#215;300&Prime; alignment=\u00a0\u00bbcenter\u00a0\u00bb][\/vc_column_inner][\/vc_row_inner][\/vc_column][\/vc_row]<\/p>\n<\/div>","protected":false},"excerpt":{"rendered":"<p>[vc_row full_width=\u00a0\u00bbstretch_row\u00a0\u00bb wrap_container=\u00a0\u00bbyes\u00a0\u00bb is_section=\u00a0\u00bbyes\u00a0\u00bb section_skin=\u00a0\u00bbparallax\u00a0\u00bb remove_margin_top=\u00a0\u00bbyes\u00a0\u00bb remove_margin_bottom=\u00a0\u00bbyes\u00a0\u00bb remove_padding_bottom=\u00a0\u00bbyes\u00a0\u00bb el_id=\u00a0\u00bbinformacion\u00a0\u00bb css=\u00a0\u00bb.vc_custom_1689245084937{margin-top: -20px !important;background-color: #f4f4f4 !important;}\u00a0\u00bb conditional_render=\u00a0\u00bb%5B%7B%22value_role%22%3A%22administrator%22%7D%5D\u00a0\u00bb][vc_column][vc_raw_html]JTNDbmF2JTIwYXJpYS1sYWJlbCUzRCUyMmJyZWFkY3J1bWIlMjIlM0UlMEElMjAlMjAlM0NvbCUyMGNsYXNzJTNEJTIyYnJlYWRjcnVtYiUyMiUzRSUwQSUyMCUyMCUyMCUyMCUzQ2xpJTIwY2xhc3MlM0QlMjJicmVhZGNydW1iLWl0ZW0lMjIlM0UlM0NhJTIwaHJlZiUzRCUyMmh0dHBzJTNBJTJGJTJGd3d3LmVzcGFtb2IuY29tJTJGJTIyJTNFSG9tZSUzQyUyRmElM0UlM0MlMkZsaSUzRSUwQSUyMCUyMCUyMCUyMCUzQ2xpJTIwY2xhc3MlM0QlMjJicmVhZGNydW1iLWl0ZW0lMjIlM0UlM0NhJTIwaHJlZiUzRCUyMmh0dHBzJTNBJTJGJTJGd3d3LmVzcGFtb2IuY29tJTJGZnIlMkZsZXMtcGxhdGVmb3JtZXMtZXJhc211cyUyRiUyMiUzRVBsYXRlZm9ybWUlMjBFcmFzbXVzJTIwUGx1cyUzQyUyRmElM0UlM0MlMkZsaSUzRSUwQSUyMCUyMCUyMCUyMCUzQ2xpJTIwY2xhc3MlM0QlMjJicmVhZGNydW1iLWl0ZW0lMjBhY3RpdmUlMjIlMjBhcmlhLWN1cnJlbnQlM0QlMjJwYWdlJTIyJTNFUGVuZWxvcGUlM0MlMkZsaSUzRSUwQSUyMCUyMCUzQyUyRm9sJTNFJTBBJTNDJTJGbmF2JTNF[\/vc_raw_html][vc_custom_heading text=\u00a0\u00bbLa plateforme Erasmus Penelope\u00a0\u00bb font_container=\u00a0\u00bbtag:h1|text_align:left\u00a0\u00bb use_theme_fonts=\u00a0\u00bbyes\u00a0\u00bb][vc_separator][vc_row_inner][vc_column_inner width=\u00a0\u00bb1\/2&Prime;][vc_column_text css=\u00a0\u00bb.vc_custom_1689227015862{margin-top: -10px !important;}\u00a0\u00bb] Aujourd\u2019hui, le dispositif Erasmus Plus a atteint un niveau haut de gamme d\u2019accompagnement \u00e0 la mobilit\u00e9. En effet, \u00e9tant pr\u00e9sent depuis 1987, il a connu de nombreux changements afin d\u2019\u00e9voluer<\/p>\n","protected":false},"author":1,"featured_media":17523,"parent":9340,"menu_order":0,"comment_status":"closed","ping_status":"closed","template":"","meta":{"footnotes":""},"class_list":["post-14453","page","type-page","status-publish","has-post-thumbnail","hentry"],"_links":{"self":[{"href":"https:\/\/espamob.com\/fr\/wp-json\/wp\/v2\/pages\/14453","targetHints":{"allow":["GET"]}}],"collection":[{"href":"https:\/\/espamob.com\/fr\/wp-json\/wp\/v2\/pages"}],"about":[{"href":"https:\/\/espamob.com\/fr\/wp-json\/wp\/v2\/types\/page"}],"author":[{"embeddable":true,"href":"https:\/\/espamob.com\/fr\/wp-json\/wp\/v2\/users\/1"}],"replies":[{"embeddable":true,"href":"https:\/\/espamob.com\/fr\/wp-json\/wp\/v2\/comments?post=14453"}],"version-history":[{"count":0,"href":"https:\/\/espamob.com\/fr\/wp-json\/wp\/v2\/pages\/14453\/revisions"}],"up":[{"embeddable":true,"href":"https:\/\/espamob.com\/fr\/wp-json\/wp\/v2\/pages\/9340"}],"wp:featuredmedia":[{"embeddable":true,"href":"https:\/\/espamob.com\/fr\/wp-json\/wp\/v2\/media\/17523"}],"wp:attachment":[{"href":"https:\/\/espamob.com\/fr\/wp-json\/wp\/v2\/media?parent=14453"}],"curies":[{"name":"wp","href":"https:\/\/api.w.org\/{rel}","templated":true}]}}