{"id":13852,"date":"2022-07-06T18:25:35","date_gmt":"2022-07-06T18:25:35","guid":{"rendered":"https:\/\/www.espamob.com\/mobilites-stages-erasmus-plus-espagne\/barcelona\/"},"modified":"2026-02-09T16:45:04","modified_gmt":"2026-02-09T16:45:04","slug":"barcelone","status":"publish","type":"page","link":"https:\/\/espamob.com\/fr\/mobilites-stages-erasmus-plus-espagne\/barcelone\/","title":{"rendered":"FR &#8211; BARCELONA"},"content":{"rendered":"<div class=\"wpb-content-wrapper\"><p>[vc_row css=\u00a0\u00bb.vc_custom_1700587837457{margin-top: -20px !important;background-image: url(https:\/\/espamob.com\/wp-content\/uploads\/2023\/11\/Explore-Barcelone.webp?id=20720) !important;background-position: center !important;background-repeat: no-repeat !important;background-size: cover !important;}\u00a0\u00bb conditional_render=\u00a0\u00bb%5B%7B%22value_role%22%3A%22administrator%22%7D%5D\u00a0\u00bb][vc_column][vc_empty_space height=\u00a0\u00bb220&Prime;][vc_custom_heading text=\u00a0\u00bbStage et Mobilit\u00e9 Erasmus Plus \u00e0 Barcelone\u00a0\u00bb font_container=\u00a0\u00bbtag:h1|font_size:27|text_align:center|color:%23ffffff\u00a0\u00bb use_theme_fonts=\u00a0\u00bbyes\u00a0\u00bb el_class=\u00a0\u00bbh1blancocentro\u00a0\u00bb css=\u00a0\u00bb.vc_custom_1687384379884{background-color: rgba(136,136,136,0.3) !important;*background-color: rgb(136,136,136) !important;}\u00a0\u00bb][vc_empty_space height=\u00a0\u00bb15&Prime;][\/vc_column][\/vc_row][vc_row wrap_container=\u00a0\u00bbyes\u00a0\u00bb is_section=\u00a0\u00bbyes\u00a0\u00bb section_skin=\u00a0\u00bbparallax\u00a0\u00bb remove_margin_top=\u00a0\u00bbyes\u00a0\u00bb remove_margin_bottom=\u00a0\u00bbyes\u00a0\u00bb remove_padding_bottom=\u00a0\u00bbyes\u00a0\u00bb remove_border=\u00a0\u00bbyes\u00a0\u00bb el_id=\u00a0\u00bbdestino\u00a0\u00bb][vc_column][vc_column_text]<\/p>\n<nav aria-label=\"breadcrumb\">\n<ol class=\"breadcrumb\">\n<li class=\"breadcrumb-item\"><a href=\"https:\/\/espamob.com\/\">Home<\/a><\/li>\n<li class=\"breadcrumb-item\"><a href=\"https:\/\/espamob.com\/fr\/mobilites-stages-erasmus-plus-espagne\/\">Stage Erasmus Plus en Espagne<\/a><\/li>\n<li class=\"breadcrumb-item active\" aria-current=\"page\">Stage Erasmus Plus \u00e0 Barcelone<\/li>\n<\/ol>\n<\/nav>\n<p>[\/vc_column_text][vc_custom_heading text=\u00a0\u00bbD\u00e9couvrez les opportunit\u00e9s de mobilit\u00e9s et stage Erasmus Plus \u00e0 Barcelone !\u00a0\u00bb font_container=\u00a0\u00bbtag:h2|text_align:center\u00a0\u00bb use_theme_fonts=\u00a0\u00bbyes\u00a0\u00bb][vc_custom_heading text=\u00a0\u00bbBarcelone, une destination pris\u00e9e des \u00e9tudiants et apprentis, offre un environnement dynamique propice \u00e0 leur apprentissage. Gr\u00e2ce au programme Erasmus Plus, ils ont la possibilit\u00e9 de r\u00e9aliser des stages enrichissants qui renforcent leurs comp\u00e9tences professionnelles. Vos \u00e9tudiants auront acc\u00e8s \u00e0 une multitude de secteurs et d&rsquo;entreprises \u00e0 Barcelone, offrant ainsi des opportunit\u00e9s de stage dans divers domaines.<\/p>\n<p>En participant \u00e0 un stage \u00e0 Barcelone gr\u00e2ce \u00e0 Erasmus+, ils acquerront une pr\u00e9cieuse exp\u00e9rience professionnelle tout en d\u00e9couvrant la culture espagnole, en perfectionnant leur ma\u00eetrise de la langue et en s&rsquo;immergeant dans la vie quotidienne de cette magnifique ville m\u00e9diterran\u00e9enne.<\/p>\n<p>Chez Espamob, nous sommes l\u00e0 pour vous accompagner dans l&rsquo;organisation de leur mobilit\u00e9 <a href=``https:\/\/espamob.com\/fr\/mobilites-stages-erasmus-plus-espagne\/``>Erasmus Plus en Espagne<\/a> gr\u00e2ce \u00e0 nos services personnalis\u00e9s et \u00e0 notre suivi attentif, afin de trouver le stage id\u00e9al et de vivre une exp\u00e9rience r\u00e9ussie. Contactez-nous et pr\u00e9parez-vous \u00e0 une exp\u00e9rience inoubliable \u00e0 Barcelone gr\u00e2ce \u00e0 Erasmus+ !\u00a0\u00bb font_container=\u00a0\u00bbtag:p|text_align:justify\u00a0\u00bb use_theme_fonts=\u00a0\u00bbyes\u00a0\u00bb][vc_row_inner][vc_column_inner width=\u00a0\u00bb1\/2&Prime;][vc_btn title=\u00a0\u00bbSecteurs de stage\u00a0\u00bb style=\u00a0\u00bbcustom\u00a0\u00bb custom_background=\u00a0\u00bb#e20000&Prime; custom_text=\u00a0\u00bb#ffffff\u00a0\u00bb size=\u00a0\u00bblg\u00a0\u00bb align=\u00a0\u00bbcenter\u00a0\u00bb link=\u00a0\u00bburl:https%3A%2F%2Fespamob.com%2Ffr%2Fsecteur-stage-entreprise-erasmusplus%2F|title:FR%20%E2%80%93%20Les%20secteurs%20de%20stage|rel:nofollow\u00a0\u00bb el_class=\u00a0\u00bb.botonrojo\u00a0\u00bb][\/vc_column_inner][vc_column_inner width=\u00a0\u00bb1\/2&Prime;][vc_btn title=\u00a0\u00bbContactez Nous !\u00a0\u00bb style=\u00a0\u00bbcustom\u00a0\u00bb custom_background=\u00a0\u00bb#e20e00&Prime; custom_text=\u00a0\u00bb#ffffff\u00a0\u00bb size=\u00a0\u00bblg\u00a0\u00bb align=\u00a0\u00bbcenter\u00a0\u00bb link=\u00a0\u00bburl:https%3A%2F%2Fespamob.com%2Ffr%2Fcontact%2F|title:FR%20%E2%80%93%20Contact|rel:nofollow\u00a0\u00bb el_class=\u00a0\u00bbbotonrojo\u00a0\u00bb][\/vc_column_inner][vc_column_inner][vc_empty_space][\/vc_column_inner][\/vc_row_inner][vc_custom_heading text=\u00a0\u00bbPourquoi faire une mobilit\u00e9 de stage Erasmus Plus \u00e0 <strong>Barcelona<\/strong>\u00a0\u00bb font_container=\u00a0\u00bbtag:h2|text_align:center\u00a0\u00bb use_theme_fonts=\u00a0\u00bbyes\u00a0\u00bb][vc_row_inner][vc_column_inner width=\u00a0\u00bb1\/3&Prime;]<div class=\"aio-icon-component    style_1\"><div id=\"Info-box-wrap-2432\" class=\"aio-icon-box default-icon\" style=\"\"  ><div class=\"aio-icon-default\"><div class=\"ult-just-icon-wrapper  \"><div class=\"align-icon\" style=\"text-align:center;\">\n<div class=\"aio-icon none \"  style=\"color:#e2001a;font-size:44px;display:inline-block;\">\n\t<i class=\"Defaults-user\"><\/i>\n<\/div><\/div><\/div><\/div><div class=\"aio-icon-header\" ><h3 class=\"aio-icon-title ult-responsive\"  data-ultimate-target='#Info-box-wrap-2432 .aio-icon-title'  data-responsive-json-new='{\"font-size\":\"desktop:20px;\",\"line-height\":\"\"}'  style=\"\">Tissus \u00e9conomiques<\/h3><\/div> <!-- header --><div class=\"aio-icon-description ult-responsive\"  data-ultimate-target='#Info-box-wrap-2432 .aio-icon-description'  data-responsive-json-new='{\"font-size\":\"\",\"line-height\":\"\"}'  style=\"\"><\/p>\n<p style=\"text-align: justify;\"><a href=\"https:\/\/espamob.com\/fr\/erasmus-plus-cest-quoi\/\"><strong><i>ERASMUS PLUS<\/i><\/strong><\/a> \u00e0 Barcelone: Deuxi\u00e8me\u00a0 ville d\u2019Espagne, regroupant ainsi 1,62 millions d\u2019habitants. C\u2019est une ville tr\u00e8s dynamique et cosmopolite, qui saura vous s\u00e9duire et vous proposer divers secteurs d\u2019entreprises adapt\u00e9s \u00e0 des stagiaires et des apprentis venant \u00e0 Barcelone pour acqu\u00e9rir une nouvelle exp\u00e9rience enrichissante. En effet, elle b\u00e9n\u00e9ficie d\u2019un capital humain unique et cela permettra aux \u00e9tudiants de d\u00e9couvrir et apprendre une nouvelle culture.<\/p>\n<p><\/div> <!-- description --><\/div> <!-- aio-icon-box --><\/div> <!-- aio-icon-component -->[\/vc_column_inner][vc_column_inner width=\u00a0\u00bb1\/3&Prime;]<div class=\"aio-icon-component    style_1\"><div id=\"Info-box-wrap-5818\" class=\"aio-icon-box default-icon\" style=\"\"  ><div class=\"aio-icon-default\"><div class=\"ult-just-icon-wrapper  \"><div class=\"align-icon\" style=\"text-align:center;\">\n<div class=\"aio-icon none \"  style=\"color:#e2001a;font-size:44px;display:inline-block;\">\n\t<i class=\"Defaults-globe\"><\/i>\n<\/div><\/div><\/div><\/div><div class=\"aio-icon-header\" ><h3 class=\"aio-icon-title ult-responsive\"  data-ultimate-target='#Info-box-wrap-5818 .aio-icon-title'  data-responsive-json-new='{\"font-size\":\"desktop:20px;\",\"line-height\":\"\"}'  style=\"\">Aspect logistique<\/h3><\/div> <!-- header --><div class=\"aio-icon-description ult-responsive\"  data-ultimate-target='#Info-box-wrap-5818 .aio-icon-description'  data-responsive-json-new='{\"font-size\":\"\",\"line-height\":\"\"}'  style=\"\"><\/p>\n<p style=\"text-align: justify;\">Espamob s\u2019engage \u00e0 organiser votre mobilit\u00e9 de A \u00e0 Z. En vous proposant un accueil chaleureux et unique \u00e0 Barcelone, l\u2019\u00e9quipe pourra vous proposer diff\u00e9rentes possibilit\u00e9s de logement ainsi que de transport en commun, afin de convenir au mieux \u00e0 vos besoins. <a href=\"https:\/\/www.barcelonaturisme.com\/wv3\/fr\/page\/38\/points-d-information-touristique.html\" target=\"_blank\" rel=\"noopener\">Barcelone<\/a> est une ville qui regorge d\u2019endroits \u00e0 d\u00e9couvrir et c\u2019est pourquoi nous ferons le maximum afin que vous ne soyez pas perdus \u00e0 votre arriv\u00e9e, en vous accompagnant dans chaque d\u00e9marche de votre stage Erasmus Plus \u00e0 Barcelone.<\/p>\n<p><\/div> <!-- description --><\/div> <!-- aio-icon-box --><\/div> <!-- aio-icon-component -->[\/vc_column_inner][vc_column_inner width=\u00a0\u00bb1\/3&Prime;]<div class=\"aio-icon-component    style_1\"><div id=\"Info-box-wrap-2187\" class=\"aio-icon-box default-icon\" style=\"\"  ><div class=\"aio-icon-default\"><div class=\"ult-just-icon-wrapper  \"><div class=\"align-icon\" style=\"text-align:center;\">\n<div class=\"aio-icon none \"  style=\"color:#e2001a;font-size:44px;display:inline-block;\">\n\t<i class=\"Defaults-sun-o\"><\/i>\n<\/div><\/div><\/div><\/div><div class=\"aio-icon-header\" ><h3 class=\"aio-icon-title ult-responsive\"  data-ultimate-target='#Info-box-wrap-2187 .aio-icon-title'  data-responsive-json-new='{\"font-size\":\"desktop:20px;\",\"line-height\":\"\"}'  style=\"\">Environnement et climat<\/h3><\/div> <!-- header --><div class=\"aio-icon-description ult-responsive\"  data-ultimate-target='#Info-box-wrap-2187 .aio-icon-description'  data-responsive-json-new='{\"font-size\":\"\",\"line-height\":\"\"}'  style=\"\"><\/p>\n<p style=\"text-align: justify;\">Le climat m\u00e9diterann\u00e9en de <a href=\"https:\/\/fr.wikipedia.org\/wiki\/Barcelone#:~:text=La%20temp%C3%A9rature%20moyenne%20annuelle%20%C3%A0,sup%C3%A9rieures%20%C3%A0%204%20%C2%B0C%20.\" target=\"_blank\" rel=\"noopener\">Barcelone<\/a> est tr\u00e8s plaisant et vous permettra de profiter au maximum de la ville. En effet, entre mer et montagne, ses paysages sont diversifi\u00e9s et est un des nombreux atouts de la capitale Catalane. Barcelone jouit d\u2019une position g\u00e9ographique qui la rend tr\u00e8s attractive pour des groupes d\u2019\u00e9l\u00e8ves venant y faire une mobilit\u00e9 de stage Erasmus plus.<\/p>\n<p><\/div> <!-- description --><\/div> <!-- aio-icon-box --><\/div> <!-- aio-icon-component -->[\/vc_column_inner][\/vc_row_inner][vc_row_inner][vc_column_inner width=\u00a0\u00bb1\/3&Prime;]<div class=\"aio-icon-component    style_1\"><div id=\"Info-box-wrap-4304\" class=\"aio-icon-box default-icon\" style=\"\"  ><div class=\"aio-icon-default\"><div class=\"ult-just-icon-wrapper  \"><div class=\"align-icon\" style=\"text-align:center;\">\n<div class=\"aio-icon none \"  style=\"color:#e2001a;font-size:44px;display:inline-block;\">\n\t<i class=\"Defaults-building-o\"><\/i>\n<\/div><\/div><\/div><\/div><div class=\"aio-icon-header\" ><h3 class=\"aio-icon-title ult-responsive\"  data-ultimate-target='#Info-box-wrap-4304 .aio-icon-title'  data-responsive-json-new='{\"font-size\":\"desktop:20px;\",\"line-height\":\"\"}'  style=\"\">Lieux touristiques<\/h3><\/div> <!-- header --><div class=\"aio-icon-description ult-responsive\"  data-ultimate-target='#Info-box-wrap-4304 .aio-icon-description'  data-responsive-json-new='{\"font-size\":\"\",\"line-height\":\"\"}'  style=\"\"><\/p>\n<p class=\"text-align-justify\" style=\"text-align: justify;\">Cette grande ville tr\u00e8s accueillante permettra \u00e0 vos groupes de vivre une exp\u00e9rience unique, tout en d\u00e9couvrant son architecture qui marque bien son identit\u00e9 visuelle. Barcelone est une ville tr\u00e8s adapt\u00e9e aux grands groupes et vous permettra de d\u00e9couvrir des lieux insolites\u00a0 comme la <a href=\"https:\/\/sagradafamilia.org\/en\/home\" target=\"_blank\" rel=\"noopener\">Sagrada Familia<\/a>, la Casa Batllo et encore bien d\u2019autres \u0153uvres architecturales de Gaudi.<\/p>\n<p><\/div> <!-- description --><\/div> <!-- aio-icon-box --><\/div> <!-- aio-icon-component -->[\/vc_column_inner][vc_column_inner width=\u00a0\u00bb1\/3&Prime;]<div class=\"aio-icon-component    style_1\"><div id=\"Info-box-wrap-1209\" class=\"aio-icon-box default-icon\" style=\"\"  ><div class=\"aio-icon-default\"><div class=\"ult-just-icon-wrapper  \"><div class=\"align-icon\" style=\"text-align:center;\">\n<div class=\"aio-icon none \"  style=\"color:#e2001a;font-size:44px;display:inline-block;\">\n\t<i class=\"Defaults-language\"><\/i>\n<\/div><\/div><\/div><\/div><div class=\"aio-icon-header\" ><h3 class=\"aio-icon-title ult-responsive\"  data-ultimate-target='#Info-box-wrap-1209 .aio-icon-title'  data-responsive-json-new='{\"font-size\":\"desktop:20px;\",\"line-height\":\"\"}'  style=\"\">Langues<\/h3><\/div> <!-- header --><div class=\"aio-icon-description ult-responsive\"  data-ultimate-target='#Info-box-wrap-1209 .aio-icon-description'  data-responsive-json-new='{\"font-size\":\"\",\"line-height\":\"\"}'  style=\"\"><\/p>\n<p style=\"text-align: justify;\">Barcelone est une ville multiculturelle. Les langues officielles sont l\u2019espagnol et le catalan, mais vous pourrez y d\u00e9couvrir \u00e9galement d\u2019autres langues comme l\u2019anglais par exemple. Barcelone dispose d\u2019une grande diversit\u00e9 de langues en raison de son caract\u00e8re international. Il existe de nombreuses solutions de stage en diff\u00e9rentes langues afin de convenir au maximum \u00e0 vos besoins durant la mobilit\u00e9.<\/p>\n<p><\/div> <!-- description --><\/div> <!-- aio-icon-box --><\/div> <!-- aio-icon-component -->[\/vc_column_inner][vc_column_inner width=\u00a0\u00bb1\/3&Prime;]<div class=\"aio-icon-component    style_1\"><div id=\"Info-box-wrap-4133\" class=\"aio-icon-box default-icon\" style=\"\"  ><div class=\"aio-icon-default\"><div class=\"ult-just-icon-wrapper  \"><div class=\"align-icon\" style=\"text-align:center;\">\n<div class=\"aio-icon none \"  style=\"color:#e2001a;font-size:44px;display:inline-block;\">\n\t<i class=\"Defaults-slideshare\"><\/i>\n<\/div><\/div><\/div><\/div><div class=\"aio-icon-header\" ><h3 class=\"aio-icon-title ult-responsive\"  data-ultimate-target='#Info-box-wrap-4133 .aio-icon-title'  data-responsive-json-new='{\"font-size\":\"desktop:20px;\",\"line-height\":\"\"}'  style=\"\">F\u00eates populaires<\/h3><\/div> <!-- header --><div class=\"aio-icon-description ult-responsive\"  data-ultimate-target='#Info-box-wrap-4133 .aio-icon-description'  data-responsive-json-new='{\"font-size\":\"\",\"line-height\":\"\"}'  style=\"\"><\/p>\n<p class=\"text-align-justify\" style=\"text-align: justify;\">L&rsquo;ambiance festive est \u00e9galement caract\u00e9ristique de Barcelone. La Catalogne est connue pour ses nombreux festivals et c\u00e9l\u00e9brations tout au long de l&rsquo;ann\u00e9e. Parmi les plus c\u00e9l\u00e8bres figurent Sant Joan et La Merc\u00e9. Lors de la plupart des festivit\u00e9s, vous pouvez assister \u00e0 des d\u00e9fil\u00e9s, des feux d&rsquo;artifice et bien plus encore.<\/p>\n<p><\/div> <!-- description --><\/div> <!-- aio-icon-box --><\/div> <!-- aio-icon-component -->[\/vc_column_inner][\/vc_row_inner][vc_btn title=\u00a0\u00bbFaire un devis en moins de 5 minutes\u00a0\u00bb style=\u00a0\u00bbcustom\u00a0\u00bb custom_background=\u00a0\u00bb#e20000&Prime; custom_text=\u00a0\u00bb#ffffff\u00a0\u00bb size=\u00a0\u00bbxl\u00a0\u00bb align=\u00a0\u00bbcenter\u00a0\u00bb link=\u00a0\u00bburl:https%3A%2F%2Fespamob.com%2Ffr%2Fdemande-de-devis%2F|title:Faire%20un%20devis%20en%20moins%20de%205%20minutes|rel:nofollow\u00a0\u00bb el_class=\u00a0\u00bb.botonrojo\u00a0\u00bb][\/vc_column][\/vc_row][vc_row full_width=\u00a0\u00bbstretch_row\u00a0\u00bb wrap_container=\u00a0\u00bbyes\u00a0\u00bb is_section=\u00a0\u00bbyes\u00a0\u00bb section_skin=\u00a0\u00bbparallax\u00a0\u00bb remove_margin_top=\u00a0\u00bbyes\u00a0\u00bb remove_margin_bottom=\u00a0\u00bbyes\u00a0\u00bb remove_padding_bottom=\u00a0\u00bbyes\u00a0\u00bb el_id=\u00a0\u00bbinformacion\u00a0\u00bb css=\u00a0\u00bb.vc_custom_1657354823619{margin-bottom: -35px !important;background-color: #f4f4f4 !important;}\u00a0\u00bb][vc_column][vc_custom_heading text=\u00a0\u00bbQuestions fr\u00e9quentes sur les mobilit\u00e9s de stage Erasmus Plus \u00e0 Barcelone\u00a0\u00bb font_container=\u00a0\u00bbtag:h2|text_align:center\u00a0\u00bb use_theme_fonts=\u00a0\u00bbyes\u00a0\u00bb][vc_row_inner][vc_column_inner width=\u00a0\u00bb2\/3&Prime;][vc_custom_heading text=\u00a0\u00bbQue vous apportera une mobilit\u00e9 de stage Erasmus plus \u00e0 Barcelone?\u00a0\u00bb font_container=\u00a0\u00bbtag:h3|font_size:18|text_align:left\u00a0\u00bb use_theme_fonts=\u00a0\u00bbyes\u00a0\u00bb css=\u00a0\u00bb.vc_custom_1657356481908{margin-bottom: 15px !important;}\u00a0\u00bb][vc_column_text css=\u00a0\u00bb.vc_custom_1683902273041{margin-top: -10px !important;}\u00a0\u00bb]<\/p>\n<p style=\"text-align: justify;\">Barcelone est une ville multiculturelle qui offre de nombreuses <a href=\"https:\/\/espamob.com\/fr\/secteur-stage-entreprise-erasmusplus\/\">opportunit\u00e9s de stages dans des secteurs vari\u00e9s<\/a>, allant du tourisme \u00e0 la technologie. Vous pourrez non seulement d\u00e9velopper une exp\u00e9rience unique, mais \u00e9galement d\u00e9couvrir une autre culture et un autre mode de vie passionnants gr\u00e2ce \u00e0 un stage adapt\u00e9 \u00e0 vos besoins et \u00e0 vos centres d&rsquo;int\u00e9r\u00eat.<\/p>\n<p>[\/vc_column_text][vc_custom_heading text=\u00a0\u00bbPourquoi faire une mobilit\u00e9 de stage Erasmus Plus \u00e0 Barcelone?\u00a0\u00bb font_container=\u00a0\u00bbtag:h3|font_size:18|text_align:left\u00a0\u00bb use_theme_fonts=\u00a0\u00bbyes\u00a0\u00bb css=\u00a0\u00bb.vc_custom_1688451796165{margin-bottom: 15px !important;}\u00a0\u00bb][vc_column_text css=\u00a0\u00bb.vc_custom_1688451712548{margin-top: -10px !important;}\u00a0\u00bb]<\/p>\n<p style=\"text-align: justify;\">Effectuer une mobilit\u00e9 de stage Erasmus Plus \u00e0 Barcelone est une opportunit\u00e9 r\u00eav\u00e9e pour beaucoup d\u2019\u00e9tudiants souhaitant ajouter une nouvelle exp\u00e9rience sur leur CV pour leur futur, mais \u00e9galement pour acqu\u00e9rir de nouvelles comp\u00e9tences professionnelles.<\/p>\n<p>[\/vc_column_text][vc_custom_heading text=\u00a0\u00bbQuel est le processus d\u2019une mobilit\u00e9 de stage \u00e0 Barcelone?\u00a0\u00bb font_container=\u00a0\u00bbtag:h3|font_size:18|text_align:left\u00a0\u00bb use_theme_fonts=\u00a0\u00bbyes\u00a0\u00bb css=\u00a0\u00bb.vc_custom_1657356528508{margin-bottom: 15px !important;}\u00a0\u00bb][vc_column_text css=\u00a0\u00bb.vc_custom_1683902581593{margin-top: -10px !important;}\u00a0\u00bb]<\/p>\n<p style=\"text-align: justify;\">Comment fonctionne <a href=\"https:\/\/espamob.com\/fr\/etapes-mobilite-erasmusplus\/\">le processus d&rsquo;une mobilit\u00e9 de stage Erasmus Plus<\/a> \u00e0 Barcelone avec Espamob ? C&rsquo;est facile ! Il vous suffit de nous contacter pour obtenir un devis en pr\u00e9cisant vos besoins. Si vous acceptez notre offre, nous nous occupons de tout, de la planification \u00e0 la r\u00e9alisation, tout en vous accompagnant \u00e0 chaque \u00e9tape du processus.<\/p>\n<p>[\/vc_column_text][\/vc_column_inner][vc_column_inner width=\u00a0\u00bb1\/3&Prime;][vc_single_image image=\u00a0\u00bb13370&Prime; img_size=\u00a0\u00bb300&#215;300&Prime; alignment=\u00a0\u00bbcenter\u00a0\u00bb style=\u00a0\u00bbvc_box_rounded\u00a0\u00bb hover_effect=\u00a0\u00bbyes\u00a0\u00bb title=\u00a0\u00bbErasmus Plus Barcelone\u00a0\u00bb][vc_column_text]<strong>Renseignez-vous sur les diff\u00e9rentes destinations Erasmus + en Espagne :<\/strong><\/p>\n<ul>\n<li><a href=\"https:\/\/espamob.com\/fr\/mobilites-stages-erasmus-plus-espagne\/iles-baleares\/\">Stage Erasmus Plus aux Bal\u00e9ares<\/a><\/li>\n<li><a href=\"https:\/\/espamob.com\/fr\/mobilites-stages-erasmus-plus-espagne\/iles-canaries\/\">Stage Erasmus Plus aux Canaries<\/a><\/li>\n<li><a href=\"https:\/\/espamob.com\/fr\/mobilites-stages-erasmus-plus-espagne\/valence\/\">Stage Erasmus Plus \u00e0 Valence<\/a><\/li>\n<\/ul>\n<p>[\/vc_column_text][\/vc_column_inner][\/vc_row_inner][vc_btn title=\u00a0\u00bbNous contacter\u00a0\u00bb style=\u00a0\u00bbcustom\u00a0\u00bb custom_background=\u00a0\u00bb#e20e00&Prime; custom_text=\u00a0\u00bb#ffffff\u00a0\u00bb size=\u00a0\u00bblg\u00a0\u00bb align=\u00a0\u00bbcenter\u00a0\u00bb link=\u00a0\u00bburl:https%3A%2F%2Fespamob.com%2Ffr%2Fcontact%2F|title:FR%20%E2%80%93%20Contact|rel:nofollow\u00a0\u00bb][\/vc_column][\/vc_row]<\/p>\n<\/div>","protected":false},"excerpt":{"rendered":"<p>[vc_row css=\u00a0\u00bb.vc_custom_1700587837457{margin-top: -20px !important;background-image: url(https:\/\/espamob.com\/wp-content\/uploads\/2023\/11\/Explore-Barcelone.webp?id=20720) !important;background-position: center !important;background-repeat: no-repeat !important;background-size: cover !important;}\u00a0\u00bb conditional_render=\u00a0\u00bb%5B%7B%22value_role%22%3A%22administrator%22%7D%5D\u00a0\u00bb][vc_column][vc_empty_space height=\u00a0\u00bb220&Prime;][vc_custom_heading text=\u00a0\u00bbStage et Mobilit\u00e9 Erasmus Plus \u00e0 Barcelone\u00a0\u00bb font_container=\u00a0\u00bbtag:h1|font_size:27|text_align:center|color:%23ffffff\u00a0\u00bb use_theme_fonts=\u00a0\u00bbyes\u00a0\u00bb el_class=\u00a0\u00bbh1blancocentro\u00a0\u00bb css=\u00a0\u00bb.vc_custom_1687384379884{background-color: rgba(136,136,136,0.3) !important;*background-color: rgb(136,136,136) !important;}\u00a0\u00bb][vc_empty_space height=\u00a0\u00bb15&Prime;][\/vc_column][\/vc_row][vc_row wrap_container=\u00a0\u00bbyes\u00a0\u00bb is_section=\u00a0\u00bbyes\u00a0\u00bb section_skin=\u00a0\u00bbparallax\u00a0\u00bb remove_margin_top=\u00a0\u00bbyes\u00a0\u00bb remove_margin_bottom=\u00a0\u00bbyes\u00a0\u00bb remove_padding_bottom=\u00a0\u00bbyes\u00a0\u00bb remove_border=\u00a0\u00bbyes\u00a0\u00bb el_id=\u00a0\u00bbdestino\u00a0\u00bb][vc_column][vc_column_text] Home Stage Erasmus Plus en Espagne Stage Erasmus Plus \u00e0 Barcelone [\/vc_column_text][vc_custom_heading text=\u00a0\u00bbD\u00e9couvrez les opportunit\u00e9s de mobilit\u00e9s<\/p>\n","protected":false},"author":1,"featured_media":17034,"parent":7891,"menu_order":0,"comment_status":"closed","ping_status":"closed","template":"","meta":{"footnotes":""},"class_list":["post-13852","page","type-page","status-publish","has-post-thumbnail","hentry"],"_links":{"self":[{"href":"https:\/\/espamob.com\/fr\/wp-json\/wp\/v2\/pages\/13852","targetHints":{"allow":["GET"]}}],"collection":[{"href":"https:\/\/espamob.com\/fr\/wp-json\/wp\/v2\/pages"}],"about":[{"href":"https:\/\/espamob.com\/fr\/wp-json\/wp\/v2\/types\/page"}],"author":[{"embeddable":true,"href":"https:\/\/espamob.com\/fr\/wp-json\/wp\/v2\/users\/1"}],"replies":[{"embeddable":true,"href":"https:\/\/espamob.com\/fr\/wp-json\/wp\/v2\/comments?post=13852"}],"version-history":[{"count":0,"href":"https:\/\/espamob.com\/fr\/wp-json\/wp\/v2\/pages\/13852\/revisions"}],"up":[{"embeddable":true,"href":"https:\/\/espamob.com\/fr\/wp-json\/wp\/v2\/pages\/7891"}],"wp:featuredmedia":[{"embeddable":true,"href":"https:\/\/espamob.com\/fr\/wp-json\/wp\/v2\/media\/17034"}],"wp:attachment":[{"href":"https:\/\/espamob.com\/fr\/wp-json\/wp\/v2\/media?parent=13852"}],"curies":[{"name":"wp","href":"https:\/\/api.w.org\/{rel}","templated":true}]}}