{"id":12157,"date":"2021-11-28T14:38:40","date_gmt":"2021-11-28T14:38:40","guid":{"rendered":"https:\/\/www.espamob.com\/?page_id=12157"},"modified":"2026-02-11T16:20:18","modified_gmt":"2026-02-11T16:20:18","slug":"sante","status":"publish","type":"page","link":"https:\/\/espamob.com\/fr\/secteur-stage-entreprise-erasmusplus\/sante\/","title":{"rendered":"FR &#8211; stage erasmusplus metiers sant\u00e9"},"content":{"rendered":"<div class=\"wpb-content-wrapper\"><p>[vc_row css=\u00a0\u00bb.vc_custom_1701371745459{margin-top: -20px !important;margin-bottom: 40px !important;background-image: url(https:\/\/espamob.com\/wp-content\/uploads\/2023\/11\/Profesiones-sanitarias.webp?id=21295) !important;}\u00a0\u00bb conditional_render=\u00a0\u00bb%5B%7B%22value_role%22%3A%22administrator%22%7D%5D\u00a0\u00bb][vc_column css=\u00a0\u00bb.vc_custom_1687965657482{padding-top: 30px !important;}\u00a0\u00bb conditional_render=\u00a0\u00bb%5B%7B%22value_role%22%3A%22administrator%22%7D%5D\u00a0\u00bb][vc_empty_space height=\u00a0\u00bb170&Prime;][vc_custom_heading text=\u00a0\u00bbM\u00e9tiers de la sant\u00e9\u00a0\u00bb font_container=\u00a0\u00bbtag:h1|font_size:27|text_align:center|color:%23ffffff\u00a0\u00bb use_theme_fonts=\u00a0\u00bbyes\u00a0\u00bb css=\u00a0\u00bb.vc_custom_1701370824373{margin-bottom: 15px !important;background-color: rgba(136,136,136,0.29) !important;*background-color: rgb(136,136,136) !important;}\u00a0\u00bb animation_type=\u00a0\u00bbzoomIn\u00a0\u00bb][vc_empty_space height=\u00a0\u00bb40&Prime;][\/vc_column][\/vc_row][vc_row wrap_container=\u00a0\u00bbyes\u00a0\u00bb text_align=\u00a0\u00bbjustify\u00a0\u00bb][vc_column text_align=\u00a0\u00bbjustify\u00a0\u00bb][vc_column_text]<\/p>\n<nav aria-label=\"breadcrumb\">\n<ol class=\"breadcrumb\">\n<li class=\"breadcrumb-item\"><a href=\"https:\/\/espamob.com\/\">Home<\/a><\/li>\n<li class=\"breadcrumb-item\"><a href=\"https:\/\/espamob.com\/fr\/secteur-stage-entreprise-erasmusplus\/\">Secteurs de stages<\/a><\/li>\n<li class=\"breadcrumb-item active\" aria-current=\"page\">M\u00e9tiers de la sant\u00e9<\/li>\n<\/ol>\n<\/nav>\n<p>[\/vc_column_text][vc_custom_heading text=\u00a0\u00bbD\u00e9couvrez les opportunit\u00e9s de stage Erasmus Plus dans les m\u00e9tiers de la sant\u00e9\u00a0\u00bb font_container=\u00a0\u00bbtag:h2|text_align:center\u00a0\u00bb use_theme_fonts=\u00a0\u00bbyes\u00a0\u00bb][vc_separator]<div class=\"aio-icon-component    style_1\"><div id=\"Info-box-wrap-2454\" class=\"aio-icon-box top-icon\" style=\"\"  ><div class=\"aio-icon-description ult-responsive\"  data-ultimate-target='#Info-box-wrap-2454 .aio-icon-description'  data-responsive-json-new='{\"font-size\":\"\",\"line-height\":\"\"}'  style=\"\"><\/p>\n<p class=\"text-align-justify\" style=\"font-weight: 400; text-align: justify; text-justify: inter-word;\">Ce secteur regroupe des m\u00e9tiers vari\u00e9s en rapport avec les infirmi\u00e8res, les auxiliaires v\u00e9t\u00e9rinaires, les proth\u00e9sistes dentaires et les aides soignants.<\/p>\n<p><\/div> <!-- description --><\/div> <!-- aio-icon-box --><\/div> <!-- aio-icon-component -->[\/vc_column][\/vc_row][vc_row css=\u00a0\u00bb.vc_custom_1636631874200{padding-bottom: 5% !important;}\u00a0\u00bb][vc_column width=\u00a0\u00bb1\/3&Prime;]<div class=\"aio-icon-component    style_1\"><div id=\"Info-box-wrap-6531\" class=\"aio-icon-box default-icon\" style=\"\"  ><div class=\"aio-icon-default\"><div class=\"ult-just-icon-wrapper  \"><div class=\"align-icon\" style=\"text-align:center;\">\n<div class=\"aio-icon-img \" style=\"font-size:48px;display:inline-block;\" >\n\t<img decoding=\"async\" class=\"img-icon\" alt=\"null\" src=\"https:\/\/espamob.com\/wp-content\/uploads\/2021\/11\/nurse.png\"\/>\n<\/div><\/div><\/div><\/div><div class=\"aio-icon-header\" ><h3 class=\"aio-icon-title ult-responsive\"  data-ultimate-target='#Info-box-wrap-6531 .aio-icon-title'  data-responsive-json-new='{\"font-size\":\"\",\"line-height\":\"\"}'  style=\"\">Infirmerie<\/h3><\/div> <!-- header --><div class=\"aio-icon-description ult-responsive\"  data-ultimate-target='#Info-box-wrap-6531 .aio-icon-description'  data-responsive-json-new='{\"font-size\":\"\",\"line-height\":\"\"}'  style=\"\"><\/p>\n<p class=\"text-align-justify\" style=\"font-weight: 400; text-align: justify; text-justify: inter-word;\">Le professionnel va r\u00e9aliser des soins destin\u00e9s \u00e0 restaurer ou maintenir la sant\u00e9 de la personne malade et surveiller l&rsquo;\u00e9tat clinique des patients. L&rsquo;infirmier a besoin de comp\u00e9tences th\u00e9oriques et pratiques. Un stage \u00e0 l&rsquo;\u00e9tranger permettra \u00e0 l&rsquo;apprenti de d\u00e9velopper de nouvelles techniques.<\/p>\n<p><\/div> <!-- description --><\/div> <!-- aio-icon-box --><\/div> <!-- aio-icon-component -->[vc_column_text]<a href=\"https:\/\/espamob.com\/fr\/secteur-stage-entreprise-erasmusplus\/sante\/stage-erasmus-infirmerie\/\">\u2192 D\u00e9couvrir le stage en infirmerie<\/a>[\/vc_column_text][\/vc_column][vc_column width=\u00a0\u00bb1\/3&Prime;]<div class=\"aio-icon-component    style_1\"><div id=\"Info-box-wrap-9961\" class=\"aio-icon-box default-icon\" style=\"\"  ><div class=\"aio-icon-default\"><div class=\"ult-just-icon-wrapper  \"><div class=\"align-icon\" style=\"text-align:center;\">\n<div class=\"aio-icon-img \" style=\"font-size:48px;display:inline-block;\" >\n\t<img decoding=\"async\" class=\"img-icon\" alt=\"null\" src=\"https:\/\/espamob.com\/wp-content\/uploads\/2021\/11\/Veterinary-Auxiliary.png\"\/>\n<\/div><\/div><\/div><\/div><div class=\"aio-icon-header\" ><h3 class=\"aio-icon-title ult-responsive\"  data-ultimate-target='#Info-box-wrap-9961 .aio-icon-title'  data-responsive-json-new='{\"font-size\":\"\",\"line-height\":\"\"}'  style=\"\">Auxiliaire v\u00e9t\u00e9rinaire<\/h3><\/div> <!-- header --><div class=\"aio-icon-description ult-responsive\"  data-ultimate-target='#Info-box-wrap-9961 .aio-icon-description'  data-responsive-json-new='{\"font-size\":\"\",\"line-height\":\"\"}'  style=\"\"><\/p>\n<p class=\"text-align-justify\" style=\"font-weight: 400; text-align: justify; text-justify: inter-word;\">Cette personne va \u00eatre indispensable au bon fonctionnement de toutes les structures v\u00e9t\u00e9rinaires. Le professionnel accueille le client, prend en charge les animaux et d\u00e9sinfecte le mat\u00e9riel. Un stage va permettre aux jeunes apprentis de d\u00e9couvrir de nouvelles m\u00e9thodes dans un pays \u00e9tranger.<\/p>\n<p><\/div> <!-- description --><\/div> <!-- aio-icon-box --><\/div> <!-- aio-icon-component -->[vc_column_text]<a href=\"https:\/\/espamob.com\/fr\/secteur-stage-entreprise-erasmusplus\/sante\/stage-erasmus-veterinaire\/\">\u2192 D\u00e9couvrir le stage de v\u00e9t\u00e9rinaire<\/a>[\/vc_column_text][\/vc_column][vc_column width=\u00a0\u00bb1\/3&Prime;]<div class=\"aio-icon-component    style_1\"><div id=\"Info-box-wrap-8572\" class=\"aio-icon-box default-icon\" style=\"\"  ><div class=\"aio-icon-default\"><div class=\"ult-just-icon-wrapper  \"><div class=\"align-icon\" style=\"text-align:center;\">\n<div class=\"aio-icon-img \" style=\"font-size:48px;display:inline-block;\" >\n\t<img decoding=\"async\" class=\"img-icon\" alt=\"null\" src=\"https:\/\/espamob.com\/wp-content\/uploads\/2021\/11\/Dental-assistant-and-prosthetist.png\"\/>\n<\/div><\/div><\/div><\/div><div class=\"aio-icon-header\" ><h3 class=\"aio-icon-title ult-responsive\"  data-ultimate-target='#Info-box-wrap-8572 .aio-icon-title'  data-responsive-json-new='{\"font-size\":\"\",\"line-height\":\"\"}'  style=\"\">Assistante et proth\u00e9siste dentaire<\/h3><\/div> <!-- header --><div class=\"aio-icon-description ult-responsive\"  data-ultimate-target='#Info-box-wrap-8572 .aio-icon-description'  data-responsive-json-new='{\"font-size\":\"\",\"line-height\":\"\"}'  style=\"\"><\/p>\n<p class=\"text-align-justify\" style=\"font-weight: 400; text-align: justify; text-justify: inter-word;\">Le proth\u00e9siste dentaire est un v\u00e9ritable artiste pouvant faire des miracles. Il doit \u00eatre minutieux lorsqu&rsquo;il r\u00e9alise des soins, voire des appareils correctifs pr\u00e9scrits pour des orthodontistes. Un stage va permettre aux jeunes apprentis de d\u00e9couvrir de nouvelles m\u00e9thodes dans un pays \u00e9tranger.<\/p>\n<p><\/div> <!-- description --><\/div> <!-- aio-icon-box --><\/div> <!-- aio-icon-component -->[vc_column_text]<a href=\"https:\/\/espamob.com\/fr\/secteur-stage-entreprise-erasmusplus\/sante\/stage-erasmus-prothesiste-dentaire\/\">\u2192 D\u00e9couvrir le stage de proth\u00e9siste dentaire<\/a>[\/vc_column_text][\/vc_column][\/vc_row][vc_row css=\u00a0\u00bb.vc_custom_1636631916236{padding-bottom: 5% !important;}\u00a0\u00bb][vc_column width=\u00a0\u00bb1\/3&Prime;][\/vc_column][vc_column width=\u00a0\u00bb1\/3&Prime;]<div class=\"aio-icon-component    style_1\"><div id=\"Info-box-wrap-6881\" class=\"aio-icon-box default-icon\" style=\"\"  ><div class=\"aio-icon-default\"><div class=\"ult-just-icon-wrapper  \"><div class=\"align-icon\" style=\"text-align:center;\">\n<div class=\"aio-icon-img \" style=\"font-size:48px;display:inline-block;\" >\n\t<img decoding=\"async\" class=\"img-icon\" alt=\"null\" src=\"https:\/\/espamob.com\/wp-content\/uploads\/2021\/11\/Caregiver.png\"\/>\n<\/div><\/div><\/div><\/div><div class=\"aio-icon-header\" ><h3 class=\"aio-icon-title ult-responsive\"  data-ultimate-target='#Info-box-wrap-6881 .aio-icon-title'  data-responsive-json-new='{\"font-size\":\"\",\"line-height\":\"\"}'  style=\"\">Aide soignant<\/h3><\/div> <!-- header --><div class=\"aio-icon-description ult-responsive\"  data-ultimate-target='#Info-box-wrap-6881 .aio-icon-description'  data-responsive-json-new='{\"font-size\":\"\",\"line-height\":\"\"}'  style=\"\"><\/p>\n<p class=\"text-align-justify\" style=\"font-weight: 400; text-align: justify; text-justify: inter-word;\">Le professionnel est au contact permanent des personnes pour leur administrer des soins de maintien, de pr\u00e9vention et d&rsquo;\u00e9ducation \u00e0 la sant\u00e9, pour pr\u00e9server leur bien \u00eatre et leur autonomie. Un stage \u00e0 l&rsquo;\u00e9tranger permettra aux jeunes apprentis de d\u00e9couvrir et de d\u00e9velopper de nouvelles techniques.<\/p>\n<p><\/div> <!-- description --><\/div> <!-- aio-icon-box --><\/div> <!-- aio-icon-component -->[vc_column_text]<a href=\"https:\/\/espamob.com\/fr\/secteur-stage-entreprise-erasmusplus\/sante\/stage-erasmus-aide-soignant\/\">\u2192 D\u00e9couvrir le stage d&rsquo;aide soignant<\/a>[\/vc_column_text][\/vc_column][vc_column width=\u00a0\u00bb1\/3&Prime;][\/vc_column][\/vc_row][vc_row][vc_column][vc_empty_space height=\u00a0\u00bb10px\u00a0\u00bb][\/vc_column][\/vc_row][vc_row css=\u00a0\u00bb.vc_custom_1636631982137{padding-bottom: 3% !important;}\u00a0\u00bb][vc_column width=\u00a0\u00bb1\/3&Prime;][\/vc_column][vc_column width=\u00a0\u00bb1\/3&Prime;][vc_btn title=\u00a0\u00bbDEMANDE DE DEVIS\u00a0\u00bb style=\u00a0\u00bbcustom\u00a0\u00bb custom_background=\u00a0\u00bb#e20000&Prime; custom_text=\u00a0\u00bb#ffffff\u00a0\u00bb size=\u00a0\u00bblg\u00a0\u00bb align=\u00a0\u00bbcenter\u00a0\u00bb link=\u00a0\u00bburl:https%3A%2F%2Fespamob.com%2Ffr%2Fdemande-de-devis%2F|title:Nous%20contacter|target:_blank\u00a0\u00bb][\/vc_column][vc_column width=\u00a0\u00bb1\/3&Prime;][\/vc_column][\/vc_row][vc_row][vc_column css=\u00a0\u00bb.vc_custom_1636634852301{padding-bottom: 3% !important;}\u00a0\u00bb]<div class=\"mgl_tubelab mgl_tubelab_container mgl_tubelab_template_default\" data-mgl-tubelab-parameters=\"type=playlist&value=PLLGrER9ieWtBvtd3jbaFSHCKHYMIeoItQ&user=&channel_id=&count=4&cols=4&mode=lightbox&template=default&display=title&pagination=true&size=medium&video_id=&playlists=all&mini=0\">\n\t<div class=\"mgl_tubelab mgl_tubelab_content mgl_tubelab_content-cols4\">\n\t<\/div>\n\t\t\t<div class=\"mgl_tubelab_pagination\">\n\t\t\t<div class=\"mgl_tubelab_pagination_item mgl_tubelab_pagination_item_prev\">\n\t\t\t\t<a href=\"#\" class=\"mgl_tubelab_pagination_prev\">Previous page<\/a>\n\t\t\t<\/div>\n\t\t\t<div class=\"mgl_tubelab_pagination_item mgl_tubelab_pagination_item_next\">\n\t\t\t\t<a href=\"#\" class=\"mgl_tubelab_pagination_next\">Next page<\/a>\n\t\t\t<\/div>\n\t\t<\/div>\n\t<\/div>[vc_empty_space height=\u00a0\u00bb10px\u00a0\u00bb][\/vc_column][\/vc_row][vc_row full_width=\u00a0\u00bbstretch_row\u00a0\u00bb css=\u00a0\u00bb.vc_custom_1692965118018{padding-top: 50px !important;padding-bottom: 50px !important;background-color: #f9f893 !important;}\u00a0\u00bb conditional_render=\u00a0\u00bb%5B%7B%22value_role%22%3A%22administrator%22%7D%5D\u00a0\u00bb][vc_column][vc_row_inner][vc_column_inner][vc_custom_heading text=\u00a0\u00bbVous avez des questions sur votre stage Erasmus Plus ?\u00a0\u00bb font_container=\u00a0\u00bbtag:h2|text_align:center\u00a0\u00bb use_theme_fonts=\u00a0\u00bbyes\u00a0\u00bb][vc_column_text]Avec Espamob nous choisissons nos partenaires afin de vous proposer une multitude de stages dans diff\u00e9rents secteurs. B\u00e9n\u00e9ficiez d&rsquo;un accompagnement personnalis\u00e9 pour pr\u00e9parer au mieux votre exp\u00e9riences de mobilit\u00e9 en Espagne.<\/p>\n<p>N\u2019attendez plus,\u00a0<strong>contactez un expert Espamob<\/strong>\u00a0d\u00e8s maintenant et faites le premier pas vers une exp\u00e9rience Erasmus + r\u00e9ussie ![\/vc_column_text][vc_btn title=\u00a0\u00bbJe contacte Espamob\u00a0\u00bb style=\u00a0\u00bbcustom\u00a0\u00bb custom_background=\u00a0\u00bb#888888&Prime; custom_text=\u00a0\u00bb#ffffff\u00a0\u00bb align=\u00a0\u00bbcenter\u00a0\u00bb link=\u00a0\u00bburl:https%3A%2F%2Fespamob.com%2Ffr%2Fcontact%2F|title:Nous%20contacter|target:_blank\u00a0\u00bb][\/vc_column_inner][\/vc_row_inner][\/vc_column][\/vc_row][vc_row][vc_column][vc_custom_heading text=\u00a0\u00bbQuestions fr\u00e9quentes sur les stages dans le secteur de la sant\u00e9\u00a0\u00bb font_container=\u00a0\u00bbtag:h2|text_align:center|color:%23cd6155&Prime; use_theme_fonts=\u00a0\u00bbyes\u00a0\u00bb][vc_separator][\/vc_column][\/vc_row][vc_row][vc_column width=\u00a0\u00bb2\/3&Prime;][vc_custom_heading text=\u00a0\u00bbPourquoi faire un stage \u00e0 l&rsquo;\u00e9tranger dans les m\u00e9tiers de la sant\u00e9?\u00a0\u00bb font_container=\u00a0\u00bbtag:h3|text_align:justify|color:%23cd6155&Prime; use_theme_fonts=\u00a0\u00bbyes\u00a0\u00bb][vc_column_text]<\/p>\n<p class=\"text-align-justify\" style=\"font-weight: 400; text-align: justify; text-justify: inter-word;\">Tout d&rsquo;abord, faire une mobilit\u00e9 de stage \u00e0 l&rsquo;\u00e9tranger permettra \u00e0 l&rsquo;apprenti de d\u00e9velopper de nouvelles comp\u00e9tences qui sont typiques au pays \u00e9tranger. De plus, cela fera une exp\u00e9rience en plus valorisante \u00e0 mettre sur le CV.<\/p>\n<p>[\/vc_column_text][vc_custom_heading text=\u00a0\u00bbEst-ce possible de partir \u00e0 l&rsquo;\u00e9tranger pour une mobilit\u00e9 m\u00eame si on ne parle pas forc\u00e9ment tr\u00e8s bien la langue du pays d&rsquo;accueil ?\u00a0\u00bb font_container=\u00a0\u00bbtag:h3|text_align:justify|color:%23cd6155&Prime; use_theme_fonts=\u00a0\u00bbyes\u00a0\u00bb][vc_column_text]<\/p>\n<p class=\"text-align-justify\" style=\"font-weight: 400; text-align: justify; text-justify: inter-word;\">Les apprentis venant faire un stage \u00e0 l&rsquo;\u00e9tranger avec Espamob, ne parlent pas tous parfaitement la langue du pays d&rsquo;accueil et ce n&rsquo;est pas pour cette raison que la mobilit\u00e9 ne se passe pas bien. C&rsquo;est justement une exp\u00e9rience comme celle-ci, qui vous aidera \u00e0 d\u00e9couvrir d&rsquo;avantage la langue et le m\u00e9tier qui vous plait dans un autre pays.<\/p>\n<p>[\/vc_column_text][vc_custom_heading text=\u00a0\u00bbQuelle est la dur\u00e9e minimale et maximale d&rsquo;une mobilit\u00e9 dans les m\u00e9tiers de la sant\u00e9?\u00a0\u00bb font_container=\u00a0\u00bbtag:h3|text_align:justify|color:%23cd6155&Prime; use_theme_fonts=\u00a0\u00bbyes\u00a0\u00bb][vc_column_text]<\/p>\n<p class=\"text-align-justify\" style=\"font-weight: 400; text-align: justify; text-justify: inter-word;\">La dur\u00e9e minimale pour une mobilit\u00e9 dans les secteurs des m\u00e9tiers d\u00e9di\u00e9s au service \u00e0 la personne, est de deux semaines. Les stages durent g\u00e9n\u00e9ralement entre deux et quatre semaines mais cela peut varier. Nous pouvons \u00e9galement faire des mobilit\u00e9s plus longues, allant jusqu&rsquo;\u00e0 six mois.<\/p>\n<p><script type=\"application\/ld+json\">{\"@context\":\"https:\/\/schema.org\",\"@type\":\"FAQPage\",\"mainEntity\":[{\"@type\":\"Question\",\"name\":\"Est-ce possible de partir \u00e0 l'\u00e9tranger pour une mobilit\u00e9 m\u00eame si on ne parle pas forc\u00e9ment tr\u00e8s bien la langue du pays d'accueil ?\",\"acceptedAnswer\":{\"@type\":\"Answer\",\"text\":\"Tout d'abord, faire une mobilit\u00e9 de stage \u00e0 l'\u00e9tranger permettra \u00e0 l'apprenti de d\u00e9velopper de nouvelles comp\u00e9tences qui sont typiques au pays \u00e9tranger. De plus, cela fera une exp\u00e9rience en plus valorisante \u00e0 mettre sur le CV.\"}},{\"@type\":\"Question\",\"name\":\"Est-ce possible de partir \u00e0 l'\u00e9tranger pour une mobilit\u00e9 m\u00eame si on ne parle pas forc\u00e9ment tr\u00e8s bien la langue du pays d'accueil ?\",\"acceptedAnswer\":{\"@type\":\"Answer\",\"text\":\"Les apprentis venant faire un stage \u00e0 l'\u00e9tranger avec Espamob, ne parlent pas tous parfaitement la langue du pays d'accueil et ce n'est pas pour cette raison que la mobilit\u00e9 ne se passe pas bien. C'est justement une exp\u00e9rience comme celle-ci, qui vous aidera \u00e0 d\u00e9couvrir d'avantage la langue et le m\u00e9tier qui vous plait dans un autre pays.\"}},{\"@type\":\"Question\",\"name\":\"Quelle est la dur\u00e9e minimale et maximale d'une mobilit\u00e9 dans les m\u00e9tiers de la sant\u00e9?\",\"acceptedAnswer\":{\"@type\":\"Answer\",\"text\":\"La dur\u00e9e minimale pour une mobilit\u00e9 dans les secteurs des m\u00e9tiers d\u00e9di\u00e9s au service \u00e0 la personne, est de deux semaines. Les stages durent g\u00e9n\u00e9ralement entre deux et quatre semaines mais cela peut varier. Nous pouvons \u00e9galement faire des mobilit\u00e9s plus longues, allant jusqu'\u00e0 six mois.\"}}]}<\/script>[\/vc_column_text][\/vc_column][vc_column width=\u00a0\u00bb1\/3&Prime;][vc_single_image image=\u00a0\u00bb12181&Prime; img_size=\u00a0\u00bb400&#215;600&Prime; alignment=\u00a0\u00bbcenter\u00a0\u00bb][\/vc_column][\/vc_row]<\/p>\n<\/div>","protected":false},"excerpt":{"rendered":"<p>[vc_row css=\u00a0\u00bb.vc_custom_1701371745459{margin-top: -20px !important;margin-bottom: 40px !important;background-image: url(https:\/\/espamob.com\/wp-content\/uploads\/2023\/11\/Profesiones-sanitarias.webp?id=21295) !important;}\u00a0\u00bb conditional_render=\u00a0\u00bb%5B%7B%22value_role%22%3A%22administrator%22%7D%5D\u00a0\u00bb][vc_column css=\u00a0\u00bb.vc_custom_1687965657482{padding-top: 30px !important;}\u00a0\u00bb conditional_render=\u00a0\u00bb%5B%7B%22value_role%22%3A%22administrator%22%7D%5D\u00a0\u00bb][vc_empty_space height=\u00a0\u00bb170&Prime;][vc_custom_heading text=\u00a0\u00bbM\u00e9tiers de la sant\u00e9\u00a0\u00bb font_container=\u00a0\u00bbtag:h1|font_size:27|text_align:center|color:%23ffffff\u00a0\u00bb use_theme_fonts=\u00a0\u00bbyes\u00a0\u00bb css=\u00a0\u00bb.vc_custom_1701370824373{margin-bottom: 15px !important;background-color: rgba(136,136,136,0.29) !important;*background-color: rgb(136,136,136) !important;}\u00a0\u00bb animation_type=\u00a0\u00bbzoomIn\u00a0\u00bb][vc_empty_space height=\u00a0\u00bb40&Prime;][\/vc_column][\/vc_row][vc_row wrap_container=\u00a0\u00bbyes\u00a0\u00bb text_align=\u00a0\u00bbjustify\u00a0\u00bb][vc_column text_align=\u00a0\u00bbjustify\u00a0\u00bb][vc_column_text] Home Secteurs de stages M\u00e9tiers de la sant\u00e9 [\/vc_column_text][vc_custom_heading text=\u00a0\u00bbD\u00e9couvrez les opportunit\u00e9s de stage Erasmus Plus dans les m\u00e9tiers de la sant\u00e9\u00a0\u00bb font_container=\u00a0\u00bbtag:h2|text_align:center\u00a0\u00bb<\/p>\n","protected":false},"author":2,"featured_media":0,"parent":11708,"menu_order":0,"comment_status":"closed","ping_status":"closed","template":"","meta":{"footnotes":""},"class_list":["post-12157","page","type-page","status-publish","hentry"],"_links":{"self":[{"href":"https:\/\/espamob.com\/fr\/wp-json\/wp\/v2\/pages\/12157","targetHints":{"allow":["GET"]}}],"collection":[{"href":"https:\/\/espamob.com\/fr\/wp-json\/wp\/v2\/pages"}],"about":[{"href":"https:\/\/espamob.com\/fr\/wp-json\/wp\/v2\/types\/page"}],"author":[{"embeddable":true,"href":"https:\/\/espamob.com\/fr\/wp-json\/wp\/v2\/users\/2"}],"replies":[{"embeddable":true,"href":"https:\/\/espamob.com\/fr\/wp-json\/wp\/v2\/comments?post=12157"}],"version-history":[{"count":0,"href":"https:\/\/espamob.com\/fr\/wp-json\/wp\/v2\/pages\/12157\/revisions"}],"up":[{"embeddable":true,"href":"https:\/\/espamob.com\/fr\/wp-json\/wp\/v2\/pages\/11708"}],"wp:attachment":[{"href":"https:\/\/espamob.com\/fr\/wp-json\/wp\/v2\/media?parent=12157"}],"curies":[{"name":"wp","href":"https:\/\/api.w.org\/{rel}","templated":true}]}}