{"id":12126,"date":"2021-11-26T14:56:25","date_gmt":"2021-11-26T14:56:25","guid":{"rendered":"https:\/\/www.espamob.com\/?page_id=12126"},"modified":"2026-02-11T16:04:28","modified_gmt":"2026-02-11T16:04:28","slug":"service-personne","status":"publish","type":"page","link":"https:\/\/espamob.com\/fr\/secteur-stage-entreprise-erasmusplus\/service-personne\/","title":{"rendered":"FR &#8211; stage erasmusplus metiers service \u00e0 la personne"},"content":{"rendered":"<div class=\"wpb-content-wrapper\"><p>[vc_row css=\u00a0\u00bb.vc_custom_1701371019712{margin-top: -20px !important;margin-bottom: 40px !important;background-image: url(https:\/\/espamob.com\/wp-content\/uploads\/2023\/11\/Oficios-servicio-a-la-persona.webp?id=21265) !important;}\u00a0\u00bb conditional_render=\u00a0\u00bb%5B%7B%22value_role%22%3A%22administrator%22%7D%5D\u00a0\u00bb][vc_column css=\u00a0\u00bb.vc_custom_1687965657482{padding-top: 30px !important;}\u00a0\u00bb conditional_render=\u00a0\u00bb%5B%7B%22value_role%22%3A%22administrator%22%7D%5D\u00a0\u00bb][vc_empty_space height=\u00a0\u00bb170&Prime;][vc_custom_heading text=\u00a0\u00bbM\u00e9tiers d&rsquo;aide \u00e0 la personne\u00a0\u00bb font_container=\u00a0\u00bbtag:h1|font_size:27|text_align:center|color:%23ffffff\u00a0\u00bb use_theme_fonts=\u00a0\u00bbyes\u00a0\u00bb css=\u00a0\u00bb.vc_custom_1701370725396{margin-bottom: 15px !important;background-color: rgba(136,136,136,0.29) !important;*background-color: rgb(136,136,136) !important;}\u00a0\u00bb animation_type=\u00a0\u00bbzoomIn\u00a0\u00bb][vc_empty_space height=\u00a0\u00bb40&Prime;][\/vc_column][\/vc_row][vc_row wrap_container=\u00a0\u00bbyes\u00a0\u00bb text_align=\u00a0\u00bbjustify\u00a0\u00bb][vc_column text_align=\u00a0\u00bbjustify\u00a0\u00bb][vc_column_text]<\/p>\n<nav aria-label=\"breadcrumb\">\n<ol class=\"breadcrumb\">\n<li class=\"breadcrumb-item\"><a href=\"https:\/\/espamob.com\/\">Home<\/a><\/li>\n<li class=\"breadcrumb-item\"><a href=\"https:\/\/espamob.com\/fr\/secteur-stage-entreprise-erasmusplus\/\">Secteurs de stages<\/a><\/li>\n<li class=\"breadcrumb-item active\" aria-current=\"page\">M\u00e9tiers d&rsquo;aide \u00e0 la personne<\/li>\n<\/ol>\n<\/nav>\n<p>[\/vc_column_text][vc_custom_heading text=\u00a0\u00bbD\u00e9couvrez les opportunit\u00e9s dans les m\u00e9tiers d\u00e9di\u00e9s au service \u00e0 la personne\u00a0\u00bb font_container=\u00a0\u00bbtag:h2|text_align:center\u00a0\u00bb use_theme_fonts=\u00a0\u00bbyes\u00a0\u00bb][vc_separator]<div class=\"aio-icon-component    style_1\"><div id=\"Info-box-wrap-5119\" class=\"aio-icon-box top-icon\" style=\"\"  ><div class=\"aio-icon-description ult-responsive\"  data-ultimate-target='#Info-box-wrap-5119 .aio-icon-description'  data-responsive-json-new='{\"font-size\":\"\",\"line-height\":\"\"}'  style=\"\"><\/p>\n<p class=\"text-align-justify\" style=\"font-weight: 400; text-align: justify; text-justify: inter-word;\">Ce secteur regroupe des m\u00e9tiers vari\u00e9s en rapport avec la petite enfance, l&rsquo;assistance aux personnes \u00e2g\u00e9es, l&rsquo;assistance maternelle et l&rsquo;auxiliaire de vie sociale.<\/p>\n<p><\/div> <!-- description --><\/div> <!-- aio-icon-box --><\/div> <!-- aio-icon-component -->[\/vc_column][\/vc_row][vc_row css=\u00a0\u00bb.vc_custom_1636631874200{padding-bottom: 5% !important;}\u00a0\u00bb][vc_column width=\u00a0\u00bb1\/3&Prime;]<div class=\"aio-icon-component    style_1\"><div id=\"Info-box-wrap-5159\" class=\"aio-icon-box default-icon\" style=\"\"  ><div class=\"aio-icon-default\"><div class=\"ult-just-icon-wrapper  \"><div class=\"align-icon\" style=\"text-align:center;\">\n<div class=\"aio-icon-img \" style=\"font-size:48px;display:inline-block;\" >\n\t<img decoding=\"async\" class=\"img-icon\" alt=\"null\" src=\"https:\/\/espamob.com\/wp-content\/uploads\/2021\/11\/Auxiliary-of-social-life.png\"\/>\n<\/div><\/div><\/div><\/div><div class=\"aio-icon-header\" ><h3 class=\"aio-icon-title ult-responsive\"  data-ultimate-target='#Info-box-wrap-5159 .aio-icon-title'  data-responsive-json-new='{\"font-size\":\"\",\"line-height\":\"\"}'  style=\"\">Auxiliaire de vie sociale<\/h3><\/div> <!-- header --><div class=\"aio-icon-description ult-responsive\"  data-ultimate-target='#Info-box-wrap-5159 .aio-icon-description'  data-responsive-json-new='{\"font-size\":\"\",\"line-height\":\"\"}'  style=\"\"><\/p>\n<p class=\"text-align-justify\" style=\"font-weight: 400; text-align: justify; text-justify: inter-word;\">Le professionnel est en charge d&rsquo;aider et de servir les personnes en perte d&rsquo;autonomie, en souffrance psychologique et en manque de soutien dans la vie quotidienne. Un stage \u00e0 l&rsquo;\u00e9tranger dans ce domaine, permettra aux apprentis de d\u00e9couvrir de nouvelles techniques et m\u00e9thodes dans une langue \u00e9trang\u00e8re.<\/p>\n<p><\/div> <!-- description --><\/div> <!-- aio-icon-box --><\/div> <!-- aio-icon-component -->[vc_column_text]<a href=\"https:\/\/espamob.com\/fr\/secteur-stage-entreprise-erasmusplus\/service-personne\/stage-erasmus-auxiliaire-de-vie\/\">\u2192 D\u00e9couvrir le stage d&rsquo;auxiliaire de vie<\/a>[\/vc_column_text][\/vc_column][vc_column width=\u00a0\u00bb1\/3&Prime;]<div class=\"aio-icon-component    style_1\"><div id=\"Info-box-wrap-6299\" class=\"aio-icon-box default-icon\" style=\"\"  ><div class=\"aio-icon-default\"><div class=\"ult-just-icon-wrapper  \"><div class=\"align-icon\" style=\"text-align:center;\">\n<div class=\"aio-icon-img \" style=\"font-size:48px;display:inline-block;\" >\n\t<img decoding=\"async\" class=\"img-icon\" alt=\"null\" src=\"https:\/\/espamob.com\/wp-content\/uploads\/2021\/11\/Assistance-to-the-elderly.png\"\/>\n<\/div><\/div><\/div><\/div><div class=\"aio-icon-header\" ><h3 class=\"aio-icon-title ult-responsive\"  data-ultimate-target='#Info-box-wrap-6299 .aio-icon-title'  data-responsive-json-new='{\"font-size\":\"\",\"line-height\":\"\"}'  style=\"\">Assistance aux personnes \u00e2g\u00e9es<\/h3><\/div> <!-- header --><div class=\"aio-icon-description ult-responsive\"  data-ultimate-target='#Info-box-wrap-6299 .aio-icon-description'  data-responsive-json-new='{\"font-size\":\"\",\"line-height\":\"\"}'  style=\"\"><\/p>\n<p class=\"text-align-justify\" style=\"font-weight: 400; text-align: justify; text-justify: inter-word;\">Le type d&rsquo;assistance aux personnes \u00e2g\u00e9es varie en fonction du niveau d&rsquo;autonomie ou de la d\u00e9pendance de chaque senior. L&rsquo;objectif de toutes les formes d&rsquo;aides, est de maintenir leur autonomie et de vivre plus facilement. Un stage \u00e0 l&rsquo;\u00e9tranger permettra \u00e0 l&rsquo;apprenti de d\u00e9velopper de nouvelles techniques.<\/p>\n<p><\/div> <!-- description --><\/div> <!-- aio-icon-box --><\/div> <!-- aio-icon-component -->[vc_column_text]<a href=\"https:\/\/espamob.com\/fr\/secteur-stage-entreprise-erasmusplus\/service-personne\/stage-erasmus-assistance-aux-personnes-agees\/\">\u2192 D\u00e9couvrir le stage d&rsquo;assistance aux personnes ag\u00e9es<\/a>[\/vc_column_text][\/vc_column][vc_column width=\u00a0\u00bb1\/3&Prime;]<div class=\"aio-icon-component    style_1\"><div id=\"Info-box-wrap-5423\" class=\"aio-icon-box default-icon\" style=\"\"  ><div class=\"aio-icon-default\"><div class=\"ult-just-icon-wrapper  \"><div class=\"align-icon\" style=\"text-align:center;\">\n<div class=\"aio-icon none \"  style=\"color:#333;font-size:44px;display:inline-block;\">\n\t<i class=\"Defaults-heartbeat\"><\/i>\n<\/div><\/div><\/div><\/div><div class=\"aio-icon-header\" ><h3 class=\"aio-icon-title ult-responsive\"  data-ultimate-target='#Info-box-wrap-5423 .aio-icon-title'  data-responsive-json-new='{\"font-size\":\"\",\"line-height\":\"\"}'  style=\"\">Assistance maternelle<\/h3><\/div> <!-- header --><div class=\"aio-icon-description ult-responsive\"  data-ultimate-target='#Info-box-wrap-5423 .aio-icon-description'  data-responsive-json-new='{\"font-size\":\"\",\"line-height\":\"\"}'  style=\"\"><\/p>\n<p class=\"text-align-justify\" style=\"font-weight: 400; text-align: justify; text-justify: inter-word;\">L&rsquo;assistante maternelle a pour r\u00f4le de veiller sur les enfants qu&rsquo;on lui confie. Elle doit accomplir de nombreuses t\u00e2ches lors de sa journ\u00e9e comme l&rsquo;accompagnement des repas, des toilettes, des promenades. Un stage dans un pays \u00e9tranger va permettre \u00e0 l&rsquo;apprenti de d\u00e9couvrir de nouvelles m\u00e9thodes.<\/p>\n<p><\/div> <!-- description --><\/div> <!-- aio-icon-box --><\/div> <!-- aio-icon-component -->[vc_column_text]<a href=\"https:\/\/espamob.com\/fr\/secteur-stage-entreprise-erasmusplus\/service-personne\/stage-erasmus-assistance-maternelle\/\">\u2192 D\u00e9couvrir le stage d&rsquo;assistant maternelle<\/a>[\/vc_column_text][\/vc_column][\/vc_row][vc_row css=\u00a0\u00bb.vc_custom_1636631916236{padding-bottom: 5% !important;}\u00a0\u00bb][vc_column width=\u00a0\u00bb1\/3&Prime;][\/vc_column][vc_column width=\u00a0\u00bb1\/3&Prime;]<div class=\"aio-icon-component    style_1\"><div id=\"Info-box-wrap-2863\" class=\"aio-icon-box default-icon\" style=\"\"  ><div class=\"aio-icon-default\"><div class=\"ult-just-icon-wrapper  \"><div class=\"align-icon\" style=\"text-align:center;\">\n<div class=\"aio-icon-img \" style=\"font-size:48px;display:inline-block;\" >\n\t<img decoding=\"async\" class=\"img-icon\" alt=\"null\" src=\"https:\/\/espamob.com\/wp-content\/uploads\/2021\/11\/childhood.png\"\/>\n<\/div><\/div><\/div><\/div><div class=\"aio-icon-header\" ><h3 class=\"aio-icon-title ult-responsive\"  data-ultimate-target='#Info-box-wrap-2863 .aio-icon-title'  data-responsive-json-new='{\"font-size\":\"\",\"line-height\":\"\"}'  style=\"\">Petite enfance<\/h3><\/div> <!-- header --><div class=\"aio-icon-description ult-responsive\"  data-ultimate-target='#Info-box-wrap-2863 .aio-icon-description'  data-responsive-json-new='{\"font-size\":\"\",\"line-height\":\"\"}'  style=\"\"><\/p>\n<p class=\"text-align-justify\" style=\"font-weight: 400; text-align: justify; text-justify: inter-word;\">Le professionnel va \u00eatre charg\u00e9 de l&rsquo;accueil, de l&rsquo;accompagnement des jeunes dans leurs diff\u00e9rentes activit\u00e9s quotidiennes. Les \u00e9tablissements concern\u00e9s sont g\u00e9n\u00e9ralement la cr\u00e8che, l&rsquo;\u00e9cole maternelle et la halte-garderie. Un stage \u00e0 l&rsquo;\u00e9tranger, permettra \u00e0 l&rsquo;apprenti de d\u00e9couvrir de nouvelles m\u00e9thodes.<\/p>\n<p><\/div> <!-- description --><\/div> <!-- aio-icon-box --><\/div> <!-- aio-icon-component -->[vc_column_text]<a href=\"https:\/\/espamob.com\/fr\/secteur-stage-entreprise-erasmusplus\/service-personne\/stage-erasmus-petite-enfance\/\">\u2192 D\u00e9couvrir le stage d&rsquo;accompagnant petite enfance<\/a>[\/vc_column_text][\/vc_column][vc_column width=\u00a0\u00bb1\/3&Prime;][\/vc_column][\/vc_row][vc_row][vc_column][vc_empty_space height=\u00a0\u00bb10px\u00a0\u00bb][\/vc_column][\/vc_row][vc_row css=\u00a0\u00bb.vc_custom_1636631982137{padding-bottom: 3% !important;}\u00a0\u00bb][vc_column width=\u00a0\u00bb1\/3&Prime;][\/vc_column][vc_column width=\u00a0\u00bb1\/3&Prime;][vc_btn title=\u00a0\u00bbDEMANDE DE DEVIS\u00a0\u00bb style=\u00a0\u00bbcustom\u00a0\u00bb custom_background=\u00a0\u00bb#e20000&Prime; custom_text=\u00a0\u00bb#ffffff\u00a0\u00bb size=\u00a0\u00bblg\u00a0\u00bb align=\u00a0\u00bbcenter\u00a0\u00bb link=\u00a0\u00bburl:https%3A%2F%2Fespamob.com%2Ffr%2Fdemande-de-devis%2F|title:Nous%20contacter|target:_blank\u00a0\u00bb][\/vc_column][vc_column width=\u00a0\u00bb1\/3&Prime;][\/vc_column][\/vc_row][vc_row][vc_column css=\u00a0\u00bb.vc_custom_1636634852301{padding-bottom: 3% !important;}\u00a0\u00bb]<div class=\"mgl_tubelab mgl_tubelab_container mgl_tubelab_template_default\" data-mgl-tubelab-parameters=\"type=playlist&value=PLLGrER9ieWtBvtd3jbaFSHCKHYMIeoItQ&user=&channel_id=&count=4&cols=4&mode=lightbox&template=default&display=title&pagination=true&size=medium&video_id=&playlists=all&mini=0\">\n\t<div class=\"mgl_tubelab mgl_tubelab_content mgl_tubelab_content-cols4\">\n\t<\/div>\n\t\t\t<div class=\"mgl_tubelab_pagination\">\n\t\t\t<div class=\"mgl_tubelab_pagination_item mgl_tubelab_pagination_item_prev\">\n\t\t\t\t<a href=\"#\" class=\"mgl_tubelab_pagination_prev\">Previous page<\/a>\n\t\t\t<\/div>\n\t\t\t<div class=\"mgl_tubelab_pagination_item mgl_tubelab_pagination_item_next\">\n\t\t\t\t<a href=\"#\" class=\"mgl_tubelab_pagination_next\">Next page<\/a>\n\t\t\t<\/div>\n\t\t<\/div>\n\t<\/div>[vc_empty_space height=\u00a0\u00bb10px\u00a0\u00bb][\/vc_column][\/vc_row][vc_row full_width=\u00a0\u00bbstretch_row\u00a0\u00bb css=\u00a0\u00bb.vc_custom_1692965118018{padding-top: 50px !important;padding-bottom: 50px !important;background-color: #f9f893 !important;}\u00a0\u00bb conditional_render=\u00a0\u00bb%5B%7B%22value_role%22%3A%22administrator%22%7D%5D\u00a0\u00bb][vc_column][vc_row_inner][vc_column_inner][vc_custom_heading text=\u00a0\u00bbVous avez des questions sur votre stage Erasmus Plus ?\u00a0\u00bb font_container=\u00a0\u00bbtag:h2|text_align:center\u00a0\u00bb use_theme_fonts=\u00a0\u00bbyes\u00a0\u00bb][vc_column_text]Avec Espamob nous choisissons nos partenaires afin de vous proposer une multitude de stages dans diff\u00e9rents secteurs. B\u00e9n\u00e9ficiez d&rsquo;un accompagnement personnalis\u00e9 pour pr\u00e9parer au mieux votre exp\u00e9riences de mobilit\u00e9 en Espagne.<\/p>\n<p>N\u2019attendez plus,\u00a0<strong>contactez un expert Espamob<\/strong>\u00a0d\u00e8s maintenant et faites le premier pas vers une exp\u00e9rience Erasmus + r\u00e9ussie ![\/vc_column_text][vc_btn title=\u00a0\u00bbJe contacte Espamob\u00a0\u00bb style=\u00a0\u00bbcustom\u00a0\u00bb custom_background=\u00a0\u00bb#888888&Prime; custom_text=\u00a0\u00bb#ffffff\u00a0\u00bb align=\u00a0\u00bbcenter\u00a0\u00bb link=\u00a0\u00bburl:https%3A%2F%2Fespamob.com%2Ffr%2Fcontact%2F|title:Nous%20contacter|target:_blank\u00a0\u00bb][\/vc_column_inner][\/vc_row_inner][\/vc_column][\/vc_row][vc_row][vc_column][vc_column_text]<\/p>\n<p>[\/vc_column_text][\/vc_column][\/vc_row][vc_row][vc_column][vc_custom_heading text=\u00a0\u00bbQuestions fr\u00e9quentes sur les stages dans le secteur du service \u00e0 la personne\u00a0\u00bb font_container=\u00a0\u00bbtag:h2|text_align:center|color:%23cd6155&Prime; use_theme_fonts=\u00a0\u00bbyes\u00a0\u00bb][vc_separator][\/vc_column][\/vc_row][vc_row][vc_column width=\u00a0\u00bb2\/3&Prime;][vc_custom_heading text=\u00a0\u00bbPourquoi faire un stage \u00e0 l&rsquo;\u00e9tranger dans le service \u00e0 la personne ?\u00a0\u00bb font_container=\u00a0\u00bbtag:h3|text_align:justify|color:%23cd6155&Prime; use_theme_fonts=\u00a0\u00bbyes\u00a0\u00bb][vc_column_text]<\/p>\n<p class=\"text-align-justify\" style=\"font-weight: 400; text-align: justify; text-justify: inter-word;\">Tout d&rsquo;abord, faire un stage \u00e0 l&rsquo;\u00e9tranger permettra aux apprentis de d\u00e9couvrir de nouvelles choses et de nouvelles m\u00e9thodes qui sont typiques au pays \u00e9tranger. De plus, cela fera une exp\u00e9rience en plus valorisante sur le CV.<\/p>\n<p>[\/vc_column_text][vc_custom_heading text=\u00a0\u00bbEst-ce possible de partir \u00e0 l&rsquo;\u00e9tranger pour une mobilit\u00e9 m\u00eame si on ne parle pas forc\u00e9ment tr\u00e8s bien la langue du pays d&rsquo;accueil ?\u00a0\u00bb font_container=\u00a0\u00bbtag:h3|text_align:justify|color:%23cd6155&Prime; use_theme_fonts=\u00a0\u00bbyes\u00a0\u00bb][vc_column_text]<\/p>\n<p class=\"text-align-justify\" style=\"font-weight: 400; text-align: justify; text-justify: inter-word;\">Les apprentis venant faire un stage \u00e0 l&rsquo;\u00e9tranger avec Espamob, ne parlent pas tous parfaitement la langue du pays d&rsquo;accueil et ce n&rsquo;est pas pour cette raison que la mobilit\u00e9 ne se passe pas bien. C&rsquo;est justement une exp\u00e9rience comme celle-ci, qui vous aidera \u00e0 d\u00e9couvrir d&rsquo;avantage la langue et le m\u00e9tier qui vous plait dans un autre pays.<\/p>\n<p>[\/vc_column_text][vc_custom_heading text=\u00a0\u00bbQuelle est la dur\u00e9e minimale et maximale d&rsquo;une mobilit\u00e9 dans les m\u00e9tiers du service \u00e0 la personne ?\u00a0\u00bb font_container=\u00a0\u00bbtag:h3|text_align:justify|color:%23cd6155&Prime; use_theme_fonts=\u00a0\u00bbyes\u00a0\u00bb][vc_column_text]<\/p>\n<p class=\"text-align-justify\" style=\"font-weight: 400; text-align: justify; text-justify: inter-word;\">La dur\u00e9e minimale pour une mobilit\u00e9 dans les secteurs des m\u00e9tiers de la bouche est de deux semaines. Les stages durent g\u00e9n\u00e9ralement entre deux et quatre semaines mais cela peut varier. Nous pouvons \u00e9galement faire des mobilit\u00e9s plus longues, allant jusqu&rsquo;\u00e0 six mois.<\/p>\n<p>&nbsp;<\/p>\n<p><script type=\"application\/ld+json\">{\"@context\":\"https:\/\/schema.org\",\"@type\":\"FAQPage\",\"mainEntity\":[{\"@type\":\"Question\",\"name\":\"Pourquoi faire un stage \u00e0 l'\u00e9tranger dans le service \u00e0 la personne ?\",\"acceptedAnswer\":{\"@type\":\"Answer\",\"text\":\"Tout d'abord, faire un stage \u00e0 l'\u00e9tranger permettra aux apprentis de d\u00e9couvrir de nouvelles choses et de nouvelles m\u00e9thodes qui sont typiques au pays \u00e9tranger. De plus, cela fera une exp\u00e9rience en plus valorisante sur le CV.\"}},{\"@type\":\"Question\",\"name\":\"Est-ce possible de partir \u00e0 l'\u00e9tranger pour une mobilit\u00e9 m\u00eame si on ne parle pas forc\u00e9ment tr\u00e8s bien la langue du pays d'accueil ?\",\"acceptedAnswer\":{\"@type\":\"Answer\",\"text\":\"Les apprentis venant faire un stage \u00e0 l'\u00e9tranger avec Espamob, ne parlent pas tous parfaitement la langue du pays d'accueil et ce n'est pas pour cette raison que la mobilit\u00e9 ne se passe pas bien. C'est justement une exp\u00e9rience comme celle-ci, qui vous aidera \u00e0 d\u00e9couvrir d'avantage la langue et le m\u00e9tier qui vous plait dans un autre pays.\"}},{\"@type\":\"Question\",\"name\":\"Quelle est la dur\u00e9e minimale et maximale d'une mobilit\u00e9 dans les m\u00e9tiers du service \u00e0 la personne ?\",\"acceptedAnswer\":{\"@type\":\"Answer\",\"text\":\"La dur\u00e9e minimale pour une mobilit\u00e9 dans les secteurs des m\u00e9tiers de la bouche est de deux semaines. Les stages durent g\u00e9n\u00e9ralement entre deux et quatre semaines mais cela peut varier. Nous pouvons \u00e9galement faire des mobilit\u00e9s plus longues, allant jusqu'\u00e0 six mois.\"}}]}<\/script>[\/vc_column_text][\/vc_column][vc_column width=\u00a0\u00bb1\/3&Prime;][vc_single_image image=\u00a0\u00bb12133&Prime; img_size=\u00a0\u00bb400&#215;600&Prime; alignment=\u00a0\u00bbcenter\u00a0\u00bb][\/vc_column][\/vc_row]<\/p>\n<\/div>","protected":false},"excerpt":{"rendered":"<p>[vc_row css=\u00a0\u00bb.vc_custom_1701371019712{margin-top: -20px !important;margin-bottom: 40px !important;background-image: url(https:\/\/espamob.com\/wp-content\/uploads\/2023\/11\/Oficios-servicio-a-la-persona.webp?id=21265) !important;}\u00a0\u00bb conditional_render=\u00a0\u00bb%5B%7B%22value_role%22%3A%22administrator%22%7D%5D\u00a0\u00bb][vc_column css=\u00a0\u00bb.vc_custom_1687965657482{padding-top: 30px !important;}\u00a0\u00bb conditional_render=\u00a0\u00bb%5B%7B%22value_role%22%3A%22administrator%22%7D%5D\u00a0\u00bb][vc_empty_space height=\u00a0\u00bb170&Prime;][vc_custom_heading text=\u00a0\u00bbM\u00e9tiers d&rsquo;aide \u00e0 la personne\u00a0\u00bb font_container=\u00a0\u00bbtag:h1|font_size:27|text_align:center|color:%23ffffff\u00a0\u00bb use_theme_fonts=\u00a0\u00bbyes\u00a0\u00bb css=\u00a0\u00bb.vc_custom_1701370725396{margin-bottom: 15px !important;background-color: rgba(136,136,136,0.29) !important;*background-color: rgb(136,136,136) !important;}\u00a0\u00bb animation_type=\u00a0\u00bbzoomIn\u00a0\u00bb][vc_empty_space height=\u00a0\u00bb40&Prime;][\/vc_column][\/vc_row][vc_row wrap_container=\u00a0\u00bbyes\u00a0\u00bb text_align=\u00a0\u00bbjustify\u00a0\u00bb][vc_column text_align=\u00a0\u00bbjustify\u00a0\u00bb][vc_column_text] Home Secteurs de stages M\u00e9tiers d&rsquo;aide \u00e0 la personne [\/vc_column_text][vc_custom_heading text=\u00a0\u00bbD\u00e9couvrez les opportunit\u00e9s dans les m\u00e9tiers d\u00e9di\u00e9s au service \u00e0 la personne\u00a0\u00bb<\/p>\n","protected":false},"author":2,"featured_media":0,"parent":11708,"menu_order":0,"comment_status":"closed","ping_status":"closed","template":"","meta":{"footnotes":""},"class_list":["post-12126","page","type-page","status-publish","hentry"],"_links":{"self":[{"href":"https:\/\/espamob.com\/fr\/wp-json\/wp\/v2\/pages\/12126","targetHints":{"allow":["GET"]}}],"collection":[{"href":"https:\/\/espamob.com\/fr\/wp-json\/wp\/v2\/pages"}],"about":[{"href":"https:\/\/espamob.com\/fr\/wp-json\/wp\/v2\/types\/page"}],"author":[{"embeddable":true,"href":"https:\/\/espamob.com\/fr\/wp-json\/wp\/v2\/users\/2"}],"replies":[{"embeddable":true,"href":"https:\/\/espamob.com\/fr\/wp-json\/wp\/v2\/comments?post=12126"}],"version-history":[{"count":0,"href":"https:\/\/espamob.com\/fr\/wp-json\/wp\/v2\/pages\/12126\/revisions"}],"up":[{"embeddable":true,"href":"https:\/\/espamob.com\/fr\/wp-json\/wp\/v2\/pages\/11708"}],"wp:attachment":[{"href":"https:\/\/espamob.com\/fr\/wp-json\/wp\/v2\/media?parent=12126"}],"curies":[{"name":"wp","href":"https:\/\/api.w.org\/{rel}","templated":true}]}}