{"id":12096,"date":"2021-11-26T14:45:16","date_gmt":"2021-11-26T14:45:16","guid":{"rendered":"https:\/\/www.espamob.com\/?page_id=12096"},"modified":"2026-02-11T16:17:23","modified_gmt":"2026-02-11T16:17:23","slug":"informatique-multimedia","status":"publish","type":"page","link":"https:\/\/espamob.com\/fr\/secteur-stage-entreprise-erasmusplus\/informatique-multimedia\/","title":{"rendered":"FR &#8211; stage erasmusplus Informatique et le Multim\u00e9dia"},"content":{"rendered":"<div class=\"wpb-content-wrapper\"><p>[vc_row css=\u00a0\u00bb.vc_custom_1701371679164{margin-top: -20px !important;margin-bottom: 40px !important;background-image: url(https:\/\/espamob.com\/wp-content\/uploads\/2023\/11\/Profesiones-informaticas.webp?id=21285) !important;}\u00a0\u00bb conditional_render=\u00a0\u00bb%5B%7B%22value_role%22%3A%22administrator%22%7D%5D\u00a0\u00bb][vc_column css=\u00a0\u00bb.vc_custom_1687965657482{padding-top: 30px !important;}\u00a0\u00bb conditional_render=\u00a0\u00bb%5B%7B%22value_role%22%3A%22administrator%22%7D%5D\u00a0\u00bb][vc_empty_space height=\u00a0\u00bb170&Prime;][vc_custom_heading text=\u00a0\u00bbM\u00e9tiers de l&rsquo;informatique\u00a0\u00bb font_container=\u00a0\u00bbtag:h1|font_size:27|text_align:center|color:%23ffffff\u00a0\u00bb use_theme_fonts=\u00a0\u00bbyes\u00a0\u00bb css=\u00a0\u00bb.vc_custom_1701370794812{margin-bottom: 15px !important;background-color: rgba(136,136,136,0.29) !important;*background-color: rgb(136,136,136) !important;}\u00a0\u00bb animation_type=\u00a0\u00bbzoomIn\u00a0\u00bb][vc_empty_space height=\u00a0\u00bb40&Prime;][\/vc_column][\/vc_row][vc_row wrap_container=\u00a0\u00bbyes\u00a0\u00bb text_align=\u00a0\u00bbjustify\u00a0\u00bb conditional_render=\u00a0\u00bb%5B%7B%22value_role%22%3A%22administrator%22%7D%5D\u00a0\u00bb][vc_column text_align=\u00a0\u00bbjustify\u00a0\u00bb][vc_column_text]<\/p>\n<nav aria-label=\"breadcrumb\">\n<ol class=\"breadcrumb\">\n<li class=\"breadcrumb-item\"><a href=\"https:\/\/espamob.com\/\">Home<\/a><\/li>\n<li class=\"breadcrumb-item\"><a href=\"https:\/\/espamob.com\/fr\/secteur-stage-entreprise-erasmusplus\/\">Secteurs de stages<\/a><\/li>\n<li class=\"breadcrumb-item active\" aria-current=\"page\">M\u00e9tiers de l&rsquo;informatique<\/li>\n<\/ol>\n<\/nav>\n<p>[\/vc_column_text][vc_custom_heading text=\u00a0\u00bbD\u00e9couvrez les opportunit\u00e9s dans les m\u00e9tiers de l&rsquo;informatique et du multim\u00e9dia\u00a0\u00bb font_container=\u00a0\u00bbtag:h2|text_align:center\u00a0\u00bb use_theme_fonts=\u00a0\u00bbyes\u00a0\u00bb][vc_separator]<div class=\"aio-icon-component    style_1\"><div id=\"Info-box-wrap-1624\" class=\"aio-icon-box top-icon\" style=\"\"  ><div class=\"aio-icon-description ult-responsive\"  data-ultimate-target='#Info-box-wrap-1624 .aio-icon-description'  data-responsive-json-new='{\"font-size\":\"\",\"line-height\":\"\"}'  style=\"\"><\/p>\n<p class=\"text-align-justify\" style=\"font-weight: 400; text-align: justify; text-justify: inter-word;\">Ce secteur assez vaste regroupe des m\u00e9tiers vari\u00e9s en rapport avec l&rsquo;audiovisuel, le digital, les arts graphiques et le multim\u00e9dia.<\/p>\n<p><\/div> <!-- description --><\/div> <!-- aio-icon-box --><\/div> <!-- aio-icon-component -->[\/vc_column][\/vc_row][vc_row css=\u00a0\u00bb.vc_custom_1636631874200{padding-bottom: 5% !important;}\u00a0\u00bb][vc_column width=\u00a0\u00bb1\/3&Prime;]<div class=\"aio-icon-component    style_1\"><div id=\"Info-box-wrap-5102\" class=\"aio-icon-box default-icon\" style=\"\"  ><div class=\"aio-icon-default\"><div class=\"ult-just-icon-wrapper  \"><div class=\"align-icon\" style=\"text-align:center;\">\n<div class=\"aio-icon-img \" style=\"font-size:48px;display:inline-block;\" >\n\t<img decoding=\"async\" class=\"img-icon\" alt=\"null\" src=\"https:\/\/espamob.com\/wp-content\/uploads\/2021\/11\/Computer-Science.png\"\/>\n<\/div><\/div><\/div><\/div><div class=\"aio-icon-header\" ><h3 class=\"aio-icon-title ult-responsive\"  data-ultimate-target='#Info-box-wrap-5102 .aio-icon-title'  data-responsive-json-new='{\"font-size\":\"\",\"line-height\":\"\"}'  style=\"\">Informatique - Digital<\/h3><\/div> <!-- header --><div class=\"aio-icon-description ult-responsive\"  data-ultimate-target='#Info-box-wrap-5102 .aio-icon-description'  data-responsive-json-new='{\"font-size\":\"\",\"line-height\":\"\"}'  style=\"\"><\/p>\n<p class=\"text-align-justify\" style=\"font-weight: 400; text-align: justify; text-justify: inter-word;\">Le professionnel coordonne et organise l&rsquo;implantation d&rsquo;un r\u00e9seau de communication et g\u00e8re l&rsquo;extension d&rsquo;un r\u00e9seau qui existe d\u00e9j\u00e0. Il s&rsquo;occupe \u00e9galement de toute la conception et du d\u00e9veloppement informatique. Un stage \u00e0 l&rsquo;\u00e9tranger permettra aux jeunes apprentis de d\u00e9couvrir de nouvelles m\u00e9thodes.<\/p>\n<p><\/div> <!-- description --><\/div> <!-- aio-icon-box --><\/div> <!-- aio-icon-component -->[vc_column_text]<a href=\"https:\/\/espamob.com\/fr\/secteur-stage-entreprise-erasmusplus\/informatique-multimedia\/stage-erasmus-informatique\/\">\u2192 D\u00e9couvrir le stage dans l&rsquo;informatique<\/a>[\/vc_column_text][\/vc_column][vc_column width=\u00a0\u00bb1\/3&Prime;]<div class=\"aio-icon-component    style_1\"><div id=\"Info-box-wrap-7618\" class=\"aio-icon-box default-icon\" style=\"\"  ><div class=\"aio-icon-default\"><div class=\"ult-just-icon-wrapper  \"><div class=\"align-icon\" style=\"text-align:center;\">\n<div class=\"aio-icon-img \" style=\"font-size:48px;display:inline-block;\" >\n\t<img decoding=\"async\" class=\"img-icon\" alt=\"null\" src=\"https:\/\/espamob.com\/wp-content\/uploads\/2021\/11\/multimedia.png\"\/>\n<\/div><\/div><\/div><\/div><div class=\"aio-icon-header\" ><h3 class=\"aio-icon-title ult-responsive\"  data-ultimate-target='#Info-box-wrap-7618 .aio-icon-title'  data-responsive-json-new='{\"font-size\":\"\",\"line-height\":\"\"}'  style=\"\">Multim\u00e9dia - Audiovisuel<\/h3><\/div> <!-- header --><div class=\"aio-icon-description ult-responsive\"  data-ultimate-target='#Info-box-wrap-7618 .aio-icon-description'  data-responsive-json-new='{\"font-size\":\"\",\"line-height\":\"\"}'  style=\"\"><\/p>\n<p class=\"text-align-justify\" style=\"font-weight: 400; text-align: justify; text-justify: inter-word;\">Ce secteur fait parti de la technologie et \u00e9volue de plus en plus. Il met de nouvelles pratiques en place, gr\u00e2ce \u00e0 l&rsquo;apparition des \u00e9crans mobiles et du d\u00e9veloppement des images et du son. Un stage \u00e0 l&rsquo;\u00e9tranger va permettre \u00e0 l&rsquo;apprenti de d\u00e9velopper de nouvelles connaissances dans ce secteur.<\/p>\n<p><\/div> <!-- description --><\/div> <!-- aio-icon-box --><\/div> <!-- aio-icon-component -->[vc_column_text]<a href=\"https:\/\/espamob.com\/fr\/secteur-stage-entreprise-erasmusplus\/informatique-multimedia\/stage-erasmus-audiovisuel\/\">\u2192 D\u00e9couvrir le stage dans l&rsquo;audiovisuel<\/a>[\/vc_column_text][\/vc_column][vc_column width=\u00a0\u00bb1\/3&Prime;]<div class=\"aio-icon-component    style_1\"><div id=\"Info-box-wrap-9655\" class=\"aio-icon-box default-icon\" style=\"\"  ><div class=\"aio-icon-default\"><div class=\"ult-just-icon-wrapper  \"><div class=\"align-icon\" style=\"text-align:center;\">\n<div class=\"aio-icon-img \" style=\"font-size:48px;display:inline-block;\" >\n\t<img decoding=\"async\" class=\"img-icon\" alt=\"null\" src=\"https:\/\/espamob.com\/wp-content\/uploads\/2021\/11\/graphic-design.png\"\/>\n<\/div><\/div><\/div><\/div><div class=\"aio-icon-header\" ><h3 class=\"aio-icon-title ult-responsive\"  data-ultimate-target='#Info-box-wrap-9655 .aio-icon-title'  data-responsive-json-new='{\"font-size\":\"\",\"line-height\":\"\"}'  style=\"\">Arts graphiques<\/h3><\/div> <!-- header --><div class=\"aio-icon-description ult-responsive\"  data-ultimate-target='#Info-box-wrap-9655 .aio-icon-description'  data-responsive-json-new='{\"font-size\":\"\",\"line-height\":\"\"}'  style=\"\"><\/p>\n<p class=\"text-align-justify\" style=\"font-weight: 400; text-align: justify; text-justify: inter-word;\">Les arts graphiques sont un secteur assez vaste qui comprend tout ce qui concerne la photographie, le design graphique, le design de mode et le design de produit. Un stage dans ce domaine dans un pays \u00e9tranger, permettra aux apprentis de d\u00e9couvrir de nouvelles techniques dans une langue \u00e9trang\u00e8re.<\/p>\n<p><\/div> <!-- description --><\/div> <!-- aio-icon-box --><\/div> <!-- aio-icon-component -->[vc_column_text]<a href=\"https:\/\/espamob.com\/fr\/secteur-stage-entreprise-erasmusplus\/informatique-multimedia\/stage-erasmus-arts-graphiques\/\">\u2192 D\u00e9couvrir le stage dans l&rsquo;art graphique<\/a>[\/vc_column_text][\/vc_column][\/vc_row][vc_row][vc_column][vc_empty_space height=\u00a0\u00bb10px\u00a0\u00bb][\/vc_column][\/vc_row][vc_row css=\u00a0\u00bb.vc_custom_1636631982137{padding-bottom: 3% !important;}\u00a0\u00bb][vc_column width=\u00a0\u00bb1\/3&Prime;][\/vc_column][vc_column width=\u00a0\u00bb1\/3&Prime;][vc_btn title=\u00a0\u00bbDEMANDE DE DEVIS\u00a0\u00bb style=\u00a0\u00bbcustom\u00a0\u00bb custom_background=\u00a0\u00bb#e20000&Prime; custom_text=\u00a0\u00bb#ffffff\u00a0\u00bb size=\u00a0\u00bblg\u00a0\u00bb align=\u00a0\u00bbcenter\u00a0\u00bb link=\u00a0\u00bburl:https%3A%2F%2Fespamob.com%2Ffr%2Fdemande-de-devis%2F|title:Nous%20contacter|target:_blank\u00a0\u00bb][\/vc_column][vc_column width=\u00a0\u00bb1\/3&Prime;][\/vc_column][\/vc_row][vc_row][vc_column css=\u00a0\u00bb.vc_custom_1636634852301{padding-bottom: 3% !important;}\u00a0\u00bb]<div class=\"mgl_tubelab mgl_tubelab_container mgl_tubelab_template_default\" data-mgl-tubelab-parameters=\"type=playlist&value=PLLGrER9ieWtBvtd3jbaFSHCKHYMIeoItQ&user=&channel_id=&count=4&cols=4&mode=lightbox&template=default&display=title&pagination=true&size=medium&video_id=&playlists=all&mini=0\">\n\t<div class=\"mgl_tubelab mgl_tubelab_content mgl_tubelab_content-cols4\">\n\t<\/div>\n\t\t\t<div class=\"mgl_tubelab_pagination\">\n\t\t\t<div class=\"mgl_tubelab_pagination_item mgl_tubelab_pagination_item_prev\">\n\t\t\t\t<a href=\"#\" class=\"mgl_tubelab_pagination_prev\">Previous page<\/a>\n\t\t\t<\/div>\n\t\t\t<div class=\"mgl_tubelab_pagination_item mgl_tubelab_pagination_item_next\">\n\t\t\t\t<a href=\"#\" class=\"mgl_tubelab_pagination_next\">Next page<\/a>\n\t\t\t<\/div>\n\t\t<\/div>\n\t<\/div>[vc_empty_space height=\u00a0\u00bb10px\u00a0\u00bb][vc_btn title=\u00a0\u00bbNous contacter\u00a0\u00bb size=\u00a0\u00bblg\u00a0\u00bb align=\u00a0\u00bbcenter\u00a0\u00bb link=\u00a0\u00bburl:https%3A%2F%2Fespamob.com%2Ffr%2Fcontact-avec-notre-equipe-de-mobilite%2F|||\u00a0\u00bb][\/vc_column][\/vc_row][vc_row][vc_column][vc_column_text]<\/p>\n<p>[\/vc_column_text][\/vc_column][\/vc_row][vc_row full_width=\u00a0\u00bbstretch_row\u00a0\u00bb css=\u00a0\u00bb.vc_custom_1692965118018{padding-top: 50px !important;padding-bottom: 50px !important;background-color: #f9f893 !important;}\u00a0\u00bb conditional_render=\u00a0\u00bb%5B%7B%22value_role%22%3A%22administrator%22%7D%5D\u00a0\u00bb][vc_column][vc_row_inner][vc_column_inner][vc_custom_heading text=\u00a0\u00bbVous avez des questions sur votre stage Erasmus Plus ?\u00a0\u00bb font_container=\u00a0\u00bbtag:h2|text_align:center\u00a0\u00bb use_theme_fonts=\u00a0\u00bbyes\u00a0\u00bb][vc_column_text]Avec Espamob nous choisissons nos partenaires afin de vous proposer une multitude de stages dans diff\u00e9rents secteurs. B\u00e9n\u00e9ficiez d&rsquo;un accompagnement personnalis\u00e9 pour pr\u00e9parer au mieux votre exp\u00e9riences de mobilit\u00e9 en Espagne.<\/p>\n<p>N\u2019attendez plus,\u00a0<strong>contactez un expert Espamob<\/strong>\u00a0d\u00e8s maintenant et faites le premier pas vers une exp\u00e9rience Erasmus + r\u00e9ussie ![\/vc_column_text][vc_btn title=\u00a0\u00bbJe contacte Espamob\u00a0\u00bb style=\u00a0\u00bbcustom\u00a0\u00bb custom_background=\u00a0\u00bb#888888&Prime; custom_text=\u00a0\u00bb#ffffff\u00a0\u00bb align=\u00a0\u00bbcenter\u00a0\u00bb link=\u00a0\u00bburl:https%3A%2F%2Fespamob.com%2Ffr%2Fcontact%2F|title:Nous%20contacter|target:_blank\u00a0\u00bb][\/vc_column_inner][\/vc_row_inner][\/vc_column][\/vc_row][vc_row][vc_column][vc_custom_heading text=\u00a0\u00bbQuestions fr\u00e9quemment sur les stages dans le secteur de l&rsquo;informatique et du multim\u00e9dia\u00a0\u00bb font_container=\u00a0\u00bbtag:h2|text_align:center|color:%23cd6155&Prime; use_theme_fonts=\u00a0\u00bbyes\u00a0\u00bb][vc_separator][\/vc_column][\/vc_row][vc_row][vc_column width=\u00a0\u00bb2\/3&Prime;][vc_custom_heading text=\u00a0\u00bbPourquoi faire un stage \u00e0 l&rsquo;\u00e9tranger dans l&rsquo;Informatique et le Multim\u00e9dia ?\u00a0\u00bb font_container=\u00a0\u00bbtag:h3|text_align:justify|color:%23cd6155&Prime; use_theme_fonts=\u00a0\u00bbyes\u00a0\u00bb][vc_column_text]<\/p>\n<p class=\"text-align-justify\" style=\"font-weight: 400; text-align: justify; text-justify: inter-word;\"><span data-sheets-value=\"{&quot;1&quot;:2,&quot;2&quot;:&quot;Tout d'abord, faire une mobilit\u00e9 de stage \u00e0 l'\u00e9tranger permettra \u00e0 l'apprenti nde d\u00e9couvrir de nouvelles m\u00e9thodes et techniques qui sont typiques au npays \u00e9tranger. De plus, cela fera une exp\u00e9rience en plus valorisante \u00e0 najouter sur le CV.&quot;}\" data-sheets-userformat=\"{&quot;2&quot;:2623,&quot;3&quot;:{&quot;1&quot;:0},&quot;4&quot;:{&quot;1&quot;:2,&quot;2&quot;:16777215},&quot;5&quot;:{&quot;1&quot;:[{&quot;1&quot;:2,&quot;2&quot;:0,&quot;5&quot;:{&quot;1&quot;:2,&quot;2&quot;:0}},{&quot;1&quot;:0,&quot;2&quot;:0,&quot;3&quot;:3},{&quot;1&quot;:1,&quot;2&quot;:0,&quot;4&quot;:1}]},&quot;6&quot;:{&quot;1&quot;:[{&quot;1&quot;:2,&quot;2&quot;:0,&quot;5&quot;:{&quot;1&quot;:2,&quot;2&quot;:0}},{&quot;1&quot;:0,&quot;2&quot;:0,&quot;3&quot;:3},{&quot;1&quot;:1,&quot;2&quot;:0,&quot;4&quot;:1}]},&quot;7&quot;:{&quot;1&quot;:[{&quot;1&quot;:2,&quot;2&quot;:0,&quot;5&quot;:{&quot;1&quot;:2,&quot;2&quot;:0}},{&quot;1&quot;:0,&quot;2&quot;:0,&quot;3&quot;:3},{&quot;1&quot;:1,&quot;2&quot;:0,&quot;4&quot;:1}]},&quot;8&quot;:{&quot;1&quot;:[{&quot;1&quot;:2,&quot;2&quot;:0,&quot;5&quot;:{&quot;1&quot;:2,&quot;2&quot;:0}},{&quot;1&quot;:0,&quot;2&quot;:0,&quot;3&quot;:3},{&quot;1&quot;:1,&quot;2&quot;:0,&quot;4&quot;:1}]},&quot;12&quot;:0,&quot;14&quot;:{&quot;1&quot;:2,&quot;2&quot;:4276290}}\">Tout d&rsquo;abord, faire une mobilit\u00e9 de stage \u00e0 l&rsquo;\u00e9tranger permettra \u00e0 l&rsquo;apprenti de d\u00e9couvrir de nouvelles m\u00e9thodes et techniques qui sont typiques au pays \u00e9tranger. De plus, cela fera une exp\u00e9rience en plus valorisante \u00e0 ajouter sur le CV.<\/span><\/p>\n<p>[\/vc_column_text][vc_custom_heading text=\u00a0\u00bbEst-ce possible de faire une mobilit\u00e9 \u00e0 l&rsquo;\u00e9tranger m\u00eame si on ne parle pas forc\u00e9ment tr\u00e8s bien la langue du pays d&rsquo;accueil ?\u00a0\u00bb font_container=\u00a0\u00bbtag:h3|text_align:justify|color:%23cd6155&Prime; use_theme_fonts=\u00a0\u00bbyes\u00a0\u00bb][vc_column_text]<\/p>\n<p class=\"text-align-justify\" style=\"font-weight: 400; text-align: justify; text-justify: inter-word;\">Les apprentis venant faire un stage \u00e0 l&rsquo;\u00e9tranger avec Espamob, ne parlent pas parfaitement la langue du pays d&rsquo;accueil et ce n&rsquo;est pas pour cette raison que la mobilit\u00e9 ne se passe pas bien. C&rsquo;est justement une exp\u00e9rience comme celle-ci, qui vous aidera \u00e0 connaitre d&rsquo;avantage la langue et ainsi d\u00e9couvrir le m\u00e9tier qui vous plait dans un autre pays.<\/p>\n<p>[\/vc_column_text][vc_custom_heading text=\u00a0\u00bbQuelle est la dur\u00e9e minimale et maximale d&rsquo;une mobilit\u00e9 dans les m\u00e9tiers de l&rsquo;informatique et du multim\u00e9dia ?\u00a0\u00bb font_container=\u00a0\u00bbtag:h3|text_align:justify|color:%23cd6155&Prime; use_theme_fonts=\u00a0\u00bbyes\u00a0\u00bb][vc_column_text]<\/p>\n<p class=\"text-align-justify\" style=\"font-weight: 400; text-align: justify; text-justify: inter-word;\">La dur\u00e9e minimale pour une mobilit\u00e9 dans les secteurs des m\u00e9tiers de l&rsquo;informatique et du multim\u00e9dia, est de deux semaines. Les stages durent g\u00e9n\u00e9ralement entre deux et quatre semaines mais cela peut varier. Nous pouvons \u00e9galement faire des mobilit\u00e9s plus longues, allant jusqu&rsquo;\u00e0 six mois.<\/p>\n<p>&nbsp;<\/p>\n<p><script type=\"application\/ld+json\">{\"@context\":\"https:\/\/schema.org\",\"@type\":\"FAQPage\",\"mainEntity\":[{\"@type\":\"Question\",\"name\":\"Pourquoi faire un stage \u00e0 l'\u00e9tranger dans l'Informatique et le Multim\u00e9dia ?t\",\"acceptedAnswer\":{\"@type\":\"Answer\",\"text\":\"Tout d'abord, faire une mobilit\u00e9 de stage \u00e0 l'\u00e9tranger permettra \u00e0 l'apprenti de d\u00e9couvrir de nouvelles m\u00e9thodes et techniques qui sont typiques au pays \u00e9tranger. De plus, cela fera une exp\u00e9rience en plus valorisante \u00e0 ajouter sur le CV.\"}},{\"@type\":\"Question\",\"name\":\"Est-ce possible de faire une mobilit\u00e9 \u00e0 l'\u00e9tranger m\u00eame si on ne parle pas forc\u00e9ment tr\u00e8s bien la langue du pays d'accueil ?\",\"acceptedAnswer\":{\"@type\":\"Answer\",\"text\":\"Les apprentis venant faire un stage \u00e0 l'\u00e9tranger avec Espamob, ne parlent pas parfaitement la langue du pays d'accueil et ce n'est pas pour cette raison que la mobilit\u00e9 ne se passe pas bien. C'est justement une exp\u00e9rience comme celle-ci, qui vous aidera \u00e0 connaitre d'avantage la langue et ainsi d\u00e9couvrir le m\u00e9tier qui vous plait dans un autre pays.\"}},{\"@type\":\"Question\",\"name\":\"Quelle est la dur\u00e9e minimale et maximale d'une mobilit\u00e9 dans les m\u00e9tiers de l'informatique et du multim\u00e9dia ?\",\"acceptedAnswer\":{\"@type\":\"Answer\",\"text\":\"La dur\u00e9e minimale pour une mobilit\u00e9 dans les secteurs des m\u00e9tiers de l'informatique et du multim\u00e9dia, est de deux semaines. Les stages durent g\u00e9n\u00e9ralement entre deux et quatre semaines mais cela peut varier. Nous pouvons \u00e9galement faire des mobilit\u00e9s plus longues, allant jusqu'\u00e0 six mois.\"}}]}<\/script>[\/vc_column_text][\/vc_column][vc_column width=\u00a0\u00bb1\/3&Prime;][vc_single_image image=\u00a0\u00bb12098&Prime; img_size=\u00a0\u00bb400&#215;600&Prime; alignment=\u00a0\u00bbcenter\u00a0\u00bb][\/vc_column][\/vc_row]<\/p>\n<\/div>","protected":false},"excerpt":{"rendered":"<p>[vc_row css=\u00a0\u00bb.vc_custom_1701371679164{margin-top: -20px !important;margin-bottom: 40px !important;background-image: url(https:\/\/espamob.com\/wp-content\/uploads\/2023\/11\/Profesiones-informaticas.webp?id=21285) !important;}\u00a0\u00bb conditional_render=\u00a0\u00bb%5B%7B%22value_role%22%3A%22administrator%22%7D%5D\u00a0\u00bb][vc_column css=\u00a0\u00bb.vc_custom_1687965657482{padding-top: 30px !important;}\u00a0\u00bb conditional_render=\u00a0\u00bb%5B%7B%22value_role%22%3A%22administrator%22%7D%5D\u00a0\u00bb][vc_empty_space height=\u00a0\u00bb170&Prime;][vc_custom_heading text=\u00a0\u00bbM\u00e9tiers de l&rsquo;informatique\u00a0\u00bb font_container=\u00a0\u00bbtag:h1|font_size:27|text_align:center|color:%23ffffff\u00a0\u00bb use_theme_fonts=\u00a0\u00bbyes\u00a0\u00bb css=\u00a0\u00bb.vc_custom_1701370794812{margin-bottom: 15px !important;background-color: rgba(136,136,136,0.29) !important;*background-color: rgb(136,136,136) !important;}\u00a0\u00bb animation_type=\u00a0\u00bbzoomIn\u00a0\u00bb][vc_empty_space height=\u00a0\u00bb40&Prime;][\/vc_column][\/vc_row][vc_row wrap_container=\u00a0\u00bbyes\u00a0\u00bb text_align=\u00a0\u00bbjustify\u00a0\u00bb conditional_render=\u00a0\u00bb%5B%7B%22value_role%22%3A%22administrator%22%7D%5D\u00a0\u00bb][vc_column text_align=\u00a0\u00bbjustify\u00a0\u00bb][vc_column_text] Home Secteurs de stages M\u00e9tiers de l&rsquo;informatique [\/vc_column_text][vc_custom_heading text=\u00a0\u00bbD\u00e9couvrez les opportunit\u00e9s dans les m\u00e9tiers de l&rsquo;informatique et du multim\u00e9dia\u00a0\u00bb font_container=\u00a0\u00bbtag:h2|text_align:center\u00a0\u00bb use_theme_fonts=\u00a0\u00bbyes\u00a0\u00bb][vc_separator][\/vc_column][\/vc_row][vc_row css=\u00a0\u00bb.vc_custom_1636631874200{padding-bottom: 5%<\/p>\n","protected":false},"author":2,"featured_media":0,"parent":11708,"menu_order":0,"comment_status":"closed","ping_status":"closed","template":"","meta":{"footnotes":""},"class_list":["post-12096","page","type-page","status-publish","hentry"],"_links":{"self":[{"href":"https:\/\/espamob.com\/fr\/wp-json\/wp\/v2\/pages\/12096","targetHints":{"allow":["GET"]}}],"collection":[{"href":"https:\/\/espamob.com\/fr\/wp-json\/wp\/v2\/pages"}],"about":[{"href":"https:\/\/espamob.com\/fr\/wp-json\/wp\/v2\/types\/page"}],"author":[{"embeddable":true,"href":"https:\/\/espamob.com\/fr\/wp-json\/wp\/v2\/users\/2"}],"replies":[{"embeddable":true,"href":"https:\/\/espamob.com\/fr\/wp-json\/wp\/v2\/comments?post=12096"}],"version-history":[{"count":0,"href":"https:\/\/espamob.com\/fr\/wp-json\/wp\/v2\/pages\/12096\/revisions"}],"up":[{"embeddable":true,"href":"https:\/\/espamob.com\/fr\/wp-json\/wp\/v2\/pages\/11708"}],"wp:attachment":[{"href":"https:\/\/espamob.com\/fr\/wp-json\/wp\/v2\/media?parent=12096"}],"curies":[{"name":"wp","href":"https:\/\/api.w.org\/{rel}","templated":true}]}}