{"id":11869,"date":"2021-11-24T10:28:33","date_gmt":"2021-11-24T10:28:33","guid":{"rendered":"https:\/\/www.espamob.com\/?page_id=11869"},"modified":"2026-02-11T16:00:36","modified_gmt":"2026-02-11T16:00:36","slug":"tertiaire","status":"publish","type":"page","link":"https:\/\/espamob.com\/fr\/secteur-stage-entreprise-erasmusplus\/tertiaire\/","title":{"rendered":"FR &#8211; stage erasmusplus metiers tertiaire"},"content":{"rendered":"<div class=\"wpb-content-wrapper\"><p>[vc_row css=\u00a0\u00bb.vc_custom_1701370962809{margin-top: -20px !important;margin-bottom: 40px !important;background-image: url(https:\/\/espamob.com\/wp-content\/uploads\/2023\/11\/Profesiones-de-servicios.webp?id=21255) !important;}\u00a0\u00bb conditional_render=\u00a0\u00bb%5B%7B%22value_role%22%3A%22administrator%22%7D%5D\u00a0\u00bb][vc_column css=\u00a0\u00bb.vc_custom_1687965657482{padding-top: 30px !important;}\u00a0\u00bb conditional_render=\u00a0\u00bb%5B%7B%22value_role%22%3A%22administrator%22%7D%5D\u00a0\u00bb][vc_empty_space height=\u00a0\u00bb170&Prime;][vc_custom_heading text=\u00a0\u00bbM\u00e9tiers du tertiaire\u00a0\u00bb font_container=\u00a0\u00bbtag:h1|font_size:27|text_align:center|color:%23ffffff\u00a0\u00bb use_theme_fonts=\u00a0\u00bbyes\u00a0\u00bb css=\u00a0\u00bb.vc_custom_1701370692806{margin-bottom: 15px !important;background-color: rgba(136,136,136,0.29) !important;*background-color: rgb(136,136,136) !important;}\u00a0\u00bb animation_type=\u00a0\u00bbzoomIn\u00a0\u00bb][vc_empty_space height=\u00a0\u00bb40&Prime;][\/vc_column][\/vc_row][vc_row wrap_container=\u00a0\u00bbyes\u00a0\u00bb text_align=\u00a0\u00bbjustify\u00a0\u00bb][vc_column text_align=\u00a0\u00bbjustify\u00a0\u00bb][vc_column_text]<\/p>\n<nav aria-label=\"breadcrumb\">\n<ol class=\"breadcrumb\">\n<li class=\"breadcrumb-item\"><a href=\"https:\/\/espamob.com\/\">Home<\/a><\/li>\n<li class=\"breadcrumb-item\"><a href=\"https:\/\/espamob.com\/fr\/secteur-stage-entreprise-erasmusplus\/\">Secteurs de stages<\/a><\/li>\n<li class=\"breadcrumb-item active\" aria-current=\"page\">M\u00e9tiers du tertiaire<\/li>\n<\/ol>\n<\/nav>\n<p>[\/vc_column_text][vc_custom_heading text=\u00a0\u00bbD\u00e9couvrez les opportunit\u00e9s dans les m\u00e9tiers du tertiaire\u00a0\u00bb font_container=\u00a0\u00bbtag:h2|text_align:center\u00a0\u00bb use_theme_fonts=\u00a0\u00bbyes\u00a0\u00bb][vc_separator]<div class=\"aio-icon-component    style_1\"><div id=\"Info-box-wrap-7396\" class=\"aio-icon-box top-icon\" style=\"\"  ><div class=\"aio-icon-description ult-responsive\"  data-ultimate-target='#Info-box-wrap-7396 .aio-icon-description'  data-responsive-json-new='{\"font-size\":\"\",\"line-height\":\"\"}'  style=\"\"><\/p>\n<p class=\"text-align-justify\" style=\"font-weight: 400; text-align: justify; text-justify: inter-word;\">Ce secteur regroupe des m\u00e9tiers vari\u00e9s en rapport avec la vente, le commerce, l&rsquo;accueil, la gestion administration, le marketing et la communication. Il se modernise chaque jour de plus en plus avec l&rsquo;\u00e9volution constante qui nous entoure.<\/p>\n<p><\/div> <!-- description --><\/div> <!-- aio-icon-box --><\/div> <!-- aio-icon-component -->[\/vc_column][\/vc_row][vc_row css=\u00a0\u00bb.vc_custom_1636631874200{padding-bottom: 5% !important;}\u00a0\u00bb][vc_column width=\u00a0\u00bb1\/3&Prime;]<div class=\"aio-icon-component    style_1\"><div id=\"Info-box-wrap-1704\" class=\"aio-icon-box default-icon\" style=\"\"  ><div class=\"aio-icon-default\"><div class=\"ult-just-icon-wrapper  \"><div class=\"align-icon\" style=\"text-align:center;\">\n<div class=\"aio-icon none \"  style=\"color:#333;font-size:44px;display:inline-block;\">\n\t<i class=\"Defaults-tag\"><\/i>\n<\/div><\/div><\/div><\/div><div class=\"aio-icon-header\" ><h3 class=\"aio-icon-title ult-responsive\"  data-ultimate-target='#Info-box-wrap-1704 .aio-icon-title'  data-responsive-json-new='{\"font-size\":\"\",\"line-height\":\"\"}'  style=\"\">Vente<\/h3><\/div> <!-- header --><div class=\"aio-icon-description ult-responsive\"  data-ultimate-target='#Info-box-wrap-1704 .aio-icon-description'  data-responsive-json-new='{\"font-size\":\"\",\"line-height\":\"\"}'  style=\"\"><\/p>\n<p class=\"text-align-justify\" style=\"font-weight: 400; text-align: justify;\">Le vendeur accueille et conseille les clients. Il va aussi encaisser les paiements, fournir les informations demand\u00e9es et comptabiliser les recettes \u00e0 la fin de la journ\u00e9e. Un stage \u00e0 l&rsquo;\u00e9tranger, permettra aux apprentis de d\u00e9couvrir de nouvelles techniques de ventes dans une langue \u00e9trang\u00e8re.<\/p>\n<p><\/div> <!-- description --><\/div> <!-- aio-icon-box --><\/div> <!-- aio-icon-component -->[vc_column_text]<a href=\"https:\/\/espamob.com\/fr\/secteur-stage-entreprise-erasmusplus\/tertiaire\/stage-erasmus-vente\/\">\u2192 D\u00e9couvrir le stage en vente<\/a>[\/vc_column_text][\/vc_column][vc_column width=\u00a0\u00bb1\/3&Prime;]<div class=\"aio-icon-component    style_1\"><div id=\"Info-box-wrap-5743\" class=\"aio-icon-box default-icon\" style=\"\"  ><div class=\"aio-icon-default\"><div class=\"ult-just-icon-wrapper  \"><div class=\"align-icon\" style=\"text-align:center;\">\n<div class=\"aio-icon none \"  style=\"color:#333;font-size:44px;display:inline-block;\">\n\t<i class=\"Defaults-shopping-cart\"><\/i>\n<\/div><\/div><\/div><\/div><div class=\"aio-icon-header\" ><h3 class=\"aio-icon-title ult-responsive\"  data-ultimate-target='#Info-box-wrap-5743 .aio-icon-title'  data-responsive-json-new='{\"font-size\":\"\",\"line-height\":\"\"}'  style=\"\">Commerce<\/h3><\/div> <!-- header --><div class=\"aio-icon-description ult-responsive\"  data-ultimate-target='#Info-box-wrap-5743 .aio-icon-description'  data-responsive-json-new='{\"font-size\":\"\",\"line-height\":\"\"}'  style=\"\"><\/p>\n<p class=\"text-align-justify\" style=\"font-weight: 400; text-align: justify; text-justify: inter-word;\">Le commercial va s&rsquo;occuper de d\u00e9velopper, de g\u00e9n\u00e9rer et de promouvoir les ventes d&rsquo;une entreprise, gr\u00e2ce \u00e0 diff\u00e9rentes m\u00e9thodes de prospection et pour d\u00e9velopper ses clients actuels. Un stage dans ce domaine, permettra aux apprentis de d\u00e9couvrir de nouvelles techniques dans un pays \u00e9tranger.<\/p>\n<p><\/div> <!-- description --><\/div> <!-- aio-icon-box --><\/div> <!-- aio-icon-component -->[vc_column_text]<a href=\"https:\/\/espamob.com\/fr\/secteur-stage-entreprise-erasmusplus\/tertiaire\/stage-erasmus-commerce\/\">\u2192 D\u00e9couvrir le stage en commerce<\/a>[\/vc_column_text][\/vc_column][vc_column width=\u00a0\u00bb1\/3&Prime;]<div class=\"aio-icon-component    style_1\"><div id=\"Info-box-wrap-2431\" class=\"aio-icon-box default-icon\" style=\"\"  ><div class=\"aio-icon-default\"><div class=\"ult-just-icon-wrapper  \"><div class=\"align-icon\" style=\"text-align:center;\">\n<div class=\"aio-icon none \"  style=\"color:#333;font-size:44px;display:inline-block;\">\n\t<i class=\"Defaults-comments\"><\/i>\n<\/div><\/div><\/div><\/div><div class=\"aio-icon-header\" ><h3 class=\"aio-icon-title ult-responsive\"  data-ultimate-target='#Info-box-wrap-2431 .aio-icon-title'  data-responsive-json-new='{\"font-size\":\"\",\"line-height\":\"\"}'  style=\"\">Accueil<\/h3><\/div> <!-- header --><div class=\"aio-icon-description ult-responsive\"  data-ultimate-target='#Info-box-wrap-2431 .aio-icon-description'  data-responsive-json-new='{\"font-size\":\"\",\"line-height\":\"\"}'  style=\"\"><\/p>\n<p class=\"text-align-justify\" style=\"font-weight: 400; text-align: justify; text-justify: inter-word;\">Le charg\u00e9 d&rsquo;accueil va \u00eatre en contact permanent avec les clients, car il va se charger de les accueillir et de les conseiller. Il doit toujours donner la meilleure image possible de l&rsquo;entreprise. Un stage permettra \u00e0 l&rsquo;apprenti de d\u00e9velopper de nouvelles comp\u00e9tences dans une langue \u00e9trang\u00e8re.<\/p>\n<p><\/div> <!-- description --><\/div> <!-- aio-icon-box --><\/div> <!-- aio-icon-component -->[vc_column_text]<a href=\"https:\/\/espamob.com\/fr\/secteur-stage-entreprise-erasmusplus\/tertiaire\/stage-erasmus-accueil\/\">\u2192 D\u00e9couvrir le stage en accueil<\/a>[\/vc_column_text][\/vc_column][\/vc_row][vc_row css=\u00a0\u00bb.vc_custom_1636631916236{padding-bottom: 5% !important;}\u00a0\u00bb][vc_column width=\u00a0\u00bb1\/3&Prime;]<div class=\"aio-icon-component    style_1\"><div id=\"Info-box-wrap-5586\" class=\"aio-icon-box default-icon\" style=\"\"  ><div class=\"aio-icon-default\"><div class=\"ult-just-icon-wrapper  \"><div class=\"align-icon\" style=\"text-align:center;\">\n<div class=\"aio-icon none \"  style=\"color:#333;font-size:44px;display:inline-block;\">\n\t<i class=\"Defaults-money\"><\/i>\n<\/div><\/div><\/div><\/div><div class=\"aio-icon-header\" ><h3 class=\"aio-icon-title ult-responsive\"  data-ultimate-target='#Info-box-wrap-5586 .aio-icon-title'  data-responsive-json-new='{\"font-size\":\"\",\"line-height\":\"\"}'  style=\"\">Gestion administration<\/h3><\/div> <!-- header --><div class=\"aio-icon-description ult-responsive\"  data-ultimate-target='#Info-box-wrap-5586 .aio-icon-description'  data-responsive-json-new='{\"font-size\":\"\",\"line-height\":\"\"}'  style=\"\"><\/p>\n<p class=\"text-align-justify\" style=\"font-weight: 400; text-align: justify; text-justify: inter-word;\">Le professionnel va s&rsquo;occuper de toute la partie administrative au sein d&rsquo;entreprises, d&rsquo;associations ou encore, au sein de collectivit\u00e9s territoriales. Un stage \u00e0 l&rsquo;\u00e9tranger permettra aux jeunes de d\u00e9velopper de nouvelles techniques.<\/p>\n<p><\/div> <!-- description --><\/div> <!-- aio-icon-box --><\/div> <!-- aio-icon-component -->[vc_column_text]<a href=\"https:\/\/espamob.com\/fr\/secteur-stage-entreprise-erasmusplus\/tertiaire\/stage-erasmus-gestion-administration\/\">\u2192 D\u00e9couvrir le stage en gestion et administration<\/a>[\/vc_column_text][\/vc_column][vc_column width=\u00a0\u00bb1\/3&Prime;]<div class=\"aio-icon-component    style_1\"><div id=\"Info-box-wrap-6236\" class=\"aio-icon-box default-icon\" style=\"\"  ><div class=\"aio-icon-default\"><div class=\"ult-just-icon-wrapper  \"><div class=\"align-icon\" style=\"text-align:center;\">\n<div class=\"aio-icon none \"  style=\"color:#333;font-size:44px;display:inline-block;\">\n\t<i class=\"Defaults-bullhorn\"><\/i>\n<\/div><\/div><\/div><\/div><div class=\"aio-icon-header\" ><h3 class=\"aio-icon-title ult-responsive\"  data-ultimate-target='#Info-box-wrap-6236 .aio-icon-title'  data-responsive-json-new='{\"font-size\":\"\",\"line-height\":\"\"}'  style=\"\">Marketing<\/h3><\/div> <!-- header --><div class=\"aio-icon-description ult-responsive\"  data-ultimate-target='#Info-box-wrap-6236 .aio-icon-description'  data-responsive-json-new='{\"font-size\":\"\",\"line-height\":\"\"}'  style=\"\"><\/p>\n<p class=\"text-align-justify\" style=\"font-weight: 400; text-align: justify; text-justify: inter-word;\">Le professionnel va mettre en place une strat\u00e9gie particuli\u00e8re, pour ainsi promouvoir un produit de son entreprise. Il va devoir r\u00e9aliser au pr\u00e9alable des \u00e9tudes marketing pour mieux connaitre le march\u00e9. Un stage \u00e0 l&rsquo;\u00e9tranger, permettra aux jeunes de d\u00e9velopper de nouvelles comp\u00e9tences marketing.<\/p>\n<p><\/div> <!-- description --><\/div> <!-- aio-icon-box --><\/div> <!-- aio-icon-component -->[vc_column_text]<a href=\"https:\/\/espamob.com\/fr\/secteur-stage-entreprise-erasmusplus\/tertiaire\/stage-erasmus-marketing\/\">\u2192 D\u00e9couvrir le stage en marketing<\/a>[\/vc_column_text][\/vc_column][vc_column width=\u00a0\u00bb1\/3&Prime;]<div class=\"aio-icon-component    style_1\"><div id=\"Info-box-wrap-4261\" class=\"aio-icon-box default-icon\" style=\"\"  ><div class=\"aio-icon-default\"><div class=\"ult-just-icon-wrapper  \"><div class=\"align-icon\" style=\"text-align:center;\">\n<div class=\"aio-icon none \"  style=\"color:#333;font-size:44px;display:inline-block;\">\n\t<i class=\"Defaults-comments-o\"><\/i>\n<\/div><\/div><\/div><\/div><div class=\"aio-icon-header\" ><h3 class=\"aio-icon-title ult-responsive\"  data-ultimate-target='#Info-box-wrap-4261 .aio-icon-title'  data-responsive-json-new='{\"font-size\":\"\",\"line-height\":\"\"}'  style=\"\">Communication<\/h3><\/div> <!-- header --><div class=\"aio-icon-description ult-responsive\"  data-ultimate-target='#Info-box-wrap-4261 .aio-icon-description'  data-responsive-json-new='{\"font-size\":\"\",\"line-height\":\"\"}'  style=\"\"><\/p>\n<p class=\"text-align-justify\" style=\"font-weight: 400; text-align: justify; text-justify: inter-word;\">Ce secteur fait appel \u00e0 de nombreuses comp\u00e9tences, telles que l&rsquo;organisation, la cr\u00e9ativit\u00e9 et le milieu du relationnel. Le professionnel doit savoir bien s&rsquo;adresser \u00e0 tous les publics ainsi que bien r\u00e9diger. Un stage permettra \u00e0 l&rsquo;apprenti de d\u00e9velopper de nouvelles comp\u00e9tences \u00e0 l&rsquo;\u00e9tranger.<\/p>\n<p><\/div> <!-- description --><\/div> <!-- aio-icon-box --><\/div> <!-- aio-icon-component -->[vc_column_text]<a href=\"https:\/\/espamob.com\/fr\/secteur-stage-entreprise-erasmusplus\/tertiaire\/stage-erasmus-communication\/\">\u2192 D\u00e9couvrir le stage en communication<\/a>[\/vc_column_text][\/vc_column][\/vc_row][vc_row][vc_column][vc_empty_space height=\u00a0\u00bb10px\u00a0\u00bb][\/vc_column][\/vc_row][vc_row css=\u00a0\u00bb.vc_custom_1636631982137{padding-bottom: 3% !important;}\u00a0\u00bb][vc_column width=\u00a0\u00bb1\/3&Prime;][\/vc_column][vc_column width=\u00a0\u00bb1\/3&Prime;][vc_btn title=\u00a0\u00bbDEMANDE DE DEVIS\u00a0\u00bb style=\u00a0\u00bbcustom\u00a0\u00bb custom_background=\u00a0\u00bb#e20000&Prime; custom_text=\u00a0\u00bb#ffffff\u00a0\u00bb size=\u00a0\u00bblg\u00a0\u00bb align=\u00a0\u00bbcenter\u00a0\u00bb link=\u00a0\u00bburl:https%3A%2F%2Fespamob.com%2Ffr%2Fdemande-de-devis%2F|title:DEMANDE%20DE%20DEVIS|target:_blank\u00a0\u00bb][\/vc_column][vc_column width=\u00a0\u00bb1\/3&Prime;][\/vc_column][\/vc_row][vc_row][vc_column css=\u00a0\u00bb.vc_custom_1636634852301{padding-bottom: 3% !important;}\u00a0\u00bb]<div class=\"mgl_tubelab mgl_tubelab_container mgl_tubelab_template_default\" data-mgl-tubelab-parameters=\"type=playlist&value=PLLGrER9ieWtBvtd3jbaFSHCKHYMIeoItQ&user=&channel_id=&count=4&cols=4&mode=lightbox&template=default&display=title&pagination=true&size=medium&video_id=&playlists=all&mini=0\">\n\t<div class=\"mgl_tubelab mgl_tubelab_content mgl_tubelab_content-cols4\">\n\t<\/div>\n\t\t\t<div class=\"mgl_tubelab_pagination\">\n\t\t\t<div class=\"mgl_tubelab_pagination_item mgl_tubelab_pagination_item_prev\">\n\t\t\t\t<a href=\"#\" class=\"mgl_tubelab_pagination_prev\">Previous page<\/a>\n\t\t\t<\/div>\n\t\t\t<div class=\"mgl_tubelab_pagination_item mgl_tubelab_pagination_item_next\">\n\t\t\t\t<a href=\"#\" class=\"mgl_tubelab_pagination_next\">Next page<\/a>\n\t\t\t<\/div>\n\t\t<\/div>\n\t<\/div>[\/vc_column][\/vc_row][vc_row full_width=\u00a0\u00bbstretch_row\u00a0\u00bb css=\u00a0\u00bb.vc_custom_1692965118018{padding-top: 50px !important;padding-bottom: 50px !important;background-color: #f9f893 !important;}\u00a0\u00bb conditional_render=\u00a0\u00bb%5B%7B%22value_role%22%3A%22administrator%22%7D%5D\u00a0\u00bb][vc_column][vc_row_inner][vc_column_inner][vc_custom_heading text=\u00a0\u00bbVous avez des questions sur votre stage Erasmus Plus ?\u00a0\u00bb font_container=\u00a0\u00bbtag:h2|text_align:center\u00a0\u00bb use_theme_fonts=\u00a0\u00bbyes\u00a0\u00bb][vc_column_text]Avec Espamob nous choisissons nos partenaires afin de vous proposer une multitude de stages dans diff\u00e9rents secteurs. B\u00e9n\u00e9ficiez d&rsquo;un accompagnement personnalis\u00e9 pour pr\u00e9parer au mieux votre exp\u00e9riences de mobilit\u00e9 en Espagne.<\/p>\n<p>N\u2019attendez plus,\u00a0<strong>contactez un expert Espamob<\/strong>\u00a0d\u00e8s maintenant et faites le premier pas vers une exp\u00e9rience Erasmus + r\u00e9ussie ![\/vc_column_text][vc_btn title=\u00a0\u00bbJe contacte Espamob\u00a0\u00bb style=\u00a0\u00bbcustom\u00a0\u00bb custom_background=\u00a0\u00bb#888888&Prime; custom_text=\u00a0\u00bb#ffffff\u00a0\u00bb align=\u00a0\u00bbcenter\u00a0\u00bb link=\u00a0\u00bburl:https%3A%2F%2Fespamob.com%2Ffr%2Fcontact%2F|title:Nous%20contacter|target:_blank\u00a0\u00bb][\/vc_column_inner][\/vc_row_inner][\/vc_column][\/vc_row][vc_row][vc_column][vc_custom_heading text=\u00a0\u00bbQuestions fr\u00e9quentes sur les stages dans le secteur du tertiaire\u00a0\u00bb font_container=\u00a0\u00bbtag:h2|text_align:center|color:%23cd6155&Prime; use_theme_fonts=\u00a0\u00bbyes\u00a0\u00bb][vc_separator][\/vc_column][\/vc_row][vc_row][vc_column width=\u00a0\u00bb2\/3&Prime;][vc_custom_heading text=\u00a0\u00bbPourquoi faire un stage \u00e0 l&rsquo;\u00e9tranger dans les m\u00e9tiers du tertiaire ?\u00a0\u00bb font_container=\u00a0\u00bbtag:h3|text_align:justify|color:%23cd6155&Prime; use_theme_fonts=\u00a0\u00bbyes\u00a0\u00bb][vc_column_text]<\/p>\n<p class=\"text-align-justify\" style=\"font-weight: 400; text-align: justify; text-justify: inter-word;\">Tout d&rsquo;abord, faire un stage \u00e0 l&rsquo;\u00e9tranger permettra aux apprentis de d\u00e9couvrir de nouvelles techniques et de nouvelles m\u00e9thodes qui sont typiques au pays \u00e9tranger. De plus, cela fera une exp\u00e9rience en plus \u00e0 valoriser sur le CV.<\/p>\n<p>[\/vc_column_text][vc_custom_heading text=\u00a0\u00bbEst-ce possible de faire une mobilit\u00e9 \u00e0 l&rsquo;\u00e9tranger m\u00eame si on ne parle pas forc\u00e9ment tr\u00e8s bien la langue du pays d&rsquo;accueil ?\u00a0\u00bb font_container=\u00a0\u00bbtag:h3|text_align:justify|color:%23cd6155&Prime; use_theme_fonts=\u00a0\u00bbyes\u00a0\u00bb][vc_column_text]<\/p>\n<p class=\"text-align-justify\" style=\"font-weight: 400; text-align: justify; text-justify: inter-word;\">Les apprentis qui viennent faire un stage \u00e0 l&rsquo;\u00e9tranger avec Espamob, ne parlent pas tous parfaitement la langue du pays d&rsquo;accueil et ce n&rsquo;est pas pour cette raison que la mobilit\u00e9 ne se passe pas bien. C&rsquo;est justement une exp\u00e9rience comme celle-ci qui vous aidera \u00e0 apprendre d&rsquo;avantage la langue et la culture ainsi que de d\u00e9couvrir le m\u00e9tier qui vous plait \u00e0 l&rsquo;\u00e9tranger.<\/p>\n<p>[\/vc_column_text][vc_custom_heading text=\u00a0\u00bbQuelle est la dur\u00e9e minimale et maximale d&rsquo;une mobilit\u00e9 dans les m\u00e9tiers du tertiaire ?\u00a0\u00bb font_container=\u00a0\u00bbtag:h3|text_align:justify|color:%23cd6155&Prime; use_theme_fonts=\u00a0\u00bbyes\u00a0\u00bb][vc_column_text]<\/p>\n<p class=\"text-align-justify\" style=\"font-weight: 400; text-align: justify; text-justify: inter-word;\">La dur\u00e9e minimale pour une mobilit\u00e9 dans les secteurs des m\u00e9tiers du tertiaire est de deux semaines. Les stages durent g\u00e9n\u00e9ralement entre deux et quatre semaines mais cela peut varier. Nous pouvons \u00e9galement faire des mobilit\u00e9s plus longues, allant jusqu&rsquo;\u00e0 six mois.<\/p>\n<p>&nbsp;<\/p>\n<p><script type=\"application\/ld+json\">{\"@context\":\"https:\/\/schema.org\",\"@type\":\"FAQPage\",\"mainEntity\":[{\"@type\":\"Question\",\"name\":\"Pourquoi faire un stage \u00e0 l'\u00e9tranger dans les m\u00e9tiers du tertiaire ?\",\"acceptedAnswer\":{\"@type\":\"Answer\",\"text\":\"Tout d'abord, faire un stage \u00e0 l'\u00e9tranger permettra aux apprentis de d\u00e9couvrir de nouvelles techniques et de nouvelles m\u00e9thodes qui sont typiques au pays \u00e9tranger. De plus, cela fera une exp\u00e9rience en plus \u00e0 valoriser sur le CV.\"}},{\"@type\":\"Question\",\"name\":\"Est-ce possible de faire une mobilit\u00e9 \u00e0 l'\u00e9tranger m\u00eame si on ne parle pas forc\u00e9ment tr\u00e8s bien la langue du pays d'accueil ?\",\"acceptedAnswer\":{\"@type\":\"Answer\",\"text\":\"Les apprentis qui viennent faire un stage \u00e0 l'\u00e9tranger avec Espamob, ne parlent pas tous parfaitement la langue du pays d'accueil et ce n'est pas pour cette raison que la mobilit\u00e9 ne se passe pas bien. C'est justement une exp\u00e9rience comme celle-ci qui vous aidera \u00e0 apprendre d'avantage la langue et la culture ainsi que de d\u00e9couvrir le m\u00e9tier qui vous plait \u00e0 l'\u00e9tranger.\"}},{\"@type\":\"Question\",\"name\":\"Quelle est la dur\u00e9e minimale et maximale d'une mobilit\u00e9 dans les m\u00e9tiers du tertiaire ?\",\"acceptedAnswer\":{\"@type\":\"Answer\",\"text\":\"La dur\u00e9e minimale pour une mobilit\u00e9 dans les secteurs des m\u00e9tiers du tertiaire est de deux semaines. Les stages durent g\u00e9n\u00e9ralement entre deux et quatre semaines mais cela peut varier. Nous pouvons \u00e9galement faire des mobilit\u00e9s plus longues, allant jusqu'\u00e0 six mois.\"}}]}<\/script>[\/vc_column_text][\/vc_column][vc_column width=\u00a0\u00bb1\/3&Prime;][vc_single_image image=\u00a0\u00bb11997&Prime; img_size=\u00a0\u00bb400&#215;600&Prime; alignment=\u00a0\u00bbcenter\u00a0\u00bb][\/vc_column][\/vc_row]<\/p>\n<\/div>","protected":false},"excerpt":{"rendered":"<p>[vc_row css=\u00a0\u00bb.vc_custom_1701370962809{margin-top: -20px !important;margin-bottom: 40px !important;background-image: url(https:\/\/espamob.com\/wp-content\/uploads\/2023\/11\/Profesiones-de-servicios.webp?id=21255) !important;}\u00a0\u00bb conditional_render=\u00a0\u00bb%5B%7B%22value_role%22%3A%22administrator%22%7D%5D\u00a0\u00bb][vc_column css=\u00a0\u00bb.vc_custom_1687965657482{padding-top: 30px !important;}\u00a0\u00bb conditional_render=\u00a0\u00bb%5B%7B%22value_role%22%3A%22administrator%22%7D%5D\u00a0\u00bb][vc_empty_space height=\u00a0\u00bb170&Prime;][vc_custom_heading text=\u00a0\u00bbM\u00e9tiers du tertiaire\u00a0\u00bb font_container=\u00a0\u00bbtag:h1|font_size:27|text_align:center|color:%23ffffff\u00a0\u00bb use_theme_fonts=\u00a0\u00bbyes\u00a0\u00bb css=\u00a0\u00bb.vc_custom_1701370692806{margin-bottom: 15px !important;background-color: rgba(136,136,136,0.29) !important;*background-color: rgb(136,136,136) !important;}\u00a0\u00bb animation_type=\u00a0\u00bbzoomIn\u00a0\u00bb][vc_empty_space height=\u00a0\u00bb40&Prime;][\/vc_column][\/vc_row][vc_row wrap_container=\u00a0\u00bbyes\u00a0\u00bb text_align=\u00a0\u00bbjustify\u00a0\u00bb][vc_column text_align=\u00a0\u00bbjustify\u00a0\u00bb][vc_column_text] Home Secteurs de stages M\u00e9tiers du tertiaire [\/vc_column_text][vc_custom_heading text=\u00a0\u00bbD\u00e9couvrez les opportunit\u00e9s dans les m\u00e9tiers du tertiaire\u00a0\u00bb font_container=\u00a0\u00bbtag:h2|text_align:center\u00a0\u00bb use_theme_fonts=\u00a0\u00bbyes\u00a0\u00bb][vc_separator][\/vc_column][\/vc_row][vc_row css=\u00a0\u00bb.vc_custom_1636631874200{padding-bottom: 5% !important;}\u00a0\u00bb][vc_column width=\u00a0\u00bb1\/3&Prime;][vc_column_text]\u2192 D\u00e9couvrir le<\/p>\n","protected":false},"author":2,"featured_media":0,"parent":11708,"menu_order":0,"comment_status":"closed","ping_status":"closed","template":"","meta":{"footnotes":""},"class_list":["post-11869","page","type-page","status-publish","hentry"],"_links":{"self":[{"href":"https:\/\/espamob.com\/fr\/wp-json\/wp\/v2\/pages\/11869","targetHints":{"allow":["GET"]}}],"collection":[{"href":"https:\/\/espamob.com\/fr\/wp-json\/wp\/v2\/pages"}],"about":[{"href":"https:\/\/espamob.com\/fr\/wp-json\/wp\/v2\/types\/page"}],"author":[{"embeddable":true,"href":"https:\/\/espamob.com\/fr\/wp-json\/wp\/v2\/users\/2"}],"replies":[{"embeddable":true,"href":"https:\/\/espamob.com\/fr\/wp-json\/wp\/v2\/comments?post=11869"}],"version-history":[{"count":0,"href":"https:\/\/espamob.com\/fr\/wp-json\/wp\/v2\/pages\/11869\/revisions"}],"up":[{"embeddable":true,"href":"https:\/\/espamob.com\/fr\/wp-json\/wp\/v2\/pages\/11708"}],"wp:attachment":[{"href":"https:\/\/espamob.com\/fr\/wp-json\/wp\/v2\/media?parent=11869"}],"curies":[{"name":"wp","href":"https:\/\/api.w.org\/{rel}","templated":true}]}}