{"id":11428,"date":"2021-10-22T10:44:20","date_gmt":"2021-10-22T10:44:20","guid":{"rendered":"https:\/\/www.espamob.com\/offre-relation-entreprises-erasmus\/"},"modified":"2023-06-16T05:58:15","modified_gmt":"2023-06-16T05:58:15","slug":"offre-relation-entreprises-erasmus","status":"publish","type":"page","link":"https:\/\/espamob.com\/fr\/offre-relation-entreprises-erasmus\/","title":{"rendered":"OFFRE RELATION ENTREPRISES ERASMUS +"},"content":{"rendered":"<div class=\"wpb-content-wrapper\"><p>[vc_row][vc_column][vc_custom_heading text=\u00a0\u00bbERASMUS + COMPANY RELATIONS OFFER\u00a0\u00bb font_container=\u00a0\u00bbtag:h1|text_align:center\u00a0\u00bb use_theme_fonts=\u00a0\u00bbyes\u00a0\u00bb css=\u00a0\u00bb.vc_custom_1634899703669{padding-top: 2% !important;}\u00a0\u00bb][vc_separator][vc_row_inner][vc_column_inner][vc_empty_space][\/vc_column_inner][\/vc_row_inner][vc_custom_heading text=\u00a0\u00bbContexte de l&rsquo;entreprise :\u00a0\u00bb font_container=\u00a0\u00bbtag:h2|text_align:left|color:%23e30019&Prime;][vc_column_text css=\u00a0\u00bb.vc_custom_1634900818679{padding-left: 6% !important;}\u00a0\u00bb]<span style=\"color: #999999;\">Espamob\u2019 est un organisme <strong>partenaire<\/strong> des mobilit\u00e9s europ\u00e9ennes <strong>Erasmus +<\/strong>. Nous recevons et coordonnons des projets Erasmus + de tous pays europ\u00e9ens pour leur assurer une <strong>expertise<\/strong> et une <strong>mobilit\u00e9 r\u00e9ussie<\/strong>.<\/span><\/p>\n<p><span style=\"color: #999999;\">Au sein de notre agence, tu devras mettre toutes tes comp\u00e9tences \u00e0 l\u2019\u0153uvre afin de d\u00e9velopper au mieux la <strong>visibilit\u00e9<\/strong>, la <strong>notori\u00e9t\u00e9<\/strong> et le <strong>professionnalisme<\/strong> d\u2019Espamob\u2019. Nos bureaux sont situ\u00e9s dans le quartier technologique de Barcelone, \u00e0 200 m\u00e8tres de la mer. Nous serons ravis de t\u2019accueillir au sein de notre<strong> \u00e9quipe multinationale<\/strong> si tu r\u00e9ponds \u00e0 tous nos crit\u00e8res de recherche !<\/span><\/p>\n<p><span style=\"color: #999999;\">Pour ce poste, diff\u00e9rents types de missions te seront confi\u00e9es :<\/span>[\/vc_column_text][vc_custom_heading text=\u00a0\u00bbMission du stage\u00a0\u00bb font_container=\u00a0\u00bbtag:h2|text_align:left|color:%23e30019&Prime;][vc_row_inner][vc_column_inner][vc_custom_heading text=\u00a0\u00bbLa recherche de nouvelles collaborations :\u00a0\u00bb font_container=\u00a0\u00bbtag:h3|text_align:left\u00a0\u00bb css=\u00a0\u00bb.vc_custom_1634901253136{padding-left: 6% !important;}\u00a0\u00bb][vc_column_text css=\u00a0\u00bb.vc_custom_1634901267992{padding-left: 8% !important;}\u00a0\u00bb]<span style=\"color: #999999;\">Ta mission principale sera la recherche de nouvelles collaborations avec des entreprises afin d\u2019\u00e9largir les contacts d\u2019Espamob et ainsi d\u00e9velopper les secteurs d\u2019activit\u00e9s propos\u00e9s aux \u00e9tudiants et aux \u00e9tablissements. Les missions concernant la recherche de nouvelles collaborations seront vari\u00e9es : <\/span><\/p>\n<ul>\n<li style=\"list-style-type: none;\">\n<ul>\n<li><span style=\"color: #999999;\"><strong>Recherche<\/strong> d\u2019entreprises potentielles<\/span><\/li>\n<li><span style=\"color: #999999;\"><strong>Prospection<\/strong> intelligente<\/span><\/li>\n<li><span style=\"color: #999999;\">\u00c9tablir des <strong>collaborations strat\u00e9giques<\/strong> avec diff\u00e9rents secteurs (entreprises, associations\u2026)<\/span><\/li>\n<li><span style=\"color: #999999;\"><strong>D\u00e9marcher<\/strong> les <strong>entreprises<\/strong> par diff\u00e9rents biais : mail, t\u00e9l\u00e9phone \u2026<\/span><\/li>\n<li><span style=\"color: #999999;\"><strong>Visites<\/strong> en entreprises<\/span><\/li>\n<li><span style=\"color: #999999;\">Pr\u00e9sentation de nos <strong>services et projets<\/strong><\/span><\/li>\n<li><span style=\"color: #999999;\">Mise en place de <strong>collaborations<\/strong> avec les entreprises partenaires <\/span><\/li>\n<li><span style=\"color: #999999;\"><strong>Optimisation<\/strong> de la relation client<\/span><\/li>\n<\/ul>\n<\/li>\n<\/ul>\n<p><span style=\"color: #999999;\">Avec notre \u00e9quipe multiculturelle, tu apprendras \u00e0 cr\u00e9er de r\u00e9elles relations commerciales avec nos entreprises partenaires, afin d\u2019atteindre les objectifs en interne. Ton implication sera primordiale pour la r\u00e9alisation de futurs projets.<\/span>[\/vc_column_text][vc_custom_heading text=\u00a0\u00bbLa logistique :\u00a0\u00bb font_container=\u00a0\u00bbtag:h3|text_align:left\u00a0\u00bb css=\u00a0\u00bb.vc_custom_1634901303015{padding-left: 6% !important;}\u00a0\u00bb][vc_column_text css=\u00a0\u00bb.vc_custom_1634901296732{padding-left: 8% !important;}\u00a0\u00bb]<span style=\"color: #999999;\">L\u2019organisation de projets de mobilit\u00e9s avec des \u00e9tablissements et entreprises partenaires est une t\u00e2che qui demande \u00e9norm\u00e9ment de logistique et d\u2019organisation. Les t\u00e2ches concernant la logistique en interne seront vari\u00e9es :<\/span><\/p>\n<ul>\n<li><span style=\"color: #999999;\">D\u00e9finir les <strong>objectifs internes<\/strong> mais \u00e9galement les objectifs des projets et partenaires<\/span><\/li>\n<li><span style=\"color: #999999;\"><strong>Organisation<\/strong> des plannings de mobilit\u00e9s<\/span><\/li>\n<li><span style=\"color: #999999;\"><strong>Respect<\/strong> des deadlines impos\u00e9s <\/span><\/li>\n<li><span style=\"color: #999999;\"><strong>R\u00e9unions<\/strong> r\u00e9currentes avec l\u2019\u00e9quipe afin de s\u2019assurer du bon d\u00e9roulement des projets<\/span><\/li>\n<\/ul>\n<p>[\/vc_column_text][vc_custom_heading text=\u00a0\u00bbLe suivi de projet :\u00a0\u00bb font_container=\u00a0\u00bbtag:h3|text_align:left\u00a0\u00bb css=\u00a0\u00bb.vc_custom_1634901334148{padding-left: 6% !important;}\u00a0\u00bb][vc_column_text css=\u00a0\u00bb.vc_custom_1634901327677{padding-left: 8% !important;}\u00a0\u00bb]<span style=\"color: #999999;\">Espamob\u2019 a pour objectif de satisfaire au mieux ses partenaires gr\u00e2ce \u00e0 une expertise et des prestations de qualit\u00e9. Afin de d\u00e9montrer ce professionnalisme, le suivi de projet est un atout majeur. Les missions qui te seront confi\u00e9es pour le suivi de projet sont vari\u00e9es : <\/span><\/p>\n<ul>\n<li><span style=\"color: #999999;\"><strong>Accueil<\/strong> des groupes <\/span><\/li>\n<li><span style=\"color: #999999;\"><strong>Visites<\/strong> aupr\u00e8s des entreprises <\/span><\/li>\n<li><span style=\"color: #999999;\">Participation aux <strong>\u00e9valuations <\/strong><\/span><\/li>\n<li><span style=\"color: #999999;\"><strong>Contact constant<\/strong> avec les entreprises <\/span><\/li>\n<li><span style=\"color: #999999;\">S\u2019assurer du <strong>bon<\/strong> <strong>d\u00e9roulement<\/strong> des exp\u00e9riences professionnelles avec les participants<\/span><\/li>\n<\/ul>\n<p>[\/vc_column_text][\/vc_column_inner][\/vc_row_inner][vc_custom_heading text=\u00a0\u00bbProfil recherch\u00e9\u00a0\u00bb font_container=\u00a0\u00bbtag:h2|text_align:left|color:%23e30019&Prime;][vc_column_text css=\u00a0\u00bb.vc_custom_1634901419487{padding-left: 6% !important;}\u00a0\u00bb]<span style=\"color: #999999;\">Pour ce poste, nous recherchons un \u00e9tudiant en master ou r\u00e9cemment dipl\u00f4m\u00e9 <strong>d\u2019\u00e9cole de Commerce ou Vente<\/strong>. Une <strong>exp\u00e9rience<\/strong> commerciale ant\u00e9rieure est <strong>requise<\/strong> pour postuler \u00e0 cette offre. Motiv\u00e9(e), polyvalent(e) et autonome, nous sommes \u00e0 la recherche de la<strong> perle rare<\/strong>.<\/span><\/p>\n<p><span style=\"color: #999999;\">Plusieurs types de comp\u00e9tences seront requises :<\/span>[\/vc_column_text][vc_row_inner][vc_column_inner][vc_custom_heading text=\u00a0\u00bbComp\u00e9tences techniques :\u00a0\u00bb font_container=\u00a0\u00bbtag:h3|text_align:left\u00a0\u00bb css=\u00a0\u00bb.vc_custom_1634901468956{padding-left: 6% !important;}\u00a0\u00bb][vc_column_text css=\u00a0\u00bb.vc_custom_1634901450065{padding-left: 8% !important;}\u00a0\u00bb]<\/p>\n<ul>\n<li><span style=\"color: #999999;\">Pack Office<\/span><\/li>\n<li><span style=\"color: #999999;\">Espagnol niveau C1, Anglais niveau B2 <\/span><\/li>\n<li><span style=\"color: #999999;\">Le fran\u00e7ais et le catalan sont un plus<\/span><\/li>\n<\/ul>\n<p>[\/vc_column_text][vc_custom_heading text=\u00a0\u00bbComp\u00e9tences fonctionnelles :\u00a0\u00bb font_container=\u00a0\u00bbtag:h3|text_align:left\u00a0\u00bb css=\u00a0\u00bb.vc_custom_1634901484723{padding-left: 6% !important;}\u00a0\u00bb][vc_column_text css=\u00a0\u00bb.vc_custom_1634901440681{padding-left: 8% !important;}\u00a0\u00bb]<\/p>\n<ul>\n<li><span style=\"color: #999999;\">Grand sens de l\u2019organisation et de la n\u00e9gociation <\/span><\/li>\n<li><span style=\"color: #999999;\">Esprit commercial<\/span><\/li>\n<li><span style=\"color: #999999;\">Vision strat\u00e9gique<\/span><\/li>\n<li><span style=\"color: #999999;\">Optimisation du temps<\/span><\/li>\n<li><span style=\"color: #999999;\">Grande autonomie<\/span><\/li>\n<\/ul>\n<p>[\/vc_column_text][\/vc_column_inner][\/vc_row_inner][vc_row_inner][vc_column_inner width=\u00a0\u00bb1\/3&Prime;][\/vc_column_inner][vc_column_inner width=\u00a0\u00bb1\/3&Prime;]\n<div class=\"wpcf7 no-js\" id=\"wpcf7-f11200-o1\" lang=\"en-US\" dir=\"ltr\" data-wpcf7-id=\"11200\">\n<div class=\"screen-reader-response\"><p role=\"status\" aria-live=\"polite\" aria-atomic=\"true\"><\/p> <ul><\/ul><\/div>\n<form action=\"\/fr\/wp-json\/wp\/v2\/pages\/11428#wpcf7-f11200-o1\" method=\"post\" class=\"wpcf7-form init\" aria-label=\"Contact form\" enctype=\"multipart\/form-data\" novalidate=\"novalidate\" data-status=\"init\">\n<fieldset class=\"hidden-fields-container\"><input type=\"hidden\" name=\"_wpcf7\" value=\"11200\" \/><input type=\"hidden\" name=\"_wpcf7_version\" value=\"6.1.5\" \/><input type=\"hidden\" name=\"_wpcf7_locale\" value=\"en_US\" \/><input type=\"hidden\" name=\"_wpcf7_unit_tag\" value=\"wpcf7-f11200-o1\" \/><input type=\"hidden\" name=\"_wpcf7_container_post\" value=\"0\" \/><input type=\"hidden\" name=\"_wpcf7_posted_data_hash\" value=\"\" \/><input type=\"hidden\" name=\"_wpcf7_recaptcha_response\" value=\"\" \/>\n<\/fieldset>\n<label >Votre CV : \n<span class=\"wpcf7-form-control-wrap\" data-name=\"file-863\"><input size=\"40\" class=\"wpcf7-form-control wpcf7-file wpcf7-validates-as-required\" accept=\".pdf\" aria-required=\"true\" aria-invalid=\"false\" type=\"file\" name=\"file-863\" \/><\/span><label>\n<input class=\"wpcf7-form-control wpcf7-submit has-spinner\" type=\"submit\" value=\"Envoyer\" \/><div class=\"wpcf7-response-output\" aria-hidden=\"true\"><\/div>\n<\/form>\n<\/div>\n[\/vc_column_inner][vc_column_inner width=\u00a0\u00bb1\/3&Prime;][vc_btn title=\u00a0\u00bbT\u00e9l\u00e9charger l&rsquo;offre en pdf\u00a0\u00bb size=\u00a0\u00bblg\u00a0\u00bb align=\u00a0\u00bbcenter\u00a0\u00bb link=\u00a0\u00bburl:https%3A%2F%2Fespamob.com%2Fwp-content%2Fuploads%2F2021%2F10%2FOFFRE-RELATION-ENTREPRISES-ERASMUS.pdf|||\u00a0\u00bb][\/vc_column_inner][\/vc_row_inner][\/vc_column][\/vc_row]<\/p>\n<\/div>","protected":false},"excerpt":{"rendered":"<p>[vc_row][vc_column][vc_custom_heading text=\u00a0\u00bbERASMUS + COMPANY RELATIONS OFFER\u00a0\u00bb font_container=\u00a0\u00bbtag:h1|text_align:center\u00a0\u00bb use_theme_fonts=\u00a0\u00bbyes\u00a0\u00bb css=\u00a0\u00bb.vc_custom_1634899703669{padding-top: 2% !important;}\u00a0\u00bb][vc_separator][vc_row_inner][vc_column_inner][vc_empty_space][\/vc_column_inner][\/vc_row_inner][vc_custom_heading text=\u00a0\u00bbContexte de l&rsquo;entreprise :\u00a0\u00bb font_container=\u00a0\u00bbtag:h2|text_align:left|color:%23e30019&Prime;][vc_column_text css=\u00a0\u00bb.vc_custom_1634900818679{padding-left: 6% !important;}\u00a0\u00bb]Espamob\u2019 est un organisme partenaire des mobilit\u00e9s europ\u00e9ennes Erasmus +. Nous recevons et coordonnons des projets Erasmus + de tous pays europ\u00e9ens pour leur assurer une expertise et une mobilit\u00e9 r\u00e9ussie. Au sein de notre agence, tu<\/p>\n","protected":false},"author":2,"featured_media":0,"parent":0,"menu_order":0,"comment_status":"closed","ping_status":"closed","template":"","meta":{"footnotes":""},"class_list":["post-11428","page","type-page","status-publish","hentry"],"_links":{"self":[{"href":"https:\/\/espamob.com\/fr\/wp-json\/wp\/v2\/pages\/11428","targetHints":{"allow":["GET"]}}],"collection":[{"href":"https:\/\/espamob.com\/fr\/wp-json\/wp\/v2\/pages"}],"about":[{"href":"https:\/\/espamob.com\/fr\/wp-json\/wp\/v2\/types\/page"}],"author":[{"embeddable":true,"href":"https:\/\/espamob.com\/fr\/wp-json\/wp\/v2\/users\/2"}],"replies":[{"embeddable":true,"href":"https:\/\/espamob.com\/fr\/wp-json\/wp\/v2\/comments?post=11428"}],"version-history":[{"count":0,"href":"https:\/\/espamob.com\/fr\/wp-json\/wp\/v2\/pages\/11428\/revisions"}],"wp:attachment":[{"href":"https:\/\/espamob.com\/fr\/wp-json\/wp\/v2\/media?parent=11428"}],"curies":[{"name":"wp","href":"https:\/\/api.w.org\/{rel}","templated":true}]}}