{"id":11401,"date":"2021-10-21T15:46:17","date_gmt":"2021-10-21T15:46:17","guid":{"rendered":"https:\/\/www.espamob.com\/offre-european-projet-manager-erasmus\/"},"modified":"2023-06-16T05:58:12","modified_gmt":"2023-06-16T05:58:12","slug":"offre-european-projet-manager-erasmus","status":"publish","type":"page","link":"https:\/\/espamob.com\/fr\/offre-european-projet-manager-erasmus\/","title":{"rendered":"OFFRE EUROPEAN PROJET MANAGER ERASMUS"},"content":{"rendered":"<div class=\"wpb-content-wrapper\"><p>[vc_row][vc_column][vc_custom_heading text=\u00a0\u00bbEuropean project manager Erasmus + mobility\u00a0\u00bb font_container=\u00a0\u00bbtag:h1|text_align:center\u00a0\u00bb use_theme_fonts=\u00a0\u00bbyes\u00a0\u00bb css=\u00a0\u00bb.vc_custom_1634887257151{padding-top: 2% !important;}\u00a0\u00bb][vc_separator][vc_video link=\u00a0\u00bbhttps:\/\/www.youtube.com\/watch?v=nnLvkDAqiQ4&amp;ab_channel=Espamob%27-EuropeanMobilityProgram\u00a0\u00bb el_width=\u00a0\u00bb70&Prime; align=\u00a0\u00bbcenter\u00a0\u00bb][vc_row_inner][vc_column_inner][vc_empty_space][\/vc_column_inner][\/vc_row_inner][vc_custom_heading text=\u00a0\u00bbContexte de l&rsquo;entreprise\u00a0\u00bb font_container=\u00a0\u00bbtag:h2|text_align:left|color:%23e30019&Prime;][vc_column_text css=\u00a0\u00bb.vc_custom_1634888648280{padding-left: 6% !important;}\u00a0\u00bb]<span style=\"color: #999999;\" data-darkreader-inline-color=\"\">Espamob\u2019 est un organisme <strong>partenaire<\/strong> des mobilit\u00e9s europ\u00e9ennes <strong>Erasmus +<\/strong>. Nous recevons et coordonnons des projets Erasmus + de tous pays europ\u00e9ens pour leur assurer une <strong>expertise<\/strong> et une <strong>mobilit\u00e9 r\u00e9ussie<\/strong>.<\/span><\/p>\n<p><span style=\"color: #999999;\" data-darkreader-inline-color=\"\">Au sein de notre agence, tu devras mettre toutes tes comp\u00e9tences \u00e0 l\u2019\u0153uvre afin de d\u00e9velopper au mieux la <strong>visibilit\u00e9<\/strong>, la <strong>notori\u00e9t\u00e9<\/strong> et le <strong>professionnalisme<\/strong> d\u2019Espamob\u2019. Nos bureaux sont situ\u00e9s dans le quartier technologique de Barcelone, \u00e0 200 m\u00e8tres de la mer. Nous serons ravis de t\u2019accueillir au sein de notre <strong>\u00e9quipe multinationale<\/strong> si tu r\u00e9ponds \u00e0 tous nos crit\u00e8res de recherche ! <\/span><\/p>\n<p><span style=\"color: #999999;\" data-darkreader-inline-color=\"\">Pour ce poste, diff\u00e9rents types de missions te seront confi\u00e9es :<\/span>[\/vc_column_text][vc_custom_heading text=\u00a0\u00bbMission du stage\u00a0\u00bb font_container=\u00a0\u00bbtag:h2|text_align:left|color:%23e30019&Prime;][vc_row_inner][vc_column_inner][vc_custom_heading text=\u00a0\u00bbMission de prospection et n\u00e9gociation commerciale :\u00a0\u00bb font_container=\u00a0\u00bbtag:h3|text_align:left\u00a0\u00bb css=\u00a0\u00bb.vc_custom_1634888678633{padding-left: 6% !important;}\u00a0\u00bb][vc_column_text css=\u00a0\u00bb.vc_custom_1634888893915{padding-left: 8% !important;}\u00a0\u00bb]<span style=\"color: #999999;\" data-darkreader-inline-color=\"\">Ton r\u00f4le principal sera la mise en place de nouvelles collaborations avec des \u00e9tablissements scolaires Fran\u00e7ais et \u00e9trangers en qu\u00eate de mobilit\u00e9s europ\u00e9ennes (Erasmus +) et ainsi mettre en place et organiser leurs projets. Les missions qui te seront confi\u00e9es concernant la prospection et n\u00e9gociation commerciale seront vari\u00e9es :<\/span><\/p>\n<ul>\n<li style=\"list-style-type: none;\">\n<ul>\n<li><span style=\"color: #999999;\" data-darkreader-inline-color=\"\">Identification des <strong>\u00e9tablissements potentiels<\/strong><\/span><\/li>\n<li><span style=\"color: #999999;\" data-darkreader-inline-color=\"\"><strong>Prospection<\/strong> intelligente<\/span><\/li>\n<li><span style=\"color: #999999;\" data-darkreader-inline-color=\"\">Pr\u00e9sentation de nos <strong>services<\/strong> et <strong>n\u00e9gociation commerciale<\/strong><\/span><\/li>\n<li><span style=\"color: #999999;\" data-darkreader-inline-color=\"\">R\u00e9daction des <strong>devis<\/strong> et <strong>contrats commerciaux<\/strong><\/span><\/li>\n<li><span style=\"color: #999999;\" data-darkreader-inline-color=\"\"><strong>D\u00e9veloppement<\/strong> et <strong>optimisation<\/strong> de la relation clients<\/span><\/li>\n<\/ul>\n<\/li>\n<\/ul>\n<p><span style=\"color: #999999;\" data-darkreader-inline-color=\"\">Avec notre \u00e9quipe multiculturelle, tu apprendras \u00e0 cr\u00e9er de r\u00e9elles relations commerciales durables avec nos \u00e9coles afin d\u2019atteindre les objectifs en interne. Ton implication sera fondamentale pour la r\u00e9alisation de futurs projets.<\/span>[\/vc_column_text][vc_custom_heading text=\u00a0\u00bbMission de coordination et planification des projets :\u00a0\u00bb font_container=\u00a0\u00bbtag:h3|text_align:left\u00a0\u00bb css=\u00a0\u00bb.vc_custom_1634888690586{padding-left: 6% !important;}\u00a0\u00bb][vc_column_text css=\u00a0\u00bb.vc_custom_1634889050739{padding-left: 8% !important;}\u00a0\u00bb]<span style=\"color: #999999;\" data-darkreader-inline-color=\"\">Espamob\u2019 a pour objectif de satisfaire ses \u00e9coles partenaires gr\u00e2ce \u00e0 une expertise, des prestations de qualit\u00e9 et un professionnalisme assur\u00e9. Plusieurs missions te seront alors confi\u00e9es dans la mise en place de l\u2019arriv\u00e9e des groupes : \/span&gt;<\/span><\/p>\n<ul>\n<li><span style=\"color: #999999;\" data-darkreader-inline-color=\"\"><strong>Coordination<\/strong> avec notre d\u00e9partement relation entreprise pour la cr\u00e9ation du <strong>Project-placement<\/strong> (gestion et incorporation en stage)<\/span><\/li>\n<li><span style=\"color: #999999;\" data-darkreader-inline-color=\"\"><strong>\u00c9laboration<\/strong> de la <strong>mobilit\u00e9<\/strong> en contact permanent avec les \u00e9coles pour r\u00e9pondre aux mieux \u00e0 leurs besoins (prestations : h\u00e9bergements, cours de langues, activit\u00e9s culturelles, solutions de transports\u2026)<\/span><\/li>\n<li><span style=\"color: #999999;\" data-darkreader-inline-color=\"\"><strong>Accompagnement<\/strong> <strong>logistique<\/strong> sur place (accueil de groupes, accompagnement le premier jour en stage, gestion administrative, suivi personnalis\u00e9 des groupes)<\/span><\/li>\n<li><span style=\"color: #999999;\" data-darkreader-inline-color=\"\"><strong>Cr\u00e9ation des packs<\/strong> d\u2019accueil avec le d\u00e9partement marketing<\/span><\/li>\n<li><span style=\"color: #999999;\" data-darkreader-inline-color=\"\">Recherche de <strong>nouveaux partenaires<\/strong><\/span><\/li>\n<\/ul>\n<p>[\/vc_column_text][\/vc_column_inner][\/vc_row_inner][vc_custom_heading text=\u00a0\u00bbProfil recherch\u00e9 :\u00a0\u00bb font_container=\u00a0\u00bbtag:h2|text_align:left|color:%23e30019&Prime;][vc_column_text css=\u00a0\u00bb.vc_custom_1634889376710{padding-left: 6% !important;}\u00a0\u00bb]<span style=\"color: #999999;\" data-darkreader-inline-color=\"\">Pour ce poste, nous recherchons un \u00e9tudiant en master ou r\u00e9cemment dipl\u00f4m\u00e9 <strong>d\u2019\u00e9cole de Commerce, Marketing Communication<\/strong> ou <strong>Gestion Commerciale<\/strong>. Les <strong>exp\u00e9riences<\/strong> ant\u00e9rieures seront <strong>valoris\u00e9es<\/strong>. Motiv\u00e9(e), polyvalent(e) et autonome, nous sommes \u00e0 la recherche de la <strong>perle rare<\/strong>. <\/span><\/p>\n<p><span style=\"color: #999999;\" data-darkreader-inline-color=\"\">Plusieurs types de comp\u00e9tences seront requises : <\/span>[\/vc_column_text][vc_row_inner][vc_column_inner][vc_custom_heading text=\u00a0\u00bbComp\u00e9tence techniques :\u00a0\u00bb font_container=\u00a0\u00bbtag:h3|text_align:left\u00a0\u00bb css=\u00a0\u00bb.vc_custom_1634889389938{padding-left: 6% !important;}\u00a0\u00bb][vc_column_text css=\u00a0\u00bb.vc_custom_1634889433146{padding-left: 8% !important;}\u00a0\u00bb]<\/p>\n<ul>\n<li><span style=\"color: #999999;\" data-darkreader-inline-color=\"\">Pack Office<\/span><\/li>\n<li><span style=\"color: #999999;\" data-darkreader-inline-color=\"\">Fran\u00e7ais natif, Espagnol et anglais niveau B2-C1<br \/>\n<\/span><\/li>\n<\/ul>\n<p>[\/vc_column_text][vc_custom_heading text=\u00a0\u00bbComp\u00e9tence fonctionnelles :\u00a0\u00bb font_container=\u00a0\u00bbtag:h3|text_align:left\u00a0\u00bb css=\u00a0\u00bb.vc_custom_1634889444888{padding-left: 6% !important;}\u00a0\u00bb][vc_column_text css=\u00a0\u00bb.vc_custom_1634889501982{padding-left: 8% !important;}\u00a0\u00bb]<\/p>\n<ul>\n<li><span style=\"color: #999999;\" data-darkreader-inline-color=\"\">Grand sens de l\u2019organisation et de la n\u00e9gociation <\/span><\/li>\n<li><span style=\"color: #999999;\" data-darkreader-inline-color=\"\">Esprit d\u2019\u00e9quipe<\/span><\/li>\n<li><span style=\"color: #999999;\" data-darkreader-inline-color=\"\">Proactif<\/span><\/li>\n<li><span style=\"color: #999999;\" data-darkreader-inline-color=\"\">Motiv\u00e9(e), dynamique<\/span><\/li>\n<li><span style=\"color: #999999;\" data-darkreader-inline-color=\"\">Sympathique et souriant(e)<\/span><\/li>\n<\/ul>\n<p>[\/vc_column_text][\/vc_column_inner][\/vc_row_inner][vc_row_inner][vc_column_inner width=\u00a0\u00bb1\/3&Prime;][\/vc_column_inner][vc_column_inner width=\u00a0\u00bb1\/3&Prime;]\n<div class=\"wpcf7 no-js\" id=\"wpcf7-f11201-o1\" lang=\"en-US\" dir=\"ltr\" data-wpcf7-id=\"11201\">\n<div class=\"screen-reader-response\"><p role=\"status\" aria-live=\"polite\" aria-atomic=\"true\"><\/p> <ul><\/ul><\/div>\n<form action=\"\/fr\/wp-json\/wp\/v2\/pages\/11401#wpcf7-f11201-o1\" method=\"post\" class=\"wpcf7-form init\" aria-label=\"Contact form\" enctype=\"multipart\/form-data\" novalidate=\"novalidate\" data-status=\"init\">\n<fieldset class=\"hidden-fields-container\"><input type=\"hidden\" name=\"_wpcf7\" value=\"11201\" \/><input type=\"hidden\" name=\"_wpcf7_version\" value=\"6.1.5\" \/><input type=\"hidden\" name=\"_wpcf7_locale\" value=\"en_US\" \/><input type=\"hidden\" name=\"_wpcf7_unit_tag\" value=\"wpcf7-f11201-o1\" \/><input type=\"hidden\" name=\"_wpcf7_container_post\" value=\"0\" \/><input type=\"hidden\" name=\"_wpcf7_posted_data_hash\" value=\"\" \/><input type=\"hidden\" name=\"_wpcf7_recaptcha_response\" value=\"\" \/>\n<\/fieldset>\n<label >Votre CV : \n<span class=\"wpcf7-form-control-wrap\" data-name=\"file-863\"><input size=\"40\" class=\"wpcf7-form-control wpcf7-file wpcf7-validates-as-required\" accept=\".pdf\" aria-required=\"true\" aria-invalid=\"false\" type=\"file\" name=\"file-863\" \/><\/span><label>\n<input class=\"wpcf7-form-control wpcf7-submit has-spinner\" type=\"submit\" value=\"Envoyer\" \/><div class=\"wpcf7-response-output\" aria-hidden=\"true\"><\/div>\n<\/form>\n<\/div>\n[\/vc_column_inner][vc_column_inner width=\u00a0\u00bb1\/3&Prime;][vc_btn title=\u00a0\u00bbT\u00e9l\u00e9charger l&rsquo;offre en pdf\u00a0\u00bb size=\u00a0\u00bblg\u00a0\u00bb align=\u00a0\u00bbcenter\u00a0\u00bb link=\u00a0\u00bburl:https%3A%2F%2Fespamob.com%2Fwp-content%2Fuploads%2F2021%2F10%2FOFFRE-EUROPEAN-PROJET-MANAGER-ERASMUS.pdf|||\u00a0\u00bb][\/vc_column_inner][\/vc_row_inner][\/vc_column][\/vc_row]<\/p>\n<\/div>","protected":false},"excerpt":{"rendered":"<p>[vc_row][vc_column][vc_custom_heading text=\u00a0\u00bbEuropean project manager Erasmus + mobility\u00a0\u00bb font_container=\u00a0\u00bbtag:h1|text_align:center\u00a0\u00bb use_theme_fonts=\u00a0\u00bbyes\u00a0\u00bb css=\u00a0\u00bb.vc_custom_1634887257151{padding-top: 2% !important;}\u00a0\u00bb][vc_separator][vc_video link=\u00a0\u00bbhttps:\/\/www.youtube.com\/watch?v=nnLvkDAqiQ4&amp;ab_channel=Espamob%27-EuropeanMobilityProgram\u00a0\u00bb el_width=\u00a0\u00bb70&Prime; align=\u00a0\u00bbcenter\u00a0\u00bb][vc_row_inner][vc_column_inner][vc_empty_space][\/vc_column_inner][\/vc_row_inner][vc_custom_heading text=\u00a0\u00bbContexte de l&rsquo;entreprise\u00a0\u00bb font_container=\u00a0\u00bbtag:h2|text_align:left|color:%23e30019&Prime;][vc_column_text css=\u00a0\u00bb.vc_custom_1634888648280{padding-left: 6% !important;}\u00a0\u00bb]Espamob\u2019 est un organisme partenaire des mobilit\u00e9s europ\u00e9ennes Erasmus +. Nous recevons et coordonnons des projets Erasmus + de tous pays europ\u00e9ens pour leur assurer une expertise et une mobilit\u00e9 r\u00e9ussie. Au sein de<\/p>\n","protected":false},"author":2,"featured_media":0,"parent":0,"menu_order":0,"comment_status":"closed","ping_status":"closed","template":"","meta":{"footnotes":""},"class_list":["post-11401","page","type-page","status-publish","hentry"],"_links":{"self":[{"href":"https:\/\/espamob.com\/fr\/wp-json\/wp\/v2\/pages\/11401","targetHints":{"allow":["GET"]}}],"collection":[{"href":"https:\/\/espamob.com\/fr\/wp-json\/wp\/v2\/pages"}],"about":[{"href":"https:\/\/espamob.com\/fr\/wp-json\/wp\/v2\/types\/page"}],"author":[{"embeddable":true,"href":"https:\/\/espamob.com\/fr\/wp-json\/wp\/v2\/users\/2"}],"replies":[{"embeddable":true,"href":"https:\/\/espamob.com\/fr\/wp-json\/wp\/v2\/comments?post=11401"}],"version-history":[{"count":0,"href":"https:\/\/espamob.com\/fr\/wp-json\/wp\/v2\/pages\/11401\/revisions"}],"wp:attachment":[{"href":"https:\/\/espamob.com\/fr\/wp-json\/wp\/v2\/media?parent=11401"}],"curies":[{"name":"wp","href":"https:\/\/api.w.org\/{rel}","templated":true}]}}