{"id":11363,"date":"2021-10-21T12:03:24","date_gmt":"2021-10-21T12:03:24","guid":{"rendered":"https:\/\/www.espamob.com\/offres-de-stage-mkt-et-communication-espamob\/"},"modified":"2023-06-16T05:58:10","modified_gmt":"2023-06-16T05:58:10","slug":"offres-de-stage-mkt-et-communication-espamob","status":"publish","type":"page","link":"https:\/\/espamob.com\/fr\/offres-de-stage-mkt-et-communication-espamob\/","title":{"rendered":"OFFRES DE STAGE MKT ET COMMUNICATION ESPAMOB"},"content":{"rendered":"<div class=\"wpb-content-wrapper\"><p>[vc_row][vc_column][vc_custom_heading text=\u00a0\u00bbOffre de stage marketing digital\/communication et coordination de projet\u00a0\u00bb font_container=\u00a0\u00bbtag:h1|text_align:center\u00a0\u00bb use_theme_fonts=\u00a0\u00bbyes\u00a0\u00bb css=\u00a0\u00bb.vc_custom_1634823852174{padding-top: 2% !important;}\u00a0\u00bb][vc_separator][vc_video link=\u00a0\u00bbhttps:\/\/www.youtube.com\/watch?v=nnLvkDAqiQ4&amp;ab_channel=Espamob%27-EuropeanMobilityProgram\u00a0\u00bb el_width=\u00a0\u00bb60&Prime; align=\u00a0\u00bbcenter\u00a0\u00bb][vc_row_inner][vc_column_inner][vc_empty_space][\/vc_column_inner][\/vc_row_inner][vc_custom_heading text=\u00a0\u00bbContexte de l&rsquo;entreprise\u00a0\u00bb font_container=\u00a0\u00bbtag:h2|text_align:left|color:%23e30019&Prime; use_theme_fonts=\u00a0\u00bbyes\u00a0\u00bb][vc_column_text css=\u00a0\u00bb.vc_custom_1634823978153{padding-left: 6% !important;}\u00a0\u00bb]<span style=\"color: #999999;\" data-darkreader-inline-color=\"\">Espamob\u2019 est un organisme <strong>partenaire<\/strong> des mobilit\u00e9s europ\u00e9ennes <strong>Erasmus +<\/strong>. Nous recevons et coordonnons des projets Erasmus + de tous pays europ\u00e9ens pour leur assurer une <strong>expertise<\/strong> et une <strong>mobilit\u00e9 r\u00e9ussie<\/strong> en Espagne.<\/span><\/p>\n<p><span style=\"color: #999999;\" data-darkreader-inline-color=\"\">Au sein de notre entreprise, tu devras mettre toutes tes comp\u00e9tences \u00e0 l\u2019\u0153uvre afin de d\u00e9velopper au mieux la <strong>visibilit\u00e9<\/strong> et la <strong>notori\u00e9t\u00e9<\/strong> d\u2019Espamob\u2019. Nos bureaux situ\u00e9s dans le quartier technologiques de Barcelone situ\u00e9s \u00e0 200 m\u00e8tres de la mer, nous serons ravis de t\u2019accueillir au sein de notre <strong>\u00e9quipe multinationale<\/strong> si tu r\u00e9ponds \u00e0 tous nos crit\u00e8res de recherche !<\/span><\/p>\n<p><span style=\"color: #999999;\" data-darkreader-inline-color=\"\">Dans l\u2019environnement de la communication et du marketing de l\u2019entreprise, diff\u00e9rents types de missions te seront confi\u00e9s :<\/span>[\/vc_column_text][vc_custom_heading text=\u00a0\u00bbMission du stage\u00a0\u00bb font_container=\u00a0\u00bbtag:h2|text_align:left|color:%23e30019&Prime; use_theme_fonts=\u00a0\u00bbyes\u00a0\u00bb][vc_row_inner][vc_column_inner][vc_custom_heading text=\u00a0\u00bbMarketing digital :\u00a0\u00bb font_container=\u00a0\u00bbtag:h3|text_align:left|color:%23000000&Prime; use_theme_fonts=\u00a0\u00bbyes\u00a0\u00bb css=\u00a0\u00bb.vc_custom_1681334264447{padding-left: 6% !important;}\u00a0\u00bb][vc_column_text css=\u00a0\u00bb.vc_custom_1634824212336{padding-left: 8% !important;}\u00a0\u00bb]<span style=\"color: #999999;\" data-darkreader-inline-color=\"\">Le marketing digital au sein d\u2019Espamob\u2019 comprend plusieurs types de t\u00e2ches. Des r\u00e9seaux sociaux au montage vid\u00e9o en passant par des campagnes de mailing, les missions qui te seront confi\u00e9es seront vari\u00e9es : <\/span><\/p>\n<ul>\n<li><span style=\"color: #999999;\" data-darkreader-inline-color=\"\"><strong>Gestion et d\u00e9veloppement<\/strong> des r\u00e9seaux sociaux<\/span><\/li>\n<li><span style=\"color: #999999;\" data-darkreader-inline-color=\"\">Conception d\u2019un calendrier de publications<\/span><\/li>\n<li><span style=\"color: #999999;\" data-darkreader-inline-color=\"\"><strong>Animation<\/strong> des communaut\u00e9s <\/span><\/li>\n<li><span style=\"color: #999999;\" data-darkreader-inline-color=\"\"><strong>Communication externe<\/strong> \u00e0 travers des mailings<\/span><span style=\"color: #999999;\" data-darkreader-inline-color=\"\">(planification, r\u00e9daction, conception,gestion data base, analyse des r\u00e9sultats et fid\u00e9lisation)<\/span><\/li>\n<li><span style=\"color: #999999;\" data-darkreader-inline-color=\"\"><strong>Cr\u00e9ation et \u00e9ditions<\/strong> de vid\u00e9os YouTube<\/span><\/li>\n<li><span style=\"color: #999999;\" data-darkreader-inline-color=\"\"><strong>Production<\/strong> de contenus web <\/span><\/li>\n<li><span style=\"color: #999999;\" data-darkreader-inline-color=\"\"><strong>Gestion<\/strong> des articles WordPress<\/span><\/li>\n<li><span style=\"color: #999999;\" data-darkreader-inline-color=\"\"><strong>Optimisation<\/strong> du SEO <\/span><\/li>\n<\/ul>\n<p>[\/vc_column_text][vc_custom_heading text=\u00a0\u00bbPlanification et coordination de mobilit\u00e9s :\u00a0\u00bb font_container=\u00a0\u00bbtag:h3|text_align:left|color:%23000000&Prime; use_theme_fonts=\u00a0\u00bbyes\u00a0\u00bb css=\u00a0\u00bb.vc_custom_1681334270524{padding-left: 6% !important;}\u00a0\u00bb][vc_column_text css=\u00a0\u00bb.vc_custom_1634824373509{padding-left: 8% !important;}\u00a0\u00bb]<span style=\"color: #999999;\" data-darkreader-inline-color=\"\">L\u2019objectif principal d\u2019Espamob\u2019 est de satisfaire ses clients gr\u00e2ce \u00e0 une expertise en organisation de mobilit\u00e9s. En effectuant ton stage au sein de notre entreprise, plusieurs missions te seront confi\u00e9es pour la planification de mobilit\u00e9s :<\/span><\/p>\n<ul>\n<li><span style=\"color: #999999;\" data-darkreader-inline-color=\"\"><strong>Relation<\/strong> avec diff\u00e9rents fournisseurs<\/span><\/li>\n<li><span style=\"color: #999999;\" data-darkreader-inline-color=\"\"><strong>Prospection<\/strong> intelligente <\/span><\/li>\n<li><span style=\"color: #999999;\" data-darkreader-inline-color=\"\"><strong>Pr\u00e9sentation<\/strong> du service et n\u00e9gociation commerciale<\/span><\/li>\n<li><span style=\"color: #999999;\" data-darkreader-inline-color=\"\"><strong>Accueil<\/strong> de groupes<\/span><\/li>\n<li><span style=\"color: #999999;\" data-darkreader-inline-color=\"\"><strong>Accompagnements<\/strong> des participants en entreprise<\/span><\/li>\n<li><span style=\"color: #999999;\" data-darkreader-inline-color=\"\"><strong>Cr\u00e9ation<\/strong> de packs de bienvenue<\/span><\/li>\n<li><span style=\"color: #999999;\" data-darkreader-inline-color=\"\"><strong>R\u00e9daction<\/strong> de devis et contrats commerciaux <\/span><\/li>\n<\/ul>\n<p>[\/vc_column_text][\/vc_column_inner][\/vc_row_inner][vc_custom_heading text=\u00a0\u00bbProfil recherch\u00e9 :\u00a0\u00bb font_container=\u00a0\u00bbtag:h2|text_align:left|color:%23e30019&Prime; use_theme_fonts=\u00a0\u00bbyes\u00a0\u00bb][vc_column_text css=\u00a0\u00bb.vc_custom_1634824470893{padding-left: 8% !important;}\u00a0\u00bb]<span style=\"color: #999999;\" data-darkreader-inline-color=\"\">Pour ce stage, nous recherchons un \u00e9tudiant en \u00e9cole de <strong>commerce<\/strong> ou <strong>communication<\/strong> <strong>et marketing digital<\/strong>. Les <strong>exp\u00e9riences<\/strong> ant\u00e9rieures seront <strong>valoris\u00e9es<\/strong>. Motiv\u00e9(e), polyvalent(e) et autonome, nous sommes \u00e0 la recherche de la <strong>perle rare<\/strong>. <\/span><\/p>\n<p><span style=\"color: #999999;\" data-darkreader-inline-color=\"\">Plusieurs types de comp\u00e9tences seront requises :<\/span>[\/vc_column_text][vc_row_inner][vc_column_inner][vc_custom_heading text=\u00a0\u00bbComp\u00e9tences techniques :\u00a0\u00bb font_container=\u00a0\u00bbtag:h3|text_align:left\u00a0\u00bb use_theme_fonts=\u00a0\u00bbyes\u00a0\u00bb css=\u00a0\u00bb.vc_custom_1681334285448{padding-left: 6% !important;}\u00a0\u00bb][vc_column_text css=\u00a0\u00bb.vc_custom_1634824556424{padding-left: 8% !important;}\u00a0\u00bb]<\/p>\n<ul>\n<li><span style=\"color: #999999;\" data-darkreader-inline-color=\"\">WordPress<\/span><\/li>\n<li><span style=\"color: #999999;\" data-darkreader-inline-color=\"\">Suite Adobe, Canva, Mailshimp<\/span><\/li>\n<li><span style=\"color: #999999;\" data-darkreader-inline-color=\"\">Logiciel de montage vid\u00e9o <\/span><\/li>\n<li><span style=\"color: #999999;\" data-darkreader-inline-color=\"\">R\u00e9daction et orthographe parfait<\/span><\/li>\n<li><span style=\"color: #999999;\" data-darkreader-inline-color=\"\">Traduction des articles<\/span><\/li>\n<li><span style=\"color: #999999;\" data-darkreader-inline-color=\"\">Fran\u00e7ais natif, Espagnol et Anglais niveau B2-C1<\/span><\/li>\n<\/ul>\n<p>[\/vc_column_text][vc_custom_heading text=\u00a0\u00bbComp\u00e9tences fonctionnelles :\u00a0\u00bb font_container=\u00a0\u00bbtag:h3|text_align:left\u00a0\u00bb use_theme_fonts=\u00a0\u00bbyes\u00a0\u00bb css=\u00a0\u00bb.vc_custom_1681334297840{padding-left: 6% !important;}\u00a0\u00bb][vc_column_text css=\u00a0\u00bb.vc_custom_1634824595313{padding-left: 8% !important;}\u00a0\u00bb]<\/p>\n<ul>\n<li><span style=\"color: #999999;\" data-darkreader-inline-color=\"\">Motiv\u00e9(e)<\/span><\/li>\n<li><span style=\"color: #999999;\" data-darkreader-inline-color=\"\">Sympathique et souriant(e)<\/span><\/li>\n<li><span style=\"color: #999999;\" data-darkreader-inline-color=\"\">Autonome<\/span><\/li>\n<li><span style=\"color: #999999;\" data-darkreader-inline-color=\"\">Force de proposition<\/span><\/li>\n<\/ul>\n<p>[\/vc_column_text][\/vc_column_inner][\/vc_row_inner][\/vc_column][\/vc_row][vc_row][vc_column width=\u00a0\u00bb1\/3&Prime;][\/vc_column][vc_column width=\u00a0\u00bb1\/3&Prime;]\n<div class=\"wpcf7 no-js\" id=\"wpcf7-f10750-o1\" lang=\"en-US\" dir=\"ltr\" data-wpcf7-id=\"10750\">\n<div class=\"screen-reader-response\"><p role=\"status\" aria-live=\"polite\" aria-atomic=\"true\"><\/p> <ul><\/ul><\/div>\n<form action=\"\/fr\/wp-json\/wp\/v2\/pages\/11363#wpcf7-f10750-o1\" method=\"post\" class=\"wpcf7-form init\" aria-label=\"Contact form\" enctype=\"multipart\/form-data\" novalidate=\"novalidate\" data-status=\"init\">\n<fieldset class=\"hidden-fields-container\"><input type=\"hidden\" name=\"_wpcf7\" value=\"10750\" \/><input type=\"hidden\" name=\"_wpcf7_version\" value=\"6.1.5\" \/><input type=\"hidden\" name=\"_wpcf7_locale\" value=\"en_US\" \/><input type=\"hidden\" name=\"_wpcf7_unit_tag\" value=\"wpcf7-f10750-o1\" \/><input type=\"hidden\" name=\"_wpcf7_container_post\" value=\"0\" \/><input type=\"hidden\" name=\"_wpcf7_posted_data_hash\" value=\"\" \/><input type=\"hidden\" name=\"_wpcf7_recaptcha_response\" value=\"\" \/>\n<\/fieldset>\n<label >Votre CV : \n<span class=\"wpcf7-form-control-wrap\" data-name=\"subircv\"><input size=\"40\" class=\"wpcf7-form-control wpcf7-file wpcf7-validates-as-required\" accept=\".pdf\" aria-required=\"true\" aria-invalid=\"false\" type=\"file\" name=\"subircv\" \/><\/span><label>\n<input class=\"wpcf7-form-control wpcf7-submit has-spinner\" type=\"submit\" value=\"Envoyer\" \/><div class=\"wpcf7-response-output\" aria-hidden=\"true\"><\/div>\n<\/form>\n<\/div>\n[\/vc_column][vc_column width=\u00a0\u00bb1\/3&Prime;][vc_btn title=\u00a0\u00bbT\u00e9l\u00e9charger le pdf\u00a0\u00bb size=\u00a0\u00bblg\u00a0\u00bb align=\u00a0\u00bbcenter\u00a0\u00bb link=\u00a0\u00bburl:https%3A%2F%2Fespamob.com%2Fwp-content%2Fuploads%2F2023%2F04%2FOFFRES-DE-STAGE-MKT-ET-COMMUNICATION-ESPAMOB-1-3.docx-1.pdf\u00a0\u00bb][\/vc_column][\/vc_row]<\/p>\n<\/div>","protected":false},"excerpt":{"rendered":"<p>[vc_row][vc_column][vc_custom_heading text=\u00a0\u00bbOffre de stage marketing digital\/communication et coordination de projet\u00a0\u00bb font_container=\u00a0\u00bbtag:h1|text_align:center\u00a0\u00bb use_theme_fonts=\u00a0\u00bbyes\u00a0\u00bb css=\u00a0\u00bb.vc_custom_1634823852174{padding-top: 2% !important;}\u00a0\u00bb][vc_separator][vc_video link=\u00a0\u00bbhttps:\/\/www.youtube.com\/watch?v=nnLvkDAqiQ4&amp;ab_channel=Espamob%27-EuropeanMobilityProgram\u00a0\u00bb el_width=\u00a0\u00bb60&Prime; align=\u00a0\u00bbcenter\u00a0\u00bb][vc_row_inner][vc_column_inner][vc_empty_space][\/vc_column_inner][\/vc_row_inner][vc_custom_heading text=\u00a0\u00bbContexte de l&rsquo;entreprise\u00a0\u00bb font_container=\u00a0\u00bbtag:h2|text_align:left|color:%23e30019&Prime; use_theme_fonts=\u00a0\u00bbyes\u00a0\u00bb][vc_column_text css=\u00a0\u00bb.vc_custom_1634823978153{padding-left: 6% !important;}\u00a0\u00bb]Espamob\u2019 est un organisme partenaire des mobilit\u00e9s europ\u00e9ennes Erasmus +. Nous recevons et coordonnons des projets Erasmus + de tous pays europ\u00e9ens pour leur assurer une expertise et une mobilit\u00e9<\/p>\n","protected":false},"author":2,"featured_media":0,"parent":0,"menu_order":0,"comment_status":"closed","ping_status":"closed","template":"","meta":{"footnotes":""},"class_list":["post-11363","page","type-page","status-publish","hentry"],"_links":{"self":[{"href":"https:\/\/espamob.com\/fr\/wp-json\/wp\/v2\/pages\/11363","targetHints":{"allow":["GET"]}}],"collection":[{"href":"https:\/\/espamob.com\/fr\/wp-json\/wp\/v2\/pages"}],"about":[{"href":"https:\/\/espamob.com\/fr\/wp-json\/wp\/v2\/types\/page"}],"author":[{"embeddable":true,"href":"https:\/\/espamob.com\/fr\/wp-json\/wp\/v2\/users\/2"}],"replies":[{"embeddable":true,"href":"https:\/\/espamob.com\/fr\/wp-json\/wp\/v2\/comments?post=11363"}],"version-history":[{"count":0,"href":"https:\/\/espamob.com\/fr\/wp-json\/wp\/v2\/pages\/11363\/revisions"}],"wp:attachment":[{"href":"https:\/\/espamob.com\/fr\/wp-json\/wp\/v2\/media?parent=11363"}],"curies":[{"name":"wp","href":"https:\/\/api.w.org\/{rel}","templated":true}]}}