{"id":8087,"date":"2016-12-07T11:28:19","date_gmt":"2016-12-07T11:28:19","guid":{"rendered":"https:\/\/www.espamob.com\/mobility-traineeships-in-spain\/"},"modified":"2023-11-21T15:06:29","modified_gmt":"2023-11-21T15:06:29","slug":"practicas-de-movilidad-en-espana","status":"publish","type":"page","link":"https:\/\/espamob.com\/es\/practicas-de-movilidad-en-espana\/","title":{"rendered":"Espa\u00f1a"},"content":{"rendered":"<div class=\"wpb-content-wrapper\"><p>[vc_row css=\u00bb.vc_custom_1700411998458{margin-top: -20px !important;background-image: url(https:\/\/espamob.com\/wp-content\/uploads\/2023\/11\/Espana-1.webp?id=20540) !important;background-position: center !important;background-repeat: no-repeat !important;background-size: cover !important;}\u00bb conditional_render=\u00bb%5B%7B%22value_role%22%3A%22administrator%22%7D%5D\u00bb][vc_column][vc_empty_space height=\u00bb220&#8243;][vc_custom_heading text=\u00bbEspa\u00f1a: 1era destinaci\u00f3n para las movilidades de pr\u00e1cticas Erasmus Plus.\u00bb font_container=\u00bbtag:h1|font_size:27|text_align:center|color:%23ffffff\u00bb use_theme_fonts=\u00bbyes\u00bb el_class=\u00bbh1blancocentro\u00bb css=\u00bb.vc_custom_1700422909409{background-color: rgba(136,136,136,0.3) !important;*background-color: rgb(136,136,136) !important;}\u00bb][vc_empty_space height=\u00bb15&#8243;][\/vc_column][\/vc_row][vc_row awb_type=\u00bbimage\u00bb awb_stretch=\u00bb1&#8243; css=\u00bb.vc_custom_1637858238286{margin-top: -20px !important;}\u00bb][vc_column][vc_empty_space height=\u00bb40&#8243;][vc_wp_text]<\/p>\n<nav aria-label=\"breadcrumb\">\n<ol class=\"breadcrumb\">\n<li class=\"breadcrumb-item\"><a href=\"https:\/\/espamob.com\/es\/\">Home<\/a><\/li>\n<li class=\"breadcrumb-item active\" aria-current=\"page\">Pr\u00e1cticas en Espa\u00f1a<\/li>\n<\/ol>\n<\/nav>\n<p>[\/vc_wp_text][\/vc_column][\/vc_row][vc_row][vc_column width=\u00bb2\/3&#8243;][vc_custom_heading text=\u00bbErasmus Plus en Espa\u00f1a: los 4 destinos m\u00e1s incre\u00edbles.\u00bb use_theme_fonts=\u00bbyes\u00bb css=\u00bb.vc_custom_1700419768273{margin-bottom: 15px !important;}\u00bb][vc_separator][vc_column_text]<\/p>\n<p style=\"text-align: justify;\"><span style=\"font-weight: 400;\"><a href=\"https:\/\/www.spain.info\/es\/\" target=\"_blank\" rel=\"noopener\">Espa\u00f1a<\/a> es el destino preferido por <strong>Espamob&#8217;<\/strong>. Hemos<\/span><b>\u00a0<\/b><span style=\"font-weight: 400;\">desarrollamos proyectos europeos para realizar <\/span><span style=\"font-weight: 400;\">pr\u00e1cticas de movilidad en Espa\u00f1a<\/span><span style=\"font-weight: 400;\"> mediante el uso de fondos europeos. Adem\u00e1s ofrecemos acompa\u00f1amiento durante el proceso de movilidad, garantizando seguridad y efectividad en la experiencia para los j\u00f3venes estudiantes. IES Consulting es nuestro <\/span><a href=\"https:\/\/espamob.com\/es\/sobre-nosotros\/\"><span style=\"font-weight: 400;\">socio de movilidad europea en Espa\u00f1a<\/span><\/a><span style=\"font-weight: 400;\">; desde 2005, el Grupo refuerza su red de empresas asociadas para la promoci\u00f3n de la movilidad de grupos de estudiantes a trav\u00e9s de los programas europeos como Erasmus Plus, Fondos Sociales Europeos y fondos nacionales, regionales y locales. Con esta experiencia acumulada, en <\/span><b>Espamob\u2019 <\/b><span style=\"font-weight: 400;\">ofrecemos hoy en d\u00eda todas las herramientas necesarias para la aplicaci\u00f3n en los proyectos de movilidad y proporcionamos la oportunidad a los participantes para obtener nuevas habilidades profesionales y personales durante sus <\/span><span style=\"font-weight: 400;\">pr\u00e1cticas de movilidad en Espa\u00f1a<\/span><span style=\"font-weight: 400;\">.<\/span><\/p>\n<p style=\"text-align: justify;\">Espa\u00f1a es un pa\u00eds que tiene muchos beneficios para el desarrollo de la movilidad europea. Se encuentra en la vanguardia de las econom\u00edas de la zona del euro y ofrece un crecimiento sin precedentes en Europa. Esto permite que las empresas se involucren en programas de movilidad europeos y ofrecen una gama amplia de operaciones en distintos sectores relacionados con la formaci\u00f3n profesional. El idioma espa\u00f1ol es muy popular y hablado por casi 500 millones de personas, siendo la segunda lengua m\u00e1s hablada en el mundo. Y es la tercera lengua internacional en el mundo de los negocios detr\u00e1s del chino mandar\u00edn y del ingl\u00e9s. Con su clima mediterr\u00e1neo y su potencial tur\u00edstico, Espa\u00f1a tiene las mejores instalaciones hoteleras, lo que permite a los participantes disfrutar de la modernidad de su infraestructura. Espa\u00f1a es un para\u00edso cultural indispensable para los programas de movilidad europeos.<\/p>\n<p style=\"text-align: left;\"><strong>\u00a1Descubra las diferentes posibilidades que nos da la organizaci\u00f3n de \u00a0pr\u00e1cticas de movilidad en Espa\u00f1a y venga, sin m\u00e1s pre\u00e1mbulos, a descubrir este incre\u00edble pa\u00eds europeo!<\/strong><\/p>\n<p>[\/vc_column_text][vc_row_inner][vc_column_inner width=\u00bb1\/2&#8243;]<div id=\"modal-trg-txt-wrap-5881\" class=\"ult-modal-input-wrapper ult-adjust-bottom-margin    \" data-keypress-control=\"keypress-control-enable\" data-overlay-control=\"overlay-control-enable\"><button  data-ultimate-target='#modal-trg-txt-wrap-5881 .btn-modal'  data-responsive-json-new='{\"font-size\":\"\",\"line-height\":\"\"}'  style=\"background:#e2001a;border-color:#e2001a;color:#FFFFFF; \" data-class-id=\"content-69e7fb7ee920d9-16938196\" class=\"btn-modal ult-responsive btn-primary btn-modal-md overlay-show ult-align-center btn-id-69e7fb7ee920d9-16938196\" data-overlay-class=\"overlay-cornerbottomleft\">Solicite un presupuesto gratuito<\/button><\/div>\n<div class=\"ult-overlay content-69e7fb7ee920d9-16938196 \" data-class=\"content-69e7fb7ee920d9-16938196\" id=\"button-click-overlay\" style=\"background:rgba(51,51,51,0.8); display:none;\">\n\t<div class=\"ult_modal ult-fade ult-medium\">\n\t\t<div id=\"ult-modal-wrap-2027\" class=\"ult_modal-content ult-hide\" style=\"border-style:solid;border-width:2px;border-radius:0px;border-color:#333333;\">\n\t\t\t<div class=\"ult_modal-header\" style=\"color:#333333;border-color:#333333;\">\n\t\t\t\t<h3  data-ultimate-target='#ult-modal-wrap-2027 .ult_modal-title'  data-responsive-json-new='{\"font-size\":\"\",\"line-height\":\"\"}'  class=\"ult_modal-title ult-responsive\">Solicite un presupuesto gratuito<\/h3>\n\t\t\t<\/div>\n\t\t\t<div  data-ultimate-target='#ult-modal-wrap-2027 .ult_modal-body'  data-responsive-json-new='{\"font-size\":\"\",\"line-height\":\"\"}'  class=\"ult_modal-body ult-responsive ult-html\" style=\"\">\n\t\t\t<\/p>\n<p>[caldera_form id=\u00bbCF6149c7d1c4417&#8243;]<\/p>\n<p>\n\t\t\t<\/div>\n\t<\/div>\n\t<\/div>\n\t<div class=\"ult-overlay-close top-right\" style=\"width:80px;height:80px; \"><div class=\"ult-overlay-close-inside\">Close<\/div><\/div>\n<\/div>[\/vc_column_inner][vc_column_inner width=\u00bb1\/2&#8243;][vc_btn title=\u00bbContacto a un experto\u00bb style=\u00bbcustom\u00bb custom_background=\u00bb#e2001a\u00bb custom_text=\u00bb#ffffff\u00bb size=\u00bblg\u00bb align=\u00bbcenter\u00bb link=\u00bburl:https%3A%2F%2Fespamob.com%2Fes%2Fcontacto|title:Contacto\u00bb][\/vc_column_inner][\/vc_row_inner][\/vc_column][vc_column width=\u00bb1\/3&#8243;][vc_custom_heading text=\u00bbBarcelona\u00bb use_theme_fonts=\u00bbyes\u00bb css=\u00bb.vc_custom_1481790223599{margin-bottom: 15px !important;}\u00bb][vc_separator][vc_column_text]<\/p>\n<p style=\"text-align: justify;\"><span style=\"font-weight: 400;\">Como atracci\u00f3n tur\u00edstica y motor econ\u00f3mico, <a href=\"https:\/\/espamob.com\/es\/practicas-de-movilidad-en-espana\/barcelona\"><strong>Barcelona<\/strong> <\/a>ofrece una gran cantidad de oportunidades profesionales y culturales, \u00f3ptimas para promover la aplicaci\u00f3n de las <\/span><span style=\"font-weight: 400;\">pr\u00e1cticas de movilidad Erasmus Plus en Espa\u00f1a<\/span><span style=\"font-weight: 400;\">. Barcelona, \u200b\u200bcapital emblem\u00e1tica de Catalu\u00f1a, se adapta perfectamente al estilo de vida de los aprendices. La din\u00e1mica econ\u00f3mica, tur\u00edstica y cultural convierte a Barcelona en una ciudad favorecida por los programas de movilidad. Situados en el coraz\u00f3n de Barcelona, \u200b\u200bciudad mediterr\u00e1nea y cosmopolita, en <\/span><b>Espamob\u2019 <\/b><span style=\"font-weight: 400;\">ponemos a disponibilidad de los participantes las mejores instalaciones de alojamiento y catering, modernas y adaptadas a cada necesidad y ofrecemos una incre\u00edble variedad de actividades deportivas, art\u00edsticas y culturales para enriquecer su tiempo libre.<\/span><\/p>\n<p style=\"text-align: justify;\"><span style=\"font-weight: 400;\">Idiomas locales: \u00a0catal\u00e1n y espa\u00f1ol.<\/span><\/p>\n<p>[\/vc_column_text][\/vc_column][\/vc_row][vc_row][vc_column][vc_custom_heading text=\u00bbPr\u00e1cticas y movilidad Erasmus en Barcelona\u00bb use_theme_fonts=\u00bbyes\u00bb css=\u00bb.vc_custom_1700420248397{margin-bottom: 15px !important;}\u00bb][vc_separator][vc_row_inner][vc_column_inner width=\u00bb1\/2&#8243;][vc_single_image image=\u00bb8092&#8243; img_size=\u00bb560&#215;240&#8243;][\/vc_column_inner][vc_column_inner width=\u00bb1\/2&#8243;][vc_column_text]Barcelona, capital de la regi\u00f3n aut\u00f3noma catalana. Catalu\u00f1a, que abarca aproximadamente 32.000 km\u00b2, limita con Francia, Andorra, el mar Mediterr\u00e1neo, Valencia y Arag\u00f3n. Barcelona, con m\u00e1s de 1,6 millones de residentes, es la segunda ciudad m\u00e1s grande de Espa\u00f1a y una de las mejores opciones para realizar pr\u00e1cticas Erasmus Plus. Reconocida por sus florecientes industrias de construcci\u00f3n, servicios y turismo, Barcelona es un destino privilegiado para tu experiencia Erasmus Plus.<\/p>\n<p>Idiomas que se hablan localmente: espa\u00f1ol y catal\u00e1n.[\/vc_column_text][vc_btn title=\u00bbM\u00e1s informaci\u00f3n\u00bb style=\u00bbcustom\u00bb custom_background=\u00bb#e3001a\u00bb custom_text=\u00bb#ffffff\u00bb shape=\u00bbrounded\u00bb align=\u00bbleft\u00bb link=\u00bburl:https%3A%2F%2Fespamob.com%2Fes%2Fpracticas-de-movilidad-en-espana%2Fbarcelona%2F|title:Es%20%E2%80%93%20BARCELONA|rel:nofollow\u00bb][\/vc_column_inner][\/vc_row_inner][\/vc_column][\/vc_row][vc_row][vc_column][vc_custom_heading text=\u00bbPr\u00e1cticas y movilidad Erasmus en Valencia\u00bb google_fonts=\u00bbfont_family:Open%20Sans%3A300%2C300italic%2Cregular%2Citalic%2C600%2C600italic%2C700%2C700italic%2C800%2C800italic|font_style:300%20light%20regular%3A300%3Anormal\u00bb][vc_separator][vc_row_inner][vc_column_inner width=\u00bb1\/2&#8243;][vc_single_image image=\u00bb17234&#8243; img_size=\u00bb560&#215;240&#8243;][\/vc_column_inner][vc_column_inner width=\u00bb1\/2&#8243;][vc_column_text]La Comunidad Valenciana, una regi\u00f3n aut\u00f3noma en Espa\u00f1a, abarca una superficie de aproximadamente 23.000 km\u00b2. Limita al norte con Catalu\u00f1a, al este con el mar Mediterr\u00e1neo, al sur con la regi\u00f3n de Murcia y al oeste con las regiones de Castilla-La Mancha y Arag\u00f3n. Est\u00e1 conformada por tres provincias: Alicante, Castell\u00f3n y Valencia, siendo esta \u00faltima la sede de la capital regional, la ciudad de Valencia.<\/p>\n<p>Con una poblaci\u00f3n que supera los 5.000.000 de habitantes, la Comunidad Valenciana sustenta su econom\u00eda en la agricultura, destacando la producci\u00f3n de c\u00edtricos, as\u00ed como en la industria, los servicios y el turismo. Esta diversidad econ\u00f3mica la convierte en un destino atractivo para realizar pr\u00e1cticas profesionales en Espa\u00f1a.<\/p>\n<p>Idiomas locales: espa\u00f1ol y valenciano[\/vc_column_text][vc_btn title=\u00bbM\u00e1s informaci\u00f3n\u00bb style=\u00bbcustom\u00bb custom_background=\u00bb#e3001a\u00bb custom_text=\u00bb#ffffff\u00bb shape=\u00bbrounded\u00bb align=\u00bbleft\u00bb link=\u00bburl:https%3A%2F%2Fespamob.com%2Fes%2Fpracticas-de-movilidad-en-espana%2Fvalencia|title:Valencia\u00bb][\/vc_column_inner][\/vc_row_inner][\/vc_column][\/vc_row][vc_row][vc_column][vc_custom_heading text=\u00bbPr\u00e1cticas y movilidad Erasmus en las Islas Baleares\u00bb use_theme_fonts=\u00bbyes\u00bb css=\u00bb.vc_custom_1700420263558{margin-bottom: 15px !important;}\u00bb][vc_separator][vc_row_inner][vc_column_inner width=\u00bb1\/2&#8243;][vc_single_image image=\u00bb8091&#8243; img_size=\u00bb560&#215;240&#8243;][\/vc_column_inner][vc_column_inner width=\u00bb1\/2&#8243;][vc_column_text]<a href=\"https:\/\/espamob.com\/es\/practicas-de-movilidad-en-espana\/islas-baleares\">El archipi\u00e9lago balear<\/a>, un peque\u00f1o para\u00edso tur\u00edstico en el coraz\u00f3n del mar Mediterr\u00e1neo, se compone de cinco islas: Mallorca, Menorca, Ibiza, Formentera y Cabrera. La configuraci\u00f3n de este archipi\u00e9lago y la cercan\u00eda entre sus islas lo convierten en un entorno perfecto para llevar a cabo pr\u00e1cticas en Espa\u00f1a, especialmente en los sectores de hosteler\u00eda, restauraci\u00f3n y turismo.<\/p>\n<p>Idiomas que se hablan localmente: espa\u00f1ol y catal\u00e1n.[\/vc_column_text][vc_btn title=\u00bbM\u00e1s informaci\u00f3n\u00bb style=\u00bbcustom\u00bb custom_background=\u00bb#e3001a\u00bb custom_text=\u00bb#ffffff\u00bb shape=\u00bbrounded\u00bb align=\u00bbleft\u00bb link=\u00bburl:https%3A%2F%2Fespamob.com%2Fes%2Fpracticas-de-movilidad-en-espana%2Fislas-baleares%2F|title:Es%20%E2%80%93%20BARCELONA|rel:nofollow\u00bb][\/vc_column_inner][\/vc_row_inner][\/vc_column][\/vc_row][vc_row][vc_column][vc_custom_heading text=\u00bbPr\u00e1cticas y movilidad Erasmus en las islas Canarias\u00bb use_theme_fonts=\u00bbyes\u00bb css=\u00bb.vc_custom_1700420280272{margin-bottom: 15px !important;}\u00bb][vc_separator][vc_row_inner][vc_column_inner width=\u00bb1\/2&#8243;][vc_single_image image=\u00bb8090&#8243; img_size=\u00bb560&#215;240&#8243;][\/vc_column_inner][vc_column_inner width=\u00bb1\/2&#8243;][vc_column_text]<\/p>\n<p style=\"text-align: justify;\"><span style=\"font-weight: 400;\">Bienvenido al archipi\u00e9lago de Canarias; siete islas situadas en la parte occidental del sur de Europa, en el oc\u00e9ano Atl\u00e1ntico. Verdadero para\u00edso tur\u00edstico, el archipi\u00e9lago de las islas Canarias es un destino id\u00edlico y atractivo para el desarrollo de la movilidad europea en el mundo de la hosteler\u00eda y el turismo. Tambi\u00e9n por sus playas y por su naturaleza salvaje, Canarias aporta un toque ex\u00f3tico a su movilidad; exotismo tambi\u00e9n en la cocina, la m\u00fasica y la arquitectura.<\/span><\/p>\n<p style=\"text-align: justify;\"><span style=\"font-weight: 400;\">Idiomas locales: espa\u00f1ol.<\/span><\/p>\n<p>[\/vc_column_text][vc_btn title=\u00bbM\u00e1s informaci\u00f3n\u00bb style=\u00bbcustom\u00bb custom_background=\u00bb#e3001a\u00bb custom_text=\u00bb#ffffff\u00bb shape=\u00bbrounded\u00bb align=\u00bbleft\u00bb link=\u00bburl:https%3A%2F%2Fespamob.com%2Fes%2Fpracticas-de-movilidad-en-espana%2Fislas-canarias%2F|title:Es%20%E2%80%93%20BARCELONA|rel:nofollow\u00bb][\/vc_column_inner][\/vc_row_inner][\/vc_column][\/vc_row][vc_row full_width=\u00bbstretch_row\u00bb css=\u00bb.vc_custom_1700067460951{padding-top: 50px !important;padding-bottom: 50px !important;background-color: #f8f893 !important;}\u00bb conditional_render=\u00bb%5B%7B%22value_role%22%3A%22administrator%22%7D%5D\u00bb][vc_column][vc_custom_heading text=\u00bbSolicite un presupuesto gratuito\u00bb font_container=\u00bbtag:h2|text_align:center\u00bb google_fonts=\u00bbfont_family:Open%20Sans%3A300%2C300italic%2Cregular%2Citalic%2C600%2C600italic%2C700%2C700italic%2C800%2C800italic|font_style:300%20light%20regular%3A300%3Anormal\u00bb][vc_column_text]\u00bfTienes una idea para un proyecto Erasmus+ en Espa\u00f1a y est\u00e1s buscando un referente de confianza que te apoye? \u00a1<strong>Espamob<\/strong>\u2019 est\u00e1 aqu\u00ed para ayudarte! Te ofrecemos un presupuesto gratuito y sin compromiso para ayudarte a gestionar tu proyecto de movilidad. Gracias a nuestra experiencia y nuestra red de empresas asociadas, podemos ofrecerle soporte personalizado para satisfacer sus necesidades espec\u00edficas. Cont\u00e1ctenos ahora para hablar de su proyecto y obtener su presupuesto gratuito.[\/vc_column_text]<div id=\"modal-trg-txt-wrap-7465\" class=\"ult-modal-input-wrapper ult-adjust-bottom-margin    \" data-keypress-control=\"keypress-control-enable\" data-overlay-control=\"overlay-control-enable\"><style>\n\t\t\t\t\t.btn-modal.btn-id-69e7fb7ee92f25-93462107:hover {\n\t\t\t\t\t\tbackground-color: #e20000 !important;\n\t\t\t\t\t}\n\t\t\t\t\t<\/style><button  data-ultimate-target='#modal-trg-txt-wrap-7465 .btn-modal'  data-responsive-json-new='{\"font-size\":\"\",\"line-height\":\"\"}'  style=\"background:#888888;border-color:#888888;color:#FFFFFF; \" data-class-id=\"content-69e7fb7ee92f25-93462107\" class=\"btn-modal ult-responsive btn-primary btn-modal-md overlay-show ult-align-center btn-id-69e7fb7ee92f25-93462107\" data-overlay-class=\"overlay-cornerbottomleft\">SOLICITAR PRESUPUESTO GRATUITO<\/button><\/div>\n<div class=\"ult-overlay content-69e7fb7ee92f25-93462107 \" data-class=\"content-69e7fb7ee92f25-93462107\" id=\"button-click-overlay\" style=\"background:rgba(51,51,51,0.8); display:none;\">\n\t<div class=\"ult_modal ult-fade ult-medium\">\n\t\t<div id=\"ult-modal-wrap-9594\" class=\"ult_modal-content ult-hide\" style=\"border-style:solid;border-width:2px;border-radius:0px;border-color:#333333;\">\n\t\t\t<div class=\"ult_modal-header\" style=\"color:#333333;border-color:#333333;\">\n\t\t\t\t<h3  data-ultimate-target='#ult-modal-wrap-9594 .ult_modal-title'  data-responsive-json-new='{\"font-size\":\"\",\"line-height\":\"\"}'  class=\"ult_modal-title ult-responsive\">SOLICITAR PRESUPUESTO GRATUITO<\/h3>\n\t\t\t<\/div>\n\t\t\t<div  data-ultimate-target='#ult-modal-wrap-9594 .ult_modal-body'  data-responsive-json-new='{\"font-size\":\"\",\"line-height\":\"\"}'  class=\"ult_modal-body ult-responsive ult-html\" style=\"\">\n\t\t\t<\/p>\n<p>[caldera_form id=\u00bbCF6149c7d1c4417&#8243;]<\/p>\n<p>\n\t\t\t<\/div>\n\t<\/div>\n\t<\/div>\n\t<div class=\"ult-overlay-close top-right\" style=\"width:80px;height:80px; \"><div class=\"ult-overlay-close-inside\">Close<\/div><\/div>\n<\/div>[\/vc_column][\/vc_row][vc_row][vc_column][vc_custom_heading text=\u00bbPreguntas frecuentes sobre la movilidad de pr\u00e1cticas en Espa\u00f1a\u00bb use_theme_fonts=\u00bbyes\u00bb css=\u00bb.vc_custom_1700420797297{margin-bottom: 15px !important;}\u00bb][vc_separator][vc_toggle title=\u00bb\u00bfEn qu\u00e9 consiste una Pr\u00e1ctica Erasmus Plus en Espa\u00f1a?\u00bb css=\u00bb.vc_custom_1700421171406{background-color: #ffffff !important;}\u00bb]Las pr\u00e1cticas Erasmus Plus en Espa\u00f1a ofrecen a los estudiantes una oportunidad enriquecedora proporcionada por la Uni\u00f3n Europea, que les permite realizar una parte de sus estudios acad\u00e9micos o su formaci\u00f3n profesional en un pa\u00eds extranjero. Esta iniciativa forma parte de un programa m\u00e1s amplio de intercambio universitario dise\u00f1ado para fomentar la internacionalizaci\u00f3n de la educaci\u00f3n y la formaci\u00f3n. Cada a\u00f1o, numerosas ciudades de Espa\u00f1a dan una c\u00e1lida bienvenida a miles de j\u00f3venes participantes como parte de este intercambio europeo, contribuyendo a una experiencia intercultural din\u00e1mica.[\/vc_toggle][vc_toggle title=\u00bb\u00bfC\u00f3mo puedo organizar de manera m\u00e1s sencilla las pr\u00e1cticas Erasmus Plus para mis estudiantes?\u00bb]En calidad de coordinador de Erasmus Plus, tienes la oportunidad de colaborar tanto con tu instituci\u00f3n como con Espamob para organizar experiencias de pr\u00e1cticas Erasmus Plus en Espa\u00f1a. Esta colaboraci\u00f3n puede incluir el Job Shadowing, la organizaci\u00f3n de pr\u00e1cticas en empresa, la coordinaci\u00f3n de cursos de idiomas y la supervisi\u00f3n de diversos aspectos de la formaci\u00f3n acad\u00e9mica.<\/p>\n<p>No dudes en ponerte en contacto con uno de nuestros expertos dedicados de Espamob, quienes est\u00e1n listos para guiarte de manera integral en cada paso de la gesti\u00f3n de tu proyecto Erasmus Plus.[\/vc_toggle][vc_toggle title=\u00bb\u00bfCu\u00e1les son los costes asociados con la participaci\u00f3n en unas pr\u00e1cticas Erasmus Plus en Espa\u00f1a?\u00bb]Los gastos asociados con un programa Erasmus Plus pueden variar seg\u00fan diversos factores como la ciudad de destino elegida, la duraci\u00f3n de la estancia, el tipo de alojamiento seleccionado y el estilo de vida de los participantes. Sin embargo, las becas Erasmus est\u00e1n meticulosamente calculadas para cubrir una parte significativa de los costos, que incluyen transporte, alojamiento y comidas. En Espamob, nuestra agencia dedicada se compromete a guiarte a lo largo del proceso, asegurando una implementaci\u00f3n precisa de tu plan de movilidad y ayud\u00e1ndote a gestionar tu presupuesto Erasmus para una experiencia inolvidable.<\/p>\n<p>No dudes en ponerte en contacto con nuestros expertos, quienes te brindar\u00e1n asistencia integral y todos los elementos necesarios para llevar a cabo con \u00e9xito tu proyecto.[\/vc_toggle][vc_toggle title=\u00bb\u00bfQu\u00e9 beneficios obtienen estudiantes y profesores al participar en un programa Erasmus Plus en Espa\u00f1a?\u00bb]Participar en una experiencia Erasmus Plus en Espa\u00f1a brinda a estudiantes y profesores una oportunidad \u00fanica para sumergirse en una experiencia profesional, cultural, educativa y ling\u00fc\u00edstica en el extranjero. Esta experiencia no solo mejora sus habilidades, sino que tambi\u00e9n les permite adaptarse a una nueva cultura y cultivar una perspectiva internacional en sus respectivos campos de estudio o formaci\u00f3n.<\/p>\n<p>En Espamob, facilitamos una configuraci\u00f3n\u00a0 de tu proyecto a medida, asegurando condiciones \u00f3ptimas para que puedas concentrarte completamente en tu viaje.[\/vc_toggle][vc_empty_space][\/vc_column][\/vc_row][vc_row][vc_column][vc_single_image image=\u00bb15599&#8243; img_size=\u00bbfull\u00bb alignment=\u00bbcenter\u00bb animation_delay=\u00bb100&#8243; animation_type=\u00bbrollIn\u00bb el_class=\u00bb.imagenyourerasmus\u00bb css=\u00bb.vc_custom_1688481968167{margin-top: -15px !important;margin-bottom: -15px !important;}\u00bb][\/vc_column][\/vc_row]<\/p>\n<\/div>","protected":false},"excerpt":{"rendered":"<p>[vc_row css=\u00bb.vc_custom_1700411998458{margin-top: -20px !important;background-image: url(https:\/\/espamob.com\/wp-content\/uploads\/2023\/11\/Espana-1.webp?id=20540) !important;background-position: center !important;background-repeat: no-repeat !important;background-size: cover !important;}\u00bb conditional_render=\u00bb%5B%7B%22value_role%22%3A%22administrator%22%7D%5D\u00bb][vc_column][vc_empty_space height=\u00bb220&#8243;][vc_custom_heading text=\u00bbEspa\u00f1a: 1era destinaci\u00f3n para las movilidades de pr\u00e1cticas Erasmus Plus.\u00bb font_container=\u00bbtag:h1|font_size:27|text_align:center|color:%23ffffff\u00bb use_theme_fonts=\u00bbyes\u00bb el_class=\u00bbh1blancocentro\u00bb css=\u00bb.vc_custom_1700422909409{background-color: rgba(136,136,136,0.3) !important;*background-color: rgb(136,136,136) !important;}\u00bb][vc_empty_space height=\u00bb15&#8243;][\/vc_column][\/vc_row][vc_row awb_type=\u00bbimage\u00bb awb_stretch=\u00bb1&#8243; css=\u00bb.vc_custom_1637858238286{margin-top: -20px !important;}\u00bb][vc_column][vc_empty_space height=\u00bb40&#8243;][vc_wp_text] Home Pr\u00e1cticas en Espa\u00f1a [\/vc_wp_text][\/vc_column][\/vc_row][vc_row][vc_column width=\u00bb2\/3&#8243;][vc_custom_heading text=\u00bbErasmus Plus en Espa\u00f1a: los 4 destinos m\u00e1s incre\u00edbles.\u00bb use_theme_fonts=\u00bbyes\u00bb<\/p>\n","protected":false},"author":1,"featured_media":0,"parent":0,"menu_order":0,"comment_status":"closed","ping_status":"closed","template":"","meta":{"footnotes":""},"class_list":["post-8087","page","type-page","status-publish","hentry"],"_links":{"self":[{"href":"https:\/\/espamob.com\/es\/wp-json\/wp\/v2\/pages\/8087","targetHints":{"allow":["GET"]}}],"collection":[{"href":"https:\/\/espamob.com\/es\/wp-json\/wp\/v2\/pages"}],"about":[{"href":"https:\/\/espamob.com\/es\/wp-json\/wp\/v2\/types\/page"}],"author":[{"embeddable":true,"href":"https:\/\/espamob.com\/es\/wp-json\/wp\/v2\/users\/1"}],"replies":[{"embeddable":true,"href":"https:\/\/espamob.com\/es\/wp-json\/wp\/v2\/comments?post=8087"}],"version-history":[{"count":0,"href":"https:\/\/espamob.com\/es\/wp-json\/wp\/v2\/pages\/8087\/revisions"}],"wp:attachment":[{"href":"https:\/\/espamob.com\/es\/wp-json\/wp\/v2\/media?parent=8087"}],"curies":[{"name":"wp","href":"https:\/\/api.w.org\/{rel}","templated":true}]}}