{"id":8085,"date":"2016-12-05T12:08:28","date_gmt":"2016-12-05T12:08:28","guid":{"rendered":"https:\/\/www.espamob.com\/traineeships-in-companies-for-vocational-training\/"},"modified":"2023-06-16T05:57:34","modified_gmt":"2023-06-16T05:57:34","slug":"colocacion-de-estudiantes-para-practicas-en-empresas-en-espana","status":"publish","type":"page","link":"https:\/\/espamob.com\/es\/colocacion-de-estudiantes-para-practicas-en-empresas-en-espana\/","title":{"rendered":"Pr\u00e1cticas en empresas"},"content":{"rendered":"<div class=\"wpb-content-wrapper\"><p>[vc_row full_width=\u00bbstretch_row\u00bb remove_margin_bottom=\u00bbyes\u00bb enable_first_overlay=\u00bbtrue\u00bb first_overlay_opacity=\u00bb36&#8243; first_background_type=\u00bbimage\u00bb bg_type=\u00bbbg_color\u00bb bg_override=\u00bb1&#8243; css=\u00bb.vc_custom_1569841532856{margin-top: -20px !important;margin-bottom: 20px !important;padding-top: 90px !important;padding-bottom: 60px !important;}\u00bb][vc_column width=\u00bb1\/2&#8243; css=\u00bb.vc_custom_1569840129938{margin-bottom: -20px !important;border-bottom-width: -20px !important;padding-bottom: -20px !important;}\u00bb][vc_custom_heading text=\u00bbPr\u00e1cticas de formaci\u00f3n profesional en empresas espa\u00f1olas\u00bb font_container=\u00bbtag:h1|text_align:left|color:%23ffffff\u00bb use_theme_fonts=\u00bbyes\u00bb skin=\u00bbdark\u00bb][vc_column_text]En Espamob&#8217; ofrecemos pr\u00e1cticas empresariales en Espa\u00f1a, en todas las areas de formaci\u00f3n profesional. Sigue una descripci\u00f3n de las opciones de pr\u00e1ctica en empresa para la formaci\u00f3n profesional: la nuestra oferta de movilidad con destinaci\u00f3n Espa\u00f1a<\/p>\n<p>[\/vc_column_text][\/vc_column][vc_column width=\u00bb1\/2&#8243;]<div class=\"mgl_tubelab mgl_tubelab_single mgl_tubelab_template_default\">\n\t\n\t\t\n\t\t<a class=\"mgl_tubelab_video mgl_tubelab_lightbox\" href=\"http:\/\/www.youtube.com\/watch?v=VSVG1EILuYY\" title=\"Reproducir\" target=\"_blank\" rel=\"noopener\">\n\t\t\t<span class=\"mgl_tubelab_video_play\">\n\t\t\t\t<i class=\"mgl_tubelab-icon-play\"><\/i>\n\t\t\t<\/span>\n\t\t\t<span class=\"mgl_tubelab_video_time\">\n\t\t\t\t0:49\t\t\t<\/span>\n\t\t\t<img decoding=\"async\" class=\"mgl_tubelab_video_thumbnail\" src=\"https:\/\/i.ytimg.com\/vi\/VSVG1EILuYY\/mqdefault.jpg\" alt=\"\">\n\t\t<\/a>\n\n\t\t\t\n\t\n\t<\/div>[\/vc_column][\/vc_row][vc_row css=\u00bb.vc_custom_1569840436185{margin-top: -20px !important;border-top-width: -20px !important;}\u00bb][vc_column][vc_column_text]<\/p>\n<p style=\"text-align: justify;\"><span style=\"font-weight: 400;\">La <\/span><span style=\"font-weight: 400;\">colocaci\u00f3n de estudiantes para pr\u00e1cticas en empresas en Espa\u00f1a<\/span><span style=\"font-weight: 400;\"> a trav\u00e9s de los <\/span><span style=\"font-weight: 400;\">programas de movilidad<\/span><span style=\"font-weight: 400;\"> Erasmus Plus, Fondos Sociales Europeos y fondos nacionales, regionales o locales, no tienen coste alguno para las empresas de acogida. La red de empresas de acogida que trabajan con nosotros siempre est\u00e1n dispuestas a ofrecer la supervisi\u00f3n de un tutor durante las horas de trabajo. En <\/span><b>Espamob\u2019 <\/b><span style=\"font-weight: 400;\">nos aseguramos de que los aprendices tengan seguro de responsabilidad, accidentes de trabajo y la tarjeta sanitaria europea durante los programas europeos para <a href=\"https:\/\/espamob.com\/es\/programas-europeos-para-practicas-en-formacion-profesional\/\">pr\u00e1cticas en formaci\u00f3n profesional<\/a>.<\/span><\/p>\n<p style=\"text-align: justify;\"><span style=\"font-weight: 400;\">La <\/span><span style=\"font-weight: 400;\">colocaci\u00f3n de estudiantes para pr\u00e1cticas en empresas en Espa\u00f1a<\/span><span style=\"font-weight: 400;\"> est\u00e1n reguladas legalmente a trav\u00e9s de documentos oficiales europeos (convenio de pr\u00e1cticas, compromiso de calidad y Europass) firmados por las tres partes (escuela, aprendiz, empresa). En <\/span><b>Espamob\u2019 <\/b><span style=\"font-weight: 400;\">tenemos una amplia <\/span><span style=\"font-weight: 400;\">experiencia en la organizaci\u00f3n de<\/span><a href=\"https:\/\/espamob.com\/es\/experiencia-en-la-organizacion-de-programas-de-movilidad\/\"><span style=\"font-weight: 400;\"> programas de movilidad<\/span><\/a><span style=\"font-weight: 400;\"> y nos encargamos de verificar de que todos estos documentos se completar\u00e1n para satisfacer sus necesidades.<\/span><\/p>\n<p style=\"text-align: justify;\"><span style=\"font-weight: 400;\">Despu\u00e9s de todo, queremos que la relaci\u00f3n entre las escuelas y las empresas de acogida sea productiva, exitosa y amistosa durante todo el per\u00edodo de realizaci\u00f3n de las <\/span><span style=\"font-weight: 400;\">estancias de<\/span><a href=\"https:\/\/espamob.com\/es\/practicas-de-movilidad-en-espana\/\"><span style=\"font-weight: 400;\"> proyectos europeos en Espa\u00f1a<\/span><\/a><span style=\"font-weight: 400;\">. Por lo tanto, nos esforzamos por hacer una selecci\u00f3n adecuada de las empresas de acogida de acuerdo con los perfiles de los participantes y las \u00e1reas de formaci\u00f3n profesional. Por \u00faltimo, garantizamos el \u00e9xito de los programas de movilidad con un acompa\u00f1amiento semanal.<\/span><\/p>\n<p>&nbsp;<\/p>\n<p>[\/vc_column_text][\/vc_column][\/vc_row][vc_row][vc_column][vc_custom_heading text=\u00bbProgramas de colocaci\u00f3n de estudiantes para pr\u00e1cticas\u00bb use_theme_fonts=\u00bbyes\u00bb css=\u00bb.vc_custom_1636571891493{margin-bottom: 15px !important;}\u00bb][vc_separator][vc_column_text][featured-cnt-img content_words_limit=\u00bb250&#8243; limit=\u00bb20&#8243; orderby=\u00bbtitle\u00bb order=\u00bbASC\u00bb design=\u00bbdesign-11&#8243; grid=\u00bb2&#8243; cat_id=\u00bb555&#8243;][\/vc_column_text][\/vc_column][\/vc_row][vc_row][vc_column][vc_custom_heading text=\u00bbEscuche las opiniones de los participantes\u00bb font_container=\u00bbtag:h3|text_align:left\u00bb use_theme_fonts=\u00bbyes\u00bb css=\u00bb.vc_custom_1556881356946{margin-bottom: 15px !important;}\u00bb][vc_separator]<div class=\"mgl_tubelab mgl_tubelab_container mgl_tubelab_template_default\" data-mgl-tubelab-parameters=\"type=playlist&value=PLLGrER9ieWtA32I7mddfI7UuFU91w6OtN&user=&channel_id=&count=4&cols=4&mode=lightbox&template=default&display=title&pagination=true&size=medium&video_id=&playlists=all&mini=0\">\n\t<div class=\"mgl_tubelab mgl_tubelab_content mgl_tubelab_content-cols4\">\n\t<\/div>\n\t\t\t<div class=\"mgl_tubelab_pagination\">\n\t\t\t<div class=\"mgl_tubelab_pagination_item mgl_tubelab_pagination_item_prev\">\n\t\t\t\t<a href=\"#\" class=\"mgl_tubelab_pagination_prev\">P\u00e1gina anterior<\/a>\n\t\t\t<\/div>\n\t\t\t<div class=\"mgl_tubelab_pagination_item mgl_tubelab_pagination_item_next\">\n\t\t\t\t<a href=\"#\" class=\"mgl_tubelab_pagination_next\">P\u00e1gina siguiente<\/a>\n\t\t\t<\/div>\n\t\t<\/div>\n\t<\/div>[\/vc_column][\/vc_row]<\/p>\n<\/div>","protected":false},"excerpt":{"rendered":"<p>[vc_row full_width=\u00bbstretch_row\u00bb remove_margin_bottom=\u00bbyes\u00bb enable_first_overlay=\u00bbtrue\u00bb first_overlay_opacity=\u00bb36&#8243; first_background_type=\u00bbimage\u00bb bg_type=\u00bbbg_color\u00bb bg_override=\u00bb1&#8243; css=\u00bb.vc_custom_1569841532856{margin-top: -20px !important;margin-bottom: 20px !important;padding-top: 90px !important;padding-bottom: 60px !important;}\u00bb][vc_column width=\u00bb1\/2&#8243; css=\u00bb.vc_custom_1569840129938{margin-bottom: -20px !important;border-bottom-width: -20px !important;padding-bottom: -20px !important;}\u00bb][vc_custom_heading text=\u00bbPr\u00e1cticas de formaci\u00f3n profesional en empresas espa\u00f1olas\u00bb font_container=\u00bbtag:h1|text_align:left|color:%23ffffff\u00bb use_theme_fonts=\u00bbyes\u00bb skin=\u00bbdark\u00bb][vc_column_text]En Espamob&#8217; ofrecemos pr\u00e1cticas empresariales en Espa\u00f1a, en todas las areas de formaci\u00f3n profesional. Sigue una descripci\u00f3n de las opciones de<\/p>\n","protected":false},"author":1,"featured_media":0,"parent":0,"menu_order":0,"comment_status":"closed","ping_status":"closed","template":"","meta":{"footnotes":""},"class_list":["post-8085","page","type-page","status-publish","hentry"],"_links":{"self":[{"href":"https:\/\/espamob.com\/es\/wp-json\/wp\/v2\/pages\/8085","targetHints":{"allow":["GET"]}}],"collection":[{"href":"https:\/\/espamob.com\/es\/wp-json\/wp\/v2\/pages"}],"about":[{"href":"https:\/\/espamob.com\/es\/wp-json\/wp\/v2\/types\/page"}],"author":[{"embeddable":true,"href":"https:\/\/espamob.com\/es\/wp-json\/wp\/v2\/users\/1"}],"replies":[{"embeddable":true,"href":"https:\/\/espamob.com\/es\/wp-json\/wp\/v2\/comments?post=8085"}],"version-history":[{"count":0,"href":"https:\/\/espamob.com\/es\/wp-json\/wp\/v2\/pages\/8085\/revisions"}],"wp:attachment":[{"href":"https:\/\/espamob.com\/es\/wp-json\/wp\/v2\/media?parent=8085"}],"curies":[{"name":"wp","href":"https:\/\/api.w.org\/{rel}","templated":true}]}}