{"id":8082,"date":"2016-12-22T09:23:07","date_gmt":"2016-12-22T09:23:07","guid":{"rendered":"https:\/\/www.espamob.com\/privacy-policy\/"},"modified":"2023-06-16T05:57:34","modified_gmt":"2023-06-16T05:57:34","slug":"politica-de-privacidad","status":"publish","type":"page","link":"https:\/\/espamob.com\/es\/politica-de-privacidad\/","title":{"rendered":"Pol\u00edtica de privacidad"},"content":{"rendered":"<div class=\"wpb-content-wrapper\"><p>[vc_row][vc_column][vc_custom_heading text=\u00bbPol\u00edtica de privacidad\u00bb font_container=\u00bbtag:h1|text_align:left\u00bb use_theme_fonts=\u00bbyes\u00bb][vc_separator][vc_column_text]<\/p>\n<p style=\"text-align: justify;\"><span style=\"font-weight: 400;\">Los sitios de Espamob.com (colectivamente \u00abEspamob.com\u00bb en este documento) hacen referencia a los sitios alojados en Espamob.com\/en, Espamob.com\/fr, Espamob.com\/it, Espamob.com\/pl, Espamob.com\/dw, y otros dominios y subdominios relacionados con los mismos.<\/span><\/p>\n<p>[\/vc_column_text][\/vc_column][\/vc_row][vc_row][vc_column][vc_custom_heading text=\u00bbVisitantes del sitio web\u00bb use_theme_fonts=\u00bbyes\u00bb][vc_separator][vc_column_text]<\/p>\n<p style=\"text-align: justify;\"><span style=\"font-weight: 400;\">Como la mayor\u00eda de los operadores de sitios web, Espamob.com recopila informaci\u00f3n que no es de identificaci\u00f3n personal del tipo que normalmente ofrecen los navegadores y servidores web, como el tipo de navegador, la preferencia de idioma, el sitio de referencia y la fecha y hora de cada solicitud de visitante. El prop\u00f3sito de Espamob.com al recolectar informaci\u00f3n que no es de identificaci\u00f3n personal es entender mejor c\u00f3mo los visitantes de Espamob.com usan su sitio web. De vez en cuando, Espamob.com puede divulgar informaci\u00f3n no identificable personalmente en el agregado, por ejemplo, publicando un informe sobre las tendencias en el uso de su sitio web. Espamob.com tambi\u00e9n recopila informaci\u00f3n potencialmente identificable como direcciones IP. Espamob.com no utiliza dicha informaci\u00f3n para identificar a sus visitantes y no revela dicha informaci\u00f3n, salvo en las mismas circunstancias que utiliza y divulga informaci\u00f3n de identificaci\u00f3n personal, como se describe a continuaci\u00f3n.<\/span><\/p>\n<p>[\/vc_column_text][\/vc_column][\/vc_row][vc_row][vc_column][vc_custom_heading text=\u00bbRecopilaci\u00f3n de informaci\u00f3n de identificaci\u00f3n personal\u00bb use_theme_fonts=\u00bbyes\u00bb][vc_separator][vc_column_text]<\/p>\n<p style=\"text-align: justify;\"><span style=\"font-weight: 400;\">Ciertos visitantes de Espamob.com eligen interactuar con Espamob.com de maneras que requieren que Espamob.com recopile informaci\u00f3n de identificaci\u00f3n personal. La cantidad y el tipo de informaci\u00f3n que recoge Espamob.com depende de la naturaleza de la interacci\u00f3n. Por ejemplo, le pedimos a los visitantes que utilizan nuestros foros que proporcionen un nombre de usuario y direcci\u00f3n de correo electr\u00f3nico. En cada caso, Espamob.com recopila dicha informaci\u00f3n s\u00f3lo en la medida en que sea necesaria o apropiada para cumplir con el prop\u00f3sito de la interacci\u00f3n del visitante con Espamob.com. Espamob.com no revela informaci\u00f3n de identificaci\u00f3n personal que no sea la descrita a continuaci\u00f3n. Y los visitantes siempre pueden negarse a proporcionar informaci\u00f3n de identificaci\u00f3n personal, con la advertencia de que puede impedirles participar en ciertas actividades relacionadas con sitios web.<\/span><\/p>\n<p>[\/vc_column_text][\/vc_column][\/vc_row][vc_row][vc_column][vc_custom_heading text=\u00bbEstad\u00edsticas agregadas\u00bb use_theme_fonts=\u00bbyes\u00bb][vc_separator][vc_column_text]<\/p>\n<p style=\"text-align: justify;\"><span style=\"font-weight: 400;\">Espamob.com puede recoger estad\u00edsticas sobre el comportamiento de los visitantes a sus sitios web. Por ejemplo, Espamob.com puede revelar cu\u00e1ntas descargas tiene una versi\u00f3n en particular, o decir qu\u00e9 plugins son m\u00e1s populares bas\u00e1ndose en los chequeos de api.Espamob.com, un servicio web utilizado por las instalaciones de Espamob para buscar nuevas versiones de Espamob y plugins. Sin embargo, Espamob.com no revela informaci\u00f3n de identificaci\u00f3n personal que no sea la descrita a continuaci\u00f3n.<\/span><\/p>\n<p>[\/vc_column_text][\/vc_column][\/vc_row][vc_row][vc_column][vc_custom_heading text=\u00bbProtecci\u00f3n de cierta informaci\u00f3n de identificaci\u00f3n personal\u00bb use_theme_fonts=\u00bbyes\u00bb][vc_separator][vc_column_text]<\/p>\n<p style=\"text-align: justify;\"><span style=\"font-weight: 400;\">Espamob.com revela informaci\u00f3n de identificaci\u00f3n personal y de identificaci\u00f3n personal solamente a aquellos de sus empleados, contratistas y organizaciones afiliadas que (i) necesitan conocer esa informaci\u00f3n para procesarla en nombre de Espamob.com o para proporcionar servicios disponibles en Espamob.com, y (ii) que han acordado no divulgarlo a otros. Algunos de esos empleados, contratistas y organizaciones afiliadas pueden estar ubicados fuera de su pa\u00eds de origen; Utilizando Espamob.com, usted acepta la transferencia de dicha informaci\u00f3n a los mismos. Espamob.com no alquilar\u00e1 o vender\u00e1 personalmente informaci\u00f3n de identificaci\u00f3n personal y de identificaci\u00f3n personal a nadie. Con excepci\u00f3n de sus empleados, contratistas y organizaciones afiliadas, seg\u00fan se describe arriba, Espamob.com revela informaci\u00f3n personalmente identificable y de identificaci\u00f3n personal solo cuando la ley lo requiere, o cuando Espamob.com crea de buena fe que la divulgaci\u00f3n es razonablemente necesaria para proteger la propiedad o los derechos de Espamob.com, terceros o el p\u00fablico en general. Si usted es un usuario registrado de un sitio web de Espamob.com y ha proporcionado su direcci\u00f3n de correo electr\u00f3nico, Espamob.com puede ocasionalmente enviarle un correo electr\u00f3nico para informarle sobre nuevas caracter\u00edsticas, solicitar sus comentarios o simplemente mantenerse al d\u00eda con lo que est\u00e1 pasando Con Espamob.com y nuestros productos. Utilizamos principalmente nuestro blog para comunicar este tipo de informaci\u00f3n, por lo que esperamos mantener este tipo de correo electr\u00f3nico a un m\u00ednimo. Si nos env\u00eda una solicitud (por ejemplo, a trav\u00e9s de un correo electr\u00f3nico de soporte o mediante uno de nuestros mecanismos de formulario\/comentarios), nos reservamos el derecho de publicarlo para ayudarnos a aclarar o responder a su solicitud o para ayudarnos a apoyar a otros usuarios. Espamob.com toma todas las medidas razonablemente necesarias para protegerse contra el acceso, uso, alteraci\u00f3n o destrucci\u00f3n no autorizados de informaci\u00f3n potencialmente identificable personalmente y de identificaci\u00f3n personal.<\/span><\/p>\n<p>[\/vc_column_text][\/vc_column][\/vc_row][vc_row][vc_column][vc_custom_heading text=\u00bbCookies\u00bb use_theme_fonts=\u00bbyes\u00bb][vc_separator][vc_column_text]<\/p>\n<p style=\"text-align: justify;\"><span style=\"font-weight: 400;\">Una cookie es una cadena de informaci\u00f3n que un sitio web almacena en la computadora de un visitante y que el navegador del visitante proporciona al sitio web cada vez que el visitante regresa. Espamob.com utiliza cookies para ayudar a Espamob.com a identificar y hacer un seguimiento de los visitantes, su uso de Espamob.com y sus preferencias de acceso a sitios web. Los visitantes de Internet que no desean que las cookies se coloquen en sus computadoras deben configurar sus navegadores para rechazar las cookies antes de usar los sitios web de Espamob.com, con el inconveniente de que ciertas caracter\u00edsticas de los sitios web de Espamob.com pueden no funcionar correctamente sin la ayuda de cookies.<\/span><\/p>\n<p>[\/vc_column_text][\/vc_column][\/vc_row][vc_row][vc_column][vc_custom_heading text=\u00bbCambios en la Pol\u00edtica de Privacidad\u00bb use_theme_fonts=\u00bbyes\u00bb][vc_separator][vc_column_text]<\/p>\n<p style=\"text-align: justify;\"><span style=\"font-weight: 400;\">Aunque es probable que la mayor\u00eda de los cambios sean menores, Espamob.com puede cambiar su Pol\u00edtica de privacidad de vez en cuando, a discreci\u00f3n de Espamob.com. Espamob.com anima a los visitantes a comprobar frecuentemente esta p\u00e1gina para cualquier cambio en su Pol\u00edtica de Privacidad. Su uso continuado de este sitio despu\u00e9s de cualquier cambio en esta Pol\u00edtica de Privacidad constituir\u00e1 su aceptaci\u00f3n de dicho cambio.<\/span><\/p>\n<p>[\/vc_column_text][\/vc_column][\/vc_row]<\/p>\n<\/div>","protected":false},"excerpt":{"rendered":"<p>[vc_row][vc_column][vc_custom_heading text=\u00bbPol\u00edtica de privacidad\u00bb font_container=\u00bbtag:h1|text_align:left\u00bb use_theme_fonts=\u00bbyes\u00bb][vc_separator][vc_column_text] Los sitios de Espamob.com (colectivamente \u00abEspamob.com\u00bb en este documento) hacen referencia a los sitios alojados en Espamob.com\/en, Espamob.com\/fr, Espamob.com\/it, Espamob.com\/pl, Espamob.com\/dw, y otros dominios y subdominios relacionados con los mismos. [\/vc_column_text][\/vc_column][\/vc_row][vc_row][vc_column][vc_custom_heading text=\u00bbVisitantes del sitio web\u00bb use_theme_fonts=\u00bbyes\u00bb][vc_separator][vc_column_text] Como la mayor\u00eda de los operadores de sitios web, Espamob.com recopila informaci\u00f3n que<\/p>\n","protected":false},"author":1,"featured_media":0,"parent":0,"menu_order":0,"comment_status":"closed","ping_status":"closed","template":"","meta":{"footnotes":""},"class_list":["post-8082","page","type-page","status-publish","hentry"],"_links":{"self":[{"href":"https:\/\/espamob.com\/es\/wp-json\/wp\/v2\/pages\/8082","targetHints":{"allow":["GET"]}}],"collection":[{"href":"https:\/\/espamob.com\/es\/wp-json\/wp\/v2\/pages"}],"about":[{"href":"https:\/\/espamob.com\/es\/wp-json\/wp\/v2\/types\/page"}],"author":[{"embeddable":true,"href":"https:\/\/espamob.com\/es\/wp-json\/wp\/v2\/users\/1"}],"replies":[{"embeddable":true,"href":"https:\/\/espamob.com\/es\/wp-json\/wp\/v2\/comments?post=8082"}],"version-history":[{"count":0,"href":"https:\/\/espamob.com\/es\/wp-json\/wp\/v2\/pages\/8082\/revisions"}],"wp:attachment":[{"href":"https:\/\/espamob.com\/es\/wp-json\/wp\/v2\/media?parent=8082"}],"curies":[{"name":"wp","href":"https:\/\/api.w.org\/{rel}","templated":true}]}}