{"id":8074,"date":"2016-12-15T09:11:11","date_gmt":"2016-12-15T09:11:11","guid":{"rendered":"https:\/\/www.espamob.com\/contact-with-our-mobility-team\/"},"modified":"2023-11-12T15:46:07","modified_gmt":"2023-11-12T15:46:07","slug":"contacto","status":"publish","type":"page","link":"https:\/\/espamob.com\/es\/contacto\/","title":{"rendered":"Contacto"},"content":{"rendered":"<div class=\"wpb-content-wrapper\"><p>[vc_row css=\u00bb.vc_custom_1699803572073{margin-top: -20px !important;background-image: url(https:\/\/espamob.com\/wp-content\/uploads\/2023\/11\/Contact-Us.webp?id=20201) !important;background-position: center !important;background-repeat: no-repeat !important;background-size: cover !important;}\u00bb conditional_render=\u00bb%5B%7B%22value_role%22%3A%22administrator%22%7D%5D\u00bb][vc_column][vc_empty_space height=\u00bb180&#8243;][vc_custom_heading text=\u00bbExperto en Movilidad Erasmus Plus: \u00a1Contacta con nuestro equipo ahora!\u00bb font_container=\u00bbtag:h1|font_size:27|text_align:right\u00bb use_theme_fonts=\u00bbyes\u00bb css=\u00bb.vc_custom_1699459350602{margin-bottom: 15px !important;}\u00bb][vc_empty_space height=\u00bb60&#8243;][\/vc_column][\/vc_row][vc_row full_width=\u00bbstretch_row\u00bb css=\u00bb.vc_custom_1685374857070{margin-top: 25px !important;margin-bottom: 0px !important;}\u00bb conditional_render=\u00bb%5B%7B%22value_role%22%3A%22administrator%22%7D%5D\u00bb][vc_column width=\u00bb5\/12&#8243;][vc_custom_heading text=\u00bbUn equipo de expertos en Movilidad Erasmus Plus: Cont\u00e1ctanos ahora.\u00bb use_theme_fonts=\u00bbyes\u00bb][vc_column_text]Experto en Movilidad Erasmus Plus: Para cualquier duda o petici\u00f3n de informaci\u00f3n no dudes en contactar con nosotros. Nuestro equipo de profesionales multiling\u00fces, con sede en Barcelona, \u200b\u200best\u00e1 especializado en programas de movilidad europeos, en particular la movilidad Erasmus Plus.<\/p>\n<p>Estamos aqu\u00ed para ayudarte a organizar y realizar tu movilidad en Espa\u00f1a, ya sea de aprendices, estudiantes o formadores. Gracias a nuestras s\u00f3lidas relaciones con nuestros proveedores de servicios, podemos ofrecerle una capacidad de respuesta y flexibilidad \u00f3ptimas para responder a todas sus necesidades y preguntas.<\/p>\n<p>Puede contactarnos por tel\u00e9fono, correo electr\u00f3nico o simplemente completando el formulario de contacto a continuaci\u00f3n. Nuestro equipo estar\u00e1 encantado de responderle lo antes posible.<\/p>\n<p>\u00a1No esperes m\u00e1s, cont\u00e1ctanos ahora para beneficiarte de nuestra experiencia y hacer que tu experiencia de movilidad en Espa\u00f1a sea un \u00e9xito![\/vc_column_text][vc_separator border_width=\u00bb2&#8243; gradient=\u00bbyes\u00bb css=\u00bb.vc_custom_1631791915056{padding-left: 20px !important;}\u00bb][vc_empty_space][vc_row_inner][vc_column_inner width=\u00bb1\/2&#8243;]<div class=\"aio-icon-component    style_1\"><div id=\"Info-box-wrap-9571\" class=\"aio-icon-box left-icon\" style=\"\"  ><div class=\"aio-icon-left\"><div class=\"ult-just-icon-wrapper  \"><div class=\"align-icon\" style=\"text-align:center;\">\n<div class=\"aio-icon circle \"  style=\"color:#333;background:#ffffff;font-size:32px;display:inline-block;\">\n\t<i class=\"Defaults-phone\"><\/i>\n<\/div><\/div><\/div><\/div><div class=\"aio-ibd-block\"><div class=\"aio-icon-header\" ><h3 class=\"aio-icon-title ult-responsive\"  data-ultimate-target='#Info-box-wrap-9571 .aio-icon-title'  data-responsive-json-new='{\"font-size\":\"\",\"line-height\":\"\"}'  style=\"\">Tel\u00e9fono<\/h3><\/div> <!-- header --><div class=\"aio-icon-description ult-responsive\"  data-ultimate-target='#Info-box-wrap-9571 .aio-icon-description'  data-responsive-json-new='{\"font-size\":\"\",\"line-height\":\"\"}'  style=\"\">(+34) 931 780 015<\/div> <!-- description --><\/div> <!-- aio-ibd-block --><\/div> <!-- aio-icon-box --><\/div> <!-- aio-icon-component -->[\/vc_column_inner][vc_column_inner width=\u00bb1\/2&#8243; css=\u00bb.vc_custom_1637670023870{padding-bottom: 5% !important;}\u00bb]<div class=\"aio-icon-component    style_1\"><div id=\"Info-box-wrap-4661\" class=\"aio-icon-box left-icon\" style=\"\"  ><div class=\"aio-icon-left\"><div class=\"ult-just-icon-wrapper  \"><div class=\"align-icon\" style=\"text-align:center;\">\n<div class=\"aio-icon circle \"  style=\"color:#333;background:#ffffff;font-size:32px;display:inline-block;\">\n\t<i class=\"Defaults-at\"><\/i>\n<\/div><\/div><\/div><\/div><div class=\"aio-ibd-block\"><div class=\"aio-icon-header\" ><h3 class=\"aio-icon-title ult-responsive\"  data-ultimate-target='#Info-box-wrap-4661 .aio-icon-title'  data-responsive-json-new='{\"font-size\":\"\",\"line-height\":\"\"}'  style=\"\">Email<\/h3><\/div> <!-- header --><div class=\"aio-icon-description ult-responsive\"  data-ultimate-target='#Info-box-wrap-4661 .aio-icon-description'  data-responsive-json-new='{\"font-size\":\"\",\"line-height\":\"\"}'  style=\"\">contact@espamob.com<\/div> <!-- description --><\/div> <!-- aio-ibd-block --><\/div> <!-- aio-icon-box --><\/div> <!-- aio-icon-component -->[\/vc_column_inner][\/vc_row_inner][vc_row_inner][vc_column_inner][vc_single_image image=\u00bb15599&#8243; img_size=\u00bbfull\u00bb alignment=\u00bbcenter\u00bb animation_delay=\u00bb100&#8243; animation_type=\u00bbrollIn\u00bb el_class=\u00bb.imagenyourerasmus\u00bb css=\u00bb.vc_custom_1683233783999{margin-top: -15px !important;margin-bottom: -15px !important;}\u00bb][\/vc_column_inner][\/vc_row_inner][\/vc_column][vc_column width=\u00bb7\/12&#8243;][vc_custom_heading text=\u00bbDirecci\u00f3n y Contacto\u00bb use_theme_fonts=\u00bbyes\u00bb]\n<div class=\"wpcf7 no-js\" id=\"wpcf7-f8212-o1\" lang=\"en-US\" dir=\"ltr\" data-wpcf7-id=\"8212\">\n<div class=\"screen-reader-response\"><p role=\"status\" aria-live=\"polite\" aria-atomic=\"true\"><\/p> <ul><\/ul><\/div>\n<form action=\"\/es\/wp-json\/wp\/v2\/pages\/8074#wpcf7-f8212-o1\" method=\"post\" class=\"wpcf7-form init\" aria-label=\"Contact form\" novalidate=\"novalidate\" data-status=\"init\">\n<fieldset class=\"hidden-fields-container\"><input type=\"hidden\" name=\"_wpcf7\" value=\"8212\" \/><input type=\"hidden\" name=\"_wpcf7_version\" value=\"6.1.5\" \/><input type=\"hidden\" name=\"_wpcf7_locale\" value=\"en_US\" \/><input type=\"hidden\" name=\"_wpcf7_unit_tag\" value=\"wpcf7-f8212-o1\" \/><input type=\"hidden\" name=\"_wpcf7_container_post\" value=\"0\" \/><input type=\"hidden\" name=\"_wpcf7_posted_data_hash\" value=\"\" \/><input type=\"hidden\" name=\"_wpcf7_recaptcha_response\" value=\"\" \/>\n<\/fieldset>\n<strong>Nombre (Obligatorio)<\/strong><span class=\"wpcf7-form-control-wrap\" data-name=\"text-582\"><input size=\"40\" maxlength=\"400\" class=\"wpcf7-form-control wpcf7-text wpcf7-validates-as-required formulaire\" aria-required=\"true\" aria-invalid=\"false\" value=\"\" type=\"text\" name=\"text-582\" \/><\/span>\n\n\n<strong>Email (Obligatorio)<\/strong><span class=\"wpcf7-form-control-wrap\" data-name=\"email-483\"><input size=\"40\" maxlength=\"400\" class=\"wpcf7-form-control wpcf7-email wpcf7-validates-as-required wpcf7-text wpcf7-validates-as-email formulaire\" aria-required=\"true\" aria-invalid=\"false\" value=\"\" type=\"email\" name=\"email-483\" \/><\/span>\n\n\n<strong>Nombre del establecimiento (Obligatorio)<\/strong><span class=\"wpcf7-form-control-wrap\" data-name=\"text-297\"><input size=\"40\" maxlength=\"400\" class=\"wpcf7-form-control wpcf7-text wpcf7-validates-as-required formulaire\" aria-required=\"true\" aria-invalid=\"false\" value=\"\" type=\"text\" name=\"text-297\" \/><\/span>\n\n<strong>N\u00famero de tel\u00e9fono<\/strong> <span class=\"wpcf7-form-control-wrap\" data-name=\"tel-198\"><input size=\"40\" maxlength=\"400\" class=\"wpcf7-form-control wpcf7-tel wpcf7-text wpcf7-validates-as-tel formulaire\" aria-invalid=\"false\" value=\"\" type=\"tel\" name=\"tel-198\" \/><\/span>\n\n<strong>Mensaje<\/strong><span class=\"wpcf7-form-control-wrap\" data-name=\"textarea-454\"><textarea cols=\"40\" rows=\"10\" maxlength=\"2000\" class=\"wpcf7-form-control wpcf7-textarea formulaire\" aria-invalid=\"false\" name=\"textarea-454\"><\/textarea><\/span>\n\n<input class=\"wpcf7-form-control wpcf7-submit has-spinner formulaire\" type=\"submit\" value=\"Enviar\" \/><div class=\"wpcf7-response-output\" aria-hidden=\"true\"><\/div>\n<\/form>\n<\/div>\n[\/vc_column][\/vc_row][vc_row full_width=\u00bbstretch_row\u00bb is_section=\u00bbyes\u00bb css=\u00bb.vc_custom_1685107547183{margin-bottom: 50px !important;}\u00bb][vc_column width=\u00bb1\/3&#8243;]<div data-id=\"mpc_icon_column-3169e8efba071ba\" class=\"mpc-icon-column mpc-init mpc-parent-hover mpc-transition mpc-icon-column--style_1 mpc-align--center \" ><div data-id=\"mpc_icon-6969e8efba07203\" class=\"mpc-icon mpc-init mpc-transition mpc-effect-none mpc-icon-hover \"><div class=\"mpc-icon-wrap\"><i class=\"mpc-icon-part mpc-regular mpc-transition  etl etl-browser\"><\/i><i class=\"mpc-icon-part mpc-hover mpc-transition  etl etl-browser\"><\/i><\/div><\/div><div class=\"mpc-icon-column__content-wrap\"><div class=\"mpc-icon-column__content\"><h3 class=\"mpc-icon-column__heading mpc-typography--mpc_preset_20 mpc-transition\">Solicitud de presupuesto<\/h3><div class=\"mpc-icon-column__description mpc-typography--mpc_preset_1 mpc-transition\"><p>Solicite un presupuesto ahora<\/p>\n<\/div><\/div><\/div><\/div>[vc_empty_space height=\u00bb10&#8243;][vc_btn title=\u00bbPRESUPUESTO GRATIS\u00bb style=\u00bbcustom\u00bb custom_background=\u00bb#e3001a\u00bb custom_text=\u00bb#ffffff\u00bb shape=\u00bbrounded\u00bb size=\u00bblg\u00bb align=\u00bbcenter\u00bb skin=\u00bbprimary\u00bb link=\u00bburl:%23&#8243; el_id=\u00bbabrirmodalbox\u00bb el_class=\u00bbcolorrojoespamob\u00bb]<div id=\"modal-trg-txt-wrap-3299\" class=\"ult-modal-input-wrapper ult-adjust-bottom-margin    \" data-keypress-control=\"keypress-control-enable\" data-overlay-control=\"overlay-control-enable\"><span data-class-id=\"content-69e8efba0739d9-83515156\"><\/span>\n\t\t\t\t<script type=\"text\/javascript\">\n\t\t\t\t(function($){\n\t\t\t\t\t$(document).ready(function(){\n\t\t\t\t\t\tvar selector = \"#abrirmodalbox\";\n\t\t\t\t\t\t$(selector).addClass(\"custom-ult-modal overlay-show-genie\");\n\t\t\t\t\t\t$(selector).attr(\"data-class-id\", \"content-69e8efba0739d9-83515156\");\n\t\t\t\t\t\t$(selector).attr(\"data-overlay-class\", \"overlay-show-genie\");\n\t\t\t\t\t\t$(selector).attr(\"data-keypress-control\", \"keypress-control-enable\");\n\t\t\t\t\t\t$(selector).attr(\"data-overlay-control\", \"overlay-control-enable\");\n\t\t\t\t\t});\n\t\t\t\t})(jQuery);\n\t\t\t\t<\/script><\/div>\n<div class=\"ult-overlay overlay-genie content-69e8efba0739d9-83515156 \" style=\"display:none\" data-class=\"content-69e8efba0739d9-83515156\" data-steps=\"m 701.56545,809.01175 35.16718,0 0,19.68384 -35.16718,0 z;m 698.9986,728.03569 41.23353,0 -3.41953,77.8735 -34.98557,0 z;m 687.08153,513.78234 53.1506,0 C 738.0505,683.9161 737.86917,503.34193 737.27015,806 l -35.90067,0 c -7.82727,-276.34892 -2.06916,-72.79261 -14.28795,-292.21766 z;m 403.87105,257.94772 566.31246,2.93091 C 923.38284,513.78233 738.73561,372.23931 737.27015,806 l -35.90067,0 C 701.32034,404.49318 455.17312,480.07689 403.87105,257.94772 z;M 51.871052,165.94772 1362.1835,168.87863 C 1171.3828,653.78233 738.73561,372.23931 737.27015,806 l -35.90067,0 C 701.32034,404.49318 31.173122,513.78234 51.871052,165.94772 z;m 52,26 1364,4 c -12.8007,666.9037 -273.2644,483.78234 -322.7299,776 l -633.90062,0 C 359.32034,432.49318 -6.6979288,733.83462 52,26 z;m 0,0 1439.999975,0 0,805.99999 -1439.999975,0 z\">\n\t<svg xmlns=\"http:\/\/www.w3.org\/2000\/svg\" width=\"100%\" height=\"100%\" viewBox=\"0 0 1440 806\" preserveAspectRatio=\"none\">\n\t\t\t\t\t\t\t<path class=\"overlay-path\" d=\"m 701.56545,809.01175 35.16718,0 0,19.68384 -35.16718,0 z\" style=\"fill:rgba(119,119,119,0.8);\"\/>\n\t\t\t\t\t\t<\/svg>\n\t<div class=\"ult_modal ult-fade ult-medium\">\n\t\t<div id=\"ult-modal-wrap-3816\" class=\"ult_modal-content ult-hide\" style=\"border-style:solid;border-width:2px;border-radius:0px;border-color:#333333;\">\n\t\t\t<div class=\"ult_modal-header\" style=\"color:#333333;border-color:#333333;\">\n\t\t\t\t<div class=\"modal-icon\"><i class=\"Defaults-envelope-o\"><\/i><\/div><h3  data-ultimate-target='#ult-modal-wrap-3816 .ult_modal-title'  data-responsive-json-new='{\"font-size\":\"\",\"line-height\":\"\"}'  class=\"ult_modal-title ult-responsive\">Presupuesto de tu proyecto<\/h3>\n\t\t\t<\/div>\n\t\t\t<div  data-ultimate-target='#ult-modal-wrap-3816 .ult_modal-body'  data-responsive-json-new='{\"font-size\":\"\",\"line-height\":\"\"}'  class=\"ult_modal-body ult-responsive ult-html\" style=\"\">\n\t\t\t<\/p>\n<p>[caldera_form id=\u00bbCF6149c7d1c4417&#8243;]<\/p>\n<p>[caldera_form id=\u00bbCF614462cc44616&#8243;]<\/p>\n<p>\n\t\t\t<\/div>\n\t<\/div>\n\t<\/div>\n\t<div class=\"ult-overlay-close top-right\" style=\"width:80px;height:80px; \"><div class=\"ult-overlay-close-inside\">Close<\/div><\/div>\n<\/div>[\/vc_column][vc_column width=\u00bb1\/3&#8243;]<div data-id=\"mpc_icon_column-1769e8efba07460\" class=\"mpc-icon-column mpc-init mpc-parent-hover mpc-transition mpc-icon-column--style_1 mpc-align--center \" ><div data-id=\"mpc_icon-1569e8efba07486\" class=\"mpc-icon mpc-init mpc-transition mpc-effect-none mpc-icon-hover \"><div class=\"mpc-icon-wrap\"><i class=\"mpc-icon-part mpc-regular mpc-transition  etl etl-map\"><\/i><i class=\"mpc-icon-part mpc-hover mpc-transition  etl etl-map\"><\/i><\/div><\/div><div class=\"mpc-icon-column__content-wrap\"><div class=\"mpc-icon-column__content\"><h3 class=\"mpc-icon-column__heading mpc-transition\">ERASMUS EN ESPA\u00d1A<\/h3><div class=\"mpc-icon-column__description mpc-transition\"><p>\u00a1Descubre nuestros destinos!<\/p>\n<\/div><\/div><\/div><\/div>[vc_empty_space height=\u00bb10&#8243;][vc_btn title=\u00bbESPA\u00d1A\u00bb style=\u00bbcustom\u00bb custom_background=\u00bb#e3001a\u00bb custom_text=\u00bb#ffffff\u00bb shape=\u00bbrounded\u00bb size=\u00bblg\u00bb align=\u00bbcenter\u00bb link=\u00bburl:https%3A%2F%2Fespamob.com%2Fes%2Fpracticas-de-movilidad-en-espana%2Fbarcelona|title:ESPA%C3%91A\u00bb][\/vc_column][vc_column width=\u00bb1\/3&#8243;]<div data-id=\"mpc_icon_column-3769e8efba07547\" class=\"mpc-icon-column mpc-init mpc-parent-hover mpc-transition mpc-icon-column--style_1 mpc-align--center \" ><div data-id=\"mpc_icon-9169e8efba07569\" class=\"mpc-icon mpc-init mpc-transition mpc-effect-none mpc-icon-hover \"><div class=\"mpc-icon-wrap\"><i class=\"mpc-icon-part mpc-regular mpc-transition  etl etl-grid\"><\/i><i class=\"mpc-icon-part mpc-hover mpc-transition  etl etl-grid\"><\/i><\/div><\/div><div class=\"mpc-icon-column__content-wrap\"><div class=\"mpc-icon-column__content\"><h3 class=\"mpc-icon-column__heading mpc-transition\">SECTORES DE PR\u00c1CTICAS<\/h3><div class=\"mpc-icon-column__description mpc-transition\"><p>\u00a1Descubre nuestros sectores de pr\u00e1cticas!<\/p>\n<\/div><\/div><\/div><\/div>[vc_empty_space height=\u00bb10&#8243;][vc_btn title=\u00bbSECTORES DE PRACTICA\u00bb style=\u00bbcustom\u00bb custom_background=\u00bb#e3001a\u00bb custom_text=\u00bb#ffffff\u00bb shape=\u00bbrounded\u00bb size=\u00bblg\u00bb align=\u00bbcenter\u00bb link=\u00bburl:https%3A%2F%2Fespamob.com%2Fes%2Fsectores-practicas-empresas-erasmusplus|title:SECTORES%20DE%20PRACTICA\u00bb][\/vc_column][\/vc_row][vc_row conditional_render=\u00bb%5B%7B%22value_role%22%3A%22administrator%22%7D%5D\u00bb][vc_column][vc_gmaps link=\u00bb#E-8_JTNDaWZyYW1lJTIwdGl0bGUlM0QlMjJFc3BhbW9iJTIwU3BhaW4lMjBTLkwlMkMlMjBDYXJyZXIlMjBkZWwlMjBEb2N0b3IlMjBUcnVldGElMkMlMjBCYXJjZWxvbmElMjIlMjBzcmMlM0QlMjJodHRwcyUzQSUyRiUyRm1hcHMuZ29vZ2xlLmNvbSUyRm1hcHMlM0ZxJTNERXNwYW1vYiUyNTIwU3BhaW4lMjUyMFMuTCUyNTJDJTI1MjBDYXJyZXIlMjUyMGRlbCUyNTIwRG9jdG9yJTI1MjBUcnVldGElMjUyQyUyNTIwQmFyY2Vsb25hJTI2YW1wJTNCdCUzRG0lMjZhbXAlM0J6JTNEMTElMjZhbXAlM0JvdXRwdXQlM0RlbWJlZCUyNmFtcCUzQml3bG9jJTNEbmVhciUyMiUyMCUyMGhlaWdodCUzRCUyMjMwMCUyMiUzRSUzQyUyRmlmcmFtZSUzRQ==\u00bb size=\u00bb45%\u00bb][\/vc_column][\/vc_row]<\/p>\n<\/div>","protected":false},"excerpt":{"rendered":"<p>[vc_row css=\u00bb.vc_custom_1699803572073{margin-top: -20px !important;background-image: url(https:\/\/espamob.com\/wp-content\/uploads\/2023\/11\/Contact-Us.webp?id=20201) !important;background-position: center !important;background-repeat: no-repeat !important;background-size: cover !important;}\u00bb conditional_render=\u00bb%5B%7B%22value_role%22%3A%22administrator%22%7D%5D\u00bb][vc_column][vc_empty_space height=\u00bb180&#8243;][vc_custom_heading text=\u00bbExperto en Movilidad Erasmus Plus: \u00a1Contacta con nuestro equipo ahora!\u00bb font_container=\u00bbtag:h1|font_size:27|text_align:right\u00bb use_theme_fonts=\u00bbyes\u00bb css=\u00bb.vc_custom_1699459350602{margin-bottom: 15px !important;}\u00bb][vc_empty_space height=\u00bb60&#8243;][\/vc_column][\/vc_row][vc_row full_width=\u00bbstretch_row\u00bb css=\u00bb.vc_custom_1685374857070{margin-top: 25px !important;margin-bottom: 0px !important;}\u00bb conditional_render=\u00bb%5B%7B%22value_role%22%3A%22administrator%22%7D%5D\u00bb][vc_column width=\u00bb5\/12&#8243;][vc_custom_heading text=\u00bbUn equipo de expertos en Movilidad Erasmus Plus: Cont\u00e1ctanos ahora.\u00bb use_theme_fonts=\u00bbyes\u00bb][vc_column_text]Experto en Movilidad Erasmus Plus: Para cualquier<\/p>\n","protected":false},"author":1,"featured_media":0,"parent":0,"menu_order":0,"comment_status":"closed","ping_status":"closed","template":"","meta":{"footnotes":""},"class_list":["post-8074","page","type-page","status-publish","hentry"],"_links":{"self":[{"href":"https:\/\/espamob.com\/es\/wp-json\/wp\/v2\/pages\/8074","targetHints":{"allow":["GET"]}}],"collection":[{"href":"https:\/\/espamob.com\/es\/wp-json\/wp\/v2\/pages"}],"about":[{"href":"https:\/\/espamob.com\/es\/wp-json\/wp\/v2\/types\/page"}],"author":[{"embeddable":true,"href":"https:\/\/espamob.com\/es\/wp-json\/wp\/v2\/users\/1"}],"replies":[{"embeddable":true,"href":"https:\/\/espamob.com\/es\/wp-json\/wp\/v2\/comments?post=8074"}],"version-history":[{"count":0,"href":"https:\/\/espamob.com\/es\/wp-json\/wp\/v2\/pages\/8074\/revisions"}],"wp:attachment":[{"href":"https:\/\/espamob.com\/es\/wp-json\/wp\/v2\/media?parent=8074"}],"curies":[{"name":"wp","href":"https:\/\/api.w.org\/{rel}","templated":true}]}}