{"id":23777,"date":"2023-08-28T00:00:00","date_gmt":"2023-08-28T00:00:00","guid":{"rendered":"https:\/\/www.espamob.com\/sectores-practicas-empresas-erasmusplus\/salud\/stage-erasmus-prothesiste-dentaire\/"},"modified":"2024-02-24T14:55:25","modified_gmt":"2024-02-24T14:55:25","slug":"practica-erasmus-asistente-dental","status":"publish","type":"page","link":"https:\/\/espamob.com\/es\/sectores-practicas-empresas-erasmusplus\/salud\/practica-erasmus-asistente-dental\/","title":{"rendered":"Stage Erasmus : Proth\u00e9siste dentaire"},"content":{"rendered":"<div class=\"wpb-content-wrapper\"><p>[vc_row css=\u00bb.vc_custom_1708634197031{margin-top: -20px !important;margin-bottom: 40px !important;background-image: url(https:\/\/espamob.com\/wp-content\/uploads\/2024\/02\/Asistente-dental-y-tecnico-dental.webp?id=23747) !important;}\u00bb conditional_render=\u00bb%5B%7B%22value_role%22%3A%22administrator%22%7D%5D\u00bb][vc_column css=\u00bb.vc_custom_1687965657482{padding-top: 30px !important;}\u00bb conditional_render=\u00bb%5B%7B%22value_role%22%3A%22administrator%22%7D%5D\u00bb][vc_empty_space height=\u00bb170&#8243;][vc_custom_heading text=\u00bbPr\u00e1ctica Erasmus: Asistente dental\u00bb font_container=\u00bbtag:h1|font_size:27|text_align:center|color:%23ffffff\u00bb use_theme_fonts=\u00bbyes\u00bb css=\u00bb.vc_custom_1708783651939{margin-bottom: 15px !important;background-color: rgba(136,136,136,0.29) !important;*background-color: rgb(136,136,136) !important;}\u00bb animation_type=\u00bbzoomIn\u00bb][vc_empty_space height=\u00bb40&#8243;][\/vc_column][\/vc_row][vc_row wrap_container=\u00bbyes\u00bb text_align=\u00bbjustify\u00bb][vc_column text_align=\u00bbjustify\u00bb][vc_column_text]<\/p>\n<nav aria-label=\"breadcrumb\">\n<ol class=\"breadcrumb\">\n<li class=\"breadcrumb-item\"><a href=\"https:\/\/espamob.com\/es\">Home<\/a><\/li>\n<li class=\"breadcrumb-item\"><a href=\"https:\/\/espamob.com\/es\/sectores-practicas-empresas-erasmusplus\">Sectores de pr\u00e1cticas<\/a><\/li>\n<li class=\"breadcrumb-item active\" aria-current=\"page\"><a href=\"https:\/\/espamob.com\/es\/sectores-practicas-empresas-erasmusplus\/salud\/\">Movilidad sector sanidad<\/a><\/li>\n<li class=\"breadcrumb-item active\" aria-current=\"page\">Pr\u00e1ctica Erasmus : Asistente dental<\/li>\n<\/ol>\n<\/nav>\n<p>[\/vc_column_text][vc_custom_heading text=\u00bbPr\u00e1cticas Erasmus para asistentes dentales: una experiencia gratificante\u00bb use_theme_fonts=\u00bbyes\u00bb css=\u00bb.vc_custom_1708783714524{margin-top: 20px !important;}\u00bb][vc_separator][vc_row_inner][vc_column_inner width=\u00bb7\/12&#8243;][vc_column_text]La <strong>pr\u00e1ctica Erasmus como asistente dental<\/strong> no solo es una oportunidad para mejorar tus habilidades profesionales, sino tambi\u00e9n una ocasi\u00f3n \u00fanica para descubrir otras culturas e inmersarte en un nuevo pa\u00eds. En este art\u00edculo, abordaremos las diferentes facetas del programa Erasmus para asistentes dentales, as\u00ed como los beneficios y desaf\u00edos que puedes enfrentar durante tu estancia en el extranjero.<\/p>\n<h2>\u00bfQu\u00e9 es el programa Erasmus para asistentes dentales?<\/h2>\n<p>Erasmus es un <strong>programa de intercambio europeo<\/strong> que permite a estudiantes y profesionales realizar pr\u00e1cticas o estudios en otro pa\u00eds miembro de la Uni\u00f3n Europea. Para las asistentes dentales, esto implica la posibilidad de realizar una pr\u00e1ctica en una cl\u00ednica dental o un laboratorio dental ubicado en otro pa\u00eds, con el objetivo de adquirir una valiosa experiencia pr\u00e1ctica y mejorar sus habilidades profesionales.<\/p>\n<h3>Condiciones de participaci\u00f3n en el programa<\/h3>\n<p>Para participar en el programa Erasmus como asistente dental, debes estar inscrita en una escuela o instituci\u00f3n de formaci\u00f3n profesional reconocida en tu pa\u00eds de origen. Tambi\u00e9n es indispensable dominar el idioma del pa\u00eds donde planeas realizar tu pr\u00e1ctica, ya que deber\u00e1s comunicarte con tus colegas y los pacientes durante toda tu estancia.<\/p>\n<h2>Los beneficios de la pr\u00e1ctica Erasmus para asistentes dentales<\/h2>\n<p>Existen numerosos beneficios al realizar una pr\u00e1ctica Erasmus como asistente dental, entre ellos:<\/p>\n<ul>\n<li><strong>Desarrollar tus habilidades profesionales:<\/strong> La pr\u00e1ctica te permitir\u00e1 adquirir nuevas habilidades y t\u00e9cnicas en el campo de la asistencia dental, lo que puede mejorar tu empleabilidad.<\/li>\n<li><strong>Aprender un nuevo idioma<\/strong>: Participar en un programa Erasmus es una excelente oportunidad para practicar y mejorar tus habilidades ling\u00fc\u00edsticas en un contexto profesional.<\/li>\n<li><strong>Descubrir una nueva cultura<\/strong>: Vivir y trabajar en otro pa\u00eds durante varios meses te brindar\u00e1 la oportunidad de sumergirte completamente en una nueva cultura y vivir una experiencia \u00fanica.<\/li>\n<li><strong>Ampliar tu red profesional<\/strong>: Tendr\u00e1s la oportunidad de conocer a profesionales del sector dental de diferentes pa\u00edses, lo que puede ser \u00fatil para establecer contactos y desarrollar tu red profesional a nivel internacional.<\/li>\n<\/ul>\n<h3>Los desaf\u00edos de la pr\u00e1ctica Erasmus<\/h3>\n<p>Sin embargo, tambi\u00e9n puede haber desaf\u00edos durante una pr\u00e1ctica Erasmus para asistentes dentales. Una de las principales dificultades que suelen enfrentar los participantes del programa es la adaptaci\u00f3n a un nuevo entorno laboral y a una nueva cultura. Esto puede incluir diferencias en los m\u00e9todos de trabajo, las expectativas de los empleadores y la comunicaci\u00f3n con los pacientes. Es esencial mostrar apertura y flexibilidad para superar estos desaf\u00edos y aprovechar al m\u00e1ximo tu experiencia Erasmus.[\/vc_column_text][\/vc_column_inner][vc_column_inner width=\u00bb1\/12&#8243;][\/vc_column_inner][vc_column_inner width=\u00bb4\/12&#8243;][vc_single_image image=\u00bb18307&#8243; img_size=\u00bb400*400&#8243; alignment=\u00bbright\u00bb style=\u00bbvc_box_rounded\u00bb][vc_btn title=\u00bbVer m\u00e1s\u00bb style=\u00bbcustom\u00bb custom_background=\u00bb#e20000&#8243; custom_text=\u00bb#ffffff\u00bb align=\u00bbcenter\u00bb link=\u00bburl:https%3A%2F%2Fespamob.com%2Fes%2Fcontacto%2F|title:Contacto|target:_blank\u00bb][\/vc_column_inner][\/vc_row_inner][vc_custom_heading text=\u00bb\u00bfC\u00f3mo puedo encontrar unas pr\u00e1cticas Erasmus como asistente dental?\u00bb font_container=\u00bbtag:h3|text_align:left\u00bb use_theme_fonts=\u00bbyes\u00bb css=\u00bb.vc_custom_1708783911098{margin-top: 20px !important;}\u00bb][vc_separator][vc_row_inner][vc_column_inner width=\u00bb7\/12&#8243;][vc_column_text]Si est\u00e1s interesado en realizar una pr\u00e1ctica Erasmus como asistente dental, aqu\u00ed tienes algunos consejos para ayudarte a comenzar:<\/p>\n<ol>\n<li><strong>Consulta tu instituci\u00f3n de formaci\u00f3n<\/strong>: Habla con tus profesores o el departamento de relaciones internacionales de tu escuela para obtener informaci\u00f3n sobre las oportunidades de pr\u00e1cticas Erasmus disponibles para asistentes dentales.<\/li>\n<li><strong>Busca ofertas de pr\u00e1cticas en l\u00ednea<\/strong>: Muchos sitios web especializados en pr\u00e1cticas y empleos en el extranjero pueden ayudarte a encontrar ofertas de pr\u00e1cticas que se ajusten a tus criterios. Prep\u00e1rate para enviar varias solicitudes para maximizar tus posibilidades de \u00e9xito.<\/li>\n<li><strong>Utiliza tu red profesional<\/strong>: No dudes en pedir a tus contactos profesionales recomendaciones y pistas para encontrar una pr\u00e1ctica en el extranjero.<\/li>\n<\/ol>\n<h3>Prepara tu solicitud para una pr\u00e1ctica Erasmus<\/h3>\n<p>Para aumentar tus posibilidades durante tu b\u00fasqueda de pr\u00e1cticas Erasmus, aseg\u00farate de cuidar tu solicitud. Aqu\u00ed hay algunos elementos importantes a tener en cuenta:<\/p>\n<ul>\n<li><strong>Redacta un curr\u00edculum vitae adecuado<\/strong>: Adapta tu curr\u00edculum a las normas y expectativas del pa\u00eds al que est\u00e1s aplicando, destacando tus habilidades profesionales, ling\u00fc\u00edsticas e interculturales.<\/li>\n<li><strong>Escribe una carta de motivaci\u00f3n convincente<\/strong>: Explica claramente por qu\u00e9 deseas realizar una pr\u00e1ctica Erasmus como asistente dental, destacando los beneficios para ti y para la empresa a la que est\u00e1s aplicando.<\/li>\n<li><strong>Proporciona referencias profesionales<\/strong>: Pide a tus profesores o empleadores anteriores que te proporcionen cartas de recomendaci\u00f3n que respalden tu solicitud y demuestren tus habilidades profesionales.<\/li>\n<\/ul>\n<p>En resumen, el programa Erasmus brinda a los asistentes dentales una oportunidad \u00fanica para adquirir nuevas habilidades y descubrir otras culturas. A pesar de los desaf\u00edos relacionados con la adaptaci\u00f3n a un nuevo entorno, esta experiencia es sin duda enriquecedora y beneficiosa tanto a nivel profesional como personal.[\/vc_column_text][\/vc_column_inner][vc_column_inner width=\u00bb1\/12&#8243;][\/vc_column_inner][vc_column_inner width=\u00bb4\/12&#8243;][vc_raw_html]JTNDZGl2JTIwc3R5bGUlM0QlMjJwYWRkaW5nJTNBJTIwMzBweCUzQmJhY2tncm91bmQtY29sb3IlM0ElMjAlMjNGNEY0RjQlM0IlMjIlM0UlMEElMjAlMjAlMjAlMjAlM0NoNCUzRURlc2N1YnJhJTIwdG9kb3MlMjBsb3MlMjBzZWN0b3JlcyUyMGRlJTIwcHIlQzMlQTFjdGljYXMlM0MlMkZoNCUzRSUwQSUyMCUyMCUyMCUyMCUzQ3AlM0VFc3BhbW9iJTIwZXMlMjBlc3BlY2lhbGlzdGElMjBlbiUyMGxhJTIwYXNlc29yJUMzJUFEYSUyMGRlJTIwZ3J1cG9zJTIwZW4lMjBzdSUyMG1vdmlsaWRhZCUyMEVyYXNtdXMlMkIuJTIwRGVzY3VicmUlMjBlbiUyMHVub3MlMjBwb2NvcyUyMGNsaWNzJTIwdG9kb3MlMjBsb3MlMjBzZWN0b3JlcyUyMGRlJTIwcHIlQzMlQTFjdGljYXMlMjBFcmFzbXVzJTIwZW4lMjBFc3BhJUMzJUIxYS4lM0MlMkZwJTNFJTBBJTIwJTIwJTIwJTIwJTNDYSUyMGNsYXNzJTNEJTIydmNfZ2VuZXJhbCUyMHZjX2J0bjMlMjB2Y19idG4zLXNpemUtbWQlMjB2Y19idG4zLXNoYXBlLWRlZmF1bHQlMjB2Y19idG4zLXN0eWxlLWN1c3RvbSUyMHdwYl9jdXN0b21fNjY4N2IyNmYzOTQ4OGRkYmI4NWRkYjNjMWNlOGUxMTElMjBidG4lMjIlMjBzdHlsZSUzRCUyMmJhY2tncm91bmQtY29sb3IlM0ElMjNlMjAwMDAlM0IlMjBjb2xvciUzQSUyM2ZmZmZmZiUzQiUyMGJhY2tncm91bmQtY29sb3IlM0ElMjNlMjAwMDAlM0IlMjBjb2xvciUzQSUyM2ZmZmZmZiUzQiUyMiUyMGhyZWYlM0QlMjJodHRwcyUzQSUyRiUyRnd3dy5lc3BhbW9iLmNvbSUyRmVzJTJGc2VjdG9yZXMtcHJhY3RpY2FzLWVtcHJlc2FzLWVyYXNtdXNwbHVzJTJGJTIyJTIwdGl0bGUlM0QlMjJTZWN0b3JlcyUyMGRlJTIwcHIlQzMlQTFjdGljYXMlMjIlMjB0YXJnZXQlM0QlMjJfYmxhbmslMjIlM0VEZXNjdWJyaXIlMjBsb3MlMjBzZWN0b3JlcyUzQyUyRmElM0UlMEElM0MlMkZkaXYlM0U=[\/vc_raw_html][\/vc_column_inner][\/vc_row_inner][\/vc_column][\/vc_row][vc_row full_width=\u00bbstretch_row\u00bb wrap_container=\u00bbyes\u00bb is_section=\u00bbyes\u00bb css=\u00bb.vc_custom_1708784088480{border-top-width: 0px !important;padding-top: 15px !important;padding-bottom: 15px !important;background-color: #f8f392 !important;}\u00bb conditional_render=\u00bb%5B%7B%22value_role%22%3A%22administrator%22%7D%5D\u00bb][vc_column][vc_row_inner css=\u00bb.vc_custom_1688548648248{background-color: #f8f392 !important;}\u00bb][vc_column_inner][vc_custom_heading text=\u00bbSolicite un presupuesto gratuito\u00bb font_container=\u00bbtag:h2|text_align:center\u00bb use_theme_fonts=\u00bbyes\u00bb][vc_column_text]<\/p>\n<p style=\"text-align: justify;\">\u00bfTienes una idea para un proyecto Erasmus+ en Espa\u00f1a y est\u00e1s buscando un referente de confianza que te apoye? \u00a1<strong>Espamob<\/strong>\u2019 est\u00e1 aqu\u00ed para ayudarte! Te ofrecemos un presupuesto gratuito y sin compromiso para ayudarte a gestionar tu proyecto de movilidad. Gracias a nuestra experiencia y nuestra red de empresas asociadas, podemos ofrecerle soporte personalizado para satisfacer sus necesidades espec\u00edficas. Cont\u00e1ctenos ahora para hablar de su proyecto y obtener su presupuesto gratuito.<\/p>\n<p>[\/vc_column_text]<div id=\"modal-trg-txt-wrap-6316\" class=\"ult-modal-input-wrapper ult-adjust-bottom-margin    \" data-keypress-control=\"keypress-control-enable\" data-overlay-control=\"overlay-control-enable\"><style>\n\t\t\t\t\t.btn-modal.btn-id-69e7994263b8a8-42831442:hover {\n\t\t\t\t\t\tbackground-color: #e20000 !important;\n\t\t\t\t\t}\n\t\t\t\t\t<\/style><button  data-ultimate-target='#modal-trg-txt-wrap-6316 .btn-modal'  data-responsive-json-new='{\"font-size\":\"\",\"line-height\":\"\"}'  style=\"background:#888888;border-color:#888888;color:#ffffff; \" data-class-id=\"content-69e7994263b8a8-42831442\" class=\"btn-modal ult-responsive btn-primary btn-modal-md overlay-show ult-align-center btn-id-69e7994263b8a8-42831442\" data-overlay-class=\"overlay-cornerbottomleft\">SOLIICITAR PRESUPUESTO GRATUITO<\/button><\/div>\n<div class=\"ult-overlay content-69e7994263b8a8-42831442 \" data-class=\"content-69e7994263b8a8-42831442\" id=\"button-click-overlay\" style=\"background:rgba(51,51,51,0.8); display:none;\">\n\t<div class=\"ult_modal ult-fade ult-medium\">\n\t\t<div id=\"ult-modal-wrap-7511\" class=\"ult_modal-content ult-hide\" style=\"border-style:solid;border-width:2px;border-radius:0px;border-color:#333333;\">\n\t\t\t<div class=\"ult_modal-header\" style=\"color:#333333;border-color:#333333;\">\n\t\t\t\t<h3  data-ultimate-target='#ult-modal-wrap-7511 .ult_modal-title'  data-responsive-json-new='{\"font-size\":\"\",\"line-height\":\"\"}'  class=\"ult_modal-title ult-responsive\">SOLIICITAR PRESUPUESTO GRATUITO<\/h3>\n\t\t\t<\/div>\n\t\t\t<div  data-ultimate-target='#ult-modal-wrap-7511 .ult_modal-body'  data-responsive-json-new='{\"font-size\":\"\",\"line-height\":\"\"}'  class=\"ult_modal-body ult-responsive ult-html\" style=\"\">\n\t\t\t<\/p>\n<p>[caldera_form id=\u00bbCF6149c7d1c4417&#8243;]<\/p>\n<p>\n\t\t\t<\/div>\n\t<\/div>\n\t<\/div>\n\t<div class=\"ult-overlay-close top-right\" style=\"width:80px;height:80px; \"><div class=\"ult-overlay-close-inside\">Close<\/div><\/div>\n<\/div>[\/vc_column_inner][\/vc_row_inner][\/vc_column][\/vc_row][vc_row wrap_container=\u00bbyes\u00bb css=\u00bb.vc_custom_1689256499740{margin-top: 15px !important;}\u00bb conditional_render=\u00bb%5B%7B%22value_role%22%3A%22administrator%22%7D%5D\u00bb][vc_column][vc_custom_heading text=\u00bbPreguntas frecuentes\u00bb font_container=\u00bbtag:h2|text_align:center|color:%23000000&#8243; use_theme_fonts=\u00bbyes\u00bb][vc_separator][vc_row_inner][vc_column_inner width=\u00bb7\/12&#8243;][vc_column_text]<\/p>\n<h3>\u00bfCu\u00e1les son las ventajas de elegir Espamob para realizar una pr\u00e1ctica Erasmus como asistente dental en Espa\u00f1a?<\/h3>\n<p>Optar por Espamob para llevar a cabo una pr\u00e1ctica Erasmus como asistente dental en Espa\u00f1a ofrece varias ventajas. En primer lugar, Espamob cuenta con experiencia en el acompa\u00f1amiento de grupos que desean realizar movilidades Erasmus+ en Espa\u00f1a, garantizando una gesti\u00f3n completa y profesional de su proyecto. Adem\u00e1s, Espamob cuenta con una red de socios universitarios y empresas en el campo de la pr\u00f3tesis dental, facilitando la b\u00fasqueda de pr\u00e1cticas de calidad. Finalmente, Espamob se encarga tambi\u00e9n de la organizaci\u00f3n log\u00edstica de su estancia en Espa\u00f1a, encontrando alojamientos adecuados en el lugar y asegurando su recepci\u00f3n en el aeropuerto.<\/p>\n<h3>\u00bfC\u00f3mo puede Espamob ayudarme a financiar mi pr\u00e1ctica Erasmus como asistente dental en Espa\u00f1a?<\/h3>\n<p>Espamob puede ayudarte en la b\u00fasqueda de financiamiento para tu pr\u00e1ctica Erasmus como asistente dental en Espa\u00f1a. La agencia tiene un conocimiento profundo de los dispositivos de financiamiento disponibles, como las becas Erasmus+, las ayudas regionales o las asociaciones con empresas. Espamob te acompa\u00f1a en la elaboraci\u00f3n de tu expediente de solicitud de financiamiento y te gu\u00eda en los tr\u00e1mites administrativos necesarios.<\/p>\n<h3>\u00bfCu\u00e1les son las garant\u00edas ofrecidas por Espamob con respecto a la acogida en las universidades y empresas asociadas para mi pr\u00e1ctica Erasmus como asistente dental en Espa\u00f1a?<\/h3>\n<p>Espamob se compromete a garantizar una acogida de calidad en las universidades y empresas asociadas para tu pr\u00e1ctica Erasmus como asistente dental en Espa\u00f1a. La agencia selecciona cuidadosamente a sus socios en funci\u00f3n de su experiencia y su capacidad para ofrecer un entorno propicio para el aprendizaje y el desarrollo profesional. Adem\u00e1s, Espamob realiza un seguimiento regular durante toda tu pr\u00e1ctica para asegurarse de tu satisfacci\u00f3n y resolver cualquier problema que puedas encontrar.[\/vc_column_text][\/vc_column_inner][vc_column_inner width=\u00bb1\/12&#8243;][\/vc_column_inner][vc_column_inner width=\u00bb4\/12&#8243;][vc_single_image image=\u00bb15074&#8243; img_size=\u00bbfull\u00bb][vc_column_text]<strong>M\u00e1s informaci\u00f3n sobre los diferentes destinos Erasmus + en Espa\u00f1a :<\/strong><\/p>\n<ul>\n<li><a href=\"https:\/\/espamob.com\/es\/sectores-practicas-empresas-erasmusplus\/salud\/practica-erasmus-enfermeria\/\">Pr\u00e1ctica Erasmus Enfermer\u00eda<\/a><\/li>\n<li><a href=\"https:\/\/espamob.com\/es\/sectores-practicas-empresas-erasmusplus\/salud\/practica-erasmus-veterinaria\/\">Pr\u00e1ctica Erasmus Veterinaria<\/a><\/li>\n<li><a href=\"https:\/\/espamob.com\/es\/sectores-practicas-empresas-erasmusplus\/salud\/practica-erasmus-auxiliar-de-enfermeria\/\">Pr\u00e1ctica Erasmus Auxiliar de enfermer\u00eda<\/a><\/li>\n<\/ul>\n<p>[\/vc_column_text][\/vc_column_inner][\/vc_row_inner][\/vc_column][\/vc_row]<\/p>\n<\/div>","protected":false},"excerpt":{"rendered":"<p>[vc_row css=\u00bb.vc_custom_1708634197031{margin-top: -20px !important;margin-bottom: 40px !important;background-image: url(https:\/\/espamob.com\/wp-content\/uploads\/2024\/02\/Asistente-dental-y-tecnico-dental.webp?id=23747) !important;}\u00bb conditional_render=\u00bb%5B%7B%22value_role%22%3A%22administrator%22%7D%5D\u00bb][vc_column css=\u00bb.vc_custom_1687965657482{padding-top: 30px !important;}\u00bb conditional_render=\u00bb%5B%7B%22value_role%22%3A%22administrator%22%7D%5D\u00bb][vc_empty_space height=\u00bb170&#8243;][vc_custom_heading text=\u00bbPr\u00e1ctica Erasmus: Asistente dental\u00bb font_container=\u00bbtag:h1|font_size:27|text_align:center|color:%23ffffff\u00bb use_theme_fonts=\u00bbyes\u00bb css=\u00bb.vc_custom_1708783651939{margin-bottom: 15px !important;background-color: rgba(136,136,136,0.29) !important;*background-color: rgb(136,136,136) !important;}\u00bb animation_type=\u00bbzoomIn\u00bb][vc_empty_space height=\u00bb40&#8243;][\/vc_column][\/vc_row][vc_row wrap_container=\u00bbyes\u00bb text_align=\u00bbjustify\u00bb][vc_column text_align=\u00bbjustify\u00bb][vc_column_text] Home Sectores de pr\u00e1cticas Movilidad sector sanidad Pr\u00e1ctica Erasmus : Asistente dental [\/vc_column_text][vc_custom_heading text=\u00bbPr\u00e1cticas Erasmus para asistentes dentales: una experiencia gratificante\u00bb use_theme_fonts=\u00bbyes\u00bb css=\u00bb.vc_custom_1708783714524{margin-top:<\/p>\n","protected":false},"author":2,"featured_media":0,"parent":12440,"menu_order":0,"comment_status":"closed","ping_status":"closed","template":"","meta":{"footnotes":""},"class_list":["post-23777","page","type-page","status-publish","hentry"],"_links":{"self":[{"href":"https:\/\/espamob.com\/es\/wp-json\/wp\/v2\/pages\/23777","targetHints":{"allow":["GET"]}}],"collection":[{"href":"https:\/\/espamob.com\/es\/wp-json\/wp\/v2\/pages"}],"about":[{"href":"https:\/\/espamob.com\/es\/wp-json\/wp\/v2\/types\/page"}],"author":[{"embeddable":true,"href":"https:\/\/espamob.com\/es\/wp-json\/wp\/v2\/users\/2"}],"replies":[{"embeddable":true,"href":"https:\/\/espamob.com\/es\/wp-json\/wp\/v2\/comments?post=23777"}],"version-history":[{"count":0,"href":"https:\/\/espamob.com\/es\/wp-json\/wp\/v2\/pages\/23777\/revisions"}],"up":[{"embeddable":true,"href":"https:\/\/espamob.com\/es\/wp-json\/wp\/v2\/pages\/12440"}],"wp:attachment":[{"href":"https:\/\/espamob.com\/es\/wp-json\/wp\/v2\/media?parent=23777"}],"curies":[{"name":"wp","href":"https:\/\/api.w.org\/{rel}","templated":true}]}}