{"id":23773,"date":"2023-08-28T00:00:00","date_gmt":"2023-08-28T00:00:00","guid":{"rendered":"https:\/\/www.espamob.com\/sectores-practicas-empresas-erasmusplus\/salud\/stage-erasmus-infirmerie\/"},"modified":"2024-02-24T14:52:58","modified_gmt":"2024-02-24T14:52:58","slug":"practica-erasmus-enfermeria","status":"publish","type":"page","link":"https:\/\/espamob.com\/es\/sectores-practicas-empresas-erasmusplus\/salud\/practica-erasmus-enfermeria\/","title":{"rendered":"Stage Erasmus : Infirmerie"},"content":{"rendered":"<div class=\"wpb-content-wrapper\"><p>[vc_row css=\u00bb.vc_custom_1708634158657{margin-top: -20px !important;margin-bottom: 40px !important;background-image: url(https:\/\/espamob.com\/wp-content\/uploads\/2024\/02\/Enfermeria.webp?id=23757) !important;}\u00bb conditional_render=\u00bb%5B%7B%22value_role%22%3A%22administrator%22%7D%5D\u00bb][vc_column css=\u00bb.vc_custom_1687965657482{padding-top: 30px !important;}\u00bb conditional_render=\u00bb%5B%7B%22value_role%22%3A%22administrator%22%7D%5D\u00bb][vc_empty_space height=\u00bb170&#8243;][vc_custom_heading text=\u00bbPr\u00e1ctica Erasmus: Enfermer\u00eda\u00bb font_container=\u00bbtag:h1|font_size:27|text_align:center|color:%23ffffff\u00bb use_theme_fonts=\u00bbyes\u00bb css=\u00bb.vc_custom_1708780554952{margin-bottom: 15px !important;background-color: rgba(136,136,136,0.29) !important;*background-color: rgb(136,136,136) !important;}\u00bb animation_type=\u00bbzoomIn\u00bb][vc_empty_space height=\u00bb40&#8243;][\/vc_column][\/vc_row][vc_row wrap_container=\u00bbyes\u00bb text_align=\u00bbjustify\u00bb][vc_column text_align=\u00bbjustify\u00bb][vc_column_text]<\/p>\n<nav aria-label=\"breadcrumb\">\n<ol class=\"breadcrumb\">\n<li class=\"breadcrumb-item\"><a href=\"https:\/\/espamob.com\/es\">Home<\/a><\/li>\n<li class=\"breadcrumb-item\"><a href=\"https:\/\/espamob.com\/es\/sectores-practicas-empresas-erasmusplus\">Sectores de pr\u00e1cticas<\/a><\/li>\n<li class=\"breadcrumb-item active\" aria-current=\"page\"><a href=\"https:\/\/espamob.com\/es\/sectores-practicas-empresas-erasmusplus\/salud\/\">Movilidad sector sanidad<\/a><\/li>\n<li class=\"breadcrumb-item active\" aria-current=\"page\">Pr\u00e1ctica Erasmus : Enfermer\u00eda<\/li>\n<\/ol>\n<\/nav>\n<p>[\/vc_column_text][vc_custom_heading text=\u00bbPr\u00e1cticas Erasmus en enfermer\u00eda: una experiencia enriquecedora para los estudiantes de enfermer\u00eda\u00bb use_theme_fonts=\u00bbyes\u00bb css=\u00bb.vc_custom_1708780688781{margin-top: 20px !important;}\u00bb][vc_separator][vc_row_inner][vc_column_inner width=\u00bb7\/12&#8243;][vc_column_text]En un mundo cada vez m\u00e1s globalizado e interconectado, es esencial que los futuros profesionales de la salud desarrollen sus habilidades ling\u00fc\u00edsticas y culturales. En este contexto, las <strong>pr\u00e1cticas de enfermer\u00eda Erasmus<\/strong> ofrecen a los estudiantes de enfermer\u00eda la oportunidad de vivir una experiencia \u00fanica de formaci\u00f3n en el extranjero.<\/p>\n<h2>\u00bfQu\u00e9 es el programa Erasmus?<\/h2>\n<p>El programa Erasmus (Programa de Acci\u00f3n para la Movilidad de Estudiantes Universitarios en la Regi\u00f3n Europea) es una iniciativa europea que busca promover la movilidad de estudiantes y profesores entre instituciones de educaci\u00f3n superior dentro de la Uni\u00f3n Europea. Creado en 1987, este programa ha permitido que millones de estudiantes estudien o realicen pr\u00e1cticas en el extranjero, promoviendo as\u00ed su desarrollo personal y profesional.<\/p>\n<h2>Beneficios de las pr\u00e1cticas Erasmus en enfermer\u00eda<\/h2>\n<p>Las pr\u00e1cticas Erasmus en enfermer\u00eda ofrecen numerosos beneficios a los estudiantes de enfermer\u00eda:<\/p>\n<ul>\n<li><strong>Mejora de habilidades ling\u00fc\u00edsticas<\/strong>: Realizar pr\u00e1cticas en el extranjero permite a los estudiantes mejorar sus conocimientos de idiomas, lo cual es especialmente \u00fatil en un contexto profesional donde la comunicaci\u00f3n con pacientes y colegas es fundamental.<\/li>\n<li><strong>Descubrimiento de nuevas pr\u00e1cticas profesionales<\/strong>: Cada pa\u00eds tiene sus propios m\u00e9todos y protocolos en el \u00e1mbito de la enfermer\u00eda. Realizar pr\u00e1cticas en el extranjero permite aprender nuevas t\u00e9cnicas y ampliar el conjunto de habilidades.<\/li>\n<li><strong>Desarrollo de la capacidad de adaptaci\u00f3n<\/strong>: Adaptarse a un nuevo entorno, una nueva cultura y un nuevo idioma es un verdadero desaf\u00edo. Superar estos obst\u00e1culos fortalece la confianza en uno mismo y la capacidad de adaptaci\u00f3n de los estudiantes, cualidades esenciales para su futura profesi\u00f3n.<\/li>\n<li><strong>Ampliaci\u00f3n de la red profesional<\/strong>: Realizar pr\u00e1cticas en otro pa\u00eds permite establecer contactos con profesionales de la salud locales, lo que puede ser beneficioso para la futura carrera del estudiante.<\/li>\n<\/ul>\n<h3>C\u00f3mo encontrar pr\u00e1cticas Erasmus en enfermer\u00eda<\/h3>\n<p>Para participar en pr\u00e1cticas Erasmus en enfermer\u00eda, es necesario seguir algunos pasos clave:<\/p>\n<ol>\n<li><strong>Informarse en el Instituto de Formaci\u00f3n en Enfermer\u00eda (IFSI)<\/strong>: Los IFSI suelen tener acuerdos con varias universidades extranjeras y pueden ayudar a los estudiantes a encontrar pr\u00e1cticas que se ajusten a sus expectativas.<\/li>\n<li><strong>Preparar la solicitud<\/strong>: Para postular a una pr\u00e1ctica Erasmus, es necesario presentar una solicitud que incluya documentos como CV, carta de motivaci\u00f3n, expedientes acad\u00e9micos, certificado de idioma (si es necesario) y formulario de solicitud de beca Erasmus.<\/li>\n<li><strong>Buscar pr\u00e1cticas en instituciones de salud en el extranjero<\/strong>: Hay varios sitios web especializados en la b\u00fasqueda de pr\u00e1cticas en el extranjero, como ErasmusIntern o AIESEC. Los estudiantes tambi\u00e9n pueden acercarse a las embajadas y consulados de los pa\u00edses de su inter\u00e9s.<\/li>\n<li><strong>Enviar la solicitud:<\/strong> Una vez encontrada la pr\u00e1ctica, es necesario enviar la solicitud al establecimiento de acogida para obtener una respuesta positiva o negativa. Se recomienda postular a varias pr\u00e1cticas para maximizar las oportunidades.<\/li>\n<\/ol>\n<p>[\/vc_column_text][\/vc_column_inner][vc_column_inner width=\u00bb1\/12&#8243;][\/vc_column_inner][vc_column_inner width=\u00bb4\/12&#8243;][vc_single_image image=\u00bb18217&#8243; img_size=\u00bb400*400&#8243; alignment=\u00bbright\u00bb style=\u00bbvc_box_rounded\u00bb][vc_btn title=\u00bbVer m\u00e1s\u00bb style=\u00bbcustom\u00bb custom_background=\u00bb#e20000&#8243; custom_text=\u00bb#ffffff\u00bb align=\u00bbcenter\u00bb link=\u00bburl:https%3A%2F%2Fespamob.com%2Fes%2Fcontacto%2F|title:Contacto|target:_blank\u00bb][\/vc_column_inner][\/vc_row_inner][vc_custom_heading text=\u00bbCondiciones y duraci\u00f3n de las pr\u00e1cticas de enfermer\u00eda Erasmus\u00bb font_container=\u00bbtag:h3|text_align:left\u00bb use_theme_fonts=\u00bbyes\u00bb css=\u00bb.vc_custom_1708781008681{margin-top: 20px !important;}\u00bb][vc_separator][vc_row_inner][vc_column_inner width=\u00bb7\/12&#8243;][vc_column_text]El periodo de pr\u00e1cticas Erasmus en enfermer\u00eda debe cumplir con ciertas condiciones:<\/p>\n<ul>\n<li>La duraci\u00f3n m\u00ednima del periodo de pr\u00e1cticas es de 2 meses y la duraci\u00f3n m\u00e1xima es de 12 meses.<\/li>\n<li>Las pr\u00e1cticas deben llevarse a cabo en una instituci\u00f3n de salud ubicada en un pa\u00eds miembro de la Uni\u00f3n Europea o en un pa\u00eds asociado al programa Erasmus.<\/li>\n<li>Las pr\u00e1cticas deben ser reconocidas por el Instituto de Formaci\u00f3n en Soins Infirmiers (IFSI) de origen y deben dar lugar a la obtenci\u00f3n de cr\u00e9ditos ECTS (Sistema Europeo de Transferencia y Acumulaci\u00f3n de Cr\u00e9ditos).<\/li>\n<li>Los estudiantes deben beneficiarse de una beca Erasmus para financiar su estancia en el extranjero. El monto de esta beca var\u00eda seg\u00fan el pa\u00eds de acogida y la duraci\u00f3n de las pr\u00e1cticas.<\/li>\n<\/ul>\n<h3>El reconocimiento de las pr\u00e1cticas Erasmus en enfermer\u00eda por parte de los IFSI<\/h3>\n<p>Para que las pr\u00e1cticas Erasmus en enfermer\u00eda sean reconocidas por el IFSI, es necesario seguir una serie de procedimientos:<\/p>\n<ol>\n<li>Redactar un contrato de estudios (Learning Agreement) detallando el programa de pr\u00e1cticas, los objetivos a alcanzar y las habilidades a desarrollar.<\/li>\n<li>Validar este contrato por parte del IFSI de origen y por la instituci\u00f3n de acogida.<\/li>\n<li>Al finalizar las pr\u00e1cticas, obtener un certificado de pr\u00e1cticas y un informe de evaluaci\u00f3n por parte de la instituci\u00f3n de acogida.<\/li>\n<li>Presentar estos documentos al IFSI de origen para validar las pr\u00e1cticas y obtener los cr\u00e9ditos ECTS correspondientes.<\/li>\n<\/ol>\n<p>En resumen, las pr\u00e1cticas Erasmus en enfermer\u00eda representan una oportunidad \u00fanica para que los estudiantes de enfermer\u00eda se formen internacionalmente, mejoren sus habilidades ling\u00fc\u00edsticas y profesionales, y vivan una experiencia humana enriquecedora.[\/vc_column_text][\/vc_column_inner][vc_column_inner width=\u00bb1\/12&#8243;][\/vc_column_inner][vc_column_inner width=\u00bb4\/12&#8243;][vc_raw_html]JTNDZGl2JTIwc3R5bGUlM0QlMjJwYWRkaW5nJTNBJTIwMzBweCUzQmJhY2tncm91bmQtY29sb3IlM0ElMjAlMjNGNEY0RjQlM0IlMjIlM0UlMEElMjAlMjAlMjAlMjAlM0NoNCUzRURlc2N1YnJhJTIwdG9kb3MlMjBsb3MlMjBzZWN0b3JlcyUyMGRlJTIwcHIlQzMlQTFjdGljYXMlM0MlMkZoNCUzRSUwQSUyMCUyMCUyMCUyMCUzQ3AlM0VFc3BhbW9iJTIwZXMlMjBlc3BlY2lhbGlzdGElMjBlbiUyMGxhJTIwYXNlc29yJUMzJUFEYSUyMGRlJTIwZ3J1cG9zJTIwZW4lMjBzdSUyMG1vdmlsaWRhZCUyMEVyYXNtdXMlMkIuJTIwRGVzY3VicmUlMjBlbiUyMHVub3MlMjBwb2NvcyUyMGNsaWNzJTIwdG9kb3MlMjBsb3MlMjBzZWN0b3JlcyUyMGRlJTIwcHIlQzMlQTFjdGljYXMlMjBFcmFzbXVzJTIwZW4lMjBFc3BhJUMzJUIxYS4lM0MlMkZwJTNFJTBBJTIwJTIwJTIwJTIwJTNDYSUyMGNsYXNzJTNEJTIydmNfZ2VuZXJhbCUyMHZjX2J0bjMlMjB2Y19idG4zLXNpemUtbWQlMjB2Y19idG4zLXNoYXBlLWRlZmF1bHQlMjB2Y19idG4zLXN0eWxlLWN1c3RvbSUyMHdwYl9jdXN0b21fNjY4N2IyNmYzOTQ4OGRkYmI4NWRkYjNjMWNlOGUxMTElMjBidG4lMjIlMjBzdHlsZSUzRCUyMmJhY2tncm91bmQtY29sb3IlM0ElMjNlMjAwMDAlM0IlMjBjb2xvciUzQSUyM2ZmZmZmZiUzQiUyMGJhY2tncm91bmQtY29sb3IlM0ElMjNlMjAwMDAlM0IlMjBjb2xvciUzQSUyM2ZmZmZmZiUzQiUyMiUyMGhyZWYlM0QlMjJodHRwcyUzQSUyRiUyRnd3dy5lc3BhbW9iLmNvbSUyRmVzJTJGc2VjdG9yZXMtcHJhY3RpY2FzLWVtcHJlc2FzLWVyYXNtdXNwbHVzJTJGJTIyJTIwdGl0bGUlM0QlMjJTZWN0b3JlcyUyMGRlJTIwcHIlQzMlQTFjdGljYXMlMjIlMjB0YXJnZXQlM0QlMjJfYmxhbmslMjIlM0VEZXNjdWJyaXIlMjBsb3MlMjBzZWN0b3JlcyUzQyUyRmElM0UlMEElM0MlMkZkaXYlM0U=[\/vc_raw_html][\/vc_column_inner][\/vc_row_inner][\/vc_column][\/vc_row][vc_row full_width=\u00bbstretch_row\u00bb wrap_container=\u00bbyes\u00bb is_section=\u00bbyes\u00bb css=\u00bb.vc_custom_1708781230486{border-top-width: 0px !important;padding-top: 15px !important;padding-bottom: 15px !important;background-color: #f8f392 !important;}\u00bb conditional_render=\u00bb%5B%7B%22value_role%22%3A%22administrator%22%7D%5D\u00bb][vc_column][vc_row_inner css=\u00bb.vc_custom_1688548648248{background-color: #f8f392 !important;}\u00bb][vc_column_inner][vc_custom_heading text=\u00bbSolicite un presupuesto gratuito\u00bb font_container=\u00bbtag:h2|text_align:center\u00bb use_theme_fonts=\u00bbyes\u00bb][vc_column_text]<\/p>\n<p style=\"text-align: justify;\">\u00bfTienes una idea para un proyecto Erasmus+ en Espa\u00f1a y est\u00e1s buscando un referente de confianza que te apoye? \u00a1<strong>Espamob<\/strong>\u2019 est\u00e1 aqu\u00ed para ayudarte! Te ofrecemos un presupuesto gratuito y sin compromiso para ayudarte a gestionar tu proyecto de movilidad. Gracias a nuestra experiencia y nuestra red de empresas asociadas, podemos ofrecerle soporte personalizado para satisfacer sus necesidades espec\u00edficas. Cont\u00e1ctenos ahora para hablar de su proyecto y obtener su presupuesto gratuito.<\/p>\n<p>[\/vc_column_text]<div id=\"modal-trg-txt-wrap-2243\" class=\"ult-modal-input-wrapper ult-adjust-bottom-margin    \" data-keypress-control=\"keypress-control-enable\" data-overlay-control=\"overlay-control-enable\"><style>\n\t\t\t\t\t.btn-modal.btn-id-69e79298545269-68641145:hover {\n\t\t\t\t\t\tbackground-color: #e20000 !important;\n\t\t\t\t\t}\n\t\t\t\t\t<\/style><button  data-ultimate-target='#modal-trg-txt-wrap-2243 .btn-modal'  data-responsive-json-new='{\"font-size\":\"\",\"line-height\":\"\"}'  style=\"background:#888888;border-color:#888888;color:#ffffff; \" data-class-id=\"content-69e79298545269-68641145\" class=\"btn-modal ult-responsive btn-primary btn-modal-md overlay-show ult-align-center btn-id-69e79298545269-68641145\" data-overlay-class=\"overlay-cornerbottomleft\">SOLICITAR PRESUPUESTO GRATUITO<\/button><\/div>\n<div class=\"ult-overlay content-69e79298545269-68641145 \" data-class=\"content-69e79298545269-68641145\" id=\"button-click-overlay\" style=\"background:rgba(51,51,51,0.8); display:none;\">\n\t<div class=\"ult_modal ult-fade ult-medium\">\n\t\t<div id=\"ult-modal-wrap-5911\" class=\"ult_modal-content ult-hide\" style=\"border-style:solid;border-width:2px;border-radius:0px;border-color:#333333;\">\n\t\t\t<div class=\"ult_modal-header\" style=\"color:#333333;border-color:#333333;\">\n\t\t\t\t<h3  data-ultimate-target='#ult-modal-wrap-5911 .ult_modal-title'  data-responsive-json-new='{\"font-size\":\"\",\"line-height\":\"\"}'  class=\"ult_modal-title ult-responsive\">SOLICITAR PRESUPUESTO GRATUITO<\/h3>\n\t\t\t<\/div>\n\t\t\t<div  data-ultimate-target='#ult-modal-wrap-5911 .ult_modal-body'  data-responsive-json-new='{\"font-size\":\"\",\"line-height\":\"\"}'  class=\"ult_modal-body ult-responsive ult-html\" style=\"\">\n\t\t\t<\/p>\n<p>[caldera_form id=\u00bbCF6149c7d1c4417&#8243;]<\/p>\n<p>\n\t\t\t<\/div>\n\t<\/div>\n\t<\/div>\n\t<div class=\"ult-overlay-close top-right\" style=\"width:80px;height:80px; \"><div class=\"ult-overlay-close-inside\">Close<\/div><\/div>\n<\/div>[\/vc_column_inner][\/vc_row_inner][\/vc_column][\/vc_row][vc_row wrap_container=\u00bbyes\u00bb css=\u00bb.vc_custom_1689256499740{margin-top: 15px !important;}\u00bb conditional_render=\u00bb%5B%7B%22value_role%22%3A%22administrator%22%7D%5D\u00bb][vc_column][vc_custom_heading text=\u00bbPreguntas frecuentes\u00bb font_container=\u00bbtag:h2|text_align:center|color:%23000000&#8243; use_theme_fonts=\u00bbyes\u00bb][vc_separator][vc_row_inner][vc_column_inner width=\u00bb7\/12&#8243;][vc_column_text]<\/p>\n<h3>\u00bfCu\u00e1les son las ventajas de elegir Espamob para realizar una pr\u00e1ctica Erasmus en enfermer\u00eda en Espa\u00f1a?<\/h3>\n<p>Al optar por Espamob para llevar a cabo una pr\u00e1ctica Erasmus en enfermer\u00eda en Espa\u00f1a, disfrutar\u00e1s de un acompa\u00f1amiento integral en todas las etapas de tu proyecto. Espamob te ayudar\u00e1 a crear tu proyecto, a encontrar financiamiento, a organizar tu recepci\u00f3n en universidades y empresas asociadas para tu pasant\u00eda. Adem\u00e1s, Espamob se encarga de buscar alojamiento en el lugar y de recogerte en el aeropuerto, brind\u00e1ndote as\u00ed una estancia c\u00f3moda y sin complicaciones.<\/p>\n<h3>\u00bfC\u00f3mo ayuda Espamob a encontrar financiamiento para una pr\u00e1ctica Erasmus en enfermer\u00eda en Espa\u00f1a?<\/h3>\n<p>Espamob cuenta con una amplia experiencia en la b\u00fasqueda de financiamiento para proyectos de movilidad Erasmus. La agencia te guiar\u00e1 en los tr\u00e1mites administrativos para obtener becas de movilidad, subvenciones u otras formas de financiamiento. Espamob te asistir\u00e1 en la elaboraci\u00f3n de tu solicitud de financiamiento y te dar\u00e1 consejos para maximizar tus posibilidades de \u00e9xito.<\/p>\n<h3>\u00bfCu\u00e1les son las garant\u00edas ofrecidas por Espamob para una pr\u00e1ctica Erasmus en enfermer\u00eda en Espa\u00f1a?<\/h3>\n<p>Espamob se compromete a brindarte un acompa\u00f1amiento de calidad a lo largo de tu proyecto de pr\u00e1ctica Erasmus en enfermer\u00eda en Espa\u00f1a. La agencia trabaja estrechamente con universidades y empresas asociadas de confianza, garantizando oportunidades de pasant\u00eda relevantes y enriquecedoras. Adem\u00e1s, Espamob hace todo lo posible por asegurar tu comodidad y seguridad al encontrar alojamientos adaptados a tus necesidades y al recibirte en el aeropuerto. Al elegir Espamob, puedes tener la seguridad de una estancia exitosa y beneficiosa para tu trayectoria profesional.[\/vc_column_text][\/vc_column_inner][vc_column_inner width=\u00bb1\/12&#8243;][\/vc_column_inner][vc_column_inner width=\u00bb4\/12&#8243;][vc_single_image image=\u00bb15074&#8243; img_size=\u00bbfull\u00bb][vc_column_text]<strong>M\u00e1s informaci\u00f3n sobre los diferentes destinos Erasmus + en Espa\u00f1a :<\/strong><\/p>\n<ul>\n<li><a href=\"https:\/\/espamob.com\/es\/sectores-practicas-empresas-erasmusplus\/salud\/practica-erasmus-veterinaria\/\">Pr\u00e1ctica Erasmus Veterinaria<\/a><\/li>\n<li><a href=\"https:\/\/espamob.com\/es\/sectores-practicas-empresas-erasmusplus\/salud\/practica-erasmus-asistente-dental\/\">Pr\u00e1ctica Erasmus Assistente dental<\/a><\/li>\n<li><a href=\"https:\/\/espamob.com\/es\/sectores-practicas-empresas-erasmusplus\/salud\/practica-erasmus-auxiliar-de-enfermeria\/\">Pr\u00e1ctica Erasmus Auxiliar de enfermer\u00eda<\/a><\/li>\n<\/ul>\n<p>[\/vc_column_text][\/vc_column_inner][\/vc_row_inner][\/vc_column][\/vc_row]<\/p>\n<\/div>","protected":false},"excerpt":{"rendered":"<p>[vc_row css=\u00bb.vc_custom_1708634158657{margin-top: -20px !important;margin-bottom: 40px !important;background-image: url(https:\/\/espamob.com\/wp-content\/uploads\/2024\/02\/Enfermeria.webp?id=23757) !important;}\u00bb conditional_render=\u00bb%5B%7B%22value_role%22%3A%22administrator%22%7D%5D\u00bb][vc_column css=\u00bb.vc_custom_1687965657482{padding-top: 30px !important;}\u00bb conditional_render=\u00bb%5B%7B%22value_role%22%3A%22administrator%22%7D%5D\u00bb][vc_empty_space height=\u00bb170&#8243;][vc_custom_heading text=\u00bbPr\u00e1ctica Erasmus: Enfermer\u00eda\u00bb font_container=\u00bbtag:h1|font_size:27|text_align:center|color:%23ffffff\u00bb use_theme_fonts=\u00bbyes\u00bb css=\u00bb.vc_custom_1708780554952{margin-bottom: 15px !important;background-color: rgba(136,136,136,0.29) !important;*background-color: rgb(136,136,136) !important;}\u00bb animation_type=\u00bbzoomIn\u00bb][vc_empty_space height=\u00bb40&#8243;][\/vc_column][\/vc_row][vc_row wrap_container=\u00bbyes\u00bb text_align=\u00bbjustify\u00bb][vc_column text_align=\u00bbjustify\u00bb][vc_column_text] Home Sectores de pr\u00e1cticas Movilidad sector sanidad Pr\u00e1ctica Erasmus : Enfermer\u00eda [\/vc_column_text][vc_custom_heading text=\u00bbPr\u00e1cticas Erasmus en enfermer\u00eda: una experiencia enriquecedora para los estudiantes de enfermer\u00eda\u00bb<\/p>\n","protected":false},"author":2,"featured_media":0,"parent":12440,"menu_order":0,"comment_status":"closed","ping_status":"closed","template":"","meta":{"footnotes":""},"class_list":["post-23773","page","type-page","status-publish","hentry"],"_links":{"self":[{"href":"https:\/\/espamob.com\/es\/wp-json\/wp\/v2\/pages\/23773","targetHints":{"allow":["GET"]}}],"collection":[{"href":"https:\/\/espamob.com\/es\/wp-json\/wp\/v2\/pages"}],"about":[{"href":"https:\/\/espamob.com\/es\/wp-json\/wp\/v2\/types\/page"}],"author":[{"embeddable":true,"href":"https:\/\/espamob.com\/es\/wp-json\/wp\/v2\/users\/2"}],"replies":[{"embeddable":true,"href":"https:\/\/espamob.com\/es\/wp-json\/wp\/v2\/comments?post=23773"}],"version-history":[{"count":0,"href":"https:\/\/espamob.com\/es\/wp-json\/wp\/v2\/pages\/23773\/revisions"}],"up":[{"embeddable":true,"href":"https:\/\/espamob.com\/es\/wp-json\/wp\/v2\/pages\/12440"}],"wp:attachment":[{"href":"https:\/\/espamob.com\/es\/wp-json\/wp\/v2\/media?parent=23773"}],"curies":[{"name":"wp","href":"https:\/\/api.w.org\/{rel}","templated":true}]}}