{"id":23769,"date":"2023-08-28T00:00:00","date_gmt":"2023-08-28T00:00:00","guid":{"rendered":"https:\/\/www.espamob.com\/sectores-practicas-empresas-erasmusplus\/salud\/stage-erasmus-veterinaire\/"},"modified":"2024-07-01T09:26:10","modified_gmt":"2024-07-01T09:26:10","slug":"practica-erasmus-veterinaria","status":"publish","type":"page","link":"https:\/\/espamob.com\/es\/sectores-practicas-empresas-erasmusplus\/salud\/practica-erasmus-veterinaria\/","title":{"rendered":"Stage Erasmus : V\u00e9t\u00e9rinaire"},"content":{"rendered":"<div class=\"wpb-content-wrapper\"><p>[vc_row css=\u00bb.vc_custom_1708634175325{margin-top: -20px !important;margin-bottom: 40px !important;background-image: url(https:\/\/espamob.com\/wp-content\/uploads\/2024\/02\/Auxiliar-de-veterinaria.webp?id=23752) !important;}\u00bb conditional_render=\u00bb%5B%7B%22value_role%22%3A%22administrator%22%7D%5D\u00bb][vc_column css=\u00bb.vc_custom_1687965657482{padding-top: 30px !important;}\u00bb conditional_render=\u00bb%5B%7B%22value_role%22%3A%22administrator%22%7D%5D\u00bb][vc_empty_space height=\u00bb170&#8243;][vc_custom_heading text=\u00bbPr\u00e1cticas Erasmus: Veterinaria\u00bb font_container=\u00bbtag:h1|font_size:27|text_align:center|color:%23ffffff\u00bb use_theme_fonts=\u00bbyes\u00bb css=\u00bb.vc_custom_1708782585963{margin-bottom: 15px !important;background-color: rgba(136,136,136,0.29) !important;*background-color: rgb(136,136,136) !important;}\u00bb animation_type=\u00bbzoomIn\u00bb][vc_empty_space height=\u00bb40&#8243;][\/vc_column][\/vc_row][vc_row wrap_container=\u00bbyes\u00bb text_align=\u00bbjustify\u00bb][vc_column text_align=\u00bbjustify\u00bb][vc_column_text]<\/p>\n<nav aria-label=\"breadcrumb\">\n<ol class=\"breadcrumb\">\n<li class=\"breadcrumb-item\"><a href=\"https:\/\/espamob.com\/es\">Home<\/a><\/li>\n<li class=\"breadcrumb-item\"><a href=\"https:\/\/espamob.com\/es\/sectores-practicas-empresas-erasmusplus\">Sectores de pr\u00e1cticas<\/a><\/li>\n<li class=\"breadcrumb-item active\" aria-current=\"page\"><a href=\"https:\/\/espamob.com\/es\/sectores-practicas-empresas-erasmusplus\/salud\/\">Movilidad sector sanidad<\/a><\/li>\n<li class=\"breadcrumb-item active\" aria-current=\"page\">Pr\u00e1ctica Erasmus : Veterinaria<\/li>\n<\/ol>\n<\/nav>\n<p>[\/vc_column_text][vc_custom_heading text=\u00bbPr\u00e1cticas veterinarias Erasmus: una experiencia gratificante para los futuros veterinarios\u00bb use_theme_fonts=\u00bbyes\u00bb css=\u00bb.vc_custom_1708782694234{margin-top: 20px !important;}\u00bb][vc_separator][vc_row_inner][vc_column_inner width=\u00bb7\/12&#8243;][vc_column_text]<span style=\"font-weight: 400;\">En el sector de la medicina veterinaria, los profesionales se esfuerzan continuamente por perfeccionar y mejorar sus habilidades. Ya sea en cirug\u00eda, cuidados preventivos, diagn\u00f3stico o t\u00e9cnicas avanzadas de cuidado animal, es esencial estar a la vanguardia de las innovaciones y nuevas pr\u00e1cticas.<\/span><\/p>\n<h3>\u00bfQu\u00e9 es la pr\u00e1ctica Erasmus en veterinaria?<\/h3>\n<p><span style=\"font-weight: 400;\">Una pasant\u00eda Erasmus en el sector de la medicina veterinaria es una oportunidad \u00fanica para descubrir diferentes m\u00e9todos de trabajo, perfeccionarse y destacarse. Este tipo de pasant\u00eda no solo permite adquirir habilidades t\u00e9cnicas avanzadas, sino tambi\u00e9n desarrollar una perspectiva global sobre las pr\u00e1cticas veterinarias, esencial en un contexto de cuidado animal internacional e interconectado.<\/span><\/p>\n<h3>Objetivos de la pr\u00e1ctica Erasmus en medicina veterinaria<\/h3>\n<p><span style=\"font-weight: 400;\">Los principales objetivos de esta movilidad Erasmus son:<\/span><\/p>\n<ul>\n<li><span style=\"font-weight: 400;\">Descubrir los m\u00e9todos y t\u00e9cnicas de los pa\u00edses vecinos<\/span><\/li>\n<li><span style=\"font-weight: 400;\">Sumergirse en la vida cotidiana de un veterinario espa\u00f1ol<\/span><\/li>\n<li><span style=\"font-weight: 400;\">Desarrollar habilidades ling\u00fc\u00edsticas<\/span><\/li>\n<li><span style=\"font-weight: 400;\">Ampliar su visi\u00f3n del campo veterinario<\/span><\/li>\n<\/ul>\n<h3>Financiamiento de una pr\u00e1ctica Erasmus en veterinaria<\/h3>\n<p><span style=\"font-weight: 400;\">La pr\u00e1ctica Erasmus en medicina veterinaria cuenta con un apoyo financiero parcial a trav\u00e9s del programa Erasmus+, lo que ayuda a las instituciones a cubrir los costos asociados con la movilidad que organizan para sus aprendices. Adem\u00e1s de esta ayuda principal, las instituciones tambi\u00e9n pueden solicitar financiamiento adicional a diversas organizaciones o autoridades locales. Este enfoque busca maximizar la accesibilidad y el enriquecimiento de la experiencia internacional para los aprendices.<\/span>[\/vc_column_text][\/vc_column_inner][vc_column_inner width=\u00bb1\/12&#8243;][\/vc_column_inner][vc_column_inner width=\u00bb4\/12&#8243;][vc_single_image image=\u00bb18317&#8243; img_size=\u00bb400*400&#8243; alignment=\u00bbright\u00bb style=\u00bbvc_box_rounded\u00bb][vc_btn title=\u00bbVer m\u00e1s\u00bb style=\u00bbcustom\u00bb custom_background=\u00bb#e20000&#8243; custom_text=\u00bb#ffffff\u00bb align=\u00bbcenter\u00bb link=\u00bburl:https%3A%2F%2Fespamob.com%2Fes%2Fcontacto%2F|title:Contacto|target:_blank\u00bb][\/vc_column_inner][\/vc_row_inner][vc_custom_heading text=\u00bbExperiencia de una pr\u00e1ctica Erasmus en veterinaria\u00bb font_container=\u00bbtag:h3|text_align:left\u00bb use_theme_fonts=\u00bbyes\u00bb css=\u00bb.vc_custom_1719825880649{margin-top: 20px !important;}\u00bb][vc_separator][vc_row_inner][vc_column_inner width=\u00bb7\/12&#8243;][vc_column_text]<span style=\"font-weight: 400;\">Para ilustrar las oportunidades que ofrece una pasant\u00eda Erasmus+ en Espa\u00f1a,\u00a0 <\/span><span style=\"font-weight: 400;\">presentamos el testimonio de dos aprendices polacos.<\/span><\/p>\n<h3>Perfil de los estudiantes<\/h3>\n<p><span style=\"font-weight: 400;\">Piotr y Sylwia, originarios de Polonia, se especializan en medicina veterinaria. Impulsados por el deseo de aprender cosas nuevas, est\u00e1n viviendo su primera experiencia de movilidad en el extranjero. Desde el principio, estos dos estudiantes, naturalmente muy curiosos, se mostraron ansiosos por desarrollar nuevos conocimientos y habilidades.<\/span><\/p>\n<h3>Destino de la pr\u00e1ctica<\/h3>\n<p><span style=\"font-weight: 400;\">Gracias a su red de empresas, Espamob coloc\u00f3 a estos dos j\u00f3venes, Piotr y Sylwia, en una cl\u00ednica veterinaria reconocida por su experiencia en Barcelona. Durante un mes, trabajaron junto a especialistas en el campo en Espa\u00f1a.<\/span><\/p>\n<h3>Tareas durante la pr\u00e1ctica<\/h3>\n<ul>\n<li><span style=\"font-weight: 400;\">Asistencia en consultas<\/span><\/li>\n<li><span style=\"font-weight: 400;\">Observaci\u00f3n y aprendizaje<\/span><\/li>\n<li><span style=\"font-weight: 400;\">Mantenimiento y gesti\u00f3n del material<\/span><\/li>\n<li><span style=\"font-weight: 400;\">Cuidado de animales hospitalizados (inyecciones)<\/span><\/li>\n<li><span style=\"font-weight: 400;\">Asistencia en cirug\u00eda<\/span><\/li>\n<\/ul>\n<h3>Resultados de la\u00a0pr\u00e1ctica<\/h3>\n<p><span style=\"font-weight: 400;\">Piotr y Sylwia est\u00e1n m\u00e1s que satisfechos con su experiencia en Barcelona. Descubrieron un entorno de trabajo completamente diferente al que estaban acostumbrados, tanto en t\u00e9rminos de limpieza, infraestructuras como de carga de trabajo. Esta movilidad les permiti\u00f3 comparar las pr\u00e1cticas polacas y espa\u00f1olas, haciendo que la experiencia fuera a\u00fan m\u00e1s enriquecedora.<\/span><\/p>\n<h2>Ventajas de la pr\u00e1ctica Erasmus en veterinaria<\/h2>\n<p><span style=\"font-weight: 400;\">Al elegir realizar una pasant\u00eda en Espa\u00f1a en el marco del programa Erasmus+, podr\u00e1s disfrutar de muchas ventajas profesionales y personales:<\/span><\/p>\n<ul>\n<li><b>Exposici\u00f3n a un entorno profesional diverso:<\/b><span style=\"font-weight: 400;\"> Trabajar en una cl\u00ednica u hospital veterinario en el extranjero permite a los aprendices ver c\u00f3mo se organizan y gestionan los servicios veterinarios en diferentes contextos culturales y normativos, enriqueciendo as\u00ed su comprensi\u00f3n global del oficio.<\/span><\/li>\n<li><b>Fortalecimiento de la autonom\u00eda y la confianza:<\/b><span style=\"font-weight: 400;\"> Estar lejos de su entorno familiar y tener que adaptarse a un nuevo entorno profesional puede contribuir a la autonom\u00eda y la confianza de los aprendices, d\u00e1ndoles la oportunidad de desarrollar habilidades para enfrentar situaciones nuevas o exigentes.<\/span><\/li>\n<li><b>Desarrollo de habilidades interpersonales e interculturales:<\/b><span style=\"font-weight: 400;\"> Interactuar con colegas y clientes en un entorno multicultural ayuda a los aprendices a desarrollar habilidades interpersonales e interculturales cruciales, lo que es esencial para una comunicaci\u00f3n efectiva.<\/span><\/li>\n<li><b>Aprendizaje de nuevas t\u00e9cnicas y tecnolog\u00edas:<\/b><span style=\"font-weight: 400;\"> Los aprendices pueden estar expuestos a equipos y t\u00e9cnicas que a\u00fan no se utilizan o no est\u00e1n disponibles ampliamente en su pa\u00eds de origen, lo que puede enriquecer considerablemente su formaci\u00f3n t\u00e9cnica.<\/span><\/li>\n<\/ul>\n<p>[\/vc_column_text][\/vc_column_inner][vc_column_inner width=\u00bb1\/12&#8243;][\/vc_column_inner][vc_column_inner width=\u00bb4\/12&#8243;][vc_raw_html]JTNDZGl2JTIwc3R5bGUlM0QlMjJwYWRkaW5nJTNBJTIwMzBweCUzQmJhY2tncm91bmQtY29sb3IlM0ElMjAlMjNGNEY0RjQlM0IlMjIlM0UlMEElMjAlMjAlMjAlMjAlM0NoNCUzRURlc2N1YnJhJTIwdG9kb3MlMjBsb3MlMjBzZWN0b3JlcyUyMGRlJTIwcHIlQzMlQTFjdGljYXMlM0MlMkZoNCUzRSUwQSUyMCUyMCUyMCUyMCUzQ3AlM0VFc3BhbW9iJTIwZXMlMjBlc3BlY2lhbGlzdGElMjBlbiUyMGxhJTIwYXNlc29yJUMzJUFEYSUyMGRlJTIwZ3J1cG9zJTIwZW4lMjBzdSUyMG1vdmlsaWRhZCUyMEVyYXNtdXMlMkIuJTIwRGVzY3VicmUlMjBlbiUyMHVub3MlMjBwb2NvcyUyMGNsaWNzJTIwdG9kb3MlMjBsb3MlMjBzZWN0b3JlcyUyMGRlJTIwcHIlQzMlQTFjdGljYXMlMjBFcmFzbXVzJTIwZW4lMjBFc3BhJUMzJUIxYS4lM0MlMkZwJTNFJTBBJTIwJTIwJTIwJTIwJTNDYSUyMGNsYXNzJTNEJTIydmNfZ2VuZXJhbCUyMHZjX2J0bjMlMjB2Y19idG4zLXNpemUtbWQlMjB2Y19idG4zLXNoYXBlLWRlZmF1bHQlMjB2Y19idG4zLXN0eWxlLWN1c3RvbSUyMHdwYl9jdXN0b21fNjY4N2IyNmYzOTQ4OGRkYmI4NWRkYjNjMWNlOGUxMTElMjBidG4lMjIlMjBzdHlsZSUzRCUyMmJhY2tncm91bmQtY29sb3IlM0ElMjNlMjAwMDAlM0IlMjBjb2xvciUzQSUyM2ZmZmZmZiUzQiUyMGJhY2tncm91bmQtY29sb3IlM0ElMjNlMjAwMDAlM0IlMjBjb2xvciUzQSUyM2ZmZmZmZiUzQiUyMiUyMGhyZWYlM0QlMjJodHRwcyUzQSUyRiUyRnd3dy5lc3BhbW9iLmNvbSUyRmVzJTJGc2VjdG9yZXMtcHJhY3RpY2FzLWVtcHJlc2FzLWVyYXNtdXNwbHVzJTJGJTIyJTIwdGl0bGUlM0QlMjJTZWN0b3JlcyUyMGRlJTIwcHIlQzMlQTFjdGljYXMlMjIlMjB0YXJnZXQlM0QlMjJfYmxhbmslMjIlM0VEZXNjdWJyaXIlMjBsb3MlMjBzZWN0b3JlcyUzQyUyRmElM0UlMEElM0MlMkZkaXYlM0U=[\/vc_raw_html][vc_custom_heading text=\u00bbDescubre las opiniones de los participantes en Erasmus + :\u00bb font_container=\u00bbtag:h3|text_align:left\u00bb use_theme_fonts=\u00bbyes\u00bb][vc_separator][vc_column_text]<\/p>\n<blockquote class=\"instagram-media\" data-instgrm-permalink=\"https:\/\/www.instagram.com\/reel\/C6wH22Ksz1r\/?utm_source=ig_embed&amp;utm_campaign=loading\" data-instgrm-version=\"14\" style=\" background:#FFF; border:0; border-radius:3px; box-shadow:0 0 1px 0 rgba(0,0,0,0.5),0 1px 10px 0 rgba(0,0,0,0.15); margin: 1px; max-width:540px; min-width:326px; padding:0; width:99.375%; width:-webkit-calc(100% - 2px); width:calc(100% - 2px);\">\n<div style=\"padding:16px;\">\n<p> <a href=\"https:\/\/www.instagram.com\/reel\/C6wH22Ksz1r\/?utm_source=ig_embed&amp;utm_campaign=loading\" style=\" background:#FFFFFF; line-height:0; padding:0 0; text-align:center; text-decoration:none; width:100%;\" target=\"_blank\" rel=\"noopener\"><\/p>\n<div style=\" display: flex; flex-direction: row; align-items: center;\">\n<div style=\"background-color: #F4F4F4; border-radius: 50%; flex-grow: 0; height: 40px; margin-right: 14px; width: 40px;\"><\/div>\n<div style=\"display: flex; flex-direction: column; flex-grow: 1; justify-content: center;\">\n<div style=\" background-color: #F4F4F4; border-radius: 4px; flex-grow: 0; height: 14px; margin-bottom: 6px; width: 100px;\"><\/div>\n<div style=\" background-color: #F4F4F4; border-radius: 4px; flex-grow: 0; height: 14px; width: 60px;\"><\/div>\n<\/div>\n<\/div>\n<div style=\"padding: 19% 0;\"><\/div>\n<div style=\"display:block; height:50px; margin:0 auto 12px; width:50px;\"><svg width=\"50px\" height=\"50px\" viewBox=\"0 0 60 60\" version=\"1.1\" xmlns=\"https:\/\/www.w3.org\/2000\/svg\" xmlns:xlink=\"https:\/\/www.w3.org\/1999\/xlink\"><g stroke=\"none\" stroke-width=\"1\" fill=\"none\" fill-rule=\"evenodd\"><g transform=\"translate(-511.000000, -20.000000)\" fill=\"#000000\"><g><path d=\"M556.869,30.41 C554.814,30.41 553.148,32.076 553.148,34.131 C553.148,36.186 554.814,37.852 556.869,37.852 C558.924,37.852 560.59,36.186 560.59,34.131 C560.59,32.076 558.924,30.41 556.869,30.41 M541,60.657 C535.114,60.657 530.342,55.887 530.342,50 C530.342,44.114 535.114,39.342 541,39.342 C546.887,39.342 551.658,44.114 551.658,50 C551.658,55.887 546.887,60.657 541,60.657 M541,33.886 C532.1,33.886 524.886,41.1 524.886,50 C524.886,58.899 532.1,66.113 541,66.113 C549.9,66.113 557.115,58.899 557.115,50 C557.115,41.1 549.9,33.886 541,33.886 M565.378,62.101 C565.244,65.022 564.756,66.606 564.346,67.663 C563.803,69.06 563.154,70.057 562.106,71.106 C561.058,72.155 560.06,72.803 558.662,73.347 C557.607,73.757 556.021,74.244 553.102,74.378 C549.944,74.521 548.997,74.552 541,74.552 C533.003,74.552 532.056,74.521 528.898,74.378 C525.979,74.244 524.393,73.757 523.338,73.347 C521.94,72.803 520.942,72.155 519.894,71.106 C518.846,70.057 518.197,69.06 517.654,67.663 C517.244,66.606 516.755,65.022 516.623,62.101 C516.479,58.943 516.448,57.996 516.448,50 C516.448,42.003 516.479,41.056 516.623,37.899 C516.755,34.978 517.244,33.391 517.654,32.338 C518.197,30.938 518.846,29.942 519.894,28.894 C520.942,27.846 521.94,27.196 523.338,26.654 C524.393,26.244 525.979,25.756 528.898,25.623 C532.057,25.479 533.004,25.448 541,25.448 C548.997,25.448 549.943,25.479 553.102,25.623 C556.021,25.756 557.607,26.244 558.662,26.654 C560.06,27.196 561.058,27.846 562.106,28.894 C563.154,29.942 563.803,30.938 564.346,32.338 C564.756,33.391 565.244,34.978 565.378,37.899 C565.522,41.056 565.552,42.003 565.552,50 C565.552,57.996 565.522,58.943 565.378,62.101 M570.82,37.631 C570.674,34.438 570.167,32.258 569.425,30.349 C568.659,28.377 567.633,26.702 565.965,25.035 C564.297,23.368 562.623,22.342 560.652,21.575 C558.743,20.834 556.562,20.326 553.369,20.18 C550.169,20.033 549.148,20 541,20 C532.853,20 531.831,20.033 528.631,20.18 C525.438,20.326 523.257,20.834 521.349,21.575 C519.376,22.342 517.703,23.368 516.035,25.035 C514.368,26.702 513.342,28.377 512.574,30.349 C511.834,32.258 511.326,34.438 511.181,37.631 C511.035,40.831 511,41.851 511,50 C511,58.147 511.035,59.17 511.181,62.369 C511.326,65.562 511.834,67.743 512.574,69.651 C513.342,71.625 514.368,73.296 516.035,74.965 C517.703,76.634 519.376,77.658 521.349,78.425 C523.257,79.167 525.438,79.673 528.631,79.82 C531.831,79.965 532.853,80.001 541,80.001 C549.148,80.001 550.169,79.965 553.369,79.82 C556.562,79.673 558.743,79.167 560.652,78.425 C562.623,77.658 564.297,76.634 565.965,74.965 C567.633,73.296 568.659,71.625 569.425,69.651 C570.167,67.743 570.674,65.562 570.82,62.369 C570.966,59.17 571,58.147 571,50 C571,41.851 570.966,40.831 570.82,37.631\"><\/path><\/g><\/g><\/g><\/svg><\/div>\n<div style=\"padding-top: 8px;\">\n<div style=\" color:#3897f0; font-family:Arial,sans-serif; font-size:14px; font-style:normal; font-weight:550; line-height:18px;\">Ver esta publicaci\u00f3n en Instagram<\/div>\n<\/div>\n<div style=\"padding: 12.5% 0;\"><\/div>\n<div style=\"display: flex; flex-direction: row; margin-bottom: 14px; align-items: center;\">\n<div>\n<div style=\"background-color: #F4F4F4; border-radius: 50%; height: 12.5px; width: 12.5px; transform: translateX(0px) translateY(7px);\"><\/div>\n<div style=\"background-color: #F4F4F4; height: 12.5px; transform: rotate(-45deg) translateX(3px) translateY(1px); width: 12.5px; flex-grow: 0; margin-right: 14px; margin-left: 2px;\"><\/div>\n<div style=\"background-color: #F4F4F4; border-radius: 50%; height: 12.5px; width: 12.5px; transform: translateX(9px) translateY(-18px);\"><\/div>\n<\/div>\n<div style=\"margin-left: 8px;\">\n<div style=\" background-color: #F4F4F4; border-radius: 50%; flex-grow: 0; height: 20px; width: 20px;\"><\/div>\n<div style=\" width: 0; height: 0; border-top: 2px solid transparent; border-left: 6px solid #f4f4f4; border-bottom: 2px solid transparent; transform: translateX(16px) translateY(-4px) rotate(30deg)\"><\/div>\n<\/div>\n<div style=\"margin-left: auto;\">\n<div style=\" width: 0px; border-top: 8px solid #F4F4F4; border-right: 8px solid transparent; transform: translateY(16px);\"><\/div>\n<div style=\" background-color: #F4F4F4; flex-grow: 0; height: 12px; width: 16px; transform: translateY(-4px);\"><\/div>\n<div style=\" width: 0; height: 0; border-top: 8px solid #F4F4F4; border-left: 8px solid transparent; transform: translateY(-4px) translateX(8px);\"><\/div>\n<\/div>\n<\/div>\n<div style=\"display: flex; flex-direction: column; flex-grow: 1; justify-content: center; margin-bottom: 24px;\">\n<div style=\" background-color: #F4F4F4; border-radius: 4px; flex-grow: 0; height: 14px; margin-bottom: 6px; width: 224px;\"><\/div>\n<div style=\" background-color: #F4F4F4; border-radius: 4px; flex-grow: 0; height: 14px; width: 144px;\"><\/div>\n<\/div>\n<p><\/a><\/p>\n<p style=\" color:#c9c8cd; font-family:Arial,sans-serif; font-size:14px; line-height:17px; margin-bottom:0; margin-top:8px; overflow:hidden; padding:8px 0 7px; text-align:center; text-overflow:ellipsis; white-space:nowrap;\"><a href=\"https:\/\/www.instagram.com\/reel\/C6wH22Ksz1r\/?utm_source=ig_embed&amp;utm_campaign=loading\" style=\" color:#c9c8cd; font-family:Arial,sans-serif; font-size:14px; font-style:normal; font-weight:normal; line-height:17px; text-decoration:none;\" target=\"_blank\" rel=\"noopener\">Una publicaci\u00f3n compartida de ESPAMOB&#39; &#8211; ERASMUS+ (@espamobspain)<\/a><\/p>\n<\/div>\n<\/blockquote>\n<p><script async src=\"\/\/www.instagram.com\/embed.js\"><\/script>[\/vc_column_text][\/vc_column_inner][\/vc_row_inner][\/vc_column][\/vc_row][vc_row full_width=\u00bbstretch_row\u00bb wrap_container=\u00bbyes\u00bb is_section=\u00bbyes\u00bb css=\u00bb.vc_custom_1708783041790{border-top-width: 0px !important;padding-top: 15px !important;padding-bottom: 15px !important;background-color: #f8f392 !important;}\u00bb conditional_render=\u00bb%5B%7B%22value_role%22%3A%22administrator%22%7D%5D\u00bb][vc_column][vc_row_inner css=\u00bb.vc_custom_1688548648248{background-color: #f8f392 !important;}\u00bb][vc_column_inner][vc_custom_heading text=\u00bbSolicite un presupuesto gratuito\u00bb font_container=\u00bbtag:h2|text_align:center\u00bb use_theme_fonts=\u00bbyes\u00bb][vc_column_text]<\/p>\n<p style=\"text-align: justify;\">\u00bfTienes una idea para un proyecto Erasmus+ en Espa\u00f1a y est\u00e1s buscando un referente de confianza que te apoye? \u00a1<strong>Espamob<\/strong>\u2019 est\u00e1 aqu\u00ed para ayudarte! Te ofrecemos un presupuesto gratuito y sin compromiso para ayudarte a gestionar tu proyecto de movilidad. Gracias a nuestra experiencia y nuestra red de empresas asociadas, podemos ofrecerle soporte personalizado para satisfacer sus necesidades espec\u00edficas. Cont\u00e1ctenos ahora para hablar de su proyecto y obtener su presupuesto gratuito.<\/p>\n<p>[\/vc_column_text]<div id=\"modal-trg-txt-wrap-8582\" class=\"ult-modal-input-wrapper ult-adjust-bottom-margin    \" data-keypress-control=\"keypress-control-enable\" data-overlay-control=\"overlay-control-enable\"><style>\n\t\t\t\t\t.btn-modal.btn-id-69e792531f5316-82885546:hover {\n\t\t\t\t\t\tbackground-color: #e20000 !important;\n\t\t\t\t\t}\n\t\t\t\t\t<\/style><button  data-ultimate-target='#modal-trg-txt-wrap-8582 .btn-modal'  data-responsive-json-new='{\"font-size\":\"\",\"line-height\":\"\"}'  style=\"background:#888888;border-color:#888888;color:#ffffff; \" data-class-id=\"content-69e792531f5316-82885546\" class=\"btn-modal ult-responsive btn-primary btn-modal-md overlay-show ult-align-center btn-id-69e792531f5316-82885546\" data-overlay-class=\"overlay-cornerbottomleft\">SOLICITAR PRESUPUESTO GRATUITO<\/button><\/div>\n<div class=\"ult-overlay content-69e792531f5316-82885546 \" data-class=\"content-69e792531f5316-82885546\" id=\"button-click-overlay\" style=\"background:rgba(51,51,51,0.8); display:none;\">\n\t<div class=\"ult_modal ult-fade ult-medium\">\n\t\t<div id=\"ult-modal-wrap-523\" class=\"ult_modal-content ult-hide\" style=\"border-style:solid;border-width:2px;border-radius:0px;border-color:#333333;\">\n\t\t\t<div class=\"ult_modal-header\" style=\"color:#333333;border-color:#333333;\">\n\t\t\t\t<h3  data-ultimate-target='#ult-modal-wrap-523 .ult_modal-title'  data-responsive-json-new='{\"font-size\":\"\",\"line-height\":\"\"}'  class=\"ult_modal-title ult-responsive\">SOLICITAR PRESUPUESTO GRATUITO<\/h3>\n\t\t\t<\/div>\n\t\t\t<div  data-ultimate-target='#ult-modal-wrap-523 .ult_modal-body'  data-responsive-json-new='{\"font-size\":\"\",\"line-height\":\"\"}'  class=\"ult_modal-body ult-responsive ult-html\" style=\"\">\n\t\t\t[caldera_form id=\u00bbCF6149c7d1c4417&#8243;]\n\t\t\t<\/div>\n\t<\/div>\n\t<\/div>\n\t<div class=\"ult-overlay-close top-right\" style=\"width:80px;height:80px; \"><div class=\"ult-overlay-close-inside\">Close<\/div><\/div>\n<\/div>[\/vc_column_inner][\/vc_row_inner][\/vc_column][\/vc_row][vc_row wrap_container=\u00bbyes\u00bb css=\u00bb.vc_custom_1689256499740{margin-top: 15px !important;}\u00bb conditional_render=\u00bb%5B%7B%22value_role%22%3A%22administrator%22%7D%5D\u00bb][vc_column][vc_custom_heading text=\u00bbPreguntas frecuentes\u00bb font_container=\u00bbtag:h2|text_align:center|color:%23000000&#8243; use_theme_fonts=\u00bbyes\u00bb][vc_separator][vc_row_inner][vc_column_inner width=\u00bb7\/12&#8243;][vc_column_text]<\/p>\n<h3>\u00bfCu\u00e1les son las ventajas de elegir Espamob para realizar una pr\u00e1ctica Erasmus en veterinaria en Espa\u00f1a?<\/h3>\n<p>Optar por Espamob para llevar a cabo una pr\u00e1ctica Erasmus en veterinaria en Espa\u00f1a conlleva numerosas ventajas. La agencia se encarga de gestionar su proyecto de principio a fin, brind\u00e1ndole apoyo en la creaci\u00f3n de su proyecto, la b\u00fasqueda de financiamiento y proporcion\u00e1ndole un respaldo log\u00edstico completo. Adem\u00e1s, Espamob cuenta con una red de colaboradores que incluye universidades y empresas especializadas en el campo veterinario, lo que le permitir\u00e1 disfrutar de una experiencia de pr\u00e1ctica enriquecedora y adaptada a sus objetivos.<\/p>\n<h3>\u00bfC\u00f3mo le ayuda Espamob a encontrar alojamiento para su pr\u00e1ctica Erasmus en veterinaria en Espa\u00f1a?<\/h3>\n<p>Espamob se encarga de encontrarle un alojamiento que se ajuste a sus necesidades durante su pr\u00e1ctica Erasmus en veterinaria en Espa\u00f1a. La agencia cuenta con una red de colaboradores locales, lo que le permite ofrecerle alojamientos de calidad ubicados cerca de las universidades y empresas asociadas. Espamob tambi\u00e9n se encarga de todos los tr\u00e1mites administrativos relacionados con el alquiler del alojamiento, permiti\u00e9ndole concentrarse completamente en su pr\u00e1ctica.<\/p>\n<h3>\u00bfC\u00f3mo garantiza Espamob su recepci\u00f3n en el aeropuerto durante su pr\u00e1ctica Erasmus en veterinaria en Espa\u00f1a?<\/h3>\n<p>Espamob se encarga de recibirlo en el aeropuerto durante su pr\u00e1ctica Erasmus en veterinaria en Espa\u00f1a. La agencia se encarga de planificar su llegada y reservarle un traslado desde el aeropuerto hasta su alojamiento. Un miembro del equipo de Espamob estar\u00e1 presente en el aeropuerto para recibirlo y acompa\u00f1arlo hasta su alojamiento, brind\u00e1ndole as\u00ed una llegada tranquila y facilitando su integraci\u00f3n en su nuevo entorno.[\/vc_column_text][\/vc_column_inner][vc_column_inner width=\u00bb1\/12&#8243;][\/vc_column_inner][vc_column_inner width=\u00bb4\/12&#8243;][vc_single_image image=\u00bb15074&#8243; img_size=\u00bbfull\u00bb][vc_column_text]<strong>M\u00e1s informaci\u00f3n sobre los diferentes destinos Erasmus + en Espa\u00f1a :<\/strong><\/p>\n<ul>\n<li><a href=\"https:\/\/espamob.com\/es\/sectores-practicas-empresas-erasmusplus\/salud\/practica-erasmus-enfermeria\/\">Pr\u00e1ctica Erasmus Enfermer\u00eda<\/a><\/li>\n<li><a href=\"https:\/\/espamob.com\/es\/sectores-practicas-empresas-erasmusplus\/salud\/practica-erasmus-asistente-dental\/\">Pr\u00e1ctica Erasmus Assistente dental<\/a><\/li>\n<li><a href=\"https:\/\/espamob.com\/es\/sectores-practicas-empresas-erasmusplus\/salud\/practica-erasmus-auxiliar-de-enfermeria\/\">Pr\u00e1ctica Erasmus Auxiliar de enfermer\u00eda<\/a><\/li>\n<\/ul>\n<p>[\/vc_column_text][\/vc_column_inner][\/vc_row_inner][\/vc_column][\/vc_row]<\/p>\n<\/div>","protected":false},"excerpt":{"rendered":"<p>[vc_row css=\u00bb.vc_custom_1708634175325{margin-top: -20px !important;margin-bottom: 40px !important;background-image: url(https:\/\/espamob.com\/wp-content\/uploads\/2024\/02\/Auxiliar-de-veterinaria.webp?id=23752) !important;}\u00bb conditional_render=\u00bb%5B%7B%22value_role%22%3A%22administrator%22%7D%5D\u00bb][vc_column css=\u00bb.vc_custom_1687965657482{padding-top: 30px !important;}\u00bb conditional_render=\u00bb%5B%7B%22value_role%22%3A%22administrator%22%7D%5D\u00bb][vc_empty_space height=\u00bb170&#8243;][vc_custom_heading text=\u00bbPr\u00e1cticas Erasmus: Veterinaria\u00bb font_container=\u00bbtag:h1|font_size:27|text_align:center|color:%23ffffff\u00bb use_theme_fonts=\u00bbyes\u00bb css=\u00bb.vc_custom_1708782585963{margin-bottom: 15px !important;background-color: rgba(136,136,136,0.29) !important;*background-color: rgb(136,136,136) !important;}\u00bb animation_type=\u00bbzoomIn\u00bb][vc_empty_space height=\u00bb40&#8243;][\/vc_column][\/vc_row][vc_row wrap_container=\u00bbyes\u00bb text_align=\u00bbjustify\u00bb][vc_column text_align=\u00bbjustify\u00bb][vc_column_text] Home Sectores de pr\u00e1cticas Movilidad sector sanidad Pr\u00e1ctica Erasmus : Veterinaria [\/vc_column_text][vc_custom_heading text=\u00bbPr\u00e1cticas veterinarias Erasmus: una experiencia gratificante para los futuros veterinarios\u00bb use_theme_fonts=\u00bbyes\u00bb css=\u00bb.vc_custom_1708782694234{margin-top:<\/p>\n","protected":false},"author":2,"featured_media":0,"parent":12440,"menu_order":0,"comment_status":"closed","ping_status":"closed","template":"","meta":{"footnotes":""},"class_list":["post-23769","page","type-page","status-publish","hentry"],"_links":{"self":[{"href":"https:\/\/espamob.com\/es\/wp-json\/wp\/v2\/pages\/23769","targetHints":{"allow":["GET"]}}],"collection":[{"href":"https:\/\/espamob.com\/es\/wp-json\/wp\/v2\/pages"}],"about":[{"href":"https:\/\/espamob.com\/es\/wp-json\/wp\/v2\/types\/page"}],"author":[{"embeddable":true,"href":"https:\/\/espamob.com\/es\/wp-json\/wp\/v2\/users\/2"}],"replies":[{"embeddable":true,"href":"https:\/\/espamob.com\/es\/wp-json\/wp\/v2\/comments?post=23769"}],"version-history":[{"count":0,"href":"https:\/\/espamob.com\/es\/wp-json\/wp\/v2\/pages\/23769\/revisions"}],"up":[{"embeddable":true,"href":"https:\/\/espamob.com\/es\/wp-json\/wp\/v2\/pages\/12440"}],"wp:attachment":[{"href":"https:\/\/espamob.com\/es\/wp-json\/wp\/v2\/media?parent=23769"}],"curies":[{"name":"wp","href":"https:\/\/api.w.org\/{rel}","templated":true}]}}