{"id":23610,"date":"2023-08-25T10:49:30","date_gmt":"2023-08-25T10:49:30","guid":{"rendered":"https:\/\/www.espamob.com\/sectores-practicas-empresas-erasmusplus\/belleza\/stage-erasmus-parfumerie\/"},"modified":"2024-02-21T22:03:47","modified_gmt":"2024-02-21T22:03:47","slug":"practica-erasmus-perfumeria","status":"publish","type":"page","link":"https:\/\/espamob.com\/es\/sectores-practicas-empresas-erasmusplus\/belleza\/practica-erasmus-perfumeria\/","title":{"rendered":"Stage Erasmus : Parfumerie"},"content":{"rendered":"<div class=\"wpb-content-wrapper\"><p>[vc_row css=\u00bb.vc_custom_1708366717786{margin-top: -20px !important;margin-bottom: 40px !important;background-image: url(https:\/\/espamob.com\/wp-content\/uploads\/2024\/02\/Perfumeria.webp?id=23578) !important;}\u00bb conditional_render=\u00bb%5B%7B%22value_role%22%3A%22administrator%22%7D%5D\u00bb][vc_column css=\u00bb.vc_custom_1687965657482{padding-top: 30px !important;}\u00bb conditional_render=\u00bb%5B%7B%22value_role%22%3A%22administrator%22%7D%5D\u00bb][vc_empty_space height=\u00bb170&#8243;][vc_custom_heading text=\u00bbPr\u00e1ctica Erasmus: Perfumer\u00eda\u00bb font_container=\u00bbtag:h1|font_size:27|text_align:center|color:%23ffffff\u00bb use_theme_fonts=\u00bbyes\u00bb css=\u00bb.vc_custom_1708551871256{margin-bottom: 15px !important;background-color: rgba(136,136,136,0.29) !important;*background-color: rgb(136,136,136) !important;}\u00bb animation_type=\u00bbzoomIn\u00bb][vc_empty_space height=\u00bb40&#8243;][\/vc_column][\/vc_row][vc_row wrap_container=\u00bbyes\u00bb text_align=\u00bbjustify\u00bb][vc_column text_align=\u00bbjustify\u00bb][vc_column_text]<\/p>\n<nav aria-label=\"breadcrumb\">\n<ol class=\"breadcrumb\">\n<li class=\"breadcrumb-item\"><a href=\"https:\/\/espamob.com\/es\">Home<\/a><\/li>\n<li class=\"breadcrumb-item\"><a href=\"https:\/\/espamob.com\/es\/sectores-practicas-empresas-erasmusplus\">Sectores de pr\u00e1cticas<\/a><\/li>\n<li class=\"breadcrumb-item active\" aria-current=\"page\"><a href=\"https:\/\/espamob.com\/es\/sectores-practicas-empresas-erasmusplus\/belleza\/\">Movilidad en el sector de la belleza<\/a><\/li>\n<li class=\"breadcrumb-item active\" aria-current=\"page\">Pr\u00e1ctica Erasmus : Perfumer\u00eda<\/li>\n<\/ol>\n<\/nav>\n<p>[\/vc_column_text][vc_custom_heading text=\u00bbPr\u00e1cticas Erasmus en Perfumer\u00eda: la oportunidad perfecta para tu carrera profesional\u00bb use_theme_fonts=\u00bbyes\u00bb css=\u00bb.vc_custom_1708551958851{margin-top: 20px !important;}\u00bb][vc_separator][vc_row_inner][vc_column_inner width=\u00bb7\/12&#8243;][vc_column_text]En un mundo en constante evoluci\u00f3n, las oportunidades de pr\u00e1cticas son cada vez m\u00e1s buscadas, especialmente en el \u00e1mbito de la belleza y el cuidado personal. La industria de la perfumer\u00eda es un sector en pleno crecimiento que ofrece una variedad de trabajos apasionantes. Realizar una pr\u00e1ctica Erasmus en este campo puede ser una experiencia \u00fanica y enriquecedora para desarrollar tus habilidades profesionales y, posiblemente, impulsar tu carrera.<\/p>\n<h2>Ventajas de una pr\u00e1ctica Erasmus en perfumer\u00eda<\/h2>\n<p>En primer lugar, es importante destacar que las pr\u00e1cticas Erasmus son respaldadas por el programa <a href=\"https:\/\/erasmus-plus.ec.europa.eu\/es\" target=\"_blank\" rel=\"noopener\">Erasmus+<\/a>, que tiene como objetivo promover la educaci\u00f3n, la formaci\u00f3n, la juventud y el deporte en Europa. Al optar por una pr\u00e1ctica Erasmus en perfumer\u00eda, no solo obtienes apoyo financiero, sino tambi\u00e9n acceso a una red de instituciones asociadas y reconocimiento de la calidad de tu pr\u00e1ctica.<\/p>\n<p><strong>Aqu\u00ed tienes algunas de las ventajas de realizar una pr\u00e1ctica Erasmus en perfumer\u00eda:<\/strong><\/p>\n<ul>\n<li><strong>Adquirir experiencia profesional internacional:<\/strong> una pr\u00e1ctica Erasmus es una oportunidad \u00fanica para trabajar en otro pa\u00eds y obtener una valiosa experiencia en el mercado internacional. Esto puede ser un punto fuerte para tu curr\u00edculum y una oportunidad para mejorar tus habilidades ling\u00fc\u00edsticas.<\/li>\n<li><strong>Desarrollar habilidades t\u00e9cnicas y creativas<\/strong>: trabajar en una perfumer\u00eda en el extranjero te permite descubrir nuevas metodolog\u00edas, aprender sobre las \u00faltimas tendencias e innovaciones en perfumes, y desarrollar tu sentido del olfato.<\/li>\n<li><strong>Fortalecer tu red profesional:<\/strong> una pr\u00e1ctica Erasmus brinda la oportunidad de conocer a profesionales del sector y establecer contactos que podr\u00edan ser valiosos para tu futura carrera.<\/li>\n<\/ul>\n<p>[\/vc_column_text][\/vc_column_inner][vc_column_inner width=\u00bb1\/12&#8243;][\/vc_column_inner][vc_column_inner width=\u00bb4\/12&#8243;][vc_single_image image=\u00bb18466&#8243; img_size=\u00bb400*400&#8243; alignment=\u00bbright\u00bb style=\u00bbvc_box_rounded\u00bb][vc_btn title=\u00bbVer m\u00e1s\u00bb style=\u00bbcustom\u00bb custom_background=\u00bb#e20000&#8243; custom_text=\u00bb#ffffff\u00bb align=\u00bbcenter\u00bb link=\u00bburl:https%3A%2F%2Fespamob.com%2Fes%2Fcontacto%2F|title:Contacto|target:_blank\u00bb][\/vc_column_inner][\/vc_row_inner][vc_custom_heading text=\u00bbLos distintos oficios de la perfumer\u00eda\u00bb font_container=\u00bbtag:h3|text_align:left\u00bb use_theme_fonts=\u00bbyes\u00bb css=\u00bb.vc_custom_1708552158558{margin-top: 20px !important;}\u00bb][vc_separator][vc_row_inner][vc_column_inner width=\u00bb7\/12&#8243;][vc_column_text]El sector de la perfumer\u00eda es muy diverso y ofrece numerosas oportunidades de pr\u00e1cticas seg\u00fan tus intereses y habilidades. Aqu\u00ed tienes algunos ejemplos de trabajos a los que puedes estar expuesto durante tu pr\u00e1ctica:<\/p>\n<ol>\n<li><strong>Perfumista o \u00abNez\u00bb<\/strong>: es el creador de perfumes, la persona que elabora composiciones olfativas combinando notas y acordes armoniosos. Generalmente, se requieren varios a\u00f1os de formaci\u00f3n para dominar este delicado arte.<\/li>\n<li><strong>Evaluador<\/strong>: tiene la responsabilidad de probar y validar los perfumes creados por el perfumista. El evaluador debe tener un sentido del olfato muy desarrollado y un excelente conocimiento de las materias primas utilizadas en perfumer\u00eda.<\/li>\n<li><strong>Responsable de marketing<\/strong>: su objetivo es promocionar y vender los perfumes a los consumidores. Se encarga de la estrategia de marketing, del posicionamiento de los productos y de su comunicaci\u00f3n.<\/li>\n<li><strong>Responsable de producci\u00f3n<\/strong>: coordina todas las etapas de fabricaci\u00f3n de un perfume, desde la creaci\u00f3n hasta la puesta en venta. Este puesto requiere buenas habilidades organizativas y de gesti\u00f3n.<\/li>\n<\/ol>\n<h3>Otros trabajos relacionados con el sector de la belleza y el cuidado<\/h3>\n<p>Adem\u00e1s de los trabajos espec\u00edficos en perfumer\u00eda, una pr\u00e1ctica Erasmus en este sector tambi\u00e9n te permitir\u00e1 explorar otras profesiones relacionadas con la belleza y el cuidado, como:<\/p>\n<ul>\n<li>Asesor de imagen<\/li>\n<li>Esteticista<\/li>\n<li>Cosmet\u00f3logo<\/li>\n<li>Qu\u00edmico especializado en cosm\u00e9tica<\/li>\n<\/ul>\n<h2>Encontrar la pr\u00e1ctica Erasmus en Perfumer\u00eda que se adapte a tus necesidades<\/h2>\n<p>Para encontrar la oportunidad de pr\u00e1ctica ideal en perfumer\u00eda, es esencial tener en cuenta ciertos criterios como la duraci\u00f3n y el lugar de la pr\u00e1ctica, as\u00ed como las \u00e1reas de competencia buscadas. No dudes en consultar las ofertas de pr\u00e1cticas disponibles en sitios especializados o ponerte en contacto directo con las empresas de perfumer\u00eda que te interesen.<\/p>\n<p>Una pr\u00e1ctica Erasmus en perfumer\u00eda es una experiencia \u00fanica y estimulante que te permitir\u00e1 desarrollar tus habilidades profesionales mientras descubres nuevas culturas y m\u00e9todos de trabajo. \u00a1As\u00ed que no esperes m\u00e1s y l\u00e1nzate a esta aventura enriquecedora![\/vc_column_text][\/vc_column_inner][vc_column_inner width=\u00bb1\/12&#8243;][\/vc_column_inner][vc_column_inner width=\u00bb4\/12&#8243;][vc_raw_html]JTNDZGl2JTIwc3R5bGUlM0QlMjJwYWRkaW5nJTNBJTIwMzBweCUzQmJhY2tncm91bmQtY29sb3IlM0ElMjAlMjNGNEY0RjQlM0IlMjIlM0UlMEElMjAlMjAlMjAlMjAlM0NoNCUzRURlc2N1YnJhJTIwdG9kb3MlMjBsb3MlMjBzZWN0b3JlcyUyMGRlJTIwcHIlQzMlQTFjdGljYXMlM0MlMkZoNCUzRSUwQSUyMCUyMCUyMCUyMCUzQ3AlM0VFc3BhbW9iJTIwZXMlMjBlc3BlY2lhbGlzdGElMjBlbiUyMGxhJTIwYXNlc29yJUMzJUFEYSUyMGRlJTIwZ3J1cG9zJTIwZW4lMjBzdSUyMG1vdmlsaWRhZCUyMEVyYXNtdXMlMkIuJTIwRGVzY3VicmUlMjBlbiUyMHVub3MlMjBwb2NvcyUyMGNsaWNzJTIwdG9kb3MlMjBsb3MlMjBzZWN0b3JlcyUyMGRlJTIwcHIlQzMlQTFjdGljYXMlMjBFcmFzbXVzJTIwZW4lMjBFc3BhJUMzJUIxYS4lM0MlMkZwJTNFJTBBJTIwJTIwJTIwJTIwJTNDYSUyMGNsYXNzJTNEJTIydmNfZ2VuZXJhbCUyMHZjX2J0bjMlMjB2Y19idG4zLXNpemUtbWQlMjB2Y19idG4zLXNoYXBlLWRlZmF1bHQlMjB2Y19idG4zLXN0eWxlLWN1c3RvbSUyMHdwYl9jdXN0b21fNjY4N2IyNmYzOTQ4OGRkYmI4NWRkYjNjMWNlOGUxMTElMjBidG4lMjIlMjBzdHlsZSUzRCUyMmJhY2tncm91bmQtY29sb3IlM0ElMjNlMjAwMDAlM0IlMjBjb2xvciUzQSUyM2ZmZmZmZiUzQiUyMGJhY2tncm91bmQtY29sb3IlM0ElMjNlMjAwMDAlM0IlMjBjb2xvciUzQSUyM2ZmZmZmZiUzQiUyMiUyMGhyZWYlM0QlMjJodHRwcyUzQSUyRiUyRnd3dy5lc3BhbW9iLmNvbSUyRmVzJTJGc2VjdG9yZXMtcHJhY3RpY2FzLWVtcHJlc2FzLWVyYXNtdXNwbHVzJTJGJTIyJTIwdGl0bGUlM0QlMjJTZWN0b3JlcyUyMGRlJTIwcHIlQzMlQTFjdGljYXMlMjIlMjB0YXJnZXQlM0QlMjJfYmxhbmslMjIlM0VEZXNjdWJyaXIlMjBsb3MlMjBzZWN0b3JlcyUzQyUyRmElM0UlMEElM0MlMkZkaXYlM0U=[\/vc_raw_html][\/vc_column_inner][\/vc_row_inner][\/vc_column][\/vc_row][vc_row full_width=\u00bbstretch_row\u00bb wrap_container=\u00bbyes\u00bb is_section=\u00bbyes\u00bb css=\u00bb.vc_custom_1708552337750{border-top-width: 0px !important;padding-top: 15px !important;padding-bottom: 15px !important;background-color: #f8f392 !important;}\u00bb conditional_render=\u00bb%5B%7B%22value_role%22%3A%22administrator%22%7D%5D\u00bb][vc_column][vc_row_inner css=\u00bb.vc_custom_1688548648248{background-color: #f8f392 !important;}\u00bb][vc_column_inner][vc_custom_heading text=\u00bbSolicite un presupuesto gratuito\u00bb font_container=\u00bbtag:h2|text_align:center\u00bb use_theme_fonts=\u00bbyes\u00bb][vc_column_text]<\/p>\n<p style=\"text-align: justify;\">\u00bfTienes una idea para un proyecto Erasmus+ en Espa\u00f1a y est\u00e1s buscando un referente de confianza que te apoye? \u00a1<strong>Espamob<\/strong>\u2019 est\u00e1 aqu\u00ed para ayudarte! Te ofrecemos un presupuesto gratuito y sin compromiso para ayudarte a gestionar tu proyecto de movilidad. Gracias a nuestra experiencia y nuestra red de empresas asociadas, podemos ofrecerle soporte personalizado para satisfacer sus necesidades espec\u00edficas. Cont\u00e1ctenos ahora para hablar de su proyecto y obtener su presupuesto gratuito.<\/p>\n<p>[\/vc_column_text]<div id=\"modal-trg-txt-wrap-9736\" class=\"ult-modal-input-wrapper ult-adjust-bottom-margin    \" data-keypress-control=\"keypress-control-enable\" data-overlay-control=\"overlay-control-enable\"><style>\n\t\t\t\t\t.btn-modal.btn-id-69e7b195630c12-79074739:hover {\n\t\t\t\t\t\tbackground-color: #e20000 !important;\n\t\t\t\t\t}\n\t\t\t\t\t<\/style><button  data-ultimate-target='#modal-trg-txt-wrap-9736 .btn-modal'  data-responsive-json-new='{\"font-size\":\"\",\"line-height\":\"\"}'  style=\"background:#888888;border-color:#888888;color:#ffffff; \" data-class-id=\"content-69e7b195630c12-79074739\" class=\"btn-modal ult-responsive btn-primary btn-modal-md overlay-show ult-align-center btn-id-69e7b195630c12-79074739\" data-overlay-class=\"overlay-cornerbottomleft\">SOLICITAR PRESUPUESTO GRATUITO<\/button><\/div>\n<div class=\"ult-overlay content-69e7b195630c12-79074739 \" data-class=\"content-69e7b195630c12-79074739\" id=\"button-click-overlay\" style=\"background:rgba(51,51,51,0.8); display:none;\">\n\t<div class=\"ult_modal ult-fade ult-medium\">\n\t\t<div id=\"ult-modal-wrap-2919\" class=\"ult_modal-content ult-hide\" style=\"border-style:solid;border-width:2px;border-radius:0px;border-color:#333333;\">\n\t\t\t<div class=\"ult_modal-header\" style=\"color:#333333;border-color:#333333;\">\n\t\t\t\t<h3  data-ultimate-target='#ult-modal-wrap-2919 .ult_modal-title'  data-responsive-json-new='{\"font-size\":\"\",\"line-height\":\"\"}'  class=\"ult_modal-title ult-responsive\">SOLICITAR PRESUPUESTO GRATUITO<\/h3>\n\t\t\t<\/div>\n\t\t\t<div  data-ultimate-target='#ult-modal-wrap-2919 .ult_modal-body'  data-responsive-json-new='{\"font-size\":\"\",\"line-height\":\"\"}'  class=\"ult_modal-body ult-responsive ult-html\" style=\"\">\n\t\t\t[caldera_form id=\u00bbCF6149c7d1c4417&#8243;]\n\t\t\t<\/div>\n\t<\/div>\n\t<\/div>\n\t<div class=\"ult-overlay-close top-right\" style=\"width:80px;height:80px; \"><div class=\"ult-overlay-close-inside\">Close<\/div><\/div>\n<\/div>[\/vc_column_inner][\/vc_row_inner][\/vc_column][\/vc_row][vc_row wrap_container=\u00bbyes\u00bb css=\u00bb.vc_custom_1689256499740{margin-top: 15px !important;}\u00bb conditional_render=\u00bb%5B%7B%22value_role%22%3A%22administrator%22%7D%5D\u00bb][vc_column][vc_custom_heading text=\u00bbPreguntas frecuentes\u00bb font_container=\u00bbtag:h2|text_align:center|color:%23000000&#8243; use_theme_fonts=\u00bbyes\u00bb][vc_separator][vc_row_inner][vc_column_inner width=\u00bb7\/12&#8243;][vc_column_text]<\/p>\n<h3>Cu\u00e1les son las ventajas de elegir Espamob para realizar una pr\u00e1ctica Erasmus en Espa\u00f1a en el campo de la perfumer\u00eda?<\/h3>\n<p>Al optar por Espamob para llevar a cabo una pr\u00e1ctica Erasmus en el \u00e1mbito de la perfumer\u00eda en Espa\u00f1a, disfrutar\u00e1s de varias ventajas. Espamob cuenta con una red de socios en el sector de la perfumer\u00eda en Espa\u00f1a, lo que facilitar\u00e1 la b\u00fasqueda y la recepci\u00f3n en las empresas asociadas. Adem\u00e1s, Espamob se encarga de encontrar alojamientos en el lugar, permiti\u00e9ndote concentrarte en tu pr\u00e1ctica. Finalmente, Espamob brinda un acompa\u00f1amiento completo en la creaci\u00f3n de tu proyecto y la b\u00fasqueda de financiamiento, asegur\u00e1ndote as\u00ed una exitosa experiencia Erasmus.<\/p>\n<h3>C\u00f3mo acompa\u00f1a Espamob a los grupos en la creaci\u00f3n de su proyecto de pr\u00e1ctica Erasmus en perfumer\u00eda en Espa\u00f1a?<\/h3>\n<p>Espamob asiste a los grupos en la creaci\u00f3n de su proyecto de pr\u00e1ctica Erasmus en perfumer\u00eda en Espa\u00f1a proporcionando ayuda personalizada. La agencia te ayudar\u00e1 a definir tus objetivos y a elegir las empresas asociadas m\u00e1s adecuadas para tu proyecto. Espamob tambi\u00e9n te orientar\u00e1 sobre la duraci\u00f3n y el contenido de tu pr\u00e1ctica, teniendo en cuenta tus necesidades y expectativas. Con su experiencia y red de contactos, Espamob garantiza un proyecto de pr\u00e1ctica Erasmus en perfumer\u00eda en Espa\u00f1a de alta calidad.<\/p>\n<h3>Espamob ofrece un servicio de recogida en el aeropuerto para los grupos que realizan una pr\u00e1ctica Erasmus en perfumer\u00eda en Espa\u00f1a?<\/h3>\n<p>S\u00ed, Espamob ofrece un servicio de recogida en el aeropuerto para los grupos que realizan una pr\u00e1ctica Erasmus en perfumer\u00eda en Espa\u00f1a. La agencia se encarga de organizar el transporte desde el aeropuerto hasta tu alojamiento, facilitando tu llegada y asegurando una c\u00e1lida bienvenida. Este servicio te permitir\u00e1 instalarte r\u00e1pidamente y comenzar tu experiencia Erasmus en perfumer\u00eda en Espa\u00f1a con total tranquilidad.[\/vc_column_text][\/vc_column_inner][vc_column_inner width=\u00bb1\/12&#8243;][\/vc_column_inner][vc_column_inner width=\u00bb4\/12&#8243;][vc_single_image image=\u00bb15074&#8243; img_size=\u00bbfull\u00bb][vc_column_text]<strong>Inf\u00f3rmate sobre los diferentes destinos Erasmus + en Espa\u00f1a :<\/strong><\/p>\n<ul>\n<li><a href=\"https:\/\/espamob.com\/es\/sectores-practicas-empresas-erasmusplus\/belleza\/practica-erasmus-estetica\/\">Pr\u00e1ctica Erasmus Est\u00e9tica<\/a><\/li>\n<li><a href=\"https:\/\/espamob.com\/es\/sectores-practicas-empresas-erasmusplus\/belleza\/practica-erasmus-peluqueria\/\">Pr\u00e1ctica Erasmus Peluquer\u00eda<\/a><\/li>\n<li><a href=\"https:\/\/espamob.com\/es\/sectores-practicas-empresas-erasmusplus\/belleza\/practica-erasmus-manicura\/\">Pr\u00e1ctica Erasmus Manicura<\/a><\/li>\n<li><a href=\"https:\/\/espamob.com\/es\/sectores-practicas-empresas-erasmusplus\/belleza\/practica-erasmus-cosmetica\/\">Pr\u00e1ctica Erasmus Cosm\u00e9tica<\/a><\/li>\n<\/ul>\n<p>[\/vc_column_text][\/vc_column_inner][\/vc_row_inner][\/vc_column][\/vc_row]<\/p>\n<\/div>","protected":false},"excerpt":{"rendered":"<p>[vc_row css=\u00bb.vc_custom_1708366717786{margin-top: -20px !important;margin-bottom: 40px !important;background-image: url(https:\/\/espamob.com\/wp-content\/uploads\/2024\/02\/Perfumeria.webp?id=23578) !important;}\u00bb conditional_render=\u00bb%5B%7B%22value_role%22%3A%22administrator%22%7D%5D\u00bb][vc_column css=\u00bb.vc_custom_1687965657482{padding-top: 30px !important;}\u00bb conditional_render=\u00bb%5B%7B%22value_role%22%3A%22administrator%22%7D%5D\u00bb][vc_empty_space height=\u00bb170&#8243;][vc_custom_heading text=\u00bbPr\u00e1ctica Erasmus: Perfumer\u00eda\u00bb font_container=\u00bbtag:h1|font_size:27|text_align:center|color:%23ffffff\u00bb use_theme_fonts=\u00bbyes\u00bb css=\u00bb.vc_custom_1708551871256{margin-bottom: 15px !important;background-color: rgba(136,136,136,0.29) !important;*background-color: rgb(136,136,136) !important;}\u00bb animation_type=\u00bbzoomIn\u00bb][vc_empty_space height=\u00bb40&#8243;][\/vc_column][\/vc_row][vc_row wrap_container=\u00bbyes\u00bb text_align=\u00bbjustify\u00bb][vc_column text_align=\u00bbjustify\u00bb][vc_column_text] Home Sectores de pr\u00e1cticas Movilidad en el sector de la belleza Pr\u00e1ctica Erasmus : Perfumer\u00eda [\/vc_column_text][vc_custom_heading text=\u00bbPr\u00e1cticas Erasmus en Perfumer\u00eda: la oportunidad perfecta para<\/p>\n","protected":false},"author":2,"featured_media":0,"parent":12402,"menu_order":0,"comment_status":"open","ping_status":"closed","template":"","meta":{"footnotes":""},"class_list":["post-23610","page","type-page","status-publish","hentry"],"_links":{"self":[{"href":"https:\/\/espamob.com\/es\/wp-json\/wp\/v2\/pages\/23610","targetHints":{"allow":["GET"]}}],"collection":[{"href":"https:\/\/espamob.com\/es\/wp-json\/wp\/v2\/pages"}],"about":[{"href":"https:\/\/espamob.com\/es\/wp-json\/wp\/v2\/types\/page"}],"author":[{"embeddable":true,"href":"https:\/\/espamob.com\/es\/wp-json\/wp\/v2\/users\/2"}],"replies":[{"embeddable":true,"href":"https:\/\/espamob.com\/es\/wp-json\/wp\/v2\/comments?post=23610"}],"version-history":[{"count":0,"href":"https:\/\/espamob.com\/es\/wp-json\/wp\/v2\/pages\/23610\/revisions"}],"up":[{"embeddable":true,"href":"https:\/\/espamob.com\/es\/wp-json\/wp\/v2\/pages\/12402"}],"wp:attachment":[{"href":"https:\/\/espamob.com\/es\/wp-json\/wp\/v2\/media?parent=23610"}],"curies":[{"name":"wp","href":"https:\/\/api.w.org\/{rel}","templated":true}]}}