{"id":23606,"date":"2023-08-25T10:49:30","date_gmt":"2023-08-25T10:49:30","guid":{"rendered":"https:\/\/www.espamob.com\/sectores-practicas-empresas-erasmusplus\/belleza\/stage-erasmus-cosmetique\/"},"modified":"2024-02-21T22:02:44","modified_gmt":"2024-02-21T22:02:44","slug":"practica-erasmus-cosmetica","status":"publish","type":"page","link":"https:\/\/espamob.com\/es\/sectores-practicas-empresas-erasmusplus\/belleza\/practica-erasmus-cosmetica\/","title":{"rendered":"Stage Erasmus : Cosm\u00e9tique"},"content":{"rendered":"<div class=\"wpb-content-wrapper\"><p>[vc_row css=\u00bb.vc_custom_1708366700212{margin-top: -20px !important;margin-bottom: 40px !important;background-image: url(https:\/\/espamob.com\/wp-content\/uploads\/2024\/02\/Cosmetica.webp?id=23573) !important;}\u00bb conditional_render=\u00bb%5B%7B%22value_role%22%3A%22administrator%22%7D%5D\u00bb][vc_column css=\u00bb.vc_custom_1687965657482{padding-top: 30px !important;}\u00bb conditional_render=\u00bb%5B%7B%22value_role%22%3A%22administrator%22%7D%5D\u00bb][vc_empty_space height=\u00bb170&#8243;][vc_custom_heading text=\u00bbPr\u00e1ctica Erasmus: Cosm\u00e9tica\u00bb font_container=\u00bbtag:h1|font_size:27|text_align:center|color:%23ffffff\u00bb use_theme_fonts=\u00bbyes\u00bb css=\u00bb.vc_custom_1708551172055{margin-bottom: 15px !important;background-color: rgba(136,136,136,0.29) !important;*background-color: rgb(136,136,136) !important;}\u00bb animation_type=\u00bbzoomIn\u00bb][vc_empty_space height=\u00bb40&#8243;][\/vc_column][\/vc_row][vc_row wrap_container=\u00bbyes\u00bb text_align=\u00bbjustify\u00bb][vc_column text_align=\u00bbjustify\u00bb][vc_column_text]<\/p>\n<nav aria-label=\"breadcrumb\">\n<ol class=\"breadcrumb\">\n<li class=\"breadcrumb-item\"><a href=\"https:\/\/espamob.com\/es\">Home<\/a><\/li>\n<li class=\"breadcrumb-item\"><a href=\"https:\/\/espamob.com\/es\/sectores-practicas-empresas-erasmusplus\">Sectores de pr\u00e1cticas<\/a><\/li>\n<li class=\"breadcrumb-item active\" aria-current=\"page\"><a href=\"https:\/\/espamob.com\/es\/sectores-practicas-empresas-erasmusplus\/belleza\/\">Movilidad en el sector de la belleza<\/a><\/li>\n<li class=\"breadcrumb-item active\" aria-current=\"page\">Pr\u00e1ctica Erasmus : Cosm\u00e9tica<\/li>\n<\/ol>\n<\/nav>\n<p>[\/vc_column_text][vc_custom_heading text=\u00bbDescubre las oportunidades que ofrecen las pr\u00e1cticas Erasmus Cosm\u00e9tica\u00bb use_theme_fonts=\u00bbyes\u00bb css=\u00bb.vc_custom_1708551240574{margin-top: 20px !important;}\u00bb][vc_separator][vc_row_inner][vc_column_inner width=\u00bb7\/12&#8243;][vc_column_text]El sector de la cosm\u00e9tica est\u00e1 en constante evoluci\u00f3n, y para aquellos que desean ingresar en este campo, existen numerosas oportunidades para aprovechar. Entre ellas, la pr\u00e1ctica Erasmus en Cosm\u00e9tica ofrece una oportunidad \u00fanica para adquirir una valiosa experiencia internacional y mejorar tus habilidades profesionales y ling\u00fc\u00edsticas. En este art\u00edculo, te presentamos los beneficios de este programa y c\u00f3mo sacar el m\u00e1ximo provecho de esta experiencia.<\/p>\n<h2>\u00bfQu\u00e9 es la pr\u00e1ctica Erasmus en Cosm\u00e9tica?<\/h2>\n<p>La pr\u00e1ctica Erasmus en Cosm\u00e9tica forma parte del programa <a href=\"https:\/\/erasmus-plus.ec.europa.eu\/es\" target=\"_blank\" rel=\"noopener\">Erasmus+<\/a>, una iniciativa de la Uni\u00f3n Europea que tiene como objetivo promover la educaci\u00f3n, la formaci\u00f3n, la juventud y el deporte en Europa. Este programa permite a estudiantes y profesionales realizar pr\u00e1cticas en el extranjero en el campo de la cosm\u00e9tica, que incluye la investigaci\u00f3n y desarrollo, la producci\u00f3n, la distribuci\u00f3n, as\u00ed como el marketing de productos de belleza y cuidado personal.<\/p>\n<h2>Objetivos y beneficios de la pr\u00e1ctica Erasmus en Cosm\u00e9tica<\/h2>\n<h3>Adquisici\u00f3n de nuevas habilidades<\/h3>\n<p>La pr\u00e1ctica Erasmus en Cosm\u00e9tica tiene como objetivo principal permitir a los participantes adquirir nuevas habilidades y conocimientos en su \u00e1rea de especializaci\u00f3n. Al trabajar con expertos internacionales, tienen la oportunidad de descubrir nuevas t\u00e9cnicas y enfoques, al mismo tiempo que desarrollan sus habilidades profesionales.<\/p>\n<h3>Mejora de las habilidades ling\u00fc\u00edsticas<\/h3>\n<p>Adem\u00e1s de las habilidades t\u00e9cnicas, la pr\u00e1ctica Erasmus en Cosm\u00e9tica tambi\u00e9n ofrece una oportunidad \u00fanica para mejorar las habilidades ling\u00fc\u00edsticas. Vivir y trabajar en un pa\u00eds extranjero permite practicar diariamente el idioma local y progresar r\u00e1pidamente. Esta competencia ling\u00fc\u00edstica es un activo considerable para avanzar en el \u00e1mbito cosm\u00e9tico internacional.<\/p>\n<h3>Fortalecimiento de la red profesional<\/h3>\n<p>Realizar una pr\u00e1ctica en el extranjero a trav\u00e9s del programa Erasmus+ tambi\u00e9n es una excelente manera de fortalecer tu red profesional. Los contactos establecidos con colegas, socios y clientes durante la pr\u00e1ctica pueden resultar valiosos para tu futura carrera en el campo de la cosm\u00e9tica.[\/vc_column_text][\/vc_column_inner][vc_column_inner width=\u00bb1\/12&#8243;][\/vc_column_inner][vc_column_inner width=\u00bb4\/12&#8243;][vc_single_image image=\u00bb18451&#8243; img_size=\u00bb400*400&#8243; alignment=\u00bbright\u00bb style=\u00bbvc_box_rounded\u00bb][vc_btn title=\u00bbVer m\u00e1s\u00bb style=\u00bbcustom\u00bb custom_background=\u00bb#e20000&#8243; custom_text=\u00bb#ffffff\u00bb align=\u00bbcenter\u00bb link=\u00bburl:https%3A%2F%2Fespamob.com%2Fes%2Fcontacto%2F|title:Contacto|target:_blank\u00bb][\/vc_column_inner][\/vc_row_inner][vc_custom_heading text=\u00bb\u00bfC\u00f3mo puedo aprovechar al m\u00e1ximo las ventajas de mis pr\u00e1cticas Erasmus Cosm\u00e9tica?\u00bb font_container=\u00bbtag:h3|text_align:left\u00bb use_theme_fonts=\u00bbyes\u00bb css=\u00bb.vc_custom_1708551448268{margin-top: 20px !important;}\u00bb][vc_separator][vc_row_inner][vc_column_inner width=\u00bb7\/12&#8243;][vc_column_text]<\/p>\n<h3>Mostrar proactividad<\/h3>\n<p>Para aprovechar al m\u00e1ximo tu experiencia Erasmus+ en el sector cosm\u00e9tico, es esencial mostrar proactividad. No dudes en tomar la iniciativa, proponer tus ideas y comprometerte plenamente en los proyectos que se te asignen. Esta actitud no solo demuestra tu motivaci\u00f3n, sino que tambi\u00e9n puede abrir la puerta a nuevas oportunidades profesionales.<\/p>\n<h3>Mostrar curiosidad y apertura de mente<\/h3>\n<p>El \u00e9xito de una pr\u00e1ctica Erasmus en Cosm\u00e9tica depende en gran medida de tu capacidad para adaptarte a un nuevo entorno y estar abierto a las diferencias culturales. Muestra curiosidad haciendo preguntas, intercambiando ideas con tus colegas y participando activamente en la vida local. Esta actitud te ayudar\u00e1 no solo a comprender mejor el mercado cosm\u00e9tico del pa\u00eds, sino tambi\u00e9n a establecer relaciones duraderas con las personas que te rodean.<\/p>\n<h3>Establecer objetivos claros<\/h3>\n<p>Antes de comenzar tu pr\u00e1ctica Erasmus en Cosm\u00e9tica, es importante establecer objetivos claros y realistas en t\u00e9rminos de adquisici\u00f3n de habilidades y conocimientos. Esto te permitir\u00e1 mantenerte enfocado en tus prioridades durante toda tu experiencia y medir tu progreso.<\/p>\n<h2>Los trabajos accesibles gracias a la pr\u00e1ctica Erasmus en Cosm\u00e9tica<\/h2>\n<p>Seg\u00fan tus habilidades e intereses, la pr\u00e1ctica Erasmus en Cosm\u00e9tica puede prepararte para desempe\u00f1ar diversos roles en el sector de la belleza y los cuidados. Aqu\u00ed tienes algunos ejemplos:<\/p>\n<ul>\n<li>Jefe de producto cosm\u00e9tico<\/li>\n<li>Responsable de marketing<\/li>\n<li>Encargado de investigaci\u00f3n y desarrollo<\/li>\n<li>Formulador en cosm\u00e9tica<\/li>\n<li>Especialista en regulaci\u00f3n cosm\u00e9tica<\/li>\n<li>Responsable de calidad<\/li>\n<li>Comercial de exportaci\u00f3n<\/li>\n<\/ul>\n<p><strong>En conclusi\u00f3n, la pr\u00e1ctica Erasmus en Cosm\u00e9tica representa una oportunidad \u00fanica para aquellos que desean ingresar al campo de la belleza y los cuidados.<\/strong> Aprovechando esta experiencia internacional, podr\u00e1s adquirir nuevas habilidades, ampliar tu red profesional y aumentar tus posibilidades de \u00e9xito en este sector en pleno crecimiento.[\/vc_column_text][\/vc_column_inner][vc_column_inner width=\u00bb1\/12&#8243;][\/vc_column_inner][vc_column_inner width=\u00bb4\/12&#8243;][vc_raw_html]JTNDZGl2JTIwc3R5bGUlM0QlMjJwYWRkaW5nJTNBJTIwMzBweCUzQmJhY2tncm91bmQtY29sb3IlM0ElMjAlMjNGNEY0RjQlM0IlMjIlM0UlMEElMjAlMjAlMjAlMjAlM0NoNCUzRURlc2N1YnJhJTIwdG9kb3MlMjBsb3MlMjBzZWN0b3JlcyUyMGRlJTIwcHIlQzMlQTFjdGljYXMlM0MlMkZoNCUzRSUwQSUyMCUyMCUyMCUyMCUzQ3AlM0VFc3BhbW9iJTIwZXMlMjBlc3BlY2lhbGlzdGElMjBlbiUyMGxhJTIwYXNlc29yJUMzJUFEYSUyMGRlJTIwZ3J1cG9zJTIwZW4lMjBzdSUyMG1vdmlsaWRhZCUyMEVyYXNtdXMlMkIuJTIwRGVzY3VicmUlMjBlbiUyMHVub3MlMjBwb2NvcyUyMGNsaWNzJTIwdG9kb3MlMjBsb3MlMjBzZWN0b3JlcyUyMGRlJTIwcHIlQzMlQTFjdGljYXMlMjBFcmFzbXVzJTIwZW4lMjBFc3BhJUMzJUIxYS4lM0MlMkZwJTNFJTBBJTIwJTIwJTIwJTIwJTNDYSUyMGNsYXNzJTNEJTIydmNfZ2VuZXJhbCUyMHZjX2J0bjMlMjB2Y19idG4zLXNpemUtbWQlMjB2Y19idG4zLXNoYXBlLWRlZmF1bHQlMjB2Y19idG4zLXN0eWxlLWN1c3RvbSUyMHdwYl9jdXN0b21fNjY4N2IyNmYzOTQ4OGRkYmI4NWRkYjNjMWNlOGUxMTElMjBidG4lMjIlMjBzdHlsZSUzRCUyMmJhY2tncm91bmQtY29sb3IlM0ElMjNlMjAwMDAlM0IlMjBjb2xvciUzQSUyM2ZmZmZmZiUzQiUyMGJhY2tncm91bmQtY29sb3IlM0ElMjNlMjAwMDAlM0IlMjBjb2xvciUzQSUyM2ZmZmZmZiUzQiUyMiUyMGhyZWYlM0QlMjJodHRwcyUzQSUyRiUyRnd3dy5lc3BhbW9iLmNvbSUyRmVzJTJGc2VjdG9yZXMtcHJhY3RpY2FzLWVtcHJlc2FzLWVyYXNtdXNwbHVzJTJGJTIyJTIwdGl0bGUlM0QlMjJTZWN0b3JlcyUyMGRlJTIwcHIlQzMlQTFjdGljYXMlMjIlMjB0YXJnZXQlM0QlMjJfYmxhbmslMjIlM0VEZXNjdWJyaXIlMjBsb3MlMjBzZWN0b3JlcyUzQyUyRmElM0UlMEElM0MlMkZkaXYlM0U=[\/vc_raw_html][\/vc_column_inner][\/vc_row_inner][\/vc_column][\/vc_row][vc_row full_width=\u00bbstretch_row\u00bb wrap_container=\u00bbyes\u00bb is_section=\u00bbyes\u00bb css=\u00bb.vc_custom_1708551581296{border-top-width: 0px !important;padding-top: 15px !important;padding-bottom: 15px !important;background-color: #f8f392 !important;}\u00bb conditional_render=\u00bb%5B%7B%22value_role%22%3A%22administrator%22%7D%5D\u00bb][vc_column][vc_row_inner css=\u00bb.vc_custom_1688548648248{background-color: #f8f392 !important;}\u00bb][vc_column_inner][vc_custom_heading text=\u00bbSolicite un presupuesto gratuito\u00bb font_container=\u00bbtag:h2|text_align:center\u00bb use_theme_fonts=\u00bbyes\u00bb][vc_column_text]<\/p>\n<p style=\"text-align: justify;\">\u00bfTienes una idea para un proyecto Erasmus+ en Espa\u00f1a y est\u00e1s buscando un referente de confianza que te apoye? \u00a1<strong>Espamob<\/strong>\u2019 est\u00e1 aqu\u00ed para ayudarte! Te ofrecemos un presupuesto gratuito y sin compromiso para ayudarte a gestionar tu proyecto de movilidad. Gracias a nuestra experiencia y nuestra red de empresas asociadas, podemos ofrecerle soporte personalizado para satisfacer sus necesidades espec\u00edficas. Cont\u00e1ctenos ahora para hablar de su proyecto y obtener su presupuesto gratuito.<\/p>\n<p>[\/vc_column_text]<div id=\"modal-trg-txt-wrap-3655\" class=\"ult-modal-input-wrapper ult-adjust-bottom-margin    \" data-keypress-control=\"keypress-control-enable\" data-overlay-control=\"overlay-control-enable\"><style>\n\t\t\t\t\t.btn-modal.btn-id-69dea60eea56c9-76331270:hover {\n\t\t\t\t\t\tbackground-color: #e20000 !important;\n\t\t\t\t\t}\n\t\t\t\t\t<\/style><button  data-ultimate-target='#modal-trg-txt-wrap-3655 .btn-modal'  data-responsive-json-new='{\"font-size\":\"\",\"line-height\":\"\"}'  style=\"background:#888888;border-color:#888888;color:#ffffff; \" data-class-id=\"content-69dea60eea56c9-76331270\" class=\"btn-modal ult-responsive btn-primary btn-modal-md overlay-show ult-align-center btn-id-69dea60eea56c9-76331270\" data-overlay-class=\"overlay-cornerbottomleft\">SOLICITAR PRESUPUESTO GRATUITO<\/button><\/div>\n<div class=\"ult-overlay content-69dea60eea56c9-76331270 \" data-class=\"content-69dea60eea56c9-76331270\" id=\"button-click-overlay\" style=\"background:rgba(51,51,51,0.8); display:none;\">\n\t<div class=\"ult_modal ult-fade ult-medium\">\n\t\t<div id=\"ult-modal-wrap-1771\" class=\"ult_modal-content ult-hide\" style=\"border-style:solid;border-width:2px;border-radius:0px;border-color:#333333;\">\n\t\t\t<div class=\"ult_modal-header\" style=\"color:#333333;border-color:#333333;\">\n\t\t\t\t<h3  data-ultimate-target='#ult-modal-wrap-1771 .ult_modal-title'  data-responsive-json-new='{\"font-size\":\"\",\"line-height\":\"\"}'  class=\"ult_modal-title ult-responsive\">SOLICITAR PRESUPUESTO GRATUITO<\/h3>\n\t\t\t<\/div>\n\t\t\t<div  data-ultimate-target='#ult-modal-wrap-1771 .ult_modal-body'  data-responsive-json-new='{\"font-size\":\"\",\"line-height\":\"\"}'  class=\"ult_modal-body ult-responsive ult-html\" style=\"\">\n\t\t\t<\/p>\n<p>[caldera_form id=\u00bbCF6149c7d1c4417&#8243;]<\/p>\n<p>\n\t\t\t<\/div>\n\t<\/div>\n\t<\/div>\n\t<div class=\"ult-overlay-close top-right\" style=\"width:80px;height:80px; \"><div class=\"ult-overlay-close-inside\">Close<\/div><\/div>\n<\/div>[\/vc_column_inner][\/vc_row_inner][\/vc_column][\/vc_row][vc_row wrap_container=\u00bbyes\u00bb css=\u00bb.vc_custom_1689256499740{margin-top: 15px !important;}\u00bb conditional_render=\u00bb%5B%7B%22value_role%22%3A%22administrator%22%7D%5D\u00bb][vc_column][vc_custom_heading text=\u00bbPreguntas frecuentes\u00bb font_container=\u00bbtag:h2|text_align:center|color:%23000000&#8243; use_theme_fonts=\u00bbyes\u00bb][vc_separator][vc_row_inner][vc_column_inner width=\u00bb7\/12&#8243;][vc_column_text]<\/p>\n<h3>\u00bfCu\u00e1l es el beneficio de contar con Espamob para realizar una pr\u00e1ctica Erasmus en cosm\u00e9tica?<\/h3>\n<p>El beneficio de contar con Espamob para realizar una pr\u00e1ctica Erasmus en cosm\u00e9tica radica en que la agencia cuenta con una red de socios en este \u00e1mbito espec\u00edfico. As\u00ed, podr\u00e1 ayudarte a encontrar empresas colaboradoras en cosm\u00e9tica en Espa\u00f1a para llevar a cabo tu pr\u00e1ctica, permiti\u00e9ndote adquirir experiencia profesional en tu campo de estudios.<\/p>\n<h3>\u00bfC\u00f3mo puede Espamob ayudarme a financiar mi pr\u00e1ctica Erasmus en cosm\u00e9tica?<\/h3>\n<p>Espamob puede ayudarte a financiar tu pr\u00e1ctica Erasmus en cosm\u00e9tica asisti\u00e9ndote en la b\u00fasqueda de financiamiento. La agencia posee conocimientos y recursos para orientarte hacia diversas posibilidades de financiamiento, como las becas Erasmus+ u otras ayudas econ\u00f3micas espec\u00edficas para tu \u00e1rea de estudios.<\/p>\n<h3>\u00bfEspamob se encarga tambi\u00e9n del alojamiento durante mi pr\u00e1ctica Erasmus en cosm\u00e9tica?<\/h3>\n<p>S\u00ed, Espamob tambi\u00e9n se encarga del alojamiento durante tu pr\u00e1ctica Erasmus en cosm\u00e9tica. La agencia se encargar\u00e1 de encontrar alojamientos adaptados a tus necesidades y presupuesto, ya sea en residencias universitarias, compartidos o en familias de acogida. De esta manera, no tendr\u00e1s que preocuparte por esta parte log\u00edstica y podr\u00e1s concentrarte plenamente en tu experiencia profesional en cosm\u00e9tica.[\/vc_column_text][\/vc_column_inner][vc_column_inner width=\u00bb1\/12&#8243;][\/vc_column_inner][vc_column_inner width=\u00bb4\/12&#8243;][vc_single_image image=\u00bb15074&#8243; img_size=\u00bbfull\u00bb][vc_column_text]<strong>Inf\u00f3rmate sobre los diferentes destinos Erasmus + en Espa\u00f1a :<\/strong><\/p>\n<ul>\n<li><a href=\"https:\/\/espamob.com\/es\/sectores-practicas-empresas-erasmusplus\/belleza\/practica-erasmus-estetica\/\">Pr\u00e1ctica Erasmus Est\u00e9tica<\/a><\/li>\n<li><a href=\"https:\/\/espamob.com\/es\/sectores-practicas-empresas-erasmusplus\/belleza\/practica-erasmus-peluqueria\/\">Pr\u00e1ctica Erasmus Peluquer\u00eda<\/a><\/li>\n<li><a href=\"https:\/\/espamob.com\/es\/sectores-practicas-empresas-erasmusplus\/belleza\/practica-erasmus-manicura\/\">Pr\u00e1ctica Erasmus Manicura<\/a><\/li>\n<li><a href=\"https:\/\/espamob.com\/es\/sectores-practicas-empresas-erasmusplus\/belleza\/practica-erasmus-perfumeria\/\">Pr\u00e1ctica Erasmus Perfumer\u00eda<\/a><\/li>\n<\/ul>\n<p>[\/vc_column_text][\/vc_column_inner][\/vc_row_inner][\/vc_column][\/vc_row]<\/p>\n<\/div>","protected":false},"excerpt":{"rendered":"<p>[vc_row css=\u00bb.vc_custom_1708366700212{margin-top: -20px !important;margin-bottom: 40px !important;background-image: url(https:\/\/espamob.com\/wp-content\/uploads\/2024\/02\/Cosmetica.webp?id=23573) !important;}\u00bb conditional_render=\u00bb%5B%7B%22value_role%22%3A%22administrator%22%7D%5D\u00bb][vc_column css=\u00bb.vc_custom_1687965657482{padding-top: 30px !important;}\u00bb conditional_render=\u00bb%5B%7B%22value_role%22%3A%22administrator%22%7D%5D\u00bb][vc_empty_space height=\u00bb170&#8243;][vc_custom_heading text=\u00bbPr\u00e1ctica Erasmus: Cosm\u00e9tica\u00bb font_container=\u00bbtag:h1|font_size:27|text_align:center|color:%23ffffff\u00bb use_theme_fonts=\u00bbyes\u00bb css=\u00bb.vc_custom_1708551172055{margin-bottom: 15px !important;background-color: rgba(136,136,136,0.29) !important;*background-color: rgb(136,136,136) !important;}\u00bb animation_type=\u00bbzoomIn\u00bb][vc_empty_space height=\u00bb40&#8243;][\/vc_column][\/vc_row][vc_row wrap_container=\u00bbyes\u00bb text_align=\u00bbjustify\u00bb][vc_column text_align=\u00bbjustify\u00bb][vc_column_text] Home Sectores de pr\u00e1cticas Movilidad en el sector de la belleza Pr\u00e1ctica Erasmus : Cosm\u00e9tica [\/vc_column_text][vc_custom_heading text=\u00bbDescubre las oportunidades que ofrecen las pr\u00e1cticas Erasmus<\/p>\n","protected":false},"author":2,"featured_media":0,"parent":12402,"menu_order":0,"comment_status":"open","ping_status":"closed","template":"","meta":{"footnotes":""},"class_list":["post-23606","page","type-page","status-publish","hentry"],"_links":{"self":[{"href":"https:\/\/espamob.com\/es\/wp-json\/wp\/v2\/pages\/23606","targetHints":{"allow":["GET"]}}],"collection":[{"href":"https:\/\/espamob.com\/es\/wp-json\/wp\/v2\/pages"}],"about":[{"href":"https:\/\/espamob.com\/es\/wp-json\/wp\/v2\/types\/page"}],"author":[{"embeddable":true,"href":"https:\/\/espamob.com\/es\/wp-json\/wp\/v2\/users\/2"}],"replies":[{"embeddable":true,"href":"https:\/\/espamob.com\/es\/wp-json\/wp\/v2\/comments?post=23606"}],"version-history":[{"count":0,"href":"https:\/\/espamob.com\/es\/wp-json\/wp\/v2\/pages\/23606\/revisions"}],"up":[{"embeddable":true,"href":"https:\/\/espamob.com\/es\/wp-json\/wp\/v2\/pages\/12402"}],"wp:attachment":[{"href":"https:\/\/espamob.com\/es\/wp-json\/wp\/v2\/media?parent=23606"}],"curies":[{"name":"wp","href":"https:\/\/api.w.org\/{rel}","templated":true}]}}