{"id":23449,"date":"2023-08-28T00:00:00","date_gmt":"2023-08-28T00:00:00","guid":{"rendered":"https:\/\/www.espamob.com\/sectores-practicas-empresas-erasmusplus\/informatica-multimedia\/stage-erasmus-audiovisuel\/"},"modified":"2024-02-16T21:27:24","modified_gmt":"2024-02-16T21:27:24","slug":"practica-erasmus-audiovisual","status":"publish","type":"page","link":"https:\/\/espamob.com\/es\/sectores-practicas-empresas-erasmusplus\/informatica-multimedia\/practica-erasmus-audiovisual\/","title":{"rendered":"Stage Erasmus : Audiovisuel"},"content":{"rendered":"<div class=\"wpb-content-wrapper\"><p>[vc_row css=\u00bb.vc_custom_1707933944436{margin-top: -20px !important;margin-bottom: 40px !important;background-image: url(https:\/\/espamob.com\/wp-content\/uploads\/2024\/02\/Multimedia-Audiovisual.webp?id=23432) !important;}\u00bb conditional_render=\u00bb%5B%7B%22value_role%22%3A%22administrator%22%7D%5D\u00bb][vc_column css=\u00bb.vc_custom_1687965657482{padding-top: 30px !important;}\u00bb conditional_render=\u00bb%5B%7B%22value_role%22%3A%22administrator%22%7D%5D\u00bb][vc_empty_space height=\u00bb170&#8243;][vc_custom_heading text=\u00bbPr\u00e1cticas Erasmus: Audiovisual\u00bb font_container=\u00bbtag:h1|font_size:27|text_align:center|color:%23ffffff\u00bb use_theme_fonts=\u00bbyes\u00bb css=\u00bb.vc_custom_1708117399251{margin-bottom: 15px !important;background-color: rgba(136,136,136,0.29) !important;*background-color: rgb(136,136,136) !important;}\u00bb animation_type=\u00bbzoomIn\u00bb][vc_empty_space height=\u00bb40&#8243;][\/vc_column][\/vc_row][vc_row wrap_container=\u00bbyes\u00bb text_align=\u00bbjustify\u00bb][vc_column text_align=\u00bbjustify\u00bb][vc_column_text]<\/p>\n<nav aria-label=\"breadcrumb\">\n<ol class=\"breadcrumb\">\n<li class=\"breadcrumb-item\"><a href=\"https:\/\/espamob.com\/es\">Home<\/a><\/li>\n<li class=\"breadcrumb-item\"><a href=\"https:\/\/espamob.com\/es\/sectores-practicas-empresas-erasmusplus\">Sectores de pr\u00e1cticas<\/a><\/li>\n<li class=\"breadcrumb-item active\" aria-current=\"page\"><a href=\"https:\/\/espamob.com\/es\/sectores-practicas-empresas-erasmusplus\/informatica-multimedia\/\">Movilidad en el sector inform\u00e1tico y multimedia<\/a><\/li>\n<li class=\"breadcrumb-item active\" aria-current=\"page\">Pr\u00e1ctica Erasmus : Audiovisual<\/li>\n<\/ol>\n<\/nav>\n<p>[\/vc_column_text][vc_custom_heading text=\u00bbSum\u00e9rgete en el mundo de la creaci\u00f3n audiovisual con unas pr\u00e1cticas Erasmus\u00bb use_theme_fonts=\u00bbyes\u00bb css=\u00bb.vc_custom_1708117431447{margin-top: 20px !important;}\u00bb][vc_separator][vc_row_inner][vc_column_inner width=\u00bb7\/12&#8243;][vc_column_text]Descubre c\u00f3mo hacer realidad tu sue\u00f1o de trabajar en la industria audiovisual realizando una <strong>pr\u00e1ctica Erasmus dedicada a esta apasionante disciplina<\/strong>. Este programa europeo te brinda una experiencia profesional \u00fanica y enriquecedora en una empresa especializada en el sector audiovisual. De esta manera, podr\u00e1s desarrollar tus habilidades t\u00e9cnicas y art\u00edsticas, y contribuir a la realizaci\u00f3n de proyectos creativos en Europa.<\/p>\n<h2>Erasmus+: el programa que abre las puertas de Europa<\/h2>\n<p>Lanzado en 1987, Erasmus (Programa de Acci\u00f3n Comunitaria para la Movilidad de Estudiantes Universitarios Europeos) es un programa de intercambio universitario que permite a los estudiantes vivir una experiencia acad\u00e9mica y cultural en otro pa\u00eds europeo. Desde 2014, el programa se ha expandido y se ha convertido en Erasmus+, incluyendo oportunidades de pr\u00e1cticas profesionales para estudiantes y reci\u00e9n graduados.<\/p>\n<p>Este programa te brinda acceso a una beca para financiar tu estancia y cubrir parte de los gastos relacionados con tu movilidad internacional. Gracias a este respaldo financiero, puedes concentrarte en tu pr\u00e1ctica y aprovechar al m\u00e1ximo esta experiencia \u00fanica.<\/p>\n<h2>La pr\u00e1ctica Erasmus en audiovisuales: una inmersi\u00f3n total en el mundo profesional<\/h2>\n<p>Realizar una pr\u00e1ctica Erasmus en el campo audiovisual es una incre\u00edble oportunidad para sumergirse en el coraz\u00f3n de la industria y aprender junto a profesionales experimentados. Durante esta pr\u00e1ctica, podr\u00e1s:<\/p>\n<ul>\n<li>Participar activamente en la realizaci\u00f3n de proyectos audiovisuales (pel\u00edculas, series de televisi\u00f3n, documentales, publicidades, etc.)<\/li>\n<li>Descubrir las diferentes etapas de producci\u00f3n de una obra audiovisual, desde la escritura hasta la postproducci\u00f3n<\/li>\n<li>Profundizar tus conocimientos en t\u00e9cnicas de filmaci\u00f3n, edici\u00f3n, sonido y efectos especiales<\/li>\n<li>Reforzar tus habilidades ling\u00fc\u00edsticas e interculturales al trabajar en un entorno internacional<\/li>\n<\/ul>\n<p>Esta pr\u00e1ctica tambi\u00e9n te permitir\u00e1 construir una red profesional s\u00f3lida, fundamental para tener \u00e9xito en tu inserci\u00f3n en el mundo laboral.<\/p>\n<h2>Encontrar la pr\u00e1ctica Erasmus en audiovisuales que se ajuste a tus ambiciones<\/h2>\n<p>Para encontrar la mejor oportunidad de pr\u00e1ctica, es esencial preparar bien tu solicitud y apuntar a empresas que se alineen con tus aspiraciones profesionales. Aqu\u00ed tienes algunos consejos para ayudarte en este proceso:<\/p>\n<ol>\n<li><strong>Identifica tus habilidades<\/strong>: haz un balance de las \u00e1reas en las que destacas y las que deseas desarrollar durante tu pr\u00e1ctica Erasmus en audiovisuales. Esto te ayudar\u00e1 a seleccionar las ofertas m\u00e1s pertinentes.<\/li>\n<li><strong>Destaca tu motivaci\u00f3n<\/strong>: demuestra a los posibles empleadores que tienes pasi\u00f3n por lo audiovisual y que est\u00e1s decidido\/a a aprovechar al m\u00e1ximo esta experiencia.<\/li>\n<li><strong>Adapta tu curr\u00edculum y carta de presentaci\u00f3n<\/strong>: cada empresa tiene sus propias expectativas en cuanto a habilidades y calificaciones. Por lo tanto, es importante adaptar tu solicitud seg\u00fan el puesto deseado.<\/li>\n<li><strong>Investiga sobre las empresas<\/strong>: t\u00f3mate el tiempo de informarte sobre las actividades de las empresas que ofrecen pr\u00e1cticas Erasmus en audiovisuales, para comprender mejor su cultura corporativa y sus proyectos actuales.<\/li>\n<\/ol>\n<h3>Sectores clave para una pr\u00e1ctica Erasmus en audiovisuales<\/h3>\n<p>La industria audiovisual abarca numerosos trabajos y \u00e1reas de especializaci\u00f3n. Aqu\u00ed tienes algunos sectores donde realizar una pr\u00e1ctica Erasmus podr\u00eda ser particularmente beneficioso:<\/p>\n<ul>\n<li>Producci\u00f3n cinematogr\u00e1fica y televisiva<\/li>\n<li>Realizaci\u00f3n de documentales o reportajes<\/li>\n<li>Edici\u00f3n de video y sonido<\/li>\n<li>Efectos especiales y animaci\u00f3n 2D\/3D<\/li>\n<li>Comunicaci\u00f3n y promoci\u00f3n de obras audiovisuales<\/li>\n<\/ul>\n<p>[\/vc_column_text][\/vc_column_inner][vc_column_inner width=\u00bb1\/12&#8243;][\/vc_column_inner][vc_column_inner width=\u00bb4\/12&#8243;][vc_single_image image=\u00bb18132&#8243; img_size=\u00bb400*400&#8243; alignment=\u00bbright\u00bb style=\u00bbvc_box_rounded\u00bb label=\u00bb\u00bb][vc_btn title=\u00bbVer m\u00e1s\u00bb style=\u00bbcustom\u00bb custom_background=\u00bb#e20000&#8243; custom_text=\u00bb#ffffff\u00bb align=\u00bbcenter\u00bb link=\u00bburl:https%3A%2F%2Fespamob.com%2Fes%2Fcontacto%2F|title:Contacto|target:_blank\u00bb][\/vc_column_inner][\/vc_row_inner][vc_custom_heading text=\u00bbPreparar tu experiencia Erasmus en el sector audiovisual\u00bb font_container=\u00bbtag:h3|text_align:left\u00bb use_theme_fonts=\u00bbyes\u00bb css=\u00bb.vc_custom_1708117715651{margin-top: 20px !important;}\u00bb][vc_separator][vc_row_inner][vc_column_inner width=\u00bb7\/12&#8243;][vc_column_text]Para vivir plenamente esta aventura internacional, es importante preparar adecuadamente tu partida y tomar todas las medidas necesarias. Aqu\u00ed tienes algunos aspectos que no debes descuidar:<\/p>\n<ol>\n<li><strong>Anticipa los tr\u00e1mites administrativos<\/strong>: algunas formalidades (obtenci\u00f3n de visa, b\u00fasqueda de vivienda, seguro de salud, etc.) pueden llevar tiempo. Por lo tanto, es esencial comenzar con anticipaci\u00f3n.<\/li>\n<li><strong>Organiza tu presupuesto<\/strong>: aunque la beca Erasmus+ te ayudar\u00e1 a financiar parte de tus gastos, es importante planificar un presupuesto realista para cubrir los gastos locales.<\/li>\n<li><strong>Familiar\u00edzate con el idioma y la cultura locales<\/strong>: para facilitar tu integraci\u00f3n y disfrutar plenamente de tu estancia en Europa, aprovecha el tiempo antes de tu partida para conocer las especificidades culturales y ling\u00fc\u00edsticas de tu pa\u00eds de acogida.<\/li>\n<\/ol>\n<p>Siguiendo estos consejos y eligiendo sabiamente tu pr\u00e1ctica Erasmus en audiovisuales, aseguras vivir una experiencia profesional y personal inolvidable, que dejar\u00e1 una marca duradera en tu trayectoria y contribuir\u00e1 al \u00e9xito de tu carrera en la industria audiovisual.[\/vc_column_text][\/vc_column_inner][vc_column_inner width=\u00bb1\/12&#8243;][\/vc_column_inner][vc_column_inner width=\u00bb4\/12&#8243;][vc_raw_html]JTNDZGl2JTIwc3R5bGUlM0QlMjJwYWRkaW5nJTNBJTIwMzBweCUzQmJhY2tncm91bmQtY29sb3IlM0ElMjAlMjNGNEY0RjQlM0IlMjIlM0UlMEElMjAlMjAlMjAlMjAlM0NoNCUzRURlc2N1YnJhJTIwdG9kb3MlMjBsb3MlMjBzZWN0b3JlcyUyMGRlJTIwcHIlQzMlQTFjdGljYXMlM0MlMkZoNCUzRSUwQSUyMCUyMCUyMCUyMCUzQ3AlM0VFc3BhbW9iJTIwZXMlMjBlc3BlY2lhbGlzdGElMjBlbiUyMGxhJTIwYXNlc29yJUMzJUFEYSUyMGRlJTIwZ3J1cG9zJTIwZW4lMjBzdSUyMG1vdmlsaWRhZCUyMEVyYXNtdXMlMkIuJTIwRGVzY3VicmUlMjBlbiUyMHVub3MlMjBwb2NvcyUyMGNsaWNzJTIwdG9kb3MlMjBsb3MlMjBzZWN0b3JlcyUyMGRlJTIwcHIlQzMlQTFjdGljYXMlMjBFcmFzbXVzJTIwZW4lMjBFc3BhJUMzJUIxYS4lM0MlMkZwJTNFJTBBJTIwJTIwJTIwJTIwJTNDYSUyMGNsYXNzJTNEJTIydmNfZ2VuZXJhbCUyMHZjX2J0bjMlMjB2Y19idG4zLXNpemUtbWQlMjB2Y19idG4zLXNoYXBlLWRlZmF1bHQlMjB2Y19idG4zLXN0eWxlLWN1c3RvbSUyMHdwYl9jdXN0b21fNjY4N2IyNmYzOTQ4OGRkYmI4NWRkYjNjMWNlOGUxMTElMjBidG4lMjIlMjBzdHlsZSUzRCUyMmJhY2tncm91bmQtY29sb3IlM0ElMjNlMjAwMDAlM0IlMjBjb2xvciUzQSUyM2ZmZmZmZiUzQiUyMGJhY2tncm91bmQtY29sb3IlM0ElMjNlMjAwMDAlM0IlMjBjb2xvciUzQSUyM2ZmZmZmZiUzQiUyMiUyMGhyZWYlM0QlMjJodHRwcyUzQSUyRiUyRnd3dy5lc3BhbW9iLmNvbSUyRmVzJTJGc2VjdG9yZXMtcHJhY3RpY2FzLWVtcHJlc2FzLWVyYXNtdXNwbHVzJTJGJTIyJTIwdGl0bGUlM0QlMjJTZWN0b3JlcyUyMGRlJTIwcHIlQzMlQTFjdGljYXMlMjIlMjB0YXJnZXQlM0QlMjJfYmxhbmslMjIlM0VEZXNjdWJyaXIlMjBsb3MlMjBzZWN0b3JlcyUzQyUyRmElM0UlMEElM0MlMkZkaXYlM0U=[\/vc_raw_html][\/vc_column_inner][\/vc_row_inner][\/vc_column][\/vc_row][vc_row full_width=\u00bbstretch_row\u00bb wrap_container=\u00bbyes\u00bb is_section=\u00bbyes\u00bb css=\u00bb.vc_custom_1708117807370{border-top-width: 0px !important;padding-top: 15px !important;padding-bottom: 15px !important;background-color: #f8f392 !important;}\u00bb conditional_render=\u00bb%5B%7B%22value_role%22%3A%22administrator%22%7D%5D\u00bb][vc_column][vc_row_inner css=\u00bb.vc_custom_1688548648248{background-color: #f8f392 !important;}\u00bb][vc_column_inner][vc_custom_heading text=\u00bbSolicite un presupuesto gratuito\u00bb font_container=\u00bbtag:h2|text_align:center\u00bb use_theme_fonts=\u00bbyes\u00bb][vc_column_text]<\/p>\n<p style=\"text-align: justify;\">\u00bfTienes una idea para un proyecto Erasmus+ en Espa\u00f1a y est\u00e1s buscando un referente de confianza que te apoye? \u00a1<strong>Espamob<\/strong>\u2019 est\u00e1 aqu\u00ed para ayudarte! Te ofrecemos un presupuesto gratuito y sin compromiso para ayudarte a gestionar tu proyecto de movilidad. Gracias a nuestra experiencia y nuestra red de empresas asociadas, podemos ofrecerle soporte personalizado para satisfacer sus necesidades espec\u00edficas. Cont\u00e1ctenos ahora para hablar de su proyecto y obtener su presupuesto gratuito.<\/p>\n<p>[\/vc_column_text]<div id=\"modal-trg-txt-wrap-2734\" class=\"ult-modal-input-wrapper ult-adjust-bottom-margin    \" data-keypress-control=\"keypress-control-enable\" data-overlay-control=\"overlay-control-enable\"><style>\n\t\t\t\t\t.btn-modal.btn-id-69e798f29789e7-24017202:hover {\n\t\t\t\t\t\tbackground-color: #e20000 !important;\n\t\t\t\t\t}\n\t\t\t\t\t<\/style><button  data-ultimate-target='#modal-trg-txt-wrap-2734 .btn-modal'  data-responsive-json-new='{\"font-size\":\"\",\"line-height\":\"\"}'  style=\"background:#888888;border-color:#888888;color:#ffffff; \" data-class-id=\"content-69e798f29789e7-24017202\" class=\"btn-modal ult-responsive btn-primary btn-modal-md overlay-show ult-align-center btn-id-69e798f29789e7-24017202\" data-overlay-class=\"overlay-cornerbottomleft\">SOLICITAR PRESUPUESTO GRATUITO<\/button><\/div>\n<div class=\"ult-overlay content-69e798f29789e7-24017202 \" data-class=\"content-69e798f29789e7-24017202\" id=\"button-click-overlay\" style=\"background:rgba(51,51,51,0.8); display:none;\">\n\t<div class=\"ult_modal ult-fade ult-medium\">\n\t\t<div id=\"ult-modal-wrap-1737\" class=\"ult_modal-content ult-hide\" style=\"border-style:solid;border-width:2px;border-radius:0px;border-color:#333333;\">\n\t\t\t<div class=\"ult_modal-header\" style=\"color:#333333;border-color:#333333;\">\n\t\t\t\t<h3  data-ultimate-target='#ult-modal-wrap-1737 .ult_modal-title'  data-responsive-json-new='{\"font-size\":\"\",\"line-height\":\"\"}'  class=\"ult_modal-title ult-responsive\">SOLICITAR PRESUPUESTO GRATUITO<\/h3>\n\t\t\t<\/div>\n\t\t\t<div  data-ultimate-target='#ult-modal-wrap-1737 .ult_modal-body'  data-responsive-json-new='{\"font-size\":\"\",\"line-height\":\"\"}'  class=\"ult_modal-body ult-responsive ult-html\" style=\"\">\n\t\t\t[caldera_form id=\u00bbCF6149c7d1c4417&#8243;]\n\t\t\t<\/div>\n\t<\/div>\n\t<\/div>\n\t<div class=\"ult-overlay-close top-right\" style=\"width:80px;height:80px; \"><div class=\"ult-overlay-close-inside\">Close<\/div><\/div>\n<\/div>[\/vc_column_inner][\/vc_row_inner][\/vc_column][\/vc_row][vc_row wrap_container=\u00bbyes\u00bb css=\u00bb.vc_custom_1689256499740{margin-top: 15px !important;}\u00bb conditional_render=\u00bb%5B%7B%22value_role%22%3A%22administrator%22%7D%5D\u00bb][vc_column][vc_custom_heading text=\u00bbPreguntas frecuentes\u00bb font_container=\u00bbtag:h2|text_align:center|color:%23000000&#8243; use_theme_fonts=\u00bbyes\u00bb][vc_separator][vc_row_inner][vc_column_inner width=\u00bb7\/12&#8243;][vc_column_text]<\/p>\n<h3>\u00bfQu\u00e9 es Espamob?<\/h3>\n<p>Espamob es un sitio de acompa\u00f1amiento para grupos que desean realizar una movilidad Erasmus+ en Espa\u00f1a. La agencia gestiona los proyectos de principio a fin y brinda un acompa\u00f1amiento integral.<\/p>\n<h3>\u00bfQu\u00e9 servicios ofrece Espamob para las pr\u00e1cticas Erasmus en audiovisuales?<\/h3>\n<p>Espamob ofrece diversos servicios para las pr\u00e1cticas Erasmus en audiovisuales. La agencia ayuda a los grupos a crear su proyecto, busca financiamiento, facilita la recepci\u00f3n en universidades y empresas asociadas para las pr\u00e1cticas, encuentra alojamientos en el lugar y asegura el traslado desde el aeropuerto.<\/p>\n<h3>\u00bfPor qu\u00e9 recurrir a Espamob para una pr\u00e1ctica Erasmus en audiovisuales?<\/h3>\n<p>Optar por Espamob para una pr\u00e1ctica Erasmus en audiovisuales tiene varias ventajas. La agencia ofrece un acompa\u00f1amiento completo y facilita todos los tr\u00e1mites necesarios para la realizaci\u00f3n del proyecto. Cuenta con una red de socios confiables y experimentados en el \u00e1mbito audiovisual, lo que permite a los estudiantes disfrutar de una experiencia enriquecedora y profesional.[\/vc_column_text][\/vc_column_inner][vc_column_inner width=\u00bb1\/12&#8243;][\/vc_column_inner][vc_column_inner width=\u00bb4\/12&#8243;][vc_single_image image=\u00bb15074&#8243; img_size=\u00bbfull\u00bb][vc_column_text]<strong>Inf\u00f3rmate sobre los diferentes destinos Erasmus + en Espa\u00f1a :<\/strong><\/p>\n<ul>\n<li><a href=\"https:\/\/espamob.com\/es\/sectores-practicas-empresas-erasmusplus\/informatica-multimedia\/practica-erasmus-informatica\/\">Pr\u00e1cticas Erasmus Inform\u00e1tica<\/a><\/li>\n<li><a href=\"https:\/\/espamob.com\/es\/sectores-practicas-empresas-erasmusplus\/informatica-multimedia\/practica-erasmus-artes-graficas\/\">Pr\u00e1cticas Erasmus Artes Gr\u00e1ficas<\/a><\/li>\n<\/ul>\n<p>[\/vc_column_text][\/vc_column_inner][\/vc_row_inner][\/vc_column][\/vc_row]<\/p>\n<\/div>","protected":false},"excerpt":{"rendered":"<p>[vc_row css=\u00bb.vc_custom_1707933944436{margin-top: -20px !important;margin-bottom: 40px !important;background-image: url(https:\/\/espamob.com\/wp-content\/uploads\/2024\/02\/Multimedia-Audiovisual.webp?id=23432) !important;}\u00bb conditional_render=\u00bb%5B%7B%22value_role%22%3A%22administrator%22%7D%5D\u00bb][vc_column css=\u00bb.vc_custom_1687965657482{padding-top: 30px !important;}\u00bb conditional_render=\u00bb%5B%7B%22value_role%22%3A%22administrator%22%7D%5D\u00bb][vc_empty_space height=\u00bb170&#8243;][vc_custom_heading text=\u00bbPr\u00e1cticas Erasmus: Audiovisual\u00bb font_container=\u00bbtag:h1|font_size:27|text_align:center|color:%23ffffff\u00bb use_theme_fonts=\u00bbyes\u00bb css=\u00bb.vc_custom_1708117399251{margin-bottom: 15px !important;background-color: rgba(136,136,136,0.29) !important;*background-color: rgb(136,136,136) !important;}\u00bb animation_type=\u00bbzoomIn\u00bb][vc_empty_space height=\u00bb40&#8243;][\/vc_column][\/vc_row][vc_row wrap_container=\u00bbyes\u00bb text_align=\u00bbjustify\u00bb][vc_column text_align=\u00bbjustify\u00bb][vc_column_text] Home Sectores de pr\u00e1cticas Movilidad en el sector inform\u00e1tico y multimedia Pr\u00e1ctica Erasmus : Audiovisual [\/vc_column_text][vc_custom_heading text=\u00bbSum\u00e9rgete en el mundo de la creaci\u00f3n audiovisual<\/p>\n","protected":false},"author":2,"featured_media":0,"parent":12415,"menu_order":0,"comment_status":"closed","ping_status":"closed","template":"","meta":{"footnotes":""},"class_list":["post-23449","page","type-page","status-publish","hentry"],"_links":{"self":[{"href":"https:\/\/espamob.com\/es\/wp-json\/wp\/v2\/pages\/23449","targetHints":{"allow":["GET"]}}],"collection":[{"href":"https:\/\/espamob.com\/es\/wp-json\/wp\/v2\/pages"}],"about":[{"href":"https:\/\/espamob.com\/es\/wp-json\/wp\/v2\/types\/page"}],"author":[{"embeddable":true,"href":"https:\/\/espamob.com\/es\/wp-json\/wp\/v2\/users\/2"}],"replies":[{"embeddable":true,"href":"https:\/\/espamob.com\/es\/wp-json\/wp\/v2\/comments?post=23449"}],"version-history":[{"count":0,"href":"https:\/\/espamob.com\/es\/wp-json\/wp\/v2\/pages\/23449\/revisions"}],"up":[{"embeddable":true,"href":"https:\/\/espamob.com\/es\/wp-json\/wp\/v2\/pages\/12415"}],"wp:attachment":[{"href":"https:\/\/espamob.com\/es\/wp-json\/wp\/v2\/media?parent=23449"}],"curies":[{"name":"wp","href":"https:\/\/api.w.org\/{rel}","templated":true}]}}