{"id":23384,"date":"2023-08-25T00:00:00","date_gmt":"2023-08-25T00:00:00","guid":{"rendered":"https:\/\/www.espamob.com\/sectores-practicas-empresas-erasmusplus\/automocion\/stage-erasmus-carrosserie\/"},"modified":"2024-02-13T17:08:05","modified_gmt":"2024-02-13T17:08:05","slug":"practica-erasmus-carroceria","status":"publish","type":"page","link":"https:\/\/espamob.com\/es\/sectores-practicas-empresas-erasmusplus\/automocion\/practica-erasmus-carroceria\/","title":{"rendered":"Stage Erasmus : Carrosserie"},"content":{"rendered":"<div class=\"wpb-content-wrapper\"><p>[vc_row css=\u00bb.vc_custom_1707762604194{margin-top: -20px !important;margin-bottom: 40px !important;background-image: url(https:\/\/espamob.com\/wp-content\/uploads\/2024\/02\/Carroceria.webp?id=23370) !important;}\u00bb conditional_render=\u00bb%5B%7B%22value_role%22%3A%22administrator%22%7D%5D\u00bb][vc_column css=\u00bb.vc_custom_1687965657482{padding-top: 30px !important;}\u00bb conditional_render=\u00bb%5B%7B%22value_role%22%3A%22administrator%22%7D%5D\u00bb][vc_empty_space height=\u00bb170&#8243;][vc_custom_heading text=\u00bbPr\u00e1ctica Erasmus: Carrocer\u00eda\u00bb font_container=\u00bbtag:h1|font_size:27|text_align:center|color:%23ffffff\u00bb use_theme_fonts=\u00bbyes\u00bb css=\u00bb.vc_custom_1707843530738{margin-bottom: 15px !important;background-color: rgba(136,136,136,0.29) !important;*background-color: rgb(136,136,136) !important;}\u00bb animation_type=\u00bbzoomIn\u00bb][vc_empty_space height=\u00bb40&#8243;][\/vc_column][\/vc_row][vc_row wrap_container=\u00bbyes\u00bb text_align=\u00bbjustify\u00bb][vc_column text_align=\u00bbjustify\u00bb][vc_column_text]<\/p>\n<nav aria-label=\"breadcrumb\">\n<ol class=\"breadcrumb\">\n<li class=\"breadcrumb-item\"><a href=\"https:\/\/espamob.com\/es\">Home<\/a><\/li>\n<li class=\"breadcrumb-item\"><a href=\"https:\/\/espamob.com\/es\/sectores-practicas-empresas-erasmusplus\">Sectores de pr\u00e1cticas<\/a><\/li>\n<li class=\"breadcrumb-item active\" aria-current=\"page\"><a href=\"https:\/\/espamob.com\/es\/sectores-practicas-empresas-erasmusplus\/automocion\/\">Movilidad en el sector del autom\u00f3vil<\/a><\/li>\n<li class=\"breadcrumb-item active\" aria-current=\"page\">Pr\u00e1ctica Erasmus : Carrocer\u00eda<\/li>\n<\/ol>\n<\/nav>\n<p>[\/vc_column_text][vc_custom_heading text=\u00bbErasmus Pr\u00e1cticas de Carrocer\u00eda: una experiencia profesional \u00fanica en Europa\u00bb use_theme_fonts=\u00bbyes\u00bb css=\u00bb.vc_custom_1707843567643{margin-top: 20px !important;}\u00bb][vc_separator][vc_row_inner][vc_column_inner width=\u00bb7\/12&#8243;][vc_column_text]La Pr\u00e1ctica Erasmus en Carrocer\u00eda es una oportunidad excepcional para estudiantes y j\u00f3venes profesionales del sector automotriz que desean adquirir nuevas habilidades y familiarizarse con la cultura europea. Este programa forma parte de los <strong>programas Erasmus+<\/strong>, cuyo objetivo principal es promover la cooperaci\u00f3n entre los pa\u00edses europeos en diferentes \u00e1reas, incluyendo la educaci\u00f3n y la formaci\u00f3n profesional.<\/p>\n<h2>\u00bfQu\u00e9 implica una Pr\u00e1ctica Erasmus en Carrocer\u00eda?<\/h2>\n<p>Una Pr\u00e1ctica Erasmus en Carrocer\u00eda consiste en llevar a cabo un per\u00edodo de formaci\u00f3n pr\u00e1ctica en un taller especializado en carrocer\u00eda automotriz ubicado en un pa\u00eds de la Uni\u00f3n Europea distinto al pa\u00eds donde obtuviste tu t\u00edtulo. La duraci\u00f3n de la pr\u00e1ctica puede variar seg\u00fan tus necesidades y las de la empresa anfitriona, pero generalmente oscila entre 3 y 12 meses.<\/p>\n<p>Este tipo de pr\u00e1ctica brinda una oportunidad \u00fanica para poner en pr\u00e1ctica los conocimientos adquiridos durante tu carrera acad\u00e9mica o profesional y desarrollar habilidades espec\u00edficas relacionadas con la carrocer\u00eda. Esto incluye el aprendizaje de t\u00e9cnicas de reparaci\u00f3n, reemplazo de piezas, pintura y el manejo de herramientas y m\u00e1quinas especializadas.<\/p>\n<h2>\u00bfCu\u00e1les son los beneficios de una Pr\u00e1ctica Erasmus en Carrocer\u00eda?<\/h2>\n<h3>Adquisici\u00f3n de habilidades profesionales<\/h3>\n<p>Uno de los principales beneficios de una Pr\u00e1ctica Erasmus en Carrocer\u00eda es la posibilidad de adquirir habilidades profesionales en un contexto internacional. Trabajando con colegas y clientes de diferentes nacionalidades, no solo podr\u00e1s mejorar tus conocimientos t\u00e9cnicos en carrocer\u00eda, sino tambi\u00e9n desarrollar habilidades interculturales y ling\u00fc\u00edsticas.<\/p>\n<h3>Fortalecimiento de la red profesional<\/h3>\n<p>Una pr\u00e1ctica en el extranjero tambi\u00e9n representa una excelente oportunidad para fortalecer tu red profesional. Tendr\u00e1s la oportunidad de conocer a profesionales del sector automotriz, as\u00ed como a estudiantes y becarios de otros pa\u00edses europeos, lo que podr\u00eda ser beneficioso para tu futura carrera.<\/p>\n<h3>Descubrimiento de otra cultura<\/h3>\n<p>Finalmente, realizar una Pr\u00e1ctica Erasmus en Carrocer\u00eda te permite descubrir una nueva cultura y vivir una experiencia \u00fanica de movilidad internacional. Podr\u00e1s sumergirte en la vida cotidiana de otro pa\u00eds, aprender su idioma y costumbres, y quiz\u00e1s incluso establecer amistades duraderas m\u00e1s all\u00e1 de las fronteras.[\/vc_column_text][\/vc_column_inner][vc_column_inner width=\u00bb1\/12&#8243;][\/vc_column_inner][vc_column_inner width=\u00bb4\/12&#8243;][vc_single_image image=\u00bb18162&#8243; img_size=\u00bb400*400&#8243; alignment=\u00bbright\u00bb style=\u00bbvc_box_rounded\u00bb label=\u00bb\u00bb][vc_btn title=\u00bbVer m\u00e1s\u00bb style=\u00bbcustom\u00bb custom_background=\u00bb#e20000&#8243; custom_text=\u00bb#ffffff\u00bb align=\u00bbcenter\u00bb link=\u00bburl:https%3A%2F%2Fespamob.com%2Fes%2Fcontacto%2F|title:Contacto|target:_blank\u00bb][\/vc_column_inner][\/vc_row_inner][vc_custom_heading text=\u00bb\u00bfC\u00f3mo puedo encontrar unas pr\u00e1cticas Erasmus de Carrocer\u00eda?\u00bb font_container=\u00bbtag:h3|text_align:left\u00bb use_theme_fonts=\u00bbyes\u00bb css=\u00bb.vc_custom_1707843727581{margin-top: 20px !important;}\u00bb][vc_separator][vc_row_inner][vc_column_inner width=\u00bb7\/12&#8243;][vc_column_text]Para ayudarte en tu b\u00fasqueda de pr\u00e1cticas Erasmus en Carrocer\u00eda, varias organizaciones ofrecen servicios de asistencia a la movilidad, como <strong>Espamob&#8217;.<\/strong> Estas entidades pueden guiarte en todos los tr\u00e1mites administrativos y log\u00edsticos relacionados con tus pr\u00e1cticas, tales como:<\/p>\n<ul>\n<li>B\u00fasqueda de una empresa anfitriona que se ajuste a tus necesidades y expectativas.<\/li>\n<li>Solicitud de becas para financiar tu estancia en el extranjero.<\/li>\n<li>Organizaci\u00f3n de tu alojamiento y transporte.<\/li>\n<li>Seguimiento acad\u00e9mico y administrativo durante toda la duraci\u00f3n de las pr\u00e1cticas.<\/li>\n<\/ul>\n<p>Tambi\u00e9n puedes consultar las ofertas de pr\u00e1cticas en plataformas en l\u00ednea especializadas, como Europass o EURES. No dudes en postularte directamente a las empresas de tu inter\u00e9s y aprovechar tu red profesional para obtener contactos y recomendaciones.<\/p>\n<h2>Testimonios de estudiantes que realizaron pr\u00e1cticas Erasmus en Carrocer\u00eda:<\/h2>\n<p><strong>Julien, de 22 a\u00f1os, realiz\u00f3 sus pr\u00e1cticas Erasmus en Carrocer\u00eda en Espa\u00f1a<\/strong>: \u00abEstas pr\u00e1cticas me permitieron aprender diversas t\u00e9cnicas de reparaci\u00f3n y pintura que no hab\u00eda tenido la oportunidad de practicar durante mi formaci\u00f3n en Francia. Tambi\u00e9n mejor\u00e9 mi nivel de espa\u00f1ol y hice amigos en varios pa\u00edses europeos. Fue una experiencia inolvidable.\u00bb<\/p>\n<p><strong>Sophie, de 24 a\u00f1os, realiz\u00f3 sus pr\u00e1cticas Erasmus en Carrocer\u00eda en Italia<\/strong>: \u00abGracias a mis pr\u00e1cticas, descubr\u00ed el sector automotriz italiano y sus particularidades en cuanto a carrocer\u00eda. Tambi\u00e9n visit\u00e9 diferentes talleres y conoc\u00ed a profesionales apasionantes. Esta experiencia reafirm\u00f3 mi elecci\u00f3n de carrera y me inspir\u00f3 a continuar mi formaci\u00f3n en el extranjero.\u00bb<\/p>\n<p>En resumen, las pr\u00e1cticas Erasmus en Carrocer\u00eda ofrecen una <strong>oportunidad \u00fanica<\/strong> para que los estudiantes y j\u00f3venes profesionales del sector automotriz se formen en un entorno internacional, adquieran nuevas habilidades y expandan su red profesional. No dudes en informarte sobre los programas Erasmus+ disponibles y postularte a las ofertas que se ajusten a tus expectativas.[\/vc_column_text][\/vc_column_inner][vc_column_inner width=\u00bb1\/12&#8243;][\/vc_column_inner][vc_column_inner width=\u00bb4\/12&#8243;][vc_raw_html]JTNDZGl2JTIwc3R5bGUlM0QlMjJwYWRkaW5nJTNBJTIwMzBweCUzQmJhY2tncm91bmQtY29sb3IlM0ElMjAlMjNGNEY0RjQlM0IlMjIlM0UlMEElMjAlMjAlMjAlMjAlM0NoNCUzRURlc2N1YnJhJTIwdG9kb3MlMjBsb3MlMjBzZWN0b3JlcyUyMGRlJTIwcHIlQzMlQTFjdGljYXMlM0MlMkZoNCUzRSUwQSUyMCUyMCUyMCUyMCUzQ3AlM0VFc3BhbW9iJTIwZXMlMjBlc3BlY2lhbGlzdGElMjBlbiUyMGxhJTIwYXNlc29yJUMzJUFEYSUyMGRlJTIwZ3J1cG9zJTIwZW4lMjBzdSUyMG1vdmlsaWRhZCUyMEVyYXNtdXMlMkIuJTIwRGVzY3VicmUlMjBlbiUyMHVub3MlMjBwb2NvcyUyMGNsaWNzJTIwdG9kb3MlMjBsb3MlMjBzZWN0b3JlcyUyMGRlJTIwcHIlQzMlQTFjdGljYXMlMjBFcmFzbXVzJTIwZW4lMjBFc3BhJUMzJUIxYS4lM0MlMkZwJTNFJTBBJTIwJTIwJTIwJTIwJTNDYSUyMGNsYXNzJTNEJTIydmNfZ2VuZXJhbCUyMHZjX2J0bjMlMjB2Y19idG4zLXNpemUtbWQlMjB2Y19idG4zLXNoYXBlLWRlZmF1bHQlMjB2Y19idG4zLXN0eWxlLWN1c3RvbSUyMHdwYl9jdXN0b21fNjY4N2IyNmYzOTQ4OGRkYmI4NWRkYjNjMWNlOGUxMTElMjBidG4lMjIlMjBzdHlsZSUzRCUyMmJhY2tncm91bmQtY29sb3IlM0ElMjNlMjAwMDAlM0IlMjBjb2xvciUzQSUyM2ZmZmZmZiUzQiUyMGJhY2tncm91bmQtY29sb3IlM0ElMjNlMjAwMDAlM0IlMjBjb2xvciUzQSUyM2ZmZmZmZiUzQiUyMiUyMGhyZWYlM0QlMjJodHRwcyUzQSUyRiUyRnd3dy5lc3BhbW9iLmNvbSUyRmVzJTJGc2VjdG9yZXMtcHJhY3RpY2FzLWVtcHJlc2FzLWVyYXNtdXNwbHVzJTJGJTIyJTIwdGl0bGUlM0QlMjJTZWN0b3JlcyUyMGRlJTIwcHIlQzMlQTFjdGljYXMlMjIlMjB0YXJnZXQlM0QlMjJfYmxhbmslMjIlM0VEZXNjdWJyaXIlMjBsb3MlMjBzZWN0b3JlcyUzQyUyRmElM0UlMEElM0MlMkZkaXYlM0U=[\/vc_raw_html][\/vc_column_inner][\/vc_row_inner][\/vc_column][\/vc_row][vc_row full_width=\u00bbstretch_row\u00bb wrap_container=\u00bbyes\u00bb is_section=\u00bbyes\u00bb css=\u00bb.vc_custom_1707843831932{border-top-width: 0px !important;padding-top: 15px !important;padding-bottom: 15px !important;background-color: #f8f392 !important;}\u00bb conditional_render=\u00bb%5B%7B%22value_role%22%3A%22administrator%22%7D%5D\u00bb][vc_column][vc_row_inner css=\u00bb.vc_custom_1688548648248{background-color: #f8f392 !important;}\u00bb][vc_column_inner][vc_custom_heading text=\u00bbSolicite un presupuesto gratuito\u00bb font_container=\u00bbtag:h2|text_align:center\u00bb use_theme_fonts=\u00bbyes\u00bb][vc_column_text]<\/p>\n<p style=\"text-align: justify;\">\u00bfTienes una idea para un proyecto Erasmus+ en Espa\u00f1a y est\u00e1s buscando un referente de confianza que te apoye? \u00a1<strong>Espamob<\/strong>\u2019 est\u00e1 aqu\u00ed para ayudarte! Te ofrecemos un presupuesto gratuito y sin compromiso para ayudarte a gestionar tu proyecto de movilidad. Gracias a nuestra experiencia y nuestra red de empresas asociadas, podemos ofrecerle soporte personalizado para satisfacer sus necesidades espec\u00edficas. Cont\u00e1ctenos ahora para hablar de su proyecto y obtener su presupuesto gratuito.<\/p>\n<p>[\/vc_column_text]<div id=\"modal-trg-txt-wrap-9798\" class=\"ult-modal-input-wrapper ult-adjust-bottom-margin    \" data-keypress-control=\"keypress-control-enable\" data-overlay-control=\"overlay-control-enable\"><style>\n\t\t\t\t\t.btn-modal.btn-id-69e79298d10005-43544597:hover {\n\t\t\t\t\t\tbackground-color: #e20000 !important;\n\t\t\t\t\t}\n\t\t\t\t\t<\/style><button  data-ultimate-target='#modal-trg-txt-wrap-9798 .btn-modal'  data-responsive-json-new='{\"font-size\":\"\",\"line-height\":\"\"}'  style=\"background:#888888;border-color:#888888;color:#ffffff; \" data-class-id=\"content-69e79298d10005-43544597\" class=\"btn-modal ult-responsive btn-primary btn-modal-md overlay-show ult-align-center btn-id-69e79298d10005-43544597\" data-overlay-class=\"overlay-cornerbottomleft\">SOLICITAR PRESUPUESTO GRATUITO<\/button><\/div>\n<div class=\"ult-overlay content-69e79298d10005-43544597 \" data-class=\"content-69e79298d10005-43544597\" id=\"button-click-overlay\" style=\"background:rgba(51,51,51,0.8); display:none;\">\n\t<div class=\"ult_modal ult-fade ult-medium\">\n\t\t<div id=\"ult-modal-wrap-1614\" class=\"ult_modal-content ult-hide\" style=\"border-style:solid;border-width:2px;border-radius:0px;border-color:#333333;\">\n\t\t\t<div class=\"ult_modal-header\" style=\"color:#333333;border-color:#333333;\">\n\t\t\t\t<h3  data-ultimate-target='#ult-modal-wrap-1614 .ult_modal-title'  data-responsive-json-new='{\"font-size\":\"\",\"line-height\":\"\"}'  class=\"ult_modal-title ult-responsive\">SOLICITAR PRESUPUESTO GRATUITO<\/h3>\n\t\t\t<\/div>\n\t\t\t<div  data-ultimate-target='#ult-modal-wrap-1614 .ult_modal-body'  data-responsive-json-new='{\"font-size\":\"\",\"line-height\":\"\"}'  class=\"ult_modal-body ult-responsive ult-html\" style=\"\">\n\t\t\t[caldera_form id=\u00bbCF6149c7d1c4417&#8243;]\n\t\t\t<\/div>\n\t<\/div>\n\t<\/div>\n\t<div class=\"ult-overlay-close top-right\" style=\"width:80px;height:80px; \"><div class=\"ult-overlay-close-inside\">Close<\/div><\/div>\n<\/div>[\/vc_column_inner][\/vc_row_inner][\/vc_column][\/vc_row][vc_row wrap_container=\u00bbyes\u00bb css=\u00bb.vc_custom_1689256499740{margin-top: 15px !important;}\u00bb conditional_render=\u00bb%5B%7B%22value_role%22%3A%22administrator%22%7D%5D\u00bb][vc_column][vc_custom_heading text=\u00bbPreguntas frecuentes\u00bb font_container=\u00bbtag:h2|text_align:center|color:%23000000&#8243; use_theme_fonts=\u00bbyes\u00bb][vc_separator][vc_row_inner][vc_column_inner width=\u00bb7\/12&#8243;][vc_column_text]<\/p>\n<h3>\u00bfCu\u00e1les son los servicios ofrecidos por Espamob para grupos que deseen realizar una pr\u00e1ctica Erasmus en carrocer\u00eda?<\/h3>\n<p>Espamob ofrece una gesti\u00f3n integral de los proyectos de movilidad Erasmus en carrocer\u00eda. La agencia acompa\u00f1a a los grupos en la creaci\u00f3n de su proyecto, la b\u00fasqueda de financiamiento, la recepci\u00f3n en universidades y empresas asociadas para las pr\u00e1cticas en carrocer\u00eda. Tambi\u00e9n se encarga de encontrar alojamientos en el lugar y recoger a los grupos en el aeropuerto.<\/p>\n<h3>\u00bfC\u00f3mo ayuda Espamob a los grupos a obtener financiamiento para sus pr\u00e1cticas Erasmus en carrocer\u00eda?<\/h3>\n<p>Espamob cuenta con experiencia en la b\u00fasqueda de financiamiento para pr\u00e1cticas Erasmus en carrocer\u00eda. La agencia gu\u00eda a los grupos en los tr\u00e1mites administrativos para obtener subvenciones, los informa sobre las diferentes opciones de financiamiento y los ayuda a preparar su expediente de solicitud de financiamiento. Espamob tambi\u00e9n pone a disposici\u00f3n recursos y contactos para facilitar la b\u00fasqueda de financiamientos adicionales.<\/p>\n<h3>\u00bfCu\u00e1les son las ventajas de elegir Espamob para realizar una pr\u00e1ctica Erasmus en carrocer\u00eda en Espa\u00f1a?<\/h3>\n<p>Al elegir Espamob para realizar una pr\u00e1ctica Erasmus en carrocer\u00eda en Espa\u00f1a, obtienes un acompa\u00f1amiento personalizado y una gesti\u00f3n completa de tu proyecto. La agencia te ayuda a crear tu proyecto, encontrar financiamiento, organizar tu estancia en Espa\u00f1a e integrarte en universidades y empresas asociadas. Espamob tambi\u00e9n facilita tu instalaci\u00f3n en el lugar al encontrar alojamientos adecuados y asegurar tu traslado desde el aeropuerto.[\/vc_column_text][\/vc_column_inner][vc_column_inner width=\u00bb1\/12&#8243;][\/vc_column_inner][vc_column_inner width=\u00bb4\/12&#8243;][vc_single_image image=\u00bb15074&#8243; img_size=\u00bbfull\u00bb][vc_column_text]<strong>M\u00e1s informaci\u00f3n sobre los diferentes destinos Erasmus + en Espa\u00f1a :<\/strong><\/p>\n<ul>\n<li><a href=\"https:\/\/espamob.com\/es\/sectores-practicas-empresas-erasmusplus\/automocion\/practica-erasmus-mecanica\/\">Pr\u00e1cticas Erasmus\u00a0Mec\u00e1nica<\/a><\/li>\n<\/ul>\n<p>[\/vc_column_text][\/vc_column_inner][\/vc_row_inner][\/vc_column][\/vc_row]<\/p>\n<\/div>","protected":false},"excerpt":{"rendered":"<p>[vc_row css=\u00bb.vc_custom_1707762604194{margin-top: -20px !important;margin-bottom: 40px !important;background-image: url(https:\/\/espamob.com\/wp-content\/uploads\/2024\/02\/Carroceria.webp?id=23370) !important;}\u00bb conditional_render=\u00bb%5B%7B%22value_role%22%3A%22administrator%22%7D%5D\u00bb][vc_column css=\u00bb.vc_custom_1687965657482{padding-top: 30px !important;}\u00bb conditional_render=\u00bb%5B%7B%22value_role%22%3A%22administrator%22%7D%5D\u00bb][vc_empty_space height=\u00bb170&#8243;][vc_custom_heading text=\u00bbPr\u00e1ctica Erasmus: Carrocer\u00eda\u00bb font_container=\u00bbtag:h1|font_size:27|text_align:center|color:%23ffffff\u00bb use_theme_fonts=\u00bbyes\u00bb css=\u00bb.vc_custom_1707843530738{margin-bottom: 15px !important;background-color: rgba(136,136,136,0.29) !important;*background-color: rgb(136,136,136) !important;}\u00bb animation_type=\u00bbzoomIn\u00bb][vc_empty_space height=\u00bb40&#8243;][\/vc_column][\/vc_row][vc_row wrap_container=\u00bbyes\u00bb text_align=\u00bbjustify\u00bb][vc_column text_align=\u00bbjustify\u00bb][vc_column_text] Home Sectores de pr\u00e1cticas Movilidad en el sector del autom\u00f3vil Pr\u00e1ctica Erasmus : Carrocer\u00eda [\/vc_column_text][vc_custom_heading text=\u00bbErasmus Pr\u00e1cticas de Carrocer\u00eda: una experiencia profesional \u00fanica en<\/p>\n","protected":false},"author":2,"featured_media":0,"parent":12383,"menu_order":0,"comment_status":"closed","ping_status":"closed","template":"","meta":{"footnotes":""},"class_list":["post-23384","page","type-page","status-publish","hentry"],"_links":{"self":[{"href":"https:\/\/espamob.com\/es\/wp-json\/wp\/v2\/pages\/23384","targetHints":{"allow":["GET"]}}],"collection":[{"href":"https:\/\/espamob.com\/es\/wp-json\/wp\/v2\/pages"}],"about":[{"href":"https:\/\/espamob.com\/es\/wp-json\/wp\/v2\/types\/page"}],"author":[{"embeddable":true,"href":"https:\/\/espamob.com\/es\/wp-json\/wp\/v2\/users\/2"}],"replies":[{"embeddable":true,"href":"https:\/\/espamob.com\/es\/wp-json\/wp\/v2\/comments?post=23384"}],"version-history":[{"count":0,"href":"https:\/\/espamob.com\/es\/wp-json\/wp\/v2\/pages\/23384\/revisions"}],"up":[{"embeddable":true,"href":"https:\/\/espamob.com\/es\/wp-json\/wp\/v2\/pages\/12383"}],"wp:attachment":[{"href":"https:\/\/espamob.com\/es\/wp-json\/wp\/v2\/media?parent=23384"}],"curies":[{"name":"wp","href":"https:\/\/api.w.org\/{rel}","templated":true}]}}