{"id":23380,"date":"2023-08-25T00:00:00","date_gmt":"2023-08-25T00:00:00","guid":{"rendered":"https:\/\/www.espamob.com\/sectores-practicas-empresas-erasmusplus\/automocion\/stage-erasmus-mecanique\/"},"modified":"2025-01-12T21:19:45","modified_gmt":"2025-01-12T21:19:45","slug":"practica-erasmus-mecanica","status":"publish","type":"page","link":"https:\/\/espamob.com\/es\/sectores-practicas-empresas-erasmusplus\/automocion\/practica-erasmus-mecanica\/","title":{"rendered":"Stage Erasmus : M\u00e9canique"},"content":{"rendered":"<div class=\"wpb-content-wrapper\"><p>[vc_row css=\u00bb.vc_custom_1707762588138{margin-top: -20px !important;margin-bottom: 40px !important;background-image: url(https:\/\/espamob.com\/wp-content\/uploads\/2024\/02\/Mecanica.webp?id=23365) !important;}\u00bb conditional_render=\u00bb%5B%7B%22value_role%22%3A%22administrator%22%7D%5D\u00bb][vc_column css=\u00bb.vc_custom_1687965657482{padding-top: 30px !important;}\u00bb conditional_render=\u00bb%5B%7B%22value_role%22%3A%22administrator%22%7D%5D\u00bb][vc_empty_space height=\u00bb170&#8243;][vc_custom_heading text=\u00bbPr\u00e1ctica Erasmus : Mec\u00e1nica\u00bb font_container=\u00bbtag:h1|font_size:27|text_align:center|color:%23ffffff\u00bb use_theme_fonts=\u00bbyes\u00bb css=\u00bb.vc_custom_1707842921133{margin-bottom: 15px !important;background-color: rgba(136,136,136,0.29) !important;*background-color: rgb(136,136,136) !important;}\u00bb animation_type=\u00bbzoomIn\u00bb][vc_empty_space height=\u00bb40&#8243;][\/vc_column][\/vc_row][vc_row wrap_container=\u00bbyes\u00bb text_align=\u00bbjustify\u00bb][vc_column text_align=\u00bbjustify\u00bb][vc_column_text]<\/p>\n<nav aria-label=\"breadcrumb\">\n<ol class=\"breadcrumb\">\n<li class=\"breadcrumb-item\"><a href=\"https:\/\/espamob.com\/es\">Home<\/a><\/li>\n<li class=\"breadcrumb-item\"><a href=\"https:\/\/espamob.com\/es\/sectores-practicas-empresas-erasmusplus\">Sectores de pr\u00e1cticas<\/a><\/li>\n<li class=\"breadcrumb-item active\" aria-current=\"page\"><a href=\"https:\/\/espamob.com\/es\/sectores-practicas-empresas-erasmusplus\/automocion\/\">Movilidad en el sector del autom\u00f3vil<\/a><\/li>\n<li class=\"breadcrumb-item active\" aria-current=\"page\">Pr\u00e1ctica Erasmus : Mec\u00e1nica<\/li>\n<\/ol>\n<\/nav>\n<p>[\/vc_column_text][vc_custom_heading text=\u00bbPr\u00e1cticas Erasmus Mec\u00e1nica: una oportunidad para trabajar en el sector de la automoci\u00f3n\u00bb use_theme_fonts=\u00bbyes\u00bb css=\u00bb.vc_custom_1707842977488{margin-top: 20px !important;}\u00bb][vc_separator][vc_row_inner][vc_column_inner width=\u00bb7\/12&#8243;][vc_column_text]En un mundo en constante evoluci\u00f3n, los estudiantes buscan cada vez m\u00e1s adquirir habilidades que les proporcionen una ventaja en el mercado laboral. La Pr\u00e1ctica Erasmus en Mec\u00e1nica es una de esas oportunidades que permite a los estudiantes destacarse y obtener valiosa experiencia profesional mientras contin\u00faan con sus estudios. En este art\u00edculo, exploraremos los beneficios y las oportunidades que ofrece este programa de pr\u00e1cticas.<\/p>\n<h2>\u00bfQu\u00e9 es la Pr\u00e1ctica Erasmus en Mec\u00e1nica?<\/h2>\n<p>La Pr\u00e1ctica Erasmus en Mec\u00e1nica es parte del programa Erasmus+ lanzado por la Uni\u00f3n Europea. Es un programa de intercambio universitario y de pr\u00e1cticas dise\u00f1ado para promover la movilidad de estudiantes y profesionales dentro de Europa. Este programa brinda la oportunidad a los estudiantes de mec\u00e1nica de realizar una pr\u00e1ctica en otro pa\u00eds europeo para mejorar sus habilidades y aumentar su empleabilidad.<\/p>\n<h3>Condiciones para participar en la Pr\u00e1ctica Erasmus en Mec\u00e1nica<\/h3>\n<p>Estar inscrito en una instituci\u00f3n de educaci\u00f3n superior que participe en el programa Erasmus+ Estudiar mec\u00e1nica o un campo relacionado (ingenier\u00eda mec\u00e1nica, ingenier\u00eda industrial, etc.) Poseer un nivel suficiente de conocimientos en el idioma del pa\u00eds anfitri\u00f3n Contar con la aprobaci\u00f3n de la instituci\u00f3n de origen y de la instituci\u00f3n anfitriona para llevar a cabo la pr\u00e1ctica<\/p>\n<h2>Beneficios de la Pr\u00e1ctica Erasmus en Mec\u00e1nica<\/h2>\n<h3>Desarrollo de habilidades t\u00e9cnicas y ling\u00fc\u00edsticas<\/h3>\n<p>La Pr\u00e1ctica Erasmus en mec\u00e1nica permite a los estudiantes adquirir nuevas habilidades t\u00e9cnicas en su campo, al mismo tiempo que mejoran sus habilidades ling\u00fc\u00edsticas. Trabajar en otro pa\u00eds europeo les permite familiarizarse con diferentes m\u00e9todos de trabajo y enfoques t\u00e9cnicos, adapt\u00e1ndose a un entorno profesional multicultural.<\/p>\n<h3>Construcci\u00f3n de una red profesional internacional<\/h3>\n<p>Realizar una Pr\u00e1ctica Erasmus en mec\u00e1nica tambi\u00e9n es una excelente oportunidad para que los estudiantes desarrollen una red profesional internacional. Trabajar en una empresa o laboratorio de investigaci\u00f3n en otro pa\u00eds puede llevar a colaboraciones futuras y facilitar el acceso a oportunidades profesionales en el extranjero.<\/p>\n<h3>Adquisici\u00f3n de experiencia profesional valorada en el mercado laboral<\/h3>\n<p>Finalmente, las pr\u00e1cticas Erasmus son generalmente apreciadas por los empleadores, quienes las ven como una muestra de autonom\u00eda, adaptabilidad y apertura de mente. As\u00ed, haber realizado una Pr\u00e1ctica Erasmus en mec\u00e1nica puede ser una ventaja considerable al buscar empleo o un puesto de responsabilidad en el sector automotriz u otras \u00e1reas.[\/vc_column_text][\/vc_column_inner][vc_column_inner width=\u00bb1\/12&#8243;][\/vc_column_inner][vc_column_inner width=\u00bb4\/12&#8243;][vc_single_image image=\u00bb18252&#8243; img_size=\u00bb400*400&#8243; alignment=\u00bbright\u00bb style=\u00bbvc_box_rounded\u00bb][vc_btn title=\u00bbVer m\u00e1s\u00bb style=\u00bbcustom\u00bb custom_background=\u00bb#e20000&#8243; custom_text=\u00bb#ffffff\u00bb align=\u00bbcenter\u00bb link=\u00bburl:https%3A%2F%2Fespamob.com%2Fes%2Fcontacto%2F|title:Contacto|target:_blank\u00bb][vc_column_text]<\/p>\n<blockquote class=\"instagram-media\" data-instgrm-permalink=\"https:\/\/www.instagram.com\/reel\/DDNDj7otZeI\/?utm_source=ig_embed&amp;utm_campaign=loading\" data-instgrm-version=\"14\" style=\" background:#FFF; border:0; border-radius:3px; box-shadow:0 0 1px 0 rgba(0,0,0,0.5),0 1px 10px 0 rgba(0,0,0,0.15); margin: 1px; max-width:540px; min-width:326px; padding:0; width:99.375%; width:-webkit-calc(100% - 2px); width:calc(100% - 2px);\">\n<div style=\"padding:16px;\">\n<p> <a href=\"https:\/\/www.instagram.com\/reel\/DDNDj7otZeI\/?utm_source=ig_embed&amp;utm_campaign=loading\" style=\" background:#FFFFFF; line-height:0; padding:0 0; text-align:center; text-decoration:none; width:100%;\" target=\"_blank\" rel=\"noopener\"> <\/p>\n<div style=\" display: flex; flex-direction: row; align-items: center;\">\n<div style=\"background-color: #F4F4F4; border-radius: 50%; flex-grow: 0; height: 40px; margin-right: 14px; width: 40px;\"><\/div>\n<div style=\"display: flex; flex-direction: column; flex-grow: 1; justify-content: center;\">\n<div style=\" background-color: #F4F4F4; border-radius: 4px; flex-grow: 0; height: 14px; margin-bottom: 6px; width: 100px;\"><\/div>\n<div style=\" background-color: #F4F4F4; border-radius: 4px; flex-grow: 0; height: 14px; width: 60px;\"><\/div>\n<\/div>\n<\/div>\n<div style=\"padding: 19% 0;\"><\/div>\n<div style=\"display:block; height:50px; margin:0 auto 12px; width:50px;\"><svg width=\"50px\" height=\"50px\" viewBox=\"0 0 60 60\" version=\"1.1\" xmlns=\"https:\/\/www.w3.org\/2000\/svg\" xmlns:xlink=\"https:\/\/www.w3.org\/1999\/xlink\"><g stroke=\"none\" stroke-width=\"1\" fill=\"none\" fill-rule=\"evenodd\"><g transform=\"translate(-511.000000, -20.000000)\" fill=\"#000000\"><g><path d=\"M556.869,30.41 C554.814,30.41 553.148,32.076 553.148,34.131 C553.148,36.186 554.814,37.852 556.869,37.852 C558.924,37.852 560.59,36.186 560.59,34.131 C560.59,32.076 558.924,30.41 556.869,30.41 M541,60.657 C535.114,60.657 530.342,55.887 530.342,50 C530.342,44.114 535.114,39.342 541,39.342 C546.887,39.342 551.658,44.114 551.658,50 C551.658,55.887 546.887,60.657 541,60.657 M541,33.886 C532.1,33.886 524.886,41.1 524.886,50 C524.886,58.899 532.1,66.113 541,66.113 C549.9,66.113 557.115,58.899 557.115,50 C557.115,41.1 549.9,33.886 541,33.886 M565.378,62.101 C565.244,65.022 564.756,66.606 564.346,67.663 C563.803,69.06 563.154,70.057 562.106,71.106 C561.058,72.155 560.06,72.803 558.662,73.347 C557.607,73.757 556.021,74.244 553.102,74.378 C549.944,74.521 548.997,74.552 541,74.552 C533.003,74.552 532.056,74.521 528.898,74.378 C525.979,74.244 524.393,73.757 523.338,73.347 C521.94,72.803 520.942,72.155 519.894,71.106 C518.846,70.057 518.197,69.06 517.654,67.663 C517.244,66.606 516.755,65.022 516.623,62.101 C516.479,58.943 516.448,57.996 516.448,50 C516.448,42.003 516.479,41.056 516.623,37.899 C516.755,34.978 517.244,33.391 517.654,32.338 C518.197,30.938 518.846,29.942 519.894,28.894 C520.942,27.846 521.94,27.196 523.338,26.654 C524.393,26.244 525.979,25.756 528.898,25.623 C532.057,25.479 533.004,25.448 541,25.448 C548.997,25.448 549.943,25.479 553.102,25.623 C556.021,25.756 557.607,26.244 558.662,26.654 C560.06,27.196 561.058,27.846 562.106,28.894 C563.154,29.942 563.803,30.938 564.346,32.338 C564.756,33.391 565.244,34.978 565.378,37.899 C565.522,41.056 565.552,42.003 565.552,50 C565.552,57.996 565.522,58.943 565.378,62.101 M570.82,37.631 C570.674,34.438 570.167,32.258 569.425,30.349 C568.659,28.377 567.633,26.702 565.965,25.035 C564.297,23.368 562.623,22.342 560.652,21.575 C558.743,20.834 556.562,20.326 553.369,20.18 C550.169,20.033 549.148,20 541,20 C532.853,20 531.831,20.033 528.631,20.18 C525.438,20.326 523.257,20.834 521.349,21.575 C519.376,22.342 517.703,23.368 516.035,25.035 C514.368,26.702 513.342,28.377 512.574,30.349 C511.834,32.258 511.326,34.438 511.181,37.631 C511.035,40.831 511,41.851 511,50 C511,58.147 511.035,59.17 511.181,62.369 C511.326,65.562 511.834,67.743 512.574,69.651 C513.342,71.625 514.368,73.296 516.035,74.965 C517.703,76.634 519.376,77.658 521.349,78.425 C523.257,79.167 525.438,79.673 528.631,79.82 C531.831,79.965 532.853,80.001 541,80.001 C549.148,80.001 550.169,79.965 553.369,79.82 C556.562,79.673 558.743,79.167 560.652,78.425 C562.623,77.658 564.297,76.634 565.965,74.965 C567.633,73.296 568.659,71.625 569.425,69.651 C570.167,67.743 570.674,65.562 570.82,62.369 C570.966,59.17 571,58.147 571,50 C571,41.851 570.966,40.831 570.82,37.631\"><\/path><\/g><\/g><\/g><\/svg><\/div>\n<div style=\"padding-top: 8px;\">\n<div style=\" color:#3897f0; font-family:Arial,sans-serif; font-size:14px; font-style:normal; font-weight:550; line-height:18px;\">Ver esta publicaci\u00f3n en Instagram<\/div>\n<\/div>\n<div style=\"padding: 12.5% 0;\"><\/div>\n<div style=\"display: flex; flex-direction: row; margin-bottom: 14px; align-items: center;\">\n<div>\n<div style=\"background-color: #F4F4F4; border-radius: 50%; height: 12.5px; width: 12.5px; transform: translateX(0px) translateY(7px);\"><\/div>\n<div style=\"background-color: #F4F4F4; height: 12.5px; transform: rotate(-45deg) translateX(3px) translateY(1px); width: 12.5px; flex-grow: 0; margin-right: 14px; margin-left: 2px;\"><\/div>\n<div style=\"background-color: #F4F4F4; border-radius: 50%; height: 12.5px; width: 12.5px; transform: translateX(9px) translateY(-18px);\"><\/div>\n<\/div>\n<div style=\"margin-left: 8px;\">\n<div style=\" background-color: #F4F4F4; border-radius: 50%; flex-grow: 0; height: 20px; width: 20px;\"><\/div>\n<div style=\" width: 0; height: 0; border-top: 2px solid transparent; border-left: 6px solid #f4f4f4; border-bottom: 2px solid transparent; transform: translateX(16px) translateY(-4px) rotate(30deg)\"><\/div>\n<\/div>\n<div style=\"margin-left: auto;\">\n<div style=\" width: 0px; border-top: 8px solid #F4F4F4; border-right: 8px solid transparent; transform: translateY(16px);\"><\/div>\n<div style=\" background-color: #F4F4F4; flex-grow: 0; height: 12px; width: 16px; transform: translateY(-4px);\"><\/div>\n<div style=\" width: 0; height: 0; border-top: 8px solid #F4F4F4; border-left: 8px solid transparent; transform: translateY(-4px) translateX(8px);\"><\/div>\n<\/div>\n<\/div>\n<div style=\"display: flex; flex-direction: column; flex-grow: 1; justify-content: center; margin-bottom: 24px;\">\n<div style=\" background-color: #F4F4F4; border-radius: 4px; flex-grow: 0; height: 14px; margin-bottom: 6px; width: 224px;\"><\/div>\n<div style=\" background-color: #F4F4F4; border-radius: 4px; flex-grow: 0; height: 14px; width: 144px;\"><\/div>\n<\/div>\n<p><\/a><\/p>\n<p style=\" color:#c9c8cd; font-family:Arial,sans-serif; font-size:14px; line-height:17px; margin-bottom:0; margin-top:8px; overflow:hidden; padding:8px 0 7px; text-align:center; text-overflow:ellipsis; white-space:nowrap;\"><a href=\"https:\/\/www.instagram.com\/reel\/DDNDj7otZeI\/?utm_source=ig_embed&amp;utm_campaign=loading\" style=\" color:#c9c8cd; font-family:Arial,sans-serif; font-size:14px; font-style:normal; font-weight:normal; line-height:17px; text-decoration:none;\" target=\"_blank\" rel=\"noopener\">Una publicaci\u00f3n compartida de ESPAMOB&#39; &#8211; ERASMUS+ (@espamobspain)<\/a><\/p>\n<\/div>\n<\/blockquote>\n<p><script async src=\"\/\/www.instagram.com\/embed.js\"><\/script>[\/vc_column_text][\/vc_column_inner][\/vc_row_inner][vc_custom_heading text=\u00bb\u00c1mbitos de aplicaci\u00f3n de las pr\u00e1cticas Erasmus Mec\u00e1nica\u00bb font_container=\u00bbtag:h3|text_align:left\u00bb use_theme_fonts=\u00bbyes\u00bb css=\u00bb.vc_custom_1707843124339{margin-top: 20px !important;}\u00bb][vc_separator][vc_row_inner][vc_column_inner width=\u00bb7\/12&#8243;][vc_column_text]La pr\u00e1ctica Erasmus en mec\u00e1nica se puede llevar a cabo en varios campos relacionados con la mec\u00e1nica, proporcionando as\u00ed a los estudiantes una amplia variedad de experiencias profesionales. Entre los sectores involucrados, encontramos:<\/p>\n<ul>\n<li>Automotriz<\/li>\n<li>Aeroespacial<\/li>\n<li>Rob\u00f3tica y automatizaci\u00f3n industrial<\/li>\n<li>Ingenier\u00eda energ\u00e9tica y t\u00e9rmica<\/li>\n<li>Ingenier\u00eda de materiales<\/li>\n<\/ul>\n<h3>Ejemplos de tareas en la pr\u00e1ctica Erasmus Mec\u00e1nica:<\/h3>\n<p>Las tareas asignadas a los practicantes Erasmus en mec\u00e1nica dependen de su \u00e1rea de aplicaci\u00f3n y del tipo de empresa o laboratorio de acogida. Aqu\u00ed hay algunos ejemplos de tareas que podr\u00edan ser propuestas durante una pr\u00e1ctica Erasmus en mec\u00e1nica:<\/p>\n<ul>\n<li>Dise\u00f1o y desarrollo de nuevos sistemas mec\u00e1nicos<\/li>\n<li>An\u00e1lisis y optimizaci\u00f3n del rendimiento de sistemas existentes<\/li>\n<li>Asistencia en la producci\u00f3n y montaje de componentes mec\u00e1nicos<\/li>\n<li>Realizaci\u00f3n de pruebas y ensayos en prototipos<\/li>\n<li>Estudio e implementaci\u00f3n de soluciones para reducir el impacto ambiental de sistemas mec\u00e1nicos<\/li>\n<\/ul>\n<h2>C\u00f3mo encontrar una pr\u00e1ctica Erasmus en Mec\u00e1nica: consejos y trucos<\/h2>\n<p>Para encontrar una pr\u00e1ctica Erasmus en mec\u00e1nica, es esencial prepararse con anticipaci\u00f3n y seguir algunos pasos clave:<\/p>\n<ol>\n<li>Consultar con la instituci\u00f3n educativa sobre las asociaciones existentes y las oportunidades de pr\u00e1cticas en el extranjero.<\/li>\n<li>Revisar las ofertas de pr\u00e1cticas disponibles en plataformas especializadas (Erasmus Intern, Eurodyss\u00e9e, etc.) o directamente en los sitios web de las empresas y laboratorios de acogida.<\/li>\n<li>Preparar un curr\u00edculum y una carta de presentaci\u00f3n adaptados al contexto internacional y al \u00e1rea de aplicaci\u00f3n de la pr\u00e1ctica.<\/li>\n<li>Entrevistarse con estudiantes que hayan realizado previamente una pr\u00e1ctica Erasmus en mec\u00e1nica para obtener consejos y experiencias.<\/li>\n<\/ol>\n<p>En resumen, la pr\u00e1ctica Erasmus en mec\u00e1nica es una oportunidad \u00fanica para los estudiantes de mec\u00e1nica que desean adquirir nuevas habilidades y desarrollar su empleabilidad en el sector automotriz u otras industrias relacionadas. Adem\u00e1s de mejorar las habilidades t\u00e9cnicas y ling\u00fc\u00edsticas, este programa ofrece la posibilidad de construir una red profesional internacional y vivir una experiencia enriquecedora tanto a nivel personal como profesional.[\/vc_column_text][\/vc_column_inner][vc_column_inner width=\u00bb1\/12&#8243;][\/vc_column_inner][vc_column_inner width=\u00bb4\/12&#8243;][vc_raw_html]JTNDZGl2JTIwc3R5bGUlM0QlMjJwYWRkaW5nJTNBJTIwMzBweCUzQmJhY2tncm91bmQtY29sb3IlM0ElMjAlMjNGNEY0RjQlM0IlMjIlM0UlMEElMjAlMjAlMjAlMjAlM0NoNCUzRURlc2N1YnJhJTIwdG9kb3MlMjBsb3MlMjBzZWN0b3JlcyUyMGRlJTIwcHIlQzMlQTFjdGljYXMlM0MlMkZoNCUzRSUwQSUyMCUyMCUyMCUyMCUzQ3AlM0VFc3BhbW9iJTIwZXMlMjBlc3BlY2lhbGlzdGElMjBlbiUyMGxhJTIwYXNlc29yJUMzJUFEYSUyMGRlJTIwZ3J1cG9zJTIwZW4lMjBzdSUyMG1vdmlsaWRhZCUyMEVyYXNtdXMlMkIuJTIwRGVzY3VicmUlMjBlbiUyMHVub3MlMjBwb2NvcyUyMGNsaWNzJTIwdG9kb3MlMjBsb3MlMjBzZWN0b3JlcyUyMGRlJTIwcHIlQzMlQTFjdGljYXMlMjBFcmFzbXVzJTIwZW4lMjBFc3BhJUMzJUIxYS4lM0MlMkZwJTNFJTBBJTIwJTIwJTIwJTIwJTNDYSUyMGNsYXNzJTNEJTIydmNfZ2VuZXJhbCUyMHZjX2J0bjMlMjB2Y19idG4zLXNpemUtbWQlMjB2Y19idG4zLXNoYXBlLWRlZmF1bHQlMjB2Y19idG4zLXN0eWxlLWN1c3RvbSUyMHdwYl9jdXN0b21fNjY4N2IyNmYzOTQ4OGRkYmI4NWRkYjNjMWNlOGUxMTElMjBidG4lMjIlMjBzdHlsZSUzRCUyMmJhY2tncm91bmQtY29sb3IlM0ElMjNlMjAwMDAlM0IlMjBjb2xvciUzQSUyM2ZmZmZmZiUzQiUyMGJhY2tncm91bmQtY29sb3IlM0ElMjNlMjAwMDAlM0IlMjBjb2xvciUzQSUyM2ZmZmZmZiUzQiUyMiUyMGhyZWYlM0QlMjJodHRwcyUzQSUyRiUyRnd3dy5lc3BhbW9iLmNvbSUyRmVzJTJGc2VjdG9yZXMtcHJhY3RpY2FzLWVtcHJlc2FzLWVyYXNtdXNwbHVzJTJGJTIyJTIwdGl0bGUlM0QlMjJTZWN0b3JlcyUyMGRlJTIwcHIlQzMlQTFjdGljYXMlMjIlMjB0YXJnZXQlM0QlMjJfYmxhbmslMjIlM0VEZXNjdWJyaXIlMjBsb3MlMjBzZWN0b3JlcyUzQyUyRmElM0UlMEElM0MlMkZkaXYlM0U=[\/vc_raw_html][vc_custom_heading text=\u00bbDescubre las opiniones de los participantes en Erasmus + :\u00bb font_container=\u00bbtag:h3|text_align:left\u00bb use_theme_fonts=\u00bbyes\u00bb css=\u00bb.vc_custom_1707843221549{margin-top: 20px !important;}\u00bb][vc_separator][vc_video link=\u00bbhttps:\/\/www.youtube.com\/watch?v=eyqF3jOE09A&amp;ab_channel=Espamob%27-EuropeanMobilityProgram\u00bb align=\u00bbcenter\u00bb][\/vc_column_inner][\/vc_row_inner][\/vc_column][\/vc_row][vc_row][vc_column][vc_column_text]<\/p>\n<p>[\/vc_column_text][\/vc_column][\/vc_row][vc_row full_width=\u00bbstretch_row\u00bb wrap_container=\u00bbyes\u00bb is_section=\u00bbyes\u00bb css=\u00bb.vc_custom_1707843234048{border-top-width: 0px !important;padding-top: 15px !important;padding-bottom: 15px !important;background-color: #f8f392 !important;}\u00bb conditional_render=\u00bb%5B%7B%22value_role%22%3A%22administrator%22%7D%5D\u00bb][vc_column][vc_row_inner css=\u00bb.vc_custom_1688548648248{background-color: #f8f392 !important;}\u00bb][vc_column_inner][vc_custom_heading text=\u00bbSolicite un presupuesto gratuito\u00bb font_container=\u00bbtag:h2|text_align:center\u00bb use_theme_fonts=\u00bbyes\u00bb][vc_column_text]<\/p>\n<p style=\"text-align: justify;\">\u00bfTienes una idea para un proyecto Erasmus+ en Espa\u00f1a y est\u00e1s buscando un referente de confianza que te apoye? \u00a1<strong>Espamob<\/strong>\u2019 est\u00e1 aqu\u00ed para ayudarte! Te ofrecemos un presupuesto gratuito y sin compromiso para ayudarte a gestionar tu proyecto de movilidad. Gracias a nuestra experiencia y nuestra red de empresas asociadas, podemos ofrecerle soporte personalizado para satisfacer sus necesidades espec\u00edficas. Cont\u00e1ctenos ahora para hablar de su proyecto y obtener su presupuesto gratuito.<\/p>\n<p>[\/vc_column_text]<div id=\"modal-trg-txt-wrap-4601\" class=\"ult-modal-input-wrapper ult-adjust-bottom-margin    \" data-keypress-control=\"keypress-control-enable\" data-overlay-control=\"overlay-control-enable\"><style>\n\t\t\t\t\t.btn-modal.btn-id-6a01f147c2d0a1-88143415:hover {\n\t\t\t\t\t\tbackground-color: #e20000 !important;\n\t\t\t\t\t}\n\t\t\t\t\t<\/style><button  data-ultimate-target='#modal-trg-txt-wrap-4601 .btn-modal'  data-responsive-json-new='{\"font-size\":\"\",\"line-height\":\"\"}'  style=\"background:#888888;border-color:#888888;color:#ffffff; \" data-class-id=\"content-6a01f147c2d0a1-88143415\" class=\"btn-modal ult-responsive btn-primary btn-modal-md overlay-show ult-align-center btn-id-6a01f147c2d0a1-88143415\" data-overlay-class=\"overlay-cornerbottomleft\">SOLICITAR PRESUPUESTO GRATUITO<\/button><\/div>\n<div class=\"ult-overlay content-6a01f147c2d0a1-88143415 \" data-class=\"content-6a01f147c2d0a1-88143415\" id=\"button-click-overlay\" style=\"background:rgba(51,51,51,0.8); display:none;\">\n\t<div class=\"ult_modal ult-fade ult-medium\">\n\t\t<div id=\"ult-modal-wrap-7777\" class=\"ult_modal-content ult-hide\" style=\"border-style:solid;border-width:2px;border-radius:0px;border-color:#333333;\">\n\t\t\t<div class=\"ult_modal-header\" style=\"color:#333333;border-color:#333333;\">\n\t\t\t\t<h3  data-ultimate-target='#ult-modal-wrap-7777 .ult_modal-title'  data-responsive-json-new='{\"font-size\":\"\",\"line-height\":\"\"}'  class=\"ult_modal-title ult-responsive\">SOLICITAR PRESUPUESTO GRATUITO<\/h3>\n\t\t\t<\/div>\n\t\t\t<div  data-ultimate-target='#ult-modal-wrap-7777 .ult_modal-body'  data-responsive-json-new='{\"font-size\":\"\",\"line-height\":\"\"}'  class=\"ult_modal-body ult-responsive ult-html\" style=\"\">\n\t\t\t<\/p>\n<p>[caldera_form id=\u00bbCF6149c7d1c4417&#8243;]<\/p>\n<p>\n\t\t\t<\/div>\n\t<\/div>\n\t<\/div>\n\t<div class=\"ult-overlay-close top-right\" style=\"width:80px;height:80px; \"><div class=\"ult-overlay-close-inside\">Close<\/div><\/div>\n<\/div>[\/vc_column_inner][\/vc_row_inner][\/vc_column][\/vc_row][vc_row wrap_container=\u00bbyes\u00bb css=\u00bb.vc_custom_1689256499740{margin-top: 15px !important;}\u00bb conditional_render=\u00bb%5B%7B%22value_role%22%3A%22administrator%22%7D%5D\u00bb][vc_column][vc_custom_heading text=\u00bbPreguntas frecuentes\u00bb font_container=\u00bbtag:h2|text_align:center|color:%23000000&#8243; use_theme_fonts=\u00bbyes\u00bb][vc_separator][vc_row_inner][vc_column_inner width=\u00bb7\/12&#8243;][vc_column_text]<\/p>\n<h3>\u00bfCu\u00e1les son las ventajas de elegir Espamob para realizar una pr\u00e1ctica Erasmus en mec\u00e1nica en Espa\u00f1a?<\/h3>\n<p>Al elegir Espamob para tu pr\u00e1ctica Erasmus en mec\u00e1nica en Espa\u00f1a, disfrutas de varias ventajas. En primer lugar, nuestra agencia gestiona tu proyecto de principio a fin, lo que te permite concentrarte en tu experiencia y aprendizaje. Adem\u00e1s, tenemos s\u00f3lidas alianzas con universidades y empresas en el campo de la mec\u00e1nica, asegur\u00e1ndote oportunidades de pr\u00e1cticas de calidad. Por \u00faltimo, nos encargamos de todos los aspectos log\u00edsticos, como la b\u00fasqueda de financiamiento, la recepci\u00f3n en las universidades y empresas asociadas, as\u00ed como la b\u00fasqueda de alojamiento y el traslado desde el aeropuerto.<\/p>\n<h3>\u00bfC\u00f3mo ayuda Espamob a los grupos a encontrar financiamiento para sus pr\u00e1cticas Erasmus en mec\u00e1nica en Espa\u00f1a?<\/h3>\n<p>Espamob cuenta con experiencia en la b\u00fasqueda de financiamiento para las pr\u00e1cticas Erasmus en mec\u00e1nica en Espa\u00f1a. Te acompa\u00f1amos en la redacci\u00f3n de tu solicitud de financiamiento y te orientamos sobre las diversas posibilidades disponibles, como las becas Erasmus+ u otras fuentes de financiamiento. Nos esforzamos al m\u00e1ximo para ayudarte a obtener los recursos financieros necesarios para llevar a cabo tu pr\u00e1ctica.<\/p>\n<h3>\u00bfC\u00f3mo garantiza Espamob la recepci\u00f3n y acompa\u00f1amiento de los grupos durante su pr\u00e1ctica Erasmus en mec\u00e1nica en Espa\u00f1a?<\/h3>\n<p>Espamob se compromete a brindar una c\u00e1lida bienvenida y un acompa\u00f1amiento integral a los grupos durante su pr\u00e1ctica Erasmus en mec\u00e1nica en Espa\u00f1a. Organizamos tu recepci\u00f3n en el aeropuerto y te trasladamos a tu alojamiento. Proporcionamos toda la informaci\u00f3n necesaria sobre tu programa de pr\u00e1cticas, las universidades y las empresas asociadas. A lo largo de tu estancia, nuestro equipo est\u00e1 disponible para responder a tus preguntas y ayudarte en caso de necesidad. Nos aseguramos de que tu experiencia sea agradable y enriquecedora.[\/vc_column_text][\/vc_column_inner][vc_column_inner width=\u00bb1\/12&#8243;][\/vc_column_inner][vc_column_inner width=\u00bb4\/12&#8243;][vc_single_image image=\u00bb15074&#8243; img_size=\u00bbfull\u00bb][vc_column_text]<strong>M\u00e1s informaci\u00f3n sobre los diferentes destinos Erasmus + en Espa\u00f1a :<\/strong><\/p>\n<ul>\n<li><a href=\"https:\/\/espamob.com\/es\/sectores-practicas-empresas-erasmusplus\/automocion\/practica-erasmus-carroceria\/\">Pr\u00e1cticas Erasmus Carrocer\u00eda<\/a><\/li>\n<\/ul>\n<p>[\/vc_column_text][\/vc_column_inner][\/vc_row_inner][\/vc_column][\/vc_row]<\/p>\n<\/div>","protected":false},"excerpt":{"rendered":"<p>[vc_row css=\u00bb.vc_custom_1707762588138{margin-top: -20px !important;margin-bottom: 40px !important;background-image: url(https:\/\/espamob.com\/wp-content\/uploads\/2024\/02\/Mecanica.webp?id=23365) !important;}\u00bb conditional_render=\u00bb%5B%7B%22value_role%22%3A%22administrator%22%7D%5D\u00bb][vc_column css=\u00bb.vc_custom_1687965657482{padding-top: 30px !important;}\u00bb conditional_render=\u00bb%5B%7B%22value_role%22%3A%22administrator%22%7D%5D\u00bb][vc_empty_space height=\u00bb170&#8243;][vc_custom_heading text=\u00bbPr\u00e1ctica Erasmus : Mec\u00e1nica\u00bb font_container=\u00bbtag:h1|font_size:27|text_align:center|color:%23ffffff\u00bb use_theme_fonts=\u00bbyes\u00bb css=\u00bb.vc_custom_1707842921133{margin-bottom: 15px !important;background-color: rgba(136,136,136,0.29) !important;*background-color: rgb(136,136,136) !important;}\u00bb animation_type=\u00bbzoomIn\u00bb][vc_empty_space height=\u00bb40&#8243;][\/vc_column][\/vc_row][vc_row wrap_container=\u00bbyes\u00bb text_align=\u00bbjustify\u00bb][vc_column text_align=\u00bbjustify\u00bb][vc_column_text] Home Sectores de pr\u00e1cticas Movilidad en el sector del autom\u00f3vil Pr\u00e1ctica Erasmus : Mec\u00e1nica [\/vc_column_text][vc_custom_heading text=\u00bbPr\u00e1cticas Erasmus Mec\u00e1nica: una oportunidad para trabajar en<\/p>\n","protected":false},"author":2,"featured_media":0,"parent":12383,"menu_order":0,"comment_status":"closed","ping_status":"closed","template":"","meta":{"footnotes":""},"class_list":["post-23380","page","type-page","status-publish","hentry"],"_links":{"self":[{"href":"https:\/\/espamob.com\/es\/wp-json\/wp\/v2\/pages\/23380","targetHints":{"allow":["GET"]}}],"collection":[{"href":"https:\/\/espamob.com\/es\/wp-json\/wp\/v2\/pages"}],"about":[{"href":"https:\/\/espamob.com\/es\/wp-json\/wp\/v2\/types\/page"}],"author":[{"embeddable":true,"href":"https:\/\/espamob.com\/es\/wp-json\/wp\/v2\/users\/2"}],"replies":[{"embeddable":true,"href":"https:\/\/espamob.com\/es\/wp-json\/wp\/v2\/comments?post=23380"}],"version-history":[{"count":0,"href":"https:\/\/espamob.com\/es\/wp-json\/wp\/v2\/pages\/23380\/revisions"}],"up":[{"embeddable":true,"href":"https:\/\/espamob.com\/es\/wp-json\/wp\/v2\/pages\/12383"}],"wp:attachment":[{"href":"https:\/\/espamob.com\/es\/wp-json\/wp\/v2\/media?parent=23380"}],"curies":[{"name":"wp","href":"https:\/\/api.w.org\/{rel}","templated":true}]}}