{"id":23251,"date":"2023-08-25T00:00:00","date_gmt":"2023-08-25T00:00:00","guid":{"rendered":"https:\/\/www.espamob.com\/sectores-practicas-empresas-erasmusplus\/hosteleria-restauracion\/stage-erasmus-barman\/"},"modified":"2025-06-29T20:07:46","modified_gmt":"2025-06-29T20:07:46","slug":"practica-erasmus-barman","status":"publish","type":"page","link":"https:\/\/espamob.com\/es\/sectores-practicas-empresas-erasmusplus\/hosteleria-restauracion\/practica-erasmus-barman\/","title":{"rendered":"Stage Erasmus : Barman"},"content":{"rendered":"<div class=\"wpb-content-wrapper\"><p>[vc_row css=\u00bb.vc_custom_1706811357303{margin-top: -20px !important;margin-bottom: 40px !important;background-image: url(https:\/\/espamob.com\/wp-content\/uploads\/2024\/02\/Barman.webp?id=23220) !important;}\u00bb conditional_render=\u00bb%5B%7B%22value_role%22%3A%22administrator%22%7D%5D\u00bb][vc_column css=\u00bb.vc_custom_1687965657482{padding-top: 30px !important;}\u00bb conditional_render=\u00bb%5B%7B%22value_role%22%3A%22administrator%22%7D%5D\u00bb][vc_empty_space height=\u00bb170&#8243;][vc_custom_heading text=\u00bbPr\u00e1ctica Erasmus : Barman\u00bb font_container=\u00bbtag:h1|font_size:27|text_align:center|color:%23ffffff\u00bb use_theme_fonts=\u00bbyes\u00bb css=\u00bb.vc_custom_1707513616877{margin-bottom: 15px !important;background-color: rgba(136,136,136,0.29) !important;*background-color: rgb(136,136,136) !important;}\u00bb animation_type=\u00bbzoomIn\u00bb][vc_empty_space height=\u00bb40&#8243;][\/vc_column][\/vc_row][vc_row wrap_container=\u00bbyes\u00bb text_align=\u00bbjustify\u00bb][vc_column text_align=\u00bbjustify\u00bb][vc_column_text]<\/p>\n<nav aria-label=\"breadcrumb\">\n<ol class=\"breadcrumb\">\n<li class=\"breadcrumb-item\"><a href=\"https:\/\/espamob.com\/es\/es-2\/\">Home<\/a><\/li>\n<li class=\"breadcrumb-item\"><a href=\"https:\/\/espamob.com\/es\/sectores-practicas-empresas-erasmusplus\/\">Sectores de pr\u00e1cticas<\/a><\/li>\n<li class=\"breadcrumb-item active\" aria-current=\"page\"><a href=\"https:\/\/espamob.com\/es\/sectores-practicas-empresas-erasmusplus\/hosteleria-restauracion\/\">Movilidad sector hosteler\u00eda y restauraci\u00f3n<\/a><\/li>\n<li class=\"breadcrumb-item active\" aria-current=\"page\">Pr\u00e1ctica Erasmus : Barman<\/li>\n<\/ol>\n<\/nav>\n<p>[\/vc_column_text][vc_custom_heading text=\u00bbDescubre las pr\u00e1cticas Erasmus Barman: una oportunidad \u00fanica para impulsar tu carrera profesional\u00bb use_theme_fonts=\u00bbyes\u00bb css=\u00bb.vc_custom_1707513666131{margin-top: 20px !important;}\u00bb][vc_separator][vc_row_inner][vc_column_inner width=\u00bb7\/12&#8243;][vc_column_text]\u00bfTe apasiona el mundo de las bebidas y deseas vivir una experiencia profesional y cultural enriquecedora? \u00a1La<strong> pr\u00e1ctica Erasmus Barman<\/strong> es perfecta para ti! Con este programa, podr\u00e1s adquirir nuevas habilidades en el \u00e1mbito de la cocteler\u00eda y ampliar tus horizontes trabajando en otro pa\u00eds europeo. En este art\u00edculo, te presentamos los diferentes aspectos de esta oportunidad excepcional.<\/p>\n<h2>Ventajas de la pr\u00e1ctica Erasmus Barman<\/h2>\n<p>La pr\u00e1ctica Erasmus Barman ofrece numerosas ventajas que contribuyen a tu desarrollo profesional y personal:<\/p>\n<ul>\n<li><strong>Aprendizaje de nuevas t\u00e9cnicas<\/strong>: durante tu pr\u00e1ctica, aprender\u00e1s diferentes m\u00e9todos de preparaci\u00f3n de c\u00f3cteles, cervezas y otras bebidas propias de la cultura del pa\u00eds de acogida.<\/li>\n<li><strong>Mejora de tus habilidades ling\u00fc\u00edsticas<\/strong>: al trabajar en un entorno internacional, practicar\u00e1s diariamente un idioma extranjero, lo que mejorar\u00e1 considerablemente tu nivel.<\/li>\n<li><strong>Fortalecimiento de tu curr\u00edculum vitae<\/strong>: una experiencia en el extranjero siempre es una ventaja en un curr\u00edculum vitae, y tambi\u00e9n demuestra tu apertura, adaptabilidad y disposici\u00f3n para asumir nuevos desaf\u00edos.<\/li>\n<li><strong>Ampliaci\u00f3n de tu red profesional<\/strong>: durante tu pr\u00e1ctica, tendr\u00e1s la oportunidad de conocer a profesionales del sector, lo que puede abrir puertas para tu futuro profesional.<\/li>\n<li><strong>Descubrimiento de una nueva cultura<\/strong>: tambi\u00e9n es una oportunidad para sumergirte en otra cultura y descubrir nuevas tradiciones culinarias y festivas.<\/li>\n<\/ul>\n<h2>El programa Erasmus+: un apoyo financiero para realizar tu pr\u00e1ctica<\/h2>\n<p>El <strong>programa Erasmus+<\/strong> es una iniciativa de la Uni\u00f3n Europea que tiene como objetivo promover la movilidad estudiantil y profesional dentro de Europa. Gracias a este programa, puedes beneficiarte de una beca para financiar tu pr\u00e1ctica Erasmus Barman.<\/p>\n<h3>Criterios de elegibilidad<\/h3>\n<p>Para ser elegible para una beca Erasmus+, debes cumplir con ciertas condiciones:<\/p>\n<ul>\n<li>Tener 18 a\u00f1os o m\u00e1s.<\/li>\n<li>Realizar la pr\u00e1ctica como parte de un programa escolar o universitario, o como reci\u00e9n graduado (en los 12 meses siguientes a la obtenci\u00f3n del t\u00edtulo).<\/li>\n<li>Elegir un pa\u00eds elegible para el programa Erasmus+ (los 27 Estados miembros de la UE, as\u00ed como Islandia, Liechtenstein, Noruega, Turqu\u00eda y Macedonia del Norte).<\/li>\n<\/ul>\n<h3>Montos de las becas<\/h3>\n<p>Los montos de las becas var\u00edan seg\u00fan el costo de vida del pa\u00eds de acogida y la duraci\u00f3n de la pr\u00e1ctica. En general, las becas para una pr\u00e1ctica Erasmus Barman oscilan entre 400 \u20ac y 600 \u20ac por mes. Sin embargo, es importante se\u00f1alar que estos montos pueden variar seg\u00fan los criterios espec\u00edficos de cada instituci\u00f3n u organismo gestor.[\/vc_column_text][\/vc_column_inner][vc_column_inner width=\u00bb1\/12&#8243;][\/vc_column_inner][vc_column_inner width=\u00bb4\/12&#8243;][vc_single_image image=\u00bb18142&#8243; img_size=\u00bb400*400&#8243; alignment=\u00bbright\u00bb style=\u00bbvc_box_rounded\u00bb][vc_btn title=\u00bbVer m\u00e1s\u00bb style=\u00bbcustom\u00bb custom_background=\u00bb#e20000&#8243; custom_text=\u00bb#ffffff\u00bb align=\u00bbcenter\u00bb link=\u00bburl:https%3A%2F%2Fespamob.com%2Fes%2Fcontacto%2F|title:Contacto|target:_blank\u00bb][vc_column_text]<\/p>\n<blockquote class=\"instagram-media\" data-instgrm-permalink=\"https:\/\/www.instagram.com\/reel\/DLaFtQ6NqFP\/?utm_source=ig_embed&amp;utm_campaign=loading\" data-instgrm-version=\"14\" style=\" background:#FFF; border:0; border-radius:3px; box-shadow:0 0 1px 0 rgba(0,0,0,0.5),0 1px 10px 0 rgba(0,0,0,0.15); margin: 1px; max-width:540px; min-width:326px; padding:0; width:99.375%; width:-webkit-calc(100% - 2px); width:calc(100% - 2px);\">\n<div style=\"padding:16px;\">\n<p> <a href=\"https:\/\/www.instagram.com\/reel\/DLaFtQ6NqFP\/?utm_source=ig_embed&amp;utm_campaign=loading\" style=\" background:#FFFFFF; line-height:0; padding:0 0; text-align:center; text-decoration:none; width:100%;\" target=\"_blank\" rel=\"noopener\"> <\/p>\n<div style=\" display: flex; flex-direction: row; align-items: center;\">\n<div style=\"background-color: #F4F4F4; border-radius: 50%; flex-grow: 0; height: 40px; margin-right: 14px; width: 40px;\"><\/div>\n<div style=\"display: flex; flex-direction: column; flex-grow: 1; justify-content: center;\">\n<div style=\" background-color: #F4F4F4; border-radius: 4px; flex-grow: 0; height: 14px; margin-bottom: 6px; width: 100px;\"><\/div>\n<div style=\" background-color: #F4F4F4; border-radius: 4px; flex-grow: 0; height: 14px; width: 60px;\"><\/div>\n<\/div>\n<\/div>\n<div style=\"padding: 19% 0;\"><\/div>\n<div style=\"display:block; height:50px; margin:0 auto 12px; width:50px;\"><svg width=\"50px\" height=\"50px\" viewBox=\"0 0 60 60\" version=\"1.1\" xmlns=\"https:\/\/www.w3.org\/2000\/svg\" xmlns:xlink=\"https:\/\/www.w3.org\/1999\/xlink\"><g stroke=\"none\" stroke-width=\"1\" fill=\"none\" fill-rule=\"evenodd\"><g transform=\"translate(-511.000000, -20.000000)\" fill=\"#000000\"><g><path d=\"M556.869,30.41 C554.814,30.41 553.148,32.076 553.148,34.131 C553.148,36.186 554.814,37.852 556.869,37.852 C558.924,37.852 560.59,36.186 560.59,34.131 C560.59,32.076 558.924,30.41 556.869,30.41 M541,60.657 C535.114,60.657 530.342,55.887 530.342,50 C530.342,44.114 535.114,39.342 541,39.342 C546.887,39.342 551.658,44.114 551.658,50 C551.658,55.887 546.887,60.657 541,60.657 M541,33.886 C532.1,33.886 524.886,41.1 524.886,50 C524.886,58.899 532.1,66.113 541,66.113 C549.9,66.113 557.115,58.899 557.115,50 C557.115,41.1 549.9,33.886 541,33.886 M565.378,62.101 C565.244,65.022 564.756,66.606 564.346,67.663 C563.803,69.06 563.154,70.057 562.106,71.106 C561.058,72.155 560.06,72.803 558.662,73.347 C557.607,73.757 556.021,74.244 553.102,74.378 C549.944,74.521 548.997,74.552 541,74.552 C533.003,74.552 532.056,74.521 528.898,74.378 C525.979,74.244 524.393,73.757 523.338,73.347 C521.94,72.803 520.942,72.155 519.894,71.106 C518.846,70.057 518.197,69.06 517.654,67.663 C517.244,66.606 516.755,65.022 516.623,62.101 C516.479,58.943 516.448,57.996 516.448,50 C516.448,42.003 516.479,41.056 516.623,37.899 C516.755,34.978 517.244,33.391 517.654,32.338 C518.197,30.938 518.846,29.942 519.894,28.894 C520.942,27.846 521.94,27.196 523.338,26.654 C524.393,26.244 525.979,25.756 528.898,25.623 C532.057,25.479 533.004,25.448 541,25.448 C548.997,25.448 549.943,25.479 553.102,25.623 C556.021,25.756 557.607,26.244 558.662,26.654 C560.06,27.196 561.058,27.846 562.106,28.894 C563.154,29.942 563.803,30.938 564.346,32.338 C564.756,33.391 565.244,34.978 565.378,37.899 C565.522,41.056 565.552,42.003 565.552,50 C565.552,57.996 565.522,58.943 565.378,62.101 M570.82,37.631 C570.674,34.438 570.167,32.258 569.425,30.349 C568.659,28.377 567.633,26.702 565.965,25.035 C564.297,23.368 562.623,22.342 560.652,21.575 C558.743,20.834 556.562,20.326 553.369,20.18 C550.169,20.033 549.148,20 541,20 C532.853,20 531.831,20.033 528.631,20.18 C525.438,20.326 523.257,20.834 521.349,21.575 C519.376,22.342 517.703,23.368 516.035,25.035 C514.368,26.702 513.342,28.377 512.574,30.349 C511.834,32.258 511.326,34.438 511.181,37.631 C511.035,40.831 511,41.851 511,50 C511,58.147 511.035,59.17 511.181,62.369 C511.326,65.562 511.834,67.743 512.574,69.651 C513.342,71.625 514.368,73.296 516.035,74.965 C517.703,76.634 519.376,77.658 521.349,78.425 C523.257,79.167 525.438,79.673 528.631,79.82 C531.831,79.965 532.853,80.001 541,80.001 C549.148,80.001 550.169,79.965 553.369,79.82 C556.562,79.673 558.743,79.167 560.652,78.425 C562.623,77.658 564.297,76.634 565.965,74.965 C567.633,73.296 568.659,71.625 569.425,69.651 C570.167,67.743 570.674,65.562 570.82,62.369 C570.966,59.17 571,58.147 571,50 C571,41.851 570.966,40.831 570.82,37.631\"><\/path><\/g><\/g><\/g><\/svg><\/div>\n<div style=\"padding-top: 8px;\">\n<div style=\" color:#3897f0; font-family:Arial,sans-serif; font-size:14px; font-style:normal; font-weight:550; line-height:18px;\">Ver esta publicaci\u00f3n en Instagram<\/div>\n<\/div>\n<div style=\"padding: 12.5% 0;\"><\/div>\n<div style=\"display: flex; flex-direction: row; margin-bottom: 14px; align-items: center;\">\n<div>\n<div style=\"background-color: #F4F4F4; border-radius: 50%; height: 12.5px; width: 12.5px; transform: translateX(0px) translateY(7px);\"><\/div>\n<div style=\"background-color: #F4F4F4; height: 12.5px; transform: rotate(-45deg) translateX(3px) translateY(1px); width: 12.5px; flex-grow: 0; margin-right: 14px; margin-left: 2px;\"><\/div>\n<div style=\"background-color: #F4F4F4; border-radius: 50%; height: 12.5px; width: 12.5px; transform: translateX(9px) translateY(-18px);\"><\/div>\n<\/div>\n<div style=\"margin-left: 8px;\">\n<div style=\" background-color: #F4F4F4; border-radius: 50%; flex-grow: 0; height: 20px; width: 20px;\"><\/div>\n<div style=\" width: 0; height: 0; border-top: 2px solid transparent; border-left: 6px solid #f4f4f4; border-bottom: 2px solid transparent; transform: translateX(16px) translateY(-4px) rotate(30deg)\"><\/div>\n<\/div>\n<div style=\"margin-left: auto;\">\n<div style=\" width: 0px; border-top: 8px solid #F4F4F4; border-right: 8px solid transparent; transform: translateY(16px);\"><\/div>\n<div style=\" background-color: #F4F4F4; flex-grow: 0; height: 12px; width: 16px; transform: translateY(-4px);\"><\/div>\n<div style=\" width: 0; height: 0; border-top: 8px solid #F4F4F4; border-left: 8px solid transparent; transform: translateY(-4px) translateX(8px);\"><\/div>\n<\/div>\n<\/div>\n<div style=\"display: flex; flex-direction: column; flex-grow: 1; justify-content: center; margin-bottom: 24px;\">\n<div style=\" background-color: #F4F4F4; border-radius: 4px; flex-grow: 0; height: 14px; margin-bottom: 6px; width: 224px;\"><\/div>\n<div style=\" background-color: #F4F4F4; border-radius: 4px; flex-grow: 0; height: 14px; width: 144px;\"><\/div>\n<\/div>\n<p><\/a><\/p>\n<p style=\" color:#c9c8cd; font-family:Arial,sans-serif; font-size:14px; line-height:17px; margin-bottom:0; margin-top:8px; overflow:hidden; padding:8px 0 7px; text-align:center; text-overflow:ellipsis; white-space:nowrap;\"><a href=\"https:\/\/www.instagram.com\/reel\/DLaFtQ6NqFP\/?utm_source=ig_embed&amp;utm_campaign=loading\" style=\" color:#c9c8cd; font-family:Arial,sans-serif; font-size:14px; font-style:normal; font-weight:normal; line-height:17px; text-decoration:none;\" target=\"_blank\" rel=\"noopener\">Una publicaci\u00f3n compartida de ESPAMOB&#39; &#8211; ERASMUS+ (@espamobspain)<\/a><\/p>\n<\/div>\n<\/blockquote>\n<p><script async src=\"\/\/www.instagram.com\/embed.js\"><\/script>[\/vc_column_text][\/vc_column_inner][\/vc_row_inner][vc_custom_heading text=\u00bbOrganizar tus pr\u00e1cticas Erasmus de Barman: las etapas clave\u00bb font_container=\u00bbtag:h3|text_align:left\u00bb use_theme_fonts=\u00bbyes\u00bb css=\u00bb.vc_custom_1707514098963{margin-top: 20px !important;}\u00bb][vc_separator][vc_row_inner][vc_column_inner width=\u00bb7\/12&#8243;][vc_column_text]Para tener \u00e9xito en tu pr\u00e1ctica Erasmus Barman, aqu\u00ed hay algunas etapas importantes que debes seguir:<\/p>\n<ol>\n<li><strong>Encontrar una empresa receptora<\/strong>: busca activamente ofertas de pr\u00e1cticas en bares, hoteles o restaurantes ubicados en el pa\u00eds de tu elecci\u00f3n. Tambi\u00e9n puedes solicitar la ayuda de tu instituci\u00f3n educativa para que te acompa\u00f1e en tus b\u00fasquedas.<\/li>\n<li><strong>Preparar tu solicitud<\/strong>: redacta un curr\u00edculum vitae y una carta de presentaci\u00f3n adaptados al puesto de barman y al contexto internacional. No olvides mencionar tu inter\u00e9s en el programa Erasmus+ y las habilidades que deseas desarrollar durante tu pr\u00e1ctica.<\/li>\n<li><strong>Presentar tu solicitud de beca<\/strong>: inf\u00f3rmate sobre los procedimientos para presentar tu solicitud de beca ante tu instituci\u00f3n educativa o el organismo encargado correspondiente. Aseg\u00farate de respetar los plazos y proporcionar todos los documentos justificativos necesarios.<\/li>\n<li><strong>Planificar tu estancia<\/strong>: una vez confirmada tu pr\u00e1ctica y tu beca, piensa en organizar tu alojamiento, transporte y todos los tr\u00e1mites administrativos necesarios (seguro, visa, etc.).<\/li>\n<li><strong>Disfrutar plenamente de la experiencia<\/strong>: una vez en el lugar, no dudes en comprometerte con tu pr\u00e1ctica, participar en eventos locales y aprovechar las oportunidades que ofrece el programa Erasmus+ (cursos de idiomas, encuentros, etc.).<\/li>\n<\/ol>\n<h2>Las habilidades clave para tener \u00e9xito como barman en el extranjero<\/h2>\n<p>Para aprovechar al m\u00e1ximo tu pr\u00e1ctica Erasmus Barman, aqu\u00ed hay algunas habilidades esenciales que debes desarrollar:<\/p>\n<ul>\n<li><strong>El dominio de uno o varios idiomas extranjeros<\/strong>: la pr\u00e1ctica regular de un idioma es indispensable para comunicarte con los clientes y colegas.<\/li>\n<li><strong>El sentido del servicio<\/strong>: un buen barman debe estar atento a las necesidades de los clientes, ser cort\u00e9s y sonriente, y tener una presentaci\u00f3n cuidada.<\/li>\n<li><strong>La creatividad<\/strong>: saber crear recetas originales de c\u00f3cteles y dominar las t\u00e9cnicas de mixolog\u00eda son activos para destacarse en la profesi\u00f3n.<\/li>\n<li><strong>La organizaci\u00f3n<\/strong>: es importante saber gestionar tu tiempo y tus existencias para asegurar un servicio de calidad.<\/li>\n<li><strong>El trabajo en equipo<\/strong>: un buen barman sabe trabajar en armon\u00eda con los dem\u00e1s miembros del personal y contribuye al buen ambiente en el establecimiento.<\/li>\n<\/ul>\n<p>En resumen, la <strong>pr\u00e1ctica Erasmus Barman<\/strong> es una oportunidad \u00fanica para desarrollar tus habilidades profesionales y vivir una experiencia cultural inolvidable. No dudes en informarte sobre las posibilidades ofrecidas por el programa Erasmus+ y comenzar ahora mismo tu b\u00fasqueda de pr\u00e1cticas en Europa.[\/vc_column_text][\/vc_column_inner][vc_column_inner width=\u00bb1\/12&#8243;][\/vc_column_inner][vc_column_inner width=\u00bb4\/12&#8243;][vc_raw_html]JTNDZGl2JTIwc3R5bGUlM0QlMjJwYWRkaW5nJTNBJTIwMzBweCUzQmJhY2tncm91bmQtY29sb3IlM0ElMjAlMjNGNEY0RjQlM0IlMjIlM0UlMEElMjAlMjAlMjAlMjAlM0NoNCUzRURlc2N1YnJhJTIwdG9kb3MlMjBsb3MlMjBzZWN0b3JlcyUyMGRlJTIwcHIlQzMlQTFjdGljYXMlM0MlMkZoNCUzRSUwQSUyMCUyMCUyMCUyMCUzQ3AlM0VFc3BhbW9iJTIwZXMlMjBlc3BlY2lhbGlzdGElMjBlbiUyMGxhJTIwYXNlc29yJUMzJUFEYSUyMGRlJTIwZ3J1cG9zJTIwZW4lMjBzdSUyMG1vdmlsaWRhZCUyMEVyYXNtdXMlMkIuJTIwRGVzY3VicmUlMjBlbiUyMHVub3MlMjBwb2NvcyUyMGNsaWNzJTIwdG9kb3MlMjBsb3MlMjBzZWN0b3JlcyUyMGRlJTIwcHIlQzMlQTFjdGljYXMlMjBFcmFzbXVzJTIwZW4lMjBFc3BhJUMzJUIxYS4lM0MlMkZwJTNFJTBBJTIwJTIwJTIwJTIwJTNDYSUyMGNsYXNzJTNEJTIydmNfZ2VuZXJhbCUyMHZjX2J0bjMlMjB2Y19idG4zLXNpemUtbWQlMjB2Y19idG4zLXNoYXBlLWRlZmF1bHQlMjB2Y19idG4zLXN0eWxlLWN1c3RvbSUyMHdwYl9jdXN0b21fNjY4N2IyNmYzOTQ4OGRkYmI4NWRkYjNjMWNlOGUxMTElMjBidG4lMjIlMjBzdHlsZSUzRCUyMmJhY2tncm91bmQtY29sb3IlM0ElMjNlMjAwMDAlM0IlMjBjb2xvciUzQSUyM2ZmZmZmZiUzQiUyMGJhY2tncm91bmQtY29sb3IlM0ElMjNlMjAwMDAlM0IlMjBjb2xvciUzQSUyM2ZmZmZmZiUzQiUyMiUyMGhyZWYlM0QlMjJodHRwcyUzQSUyRiUyRnd3dy5lc3BhbW9iLmNvbSUyRmVzJTJGc2VjdG9yZXMtcHJhY3RpY2FzLWVtcHJlc2FzLWVyYXNtdXNwbHVzJTJGJTIyJTIwdGl0bGUlM0QlMjJTZWN0b3JlcyUyMGRlJTIwcHIlQzMlQTFjdGljYXMlMjIlMjB0YXJnZXQlM0QlMjJfYmxhbmslMjIlM0VEZXNjdWJyaXIlMjBsb3MlMjBzZWN0b3JlcyUzQyUyRmElM0UlMEElM0MlMkZkaXYlM0U=[\/vc_raw_html][\/vc_column_inner][\/vc_row_inner][\/vc_column][\/vc_row][vc_row full_width=\u00bbstretch_row\u00bb wrap_container=\u00bbyes\u00bb is_section=\u00bbyes\u00bb css=\u00bb.vc_custom_1707514342696{border-top-width: 0px !important;padding-top: 15px !important;padding-bottom: 15px !important;background-color: #f8f392 !important;}\u00bb conditional_render=\u00bb%5B%7B%22value_role%22%3A%22administrator%22%7D%5D\u00bb][vc_column][vc_row_inner css=\u00bb.vc_custom_1688548648248{background-color: #f8f392 !important;}\u00bb][vc_column_inner][vc_custom_heading text=\u00bbSolicite un presupuesto gratuito\u00bb font_container=\u00bbtag:h2|text_align:center\u00bb use_theme_fonts=\u00bbyes\u00bb][vc_column_text]<\/p>\n<p style=\"text-align: justify;\">\u00bfTienes una idea para un proyecto Erasmus+ en Espa\u00f1a y est\u00e1s buscando un referente de confianza que te apoye? \u00a1<strong>Espamob<\/strong>\u2019 est\u00e1 aqu\u00ed para ayudarte! Te ofrecemos un presupuesto gratuito y sin compromiso para ayudarte a gestionar tu proyecto de movilidad. Gracias a nuestra experiencia y nuestra red de empresas asociadas, podemos ofrecerle soporte personalizado para satisfacer sus necesidades espec\u00edficas. Cont\u00e1ctenos ahora para hablar de su proyecto y obtener su presupuesto gratuito.<\/p>\n<p>[\/vc_column_text]<div id=\"modal-trg-txt-wrap-8146\" class=\"ult-modal-input-wrapper ult-adjust-bottom-margin    \" data-keypress-control=\"keypress-control-enable\" data-overlay-control=\"overlay-control-enable\"><style>\n\t\t\t\t\t.btn-modal.btn-id-69e7bb3b89f948-35845265:hover {\n\t\t\t\t\t\tbackground-color: #e20000 !important;\n\t\t\t\t\t}\n\t\t\t\t\t<\/style><button  data-ultimate-target='#modal-trg-txt-wrap-8146 .btn-modal'  data-responsive-json-new='{\"font-size\":\"\",\"line-height\":\"\"}'  style=\"background:#888888;border-color:#888888;color:#ffffff; \" data-class-id=\"content-69e7bb3b89f948-35845265\" class=\"btn-modal ult-responsive btn-primary btn-modal-md overlay-show ult-align-center btn-id-69e7bb3b89f948-35845265\" data-overlay-class=\"overlay-cornerbottomleft\">SOLICITAR PRESUPUESTO GRATUITO<\/button><\/div>\n<div class=\"ult-overlay content-69e7bb3b89f948-35845265 \" data-class=\"content-69e7bb3b89f948-35845265\" id=\"button-click-overlay\" style=\"background:rgba(51,51,51,0.8); display:none;\">\n\t<div class=\"ult_modal ult-fade ult-medium\">\n\t\t<div id=\"ult-modal-wrap-5369\" class=\"ult_modal-content ult-hide\" style=\"border-style:solid;border-width:2px;border-radius:0px;border-color:#333333;\">\n\t\t\t<div class=\"ult_modal-header\" style=\"color:#333333;border-color:#333333;\">\n\t\t\t\t<h3  data-ultimate-target='#ult-modal-wrap-5369 .ult_modal-title'  data-responsive-json-new='{\"font-size\":\"\",\"line-height\":\"\"}'  class=\"ult_modal-title ult-responsive\">SOLICITAR PRESUPUESTO GRATUITO<\/h3>\n\t\t\t<\/div>\n\t\t\t<div  data-ultimate-target='#ult-modal-wrap-5369 .ult_modal-body'  data-responsive-json-new='{\"font-size\":\"\",\"line-height\":\"\"}'  class=\"ult_modal-body ult-responsive ult-html\" style=\"\">\n\t\t\t[caldera_form id=\u00bbCF6149c7d1c4417&#8243;]\n\t\t\t<\/div>\n\t<\/div>\n\t<\/div>\n\t<div class=\"ult-overlay-close top-right\" style=\"width:80px;height:80px; \"><div class=\"ult-overlay-close-inside\">Close<\/div><\/div>\n<\/div>[\/vc_column_inner][\/vc_row_inner][\/vc_column][\/vc_row][vc_row wrap_container=\u00bbyes\u00bb css=\u00bb.vc_custom_1689256499740{margin-top: 15px !important;}\u00bb conditional_render=\u00bb%5B%7B%22value_role%22%3A%22administrator%22%7D%5D\u00bb][vc_column][vc_custom_heading text=\u00bbPreguntas frecuentes\u00bb font_container=\u00bbtag:h2|text_align:center|color:%23000000&#8243; use_theme_fonts=\u00bbyes\u00bb][vc_separator][vc_row_inner][vc_column_inner width=\u00bb7\/12&#8243;][vc_column_text]<\/p>\n<h3>Cu\u00e1les son las ventajas de elegir Espamob para realizar una pr\u00e1ctica Erasmus como barman?<\/h3>\n<p>Elegir Espamob para realizar una pr\u00e1ctica Erasmus como barman tiene numerosas ventajas. Espamob cuenta con una extensa red de socios en Espa\u00f1a, lo que facilita la b\u00fasqueda de pr\u00e1cticas en establecimientos de renombre. Adem\u00e1s, Espamob se encarga de toda la organizaci\u00f3n de tu movilidad, desde la b\u00fasqueda de financiamiento hasta la recepci\u00f3n en el lugar, pasando por la b\u00fasqueda de alojamientos adaptados a tu perfil. De esta manera, podr\u00e1s concentrarte en tu experiencia profesional y personal con total tranquilidad.<\/p>\n<h3>Cu\u00e1les son los pasos a seguir para realizar una pr\u00e1ctica Erasmus como barman con Espamob?<\/h3>\n<p>Para llevar a cabo una pr\u00e1ctica Erasmus como barman con Espamob, primero debes ponerte en contacto con la agencia y expresar tu inter\u00e9s. El equipo de Espamob te guiar\u00e1 en la creaci\u00f3n de tu proyecto, teniendo en cuenta tus necesidades y expectativas. Una vez que el proyecto sea validado, Espamob se encargar\u00e1 de encontrar los fondos necesarios y te asistir\u00e1 en todos los tr\u00e1mites administrativos. Luego, ser\u00e1s recibido en Espa\u00f1a en una universidad o empresa asociada, donde podr\u00e1s realizar tu pr\u00e1ctica como barman.<\/p>\n<h3>Cu\u00e1les son las garant\u00edas que ofrece Espamob para una pr\u00e1ctica Erasmus como barman?<\/h3>\n<p>Espamob ofrece varias garant\u00edas para una pr\u00e1ctica Erasmus como barman. En primer lugar, la agencia se compromete a encontrar pr\u00e1cticas de calidad en establecimientos reconocidos para brindarte una experiencia profesional enriquecedora. Adem\u00e1s, Espamob proporciona un seguimiento personalizado a lo largo de tu movilidad para asegurarse de que todo transcurra seg\u00fan lo planeado y responder a todas tus preguntas. Finalmente, la agencia ofrece un servicio de asistencia 24\/7 para acompa\u00f1arte en caso de problemas o emergencias durante tu estancia en Espa\u00f1a.[\/vc_column_text][\/vc_column_inner][vc_column_inner width=\u00bb1\/12&#8243;][\/vc_column_inner][vc_column_inner width=\u00bb4\/12&#8243;][vc_single_image image=\u00bb15074&#8243; img_size=\u00bbfull\u00bb][vc_column_text]<strong>Inf\u00f3rmate sobre los diferentes destinos Erasmus + en Espa\u00f1a :<\/strong><\/p>\n<ul>\n<li><a href=\"https:\/\/espamob.com\/es\/sectores-practicas-empresas-erasmusplus\/hosteleria-restauracion\/practica-erasmus-restauracion\/\">Pr\u00e1ctica Erasmus Restauraci\u00f3n<\/a><\/li>\n<li><a href=\"https:\/\/espamob.com\/es\/sectores-practicas-empresas-erasmusplus\/hosteleria-restauracion\/practica-erasmus-recepcion\/\">Pr\u00e1ctica Erasmus Recepci\u00f3n<\/a><\/li>\n<\/ul>\n<p>[\/vc_column_text][\/vc_column_inner][\/vc_row_inner][\/vc_column][\/vc_row]<\/p>\n<\/div>","protected":false},"excerpt":{"rendered":"<p>[vc_row css=\u00bb.vc_custom_1706811357303{margin-top: -20px !important;margin-bottom: 40px !important;background-image: url(https:\/\/espamob.com\/wp-content\/uploads\/2024\/02\/Barman.webp?id=23220) !important;}\u00bb conditional_render=\u00bb%5B%7B%22value_role%22%3A%22administrator%22%7D%5D\u00bb][vc_column css=\u00bb.vc_custom_1687965657482{padding-top: 30px !important;}\u00bb conditional_render=\u00bb%5B%7B%22value_role%22%3A%22administrator%22%7D%5D\u00bb][vc_empty_space height=\u00bb170&#8243;][vc_custom_heading text=\u00bbPr\u00e1ctica Erasmus : Barman\u00bb font_container=\u00bbtag:h1|font_size:27|text_align:center|color:%23ffffff\u00bb use_theme_fonts=\u00bbyes\u00bb css=\u00bb.vc_custom_1707513616877{margin-bottom: 15px !important;background-color: rgba(136,136,136,0.29) !important;*background-color: rgb(136,136,136) !important;}\u00bb animation_type=\u00bbzoomIn\u00bb][vc_empty_space height=\u00bb40&#8243;][\/vc_column][\/vc_row][vc_row wrap_container=\u00bbyes\u00bb text_align=\u00bbjustify\u00bb][vc_column text_align=\u00bbjustify\u00bb][vc_column_text] Home Sectores de pr\u00e1cticas Movilidad sector hosteler\u00eda y restauraci\u00f3n Pr\u00e1ctica Erasmus : Barman [\/vc_column_text][vc_custom_heading text=\u00bbDescubre las pr\u00e1cticas Erasmus Barman: una oportunidad \u00fanica para<\/p>\n","protected":false},"author":2,"featured_media":0,"parent":12407,"menu_order":0,"comment_status":"closed","ping_status":"closed","template":"","meta":{"footnotes":""},"class_list":["post-23251","page","type-page","status-publish","hentry"],"_links":{"self":[{"href":"https:\/\/espamob.com\/es\/wp-json\/wp\/v2\/pages\/23251","targetHints":{"allow":["GET"]}}],"collection":[{"href":"https:\/\/espamob.com\/es\/wp-json\/wp\/v2\/pages"}],"about":[{"href":"https:\/\/espamob.com\/es\/wp-json\/wp\/v2\/types\/page"}],"author":[{"embeddable":true,"href":"https:\/\/espamob.com\/es\/wp-json\/wp\/v2\/users\/2"}],"replies":[{"embeddable":true,"href":"https:\/\/espamob.com\/es\/wp-json\/wp\/v2\/comments?post=23251"}],"version-history":[{"count":0,"href":"https:\/\/espamob.com\/es\/wp-json\/wp\/v2\/pages\/23251\/revisions"}],"up":[{"embeddable":true,"href":"https:\/\/espamob.com\/es\/wp-json\/wp\/v2\/pages\/12407"}],"wp:attachment":[{"href":"https:\/\/espamob.com\/es\/wp-json\/wp\/v2\/media?parent=23251"}],"curies":[{"name":"wp","href":"https:\/\/api.w.org\/{rel}","templated":true}]}}