{"id":23247,"date":"2023-08-25T00:00:00","date_gmt":"2023-08-25T00:00:00","guid":{"rendered":"https:\/\/www.espamob.com\/sectores-practicas-empresas-erasmusplus\/hosteleria-restauracion\/stage-erasmus-reception\/"},"modified":"2025-11-03T16:06:30","modified_gmt":"2025-11-03T16:06:30","slug":"practica-erasmus-recepcion","status":"publish","type":"page","link":"https:\/\/espamob.com\/es\/sectores-practicas-empresas-erasmusplus\/hosteleria-restauracion\/practica-erasmus-recepcion\/","title":{"rendered":"Stage Erasmus : R\u00e9ception"},"content":{"rendered":"<div class=\"wpb-content-wrapper\"><p>[vc_row css=\u00bb.vc_custom_1706811342981{margin-top: -20px !important;margin-bottom: 40px !important;background-image: url(https:\/\/espamob.com\/wp-content\/uploads\/2024\/02\/Bienvenida-y-recepcion.webp?id=23230) !important;}\u00bb conditional_render=\u00bb%5B%7B%22value_role%22%3A%22administrator%22%7D%5D\u00bb][vc_column css=\u00bb.vc_custom_1687965657482{padding-top: 30px !important;}\u00bb conditional_render=\u00bb%5B%7B%22value_role%22%3A%22administrator%22%7D%5D\u00bb][vc_empty_space height=\u00bb170&#8243;][vc_custom_heading text=\u00bbPr\u00e1ctica Erasmus : Recepci\u00f3n\u00bb font_container=\u00bbtag:h1|font_size:27|text_align:center|color:%23ffffff\u00bb use_theme_fonts=\u00bbyes\u00bb css=\u00bb.vc_custom_1707512749268{margin-bottom: 15px !important;background-color: rgba(136,136,136,0.29) !important;*background-color: rgb(136,136,136) !important;}\u00bb animation_type=\u00bbzoomIn\u00bb][vc_empty_space height=\u00bb40&#8243;][\/vc_column][\/vc_row][vc_row wrap_container=\u00bbyes\u00bb text_align=\u00bbjustify\u00bb][vc_column text_align=\u00bbjustify\u00bb][vc_column_text]<\/p>\n<nav aria-label=\"breadcrumb\">\n<ol class=\"breadcrumb\">\n<li class=\"breadcrumb-item\"><a href=\"https:\/\/espamob.com\/es\">Home<\/a><\/li>\n<li class=\"breadcrumb-item\"><a href=\"https:\/\/espamob.com\/es\/sectores-practicas-empresas-erasmusplus\">Sectores de pr\u00e1cticas<\/a><\/li>\n<li class=\"breadcrumb-item active\" aria-current=\"page\"><a href=\"https:\/\/espamob.com\/es\/sectores-practicas-empresas-erasmusplus\/hosteleria-restauracion\/\">Movilidad sector hosteler\u00eda y restauraci\u00f3n<\/a><\/li>\n<li class=\"breadcrumb-item active\" aria-current=\"page\">Pr\u00e1ctica Erasmus : Recepci\u00f3n<\/li>\n<\/ol>\n<\/nav>\n<p>[\/vc_column_text][vc_custom_heading text=\u00bbAprovecha al m\u00e1ximo tu pr\u00e1ctica de recepci\u00f3n Erasmus\u00bb use_theme_fonts=\u00bbyes\u00bb css=\u00bb.vc_custom_1707512706595{margin-top: 20px !important;}\u00bb][vc_separator][vc_row_inner][vc_column_inner width=\u00bb7\/12&#8243;][vc_column_text]La<strong> pr\u00e1ctica Erasmus en Recepci\u00f3n<\/strong> es una experiencia \u00fanica para los estudiantes que desean enriquecer su curr\u00edculum y descubrir nuevos horizontes. Este programa europeo, que proporciona apoyo financiero a los participantes, permite realizar una pr\u00e1ctica en el extranjero mientras se recibe ayuda para la movilidad. En este art\u00edculo, presentamos los distintos pasos a seguir para aprovechar al m\u00e1ximo esta oportunidad.<\/p>\n<h2>Preparar el expediente de solicitud<\/h2>\n<p>Antes de embarcarse en la pr\u00e1ctica Erasmus en Recepci\u00f3n, es esencial elaborar un expediente de solicitud completo y pertinente. Este deber\u00e1 incluir varios elementos:<\/p>\n<ul>\n<li>Un <strong>curr\u00edculum vitae<\/strong>, preferiblemente redactado en el idioma del pa\u00eds de acogida.<\/li>\n<li>Una <strong>carta de motivaci\u00f3n<\/strong>, tambi\u00e9n traducida si es necesario.<\/li>\n<li>Los<strong> expedientes acad\u00e9micos<\/strong> de los dos \u00faltimos a\u00f1os de estudio.<\/li>\n<li>Una <strong>ficha de datos personales<\/strong> o una copia del documento de identidad.<\/li>\n<li>Una <strong>certificaci\u00f3n de idioma<\/strong>, si el nivel requerido es superior a B2.<\/li>\n<\/ul>\n<h2>Encontrar una pr\u00e1ctica adecuada a sus necesidades<\/h2>\n<p>Para encontrar la pr\u00e1ctica Erasmus en Recepci\u00f3n ideal, es importante tener en cuenta varios criterios:<\/p>\n<ol>\n<li>La <strong>duraci\u00f3n de la pr\u00e1ctica<\/strong>, que generalmente oscila entre 2 y 12 meses.<\/li>\n<li>El <strong>nivel de estudios<\/strong> necesario, as\u00ed como las habilidades y calificaciones requeridas.<\/li>\n<li>El <strong>sector de actividad<\/strong> en el que desea orientarse.<\/li>\n<li>La <strong>remuneraci\u00f3n<\/strong> propuesta (si est\u00e1 prevista).<\/li>\n<li>Las <strong>condiciones laborales y de acogida<\/strong> dentro de la empresa.<\/li>\n<\/ol>\n<p>No dudes en consultar las ofertas de pr\u00e1cticas disponibles en plataformas en l\u00ednea dedicadas y ponerte en contacto con tu instituci\u00f3n de origen para recibir orientaci\u00f3n personalizada.[\/vc_column_text][\/vc_column_inner][vc_column_inner width=\u00bb1\/12&#8243;][\/vc_column_inner][vc_column_inner width=\u00bb4\/12&#8243;][vc_single_image image=\u00bb18312&#8243; img_size=\u00bb400*400&#8243; alignment=\u00bbright\u00bb style=\u00bbvc_box_rounded\u00bb][vc_btn title=\u00bbVer m\u00e1s\u00bb style=\u00bbcustom\u00bb custom_background=\u00bb#e20000&#8243; custom_text=\u00bb#ffffff\u00bb align=\u00bbcenter\u00bb link=\u00bburl:https%3A%2F%2Fespamob.com%2Fes%2Fcontacto%2F|title:Contacto|target:_blank\u00bb][vc_video link=\u00bbhttps:\/\/www.youtube.com\/watch?v=asrbpf8IHe0&#8243; align=\u00bbcenter\u00bb][\/vc_column_inner][\/vc_row_inner][vc_custom_heading text=\u00bbSolicitud de becas de movilidad Erasmus\u00bb font_container=\u00bbtag:h3|text_align:left\u00bb use_theme_fonts=\u00bbyes\u00bb css=\u00bb.vc_custom_1707513028724{margin-top: 20px !important;}\u00bb][vc_separator][vc_row_inner][vc_column_inner width=\u00bb7\/12&#8243;][vc_column_text]Una vez encontrada la pr\u00e1ctica, es necesario constituir un expediente de solicitud de ayuda a la movilidad Erasmus. Este documento, que debe entregarse en tu instituci\u00f3n de origen, debe incluir:<\/p>\n<ul>\n<li>Un <strong>certificado de aceptaci\u00f3n<\/strong> de la empresa receptora, indicando las fechas de la pr\u00e1ctica y la misi\u00f3n asignada.<\/li>\n<li>Una <strong>declaraci\u00f3n jurada<\/strong> que confirme que no recibir\u00e1s ninguna otra ayuda financiera durante el per\u00edodo de la pr\u00e1ctica.<\/li>\n<li>Un <strong>documento de evaluaci\u00f3n<\/strong> de tus necesidades en t\u00e9rminos de alojamiento, transporte y otros gastos relacionados con la movilidad.<\/li>\n<\/ul>\n<p>Despu\u00e9s de la validaci\u00f3n de tu expediente, recibir\u00e1s un convenio de <strong>pr\u00e1cticas Erasmus<\/strong> que deber\u00e1 ser firmado por todas las partes involucradas (el estudiante, la instituci\u00f3n de origen y la empresa receptora).<\/p>\n<h2>Organizar tu estancia en el extranjero<\/h2>\n<p>Para aprovechar al m\u00e1ximo tu pr\u00e1ctica Erasmus en Recepci\u00f3n, es importante preparar cuidadosamente tu estancia en el extranjero. Aqu\u00ed tienes algunos consejos para partir con tranquilidad:<\/p>\n<ul>\n<li><strong>Anticipa tus tr\u00e1mites administrativos<\/strong>: inf\u00f3rmate sobre los procedimientos a seguir (visados, seguro m\u00e9dico, etc.) y arma un expediente con todos los documentos necesarios.<\/li>\n<li><strong>Encuentra un alojamiento adecuado<\/strong>: consulta las ofertas disponibles en sitios especializados y no dudes en solicitar ayuda a trav\u00e9s de las redes sociales y las asociaciones locales.<\/li>\n<li><strong>Prep\u00e1rate financieramente<\/strong>: eval\u00faa el costo de vida en el pa\u00eds de destino y establece un presupuesto previo para evitar sorpresas desagradables.<\/li>\n<li><strong>Aprende el idioma del pa\u00eds:<\/strong> si a\u00fan no dominas el idioma de tu destino, inscr\u00edbete en cursos o utiliza aplicaciones dedicadas para progresar r\u00e1pidamente.<\/li>\n<\/ul>\n<h2>Disfrutar plenamente de tu experiencia Erasmus en Recepci\u00f3n<\/h2>\n<h3>Sumergirse en la cultura local<\/h3>\n<p>Para enriquecer tu estancia en el extranjero, es fundamental sumergirte en la cultura local. Participa en eventos y actividades organizados por tu empresa receptora, \u00fanete a clubes o asociaciones, y no dudes en viajar para descubrir las riquezas del pa\u00eds.<\/p>\n<h3>Ampliar tu red profesional<\/h3>\n<p>La pr\u00e1ctica Erasmus en Recepci\u00f3n tambi\u00e9n es una oportunidad para desarrollar una red profesional internacional. Aprovecha esta experiencia para conocer a profesionales de tu sector, intercambiar ideas con ellos y construir relaciones duraderas.<\/p>\n<h3>Valorizar tu experiencia en el mercado laboral<\/h3>\n<p>Finalmente, no olvides que tu pr\u00e1ctica Erasmus en Recepci\u00f3n puede ser una verdadera ventaja para tu inserci\u00f3n laboral. Destaca las habilidades adquiridas y los proyectos realizados durante tu estancia en el extranjero para impresionar a los reclutadores y conseguir el puesto que te corresponde.[\/vc_column_text][\/vc_column_inner][vc_column_inner width=\u00bb1\/12&#8243;][\/vc_column_inner][vc_column_inner width=\u00bb4\/12&#8243;][vc_raw_html]JTNDZGl2JTIwc3R5bGUlM0QlMjJwYWRkaW5nJTNBJTIwMzBweCUzQmJhY2tncm91bmQtY29sb3IlM0ElMjAlMjNGNEY0RjQlM0IlMjIlM0UlMEElMjAlMjAlMjAlMjAlM0NoNCUzRURlc2N1YnJhJTIwdG9kb3MlMjBsb3MlMjBzZWN0b3JlcyUyMGRlJTIwcHIlQzMlQTFjdGljYXMlM0MlMkZoNCUzRSUwQSUyMCUyMCUyMCUyMCUzQ3AlM0VFc3BhbW9iJTIwZXMlMjBlc3BlY2lhbGlzdGElMjBlbiUyMGxhJTIwYXNlc29yJUMzJUFEYSUyMGRlJTIwZ3J1cG9zJTIwZW4lMjBzdSUyMG1vdmlsaWRhZCUyMEVyYXNtdXMlMkIuJTIwRGVzY3VicmUlMjBlbiUyMHVub3MlMjBwb2NvcyUyMGNsaWNzJTIwdG9kb3MlMjBsb3MlMjBzZWN0b3JlcyUyMGRlJTIwcHIlQzMlQTFjdGljYXMlMjBFcmFzbXVzJTIwZW4lMjBFc3BhJUMzJUIxYS4lM0MlMkZwJTNFJTBBJTIwJTIwJTIwJTIwJTNDYSUyMGNsYXNzJTNEJTIydmNfZ2VuZXJhbCUyMHZjX2J0bjMlMjB2Y19idG4zLXNpemUtbWQlMjB2Y19idG4zLXNoYXBlLWRlZmF1bHQlMjB2Y19idG4zLXN0eWxlLWN1c3RvbSUyMHdwYl9jdXN0b21fNjY4N2IyNmYzOTQ4OGRkYmI4NWRkYjNjMWNlOGUxMTElMjBidG4lMjIlMjBzdHlsZSUzRCUyMmJhY2tncm91bmQtY29sb3IlM0ElMjNlMjAwMDAlM0IlMjBjb2xvciUzQSUyM2ZmZmZmZiUzQiUyMGJhY2tncm91bmQtY29sb3IlM0ElMjNlMjAwMDAlM0IlMjBjb2xvciUzQSUyM2ZmZmZmZiUzQiUyMiUyMGhyZWYlM0QlMjJodHRwcyUzQSUyRiUyRnd3dy5lc3BhbW9iLmNvbSUyRmVzJTJGc2VjdG9yZXMtcHJhY3RpY2FzLWVtcHJlc2FzLWVyYXNtdXNwbHVzJTJGJTIyJTIwdGl0bGUlM0QlMjJTZWN0b3JlcyUyMGRlJTIwcHIlQzMlQTFjdGljYXMlMjIlMjB0YXJnZXQlM0QlMjJfYmxhbmslMjIlM0VEZXNjdWJyaXIlMjBsb3MlMjBzZWN0b3JlcyUzQyUyRmElM0UlMEElM0MlMkZkaXYlM0U=[\/vc_raw_html][vc_custom_heading text=\u00bbDescubre las opiniones de los participantes en Erasmus + :\u00bb font_container=\u00bbtag:h3|text_align:left\u00bb use_theme_fonts=\u00bbyes\u00bb css=\u00bb.vc_custom_1707513230188{margin-top: 20px !important;}\u00bb][vc_separator][vc_video link=\u00bbhttps:\/\/www.youtube.com\/watch?v=mWIQWC6a6uo&amp;ab_channel=Espamob%27-EuropeanMobilityProgram\u00bb align=\u00bbcenter\u00bb][\/vc_column_inner][\/vc_row_inner][\/vc_column][\/vc_row][vc_row full_width=\u00bbstretch_row\u00bb wrap_container=\u00bbyes\u00bb is_section=\u00bbyes\u00bb css=\u00bb.vc_custom_1707513245737{border-top-width: 0px !important;padding-top: 15px !important;padding-bottom: 15px !important;background-color: #f8f392 !important;}\u00bb conditional_render=\u00bb%5B%7B%22value_role%22%3A%22administrator%22%7D%5D\u00bb][vc_column][vc_row_inner css=\u00bb.vc_custom_1688548648248{background-color: #f8f392 !important;}\u00bb][vc_column_inner][vc_custom_heading text=\u00bbSolicite un presupuesto gratuito\u00bb font_container=\u00bbtag:h2|text_align:center\u00bb use_theme_fonts=\u00bbyes\u00bb][vc_column_text]<\/p>\n<p style=\"text-align: justify;\">\u00bfTienes una idea para un proyecto Erasmus+ en Espa\u00f1a y est\u00e1s buscando un referente de confianza que te apoye? \u00a1<strong>Espamob<\/strong>\u2019 est\u00e1 aqu\u00ed para ayudarte! Te ofrecemos un presupuesto gratuito y sin compromiso para ayudarte a gestionar tu proyecto de movilidad. Gracias a nuestra experiencia y nuestra red de empresas asociadas, podemos ofrecerle soporte personalizado para satisfacer sus necesidades espec\u00edficas. Cont\u00e1ctenos ahora para hablar de su proyecto y obtener su presupuesto gratuito.<\/p>\n<p>[\/vc_column_text]<div id=\"modal-trg-txt-wrap-1880\" class=\"ult-modal-input-wrapper ult-adjust-bottom-margin    \" data-keypress-control=\"keypress-control-enable\" data-overlay-control=\"overlay-control-enable\"><style>\n\t\t\t\t\t.btn-modal.btn-id-69df43e42cd045-09402567:hover {\n\t\t\t\t\t\tbackground-color: #e20000 !important;\n\t\t\t\t\t}\n\t\t\t\t\t<\/style><button  data-ultimate-target='#modal-trg-txt-wrap-1880 .btn-modal'  data-responsive-json-new='{\"font-size\":\"\",\"line-height\":\"\"}'  style=\"background:#888888;border-color:#888888;color:#ffffff; \" data-class-id=\"content-69df43e42cd045-09402567\" class=\"btn-modal ult-responsive btn-primary btn-modal-md overlay-show ult-align-center btn-id-69df43e42cd045-09402567\" data-overlay-class=\"overlay-cornerbottomleft\">SOLICITAR PRESUPUESTO GRATUITO<\/button><\/div>\n<div class=\"ult-overlay content-69df43e42cd045-09402567 \" data-class=\"content-69df43e42cd045-09402567\" id=\"button-click-overlay\" style=\"background:rgba(51,51,51,0.8); display:none;\">\n\t<div class=\"ult_modal ult-fade ult-medium\">\n\t\t<div id=\"ult-modal-wrap-6912\" class=\"ult_modal-content ult-hide\" style=\"border-style:solid;border-width:2px;border-radius:0px;border-color:#333333;\">\n\t\t\t<div class=\"ult_modal-header\" style=\"color:#333333;border-color:#333333;\">\n\t\t\t\t<h3  data-ultimate-target='#ult-modal-wrap-6912 .ult_modal-title'  data-responsive-json-new='{\"font-size\":\"\",\"line-height\":\"\"}'  class=\"ult_modal-title ult-responsive\">SOLICITAR PRESUPUESTO GRATUITO<\/h3>\n\t\t\t<\/div>\n\t\t\t<div  data-ultimate-target='#ult-modal-wrap-6912 .ult_modal-body'  data-responsive-json-new='{\"font-size\":\"\",\"line-height\":\"\"}'  class=\"ult_modal-body ult-responsive ult-html\" style=\"\">\n\t\t\t<\/p>\n<p>[caldera_form id=\u00bbCF6149c7d1c4417&#8243;]<\/p>\n<p>\n\t\t\t<\/div>\n\t<\/div>\n\t<\/div>\n\t<div class=\"ult-overlay-close top-right\" style=\"width:80px;height:80px; \"><div class=\"ult-overlay-close-inside\">Close<\/div><\/div>\n<\/div>[\/vc_column_inner][\/vc_row_inner][\/vc_column][\/vc_row][vc_row wrap_container=\u00bbyes\u00bb css=\u00bb.vc_custom_1689256499740{margin-top: 15px !important;}\u00bb conditional_render=\u00bb%5B%7B%22value_role%22%3A%22administrator%22%7D%5D\u00bb][vc_column][vc_custom_heading text=\u00bbPreguntas frecuentes\u00bb font_container=\u00bbtag:h2|text_align:center|color:%23000000&#8243; use_theme_fonts=\u00bbyes\u00bb][vc_separator][vc_row_inner][vc_column_inner width=\u00bb7\/12&#8243;][vc_column_text]<\/p>\n<h3>\u00bfCu\u00e1les son los servicios ofrecidos por Espamob para los grupos en movilidad Erasmus + en Espa\u00f1a?<\/h3>\n<p>Espamob brinda una gesti\u00f3n integral de los proyectos de movilidad Erasmus + en Espa\u00f1a. Esto incluye acompa\u00f1amiento en la creaci\u00f3n del proyecto, b\u00fasqueda de financiamiento, recepci\u00f3n en universidades y empresas colaboradoras para las pr\u00e1cticas, b\u00fasqueda de alojamiento en el lugar y asistencia a los grupos en el aeropuerto.<\/p>\n<h3>\u00bfC\u00f3mo puede Espamob ayudar a financiar nuestra movilidad Erasmus + en Espa\u00f1a?<\/h3>\n<p>Espamob cuenta con experiencia en la b\u00fasqueda de financiamiento para proyectos de movilidad Erasmus +. La agencia puede orientarlos en los tr\u00e1mites administrativos para obtener subvenciones y brindar consejos sobre las diversas fuentes de financiamiento disponibles.<\/p>\n<h3>\u00bfCu\u00e1les son las ventajas de elegir Espamob para nuestra pr\u00e1ctica Erasmus + en Espa\u00f1a?<\/h3>\n<p>Al elegir a Espamob, disfrutan de una gesti\u00f3n integral de su proyecto de pr\u00e1ctica Erasmus + en Espa\u00f1a. La agencia se encarga de todos los aspectos log\u00edsticos, desde la creaci\u00f3n del proyecto hasta la recepci\u00f3n en el lugar, pasando por la b\u00fasqueda de financiamiento y alojamiento. De esta manera, pueden concentrarse plenamente en su experiencia de pr\u00e1ctica con total tranquilidad.[\/vc_column_text][\/vc_column_inner][vc_column_inner width=\u00bb1\/12&#8243;][\/vc_column_inner][vc_column_inner width=\u00bb4\/12&#8243;][vc_single_image image=\u00bb15078&#8243; img_size=\u00bbfull\u00bb][vc_column_text]<strong>Inf\u00f3rmate sobre los diferentes destinos Erasmus + en Espa\u00f1a :<\/strong><\/p>\n<ul>\n<li><a href=\"https:\/\/espamob.com\/es\/sectores-practicas-empresas-erasmusplus\/hosteleria-restauracion\/practica-erasmus-restauracion\/\">Pr\u00e1ctica Erasmus Restauraci\u00f3n<\/a><\/li>\n<li><a href=\"https:\/\/espamob.com\/es\/sectores-practicas-empresas-erasmusplus\/hosteleria-restauracion\/practica-erasmus-barman\/\">Pr\u00e1ctica Erasmus Barman<\/a><\/li>\n<\/ul>\n<p>[\/vc_column_text][\/vc_column_inner][\/vc_row_inner][\/vc_column][\/vc_row]<\/p>\n<\/div>","protected":false},"excerpt":{"rendered":"<p>[vc_row css=\u00bb.vc_custom_1706811342981{margin-top: -20px !important;margin-bottom: 40px !important;background-image: url(https:\/\/espamob.com\/wp-content\/uploads\/2024\/02\/Bienvenida-y-recepcion.webp?id=23230) !important;}\u00bb conditional_render=\u00bb%5B%7B%22value_role%22%3A%22administrator%22%7D%5D\u00bb][vc_column css=\u00bb.vc_custom_1687965657482{padding-top: 30px !important;}\u00bb conditional_render=\u00bb%5B%7B%22value_role%22%3A%22administrator%22%7D%5D\u00bb][vc_empty_space height=\u00bb170&#8243;][vc_custom_heading text=\u00bbPr\u00e1ctica Erasmus : Recepci\u00f3n\u00bb font_container=\u00bbtag:h1|font_size:27|text_align:center|color:%23ffffff\u00bb use_theme_fonts=\u00bbyes\u00bb css=\u00bb.vc_custom_1707512749268{margin-bottom: 15px !important;background-color: rgba(136,136,136,0.29) !important;*background-color: rgb(136,136,136) !important;}\u00bb animation_type=\u00bbzoomIn\u00bb][vc_empty_space height=\u00bb40&#8243;][\/vc_column][\/vc_row][vc_row wrap_container=\u00bbyes\u00bb text_align=\u00bbjustify\u00bb][vc_column text_align=\u00bbjustify\u00bb][vc_column_text] Home Sectores de pr\u00e1cticas Movilidad sector hosteler\u00eda y restauraci\u00f3n Pr\u00e1ctica Erasmus : Recepci\u00f3n [\/vc_column_text][vc_custom_heading text=\u00bbAprovecha al m\u00e1ximo tu pr\u00e1ctica de recepci\u00f3n Erasmus\u00bb use_theme_fonts=\u00bbyes\u00bb<\/p>\n","protected":false},"author":2,"featured_media":0,"parent":12407,"menu_order":0,"comment_status":"closed","ping_status":"closed","template":"","meta":{"footnotes":""},"class_list":["post-23247","page","type-page","status-publish","hentry"],"_links":{"self":[{"href":"https:\/\/espamob.com\/es\/wp-json\/wp\/v2\/pages\/23247","targetHints":{"allow":["GET"]}}],"collection":[{"href":"https:\/\/espamob.com\/es\/wp-json\/wp\/v2\/pages"}],"about":[{"href":"https:\/\/espamob.com\/es\/wp-json\/wp\/v2\/types\/page"}],"author":[{"embeddable":true,"href":"https:\/\/espamob.com\/es\/wp-json\/wp\/v2\/users\/2"}],"replies":[{"embeddable":true,"href":"https:\/\/espamob.com\/es\/wp-json\/wp\/v2\/comments?post=23247"}],"version-history":[{"count":0,"href":"https:\/\/espamob.com\/es\/wp-json\/wp\/v2\/pages\/23247\/revisions"}],"up":[{"embeddable":true,"href":"https:\/\/espamob.com\/es\/wp-json\/wp\/v2\/pages\/12407"}],"wp:attachment":[{"href":"https:\/\/espamob.com\/es\/wp-json\/wp\/v2\/media?parent=23247"}],"curies":[{"name":"wp","href":"https:\/\/api.w.org\/{rel}","templated":true}]}}