{"id":22973,"date":"2023-08-22T00:00:00","date_gmt":"2023-08-22T00:00:00","guid":{"rendered":"https:\/\/www.espamob.com\/sectores-practicas-empresas-erasmusplus\/agricultura-jardineria\/stage-erasmus-paysagiste\/"},"modified":"2024-11-14T17:51:22","modified_gmt":"2024-11-14T17:51:22","slug":"practica-erasmus-paisajista","status":"publish","type":"page","link":"https:\/\/espamob.com\/es\/sectores-practicas-empresas-erasmusplus\/agricultura-jardineria\/practica-erasmus-paisajista\/","title":{"rendered":"Stage Erasmus : Paysagiste"},"content":{"rendered":"<div class=\"wpb-content-wrapper\"><p>[vc_row css=\u00bb.vc_custom_1705948353362{margin-top: -20px !important;margin-bottom: 40px !important;background-image: url(https:\/\/espamob.com\/wp-content\/uploads\/2024\/01\/Paisajista.webp?id=22910) !important;}\u00bb conditional_render=\u00bb%5B%7B%22value_role%22%3A%22administrator%22%7D%5D\u00bb][vc_column css=\u00bb.vc_custom_1687965657482{padding-top: 30px !important;}\u00bb conditional_render=\u00bb%5B%7B%22value_role%22%3A%22administrator%22%7D%5D\u00bb][vc_empty_space height=\u00bb170&#8243;][vc_custom_heading text=\u00bbPr\u00e1ctica Erasmus: Paisajista\u00bb font_container=\u00bbtag:h1|font_size:27|text_align:center|color:%23ffffff\u00bb use_theme_fonts=\u00bbyes\u00bb css=\u00bb.vc_custom_1706696551728{margin-bottom: 15px !important;background-color: rgba(136,136,136,0.29) !important;*background-color: rgb(136,136,136) !important;}\u00bb animation_type=\u00bbzoomIn\u00bb][vc_empty_space height=\u00bb40&#8243;][\/vc_column][\/vc_row][vc_row wrap_container=\u00bbyes\u00bb text_align=\u00bbjustify\u00bb][vc_column text_align=\u00bbjustify\u00bb][vc_column_text]<\/p>\n<nav aria-label=\"breadcrumb\">\n<ol class=\"breadcrumb\">\n<li class=\"breadcrumb-item\"><a href=\"https:\/\/espamob.com\/es\">Home<\/a><\/li>\n<li class=\"breadcrumb-item\"><a href=\"https:\/\/espamob.com\/es\/sectores-practicas-empresas-erasmusplus\">Sectores de pr\u00e1cticas<\/a><\/li>\n<li class=\"breadcrumb-item active\" aria-current=\"page\"><a href=\"https:\/\/espamob.com\/es\/sectores-practicas-empresas-erasmusplus\/agricultura-jardineria\/\">Movilidad sector agricultura, paisajismo y equino<\/a><\/li>\n<li class=\"breadcrumb-item active\" aria-current=\"page\">Pr\u00e1ctica Erasmus : Paisajista<\/li>\n<\/ol>\n<\/nav>\n<p>[\/vc_column_text][vc_custom_heading text=\u00bbPr\u00e1cticas Erasmus Paisajista: una experiencia gratificante para tu carrera profesional\u00bb use_theme_fonts=\u00bbyes\u00bb css=\u00bb.vc_custom_1706696603731{margin-top: 20px !important;}\u00bb][vc_separator][vc_row_inner][vc_column_inner width=\u00bb7\/12&#8243;][vc_column_text]\u00bfDeseas realizar una <strong>pr\u00e1ctica Erasmus Paisajista<\/strong> y potenciar as\u00ed tus habilidades en el dise\u00f1o de paisajes? Descubre c\u00f3mo participar en este programa europeo, los beneficios que ofrece esta experiencia \u00fanica y c\u00f3mo tener \u00e9xito en tu estad\u00eda en el extranjero.<\/p>\n<h2>Programa Erasmus+: una oportunidad de pr\u00e1cticas para aprovechar<\/h2>\n<p>El programa <strong>Erasmus+<\/strong> es una iniciativa europea que tiene como objetivo promover la movilidad de estudiantes, profesores y profesionales en Europa. Ofrece la posibilidad de realizar pr\u00e1cticas en el extranjero como parte de los estudios o la formaci\u00f3n profesional.<\/p>\n<p>Para los estudiantes de arquitectura paisaj\u00edstica, esto representa una oportunidad \u00fanica para adquirir nuevas habilidades, descubrir enfoques novedosos en el dise\u00f1o de paisajes y abrirse a nuevas culturas y m\u00e9todos de trabajo. Adem\u00e1s, esta experiencia internacional puede ser un verdadero activo para tu curr\u00edculum y facilitar tu inserci\u00f3n laboral.<\/p>\n<h3>\u00bfC\u00f3mo solicitar una pr\u00e1ctica Erasmus Paisajista?<\/h3>\n<p>Para poder beneficiarte de una pr\u00e1ctica Erasmus, debes ser estudiante en una instituci\u00f3n de educaci\u00f3n superior asociada al programa Erasmus+. Inf\u00f3rmate en tu instituci\u00f3n sobre sus asociaciones y los procedimientos de solicitud. Por lo general, se te pedir\u00e1 que presentes un expediente de solicitud que incluya un curr\u00edculum vitae, una carta de motivaci\u00f3n y a veces recomendaciones.<\/p>\n<p>La elecci\u00f3n del pa\u00eds y de la empresa anfitriona se realiza seg\u00fan tus intereses y objetivos profesionales. No dudes en investigar sobre las empresas especializadas en arquitectura paisaj\u00edstica en los pa\u00edses que te interesan y consultar las ofertas de pr\u00e1cticas disponibles en el Portal Europeo de Pr\u00e1cticas Erasmus Intern.<\/p>\n<h2>Ventajas de una pr\u00e1ctica Erasmus Paisajista<\/h2>\n<p>Participar en una pr\u00e1ctica Erasmus como parte de tu formaci\u00f3n en arquitectura paisaj\u00edstica tiene varias ventajas:<\/p>\n<ul>\n<li><strong>Desarrollar tus habilidades profesionales<\/strong>: te enfrentar\u00e1s a nuevas t\u00e9cnicas, enfoques y herramientas propias del pa\u00eds donde realices tu pr\u00e1ctica. Esto te permitir\u00e1 ampliar tus habilidades y aumentar tu empleabilidad.<\/li>\n<li><strong>Aprender un idioma extranjero<\/strong>: la pr\u00e1ctica diaria de un idioma extranjero es uno de los mejores medios para progresar r\u00e1pidamente. Tu pr\u00e1ctica Erasmus ser\u00e1 una oportunidad para perfeccionar tus habilidades ling\u00fc\u00edsticas.<\/li>\n<li><strong>Descubrir nuevas culturas<\/strong>: vivir en el extranjero durante unos meses te permitir\u00e1 conocer la cultura, las tradiciones y el estilo de vida de otro pa\u00eds, lo cual puede ser muy enriquecedor tanto a nivel personal como profesional.<\/li>\n<li><strong>Construir una red internacional<\/strong>: durante tu pr\u00e1ctica, conocer\u00e1s a personas de diferentes lugares, con quienes podr\u00e1s intercambiar y establecer contactos profesionales. Esta red puede ser valiosa para tu futura carrera.<\/li>\n<\/ul>\n<h3>Financiamientos y ayudas a la movilidad<\/h3>\n<p>En el marco del programa Erasmus+, se puede otorgar una beca de movilidad para ayudar a financiar tu pr\u00e1ctica en el extranjero. El monto de esta beca var\u00eda seg\u00fan el pa\u00eds anfitri\u00f3n y la duraci\u00f3n de la pr\u00e1ctica. Inf\u00f3rmate en tu instituci\u00f3n sobre las condiciones y los tr\u00e1mites para obtenerla. Tambi\u00e9n existen otras ayudas financieras a nivel nacional, regional o local; no dudes en informarte y presentar una solicitud.[\/vc_column_text][\/vc_column_inner][vc_column_inner width=\u00bb1\/12&#8243;][\/vc_column_inner][vc_column_inner width=\u00bb4\/12&#8243;][vc_single_image image=\u00bb18272&#8243; img_size=\u00bb400*400&#8243; alignment=\u00bbright\u00bb style=\u00bbvc_box_rounded\u00bb][vc_btn title=\u00bbVer m\u00e1s\u00bb style=\u00bbcustom\u00bb custom_background=\u00bb#e20000&#8243; custom_text=\u00bb#ffffff\u00bb align=\u00bbcenter\u00bb link=\u00bburl:https%3A%2F%2Fespamob.com%2Fes%2Fcontacto%2F|title:Contacto|target:_blank\u00bb][vc_video link=\u00bbhttps:\/\/youtu.be\/jXc1gFQTl58?si=VCgSHdFjO2mYrKTp\u00bb][\/vc_column_inner][\/vc_row_inner][vc_custom_heading text=\u00bbNuestros consejos para unas buenas pr\u00e1cticas Erasmus Paisajista\u00bb font_container=\u00bbtag:h3|text_align:left\u00bb use_theme_fonts=\u00bbyes\u00bb css=\u00bb.vc_custom_1706696885613{margin-top: 20px !important;}\u00bb][vc_separator][vc_row_inner][vc_column_inner width=\u00bb7\/12&#8243;][vc_column_text]Para aprovechar al m\u00e1ximo tu experiencia Erasmus Paisajista, aqu\u00ed tienes algunos consejos para preparar adecuadamente tu estad\u00eda:<\/p>\n<ol>\n<li><strong>Muestra curiosidad y apertura mental:<\/strong> Aprovecha esta experiencia para descubrir nuevas t\u00e9cnicas, enfoques y herramientas en el dise\u00f1o de paisajes. Est\u00e1 dispuesto a aprender y a salir de tu zona de confort.<\/li>\n<li><strong>Prep\u00e1rate para vivir en un entorno multicultural<\/strong>: Investiga sobre la cultura y las tradiciones del pa\u00eds donde realizar\u00e1s tu pr\u00e1ctica para familiarizarte con tu nuevo entorno y facilitar tu integraci\u00f3n.<\/li>\n<li><strong>Participa activamente en la vida de la empresa anfitriona<\/strong>: S\u00e9 voluntario y toma la iniciativa para integrarte plenamente en el equipo.<\/li>\n<li><strong>Mant\u00e9n el contacto con tu instituci\u00f3n de origen<\/strong>: Comun\u00edcate regularmente con tu tutor, tus profesores y tus compa\u00f1eros de clase para estar al tanto de las novedades de tu formaci\u00f3n y compartir tu experiencia en el extranjero.<\/li>\n<li><strong>Registra tu experiencia<\/strong>: Ya sea en forma de diario, blog o portafolio, documenta tu pr\u00e1ctica Erasmus para conservar un recuerdo de esta experiencia y poder hacer una evaluaci\u00f3n constructiva.<\/li>\n<\/ol>\n<p>En resumen, realizar una <strong>pr\u00e1ctica Erasmus Paisajista<\/strong> es una oportunidad \u00fanica para impulsar tu carrera, aprender nuevas t\u00e9cnicas y enfoques en el dise\u00f1o de paisajes y construir una red profesional internacional. \u00a1As\u00ed que no dudes en embarcarte en esta enriquecedora aventura![\/vc_column_text][\/vc_column_inner][vc_column_inner width=\u00bb1\/12&#8243;][\/vc_column_inner][vc_column_inner width=\u00bb4\/12&#8243;][vc_raw_html]JTNDZGl2JTIwc3R5bGUlM0QlMjJwYWRkaW5nJTNBJTIwMzBweCUzQmJhY2tncm91bmQtY29sb3IlM0ElMjAlMjNGNEY0RjQlM0IlMjIlM0UlMEElMjAlMjAlMjAlMjAlM0NoNCUzRURlc2N1YnJhJTIwdG9kb3MlMjBsb3MlMjBzZWN0b3JlcyUyMGRlJTIwcHIlQzMlQTFjdGljYXMlM0MlMkZoNCUzRSUwQSUyMCUyMCUyMCUyMCUzQ3AlM0VFc3BhbW9iJTIwZXMlMjBlc3BlY2lhbGlzdGElMjBlbiUyMGxhJTIwYXNlc29yJUMzJUFEYSUyMGRlJTIwZ3J1cG9zJTIwZW4lMjBzdSUyMG1vdmlsaWRhZCUyMEVyYXNtdXMlMkIuJTIwRGVzY3VicmUlMjBlbiUyMHVub3MlMjBwb2NvcyUyMGNsaWNzJTIwdG9kb3MlMjBsb3MlMjBzZWN0b3JlcyUyMGRlJTIwcHIlQzMlQTFjdGljYXMlMjBFcmFzbXVzJTIwZW4lMjBFc3BhJUMzJUIxYS4lM0MlMkZwJTNFJTBBJTIwJTIwJTIwJTIwJTNDYSUyMGNsYXNzJTNEJTIydmNfZ2VuZXJhbCUyMHZjX2J0bjMlMjB2Y19idG4zLXNpemUtbWQlMjB2Y19idG4zLXNoYXBlLWRlZmF1bHQlMjB2Y19idG4zLXN0eWxlLWN1c3RvbSUyMHdwYl9jdXN0b21fNjY4N2IyNmYzOTQ4OGRkYmI4NWRkYjNjMWNlOGUxMTElMjBidG4lMjIlMjBzdHlsZSUzRCUyMmJhY2tncm91bmQtY29sb3IlM0ElMjNlMjAwMDAlM0IlMjBjb2xvciUzQSUyM2ZmZmZmZiUzQiUyMGJhY2tncm91bmQtY29sb3IlM0ElMjNlMjAwMDAlM0IlMjBjb2xvciUzQSUyM2ZmZmZmZiUzQiUyMiUyMGhyZWYlM0QlMjJodHRwcyUzQSUyRiUyRnd3dy5lc3BhbW9iLmNvbSUyRmVzJTJGc2VjdG9yZXMtcHJhY3RpY2FzLWVtcHJlc2FzLWVyYXNtdXNwbHVzJTJGJTIyJTIwdGl0bGUlM0QlMjJTZWN0b3JlcyUyMGRlJTIwcHIlQzMlQTFjdGljYXMlMjIlMjB0YXJnZXQlM0QlMjJfYmxhbmslMjIlM0VEZXNjdWJyaXIlMjBsb3MlMjBzZWN0b3JlcyUzQyUyRmElM0UlMEElM0MlMkZkaXYlM0U=[\/vc_raw_html][vc_custom_heading text=\u00bbDescubre las opiniones de los participantes en Erasmus + :\u00bb font_container=\u00bbtag:h3|text_align:left\u00bb use_theme_fonts=\u00bbyes\u00bb css=\u00bb.vc_custom_1706697037468{margin-top: 20px !important;}\u00bb][vc_separator][vc_video link=\u00bbhttps:\/\/www.youtube.com\/watch?v=ShAaZKOxjpM\u00bb align=\u00bbcenter\u00bb][\/vc_column_inner][\/vc_row_inner][\/vc_column][\/vc_row][vc_row full_width=\u00bbstretch_row\u00bb wrap_container=\u00bbyes\u00bb is_section=\u00bbyes\u00bb css=\u00bb.vc_custom_1706697049238{border-top-width: 0px !important;padding-top: 15px !important;padding-bottom: 15px !important;background-color: #f8f392 !important;}\u00bb conditional_render=\u00bb%5B%7B%22value_role%22%3A%22administrator%22%7D%5D\u00bb][vc_column][vc_row_inner css=\u00bb.vc_custom_1688548648248{background-color: #f8f392 !important;}\u00bb][vc_column_inner][vc_custom_heading text=\u00bbSolicite un presupuesto gratuito\u00bb font_container=\u00bbtag:h2|text_align:center\u00bb use_theme_fonts=\u00bbyes\u00bb][vc_column_text]<\/p>\n<p style=\"text-align: justify;\">\u00bfTienes una idea para un proyecto Erasmus+ en Espa\u00f1a y est\u00e1s buscando un referente de confianza que te apoye? \u00a1<strong>Espamob<\/strong>\u2019 est\u00e1 aqu\u00ed para ayudarte! Te ofrecemos un presupuesto gratuito y sin compromiso para ayudarte a gestionar tu proyecto de movilidad. Gracias a nuestra experiencia y nuestra red de empresas asociadas, podemos ofrecerle soporte personalizado para satisfacer sus necesidades espec\u00edficas. Cont\u00e1ctenos ahora para hablar de su proyecto y obtener su presupuesto gratuito.<\/p>\n<p>[\/vc_column_text]<div id=\"modal-trg-txt-wrap-7822\" class=\"ult-modal-input-wrapper ult-adjust-bottom-margin    \" data-keypress-control=\"keypress-control-enable\" data-overlay-control=\"overlay-control-enable\"><style>\n\t\t\t\t\t.btn-modal.btn-id-69d06d67bfa5d1-80440433:hover {\n\t\t\t\t\t\tbackground-color: #e20000 !important;\n\t\t\t\t\t}\n\t\t\t\t\t<\/style><button  data-ultimate-target='#modal-trg-txt-wrap-7822 .btn-modal'  data-responsive-json-new='{\"font-size\":\"\",\"line-height\":\"\"}'  style=\"background:#888888;border-color:#888888;color:#ffffff; \" data-class-id=\"content-69d06d67bfa5d1-80440433\" class=\"btn-modal ult-responsive btn-primary btn-modal-md overlay-show ult-align-center btn-id-69d06d67bfa5d1-80440433\" data-overlay-class=\"overlay-cornerbottomleft\">SOLICITAR PRESUPUESTO GRATUITO<\/button><\/div>\n<div class=\"ult-overlay content-69d06d67bfa5d1-80440433 \" data-class=\"content-69d06d67bfa5d1-80440433\" id=\"button-click-overlay\" style=\"background:rgba(51,51,51,0.8); display:none;\">\n\t<div class=\"ult_modal ult-fade ult-medium\">\n\t\t<div id=\"ult-modal-wrap-2633\" class=\"ult_modal-content ult-hide\" style=\"border-style:solid;border-width:2px;border-radius:0px;border-color:#333333;\">\n\t\t\t<div class=\"ult_modal-header\" style=\"color:#333333;border-color:#333333;\">\n\t\t\t\t<h3  data-ultimate-target='#ult-modal-wrap-2633 .ult_modal-title'  data-responsive-json-new='{\"font-size\":\"\",\"line-height\":\"\"}'  class=\"ult_modal-title ult-responsive\">SOLICITAR PRESUPUESTO GRATUITO<\/h3>\n\t\t\t<\/div>\n\t\t\t<div  data-ultimate-target='#ult-modal-wrap-2633 .ult_modal-body'  data-responsive-json-new='{\"font-size\":\"\",\"line-height\":\"\"}'  class=\"ult_modal-body ult-responsive ult-html\" style=\"\">\n\t\t\t<\/p>\n<p>[caldera_form id=\u00bbCF6149c7d1c4417&#8243;]<\/p>\n<p>\n\t\t\t<\/div>\n\t<\/div>\n\t<\/div>\n\t<div class=\"ult-overlay-close top-right\" style=\"width:80px;height:80px; \"><div class=\"ult-overlay-close-inside\">Close<\/div><\/div>\n<\/div>[\/vc_column_inner][\/vc_row_inner][\/vc_column][\/vc_row][vc_row wrap_container=\u00bbyes\u00bb css=\u00bb.vc_custom_1689256499740{margin-top: 15px !important;}\u00bb conditional_render=\u00bb%5B%7B%22value_role%22%3A%22administrator%22%7D%5D\u00bb][vc_column][vc_custom_heading text=\u00bbPreguntas frecuentes\u00bb font_container=\u00bbtag:h2|text_align:center|color:%23000000&#8243; use_theme_fonts=\u00bbyes\u00bb][vc_separator][vc_row_inner][vc_column_inner width=\u00bb7\/12&#8243;][vc_column_text]<\/p>\n<h3>\u00bfCu\u00e1les son las ventajas de elegir Espamob para realizar una pr\u00e1ctica Erasmus en Espa\u00f1a como paisajista?<\/h3>\n<p>Al seleccionar Espamob para llevar a cabo tu pr\u00e1ctica Erasmus en Espa\u00f1a como paisajista, contar\u00e1s con un acompa\u00f1amiento integral en la creaci\u00f3n de tu proyecto, la b\u00fasqueda de financiamiento, la acogida en universidades y empresas asociadas para tu pr\u00e1ctica. Adem\u00e1s, Espamob se encarga de encontrar alojamientos en el lugar y de recoger a los grupos en el aeropuerto, brind\u00e1ndote una experiencia simplificada y placentera.<\/p>\n<h3>\u00bfC\u00f3mo puede Espamob ayudarme en la b\u00fasqueda de financiamiento para mi pr\u00e1ctica Erasmus como paisajista?<\/h3>\n<p>Espamob cuenta con experiencia en la b\u00fasqueda de financiamiento para proyectos de movilidad Erasmus +. La agencia te guiar\u00e1 en los tr\u00e1mites y te proporcionar\u00e1 la informaci\u00f3n necesaria para obtener financiamiento de organismos competentes. Adem\u00e1s, Espamob puede orientarte hacia posibles socios financieros y ayudarte en la redacci\u00f3n de tu solicitud de financiamiento.<\/p>\n<h3>\u00bfQu\u00e9 tipos de empresas asociadas se pueden encontrar a trav\u00e9s de Espamob para una pr\u00e1ctica Erasmus como paisajista en Espa\u00f1a?<\/h3>\n<p>Espamob cuenta con una red de diversas empresas asociadas en Espa\u00f1a que pueden acoger a practicantes paisajistas. Podr\u00e1s integrarte en empresas especializadas en dise\u00f1o de paisajes, jardiner\u00eda, mantenimiento de \u00e1reas verdes, entre otros. Estas empresas ofrecen oportunidades de aprendizaje y aplicaci\u00f3n de tus habilidades como paisajista en un entorno profesional estimulante.[\/vc_column_text][\/vc_column_inner][vc_column_inner width=\u00bb1\/12&#8243;][\/vc_column_inner][vc_column_inner width=\u00bb4\/12&#8243;][vc_single_image image=\u00bb15074&#8243; img_size=\u00bbfull\u00bb][vc_column_text]<strong>Inf\u00f3rmate sobre los diferentes destinos Erasmus + en Espa\u00f1a :<\/strong><\/p>\n<ul>\n<li><a href=\"https:\/\/espamob.com\/es\/sectores-practicas-empresas-erasmusplus\/agricultura-jardineria\/practica-erasmus-produccion-animal\/\">Pr\u00e1cticas Erasmus en producci\u00f3n animal<\/a><\/li>\n<li><a href=\"https:\/\/espamob.com\/es\/sectores-practicas-empresas-erasmusplus\/agricultura-jardineria\/practica-erasmus-produccion-vegetal\/\">Pr\u00e1cticas Erasmus en producci\u00f3n vegetal<\/a><\/li>\n<li><a href=\"https:\/\/espamob.com\/es\/sectores-practicas-empresas-erasmusplus\/agricultura-jardineria\/practica-erasmus-jardineria\/\">Pr\u00e1ctica Erasmus Jardiner\u00eda<\/a><\/li>\n<li><a href=\"https:\/\/espamob.com\/es\/sectores-practicas-empresas-erasmusplus\/agricultura-jardineria\/practica-erasmus-floristeria\/\">Pr\u00e1ctica Erasmus Florister\u00eda<\/a><\/li>\n<li><a href=\"https:\/\/espamob.com\/es\/sectores-practicas-empresas-erasmusplus\/agricultura-jardineria\/practica-erasmus-mecanico\/\">Pr\u00e1ctica Erasmus Mec\u00e1nico<\/a><\/li>\n<li><a href=\"https:\/\/espamob.com\/es\/sectores-practicas-empresas-erasmusplus\/agricultura-jardineria\/practica-erasmus-palafrenero\/\">Pr\u00e1ctica Erasmus Palafrenero<\/a><\/li>\n<li><a href=\"https:\/\/espamob.com\/es\/sectores-practicas-empresas-erasmusplus\/agricultura-jardineria\/practica-erasmus-herrador\/\">Pr\u00e1ctica Erasmus Herrador<\/a><\/li>\n<\/ul>\n<p>[\/vc_column_text][\/vc_column_inner][\/vc_row_inner][\/vc_column][\/vc_row]<\/p>\n<\/div>","protected":false},"excerpt":{"rendered":"<p>[vc_row css=\u00bb.vc_custom_1705948353362{margin-top: -20px !important;margin-bottom: 40px !important;background-image: url(https:\/\/espamob.com\/wp-content\/uploads\/2024\/01\/Paisajista.webp?id=22910) !important;}\u00bb conditional_render=\u00bb%5B%7B%22value_role%22%3A%22administrator%22%7D%5D\u00bb][vc_column css=\u00bb.vc_custom_1687965657482{padding-top: 30px !important;}\u00bb conditional_render=\u00bb%5B%7B%22value_role%22%3A%22administrator%22%7D%5D\u00bb][vc_empty_space height=\u00bb170&#8243;][vc_custom_heading text=\u00bbPr\u00e1ctica Erasmus: Paisajista\u00bb font_container=\u00bbtag:h1|font_size:27|text_align:center|color:%23ffffff\u00bb use_theme_fonts=\u00bbyes\u00bb css=\u00bb.vc_custom_1706696551728{margin-bottom: 15px !important;background-color: rgba(136,136,136,0.29) !important;*background-color: rgb(136,136,136) !important;}\u00bb animation_type=\u00bbzoomIn\u00bb][vc_empty_space height=\u00bb40&#8243;][\/vc_column][\/vc_row][vc_row wrap_container=\u00bbyes\u00bb text_align=\u00bbjustify\u00bb][vc_column text_align=\u00bbjustify\u00bb][vc_column_text] Home Sectores de pr\u00e1cticas Movilidad sector agricultura, paisajismo y equino Pr\u00e1ctica Erasmus : Paisajista [\/vc_column_text][vc_custom_heading text=\u00bbPr\u00e1cticas Erasmus Paisajista: una experiencia gratificante para tu carrera<\/p>\n","protected":false},"author":2,"featured_media":0,"parent":12435,"menu_order":0,"comment_status":"closed","ping_status":"closed","template":"","meta":{"footnotes":""},"class_list":["post-22973","page","type-page","status-publish","hentry"],"_links":{"self":[{"href":"https:\/\/espamob.com\/es\/wp-json\/wp\/v2\/pages\/22973","targetHints":{"allow":["GET"]}}],"collection":[{"href":"https:\/\/espamob.com\/es\/wp-json\/wp\/v2\/pages"}],"about":[{"href":"https:\/\/espamob.com\/es\/wp-json\/wp\/v2\/types\/page"}],"author":[{"embeddable":true,"href":"https:\/\/espamob.com\/es\/wp-json\/wp\/v2\/users\/2"}],"replies":[{"embeddable":true,"href":"https:\/\/espamob.com\/es\/wp-json\/wp\/v2\/comments?post=22973"}],"version-history":[{"count":6,"href":"https:\/\/espamob.com\/es\/wp-json\/wp\/v2\/pages\/22973\/revisions"}],"predecessor-version":[{"id":24858,"href":"https:\/\/espamob.com\/es\/wp-json\/wp\/v2\/pages\/22973\/revisions\/24858"}],"up":[{"embeddable":true,"href":"https:\/\/espamob.com\/es\/wp-json\/wp\/v2\/pages\/12435"}],"wp:attachment":[{"href":"https:\/\/espamob.com\/es\/wp-json\/wp\/v2\/media?parent=22973"}],"curies":[{"name":"wp","href":"https:\/\/api.w.org\/{rel}","templated":true}]}}