{"id":22965,"date":"2023-08-22T00:00:00","date_gmt":"2023-08-22T00:00:00","guid":{"rendered":"https:\/\/www.espamob.com\/sectores-practicas-empresas-erasmusplus\/agricultura-jardineria\/stage-erasmus-maraichage\/"},"modified":"2024-01-31T13:15:12","modified_gmt":"2024-01-31T13:15:12","slug":"practica-erasmus-jardineria","status":"publish","type":"page","link":"https:\/\/espamob.com\/es\/sectores-practicas-empresas-erasmusplus\/agricultura-jardineria\/practica-erasmus-jardineria\/","title":{"rendered":"Stage Erasmus : Mara\u00eechage"},"content":{"rendered":"<div class=\"wpb-content-wrapper\"><p>[vc_row css=\u00bb.vc_custom_1705948309161{margin-top: -20px !important;margin-bottom: 40px !important;background-image: url(https:\/\/espamob.com\/wp-content\/uploads\/2024\/01\/Jardineria.webp?id=22920) !important;}\u00bb conditional_render=\u00bb%5B%7B%22value_role%22%3A%22administrator%22%7D%5D\u00bb][vc_column css=\u00bb.vc_custom_1687965657482{padding-top: 30px !important;}\u00bb conditional_render=\u00bb%5B%7B%22value_role%22%3A%22administrator%22%7D%5D\u00bb][vc_empty_space height=\u00bb170&#8243;][vc_custom_heading text=\u00bbPr\u00e1cticas Erasmus: Jardiner\u00eda\u00bb font_container=\u00bbtag:h1|font_size:27|text_align:center|color:%23ffffff\u00bb use_theme_fonts=\u00bbyes\u00bb css=\u00bb.vc_custom_1706649698686{margin-bottom: 15px !important;background-color: rgba(136,136,136,0.29) !important;*background-color: rgb(136,136,136) !important;}\u00bb animation_type=\u00bbzoomIn\u00bb][vc_empty_space height=\u00bb40&#8243;][\/vc_column][\/vc_row][vc_row wrap_container=\u00bbyes\u00bb text_align=\u00bbjustify\u00bb][vc_column text_align=\u00bbjustify\u00bb][vc_column_text]<\/p>\n<nav aria-label=\"breadcrumb\">\n<ol class=\"breadcrumb\">\n<li class=\"breadcrumb-item\"><a href=\"https:\/\/espamob.com\/es\">Home<\/a><\/li>\n<li class=\"breadcrumb-item\"><a href=\"https:\/\/espamob.com\/es\/sectores-practicas-empresas-erasmusplus\">Sectores de pr\u00e1cticas<\/a><\/li>\n<li class=\"breadcrumb-item active\" aria-current=\"page\"><a href=\"https:\/\/espamob.com\/es\/sectores-practicas-empresas-erasmusplus\/agricultura-jardineria\/\">Movilidad sector agricultura, paisajismo y equino<\/a><\/li>\n<li class=\"breadcrumb-item active\" aria-current=\"page\">Pr\u00e1ctica Erasmus :\u00a0Jardiner\u00eda<\/li>\n<\/ol>\n<\/nav>\n<p>[\/vc_column_text][vc_custom_heading text=\u00bbPr\u00e1cticas Erasmus en jardiner\u00eda: una oportunidad para los estudiantes de agricultura\u00bb use_theme_fonts=\u00bbyes\u00bb css=\u00bb.vc_custom_1706649814811{margin-top: 20px !important;}\u00bb][vc_separator][vc_row_inner][vc_column_inner width=\u00bb7\/12&#8243;][vc_column_text]La <strong>Pr\u00e1ctica Erasmus en Jardiner\u00eda<\/strong> es un programa de intercambio que brinda a los estudiantes la oportunidad de formarse en el campo de la agricultura, espec\u00edficamente en la producci\u00f3n de frutas y verduras. Esta pr\u00e1ctica ofrece una experiencia profesional \u00fanica y enriquecedora, fomentando el desarrollo de habilidades t\u00e9cnicas e interculturales. En este art\u00edculo, exploraremos las diferentes facetas de la Pr\u00e1ctica Erasmus en Jardiner\u00eda y destacaremos sus beneficios para los estudiantes.<\/p>\n<h2>\u00bfQu\u00e9 implica la Pr\u00e1ctica Erasmus en Jardiner\u00eda?<\/h2>\n<p>Se trata de una pr\u00e1ctica profesional realizada en el extranjero, en una empresa o explotaci\u00f3n agr\u00edcola especializada en la Jardiner\u00eda. Los estudiantes tienen la oportunidad de aprender t\u00e9cnicas y pr\u00e1cticas espec\u00edficas de este sector, al mismo tiempo que descubren un nuevo pa\u00eds y una nueva cultura. La Pr\u00e1ctica Erasmus en Jardiner\u00eda generalmente se integra en un plan de estudios relacionado con la agricultura, la planificaci\u00f3n del territorio o incluso la cr\u00eda de caballos.<\/p>\n<h3>\u00bfPor qu\u00e9 elegir una Pr\u00e1ctica Erasmus en Jardiner\u00eda?<\/h3>\n<p>Las razones son diversas y pueden variar seg\u00fan los objetivos profesionales y personales de cada estudiante. Aqu\u00ed tienes algunos de los beneficios de participar en una Pr\u00e1ctica Erasmus en Jardiner\u00eda:<\/p>\n<ul>\n<li><strong>Desarrollar habilidades t\u00e9cnicas:<\/strong> la horticultura es un sector que requiere conocimientos especializados y dominio de t\u00e9cnicas espec\u00edficas. La Pr\u00e1ctica Erasmus permite a los estudiantes adquirir estas habilidades, poni\u00e9ndolas en pr\u00e1ctica en un entorno profesional.<\/li>\n<li><strong>Vivir una experiencia internacional<\/strong>: realizar una pr\u00e1ctica en el extranjero es una oportunidad \u00fanica para vivir una experiencia intercultural, aprender o perfeccionar un idioma extranjero y descubrir nuevas pr\u00e1cticas agr\u00edcolas.<\/li>\n<li><strong>Crear una red profesional<\/strong>: estar en contacto con profesionales del sector permite establecer conexiones y ampliar la red de contactos, lo cual puede ser valioso para la b\u00fasqueda de empleo en el futuro.<\/li>\n<li><strong>Valorar tu curr\u00edculum<\/strong>: una Pr\u00e1ctica Erasmus en Jardiner\u00eda demuestra a los reclutadores que eres capaz de adaptarte a un nuevo entorno y que posees habilidades t\u00e9cnicas espec\u00edficas.<\/li>\n<\/ul>\n<h2>\u00bfC\u00f3mo encontrar una Pr\u00e1ctica Erasmus en Jardiner\u00eda?<\/h2>\n<p>Para acceder a una Pr\u00e1ctica Erasmus en Jardiner\u00eda, es necesario primero obtener informaci\u00f3n de tu instituci\u00f3n educativa, que puede guiarte hacia ofertas de pr\u00e1cticas y organismos asociados. Aqu\u00ed tienes algunos consejos para aumentar tus posibilidades:<\/p>\n<h3>Buscar ofertas de pr\u00e1cticas:<\/h3>\n<p>Consulta regularmente los sitios web y las redes sociales de las escuelas, universidades y organismos agr\u00edcolas que ofrecen Pr\u00e1cticas Erasmus en Jardiner\u00eda. No dudes en suscribirte a boletines informativos o configurar alertas para estar al tanto de nuevas ofertas.<\/p>\n<h3>Movilizar tu red:<\/h3>\n<p>Habla sobre tu proyecto de Pr\u00e1ctica Erasmus en Jardiner\u00eda con tu familia, amigos, profesores, antiguos alumnos, etc. Pueden tener conocimiento de ofertas de pr\u00e1cticas o ponerte en contacto con profesionales del sector.<\/p>\n<h3>Redactar un curr\u00edculum y una carta de motivaci\u00f3n adaptados:<\/h3>\n<p>Para postularte a una Pr\u00e1ctica Erasmus en Jardiner\u00eda, es esencial cuidar la redacci\u00f3n de tu curr\u00edculum y carta de motivaci\u00f3n. Destaca tus habilidades t\u00e9cnicas y ling\u00fc\u00edsticas, as\u00ed como las experiencias laborales o asociativas que te han permitido desarrollar habilidades \u00fatiles en el contexto de una pr\u00e1ctica hort\u00edcola.[\/vc_column_text][\/vc_column_inner][vc_column_inner width=\u00bb1\/12&#8243;][\/vc_column_inner][vc_column_inner width=\u00bb4\/12&#8243;][vc_single_image image=\u00bb18232&#8243; img_size=\u00bb400*400&#8243; alignment=\u00bbright\u00bb style=\u00bbvc_box_rounded\u00bb][vc_btn title=\u00bbVer m\u00e1s\u00bb style=\u00bbcustom\u00bb custom_background=\u00bb#e20000&#8243; custom_text=\u00bb#ffffff\u00bb align=\u00bbcenter\u00bb link=\u00bburl:https%3A%2F%2Fespamob.com%2Fes%2Fcontacto%2F|title:contacto|target:_blank\u00bb][\/vc_column_inner][\/vc_row_inner][vc_custom_heading text=\u00bbPreparaci\u00f3n para el curso Erasmus de jardiner\u00eda\u00bb font_container=\u00bbtag:h3|text_align:left\u00bb use_theme_fonts=\u00bbyes\u00bb css=\u00bb.vc_custom_1706650043425{margin-top: 20px !important;}\u00bb][vc_separator][vc_row_inner][vc_column_inner width=\u00bb7\/12&#8243;][vc_column_text]Una vez que hayas encontrado tu pr\u00e1ctica, es el momento de prepararte para vivir esta experiencia \u00fanica. Aqu\u00ed tienes algunos consejos para abordar de manera adecuada tu pr\u00e1ctica Erasmus en Jardiner\u00eda:<\/p>\n<h3>Informarse sobre las condiciones laborales y el pa\u00eds de acogida<\/h3>\n<p>Investiga sobre los horarios de trabajo, las tareas que se te asignar\u00e1n y las condiciones de alojamiento. Tambi\u00e9n es importante familiarizarse con la cultura y las costumbres del pa\u00eds de acogida, as\u00ed como aprender algunas palabras del idioma local.<\/p>\n<h3>Realizar los tr\u00e1mites administrativos necesarios<\/h3>\n<p>Verifica los procedimientos para obtener visa, seguro de salud y permiso de trabajo si es necesario. Tambi\u00e9n reg\u00edstrate en el consulado franc\u00e9s en el pa\u00eds de acogida.<\/p>\n<h3>Preparar tu partida<\/h3>\n<p>Haz una lista de las cosas que debes llevar, teniendo en cuenta las condiciones clim\u00e1ticas y los requisitos de tu pr\u00e1ctica. Calcula un presupuesto para cubrir tus gastos en el lugar (alojamiento, comida, transporte, etc.) y prep\u00e1rate para vivir lejos de tu familia y amigos durante varios meses.<\/p>\n<p>En resumen, la pr\u00e1ctica Erasmus en Jardiner\u00eda es una oportunidad \u00fanica para desarrollar habilidades profesionales e interculturales en el campo de la agricultura. Permite a los estudiantes sumergirse en un nuevo entorno y aprender las t\u00e9cnicas espec\u00edficas de la jardiner\u00eda. \u00a1As\u00ed que no dudes m\u00e1s, l\u00e1nzate a esta aventura enriquecedora y educativa![\/vc_column_text][\/vc_column_inner][vc_column_inner width=\u00bb1\/12&#8243;][\/vc_column_inner][vc_column_inner width=\u00bb4\/12&#8243;][vc_raw_html]JTNDZGl2JTIwc3R5bGUlM0QlMjJwYWRkaW5nJTNBJTIwMzBweCUzQmJhY2tncm91bmQtY29sb3IlM0ElMjAlMjNGNEY0RjQlM0IlMjIlM0UlMEElMjAlMjAlMjAlMjAlM0NoNCUzRURlc2N1YnJhJTIwdG9kb3MlMjBsb3MlMjBzZWN0b3JlcyUyMGRlJTIwcHIlQzMlQTFjdGljYXMlM0MlMkZoNCUzRSUwQSUyMCUyMCUyMCUyMCUzQ3AlM0VFc3BhbW9iJTIwZXMlMjBlc3BlY2lhbGlzdGElMjBlbiUyMGxhJTIwYXNlc29yJUMzJUFEYSUyMGRlJTIwZ3J1cG9zJTIwZW4lMjBzdSUyMG1vdmlsaWRhZCUyMEVyYXNtdXMlMkIuJTIwRGVzY3VicmUlMjBlbiUyMHVub3MlMjBwb2NvcyUyMGNsaWNzJTIwdG9kb3MlMjBsb3MlMjBzZWN0b3JlcyUyMGRlJTIwcHIlQzMlQTFjdGljYXMlMjBFcmFzbXVzJTIwZW4lMjBFc3BhJUMzJUIxYS4lM0MlMkZwJTNFJTBBJTIwJTIwJTIwJTIwJTNDYSUyMGNsYXNzJTNEJTIydmNfZ2VuZXJhbCUyMHZjX2J0bjMlMjB2Y19idG4zLXNpemUtbWQlMjB2Y19idG4zLXNoYXBlLWRlZmF1bHQlMjB2Y19idG4zLXN0eWxlLWN1c3RvbSUyMHdwYl9jdXN0b21fNjY4N2IyNmYzOTQ4OGRkYmI4NWRkYjNjMWNlOGUxMTElMjBidG4lMjIlMjBzdHlsZSUzRCUyMmJhY2tncm91bmQtY29sb3IlM0ElMjNlMjAwMDAlM0IlMjBjb2xvciUzQSUyM2ZmZmZmZiUzQiUyMGJhY2tncm91bmQtY29sb3IlM0ElMjNlMjAwMDAlM0IlMjBjb2xvciUzQSUyM2ZmZmZmZiUzQiUyMiUyMGhyZWYlM0QlMjJodHRwcyUzQSUyRiUyRnd3dy5lc3BhbW9iLmNvbSUyRmVzJTJGc2VjdG9yZXMtcHJhY3RpY2FzLWVtcHJlc2FzLWVyYXNtdXNwbHVzJTJGJTIyJTIwdGl0bGUlM0QlMjJTZWN0b3JlcyUyMGRlJTIwcHIlQzMlQTFjdGljYXMlMjIlMjB0YXJnZXQlM0QlMjJfYmxhbmslMjIlM0VEZXNjdWJyaXIlMjBsb3MlMjBzZWN0b3JlcyUzQyUyRmElM0UlMEElM0MlMkZkaXYlM0U=[\/vc_raw_html][\/vc_column_inner][\/vc_row_inner][\/vc_column][\/vc_row][vc_row full_width=\u00bbstretch_row\u00bb wrap_container=\u00bbyes\u00bb is_section=\u00bbyes\u00bb css=\u00bb.vc_custom_1706650135310{border-top-width: 0px !important;padding-top: 15px !important;padding-bottom: 15px !important;background-color: #f8f392 !important;}\u00bb conditional_render=\u00bb%5B%7B%22value_role%22%3A%22administrator%22%7D%5D\u00bb][vc_column][vc_row_inner css=\u00bb.vc_custom_1688548648248{background-color: #f8f392 !important;}\u00bb][vc_column_inner][vc_custom_heading text=\u00bbSolicite un presupuesto gratuito\u00bb font_container=\u00bbtag:h2|text_align:center\u00bb use_theme_fonts=\u00bbyes\u00bb][vc_column_text]<\/p>\n<p style=\"text-align: justify;\">\u00bfTienes una idea para un proyecto Erasmus+ en Espa\u00f1a y est\u00e1s buscando un referente de confianza que te apoye? \u00a1<strong>Espamob<\/strong>\u2019 est\u00e1 aqu\u00ed para ayudarte! Te ofrecemos un presupuesto gratuito y sin compromiso para ayudarte a gestionar tu proyecto de movilidad. Gracias a nuestra experiencia y nuestra red de empresas asociadas, podemos ofrecerle soporte personalizado para satisfacer sus necesidades espec\u00edficas. Cont\u00e1ctenos ahora para hablar de su proyecto y obtener su presupuesto gratuito.<\/p>\n<p>[\/vc_column_text]<div id=\"modal-trg-txt-wrap-1304\" class=\"ult-modal-input-wrapper ult-adjust-bottom-margin    \" data-keypress-control=\"keypress-control-enable\" data-overlay-control=\"overlay-control-enable\"><style>\n\t\t\t\t\t.btn-modal.btn-id-69e7927c68b976-44028091:hover {\n\t\t\t\t\t\tbackground-color: #e20000 !important;\n\t\t\t\t\t}\n\t\t\t\t\t<\/style><button  data-ultimate-target='#modal-trg-txt-wrap-1304 .btn-modal'  data-responsive-json-new='{\"font-size\":\"\",\"line-height\":\"\"}'  style=\"background:#888888;border-color:#888888;color:#ffffff; \" data-class-id=\"content-69e7927c68b976-44028091\" class=\"btn-modal ult-responsive btn-primary btn-modal-md overlay-show ult-align-center btn-id-69e7927c68b976-44028091\" data-overlay-class=\"overlay-cornerbottomleft\">SOLICITAR PRESUPUESTO GRATUITO<\/button><\/div>\n<div class=\"ult-overlay content-69e7927c68b976-44028091 \" data-class=\"content-69e7927c68b976-44028091\" id=\"button-click-overlay\" style=\"background:rgba(51,51,51,0.8); display:none;\">\n\t<div class=\"ult_modal ult-fade ult-medium\">\n\t\t<div id=\"ult-modal-wrap-9002\" class=\"ult_modal-content ult-hide\" style=\"border-style:solid;border-width:2px;border-radius:0px;border-color:#333333;\">\n\t\t\t<div class=\"ult_modal-header\" style=\"color:#333333;border-color:#333333;\">\n\t\t\t\t<h3  data-ultimate-target='#ult-modal-wrap-9002 .ult_modal-title'  data-responsive-json-new='{\"font-size\":\"\",\"line-height\":\"\"}'  class=\"ult_modal-title ult-responsive\">SOLICITAR PRESUPUESTO GRATUITO<\/h3>\n\t\t\t<\/div>\n\t\t\t<div  data-ultimate-target='#ult-modal-wrap-9002 .ult_modal-body'  data-responsive-json-new='{\"font-size\":\"\",\"line-height\":\"\"}'  class=\"ult_modal-body ult-responsive ult-html\" style=\"\">\n\t\t\t[caldera_form id=\u00bbCF6149c7d1c4417&#8243;]\n\t\t\t<\/div>\n\t<\/div>\n\t<\/div>\n\t<div class=\"ult-overlay-close top-right\" style=\"width:80px;height:80px; \"><div class=\"ult-overlay-close-inside\">Close<\/div><\/div>\n<\/div>[\/vc_column_inner][\/vc_row_inner][\/vc_column][\/vc_row][vc_row wrap_container=\u00bbyes\u00bb css=\u00bb.vc_custom_1689256499740{margin-top: 15px !important;}\u00bb conditional_render=\u00bb%5B%7B%22value_role%22%3A%22administrator%22%7D%5D\u00bb][vc_column][vc_custom_heading text=\u00bbPreguntas frecuentes\u00bb font_container=\u00bbtag:h2|text_align:center|color:%23000000&#8243; use_theme_fonts=\u00bbyes\u00bb][vc_separator][vc_row_inner][vc_column_inner width=\u00bb7\/12&#8243;][vc_column_text]<\/p>\n<h3>\u00bfCu\u00e1les son los servicios ofrecidos por Espamob para las pr\u00e1cticas Erasmus en Jardiner\u00eda?<\/h3>\n<p>Espamob ofrece una gesti\u00f3n integral de los proyectos de movilidad Erasmus en Jardiner\u00eda. Esto incluye el acompa\u00f1amiento en la creaci\u00f3n del proyecto, la b\u00fasqueda de financiamiento, la recepci\u00f3n en universidades y empresas asociadas para las pr\u00e1cticas, la b\u00fasqueda de alojamiento en el lugar y el traslado desde el aeropuerto.<\/p>\n<h3>\u00bfC\u00f3mo ayuda Espamob a encontrar financiamiento para las pr\u00e1cticas Erasmus en Jardiner\u00eda?<\/h3>\n<p>Espamob proporciona a los grupos informaci\u00f3n y orientaci\u00f3n para ayudarles a encontrar financiamiento para sus pr\u00e1cticas Erasmus en Jardiner\u00eda. La agencia tambi\u00e9n puede dirigirlos hacia organismos o programas de financiamiento adecuados para su proyecto.<\/p>\n<h3>\u00bfC\u00f3mo se lleva a cabo la recepci\u00f3n en las universidades y empresas asociadas para las pr\u00e1cticas Erasmus en Jardiner\u00eda?<\/h3>\n<p>Espamob se encarga de la organizaci\u00f3n de la recepci\u00f3n en universidades y empresas asociadas para las pr\u00e1cticas Erasmus en Jardiner\u00eda. La agencia facilita los tr\u00e1mites administrativos, coordina con las instituciones de acogida y vela por el buen desarrollo de la estancia de los grupos.[\/vc_column_text][\/vc_column_inner][vc_column_inner width=\u00bb1\/12&#8243;][\/vc_column_inner][vc_column_inner width=\u00bb4\/12&#8243;][vc_single_image image=\u00bb15074&#8243; img_size=\u00bbfull\u00bb][vc_column_text]<strong>Inf\u00f3rmate sobre los diferentes destinos Erasmus + en Espa\u00f1a :<\/strong><\/p>\n<ul>\n<li><a href=\"https:\/\/espamob.com\/es\/sectores-practicas-empresas-erasmusplus\/agricultura-jardineria\/practica-erasmus-produccion-animal\/\">Pr\u00e1cticas Erasmus en producci\u00f3n animal<\/a><\/li>\n<li><a href=\"https:\/\/espamob.com\/es\/sectores-practicas-empresas-erasmusplus\/agricultura-jardineria\/practica-erasmus-produccion-vegetal\/\">Pr\u00e1cticas Erasmus en producci\u00f3n vegetal<\/a><\/li>\n<li><a href=\"https:\/\/espamob.com\/es\/sectores-practicas-empresas-erasmusplus\/agricultura-jardineria\/practica-erasmus-floristeria\/\">Pr\u00e1ctica Erasmus Florister\u00eda<\/a><\/li>\n<li><a href=\"https:\/\/espamob.com\/es\/sectores-practicas-empresas-erasmusplus\/agricultura-jardineria\/practica-erasmus-paisajista\/\">Pr\u00e1ctica Erasmus Paisajista<\/a><\/li>\n<li><a href=\"https:\/\/espamob.com\/es\/sectores-practicas-empresas-erasmusplus\/agricultura-jardineria\/practica-erasmus-mecanico\/\">Pr\u00e1ctica Erasmus Mec\u00e1nico<\/a><\/li>\n<li><a href=\"https:\/\/espamob.com\/es\/sectores-practicas-empresas-erasmusplus\/agricultura-jardineria\/practica-erasmus-palafrenero\/\">Pr\u00e1ctica Erasmus Palafrenero<\/a><\/li>\n<li><a href=\"https:\/\/espamob.com\/es\/sectores-practicas-empresas-erasmusplus\/agricultura-jardineria\/practica-erasmus-herrador\/\">Pr\u00e1ctica Erasmus Herrador<\/a><\/li>\n<\/ul>\n<p>[\/vc_column_text][\/vc_column_inner][\/vc_row_inner][\/vc_column][\/vc_row]<\/p>\n<\/div>","protected":false},"excerpt":{"rendered":"<p>[vc_row css=\u00bb.vc_custom_1705948309161{margin-top: -20px !important;margin-bottom: 40px !important;background-image: url(https:\/\/espamob.com\/wp-content\/uploads\/2024\/01\/Jardineria.webp?id=22920) !important;}\u00bb conditional_render=\u00bb%5B%7B%22value_role%22%3A%22administrator%22%7D%5D\u00bb][vc_column css=\u00bb.vc_custom_1687965657482{padding-top: 30px !important;}\u00bb conditional_render=\u00bb%5B%7B%22value_role%22%3A%22administrator%22%7D%5D\u00bb][vc_empty_space height=\u00bb170&#8243;][vc_custom_heading text=\u00bbPr\u00e1cticas Erasmus: Jardiner\u00eda\u00bb font_container=\u00bbtag:h1|font_size:27|text_align:center|color:%23ffffff\u00bb use_theme_fonts=\u00bbyes\u00bb css=\u00bb.vc_custom_1706649698686{margin-bottom: 15px !important;background-color: rgba(136,136,136,0.29) !important;*background-color: rgb(136,136,136) !important;}\u00bb animation_type=\u00bbzoomIn\u00bb][vc_empty_space height=\u00bb40&#8243;][\/vc_column][\/vc_row][vc_row wrap_container=\u00bbyes\u00bb text_align=\u00bbjustify\u00bb][vc_column text_align=\u00bbjustify\u00bb][vc_column_text] Home Sectores de pr\u00e1cticas Movilidad sector agricultura, paisajismo y equino Pr\u00e1ctica Erasmus :\u00a0Jardiner\u00eda [\/vc_column_text][vc_custom_heading text=\u00bbPr\u00e1cticas Erasmus en jardiner\u00eda: una oportunidad para los estudiantes de<\/p>\n","protected":false},"author":2,"featured_media":0,"parent":12435,"menu_order":0,"comment_status":"closed","ping_status":"closed","template":"","meta":{"footnotes":""},"class_list":["post-22965","page","type-page","status-publish","hentry"],"_links":{"self":[{"href":"https:\/\/espamob.com\/es\/wp-json\/wp\/v2\/pages\/22965","targetHints":{"allow":["GET"]}}],"collection":[{"href":"https:\/\/espamob.com\/es\/wp-json\/wp\/v2\/pages"}],"about":[{"href":"https:\/\/espamob.com\/es\/wp-json\/wp\/v2\/types\/page"}],"author":[{"embeddable":true,"href":"https:\/\/espamob.com\/es\/wp-json\/wp\/v2\/users\/2"}],"replies":[{"embeddable":true,"href":"https:\/\/espamob.com\/es\/wp-json\/wp\/v2\/comments?post=22965"}],"version-history":[{"count":0,"href":"https:\/\/espamob.com\/es\/wp-json\/wp\/v2\/pages\/22965\/revisions"}],"up":[{"embeddable":true,"href":"https:\/\/espamob.com\/es\/wp-json\/wp\/v2\/pages\/12435"}],"wp:attachment":[{"href":"https:\/\/espamob.com\/es\/wp-json\/wp\/v2\/media?parent=22965"}],"curies":[{"name":"wp","href":"https:\/\/api.w.org\/{rel}","templated":true}]}}