{"id":22766,"date":"2023-08-18T00:00:00","date_gmt":"2023-08-18T00:00:00","guid":{"rendered":"https:\/\/www.espamob.com\/sectores-practicas-empresas-erasmusplus\/servicios-personales\/stage-erasmus-petite-enfance\/"},"modified":"2024-07-01T10:56:07","modified_gmt":"2024-07-01T10:56:07","slug":"practica-erasmus-primera-infancia","status":"publish","type":"page","link":"https:\/\/espamob.com\/es\/sectores-practicas-empresas-erasmusplus\/servicios-personales\/practica-erasmus-primera-infancia\/","title":{"rendered":"Stage Erasmus : Petite enfance"},"content":{"rendered":"<div class=\"wpb-content-wrapper\"><p>[vc_row css=\u00bb.vc_custom_1705342961713{margin-top: -20px !important;margin-bottom: 40px !important;background-image: url(https:\/\/espamob.com\/wp-content\/uploads\/2024\/01\/Primera-infancia.webp?id=22746) !important;}\u00bb conditional_render=\u00bb%5B%7B%22value_role%22%3A%22administrator%22%7D%5D\u00bb][vc_column css=\u00bb.vc_custom_1687965657482{padding-top: 30px !important;}\u00bb conditional_render=\u00bb%5B%7B%22value_role%22%3A%22administrator%22%7D%5D\u00bb][vc_empty_space height=\u00bb170&#8243;][vc_custom_heading text=\u00bbPr\u00e1cticas Erasmus: Primera infancia\u00bb font_container=\u00bbtag:h1|font_size:27|text_align:center|color:%23ffffff\u00bb use_theme_fonts=\u00bbyes\u00bb css=\u00bb.vc_custom_1705697995441{margin-bottom: 15px !important;background-color: rgba(136,136,136,0.29) !important;*background-color: rgb(136,136,136) !important;}\u00bb animation_type=\u00bbzoomIn\u00bb][vc_empty_space height=\u00bb40&#8243;][\/vc_column][\/vc_row][vc_row wrap_container=\u00bbyes\u00bb text_align=\u00bbjustify\u00bb][vc_column text_align=\u00bbjustify\u00bb][vc_column_text]<\/p>\n<nav aria-label=\"breadcrumb\">\n<ol class=\"breadcrumb\">\n<li class=\"breadcrumb-item\"><a href=\"https:\/\/espamob.com\/es\">Home<\/a><\/li>\n<li class=\"breadcrumb-item\"><a href=\"https:\/\/espamob.com\/es\/sectores-practicas-empresas-erasmusplus\">Sectores de pr\u00e1cticas<\/a><\/li>\n<li class=\"breadcrumb-item active\" aria-current=\"page\"><a href=\"https:\/\/espamob.com\/es\/sectores-practicas-empresas-erasmusplus\/servicios-personales\/\">Movilidad sector servicios personales<\/a><\/li>\n<li class=\"breadcrumb-item active\" aria-current=\"page\">Pr\u00e1ctica Erasmus : Primera infancia<\/li>\n<\/ol>\n<\/nav>\n<p>[\/vc_column_text][vc_custom_heading text=\u00bbPr\u00e1cticas Erasmus en Educaci\u00f3n Infantil: Intercambio y Aprendizaje para los Futuros Profesionales\u00bb use_theme_fonts=\u00bbyes\u00bb css=\u00bb.vc_custom_1719831176964{margin-top: 20px !important;}\u00bb][vc_separator][vc_row_inner][vc_column_inner width=\u00bb7\/12&#8243;][vc_column_text]<span style=\"font-weight: 400;\">El sector de la educaci\u00f3n infantil est\u00e1 en constante transformaci\u00f3n, exigiendo a los profesionales una adaptaci\u00f3n continua a los nuevos m\u00e9todos pedag\u00f3gicos y a las necesidades siempre cambiantes de los ni\u00f1os. Una pr\u00e1ctica Erasmus en Educaci\u00f3n Infantil representa una oportunidad invaluable para desarrollar competencias y adquirir una experiencia internacional.<\/span><\/p>\n<h2>\u00bfQu\u00e9 es la pr\u00e1ctica Erasmus en Educaci\u00f3n Infantil?<\/h2>\n<p><span style=\"font-weight: 400;\">La pr\u00e1ctica Erasmus en Educaci\u00f3n Infantil es una oportunidad ofrecida por el programa Erasmus+ de la Uni\u00f3n Europea, destinada a enriquecer las competencias de profesionales y estudiantes en el \u00e1mbito de la educaci\u00f3n y el cuidado de los ni\u00f1os peque\u00f1os. Esta pr\u00e1ctica permite a los participantes vivir una experiencia laboral en el extranjero, en instituciones especializadas en educaci\u00f3n infantil como guarder\u00edas, jardines de infancia y otras estructuras educativas.<\/span><\/p>\n<h3>Objetivos de la pr\u00e1ctica Erasmus en Educaci\u00f3n Infantil<\/h3>\n<p><span style=\"font-weight: 400;\">Los principales objetivos de esta pr\u00e1ctica Erasmus son:<\/span><\/p>\n<ul>\n<li><span style=\"font-weight: 400;\">Promover el intercambio de buenas pr\u00e1cticas entre profesionales de la educaci\u00f3n infantil.<\/span><\/li>\n<li><span style=\"font-weight: 400;\">Fortalecer la cooperaci\u00f3n transnacional en el \u00e1mbito de la educaci\u00f3n temprana.<\/span><\/li>\n<li><span style=\"font-weight: 400;\">Descubrir nuevos enfoques pedag\u00f3gicos y familiarizarse con nuevas metodolog\u00edas.<\/span><\/li>\n<li><span style=\"font-weight: 400;\">Sumergirse en entornos educativos diversos.<\/span><\/li>\n<\/ul>\n<h3>Financiaci\u00f3n de la pr\u00e1ctica Erasmus en Educaci\u00f3n Infantil<\/h3>\n<p><span style=\"font-weight: 400;\">El presupuesto para una pr\u00e1ctica Erasmus en Educaci\u00f3n Infantil es financiado por el programa Erasmus+. La beca otorgada a las instituciones puede variar en funci\u00f3n de varios factores, como el pa\u00eds de origen, el pa\u00eds de destino y la duraci\u00f3n de la movilidad. Son las propias instituciones las que presentan las solicitudes de becas para sus proyectos con el fin de cubrir los gastos asociados.<\/span>[\/vc_column_text][\/vc_column_inner][vc_column_inner width=\u00bb1\/12&#8243;][\/vc_column_inner][vc_column_inner width=\u00bb4\/12&#8243;][vc_single_image image=\u00bb18282&#8243; img_size=\u00bb400*400&#8243; alignment=\u00bbright\u00bb style=\u00bbvc_box_rounded\u00bb][vc_btn title=\u00bbVer m\u00e1s\u00bb style=\u00bbcustom\u00bb custom_background=\u00bb#e20000&#8243; custom_text=\u00bb#ffffff\u00bb align=\u00bbcenter\u00bb link=\u00bburl:https%3A%2F%2Fespamob.com%2Fes%2Fcontacto%2F|title:Contacto|target:_blank\u00bb][vc_video link=\u00bbhttps:\/\/www.youtube.com\/watch?v=zXcmpSY-iHo\u00bb align=\u00bbcenter\u00bb][\/vc_column_inner][\/vc_row_inner][vc_custom_heading text=\u00bbTestimonio de experiencia &#8211; Pr\u00e1cticas Erasmus en Educaci\u00f3n Infantil\u00bb font_container=\u00bbtag:h3|text_align:left\u00bb use_theme_fonts=\u00bbyes\u00bb css=\u00bb.vc_custom_1719831247128{margin-top: 20px !important;}\u00bb][vc_separator][vc_row_inner][vc_column_inner width=\u00bb7\/12&#8243;][vc_column_text]<span style=\"font-weight: 400;\">Para ilustrar las oportunidades ofrecidas por una pr\u00e1ctica Erasmus+ en Espa\u00f1a, presentamos el testimonio de tres aprendices francesas especializadas en educaci\u00f3n infantil:<\/span><\/p>\n<h3>Perfil de las estudiantes<\/h3>\n<p><span style=\"font-weight: 400;\">Conocemos a Oc\u00e9ane, Louise y Ma\u00eblysse, las tres aprendices en Bachillerato Profesional en Servicios a la Persona y al Territorio (SAPAT). Din\u00e1micas y apasionadas por el trabajo con ni\u00f1os, realizaron una pr\u00e1ctica en una escuela infantil. A continuaci\u00f3n, un resumen de su experiencia:<\/span><\/p>\n<h3>Destino de la pr\u00e1ctica<\/h3>\n<p><span style=\"font-weight: 400;\">En Barcelona, el equipo de Espamob coloc\u00f3 a estas aprendices en una escuela infantil durante dos semanas. Esta escuela estaba dispuesta a recibirlas con el objetivo de ense\u00f1arles las pr\u00e1cticas pedag\u00f3gicas de Espa\u00f1a.<\/span><\/p>\n<h3>Misiones durante la pr\u00e1ctica<\/h3>\n<ul>\n<li><span style=\"font-weight: 400;\">Ayudar a los docentes en la preparaci\u00f3n y organizaci\u00f3n de actividades pedag\u00f3gicas.<\/span><\/li>\n<li><span style=\"font-weight: 400;\">Velar por el bienestar de los ni\u00f1os.<\/span><\/li>\n<li><span style=\"font-weight: 400;\">Participar en juegos y actividades l\u00fadicas con los ni\u00f1os.<\/span><\/li>\n<li><span style=\"font-weight: 400;\">Asistir a los ni\u00f1os en las rutinas de higiene (lavado de manos, cepillado de dientes, etc.).<\/span><\/li>\n<li><span style=\"font-weight: 400;\">Participar en el vestirse y desvestirse de los ni\u00f1os si es necesario.<\/span><\/li>\n<\/ul>\n<h2>Ventajas de la pr\u00e1ctica Erasmus en Educaci\u00f3n Infantil<\/h2>\n<p><span style=\"font-weight: 400;\">Optar por una pr\u00e1ctica en Espa\u00f1a en el marco del programa Erasmus+ ofrece numerosos beneficios:<\/span><\/p>\n<ul>\n<li><b>Aprendizaje de la lengua y la cultura:<\/b><span style=\"font-weight: 400;\"> los estudiantes\/aprendices tienen la oportunidad de practicar un nuevo idioma y profundizar en su comprensi\u00f3n de la cultura de otro entorno y pa\u00eds.<\/span><\/li>\n<li><b>Inmersi\u00f3n total:<\/b><span style=\"font-weight: 400;\"> los estudiantes\/aprendices se benefician de una pr\u00e1ctica totalmente diferente en el extranjero, donde el modo de vida y el desarrollo del d\u00eda t\u00edpico var\u00edan seg\u00fan los pa\u00edses. En Espa\u00f1a, responder\u00e1n a las necesidades de los ni\u00f1os de una manera distinta a la practicada en Francia.<\/span><\/li>\n<li><b>Una experiencia \u00fanica en el extranjero:<\/b><span style=\"font-weight: 400;\"> permite fortalecer la capacidad de adaptaci\u00f3n y salir de la zona de confort, estas experiencias favorecen la madurez y refuerzan la confianza en s\u00ed mismos.<\/span><\/li>\n<\/ul>\n<p>[\/vc_column_text][\/vc_column_inner][vc_column_inner width=\u00bb1\/12&#8243;][\/vc_column_inner][vc_column_inner width=\u00bb4\/12&#8243;][vc_raw_html]JTNDZGl2JTIwc3R5bGUlM0QlMjJwYWRkaW5nJTNBJTIwMzBweCUzQmJhY2tncm91bmQtY29sb3IlM0ElMjAlMjNGNEY0RjQlM0IlMjIlM0UlMEElMjAlMjAlMjAlMjAlM0NoNCUzRURlc2N1YnJhJTIwdG9kb3MlMjBsb3MlMjBzZWN0b3JlcyUyMGRlJTIwcHIlQzMlQTFjdGljYXMlM0MlMkZoNCUzRSUwQSUyMCUyMCUyMCUyMCUzQ3AlM0VFc3BhbW9iJTIwZXMlMjBlc3BlY2lhbGlzdGElMjBlbiUyMGxhJTIwYXNlc29yJUMzJUFEYSUyMGRlJTIwZ3J1cG9zJTIwZW4lMjBzdSUyMG1vdmlsaWRhZCUyMEVyYXNtdXMlMkIuJTIwRGVzY3VicmUlMjBlbiUyMHVub3MlMjBwb2NvcyUyMGNsaWNzJTIwdG9kb3MlMjBsb3MlMjBzZWN0b3JlcyUyMGRlJTIwcHIlQzMlQTFjdGljYXMlMjBFcmFzbXVzJTIwZW4lMjBFc3BhJUMzJUIxYS4lM0MlMkZwJTNFJTBBJTIwJTIwJTIwJTIwJTNDYSUyMGNsYXNzJTNEJTIydmNfZ2VuZXJhbCUyMHZjX2J0bjMlMjB2Y19idG4zLXNpemUtbWQlMjB2Y19idG4zLXNoYXBlLWRlZmF1bHQlMjB2Y19idG4zLXN0eWxlLWN1c3RvbSUyMHdwYl9jdXN0b21fNjY4N2IyNmYzOTQ4OGRkYmI4NWRkYjNjMWNlOGUxMTElMjBidG4lMjIlMjBzdHlsZSUzRCUyMmJhY2tncm91bmQtY29sb3IlM0ElMjNlMjAwMDAlM0IlMjBjb2xvciUzQSUyM2ZmZmZmZiUzQiUyMGJhY2tncm91bmQtY29sb3IlM0ElMjNlMjAwMDAlM0IlMjBjb2xvciUzQSUyM2ZmZmZmZiUzQiUyMiUyMGhyZWYlM0QlMjJodHRwcyUzQSUyRiUyRnd3dy5lc3BhbW9iLmNvbSUyRmVzJTJGc2VjdG9yZXMtcHJhY3RpY2FzLWVtcHJlc2FzLWVyYXNtdXNwbHVzJTJGJTIyJTIwdGl0bGUlM0QlMjJTZWN0b3JlcyUyMGRlJTIwcHIlQzMlQTFjdGljYXMlMjIlMjB0YXJnZXQlM0QlMjJfYmxhbmslMjIlM0VEZXNjdWJyaXIlMjBsb3MlMjBzZWN0b3JlcyUzQyUyRmElM0UlMEElM0MlMkZkaXYlM0U=[\/vc_raw_html][vc_custom_heading text=\u00bbDescubre las opiniones de los participantes en Erasmus + :\u00bb font_container=\u00bbtag:h3|text_align:left\u00bb use_theme_fonts=\u00bbyes\u00bb css=\u00bb.vc_custom_1705698383751{margin-top: 20px !important;}\u00bb][vc_separator][vc_video link=\u00bbhttps:\/\/www.youtube.com\/watch?v=u39dLh9GgdA\u00bb align=\u00bbcenter\u00bb][\/vc_column_inner][\/vc_row_inner][\/vc_column][\/vc_row][vc_row][vc_column][vc_column_text]<\/p>\n<p>[\/vc_column_text][\/vc_column][\/vc_row][vc_row full_width=\u00bbstretch_row\u00bb wrap_container=\u00bbyes\u00bb is_section=\u00bbyes\u00bb css=\u00bb.vc_custom_1705698395996{border-top-width: 0px !important;padding-top: 15px !important;padding-bottom: 15px !important;background-color: #f8f392 !important;}\u00bb conditional_render=\u00bb%5B%7B%22value_role%22%3A%22administrator%22%7D%5D\u00bb][vc_column][vc_row_inner css=\u00bb.vc_custom_1688548648248{background-color: #f8f392 !important;}\u00bb][vc_column_inner][vc_custom_heading text=\u00bbSolicite un presupuesto gratuito\u00bb font_container=\u00bbtag:h2|text_align:center\u00bb use_theme_fonts=\u00bbyes\u00bb][vc_column_text]<\/p>\n<p style=\"text-align: justify;\">\u00bfTienes una idea para un proyecto Erasmus+ en Espa\u00f1a y est\u00e1s buscando un referente de confianza que te apoye? \u00a1<strong>Espamob<\/strong>\u2019 est\u00e1 aqu\u00ed para ayudarte! Te ofrecemos un presupuesto gratuito y sin compromiso para ayudarte a gestionar tu proyecto de movilidad. Gracias a nuestra experiencia y nuestra red de empresas asociadas, podemos ofrecerle soporte personalizado para satisfacer sus necesidades espec\u00edficas. Cont\u00e1ctenos ahora para hablar de su proyecto y obtener su presupuesto gratuito.<\/p>\n<p>[\/vc_column_text]<div id=\"modal-trg-txt-wrap-6464\" class=\"ult-modal-input-wrapper ult-adjust-bottom-margin    \" data-keypress-control=\"keypress-control-enable\" data-overlay-control=\"overlay-control-enable\"><style>\n\t\t\t\t\t.btn-modal.btn-id-69e77b5811ff01-12780019:hover {\n\t\t\t\t\t\tbackground-color: #e20000 !important;\n\t\t\t\t\t}\n\t\t\t\t\t<\/style><button  data-ultimate-target='#modal-trg-txt-wrap-6464 .btn-modal'  data-responsive-json-new='{\"font-size\":\"\",\"line-height\":\"\"}'  style=\"background:#888888;border-color:#888888;color:#ffffff; \" data-class-id=\"content-69e77b5811ff01-12780019\" class=\"btn-modal ult-responsive btn-primary btn-modal-md overlay-show ult-align-center btn-id-69e77b5811ff01-12780019\" data-overlay-class=\"overlay-cornerbottomleft\">SOLICITAR PRESUPUESTO GRATUITO<\/button><\/div>\n<div class=\"ult-overlay content-69e77b5811ff01-12780019 \" data-class=\"content-69e77b5811ff01-12780019\" id=\"button-click-overlay\" style=\"background:rgba(51,51,51,0.8); display:none;\">\n\t<div class=\"ult_modal ult-fade ult-medium\">\n\t\t<div id=\"ult-modal-wrap-8215\" class=\"ult_modal-content ult-hide\" style=\"border-style:solid;border-width:2px;border-radius:0px;border-color:#333333;\">\n\t\t\t<div class=\"ult_modal-header\" style=\"color:#333333;border-color:#333333;\">\n\t\t\t\t<h3  data-ultimate-target='#ult-modal-wrap-8215 .ult_modal-title'  data-responsive-json-new='{\"font-size\":\"\",\"line-height\":\"\"}'  class=\"ult_modal-title ult-responsive\">SOLICITAR PRESUPUESTO GRATUITO<\/h3>\n\t\t\t<\/div>\n\t\t\t<div  data-ultimate-target='#ult-modal-wrap-8215 .ult_modal-body'  data-responsive-json-new='{\"font-size\":\"\",\"line-height\":\"\"}'  class=\"ult_modal-body ult-responsive ult-html\" style=\"\">\n\t\t\t<\/p>\n<p>[caldera_form id=\u00bbCF6149c7d1c4417&#8243;]<\/p>\n<p>\n\t\t\t<\/div>\n\t<\/div>\n\t<\/div>\n\t<div class=\"ult-overlay-close top-right\" style=\"width:80px;height:80px; \"><div class=\"ult-overlay-close-inside\">Close<\/div><\/div>\n<\/div>[\/vc_column_inner][\/vc_row_inner][\/vc_column][\/vc_row][vc_row wrap_container=\u00bbyes\u00bb css=\u00bb.vc_custom_1689256499740{margin-top: 15px !important;}\u00bb conditional_render=\u00bb%5B%7B%22value_role%22%3A%22administrator%22%7D%5D\u00bb][vc_column][vc_custom_heading text=\u00bbPreguntas frecuentes\u00bb font_container=\u00bbtag:h2|text_align:center|color:%23000000&#8243; use_theme_fonts=\u00bbyes\u00bb][vc_separator][vc_row_inner][vc_column_inner width=\u00bb7\/12&#8243;][vc_column_text]<\/p>\n<h3>Cu\u00e1les son las ventajas de elegir Espamob para realizar una pr\u00e1ctica Erasmus en la Educaci\u00f3n Infantil?<\/h3>\n<p>Al optar por Espamob para realizar una pr\u00e1ctica Erasmus en la Educaci\u00f3n Infantil, obtienes el respaldo de una agencia especializada en la asesor\u00eda de grupos en este \u00e1mbito. Espamob te ayuda a crear un proyecto personalizado, a encontrar financiamientos adecuados y a ser recibido por universidades y empresas asociadas de calidad. Adem\u00e1s, Espamob se encarga de la b\u00fasqueda de alojamientos en el lugar y de la recepci\u00f3n en el aeropuerto, brind\u00e1ndote una experiencia libre de preocupaciones.<\/p>\n<h3>C\u00f3mo Espamob te ayuda a encontrar financiamiento para tu pr\u00e1ctica Erasmus en la Educaci\u00f3n Infantil?<\/h3>\n<p>Espamob cuenta con un equipo experimentado en la b\u00fasqueda de financiamiento para pr\u00e1cticas Erasmus en la Educaci\u00f3n Infantil. La agencia te acompa\u00f1a en la elaboraci\u00f3n de tu solicitud de financiamiento y te orienta en las diversas fuentes posibles, como las becas Erasmus, las subvenciones de la Uni\u00f3n Europea o asociaciones con empresas. Espamob se esfuerza por ayudarte a obtener los recursos financieros necesarios para llevar a cabo tu pr\u00e1ctica.<\/p>\n<h3>Cu\u00e1les son las garant\u00edas ofrecidas por Espamob para tu pr\u00e1ctica Erasmus en la Educaci\u00f3n Infantil?<\/h3>\n<p>Espamob te brinda varias garant\u00edas para asegurar el buen desarrollo de tu pr\u00e1ctica Erasmus en la Educaci\u00f3n Infantil. La agencia se compromete a acompa\u00f1arte de principio a fin, encarg\u00e1ndose de todos los aspectos log\u00edsticos de tu movilidad. Espamob selecciona socios de confianza, como universidades y empresas especializadas en Educaci\u00f3n Infantil, para garantizarte un entorno profesional de calidad. Adem\u00e1s, la agencia tambi\u00e9n realiza un seguimiento de tu pr\u00e1ctica y permanece disponible para atender tus necesidades y brindarte apoyo durante toda tu experiencia.[\/vc_column_text][\/vc_column_inner][vc_column_inner width=\u00bb1\/12&#8243;][\/vc_column_inner][vc_column_inner width=\u00bb4\/12&#8243;][vc_single_image image=\u00bb15074&#8243; img_size=\u00bbfull\u00bb][vc_column_text]<strong>Inf\u00f3rmate sobre los diferentes destinos Erasmus + en Espa\u00f1a :<\/strong><\/p>\n<ul>\n<li><a href=\"https:\/\/espamob.com\/es\/sectores-practicas-empresas-erasmusplus\/servicios-personales\/practica-erasmus-asistente-de-cuidados\/\">Pr\u00e1cticas Erasmus de Asistente de cuidados<\/a><\/li>\n<li><a href=\"https:\/\/espamob.com\/es\/sectores-practicas-empresas-erasmusplus\/servicios-personales\/stage-erasmus-asistencia-a-personas-mayores\/\">Pr\u00e1cticas Erasmus en Asistencia a personas mayores<\/a><\/li>\n<li><a href=\"https:\/\/espamob.com\/es\/sectores-practicas-empresas-erasmusplus\/servicios-personales\/practica-erasmus-asistente-de-guarderia\/\">Pr\u00e1cticas Erasmus Asistente de guarder\u00eda<\/a><\/li>\n<\/ul>\n<p>[\/vc_column_text][\/vc_column_inner][\/vc_row_inner][\/vc_column][\/vc_row]<\/p>\n<\/div>","protected":false},"excerpt":{"rendered":"<p>[vc_row css=\u00bb.vc_custom_1705342961713{margin-top: -20px !important;margin-bottom: 40px !important;background-image: url(https:\/\/espamob.com\/wp-content\/uploads\/2024\/01\/Primera-infancia.webp?id=22746) !important;}\u00bb conditional_render=\u00bb%5B%7B%22value_role%22%3A%22administrator%22%7D%5D\u00bb][vc_column css=\u00bb.vc_custom_1687965657482{padding-top: 30px !important;}\u00bb conditional_render=\u00bb%5B%7B%22value_role%22%3A%22administrator%22%7D%5D\u00bb][vc_empty_space height=\u00bb170&#8243;][vc_custom_heading text=\u00bbPr\u00e1cticas Erasmus: Primera infancia\u00bb font_container=\u00bbtag:h1|font_size:27|text_align:center|color:%23ffffff\u00bb use_theme_fonts=\u00bbyes\u00bb css=\u00bb.vc_custom_1705697995441{margin-bottom: 15px !important;background-color: rgba(136,136,136,0.29) !important;*background-color: rgb(136,136,136) !important;}\u00bb animation_type=\u00bbzoomIn\u00bb][vc_empty_space height=\u00bb40&#8243;][\/vc_column][\/vc_row][vc_row wrap_container=\u00bbyes\u00bb text_align=\u00bbjustify\u00bb][vc_column text_align=\u00bbjustify\u00bb][vc_column_text] Home Sectores de pr\u00e1cticas Movilidad sector servicios personales Pr\u00e1ctica Erasmus : Primera infancia [\/vc_column_text][vc_custom_heading text=\u00bbPr\u00e1cticas Erasmus en Educaci\u00f3n Infantil: Intercambio y Aprendizaje para<\/p>\n","protected":false},"author":2,"featured_media":0,"parent":12444,"menu_order":0,"comment_status":"closed","ping_status":"closed","template":"","meta":{"footnotes":""},"class_list":["post-22766","page","type-page","status-publish","hentry"],"_links":{"self":[{"href":"https:\/\/espamob.com\/es\/wp-json\/wp\/v2\/pages\/22766","targetHints":{"allow":["GET"]}}],"collection":[{"href":"https:\/\/espamob.com\/es\/wp-json\/wp\/v2\/pages"}],"about":[{"href":"https:\/\/espamob.com\/es\/wp-json\/wp\/v2\/types\/page"}],"author":[{"embeddable":true,"href":"https:\/\/espamob.com\/es\/wp-json\/wp\/v2\/users\/2"}],"replies":[{"embeddable":true,"href":"https:\/\/espamob.com\/es\/wp-json\/wp\/v2\/comments?post=22766"}],"version-history":[{"count":0,"href":"https:\/\/espamob.com\/es\/wp-json\/wp\/v2\/pages\/22766\/revisions"}],"up":[{"embeddable":true,"href":"https:\/\/espamob.com\/es\/wp-json\/wp\/v2\/pages\/12444"}],"wp:attachment":[{"href":"https:\/\/espamob.com\/es\/wp-json\/wp\/v2\/media?parent=22766"}],"curies":[{"name":"wp","href":"https:\/\/api.w.org\/{rel}","templated":true}]}}