{"id":22762,"date":"2023-08-18T00:00:00","date_gmt":"2023-08-18T00:00:00","guid":{"rendered":"https:\/\/www.espamob.com\/sectores-practicas-empresas-erasmusplus\/servicios-personales\/stage-erasmus-assistance-maternelle\/"},"modified":"2024-01-21T13:59:38","modified_gmt":"2024-01-21T13:59:38","slug":"practica-erasmus-asistente-de-guarderia","status":"publish","type":"page","link":"https:\/\/espamob.com\/es\/sectores-practicas-empresas-erasmusplus\/servicios-personales\/practica-erasmus-asistente-de-guarderia\/","title":{"rendered":"Stage Erasmus : Assistance maternelle"},"content":{"rendered":"<div class=\"wpb-content-wrapper\"><p>[vc_row css=\u00bb.vc_custom_1705342960376{margin-top: -20px !important;margin-bottom: 40px !important;background-image: url(https:\/\/espamob.com\/wp-content\/uploads\/2024\/01\/Asistencia-a-la-maternidad.webp?id=22741) !important;}\u00bb conditional_render=\u00bb%5B%7B%22value_role%22%3A%22administrator%22%7D%5D\u00bb][vc_column css=\u00bb.vc_custom_1687965657482{padding-top: 30px !important;}\u00bb conditional_render=\u00bb%5B%7B%22value_role%22%3A%22administrator%22%7D%5D\u00bb][vc_empty_space height=\u00bb170&#8243;][vc_custom_heading text=\u00bbPr\u00e1cticas Erasmus: Asistente de guarder\u00eda\u00bb font_container=\u00bbtag:h1|font_size:27|text_align:center|color:%23ffffff\u00bb use_theme_fonts=\u00bbyes\u00bb css=\u00bb.vc_custom_1705690314866{margin-bottom: 15px !important;background-color: rgba(136,136,136,0.29) !important;*background-color: rgb(136,136,136) !important;}\u00bb animation_type=\u00bbzoomIn\u00bb][vc_empty_space height=\u00bb40&#8243;][\/vc_column][\/vc_row][vc_row wrap_container=\u00bbyes\u00bb text_align=\u00bbjustify\u00bb][vc_column text_align=\u00bbjustify\u00bb][vc_column_text]<\/p>\n<nav aria-label=\"breadcrumb\">\n<ol class=\"breadcrumb\">\n<li class=\"breadcrumb-item\"><a href=\"https:\/\/espamob.com\/es\">Home<\/a><\/li>\n<li class=\"breadcrumb-item\"><a href=\"https:\/\/espamob.com\/es\/sectores-practicas-empresas-erasmusplus\">Sectores de pr\u00e1cticas<\/a><\/li>\n<li class=\"breadcrumb-item active\" aria-current=\"page\"><a href=\"https:\/\/espamob.com\/es\/sectores-practicas-empresas-erasmusplus\/servicios-personales\/\">Movilidad sector servicios personales<\/a><\/li>\n<li class=\"breadcrumb-item active\" aria-current=\"page\">Pr\u00e1ctica Erasmus : Asistente de guarder\u00eda<\/li>\n<\/ol>\n<\/nav>\n<p>[\/vc_column_text][vc_custom_heading text=\u00bbUna estancia Erasmus como asistente de guarder\u00eda: una experiencia gratificante\u00bb use_theme_fonts=\u00bbyes\u00bb css=\u00bb.vc_custom_1705690285273{margin-top: 20px !important;}\u00bb][vc_separator][vc_row_inner][vc_column_inner width=\u00bb7\/12&#8243;][vc_column_text]El programa Erasmus es conocido por ofrecer a los estudiantes la oportunidad de estudiar o trabajar en el extranjero. Una de las opciones para adquirir experiencia profesional en el campo de la primera infancia es la <strong>pr\u00e1ctica Erasmus como<\/strong> <strong>asistente de guarder\u00eda<\/strong>. Este art\u00edculo brindar\u00e1 una visi\u00f3n general de las tareas y responsabilidades que recaen sobre el asistente materno, as\u00ed como las habilidades a desarrollar durante esta pr\u00e1ctica.<\/p>\n<h2>Las responsabilidades del asistente de guarder\u00eda<\/h2>\n<p>La asistente de guarder\u00eda desempe\u00f1a un papel importante en el desarrollo de los ni\u00f1os de 0 a 6 a\u00f1os. Sus principales responsabilidades son:<\/p>\n<ol>\n<li>Acoger, supervisar y cuidar a los ni\u00f1os.<\/li>\n<li>Crear un entorno seguro y adaptado al desarrollo de los ni\u00f1os.<\/li>\n<li>Participar en el despertar y el desarrollo psicomotor y afectivo de los ni\u00f1os mediante actividades educativas, l\u00fadicas y creativas.<\/li>\n<li>Garantizar su bienestar, especialmente cuidando de su higiene y alimentaci\u00f3n.<\/li>\n<li>Colaborar con los padres y otros profesionales que intervienen con los ni\u00f1os (educadores especializados, psic\u00f3logos, etc.).<\/li>\n<\/ol>\n<p>Es importante destacar que las responsabilidades del asistente materno pueden variar seg\u00fan el contexto y las especificidades de la pr\u00e1ctica Erasmus. Sin embargo, estas responsabilidades suelen ser compartidas por los asistentes maternos, independientemente del pa\u00eds de acogida.<\/p>\n<h2>Las habilidades necesarias para una pr\u00e1ctica como asistente de guarder\u00eda<\/h2>\n<p>La pr\u00e1ctica Erasmus como asistente de guarder\u00eda requiere diversas habilidades y cualidades:<\/p>\n<ul>\n<li><strong>Empat\u00eda<\/strong>: la asistente materno debe ser capaz de establecer una relaci\u00f3n segura con los ni\u00f1os, basada en la confianza y el respeto.<\/li>\n<li><strong>Pedagog\u00eda<\/strong>: saber proponer actividades adaptadas a las necesidades y al nivel de desarrollo de cada ni\u00f1o es esencial. La pr\u00e1ctica permitir\u00e1 desarrollar esta habilidad gracias a la diversidad de situaciones encontradas.<\/li>\n<li><strong>Adaptabilidad<\/strong>: frente a lo imprevisto, la asistente materno debe saber reaccionar r\u00e1pidamente y de manera efectiva, manteniendo la calma. Esta capacidad se pondr\u00e1 a prueba, especialmente durante una pr\u00e1ctica en el extranjero.<\/li>\n<li><strong>Comunicaci\u00f3n<\/strong>: es importante ser capaz de comunicarse de manera clara y sencilla con los ni\u00f1os, pero tambi\u00e9n con sus padres y otros profesionales involucrados. El dominio del idioma del pa\u00eds de acogida ser\u00e1 crucial.<\/li>\n<\/ul>\n<h3>Trabajar en un contexto internacional: los beneficios de la pr\u00e1ctica Erasmus<\/h3>\n<p>Realizar una pr\u00e1ctica Erasmus como asistente de guarder\u00eda ofrece varias ventajas significativas:<\/p>\n<ol>\n<li><strong>Descubrir una nueva cultura<\/strong>: estar inmerso en otro pa\u00eds permite ampliar horizontes y enriquecerse a nivel personal y profesional.<\/li>\n<li><strong>Mejorar las habilidades ling\u00fc\u00edsticas<\/strong>: la pr\u00e1ctica diaria del idioma del pa\u00eds de acogida facilita en gran medida el aprendizaje y dominio del mismo.<\/li>\n<li><strong>Desarrollar la red profesional<\/strong>: interactuar con profesionales extranjeros permite intercambiar pr\u00e1cticas, as\u00ed como establecer contactos que pueden ser \u00fatiles para futuras carreras.<\/li>\n<li><strong>Adquirir una experiencia valorada por los empleadores<\/strong>: una pr\u00e1ctica en el extranjero suele percibirse como un activo en un curr\u00edculum vitae, demostrando la capacidad de adaptaci\u00f3n y apertura de mente.<\/li>\n<\/ol>\n<p>[\/vc_column_text][\/vc_column_inner][vc_column_inner width=\u00bb1\/12&#8243;][\/vc_column_inner][vc_column_inner width=\u00bb4\/12&#8243;][vc_single_image image=\u00bb18127&#8243; img_size=\u00bb400*400&#8243; alignment=\u00bbright\u00bb style=\u00bbvc_box_rounded\u00bb][vc_btn title=\u00bbVer m\u00e1s\u00bb style=\u00bbcustom\u00bb custom_background=\u00bb#e20000&#8243; custom_text=\u00bb#ffffff\u00bb align=\u00bbcenter\u00bb link=\u00bburl:https%3A%2F%2Fespamob.com%2Fes%2Fcontacto%2F|title:Contacto|target:_blank\u00bb][\/vc_column_inner][\/vc_row_inner][vc_custom_heading text=\u00bb\u00bfC\u00f3mo puedo encontrar un puesto de trabajo Erasmus como asistente de guarder\u00eda?\u00bb font_container=\u00bbtag:h3|text_align:left\u00bb use_theme_fonts=\u00bbyes\u00bb css=\u00bb.vc_custom_1705690689592{margin-top: 20px !important;}\u00bb][vc_separator][vc_row_inner][vc_column_inner width=\u00bb7\/12&#8243;][vc_column_text]Para postular a una pr\u00e1ctica Erasmus como asistente de guarder\u00eda, es necesario seguir algunos pasos:<\/p>\n<ol>\n<li><strong>Informarse en la instituci\u00f3n educativa<\/strong>: las escuelas especializadas en la primera infancia pueden ofrecer asociaciones con estructuras extranjeras. Por lo tanto, es importante obtener informaci\u00f3n del servicio de relaciones internacionales.<\/li>\n<li><strong>Consultar las ofertas en plataformas especializadas<\/strong>: varios sitios web recopilan ofertas de pr\u00e1cticas Erasmus en diferentes campos, incluyendo la primera infancia. Se recomienda revisar regularmente estas plataformas para no perder oportunidades.<\/li>\n<li><strong>Preparar el expediente de solicitud<\/strong>: es crucial cuidar la carta de motivaci\u00f3n y el curr\u00edculum, destacando las habilidades y experiencias relevantes para el puesto de asistente materno.<\/li>\n<li><strong>Prepararse para las entrevistas<\/strong>: una entrevista, a menudo realizada a trav\u00e9s de una videoconferencia, permitir\u00e1 verificar tu nivel de idioma y evaluar tus motivaciones para la pr\u00e1ctica Erasmus.<\/li>\n<\/ol>\n<p>En resumen, la pr\u00e1ctica Erasmus como asistente de guarder\u00eda es una experiencia enriquecedora que permite adquirir habilidades profesionales mientras se desarrolla la adaptabilidad y la apertura de mente. Es importante prepararse bien de antemano para maximizar las posibilidades de \u00e9xito.[\/vc_column_text][\/vc_column_inner][vc_column_inner width=\u00bb1\/12&#8243;][\/vc_column_inner][vc_column_inner width=\u00bb4\/12&#8243;][vc_raw_html]JTNDZGl2JTIwc3R5bGUlM0QlMjJwYWRkaW5nJTNBJTIwMzBweCUzQmJhY2tncm91bmQtY29sb3IlM0ElMjAlMjNGNEY0RjQlM0IlMjIlM0UlMEElMjAlMjAlMjAlMjAlM0NoNCUzRURlc2N1YnJhJTIwdG9kb3MlMjBsb3MlMjBzZWN0b3JlcyUyMGRlJTIwcHIlQzMlQTFjdGljYXMlM0MlMkZoNCUzRSUwQSUyMCUyMCUyMCUyMCUzQ3AlM0VFc3BhbW9iJTIwZXMlMjBlc3BlY2lhbGlzdGElMjBlbiUyMGxhJTIwYXNlc29yJUMzJUFEYSUyMGRlJTIwZ3J1cG9zJTIwZW4lMjBzdSUyMG1vdmlsaWRhZCUyMEVyYXNtdXMlMkIuJTIwRGVzY3VicmUlMjBlbiUyMHVub3MlMjBwb2NvcyUyMGNsaWNzJTIwdG9kb3MlMjBsb3MlMjBzZWN0b3JlcyUyMGRlJTIwcHIlQzMlQTFjdGljYXMlMjBFcmFzbXVzJTIwZW4lMjBFc3BhJUMzJUIxYS4lM0MlMkZwJTNFJTBBJTIwJTIwJTIwJTIwJTNDYSUyMGNsYXNzJTNEJTIydmNfZ2VuZXJhbCUyMHZjX2J0bjMlMjB2Y19idG4zLXNpemUtbWQlMjB2Y19idG4zLXNoYXBlLWRlZmF1bHQlMjB2Y19idG4zLXN0eWxlLWN1c3RvbSUyMHdwYl9jdXN0b21fNjY4N2IyNmYzOTQ4OGRkYmI4NWRkYjNjMWNlOGUxMTElMjBidG4lMjIlMjBzdHlsZSUzRCUyMmJhY2tncm91bmQtY29sb3IlM0ElMjNlMjAwMDAlM0IlMjBjb2xvciUzQSUyM2ZmZmZmZiUzQiUyMGJhY2tncm91bmQtY29sb3IlM0ElMjNlMjAwMDAlM0IlMjBjb2xvciUzQSUyM2ZmZmZmZiUzQiUyMiUyMGhyZWYlM0QlMjJodHRwcyUzQSUyRiUyRnd3dy5lc3BhbW9iLmNvbSUyRmVzJTJGc2VjdG9yZXMtcHJhY3RpY2FzLWVtcHJlc2FzLWVyYXNtdXNwbHVzJTJGJTIyJTIwdGl0bGUlM0QlMjJTZWN0b3JlcyUyMGRlJTIwcHIlQzMlQTFjdGljYXMlMjIlMjB0YXJnZXQlM0QlMjJfYmxhbmslMjIlM0VEZXNjdWJyaXIlMjBsb3MlMjBzZWN0b3JlcyUzQyUyRmElM0UlMEElM0MlMkZkaXYlM0U=[\/vc_raw_html][vc_custom_heading text=\u00bbDescubre las opiniones de los participantes en Erasmus + :\u00bb font_container=\u00bbtag:h3|text_align:left\u00bb use_theme_fonts=\u00bbyes\u00bb css=\u00bb.vc_custom_1705690820508{margin-top: 20px !important;}\u00bb][vc_separator][vc_video link=\u00bbhttps:\/\/www.youtube.com\/watch?v=Dx1jPHXroSQ\u00bb align=\u00bbcenter\u00bb][\/vc_column_inner][\/vc_row_inner][\/vc_column][\/vc_row][vc_row full_width=\u00bbstretch_row\u00bb wrap_container=\u00bbyes\u00bb is_section=\u00bbyes\u00bb css=\u00bb.vc_custom_1705690834422{border-top-width: 0px !important;padding-top: 15px !important;padding-bottom: 15px !important;background-color: #f8f392 !important;}\u00bb conditional_render=\u00bb%5B%7B%22value_role%22%3A%22administrator%22%7D%5D\u00bb][vc_column][vc_row_inner css=\u00bb.vc_custom_1688548648248{background-color: #f8f392 !important;}\u00bb][vc_column_inner][vc_custom_heading text=\u00bbSolicite un presupuesto gratuito\u00bb font_container=\u00bbtag:h2|text_align:center\u00bb use_theme_fonts=\u00bbyes\u00bb][vc_column_text]<\/p>\n<p style=\"text-align: justify;\">\u00bfTienes una idea para un proyecto Erasmus+ en Espa\u00f1a y est\u00e1s buscando un referente de confianza que te apoye? \u00a1<strong>Espamob<\/strong>\u2019 est\u00e1 aqu\u00ed para ayudarte! Te ofrecemos un presupuesto gratuito y sin compromiso para ayudarte a gestionar tu proyecto de movilidad. Gracias a nuestra experiencia y nuestra red de empresas asociadas, podemos ofrecerle soporte personalizado para satisfacer sus necesidades espec\u00edficas. Cont\u00e1ctenos ahora para hablar de su proyecto y obtener su presupuesto gratuito.<\/p>\n<p>[\/vc_column_text]<div id=\"modal-trg-txt-wrap-6467\" class=\"ult-modal-input-wrapper ult-adjust-bottom-margin    \" data-keypress-control=\"keypress-control-enable\" data-overlay-control=\"overlay-control-enable\"><style>\n\t\t\t\t\t.btn-modal.btn-id-69d46dce2c29d6-51104014:hover {\n\t\t\t\t\t\tbackground-color: #e20000 !important;\n\t\t\t\t\t}\n\t\t\t\t\t<\/style><button  data-ultimate-target='#modal-trg-txt-wrap-6467 .btn-modal'  data-responsive-json-new='{\"font-size\":\"\",\"line-height\":\"\"}'  style=\"background:#888888;border-color:#888888;color:#ffffff; \" data-class-id=\"content-69d46dce2c29d6-51104014\" class=\"btn-modal ult-responsive btn-primary btn-modal-md overlay-show ult-align-center btn-id-69d46dce2c29d6-51104014\" data-overlay-class=\"overlay-cornerbottomleft\">SOLICITAR PRESUPUESTO GRATUITO<\/button><\/div>\n<div class=\"ult-overlay content-69d46dce2c29d6-51104014 \" data-class=\"content-69d46dce2c29d6-51104014\" id=\"button-click-overlay\" style=\"background:rgba(51,51,51,0.8); display:none;\">\n\t<div class=\"ult_modal ult-fade ult-medium\">\n\t\t<div id=\"ult-modal-wrap-2012\" class=\"ult_modal-content ult-hide\" style=\"border-style:solid;border-width:2px;border-radius:0px;border-color:#333333;\">\n\t\t\t<div class=\"ult_modal-header\" style=\"color:#333333;border-color:#333333;\">\n\t\t\t\t<h3  data-ultimate-target='#ult-modal-wrap-2012 .ult_modal-title'  data-responsive-json-new='{\"font-size\":\"\",\"line-height\":\"\"}'  class=\"ult_modal-title ult-responsive\">SOLICITAR PRESUPUESTO GRATUITO<\/h3>\n\t\t\t<\/div>\n\t\t\t<div  data-ultimate-target='#ult-modal-wrap-2012 .ult_modal-body'  data-responsive-json-new='{\"font-size\":\"\",\"line-height\":\"\"}'  class=\"ult_modal-body ult-responsive ult-html\" style=\"\">\n\t\t\t<\/p>\n<p>[caldera_form id=\u00bbCF6149c7d1c4417&#8243;]<\/p>\n<p>\n\t\t\t<\/div>\n\t<\/div>\n\t<\/div>\n\t<div class=\"ult-overlay-close top-right\" style=\"width:80px;height:80px; \"><div class=\"ult-overlay-close-inside\">Close<\/div><\/div>\n<\/div>[\/vc_column_inner][\/vc_row_inner][\/vc_column][\/vc_row][vc_row wrap_container=\u00bbyes\u00bb css=\u00bb.vc_custom_1689256499740{margin-top: 15px !important;}\u00bb conditional_render=\u00bb%5B%7B%22value_role%22%3A%22administrator%22%7D%5D\u00bb][vc_column][vc_custom_heading text=\u00bbPreguntas frecuentes\u00bb font_container=\u00bbtag:h2|text_align:center|color:%23000000&#8243; use_theme_fonts=\u00bbyes\u00bb][vc_separator][vc_row_inner][vc_column_inner width=\u00bb7\/12&#8243;][vc_column_text]<\/p>\n<h3>\u00bfQu\u00e9 servicios ofrece Espamob para los grupos que desean realizar una pr\u00e1ctica Erasmus en Espa\u00f1a?<\/h3>\n<p>Espamob ofrece asistencia completa para los grupos que desean realizar una pr\u00e1ctica Erasmus en Espa\u00f1a. Gestionan los proyectos de principio a fin, ayudando en la creaci\u00f3n del proyecto, la b\u00fasqueda de financiamiento, la recepci\u00f3n en universidades y empresas asociadas, as\u00ed como en la b\u00fasqueda de alojamientos en el lugar y el traslado de los grupos desde el aeropuerto.<\/p>\n<h3>\u00bfCu\u00e1les son las ventajas de recurrir a Espamob para realizar una pr\u00e1ctica Erasmus en Espa\u00f1a?<\/h3>\n<p>Recibir la asistencia de Espamob para llevar a cabo una pr\u00e1ctica Erasmus en Espa\u00f1a tiene varias ventajas. La agencia se encarga de todos los tr\u00e1mites administrativos y log\u00edsticos, lo que permite que los grupos se centren en su proyecto y su experiencia en el extranjero. Adem\u00e1s, Espamob cuenta con una red de socios confiables y experimentados, garantizando as\u00ed una experiencia de pr\u00e1ctica de calidad.<\/p>\n<h3>\u00bfEspamob ofrece tambi\u00e9n asistencia para pr\u00e1cticas relacionadas con la asistencia de guarder\u00eda?<\/h3>\n<p>S\u00ed, Espamob tambi\u00e9n ofrece asistencia para pr\u00e1cticas relacionadas con la asistencia materna. La agencia puede ayudar a los grupos a encontrar empresas asociadas especializadas en este campo, as\u00ed como a organizar la recepci\u00f3n y el acompa\u00f1amiento de los becarios. Espamob se adapta a las necesidades espec\u00edficas de cada grupo y hace todo lo posible para asegurar una experiencia de pr\u00e1ctica enriquecedora en el campo de la asistencia materna en Espa\u00f1a.[\/vc_column_text][\/vc_column_inner][vc_column_inner width=\u00bb1\/12&#8243;][\/vc_column_inner][vc_column_inner width=\u00bb4\/12&#8243;][vc_single_image image=\u00bb15074&#8243; img_size=\u00bbfull\u00bb][vc_column_text]<strong>Inf\u00f3rmate sobre los diferentes destinos Erasmus + en Espa\u00f1a :<\/strong><\/p>\n<ul>\n<li><a href=\"https:\/\/espamob.com\/es\/sectores-practicas-empresas-erasmusplus\/servicios-personales\/practica-erasmus-asistente-de-cuidados\/\">Pr\u00e1cticas Erasmus de Asistente de cuidados<\/a><\/li>\n<li><a href=\"https:\/\/espamob.com\/es\/sectores-practicas-empresas-erasmusplus\/servicios-personales\/stage-erasmus-asistencia-a-personas-mayores\/\">Pr\u00e1cticas Erasmus en Asistencia a personas mayores<\/a><\/li>\n<li><a href=\"https:\/\/espamob.com\/es\/sectores-practicas-empresas-erasmusplus\/servicios-personales\/practica-erasmus-primera-infancia\/\">Pr\u00e1cticas Erasmus Primera infancia<\/a><\/li>\n<\/ul>\n<p>[\/vc_column_text][\/vc_column_inner][\/vc_row_inner][\/vc_column][\/vc_row]<\/p>\n<\/div>","protected":false},"excerpt":{"rendered":"<p>[vc_row css=\u00bb.vc_custom_1705342960376{margin-top: -20px !important;margin-bottom: 40px !important;background-image: url(https:\/\/espamob.com\/wp-content\/uploads\/2024\/01\/Asistencia-a-la-maternidad.webp?id=22741) !important;}\u00bb conditional_render=\u00bb%5B%7B%22value_role%22%3A%22administrator%22%7D%5D\u00bb][vc_column css=\u00bb.vc_custom_1687965657482{padding-top: 30px !important;}\u00bb conditional_render=\u00bb%5B%7B%22value_role%22%3A%22administrator%22%7D%5D\u00bb][vc_empty_space height=\u00bb170&#8243;][vc_custom_heading text=\u00bbPr\u00e1cticas Erasmus: Asistente de guarder\u00eda\u00bb font_container=\u00bbtag:h1|font_size:27|text_align:center|color:%23ffffff\u00bb use_theme_fonts=\u00bbyes\u00bb css=\u00bb.vc_custom_1705690314866{margin-bottom: 15px !important;background-color: rgba(136,136,136,0.29) !important;*background-color: rgb(136,136,136) !important;}\u00bb animation_type=\u00bbzoomIn\u00bb][vc_empty_space height=\u00bb40&#8243;][\/vc_column][\/vc_row][vc_row wrap_container=\u00bbyes\u00bb text_align=\u00bbjustify\u00bb][vc_column text_align=\u00bbjustify\u00bb][vc_column_text] Home Sectores de pr\u00e1cticas Movilidad sector servicios personales Pr\u00e1ctica Erasmus : Asistente de guarder\u00eda [\/vc_column_text][vc_custom_heading text=\u00bbUna estancia Erasmus como asistente de guarder\u00eda:<\/p>\n","protected":false},"author":2,"featured_media":0,"parent":12444,"menu_order":0,"comment_status":"closed","ping_status":"closed","template":"","meta":{"footnotes":""},"class_list":["post-22762","page","type-page","status-publish","hentry"],"_links":{"self":[{"href":"https:\/\/espamob.com\/es\/wp-json\/wp\/v2\/pages\/22762","targetHints":{"allow":["GET"]}}],"collection":[{"href":"https:\/\/espamob.com\/es\/wp-json\/wp\/v2\/pages"}],"about":[{"href":"https:\/\/espamob.com\/es\/wp-json\/wp\/v2\/types\/page"}],"author":[{"embeddable":true,"href":"https:\/\/espamob.com\/es\/wp-json\/wp\/v2\/users\/2"}],"replies":[{"embeddable":true,"href":"https:\/\/espamob.com\/es\/wp-json\/wp\/v2\/comments?post=22762"}],"version-history":[{"count":0,"href":"https:\/\/espamob.com\/es\/wp-json\/wp\/v2\/pages\/22762\/revisions"}],"up":[{"embeddable":true,"href":"https:\/\/espamob.com\/es\/wp-json\/wp\/v2\/pages\/12444"}],"wp:attachment":[{"href":"https:\/\/espamob.com\/es\/wp-json\/wp\/v2\/media?parent=22762"}],"curies":[{"name":"wp","href":"https:\/\/api.w.org\/{rel}","templated":true}]}}