{"id":22577,"date":"2023-08-14T00:00:00","date_gmt":"2023-08-14T00:00:00","guid":{"rendered":"https:\/\/www.espamob.com\/sectores-practicas-empresas-erasmusplus\/construccion\/stage-erasmus-plomberie\/"},"modified":"2024-02-09T14:37:13","modified_gmt":"2024-02-09T14:37:13","slug":"practica-erasmus-fontaneria","status":"publish","type":"page","link":"https:\/\/espamob.com\/es\/sectores-practicas-empresas-erasmusplus\/construccion\/practica-erasmus-fontaneria\/","title":{"rendered":"Stage Erasmus : Plomberie"},"content":{"rendered":"<div class=\"wpb-content-wrapper\"><p>[vc_row css=\u00bb.vc_custom_1705069641058{margin-top: -20px !important;margin-bottom: 40px !important;background-image: url(https:\/\/espamob.com\/wp-content\/uploads\/2024\/01\/Fontaneria.webp?id=22567) !important;}\u00bb conditional_render=\u00bb%5B%7B%22value_role%22%3A%22administrator%22%7D%5D\u00bb][vc_column css=\u00bb.vc_custom_1687965657482{padding-top: 30px !important;}\u00bb conditional_render=\u00bb%5B%7B%22value_role%22%3A%22administrator%22%7D%5D\u00bb][vc_empty_space height=\u00bb170&#8243;][vc_custom_heading text=\u00bbPr\u00e1ctica Erasmus: Fontaner\u00eda\u00bb font_container=\u00bbtag:h1|font_size:27|text_align:center|color:%23ffffff\u00bb use_theme_fonts=\u00bbyes\u00bb css=\u00bb.vc_custom_1705170336003{margin-bottom: 15px !important;background-color: rgba(136,136,136,0.29) !important;*background-color: rgb(136,136,136) !important;}\u00bb animation_type=\u00bbzoomIn\u00bb][vc_empty_space height=\u00bb40&#8243;][\/vc_column][\/vc_row][vc_row wrap_container=\u00bbyes\u00bb text_align=\u00bbjustify\u00bb][vc_column text_align=\u00bbjustify\u00bb][vc_column_text]<\/p>\n<nav aria-label=\"breadcrumb\">\n<ol class=\"breadcrumb\">\n<li class=\"breadcrumb-item\"><a href=\"https:\/\/espamob.com\/es\">Home<\/a><\/li>\n<li class=\"breadcrumb-item\"><a href=\"https:\/\/espamob.com\/es\/sectores-practicas-empresas-erasmusplus\">Sectores de pr\u00e1cticas<\/a><\/li>\n<li class=\"breadcrumb-item active\" aria-current=\"page\"><a href=\"https:\/\/espamob.com\/es\/sectores-practicas-empresas-erasmusplus\/construccion\/\">Movilidad en el sector de la construcci\u00f3n<\/a><\/li>\n<li class=\"breadcrumb-item active\" aria-current=\"page\">Pr\u00e1ctica Erasmus : Fontaner\u00eda<\/li>\n<\/ol>\n<\/nav>\n<p>[\/vc_column_text][vc_custom_heading text=\u00bbPr\u00e1ctica Erasmus en fontaner\u00eda: una experiencia gratificante\u00bb use_theme_fonts=\u00bbyes\u00bb css=\u00bb.vc_custom_1705171130838{margin-top: 20px !important;}\u00bb][vc_separator][vc_row_inner][vc_column_inner width=\u00bb7\/12&#8243;][vc_column_text]La <strong>pr\u00e1ctica Erasmus en Fontaner\u00eda<\/strong> brinda una oportunidad \u00fanica a estudiantes y profesionales del sector de la fontaner\u00eda. Este programa les permite adquirir nuevas habilidades y descubrir otras formas de trabajar sumergi\u00e9ndose en el coraz\u00f3n de las profesiones de la construcci\u00f3n en el extranjero. En este art\u00edculo, descubra los beneficios de esta experiencia sin igual y aprenda c\u00f3mo optimizar su pr\u00e1ctica para obtener el m\u00e1ximo beneficio.<\/p>\n<h2>Un aprendizaje de calidad y diversificado<\/h2>\n<p>La pr\u00e1ctica Erasmus en Fontaner\u00eda brinda una formaci\u00f3n de calidad a sus participantes, permiti\u00e9ndoles adquirir habilidades espec\u00edficas en varios campos de la fontaner\u00eda. Entre estos campos, se incluyen:<\/p>\n<ul>\n<li><strong>Instalaci\u00f3n sanitaria<\/strong>: Colocaci\u00f3n y mantenimiento de tuber\u00edas, conexiones y equipos sanitarios (lavabos, duchas, inodoros, etc.)<\/li>\n<li><strong>Calefacci\u00f3n<\/strong>: Instalaci\u00f3n, ajuste y mantenimiento de sistemas de calefacci\u00f3n central y dispositivos de aire acondicionado<\/li>\n<li><strong>Cincelado<\/strong>: Trabajo del zinc y otros metales para la realizaci\u00f3n de canalones, canalones y elementos de cubierta<\/li>\n<li><strong>Gesti\u00f3n del agua<\/strong>: Dise\u00f1o, instalaci\u00f3n y mantenimiento de sistemas de suministro, tratamiento y evacuaci\u00f3n de agua<\/li>\n<\/ul>\n<p>De esta manera, los becarios tienen la oportunidad de aprender de profesionales experimentados y poner en pr\u00e1ctica sus conocimientos en un entorno de trabajo concreto.<\/p>\n<h3>Una experiencia internacional valiosa<\/h3>\n<p>El programa Erasmus permite a los participantes realizar su pr\u00e1ctica en una empresa ubicada en uno de los pa\u00edses miembros de la Uni\u00f3n Europea. Esta experiencia internacional ofrece numerosos beneficios:<\/p>\n<h3>Descubrimiento de nuevas metodolog\u00edas de trabajo<\/h3>\n<p>Una pr\u00e1ctica en el extranjero es una oportunidad \u00fanica para descubrir c\u00f3mo se practica la fontaner\u00eda en otros pa\u00edses y abrirse a nuevas t\u00e9cnicas de trabajo. Los becarios pueden aprender as\u00ed nuevas metodolog\u00edas y herramientas que luego podr\u00e1n utilizar en su carrera profesional.<\/p>\n<h3>Mejora de las habilidades ling\u00fc\u00edsticas<\/h3>\n<p>Trabajar en un pa\u00eds extranjero implica generalmente familiarizarse con un idioma diferente al materno. La pr\u00e1ctica Erasmus en Fontaner\u00eda es, por lo tanto, una excelente oportunidad para mejorar las habilidades ling\u00fc\u00edsticas, una ventaja innegable en el mercado laboral.<\/p>\n<h3>Desarrollo de una red profesional internacional<\/h3>\n<p>Al realizar una pr\u00e1ctica en el extranjero, los becarios tienen la oportunidad de conocer a profesionales del sector de la fontaner\u00eda provenientes de diferentes horizontes. Esto permite establecer v\u00ednculos y desarrollar una red profesional que puede ser \u00fatil a lo largo de toda su carrera.[\/vc_column_text][\/vc_column_inner][vc_column_inner width=\u00bb1\/12&#8243;][\/vc_column_inner][vc_column_inner width=\u00bb4\/12&#8243;][vc_single_image image=\u00bb18287&#8243; img_size=\u00bb400*400&#8243; alignment=\u00bbright\u00bb style=\u00bbvc_box_rounded\u00bb][vc_btn title=\u00bbVer M\u00e1s\u00bb style=\u00bbcustom\u00bb custom_background=\u00bb#e20000&#8243; custom_text=\u00bb#ffffff\u00bb align=\u00bbcenter\u00bb link=\u00bburl:https%3A%2F%2Fespamob.com%2Fes%2Fcontacto%2F|title:Contacto|target:_blank\u00bb][\/vc_column_inner][\/vc_row_inner][vc_custom_heading text=\u00bb\u00bfC\u00f3mo realizar con \u00e9xito tus pr\u00e1cticas Erasmus Fontaner\u00eda?\u00bb font_container=\u00bbtag:h3|text_align:left\u00bb use_theme_fonts=\u00bbyes\u00bb css=\u00bb.vc_custom_1705171383512{margin-top: 20px !important;}\u00bb][vc_separator][vc_row_inner][vc_column_inner width=\u00bb7\/12&#8243;][vc_column_text]Para aprovechar al m\u00e1ximo esta experiencia, s\u00e9 proactivo y bien preparado. Aqu\u00ed tienes algunos consejos \u00fatiles:<\/p>\n<ul>\n<li><strong>Informarse sobre la empresa anfitriona<\/strong>: Inf\u00f3rmate sobre sus actividades principales y sus proyectos.<\/li>\n<li><strong>Preparar tu salida:<\/strong> Aseg\u00farate de tener todos los documentos necesarios (pasaporte, visa, convenio de pr\u00e1cticas, etc.) y conoce los tr\u00e1mites que debes realizar antes de tu llegada al pa\u00eds anfitri\u00f3n.<\/li>\n<li><strong> Adaptarse a la cultura local<\/strong>: Cada pa\u00eds tiene su propia cultura y especificidades. Investiga sobre las costumbres locales y mant\u00e9n la mente abierta para descubrir nuevas formas de vida y trabajo.<\/li>\n<li><strong> Mostrar curiosidad y motivaci\u00f3n<\/strong>: No dudes en hacer preguntas para demostrar inter\u00e9s en tu profesi\u00f3n.<\/li>\n<\/ul>\n<p>En resumen, la<strong>\u00a0pr\u00e1ctica Erasmus en Fontaner\u00eda<\/strong>\u00a0ofrece una oportunidad \u00fanica para que estudiantes y profesionales del sector adquieran nuevas habilidades, descubran otras metodolog\u00edas de trabajo y construyan una red profesional internacional. Para tener \u00e9xito en esta experiencia enriquecedora, es crucial prepararse adecuadamente y mantener la curiosidad y la motivaci\u00f3n a lo largo de la pr\u00e1ctica.<\/p>\n<p><strong><u><br \/>\n<\/u><\/strong><strong><u>Focus sobre la experiencia de Edouard y Wiktor: <\/u><\/strong><\/p>\n<p>Estos estudiantes pasaron dos semanas en una empresa de fontaner\u00eda en Barcelona, donde llevaron a cabo diversas tareas como la instalaci\u00f3n de una bandeja de ducha, aire acondicionado, un calentador de agua y la configuraci\u00f3n de conexiones de agua. Esta experiencia les permiti\u00f3 descubrir nuevos procesos y aprender un nuevo idioma, al mismo tiempo que sal\u00edan de su zona de confort. En resumen, esta pasant\u00eda fue muy enriquecedora para estos j\u00f3venes.[\/vc_column_text][\/vc_column_inner][vc_column_inner width=\u00bb1\/12&#8243;][\/vc_column_inner][vc_column_inner width=\u00bb4\/12&#8243;][vc_raw_html]JTNDZGl2JTIwc3R5bGUlM0QlMjJwYWRkaW5nJTNBJTIwMzBweCUzQmJhY2tncm91bmQtY29sb3IlM0ElMjAlMjNGNEY0RjQlM0IlMjIlM0UlMEElMjAlMjAlMjAlMjAlM0NoNCUzRURlc2N1YnJhJTIwdG9kb3MlMjBsb3MlMjBzZWN0b3JlcyUyMGRlJTIwcHIlQzMlQTFjdGljYXMlM0MlMkZoNCUzRSUwQSUyMCUyMCUyMCUyMCUzQ3AlM0VFc3BhbW9iJTIwZXMlMjBlc3BlY2lhbGlzdGElMjBlbiUyMGxhJTIwYXNlc29yJUMzJUFEYSUyMGRlJTIwZ3J1cG9zJTIwZW4lMjBzdSUyMG1vdmlsaWRhZCUyMEVyYXNtdXMlMkIuJTIwRGVzY3VicmUlMjBlbiUyMHVub3MlMjBwb2NvcyUyMGNsaWNzJTIwdG9kb3MlMjBsb3MlMjBzZWN0b3JlcyUyMGRlJTIwcHIlQzMlQTFjdGljYXMlMjBFcmFzbXVzJTIwZW4lMjBFc3BhJUMzJUIxYS4lM0MlMkZwJTNFJTBBJTIwJTIwJTIwJTIwJTNDYSUyMGNsYXNzJTNEJTIydmNfZ2VuZXJhbCUyMHZjX2J0bjMlMjB2Y19idG4zLXNpemUtbWQlMjB2Y19idG4zLXNoYXBlLWRlZmF1bHQlMjB2Y19idG4zLXN0eWxlLWN1c3RvbSUyMHdwYl9jdXN0b21fNjY4N2IyNmYzOTQ4OGRkYmI4NWRkYjNjMWNlOGUxMTElMjBidG4lMjIlMjBzdHlsZSUzRCUyMmJhY2tncm91bmQtY29sb3IlM0ElMjNlMjAwMDAlM0IlMjBjb2xvciUzQSUyM2ZmZmZmZiUzQiUyMGJhY2tncm91bmQtY29sb3IlM0ElMjNlMjAwMDAlM0IlMjBjb2xvciUzQSUyM2ZmZmZmZiUzQiUyMiUyMGhyZWYlM0QlMjJodHRwcyUzQSUyRiUyRnd3dy5lc3BhbW9iLmNvbSUyRmVzJTJGc2VjdG9yZXMtcHJhY3RpY2FzLWVtcHJlc2FzLWVyYXNtdXNwbHVzJTJGJTIyJTIwdGl0bGUlM0QlMjJTZWN0b3JlcyUyMGRlJTIwcHIlQzMlQTFjdGljYXMlMjIlMjB0YXJnZXQlM0QlMjJfYmxhbmslMjIlM0VEZXNjdWJyaXIlMjBsb3MlMjBzZWN0b3JlcyUzQyUyRmElM0UlMEElM0MlMkZkaXYlM0U=[\/vc_raw_html][vc_custom_heading text=\u00bbDescubre las opiniones de los participantes en Erasmus + :\u00bb font_container=\u00bbtag:h3|text_align:left\u00bb use_theme_fonts=\u00bbyes\u00bb][vc_video link=\u00bbhttps:\/\/www.youtube.com\/watch?v=Xp8mBRc69BU\u00bb][\/vc_column_inner][\/vc_row_inner][\/vc_column][\/vc_row][vc_row full_width=\u00bbstretch_row\u00bb wrap_container=\u00bbyes\u00bb is_section=\u00bbyes\u00bb css=\u00bb.vc_custom_1705171553912{border-top-width: 0px !important;padding-top: 15px !important;padding-bottom: 15px !important;background-color: #f8f392 !important;}\u00bb conditional_render=\u00bb%5B%7B%22value_role%22%3A%22administrator%22%7D%5D\u00bb][vc_column][vc_row_inner css=\u00bb.vc_custom_1688548648248{background-color: #f8f392 !important;}\u00bb][vc_column_inner][vc_custom_heading text=\u00bbSolicite un presupuesto gratuito\u00bb font_container=\u00bbtag:h2|text_align:center\u00bb use_theme_fonts=\u00bbyes\u00bb][vc_column_text]<\/p>\n<p style=\"text-align: justify;\">\u00bfTienes una idea para un proyecto Erasmus+ en Espa\u00f1a y est\u00e1s buscando un referente de confianza que te apoye? \u00a1<strong>Espamob<\/strong>\u2019 est\u00e1 aqu\u00ed para ayudarte! Te ofrecemos un presupuesto gratuito y sin compromiso para ayudarte a gestionar tu proyecto de movilidad. Gracias a nuestra experiencia y nuestra red de empresas asociadas, podemos ofrecerle soporte personalizado para satisfacer sus necesidades espec\u00edficas. Cont\u00e1ctenos ahora para hablar de su proyecto y obtener su presupuesto gratuito.<\/p>\n<p>[\/vc_column_text]<div id=\"modal-trg-txt-wrap-6435\" class=\"ult-modal-input-wrapper ult-adjust-bottom-margin    \" data-keypress-control=\"keypress-control-enable\" data-overlay-control=\"overlay-control-enable\"><style>\n\t\t\t\t\t.btn-modal.btn-id-69e7bb30a48bc0-81218476:hover {\n\t\t\t\t\t\tbackground-color: #e20000 !important;\n\t\t\t\t\t}\n\t\t\t\t\t<\/style><button  data-ultimate-target='#modal-trg-txt-wrap-6435 .btn-modal'  data-responsive-json-new='{\"font-size\":\"\",\"line-height\":\"\"}'  style=\"background:#888888;border-color:#888888;color:#ffffff; \" data-class-id=\"content-69e7bb30a48bc0-81218476\" class=\"btn-modal ult-responsive btn-primary btn-modal-md overlay-show ult-align-center btn-id-69e7bb30a48bc0-81218476\" data-overlay-class=\"overlay-cornerbottomleft\">SOLICITAR PRESUPUESTO GRATUITO<\/button><\/div>\n<div class=\"ult-overlay content-69e7bb30a48bc0-81218476 \" data-class=\"content-69e7bb30a48bc0-81218476\" id=\"button-click-overlay\" style=\"background:rgba(51,51,51,0.8); display:none;\">\n\t<div class=\"ult_modal ult-fade ult-medium\">\n\t\t<div id=\"ult-modal-wrap-482\" class=\"ult_modal-content ult-hide\" style=\"border-style:solid;border-width:2px;border-radius:0px;border-color:#333333;\">\n\t\t\t<div class=\"ult_modal-header\" style=\"color:#333333;border-color:#333333;\">\n\t\t\t\t<h3  data-ultimate-target='#ult-modal-wrap-482 .ult_modal-title'  data-responsive-json-new='{\"font-size\":\"\",\"line-height\":\"\"}'  class=\"ult_modal-title ult-responsive\">SOLICITAR PRESUPUESTO GRATUITO<\/h3>\n\t\t\t<\/div>\n\t\t\t<div  data-ultimate-target='#ult-modal-wrap-482 .ult_modal-body'  data-responsive-json-new='{\"font-size\":\"\",\"line-height\":\"\"}'  class=\"ult_modal-body ult-responsive ult-html\" style=\"\">\n\t\t\t[caldera_form id=\u00bbCF6149c7d1c4417&#8243;]\n\t\t\t<\/div>\n\t<\/div>\n\t<\/div>\n\t<div class=\"ult-overlay-close top-right\" style=\"width:80px;height:80px; \"><div class=\"ult-overlay-close-inside\">Close<\/div><\/div>\n<\/div>[\/vc_column_inner][\/vc_row_inner][\/vc_column][\/vc_row][vc_row wrap_container=\u00bbyes\u00bb css=\u00bb.vc_custom_1689256499740{margin-top: 15px !important;}\u00bb conditional_render=\u00bb%5B%7B%22value_role%22%3A%22administrator%22%7D%5D\u00bb][vc_column][vc_custom_heading text=\u00bbPreguntas frecuentes\u00bb font_container=\u00bbtag:h2|text_align:center|color:%23000000&#8243; use_theme_fonts=\u00bbyes\u00bb][vc_separator][vc_row_inner][vc_column_inner width=\u00bb7\/12&#8243;][vc_column_text]<\/p>\n<h3>Cu\u00e1les son las ventajas de elegir a Espamob para realizar una pr\u00e1ctica Erasmus en fontaner\u00eda en Espa\u00f1a?<\/h3>\n<p>Al seleccionar a Espamob para llevar a cabo una pr\u00e1ctica Erasmus en fontaner\u00eda en Espa\u00f1a, disfrutas de numerosas ventajas:<\/p>\n<ul>\n<li>Acompa\u00f1amiento integral del proyecto de principio a fin.<\/li>\n<li>Asistencia en la b\u00fasqueda de financiamiento.<\/li>\n<li>Recepci\u00f3n personalizada en las universidades y empresas asociadas.<\/li>\n<li>Gesti\u00f3n de alojamientos en el lugar proporcionada y reservada por Espamob.<\/li>\n<li>Servicio de recogida de grupos en el aeropuerto.<\/li>\n<\/ul>\n<h3>\u00bfC\u00f3mo puede Espamob ayudarme a encontrar una pr\u00e1ctica en fontaner\u00eda en Espa\u00f1a como parte de un programa Erasmus?<\/h3>\n<p>Espamob cuenta con una red de colaboradores universitarios y empresas en Espa\u00f1a, lo que le permite ayudarte a encontrar una pr\u00e1ctica en fontaner\u00eda que se ajuste a tus expectativas en el marco de un programa Erasmus. La agencia har\u00e1 todo lo posible por ofrecerte oportunidades de pr\u00e1cticas que sean compatibles con tu perfil y objetivos.<\/p>\n<h3>\u00bfQu\u00e9 tipos de alojamientos ofrece Espamob para los participantes en una pr\u00e1ctica Erasmus en fontaner\u00eda en Espa\u00f1a?<\/h3>\n<p>Espamob brinda diversos tipos de alojamientos adaptados a los participantes en una pr\u00e1ctica Erasmus en fontaner\u00eda en Espa\u00f1a. Podr\u00e1s optar por alojamientos en residencias universitarias, apartamentos compartidos o en familias de acogida, seg\u00fan tus preferencias y tu presupuesto. La agencia se encarga de encontrar y reservar el alojamiento que mejor se ajuste a tus necesidades.[\/vc_column_text][\/vc_column_inner][vc_column_inner width=\u00bb1\/12&#8243;][\/vc_column_inner][vc_column_inner width=\u00bb4\/12&#8243;][vc_single_image image=\u00bb15074&#8243; img_size=\u00bbfull\u00bb][vc_column_text]<strong>Inf\u00f3rmate sobre los diferentes destinos Erasmus + en Espa\u00f1a :<\/strong><\/p>\n<ul>\n<li><a href=\"https:\/\/espamob.com\/es\/sectores-practicas-empresas-erasmusplus\/construccion\/practica-erasmus-alicatado\/\">Pr\u00e1cticas Erasmus Alicatado<\/a><\/li>\n<li><a href=\"https:\/\/espamob.com\/es\/sectores-practicas-empresas-erasmusplus\/construccion\/practica-erasmus-albanileria\/\">Pr\u00e1cticas Erasmus Alba\u00f1iler\u00eda<\/a><\/li>\n<li><a href=\"https:\/\/espamob.com\/es\/sectores-practicas-empresas-erasmusplus\/construccion\/practica-erasmus-electricidad\/\">Pr\u00e1cticas Erasmus Electricidad<\/a><\/li>\n<li><a href=\"https:\/\/espamob.com\/es\/sectores-practicas-empresas-erasmusplus\/construccion\/practica-erasmus-pintor-para-edificios\/\">Pr\u00e1cticas Erasmus Pintor para edificios<\/a><\/li>\n<li><a href=\"https:\/\/espamob.com\/es\/sectores-practicas-empresas-erasmusplus\/construccion\/practica-erasmus-carpinteria\/\">Pr\u00e1cticas Erasmus de Carpinter\u00eda<\/a><\/li>\n<li><a href=\"https:\/\/espamob.com\/es\/sectores-practicas-empresas-erasmusplus\/construccion\/practica-erasmus-ebanisteria\/\">Pr\u00e1cticas Erasmus de Ebanister\u00eda<\/a><\/li>\n<\/ul>\n<p>[\/vc_column_text][\/vc_column_inner][\/vc_row_inner][\/vc_column][\/vc_row]<\/p>\n<\/div>","protected":false},"excerpt":{"rendered":"<p>[vc_row css=\u00bb.vc_custom_1705069641058{margin-top: -20px !important;margin-bottom: 40px !important;background-image: url(https:\/\/espamob.com\/wp-content\/uploads\/2024\/01\/Fontaneria.webp?id=22567) !important;}\u00bb conditional_render=\u00bb%5B%7B%22value_role%22%3A%22administrator%22%7D%5D\u00bb][vc_column css=\u00bb.vc_custom_1687965657482{padding-top: 30px !important;}\u00bb conditional_render=\u00bb%5B%7B%22value_role%22%3A%22administrator%22%7D%5D\u00bb][vc_empty_space height=\u00bb170&#8243;][vc_custom_heading text=\u00bbPr\u00e1ctica Erasmus: Fontaner\u00eda\u00bb font_container=\u00bbtag:h1|font_size:27|text_align:center|color:%23ffffff\u00bb use_theme_fonts=\u00bbyes\u00bb css=\u00bb.vc_custom_1705170336003{margin-bottom: 15px !important;background-color: rgba(136,136,136,0.29) !important;*background-color: rgb(136,136,136) !important;}\u00bb animation_type=\u00bbzoomIn\u00bb][vc_empty_space height=\u00bb40&#8243;][\/vc_column][\/vc_row][vc_row wrap_container=\u00bbyes\u00bb text_align=\u00bbjustify\u00bb][vc_column text_align=\u00bbjustify\u00bb][vc_column_text] Home Sectores de pr\u00e1cticas Movilidad en el sector de la construcci\u00f3n Pr\u00e1ctica Erasmus : Fontaner\u00eda [\/vc_column_text][vc_custom_heading text=\u00bbPr\u00e1ctica Erasmus en fontaner\u00eda: una experiencia gratificante\u00bb use_theme_fonts=\u00bbyes\u00bb<\/p>\n","protected":false},"author":2,"featured_media":0,"parent":12396,"menu_order":0,"comment_status":"closed","ping_status":"closed","template":"","meta":{"footnotes":""},"class_list":["post-22577","page","type-page","status-publish","hentry"],"_links":{"self":[{"href":"https:\/\/espamob.com\/es\/wp-json\/wp\/v2\/pages\/22577","targetHints":{"allow":["GET"]}}],"collection":[{"href":"https:\/\/espamob.com\/es\/wp-json\/wp\/v2\/pages"}],"about":[{"href":"https:\/\/espamob.com\/es\/wp-json\/wp\/v2\/types\/page"}],"author":[{"embeddable":true,"href":"https:\/\/espamob.com\/es\/wp-json\/wp\/v2\/users\/2"}],"replies":[{"embeddable":true,"href":"https:\/\/espamob.com\/es\/wp-json\/wp\/v2\/comments?post=22577"}],"version-history":[{"count":0,"href":"https:\/\/espamob.com\/es\/wp-json\/wp\/v2\/pages\/22577\/revisions"}],"up":[{"embeddable":true,"href":"https:\/\/espamob.com\/es\/wp-json\/wp\/v2\/pages\/12396"}],"wp:attachment":[{"href":"https:\/\/espamob.com\/es\/wp-json\/wp\/v2\/media?parent=22577"}],"curies":[{"name":"wp","href":"https:\/\/api.w.org\/{rel}","templated":true}]}}