{"id":22509,"date":"2023-08-14T00:00:00","date_gmt":"2023-08-14T00:00:00","guid":{"rendered":"https:\/\/www.espamob.com\/sectores-practicas-empresas-erasmusplus\/construccion\/stage-erasmus-ebenisterie\/"},"modified":"2024-02-29T17:02:38","modified_gmt":"2024-02-29T17:02:38","slug":"practica-erasmus-ebanisteria","status":"publish","type":"page","link":"https:\/\/espamob.com\/es\/sectores-practicas-empresas-erasmusplus\/construccion\/practica-erasmus-ebanisteria\/","title":{"rendered":"Stage Erasmus : Eb\u00e9nisterie"},"content":{"rendered":"<div class=\"wpb-content-wrapper\"><p>[vc_row css=\u00bb.vc_custom_1704997840750{margin-top: -20px !important;margin-bottom: 40px !important;background-image: url(https:\/\/espamob.com\/wp-content\/uploads\/2024\/01\/Ebanisteria.webp?id=22479) !important;}\u00bb conditional_render=\u00bb%5B%7B%22value_role%22%3A%22administrator%22%7D%5D\u00bb][vc_column css=\u00bb.vc_custom_1687965657482{padding-top: 30px !important;}\u00bb conditional_render=\u00bb%5B%7B%22value_role%22%3A%22administrator%22%7D%5D\u00bb][vc_empty_space height=\u00bb170&#8243;][vc_custom_heading text=\u00bbPr\u00e1ctica Erasmus: Ebanister\u00eda\u00bb font_container=\u00bbtag:h1|font_size:27|text_align:center|color:%23ffffff\u00bb use_theme_fonts=\u00bbyes\u00bb css=\u00bb.vc_custom_1705169159787{margin-bottom: 15px !important;background-color: rgba(136,136,136,0.29) !important;*background-color: rgb(136,136,136) !important;}\u00bb animation_type=\u00bbzoomIn\u00bb][vc_empty_space height=\u00bb40&#8243;][\/vc_column][\/vc_row][vc_row wrap_container=\u00bbyes\u00bb text_align=\u00bbjustify\u00bb][vc_column text_align=\u00bbjustify\u00bb][vc_column_text]<\/p>\n<nav aria-label=\"breadcrumb\">\n<ol class=\"breadcrumb\">\n<li class=\"breadcrumb-item\"><a href=\"https:\/\/espamob.com\/es\">Home<\/a><\/li>\n<li class=\"breadcrumb-item\"><a href=\"https:\/\/espamob.com\/es\/sectores-practicas-empresas-erasmusplus\">Sectores de pr\u00e1cticas<\/a><\/li>\n<li class=\"breadcrumb-item active\" aria-current=\"page\"><a href=\"https:\/\/espamob.com\/es\/sectores-practicas-empresas-erasmusplus\/construccion\/\">Movilidad en el sector de la construcci\u00f3n<\/a><\/li>\n<li class=\"breadcrumb-item active\" aria-current=\"page\">Pr\u00e1ctica Erasmus : Ebanister\u00eda<\/li>\n<\/ol>\n<\/nav>\n<p>[\/vc_column_text][vc_custom_heading text=\u00bbPr\u00e1cticas Erasmus en carpinter\u00eda: desarrolla tus conocimientos de carpinter\u00eda en el extranjero\u00bb use_theme_fonts=\u00bbyes\u00bb css=\u00bb.vc_custom_1705169228633{margin-top: 20px !important;}\u00bb][vc_separator][vc_row_inner][vc_column_inner width=\u00bb7\/12&#8243;][vc_column_text]El programa <strong>Erasmus+<\/strong> es una excelente oportunidad para estudiantes de todo el mundo de vivir una experiencia \u00fanica y enriquecedora. Para aquellos que deseen especializarse en ebanister\u00eda, una pr\u00e1ctica Erasmus en ebanister\u00eda puede ser la clave para adquirir nuevas habilidades y profundizar en sus conocimientos en este campo. Este art\u00edculo presentar\u00e1 los diversos aspectos de esta emocionante aventura.<\/p>\n<h2>\u00bfPor qu\u00e9 elegir una pr\u00e1ctica Erasmus en ebanister\u00eda?<\/h2>\n<p>La elecci\u00f3n de una pr\u00e1ctica Erasmus en ebanister\u00eda ofrece varios beneficios:<\/p>\n<ul>\n<li><strong>Descubrir nuevas t\u00e9cnicas y m\u00e9todos de trabajo<\/strong>: cada pa\u00eds tiene sus propias tradiciones y m\u00e9todos en ebanister\u00eda. Participar en una pr\u00e1ctica Erasmus te permitir\u00e1 aprender nuevas t\u00e9cnicas e inspirarte en los maestros artesanos locales.<\/li>\n<li><strong>Ampliar tu red profesional:<\/strong> trabajar en el extranjero te brindar\u00e1 la oportunidad de conocer a muchos profesionales del sector, intercambiar ideas con ellos y establecer relaciones duraderas que pueden ser beneficiosas a lo largo de tu carrera.<\/li>\n<li><strong>Mejorar tus habilidades ling\u00fc\u00edsticas<\/strong>: adem\u00e1s de aprender t\u00e9rminos espec\u00edficos relacionados con la ebanister\u00eda, tambi\u00e9n practicar\u00e1s el idioma local, lo que ser\u00e1 una ventaja valiosa en el mercado laboral.<\/li>\n<li><strong>Disfrutar de una experiencia cultural \u00fanica<\/strong>: vivir y trabajar en otro pa\u00eds te permitir\u00e1 descubrir su cultura, tradiciones y estilo de vida. De esta manera, podr\u00e1s enriquecerte tanto a nivel personal como profesional.<\/li>\n<\/ul>\n<h2>\u00bfC\u00f3mo encontrar una pr\u00e1ctica Erasmus en ebanister\u00eda?<\/h2>\n<p>Para encontrar una pr\u00e1ctica Erasmus en ebanister\u00eda, aqu\u00ed tienes algunas etapas a seguir:<\/p>\n<ol>\n<li><strong>Consulta con tu instituci\u00f3n<\/strong>: tu escuela o universidad puede tener asociaciones con instituciones extranjeras que ofrecen pr\u00e1cticas en ebanister\u00eda. Tambi\u00e9n pueden ayudarte a preparar tu solicitud y dirigirte a las organizaciones pertinentes.<\/li>\n<li><strong>Revisa sitios web especializados<\/strong>: algunos sitios web recopilan ofertas de pr\u00e1cticas en el extranjero en diversos campos, incluida la ebanister\u00eda. No dudes en consultarlos regularmente y postularte a las ofertas que se ajusten a tu perfil.<\/li>\n<li><strong>Contacta a las empresas:<\/strong> si tienes en mente una empresa donde te gustar\u00eda realizar tu pr\u00e1ctica, no dudes en ponerte en contacto directamente con ellos para expresar tu inter\u00e9s y presentar tu candidatura.<\/li>\n<li><strong>Utiliza redes sociales profesionales:<\/strong> plataformas como LinkedIn pueden ser \u00fatiles para conectarte con profesionales del sector o encontrar ofertas de pr\u00e1cticas publicadas por empresas en el extranjero.<\/li>\n<\/ol>\n<p>[\/vc_column_text][\/vc_column_inner][vc_column_inner width=\u00bb1\/12&#8243;][\/vc_column_inner][vc_column_inner width=\u00bb4\/12&#8243;][vc_single_image image=\u00bb18192&#8243; img_size=\u00bb400*400&#8243; alignment=\u00bbright\u00bb style=\u00bbvc_box_rounded\u00bb][vc_btn title=\u00bbVer m\u00e1s\u00bb style=\u00bbcustom\u00bb custom_background=\u00bb#e20000&#8243; custom_text=\u00bb#ffffff\u00bb align=\u00bbcenter\u00bb link=\u00bburl:https%3A%2F%2Fespamob.com%2Fes%2Fcontacto%2F|title:Contacto|target:_blank\u00bb][\/vc_column_inner][\/vc_row_inner][vc_custom_heading text=\u00bbPrepara tu solicitud para unas pr\u00e1cticas Erasmus en ebanister\u00eda\u00bb font_container=\u00bbtag:h3|text_align:left\u00bb use_theme_fonts=\u00bbyes\u00bb css=\u00bb.vc_custom_1705169432741{margin-top: 20px !important;}\u00bb][vc_separator][vc_row_inner][vc_column_inner width=\u00bb7\/12&#8243;][vc_column_text]Para aumentar tus posibilidades durante la b\u00fasqueda de una pr\u00e1ctica Erasmus en ebanister\u00eda, es esencial preparar cuidadosamente tu expediente de solicitud. Aqu\u00ed tienes algunos consejos que te pueden ayudar:<\/p>\n<ul>\n<li><strong>Redacta un curr\u00edculum adaptado<\/strong>: resalta tus habilidades en ebanister\u00eda y tus experiencias laborales o extracurriculares relacionadas con este campo. No olvides adaptar tu curr\u00edculum al pa\u00eds al que est\u00e1s postulando (formato, idioma, etc.).<\/li>\n<li><strong>Cuida tu carta de motivaci\u00f3n:<\/strong> explica por qu\u00e9 deseas realizar una pr\u00e1ctica Erasmus en ebanister\u00eda, cu\u00e1les son tus objetivos profesionales y c\u00f3mo crees que esta experiencia puede ayudarte a alcanzarlos. Aseg\u00farate tambi\u00e9n de personalizar tu carta seg\u00fan la empresa a la que est\u00e1s postulando.<\/li>\n<li><strong>Presenta un portafolio<\/strong>: si es posible, muestra un portafolio de tus logros en ebanister\u00eda para demostrar tus habilidades concretas y tu experiencia. Puede ser en forma de fotos, videos o incluso planes de proyectos en los que hayas trabajado.<\/li>\n<li><strong>Proporciona referencias<\/strong>: si ya has realizado pr\u00e1cticas o trabajado en el sector, no dudes en proporcionar referencias que puedan dar testimonio de tu seriedad y tus habilidades en ebanister\u00eda.<\/li>\n<\/ul>\n<h2>Aprovechar al m\u00e1ximo tu pr\u00e1ctica Erasmus en ebanister\u00eda<\/h2>\n<p>Una vez que hayas asegurado tu pr\u00e1ctica Erasmus en ebanister\u00eda, es importante aprovechar al m\u00e1ximo esta experiencia. Aqu\u00ed tienes algunos consejos para sacar el m\u00e1ximo provecho de tu estancia en el extranjero:<\/p>\n<ul>\n<li><strong>Ad\u00e1ptate r\u00e1pidamente<\/strong>: desde tu llegada, trata de familiarizarte con los m\u00e9todos de trabajo locales y aprende r\u00e1pidamente las t\u00e9cnicas espec\u00edficas del pa\u00eds en el que te encuentras.<\/li>\n<li><strong>Comparte tus conocimientos<\/strong>: no dudes en compartir tus propias t\u00e9cnicas y habilidades con tus colegas extranjeros para intercambiar y enriquecer mutuamente tus habilidades.<\/li>\n<li><strong>No temas hacer preguntas<\/strong>: si no entiendes algunas cosas o necesitas ayuda, no dudes en preguntar a tus colegas o a tu maestro de pr\u00e1cticas. Por lo general, estar\u00e1n encantados de ayudarte y compartir sus conocimientos contigo.<\/li>\n<li><strong>Invol\u00facrate en la vida local<\/strong>: participa en eventos culturales, talleres o formaciones ofrecidas por tu empresa o tu ciudad de acogida. Esto te permitir\u00e1 comprender mejor la cultura local y establecer v\u00ednculos con los habitantes.<\/li>\n<li><strong>Mant\u00e9n el contacto<\/strong>: manten relaciones profesionales y amistosas que hayas establecido durante tu pr\u00e1ctica. Nunca sabes cu\u00e1ndo estos contactos podr\u00edan ser \u00fatiles en el futuro.<\/li>\n<\/ul>\n<p>Siguiendo estos consejos, tu <strong>pr\u00e1ctica Erasmus en ebanister\u00eda<\/strong> ser\u00e1 una experiencia enriquecedora e inolvidable que te permitir\u00e1 desarrollar tus habilidades en ebanister\u00eda mientras descubres una nueva cultura. \u00a1No dudes m\u00e1s y sum\u00e9rgete en esta aventura \u00fanica![\/vc_column_text][\/vc_column_inner][vc_column_inner width=\u00bb1\/12&#8243;][\/vc_column_inner][vc_column_inner width=\u00bb4\/12&#8243;][vc_raw_html]JTNDZGl2JTIwc3R5bGUlM0QlMjJwYWRkaW5nJTNBJTIwMzBweCUzQmJhY2tncm91bmQtY29sb3IlM0ElMjAlMjNGNEY0RjQlM0IlMjIlM0UlMEElMjAlMjAlMjAlMjAlM0NoNCUzRURlc2N1YnJhJTIwdG9kb3MlMjBsb3MlMjBzZWN0b3JlcyUyMGRlJTIwcHIlQzMlQTFjdGljYXMlM0MlMkZoNCUzRSUwQSUyMCUyMCUyMCUyMCUzQ3AlM0VFc3BhbW9iJTIwZXMlMjBlc3BlY2lhbGlzdGElMjBlbiUyMGxhJTIwYXNlc29yJUMzJUFEYSUyMGRlJTIwZ3J1cG9zJTIwZW4lMjBzdSUyMG1vdmlsaWRhZCUyMEVyYXNtdXMlMkIuJTIwRGVzY3VicmUlMjBlbiUyMHVub3MlMjBwb2NvcyUyMGNsaWNzJTIwdG9kb3MlMjBsb3MlMjBzZWN0b3JlcyUyMGRlJTIwcHIlQzMlQTFjdGljYXMlMjBFcmFzbXVzJTIwZW4lMjBFc3BhJUMzJUIxYS4lM0MlMkZwJTNFJTBBJTIwJTIwJTIwJTIwJTNDYSUyMGNsYXNzJTNEJTIydmNfZ2VuZXJhbCUyMHZjX2J0bjMlMjB2Y19idG4zLXNpemUtbWQlMjB2Y19idG4zLXNoYXBlLWRlZmF1bHQlMjB2Y19idG4zLXN0eWxlLWN1c3RvbSUyMHdwYl9jdXN0b21fNjY4N2IyNmYzOTQ4OGRkYmI4NWRkYjNjMWNlOGUxMTElMjBidG4lMjIlMjBzdHlsZSUzRCUyMmJhY2tncm91bmQtY29sb3IlM0ElMjNlMjAwMDAlM0IlMjBjb2xvciUzQSUyM2ZmZmZmZiUzQiUyMGJhY2tncm91bmQtY29sb3IlM0ElMjNlMjAwMDAlM0IlMjBjb2xvciUzQSUyM2ZmZmZmZiUzQiUyMiUyMGhyZWYlM0QlMjJodHRwcyUzQSUyRiUyRnd3dy5lc3BhbW9iLmNvbSUyRmVzJTJGc2VjdG9yZXMtcHJhY3RpY2FzLWVtcHJlc2FzLWVyYXNtdXNwbHVzJTJGJTIyJTIwdGl0bGUlM0QlMjJTZWN0b3JlcyUyMGRlJTIwcHIlQzMlQTFjdGljYXMlMjIlMjB0YXJnZXQlM0QlMjJfYmxhbmslMjIlM0VEZXNjdWJyaXIlMjBsb3MlMjBzZWN0b3JlcyUzQyUyRmElM0UlMEElM0MlMkZkaXYlM0U=[\/vc_raw_html][\/vc_column_inner][\/vc_row_inner][\/vc_column][\/vc_row][vc_row full_width=\u00bbstretch_row\u00bb wrap_container=\u00bbyes\u00bb is_section=\u00bbyes\u00bb css=\u00bb.vc_custom_1705169590596{border-top-width: 0px !important;padding-top: 15px !important;padding-bottom: 15px !important;background-color: #f8f392 !important;}\u00bb conditional_render=\u00bb%5B%7B%22value_role%22%3A%22administrator%22%7D%5D\u00bb][vc_column][vc_row_inner css=\u00bb.vc_custom_1688548648248{background-color: #f8f392 !important;}\u00bb][vc_column_inner][vc_custom_heading text=\u00bbSolicite un presupuesto gratuito\u00bb font_container=\u00bbtag:h2|text_align:center\u00bb use_theme_fonts=\u00bbyes\u00bb][vc_column_text]<\/p>\n<div class=\"wpb_text_column wpb_content_element \">\n<div class=\"wpb_wrapper\">\n<p>\u00bfTienes una idea para un proyecto Erasmus+ en Espa\u00f1a y est\u00e1s buscando un referente de confianza que te apoye? \u00a1<strong>Espamob<\/strong>\u2019 est\u00e1 aqu\u00ed para ayudarte! Te ofrecemos un presupuesto gratuito y sin compromiso para ayudarte a gestionar tu proyecto de movilidad. Gracias a nuestra experiencia y nuestra red de empresas asociadas, podemos ofrecerle soporte personalizado para satisfacer sus necesidades espec\u00edficas. Cont\u00e1ctenos ahora para hablar de su proyecto y obtener su presupuesto gratuito.<\/p>\n<\/div>\n<\/div>\n<p>[\/vc_column_text]<div id=\"modal-trg-txt-wrap-3818\" class=\"ult-modal-input-wrapper ult-adjust-bottom-margin    \" data-keypress-control=\"keypress-control-enable\" data-overlay-control=\"overlay-control-enable\"><style>\n\t\t\t\t\t.btn-modal.btn-id-69e7a6765a7307-76719836:hover {\n\t\t\t\t\t\tbackground-color: #e20000 !important;\n\t\t\t\t\t}\n\t\t\t\t\t<\/style><button  data-ultimate-target='#modal-trg-txt-wrap-3818 .btn-modal'  data-responsive-json-new='{\"font-size\":\"\",\"line-height\":\"\"}'  style=\"background:#888888;border-color:#888888;color:#ffffff; \" data-class-id=\"content-69e7a6765a7307-76719836\" class=\"btn-modal ult-responsive btn-primary btn-modal-md overlay-show ult-align-center btn-id-69e7a6765a7307-76719836\" data-overlay-class=\"overlay-cornerbottomleft\">SOLICITAR PRESUPUESTO GRATUITO<\/button><\/div>\n<div class=\"ult-overlay content-69e7a6765a7307-76719836 \" data-class=\"content-69e7a6765a7307-76719836\" id=\"button-click-overlay\" style=\"background:rgba(51,51,51,0.8); display:none;\">\n\t<div class=\"ult_modal ult-fade ult-medium\">\n\t\t<div id=\"ult-modal-wrap-5110\" class=\"ult_modal-content ult-hide\" style=\"border-style:solid;border-width:2px;border-radius:0px;border-color:#333333;\">\n\t\t\t<div class=\"ult_modal-header\" style=\"color:#333333;border-color:#333333;\">\n\t\t\t\t<h3  data-ultimate-target='#ult-modal-wrap-5110 .ult_modal-title'  data-responsive-json-new='{\"font-size\":\"\",\"line-height\":\"\"}'  class=\"ult_modal-title ult-responsive\">SOLICITAR PRESUPUESTO GRATUITO<\/h3>\n\t\t\t<\/div>\n\t\t\t<div  data-ultimate-target='#ult-modal-wrap-5110 .ult_modal-body'  data-responsive-json-new='{\"font-size\":\"\",\"line-height\":\"\"}'  class=\"ult_modal-body ult-responsive ult-html\" style=\"\">\n\t\t\t<\/p>\n<p>[caldera_form id=\u00bbCF6149c7d1c4417&#8243;]<\/p>\n<p>\n\t\t\t<\/div>\n\t<\/div>\n\t<\/div>\n\t<div class=\"ult-overlay-close top-right\" style=\"width:80px;height:80px; \"><div class=\"ult-overlay-close-inside\">Close<\/div><\/div>\n<\/div>[\/vc_column_inner][\/vc_row_inner][\/vc_column][\/vc_row][vc_row wrap_container=\u00bbyes\u00bb css=\u00bb.vc_custom_1689256499740{margin-top: 15px !important;}\u00bb conditional_render=\u00bb%5B%7B%22value_role%22%3A%22administrator%22%7D%5D\u00bb][vc_column][vc_custom_heading text=\u00bbPreguntas frecuentes\u00bb font_container=\u00bbtag:h2|text_align:center|color:%23000000&#8243; use_theme_fonts=\u00bbyes\u00bb][vc_separator][vc_row_inner][vc_column_inner width=\u00bb7\/12&#8243;][vc_column_text]<\/p>\n<h3>Cu\u00e1les son las ventajas de elegir a Espamob para una pr\u00e1ctica Erasmus en Ebanister\u00eda?<\/h3>\n<p>Elegir a Espamob para una pr\u00e1ctica Erasmus en Ebanister\u00eda ofrece numerosas ventajas. En primer lugar, Espamob posee experiencia en este campo espec\u00edfico, lo que significa que tienen s\u00f3lidas alianzas con empresas y universidades especializadas en ebanister\u00eda en Espa\u00f1a. Esto asegura a los participantes un entorno propicio para el aprendizaje y el desarrollo de sus habilidades en este \u00e1mbito. Adem\u00e1s, Espamob se encarga de todos los aspectos log\u00edsticos, como la b\u00fasqueda de financiamiento, la gesti\u00f3n de alojamientos y la recepci\u00f3n en el aeropuerto, permitiendo a los participantes centrarse plenamente en su pr\u00e1ctica.<\/p>\n<h3>C\u00f3mo Espamob acompa\u00f1a a los grupos en la creaci\u00f3n de su proyecto de pr\u00e1ctica Erasmus en Ebanister\u00eda?<\/h3>\n<p>Espamob acompa\u00f1a a los grupos en la creaci\u00f3n de su proyecto de pr\u00e1ctica Erasmus en Ebanister\u00eda proporcionando consejos y recursos valiosos. Ayudan a los participantes a definir sus objetivos y a formular su proyecto de manera clara y coherente. Adem\u00e1s, Espamob pone a disposici\u00f3n herramientas y plantillas de documentos para facilitar la creaci\u00f3n del proyecto. Tambi\u00e9n est\u00e1n disponibles para responder preguntas y brindar apoyo durante todo el proceso de creaci\u00f3n del proyecto.<\/p>\n<h3>Ofrece Espamob pr\u00e1cticas en Ebanister\u00eda en empresas asociadas en Espa\u00f1a?<\/h3>\n<p>S\u00ed, Espamob ofrece pr\u00e1cticas en Ebanister\u00eda en empresas asociadas en Espa\u00f1a. Gracias a su red de colaboradores, tienen la capacidad de encontrar oportunidades de pr\u00e1cticas en empresas especializadas en ebanister\u00eda. Estas pr\u00e1cticas permiten a los participantes adquirir experiencia pr\u00e1ctica y poner en pr\u00e1ctica las habilidades adquiridas durante su formaci\u00f3n. Espamob se asegura de que las pr\u00e1cticas se adapten a las necesidades e intereses de los participantes, con el fin de maximizar su experiencia y aprendizaje.[\/vc_column_text][\/vc_column_inner][vc_column_inner width=\u00bb1\/12&#8243;][\/vc_column_inner][vc_column_inner width=\u00bb4\/12&#8243;][vc_single_image image=\u00bb15074&#8243; img_size=\u00bbfull\u00bb][vc_column_text]<strong>Inf\u00f3rmate sobre los diferentes destinos Erasmus + en Espa\u00f1a :<\/strong><\/p>\n<ul>\n<li><a href=\"https:\/\/espamob.com\/es\/sectores-practicas-empresas-erasmusplus\/construccion\/practica-erasmus-alicatado\/\">Pr\u00e1cticas Erasmus Alicatado<\/a><\/li>\n<li><a href=\"https:\/\/espamob.com\/es\/sectores-practicas-empresas-erasmusplus\/construccion\/practica-erasmus-albanileria\/\">Pr\u00e1cticas Erasmus Alba\u00f1iler\u00eda<\/a><\/li>\n<li><a href=\"https:\/\/espamob.com\/es\/sectores-practicas-empresas-erasmusplus\/construccion\/practica-erasmus-electricidad\/\">Pr\u00e1cticas Erasmus Electricidad<\/a><\/li>\n<li><a href=\"https:\/\/espamob.com\/es\/sectores-practicas-empresas-erasmusplus\/construccion\/practica-erasmus-pintor-para-edificios\/\">Pr\u00e1cticas Erasmus Pintor para edificios<\/a><\/li>\n<li><a href=\"https:\/\/espamob.com\/es\/sectores-practicas-empresas-erasmusplus\/construccion\/practica-erasmus-carpinteria\/\">Pr\u00e1cticas Erasmus de Carpinter\u00eda<\/a><\/li>\n<li><a href=\"https:\/\/espamob.com\/es\/sectores-practicas-empresas-erasmusplus\/construccion\/practica-erasmus-fontaneria\/\">Pr\u00e1cticas Erasmus\u00a0de Fontaner\u00eda<\/a><\/li>\n<\/ul>\n<p>[\/vc_column_text][\/vc_column_inner][\/vc_row_inner][\/vc_column][\/vc_row]<\/p>\n<\/div>","protected":false},"excerpt":{"rendered":"<p>[vc_row css=\u00bb.vc_custom_1704997840750{margin-top: -20px !important;margin-bottom: 40px !important;background-image: url(https:\/\/espamob.com\/wp-content\/uploads\/2024\/01\/Ebanisteria.webp?id=22479) !important;}\u00bb conditional_render=\u00bb%5B%7B%22value_role%22%3A%22administrator%22%7D%5D\u00bb][vc_column css=\u00bb.vc_custom_1687965657482{padding-top: 30px !important;}\u00bb conditional_render=\u00bb%5B%7B%22value_role%22%3A%22administrator%22%7D%5D\u00bb][vc_empty_space height=\u00bb170&#8243;][vc_custom_heading text=\u00bbPr\u00e1ctica Erasmus: Ebanister\u00eda\u00bb font_container=\u00bbtag:h1|font_size:27|text_align:center|color:%23ffffff\u00bb use_theme_fonts=\u00bbyes\u00bb css=\u00bb.vc_custom_1705169159787{margin-bottom: 15px !important;background-color: rgba(136,136,136,0.29) !important;*background-color: rgb(136,136,136) !important;}\u00bb animation_type=\u00bbzoomIn\u00bb][vc_empty_space height=\u00bb40&#8243;][\/vc_column][\/vc_row][vc_row wrap_container=\u00bbyes\u00bb text_align=\u00bbjustify\u00bb][vc_column text_align=\u00bbjustify\u00bb][vc_column_text] Home Sectores de pr\u00e1cticas Movilidad en el sector de la construcci\u00f3n Pr\u00e1ctica Erasmus : Ebanister\u00eda [\/vc_column_text][vc_custom_heading text=\u00bbPr\u00e1cticas Erasmus en carpinter\u00eda: desarrolla tus conocimientos de<\/p>\n","protected":false},"author":2,"featured_media":0,"parent":12396,"menu_order":0,"comment_status":"closed","ping_status":"closed","template":"","meta":{"footnotes":""},"class_list":["post-22509","page","type-page","status-publish","hentry"],"_links":{"self":[{"href":"https:\/\/espamob.com\/es\/wp-json\/wp\/v2\/pages\/22509","targetHints":{"allow":["GET"]}}],"collection":[{"href":"https:\/\/espamob.com\/es\/wp-json\/wp\/v2\/pages"}],"about":[{"href":"https:\/\/espamob.com\/es\/wp-json\/wp\/v2\/types\/page"}],"author":[{"embeddable":true,"href":"https:\/\/espamob.com\/es\/wp-json\/wp\/v2\/users\/2"}],"replies":[{"embeddable":true,"href":"https:\/\/espamob.com\/es\/wp-json\/wp\/v2\/comments?post=22509"}],"version-history":[{"count":0,"href":"https:\/\/espamob.com\/es\/wp-json\/wp\/v2\/pages\/22509\/revisions"}],"up":[{"embeddable":true,"href":"https:\/\/espamob.com\/es\/wp-json\/wp\/v2\/pages\/12396"}],"wp:attachment":[{"href":"https:\/\/espamob.com\/es\/wp-json\/wp\/v2\/media?parent=22509"}],"curies":[{"name":"wp","href":"https:\/\/api.w.org\/{rel}","templated":true}]}}